{"id":6774,"date":"2021-03-21T10:54:31","date_gmt":"2021-03-21T09:54:31","guid":{"rendered":"https:\/\/koningdrone.nl\/kon\/product\/dji-fpv-autolader\/"},"modified":"2026-04-29T09:10:34","modified_gmt":"2026-04-29T07:10:34","slug":"dji-fpv-autolader","status":"publish","type":"product","link":"https:\/\/koningdrone.be\/de\/produkt\/dji-fpv-autolader\/","title":{"rendered":"DJI FPV Auto-Ladeger\u00e4t"},"content":{"rendered":"<p><strong>Bequemes Aufladen unterwegs<\/strong><\/p>\n<p> Das DJI FPV Car Charger wurde entwickelt, um eine bequeme und effiziente Ladel\u00f6sung f\u00fcr Ihre DJI FPV Intelligent Flight Battery zu bieten, mit der Sie sie \u00fcber die Steckdose Ihres Autos aufladen k\u00f6nnen. Diese Funktion ist besonders n\u00fctzlich f\u00fcr Drohnen-Enthusiasten, die st\u00e4ndig unterwegs sind und ihre Batterien f\u00fcr den n\u00e4chsten Flug aufladen m\u00fcssen.<\/p>\n<p><strong>Eingebaute Sicherheitsfunktionen<\/strong><\/p>\n<p> Um ein H\u00f6chstma\u00df an Sicherheit zu gew\u00e4hrleisten, ist das DJI FPV Autoladeger\u00e4t mit einem eingebauten Schutzmechanismus gegen \u00dcberhitzung ausgestattet. Dieses wichtige Sicherheitsmerkmal wurde entwickelt, um die Temperatur der Fahrzeugsteckdose w\u00e4hrend des Ladevorgangs zu \u00fcberwachen. Sollte der Anschluss zu hei\u00df werden, unterbricht das Ladeger\u00e4t automatisch den Ladevorgang und verhindert so m\u00f6gliche Sch\u00e4den am Akku und am Ladeger\u00e4t.<\/p>\n<p><\/p>","protected":false},"excerpt":{"rendered":"<ul>\n<li>L\u00e4dt den DJI FPV Intelligent Flight Akku.<\/li>\n<li> Nutzt die Steckdose des Autos zum Aufladen.<\/li>\n<li> \u00dcberhitzungsschutz mit automatischer Abschaltung.<\/li>\n<\/ul>","protected":false},"featured_media":6773,"template":"","meta":{"_acf_changed":false},"product_brand":[],"product_cat":[111,97,719],"product_tag":[],"class_list":{"0":"post-6774","1":"product","2":"type-product","3":"status-publish","4":"has-post-thumbnail","6":"product_cat-alle-opladers","7":"product_cat-alle-producten","8":"product_cat-dji-fpv","9":"product_shipping_class-outofstock","10":"pa_brand-dji","11":"pa_productfamily-autolader","12":"pa_producttype-autolader","13":"pa_series-fpv","15":"first","16":"outofstock","17":"taxable","18":"shipping-taxable","19":"product-type-simple"},"acf":[],"yoast_head":"<!-- This site is optimized with the Yoast SEO Premium plugin v27.2 (Yoast SEO v27.2) - https:\/\/yoast.com\/product\/yoast-seo-premium-wordpress\/ -->\n<title>DJI FPV Car Charger - koningdrone.be<\/title>\n<meta name=\"robots\" content=\"index, follow, max-snippet:-1, max-image-preview:large, max-video-preview:-1\" \/>\n<link rel=\"canonical\" href=\"https:\/\/koningdrone.be\/de\/produkt\/dji-fpv-autolader\/\" \/>\n<meta property=\"og:locale\" content=\"de_DE\" \/>\n<meta property=\"og:type\" content=\"article\" \/>\n<meta property=\"og:title\" content=\"DJI FPV Car Charger\" \/>\n<meta property=\"og:description\" content=\"Laadt DJI FPV Intelligent Flight Battery op. Maakt gebruik van het stopcontact van de auto om op te laden. Oververhittingsbeveiliging met automatische uitschakeling.\" \/>\n<meta property=\"og:url\" content=\"https:\/\/koningdrone.be\/de\/produkt\/dji-fpv-autolader\/\" \/>\n<meta property=\"og:site_name\" content=\"koningdrone.be\" \/>\n<meta property=\"article:modified_time\" content=\"2026-04-29T07:10:34+00:00\" \/>\n<meta property=\"og:image\" content=\"https:\/\/koningdrone.be\/wp-content\/uploads\/sites\/13\/2025\/04\/39ff7e8510082410b59bb102ccb73faf@large.jpg\" \/>\n\t<meta property=\"og:image:width\" content=\"1200\" \/>\n\t<meta property=\"og:image:height\" content=\"800\" \/>\n\t<meta property=\"og:image:type\" content=\"image\/jpeg\" \/>\n<meta name=\"twitter:card\" content=\"summary_large_image\" \/>\n<meta name=\"twitter:label1\" content=\"Gesch\u00e4tzte Lesezeit\" \/>\n\t<meta name=\"twitter:data1\" content=\"1\u00a0Minute\" \/>\n<script type=\"application\/ld+json\" class=\"yoast-schema-graph\">{\"@context\":\"https:\/\/schema.org\",\"@graph\":[{\"@type\":\"WebPage\",\"@id\":\"https:\/\/koningdrone.be\/product\/dji-fpv-autolader\/\",\"url\":\"https:\/\/koningdrone.be\/product\/dji-fpv-autolader\/\",\"name\":\"DJI FPV Car Charger - koningdrone.be\",\"isPartOf\":{\"@id\":\"https:\/\/koningdrone.be\/#website\"},\"primaryImageOfPage\":{\"@id\":\"https:\/\/koningdrone.be\/product\/dji-fpv-autolader\/#primaryimage\"},\"image\":{\"@id\":\"https:\/\/koningdrone.be\/product\/dji-fpv-autolader\/#primaryimage\"},\"thumbnailUrl\":\"https:\/\/koningdrone.be\/wp-content\/uploads\/sites\/13\/2025\/04\/39ff7e8510082410b59bb102ccb73faf@large.jpg\",\"datePublished\":\"2021-03-21T09:54:31+00:00\",\"dateModified\":\"2026-04-29T07:10:34+00:00\",\"breadcrumb\":{\"@id\":\"https:\/\/koningdrone.be\/product\/dji-fpv-autolader\/#breadcrumb\"},\"inLanguage\":\"de\",\"potentialAction\":[{\"@type\":\"ReadAction\",\"target\":[\"https:\/\/koningdrone.be\/product\/dji-fpv-autolader\/\"]}]},{\"@type\":\"ImageObject\",\"inLanguage\":\"de\",\"@id\":\"https:\/\/koningdrone.be\/product\/dji-fpv-autolader\/#primaryimage\",\"url\":\"https:\/\/koningdrone.be\/wp-content\/uploads\/sites\/13\/2025\/04\/39ff7e8510082410b59bb102ccb73faf@large.jpg\",\"contentUrl\":\"https:\/\/koningdrone.be\/wp-content\/uploads\/sites\/13\/2025\/04\/39ff7e8510082410b59bb102ccb73faf@large.jpg\",\"width\":1200,\"height\":800},{\"@type\":\"BreadcrumbList\",\"@id\":\"https:\/\/koningdrone.be\/product\/dji-fpv-autolader\/#breadcrumb\",\"itemListElement\":[{\"@type\":\"ListItem\",\"position\":1,\"name\":\"Home\",\"item\":\"https:\/\/koningdrone.be\/\"},{\"@type\":\"ListItem\",\"position\":2,\"name\":\"AVSS Parachute Recovery System for DJI Matrice 300\/350\",\"item\":\"https:\/\/koningdrone.be\/product\/avss-parachute-recovery-system-for-dji-matrice-300-350\/\"},{\"@type\":\"ListItem\",\"position\":3,\"name\":\"Alle opladers\",\"item\":\"https:\/\/koningdrone.be\/categorie\/alle-opladers\/\"},{\"@type\":\"ListItem\",\"position\":4,\"name\":\"DJI FPV Car Charger\"}]},{\"@type\":\"WebSite\",\"@id\":\"https:\/\/koningdrone.be\/#website\",\"url\":\"https:\/\/koningdrone.be\/\",\"name\":\"Koningdrone.be - Uw online specialist in drones, gimbals, camera's en power stations.\",\"description\":\"De webshop in drones en gimbals\",\"publisher\":{\"@id\":\"https:\/\/koningdrone.be\/#organization\"},\"potentialAction\":[{\"@type\":\"SearchAction\",\"target\":{\"@type\":\"EntryPoint\",\"urlTemplate\":\"https:\/\/koningdrone.be\/?s={search_term_string}\"},\"query-input\":{\"@type\":\"PropertyValueSpecification\",\"valueRequired\":true,\"valueName\":\"search_term_string\"}}],\"inLanguage\":\"de\"},{\"@type\":\"Organization\",\"@id\":\"https:\/\/koningdrone.be\/#organization\",\"name\":\"Koningdrone.be\",\"url\":\"https:\/\/koningdrone.be\/\",\"logo\":{\"@type\":\"ImageObject\",\"inLanguage\":\"de\",\"@id\":\"https:\/\/koningdrone.be\/#\/schema\/logo\/image\/\",\"url\":\"https:\/\/koningdrone.be\/wp-content\/uploads\/sites\/13\/2025\/04\/koningdrone-copyright-logo.svg\",\"contentUrl\":\"https:\/\/koningdrone.be\/wp-content\/uploads\/sites\/13\/2025\/04\/koningdrone-copyright-logo.svg\",\"width\":227,\"height\":38,\"caption\":\"Koningdrone.be\"},\"image\":{\"@id\":\"https:\/\/koningdrone.be\/#\/schema\/logo\/image\/\"}}]}<\/script>\n<!-- \/ Yoast SEO Premium plugin. -->","yoast_head_json":{"title":"DJI FPV Car Charger - koningdrone.be","robots":{"index":"index","follow":"follow","max-snippet":"max-snippet:-1","max-image-preview":"max-image-preview:large","max-video-preview":"max-video-preview:-1"},"canonical":"https:\/\/koningdrone.be\/de\/produkt\/dji-fpv-autolader\/","og_locale":"de_DE","og_type":"article","og_title":"DJI FPV Car Charger","og_description":"Laadt DJI FPV Intelligent Flight Battery op. Maakt gebruik van het stopcontact van de auto om op te laden. Oververhittingsbeveiliging met automatische uitschakeling.","og_url":"https:\/\/koningdrone.be\/de\/produkt\/dji-fpv-autolader\/","og_site_name":"koningdrone.be","article_modified_time":"2026-04-29T07:10:34+00:00","og_image":[{"width":1200,"height":800,"url":"https:\/\/koningdrone.be\/wp-content\/uploads\/sites\/13\/2025\/04\/39ff7e8510082410b59bb102ccb73faf@large.jpg","type":"image\/jpeg"}],"twitter_card":"summary_large_image","twitter_misc":{"Gesch\u00e4tzte Lesezeit":"1\u00a0Minute"},"schema":{"@context":"https:\/\/schema.org","@graph":[{"@type":"WebPage","@id":"https:\/\/koningdrone.be\/product\/dji-fpv-autolader\/","url":"https:\/\/koningdrone.be\/product\/dji-fpv-autolader\/","name":"DJI FPV Car Charger - koningdrone.be","isPartOf":{"@id":"https:\/\/koningdrone.be\/#website"},"primaryImageOfPage":{"@id":"https:\/\/koningdrone.be\/product\/dji-fpv-autolader\/#primaryimage"},"image":{"@id":"https:\/\/koningdrone.be\/product\/dji-fpv-autolader\/#primaryimage"},"thumbnailUrl":"https:\/\/koningdrone.be\/wp-content\/uploads\/sites\/13\/2025\/04\/39ff7e8510082410b59bb102ccb73faf@large.jpg","datePublished":"2021-03-21T09:54:31+00:00","dateModified":"2026-04-29T07:10:34+00:00","breadcrumb":{"@id":"https:\/\/koningdrone.be\/product\/dji-fpv-autolader\/#breadcrumb"},"inLanguage":"de","potentialAction":[{"@type":"ReadAction","target":["https:\/\/koningdrone.be\/product\/dji-fpv-autolader\/"]}]},{"@type":"ImageObject","inLanguage":"de","@id":"https:\/\/koningdrone.be\/product\/dji-fpv-autolader\/#primaryimage","url":"https:\/\/koningdrone.be\/wp-content\/uploads\/sites\/13\/2025\/04\/39ff7e8510082410b59bb102ccb73faf@large.jpg","contentUrl":"https:\/\/koningdrone.be\/wp-content\/uploads\/sites\/13\/2025\/04\/39ff7e8510082410b59bb102ccb73faf@large.jpg","width":1200,"height":800},{"@type":"BreadcrumbList","@id":"https:\/\/koningdrone.be\/product\/dji-fpv-autolader\/#breadcrumb","itemListElement":[{"@type":"ListItem","position":1,"name":"Home","item":"https:\/\/koningdrone.be\/"},{"@type":"ListItem","position":2,"name":"AVSS Parachute Recovery System for DJI Matrice 300\/350","item":"https:\/\/koningdrone.be\/product\/avss-parachute-recovery-system-for-dji-matrice-300-350\/"},{"@type":"ListItem","position":3,"name":"Alle opladers","item":"https:\/\/koningdrone.be\/categorie\/alle-opladers\/"},{"@type":"ListItem","position":4,"name":"DJI FPV Car Charger"}]},{"@type":"WebSite","@id":"https:\/\/koningdrone.be\/#website","url":"https:\/\/koningdrone.be\/","name":"Koningdrone.be - Ihr Online-Spezialist f\u00fcr Drohnen, Gimbals, Kameras und Kraftwerke.","description":"Der Webshop f\u00fcr Drohnen und Gimbals","publisher":{"@id":"https:\/\/koningdrone.be\/#organization"},"potentialAction":[{"@type":"SearchAction","target":{"@type":"EntryPoint","urlTemplate":"https:\/\/koningdrone.be\/?s={search_term_string}"},"query-input":{"@type":"PropertyValueSpecification","valueRequired":true,"valueName":"search_term_string"}}],"inLanguage":"de"},{"@type":"Organization","@id":"https:\/\/koningdrone.be\/#organization","name":"Kingdrone.de","url":"https:\/\/koningdrone.be\/","logo":{"@type":"ImageObject","inLanguage":"de","@id":"https:\/\/koningdrone.be\/#\/schema\/logo\/image\/","url":"https:\/\/koningdrone.be\/wp-content\/uploads\/sites\/13\/2025\/04\/koningdrone-copyright-logo.svg","contentUrl":"https:\/\/koningdrone.be\/wp-content\/uploads\/sites\/13\/2025\/04\/koningdrone-copyright-logo.svg","width":227,"height":38,"caption":"Koningdrone.be"},"image":{"@id":"https:\/\/koningdrone.be\/#\/schema\/logo\/image\/"}}]}},"df_price":"","df_sale_price":"","df_regular_price":"","df_image_link":"https:\/\/koningdrone.be\/wp-content\/uploads\/sites\/13\/2025\/04\/39ff7e8510082410b59bb102ccb73faf@large-300x200.jpg","_links":{"self":[{"href":"https:\/\/koningdrone.be\/de\/wp-json\/wp\/v2\/product\/6774","targetHints":{"allow":["GET"]}}],"collection":[{"href":"https:\/\/koningdrone.be\/de\/wp-json\/wp\/v2\/product"}],"about":[{"href":"https:\/\/koningdrone.be\/de\/wp-json\/wp\/v2\/types\/product"}],"wp:featuredmedia":[{"embeddable":true,"href":"https:\/\/koningdrone.be\/de\/wp-json\/wp\/v2\/media\/6773"}],"wp:attachment":[{"href":"https:\/\/koningdrone.be\/de\/wp-json\/wp\/v2\/media?parent=6774"}],"wp:term":[{"taxonomy":"product_brand","embeddable":true,"href":"https:\/\/koningdrone.be\/de\/wp-json\/wp\/v2\/product_brand?post=6774"},{"taxonomy":"product_cat","embeddable":true,"href":"https:\/\/koningdrone.be\/de\/wp-json\/wp\/v2\/product_cat?post=6774"},{"taxonomy":"product_tag","embeddable":true,"href":"https:\/\/koningdrone.be\/de\/wp-json\/wp\/v2\/product_tag?post=6774"}],"curies":[{"name":"wp","href":"https:\/\/api.w.org\/{rel}","templated":true}]}}