{"id":6759,"date":"2021-03-21T10:54:31","date_gmt":"2021-03-21T09:54:31","guid":{"rendered":"https:\/\/koningdrone.nl\/kon\/product\/dji-fpv-goggles-v2\/"},"modified":"2026-04-29T13:20:37","modified_gmt":"2026-04-29T11:20:37","slug":"dji-fpv-goggles-v2","status":"publish","type":"product","link":"https:\/\/koningdrone.be\/de\/produkt\/dji-fpv-goggles-v2\/","title":{"rendered":"DJI FPV Schutzbrille V2"},"content":{"rendered":"<h1>DJI FPV Schutzbrille V2<\/h1>\n<p>Die DJI FPV Goggles V2 mit DJI O3 Bild\u00fcbertragung bietet eine hochaufl\u00f6sende \u00dcbertragung mit geringer Latenz, gro\u00dfer Reichweite und starken Anti-Interferenz-F\u00e4higkeiten. Der im Lieferumfang enthaltene Akku der DJI FPV Goggles unterst\u00fctzt bei voller Ladung bis zu 110 Minuten Flugzeit.<\/p>\n<p><strong>H\u00f6hepunkte<\/strong><br \/>Hohe Aufl\u00f6sung, niedrige Latenz, starke Immersion, \u00dcbertragung \u00fcber gro\u00dfe Entfernungen und starke Anti-Interferenz-F\u00e4higkeiten.<br \/>Der mitgelieferte Akku erm\u00f6glicht bei voller Ladung eine Flugzeit von bis zu 110 Minuten.<\/p>\n<p><strong>Spezifikationen<\/strong><\/p>\n<p>Gewicht: ca. 420 g (einschlie\u00dflich Kopfband und Antennen)<br \/>Abmessungen: 184 x 122 x 110 mm (ohne Antennen) &lt;br&gt; 202 x 126 x 110 mm (einschlie&szlig;lich Antennen)<br \/>Bildschirmgr\u00f6\u00dfe: 2 Zoll (\u00d7 2)<br \/>Aktualisierungsrate Bildschirm: 144 Hz<br \/>Kommunikationsfrequenz: 2,400-2,4835 GHz &lt;br&gt; 5,725-5,850 GHz<br \/>Sendeleistung (EIRP): 2,400-2,4835 GHz &lt;br&gt; FCC: &le; 28,5 dBm &lt;br&gt; CE: &le; 20 dBm &lt;br&gt; SRRC: &le; 20 dBm &lt;br&gt; MIC: &le; 20 dBm &lt;br&gt; &lt;br&gt; 5,725- 5,850 GHz &lt;br&gt;<br \/>FCC: &le; 31,5 dBm &lt;br&gt; CE: &le; 14 dBm &lt;br&gt; SRRC: &le; 19 dBm<br \/>Kommunikationsbandbreite: 40 MHz (max.)<br \/>Live-View-Modus: Modus mit geringer Latenz: 810p \/ 120fps &le; 28ms * &lt;br&gt; Hochqualit&auml;tsmodus: 810p \/ 60fps &le; 40ms* &lt;br&gt;<br \/>* Bei Aufnahmen mit 50 oder 100 Bildern pro Sekunde ist ein Betrachtungswinkel von 150\u00b0 m\u00f6glich. Bei anderen Bildwechselfrequenzen betr\u00e4gt der Betrachtungswinkel 142\u00b0. \"\"<br \/>Max. Video-Bitrate: 50 Mbps<br \/>\u00dcbertragungsreichweite: 10 km (FCC), 6 km (CE), 6 km (SRRC), 6 km (MIC)<br \/>Videoformat: MP4 (Videoformat: H.264)<br \/>Unterst\u00fctzte Video- und Audio-Wiedergabeformate: MP4, MOV, MKV (Videoformat: H.264; Audioformat: AAC-LC, AAC-HE, AC-3, MP3)<br \/>Betriebstemperatur: 0 \u00b0C bis 40 \u00b0C (32 \u00b0 bis 104 \u00b0 F)<br \/>Stromzufuhr: spezielle DJI Goggles-Batterien oder andere 11,1-25,2-V-Batterien.<br \/>FOV: 30\u00b0 bis 54\u00b0; Bildgr\u00f6\u00dfe: 50-100%<br \/>Pupillendistanzbereich: 58-70 mm<br \/>Unterst\u00fctzte microSD: microSD-Karten (bis zu 256 GB)<\/p>\n<p><strong>DJI FPV Goggles Akku<\/strong><\/p>\n<p>Kapazit\u00e4t: 1800 mAh<br \/>Spannung: 9 V (max.)<br \/>Typ: LiPo 2S<br \/>Energie: 18 Wh<br \/>Ladetemperatur: 0 \u00b0 bis 45 \u00b0 C<br \/>Max. Ladeleistung: 10 W.<br \/>Batterielebensdauer: ca. 110 Minuten (gemessen in einer Umgebung von 25\u00b0C bei maximaler Helligkeit)<\/p>\n<p><strong>Kompatibilit\u00e4t<\/strong><\/p>\n<ul> <\/p>\n<li>DJI FPV-Drohne<\/li>\n<p> <\/p>\n<li>DJI FPV-Fernsteuerung 2<\/li>\n<p> <\/p>\n<li>DJI FPV Air Einheit<\/li>\n<p> <\/p>\n<li>DJI FPV-Fernsteuerung<\/li>\n<p><\/ul>\n<p><strong>Tipps<\/strong><\/p>\n<ol> <\/p>\n<li>Setzen Sie die Innenseite der Brille nicht dem direkten Sonnenlicht aus.<\/li>\n<p> <\/p>\n<li>Dualfrequenz ist nur in Verbindung mit der DJI FPV Drohne verf\u00fcgbar.<\/li>\n<p> <\/p>\n<li>Bei Verwendung mit der DJI FPV Air Unit wird nur 5,8 GHz unterst\u00fctzt. Aufgrund lokaler Richtlinien und Vorschriften ist das 5,8-GHz-Frequenzband derzeit in einigen L\u00e4ndern nicht verf\u00fcgbar, einschlie\u00dflich (aber nicht beschr\u00e4nkt auf) Japan, Russland, Israel, Ukraine und Kasachstan. Verwenden Sie das 2,4-GHz-Frequenzband, wenn Sie in diesen L\u00e4ndern arbeiten, und pr\u00fcfen Sie stets die \u00f6rtlichen Vorschriften und Bestimmungen,<\/li>\n<p> <\/p>\n<li>VLOS ist in einigen Regionen und L\u00e4ndern gesetzlich vorgeschrieben, und es wird immer empfohlen, einen Spotter einzusetzen, wenn die Einhaltung von VLOS nicht m\u00f6glich ist.<\/li>\n<p><\/ol>\n<p><\/p>","protected":false},"excerpt":{"rendered":"<ul>\n<li>28ms \/ 4km maximale \u00dcbertragungsreichweite und Latenzzeit der Video\u00fcbertragung<\/li>\n<li>720p \/ 120fps Live-\u00dcbertragung mit der DJI Goggles<\/li>\n<li> kann<\/li>\n<li>8 Drohnen k\u00f6nnen gleichzeitig geflogen werden<\/li>\n<li>1080p \/ 60fps Videoaufzeichnung \u00fcber die Antenneneinheit<\/li>\n<li>minimale Latenzzeit von<\/li>\n<li>7 ms zwischen Fernbedienung und Lufteinheit<\/li>\n<li>4-in-1-Steuerung mit Fernbedienungsr\u00fcckmeldung<\/li>\n<\/ul>","protected":false},"featured_media":6752,"template":"","meta":{"_acf_changed":false},"product_brand":[],"product_cat":[731,97,719,733],"product_tag":[],"class_list":{"0":"post-6759","1":"product","2":"type-product","3":"status-publish","4":"has-post-thumbnail","6":"product_cat-alle-goggles","7":"product_cat-alle-producten","8":"product_cat-dji-fpv","9":"product_cat-dji-goggles","10":"product_shipping_class-outofstock","11":"pa_brand-dji","12":"pa_dronegrade-consumer","13":"pa_productfamily-goggles","14":"pa_producttype-goggles","15":"pa_series-goggles-v2","16":"pa_vliegbewijs-a1-a3-en-a2","18":"first","19":"outofstock","20":"taxable","21":"shipping-taxable","22":"product-type-simple"},"acf":[],"yoast_head":"<!-- This site is optimized with the Yoast SEO Premium plugin v27.2 (Yoast SEO v27.2) - https:\/\/yoast.com\/product\/yoast-seo-premium-wordpress\/ -->\n<title>DJI FPV Goggles V2 - koningdrone.be<\/title>\n<meta name=\"robots\" content=\"index, follow, max-snippet:-1, max-image-preview:large, max-video-preview:-1\" \/>\n<link rel=\"canonical\" href=\"https:\/\/koningdrone.be\/de\/produkt\/dji-fpv-goggles-v2\/\" \/>\n<meta property=\"og:locale\" content=\"de_DE\" \/>\n<meta property=\"og:type\" content=\"article\" \/>\n<meta property=\"og:title\" content=\"DJI FPV Goggles V2\" \/>\n<meta property=\"og:description\" content=\"28ms \/ 4km maximaal transmissiebereik en latentie van videotransmissie720p \/ 120fps live-uitzending met de DJI Goggles kunnen8 drones tegelijkertijd worden gevlogen1080p \/ 60fps video-opname via de luchteenheidnimale latentie van7 ms tussen de afstandsbediening en de luchtunit4-in-1 regeling met terugkoppeling voor afstandsbediening\" \/>\n<meta property=\"og:url\" content=\"https:\/\/koningdrone.be\/de\/produkt\/dji-fpv-goggles-v2\/\" \/>\n<meta property=\"og:site_name\" content=\"koningdrone.be\" \/>\n<meta property=\"article:modified_time\" content=\"2026-04-29T11:20:37+00:00\" \/>\n<meta property=\"og:image\" content=\"https:\/\/koningdrone.be\/wp-content\/uploads\/sites\/13\/2025\/04\/6941565904003-1.jpg\" \/>\n\t<meta property=\"og:image:width\" content=\"510\" \/>\n\t<meta property=\"og:image:height\" content=\"510\" \/>\n\t<meta property=\"og:image:type\" content=\"image\/jpeg\" \/>\n<meta name=\"twitter:card\" content=\"summary_large_image\" \/>\n<meta name=\"twitter:label1\" content=\"Gesch\u00e4tzte Lesezeit\" \/>\n\t<meta name=\"twitter:data1\" content=\"2\u00a0Minuten\" \/>\n<script type=\"application\/ld+json\" class=\"yoast-schema-graph\">{\"@context\":\"https:\/\/schema.org\",\"@graph\":[{\"@type\":\"WebPage\",\"@id\":\"https:\/\/koningdrone.be\/product\/dji-fpv-goggles-v2\/\",\"url\":\"https:\/\/koningdrone.be\/product\/dji-fpv-goggles-v2\/\",\"name\":\"DJI FPV Goggles V2 - koningdrone.be\",\"isPartOf\":{\"@id\":\"https:\/\/koningdrone.be\/#website\"},\"primaryImageOfPage\":{\"@id\":\"https:\/\/koningdrone.be\/product\/dji-fpv-goggles-v2\/#primaryimage\"},\"image\":{\"@id\":\"https:\/\/koningdrone.be\/product\/dji-fpv-goggles-v2\/#primaryimage\"},\"thumbnailUrl\":\"https:\/\/koningdrone.be\/wp-content\/uploads\/sites\/13\/2025\/04\/6941565904003-1.jpg\",\"datePublished\":\"2021-03-21T09:54:31+00:00\",\"dateModified\":\"2026-04-29T11:20:37+00:00\",\"breadcrumb\":{\"@id\":\"https:\/\/koningdrone.be\/product\/dji-fpv-goggles-v2\/#breadcrumb\"},\"inLanguage\":\"de\",\"potentialAction\":[{\"@type\":\"ReadAction\",\"target\":[\"https:\/\/koningdrone.be\/product\/dji-fpv-goggles-v2\/\"]}]},{\"@type\":\"ImageObject\",\"inLanguage\":\"de\",\"@id\":\"https:\/\/koningdrone.be\/product\/dji-fpv-goggles-v2\/#primaryimage\",\"url\":\"https:\/\/koningdrone.be\/wp-content\/uploads\/sites\/13\/2025\/04\/6941565904003-1.jpg\",\"contentUrl\":\"https:\/\/koningdrone.be\/wp-content\/uploads\/sites\/13\/2025\/04\/6941565904003-1.jpg\",\"width\":510,\"height\":510},{\"@type\":\"BreadcrumbList\",\"@id\":\"https:\/\/koningdrone.be\/product\/dji-fpv-goggles-v2\/#breadcrumb\",\"itemListElement\":[{\"@type\":\"ListItem\",\"position\":1,\"name\":\"Home\",\"item\":\"https:\/\/koningdrone.be\/\"},{\"@type\":\"ListItem\",\"position\":2,\"name\":\"AVSS Parachute Recovery System for DJI Matrice 300\/350\",\"item\":\"https:\/\/koningdrone.be\/product\/avss-parachute-recovery-system-for-dji-matrice-300-350\/\"},{\"@type\":\"ListItem\",\"position\":3,\"name\":\"Alle goggles\",\"item\":\"https:\/\/koningdrone.be\/categorie\/alle-goggles\/\"},{\"@type\":\"ListItem\",\"position\":4,\"name\":\"DJI FPV Goggles V2\"}]},{\"@type\":\"WebSite\",\"@id\":\"https:\/\/koningdrone.be\/#website\",\"url\":\"https:\/\/koningdrone.be\/\",\"name\":\"Koningdrone.be - Uw online specialist in drones, gimbals, camera's en power stations.\",\"description\":\"De webshop in drones en gimbals\",\"publisher\":{\"@id\":\"https:\/\/koningdrone.be\/#organization\"},\"potentialAction\":[{\"@type\":\"SearchAction\",\"target\":{\"@type\":\"EntryPoint\",\"urlTemplate\":\"https:\/\/koningdrone.be\/?s={search_term_string}\"},\"query-input\":{\"@type\":\"PropertyValueSpecification\",\"valueRequired\":true,\"valueName\":\"search_term_string\"}}],\"inLanguage\":\"de\"},{\"@type\":\"Organization\",\"@id\":\"https:\/\/koningdrone.be\/#organization\",\"name\":\"Koningdrone.be\",\"url\":\"https:\/\/koningdrone.be\/\",\"logo\":{\"@type\":\"ImageObject\",\"inLanguage\":\"de\",\"@id\":\"https:\/\/koningdrone.be\/#\/schema\/logo\/image\/\",\"url\":\"https:\/\/koningdrone.be\/wp-content\/uploads\/sites\/13\/2025\/04\/koningdrone-copyright-logo.svg\",\"contentUrl\":\"https:\/\/koningdrone.be\/wp-content\/uploads\/sites\/13\/2025\/04\/koningdrone-copyright-logo.svg\",\"width\":227,\"height\":38,\"caption\":\"Koningdrone.be\"},\"image\":{\"@id\":\"https:\/\/koningdrone.be\/#\/schema\/logo\/image\/\"}}]}<\/script>\n<!-- \/ Yoast SEO Premium plugin. -->","yoast_head_json":{"title":"DJI FPV Goggles V2 - koningdrone.be","robots":{"index":"index","follow":"follow","max-snippet":"max-snippet:-1","max-image-preview":"max-image-preview:large","max-video-preview":"max-video-preview:-1"},"canonical":"https:\/\/koningdrone.be\/de\/produkt\/dji-fpv-goggles-v2\/","og_locale":"de_DE","og_type":"article","og_title":"DJI FPV Goggles V2","og_description":"28ms \/ 4km maximaal transmissiebereik en latentie van videotransmissie720p \/ 120fps live-uitzending met de DJI Goggles kunnen8 drones tegelijkertijd worden gevlogen1080p \/ 60fps video-opname via de luchteenheidnimale latentie van7 ms tussen de afstandsbediening en de luchtunit4-in-1 regeling met terugkoppeling voor afstandsbediening","og_url":"https:\/\/koningdrone.be\/de\/produkt\/dji-fpv-goggles-v2\/","og_site_name":"koningdrone.be","article_modified_time":"2026-04-29T11:20:37+00:00","og_image":[{"width":510,"height":510,"url":"https:\/\/koningdrone.be\/wp-content\/uploads\/sites\/13\/2025\/04\/6941565904003-1.jpg","type":"image\/jpeg"}],"twitter_card":"summary_large_image","twitter_misc":{"Gesch\u00e4tzte Lesezeit":"2\u00a0Minuten"},"schema":{"@context":"https:\/\/schema.org","@graph":[{"@type":"WebPage","@id":"https:\/\/koningdrone.be\/product\/dji-fpv-goggles-v2\/","url":"https:\/\/koningdrone.be\/product\/dji-fpv-goggles-v2\/","name":"DJI FPV Goggles V2 - koningdrone.be","isPartOf":{"@id":"https:\/\/koningdrone.be\/#website"},"primaryImageOfPage":{"@id":"https:\/\/koningdrone.be\/product\/dji-fpv-goggles-v2\/#primaryimage"},"image":{"@id":"https:\/\/koningdrone.be\/product\/dji-fpv-goggles-v2\/#primaryimage"},"thumbnailUrl":"https:\/\/koningdrone.be\/wp-content\/uploads\/sites\/13\/2025\/04\/6941565904003-1.jpg","datePublished":"2021-03-21T09:54:31+00:00","dateModified":"2026-04-29T11:20:37+00:00","breadcrumb":{"@id":"https:\/\/koningdrone.be\/product\/dji-fpv-goggles-v2\/#breadcrumb"},"inLanguage":"de","potentialAction":[{"@type":"ReadAction","target":["https:\/\/koningdrone.be\/product\/dji-fpv-goggles-v2\/"]}]},{"@type":"ImageObject","inLanguage":"de","@id":"https:\/\/koningdrone.be\/product\/dji-fpv-goggles-v2\/#primaryimage","url":"https:\/\/koningdrone.be\/wp-content\/uploads\/sites\/13\/2025\/04\/6941565904003-1.jpg","contentUrl":"https:\/\/koningdrone.be\/wp-content\/uploads\/sites\/13\/2025\/04\/6941565904003-1.jpg","width":510,"height":510},{"@type":"BreadcrumbList","@id":"https:\/\/koningdrone.be\/product\/dji-fpv-goggles-v2\/#breadcrumb","itemListElement":[{"@type":"ListItem","position":1,"name":"Home","item":"https:\/\/koningdrone.be\/"},{"@type":"ListItem","position":2,"name":"AVSS Parachute Recovery System for DJI Matrice 300\/350","item":"https:\/\/koningdrone.be\/product\/avss-parachute-recovery-system-for-dji-matrice-300-350\/"},{"@type":"ListItem","position":3,"name":"Alle goggles","item":"https:\/\/koningdrone.be\/categorie\/alle-goggles\/"},{"@type":"ListItem","position":4,"name":"DJI FPV Goggles V2"}]},{"@type":"WebSite","@id":"https:\/\/koningdrone.be\/#website","url":"https:\/\/koningdrone.be\/","name":"Koningdrone.be - Ihr Online-Spezialist f\u00fcr Drohnen, Gimbals, Kameras und Kraftwerke.","description":"Der Webshop f\u00fcr Drohnen und Gimbals","publisher":{"@id":"https:\/\/koningdrone.be\/#organization"},"potentialAction":[{"@type":"SearchAction","target":{"@type":"EntryPoint","urlTemplate":"https:\/\/koningdrone.be\/?s={search_term_string}"},"query-input":{"@type":"PropertyValueSpecification","valueRequired":true,"valueName":"search_term_string"}}],"inLanguage":"de"},{"@type":"Organization","@id":"https:\/\/koningdrone.be\/#organization","name":"Kingdrone.de","url":"https:\/\/koningdrone.be\/","logo":{"@type":"ImageObject","inLanguage":"de","@id":"https:\/\/koningdrone.be\/#\/schema\/logo\/image\/","url":"https:\/\/koningdrone.be\/wp-content\/uploads\/sites\/13\/2025\/04\/koningdrone-copyright-logo.svg","contentUrl":"https:\/\/koningdrone.be\/wp-content\/uploads\/sites\/13\/2025\/04\/koningdrone-copyright-logo.svg","width":227,"height":38,"caption":"Koningdrone.be"},"image":{"@id":"https:\/\/koningdrone.be\/#\/schema\/logo\/image\/"}}]}},"df_price":"","df_sale_price":"","df_regular_price":"","df_image_link":"https:\/\/koningdrone.be\/wp-content\/uploads\/sites\/13\/2025\/04\/6941565904003-1-300x300.jpg","_links":{"self":[{"href":"https:\/\/koningdrone.be\/de\/wp-json\/wp\/v2\/product\/6759","targetHints":{"allow":["GET"]}}],"collection":[{"href":"https:\/\/koningdrone.be\/de\/wp-json\/wp\/v2\/product"}],"about":[{"href":"https:\/\/koningdrone.be\/de\/wp-json\/wp\/v2\/types\/product"}],"wp:featuredmedia":[{"embeddable":true,"href":"https:\/\/koningdrone.be\/de\/wp-json\/wp\/v2\/media\/6752"}],"wp:attachment":[{"href":"https:\/\/koningdrone.be\/de\/wp-json\/wp\/v2\/media?parent=6759"}],"wp:term":[{"taxonomy":"product_brand","embeddable":true,"href":"https:\/\/koningdrone.be\/de\/wp-json\/wp\/v2\/product_brand?post=6759"},{"taxonomy":"product_cat","embeddable":true,"href":"https:\/\/koningdrone.be\/de\/wp-json\/wp\/v2\/product_cat?post=6759"},{"taxonomy":"product_tag","embeddable":true,"href":"https:\/\/koningdrone.be\/de\/wp-json\/wp\/v2\/product_tag?post=6759"}],"curies":[{"name":"wp","href":"https:\/\/api.w.org\/{rel}","templated":true}]}}