{"id":6751,"date":"2021-04-16T09:14:17","date_gmt":"2021-04-16T07:14:17","guid":{"rendered":"https:\/\/koningdrone.nl\/kon\/product\/gl-60-gimbal-spotlight\/"},"modified":"2026-04-29T08:20:47","modified_gmt":"2026-04-29T06:20:47","slug":"gl-60-gimbal-spotlight","status":"publish","type":"product","link":"https:\/\/koningdrone.be\/de\/produkt\/gl-60-gimbal-spotlight\/","title":{"rendered":"GL 60 Kardanischer Scheinwerfer"},"content":{"rendered":"<h1>GL 60 Kardanischer Scheinwerfer<\/h1>\n<p>Der GL60 ist die perfekte Erweiterung der DJI Matrice Serie f\u00fcr den Einsatz bei Nacht. Der Scheinwerfer ist kompatibel mit dem DJI M300 RTK und dem M200 V2. Er kann direkt und einfach \u00fcber die DJI SkyPort V2.0 Schnittstelle montiert werden. Dank seines versiegelten Geh\u00e4uses bietet er auch bei rauen Wetterbedingungen einen hervorragenden Schutz vor Wasser und Staub.<\/p>\n<p>Die starke Lichtleistung von rund 4000 Lumen bei einer Nennleistung von bis zu 65 W. Die f\u00fcnf eingebauten LEDs sorgen f\u00fcr eine effektive Bestrahlungsreichweite von bis zu 200 Metern. Das Gesamtgewicht betr\u00e4gt nur 495 Gramm.<\/p>\n<p>Der kardanische Scheinwerfer wird \u00fcber die DJI Pilot App gesteuert. Sie k\u00f6nnen aus verschiedenen Modi wie Licht, Blitz und mehr w\u00e4hlen. Die GL60 Drohne folgt den Kamerabewegungen automatisch \u00fcber eine doppelte kardanische Aufh\u00e4ngung. So sorgt sie f\u00fcr eine optimale Beleuchtung der Drohne in der Nacht.<\/p>\n<p><strong>Anwendungen<\/strong><br \/>Nachtpatrouillen, Ermittlungen und Spurensicherung, Such- und Rettungseins\u00e4tze, Beleuchtung von Wegen, Kontrolle von Stromleitungen, Richtungssignalisierung usw.<\/p>","protected":false},"excerpt":{"rendered":"<ul>\n<li>Der GL60 ist die perfekte Erweiterung der DJI Matrice Serie f\u00fcr den Einsatz bei Nacht<\/li>\n<li>Der Spot ist kompatibel mit dem DJI M300 RTK und dem M200 V2<\/li>\n<li>Montage \u00fcber die DJI SkyPort V2.0 Schnittstelle<\/li>\n<li>Dank seines geschlossenen Geh\u00e4uses bietet er auch bei rauen Witterungsbedingungen hervorragenden Schutz vor Wasser und Staub<\/li>\n<li>Die starke Lichtst\u00e4rke von rund 4000 Lumen bei einer Nennleistung von bis zu 65 W<\/li>\n<li>Die f\u00fcnf eingebauten LEDs erm\u00f6glichen eine effektive Bestrahlungsdistanz von bis zu 200 Metern<\/li>\n<li>Das Gesamtgewicht betr\u00e4gt nur 495 Gramm<\/li>\n<\/ul>","protected":false},"featured_media":6746,"template":"","meta":{"_acf_changed":false},"product_brand":[],"product_cat":[126,97,426,1155,152],"product_tag":[],"class_list":{"0":"post-6751","1":"product","2":"type-product","3":"status-publish","4":"has-post-thumbnail","6":"product_cat-alle-payloads","7":"product_cat-alle-producten","8":"product_cat-dji-matrice","9":"product_cat-dji-matrice-200","10":"product_cat-dji-matrice-300","11":"product_shipping_class-outofstock","12":"pa_brand-czi","13":"pa_productfamily-spotlight","14":"pa_producttype-spotlight","15":"pa_series-gl60","17":"first","18":"outofstock","19":"taxable","20":"shipping-taxable","21":"product-type-simple"},"acf":[],"yoast_head":"<!-- This site is optimized with the Yoast SEO Premium plugin v27.2 (Yoast SEO v27.2) - https:\/\/yoast.com\/product\/yoast-seo-premium-wordpress\/ -->\n<title>GL 60 Gimbal Spotlight - koningdrone.be<\/title>\n<meta name=\"robots\" content=\"index, follow, max-snippet:-1, max-image-preview:large, max-video-preview:-1\" \/>\n<link rel=\"canonical\" href=\"https:\/\/koningdrone.be\/de\/produkt\/gl-60-gimbal-spotlight\/\" \/>\n<meta property=\"og:locale\" content=\"de_DE\" \/>\n<meta property=\"og:type\" content=\"article\" \/>\n<meta property=\"og:title\" content=\"GL 60 Gimbal Spotlight\" \/>\n<meta property=\"og:description\" content=\"De GL60 is de perfecte uitbreiding van de DJI Matrice-serie voor nachtelijk gebruik  De spot is compatibel met de DJI M300 RTK en de M200 V2  Monteer via de DJI SkyPort V2.0-interface  Dankzij de gesloten behuizing biedt hij ook onder zware weersomstandigheden een uitstekende bescherming tegen water en stof  De sterke lichtsterkte van circa 4000 lumen met een nominaal vermogen tot 65 W  De vijf ingebouwde LED&#039;s zorgen voor een effectieve bestralingsafstand tot 200 meter  Het totale gewicht is slechts 495 gram\" \/>\n<meta property=\"og:url\" content=\"https:\/\/koningdrone.be\/de\/produkt\/gl-60-gimbal-spotlight\/\" \/>\n<meta property=\"og:site_name\" content=\"koningdrone.be\" \/>\n<meta property=\"article:modified_time\" content=\"2026-04-29T06:20:47+00:00\" \/>\n<meta property=\"og:image\" content=\"https:\/\/koningdrone.be\/wp-content\/uploads\/sites\/13\/2025\/04\/6972073120050-1.jpg\" \/>\n\t<meta property=\"og:image:width\" content=\"1280\" \/>\n\t<meta property=\"og:image:height\" content=\"800\" \/>\n\t<meta property=\"og:image:type\" content=\"image\/jpeg\" \/>\n<meta name=\"twitter:card\" content=\"summary_large_image\" \/>\n<meta name=\"twitter:label1\" content=\"Gesch\u00e4tzte Lesezeit\" \/>\n\t<meta name=\"twitter:data1\" content=\"1\u00a0Minute\" \/>\n<script type=\"application\/ld+json\" class=\"yoast-schema-graph\">{\"@context\":\"https:\/\/schema.org\",\"@graph\":[{\"@type\":\"WebPage\",\"@id\":\"https:\/\/koningdrone.be\/product\/gl-60-gimbal-spotlight\/\",\"url\":\"https:\/\/koningdrone.be\/product\/gl-60-gimbal-spotlight\/\",\"name\":\"GL 60 Gimbal Spotlight - koningdrone.be\",\"isPartOf\":{\"@id\":\"https:\/\/koningdrone.be\/#website\"},\"primaryImageOfPage\":{\"@id\":\"https:\/\/koningdrone.be\/product\/gl-60-gimbal-spotlight\/#primaryimage\"},\"image\":{\"@id\":\"https:\/\/koningdrone.be\/product\/gl-60-gimbal-spotlight\/#primaryimage\"},\"thumbnailUrl\":\"https:\/\/koningdrone.be\/wp-content\/uploads\/sites\/13\/2025\/04\/6972073120050-1.jpg\",\"datePublished\":\"2021-04-16T07:14:17+00:00\",\"dateModified\":\"2026-04-29T06:20:47+00:00\",\"breadcrumb\":{\"@id\":\"https:\/\/koningdrone.be\/product\/gl-60-gimbal-spotlight\/#breadcrumb\"},\"inLanguage\":\"de\",\"potentialAction\":[{\"@type\":\"ReadAction\",\"target\":[\"https:\/\/koningdrone.be\/product\/gl-60-gimbal-spotlight\/\"]}]},{\"@type\":\"ImageObject\",\"inLanguage\":\"de\",\"@id\":\"https:\/\/koningdrone.be\/product\/gl-60-gimbal-spotlight\/#primaryimage\",\"url\":\"https:\/\/koningdrone.be\/wp-content\/uploads\/sites\/13\/2025\/04\/6972073120050-1.jpg\",\"contentUrl\":\"https:\/\/koningdrone.be\/wp-content\/uploads\/sites\/13\/2025\/04\/6972073120050-1.jpg\",\"width\":1280,\"height\":800},{\"@type\":\"BreadcrumbList\",\"@id\":\"https:\/\/koningdrone.be\/product\/gl-60-gimbal-spotlight\/#breadcrumb\",\"itemListElement\":[{\"@type\":\"ListItem\",\"position\":1,\"name\":\"Home\",\"item\":\"https:\/\/koningdrone.be\/\"},{\"@type\":\"ListItem\",\"position\":2,\"name\":\"AVSS Parachute Recovery System for DJI Matrice 300\/350\",\"item\":\"https:\/\/koningdrone.be\/product\/avss-parachute-recovery-system-for-dji-matrice-300-350\/\"},{\"@type\":\"ListItem\",\"position\":3,\"name\":\"Alle payloads\",\"item\":\"https:\/\/koningdrone.be\/categorie\/alle-payloads\/\"},{\"@type\":\"ListItem\",\"position\":4,\"name\":\"GL 60 Gimbal Spotlight\"}]},{\"@type\":\"WebSite\",\"@id\":\"https:\/\/koningdrone.be\/#website\",\"url\":\"https:\/\/koningdrone.be\/\",\"name\":\"Koningdrone.be - Uw online specialist in drones, gimbals, camera's en power stations.\",\"description\":\"De webshop in drones en gimbals\",\"publisher\":{\"@id\":\"https:\/\/koningdrone.be\/#organization\"},\"potentialAction\":[{\"@type\":\"SearchAction\",\"target\":{\"@type\":\"EntryPoint\",\"urlTemplate\":\"https:\/\/koningdrone.be\/?s={search_term_string}\"},\"query-input\":{\"@type\":\"PropertyValueSpecification\",\"valueRequired\":true,\"valueName\":\"search_term_string\"}}],\"inLanguage\":\"de\"},{\"@type\":\"Organization\",\"@id\":\"https:\/\/koningdrone.be\/#organization\",\"name\":\"Koningdrone.be\",\"url\":\"https:\/\/koningdrone.be\/\",\"logo\":{\"@type\":\"ImageObject\",\"inLanguage\":\"de\",\"@id\":\"https:\/\/koningdrone.be\/#\/schema\/logo\/image\/\",\"url\":\"https:\/\/koningdrone.be\/wp-content\/uploads\/sites\/13\/2025\/04\/koningdrone-copyright-logo.svg\",\"contentUrl\":\"https:\/\/koningdrone.be\/wp-content\/uploads\/sites\/13\/2025\/04\/koningdrone-copyright-logo.svg\",\"width\":227,\"height\":38,\"caption\":\"Koningdrone.be\"},\"image\":{\"@id\":\"https:\/\/koningdrone.be\/#\/schema\/logo\/image\/\"}}]}<\/script>\n<!-- \/ Yoast SEO Premium plugin. -->","yoast_head_json":{"title":"GL 60 Gimbal Spotlight - koningdrone.be","robots":{"index":"index","follow":"follow","max-snippet":"max-snippet:-1","max-image-preview":"max-image-preview:large","max-video-preview":"max-video-preview:-1"},"canonical":"https:\/\/koningdrone.be\/de\/produkt\/gl-60-gimbal-spotlight\/","og_locale":"de_DE","og_type":"article","og_title":"GL 60 Gimbal Spotlight","og_description":"De GL60 is de perfecte uitbreiding van de DJI Matrice-serie voor nachtelijk gebruik  De spot is compatibel met de DJI M300 RTK en de M200 V2  Monteer via de DJI SkyPort V2.0-interface  Dankzij de gesloten behuizing biedt hij ook onder zware weersomstandigheden een uitstekende bescherming tegen water en stof  De sterke lichtsterkte van circa 4000 lumen met een nominaal vermogen tot 65 W  De vijf ingebouwde LED's zorgen voor een effectieve bestralingsafstand tot 200 meter  Het totale gewicht is slechts 495 gram","og_url":"https:\/\/koningdrone.be\/de\/produkt\/gl-60-gimbal-spotlight\/","og_site_name":"koningdrone.be","article_modified_time":"2026-04-29T06:20:47+00:00","og_image":[{"width":1280,"height":800,"url":"https:\/\/koningdrone.be\/wp-content\/uploads\/sites\/13\/2025\/04\/6972073120050-1.jpg","type":"image\/jpeg"}],"twitter_card":"summary_large_image","twitter_misc":{"Gesch\u00e4tzte Lesezeit":"1\u00a0Minute"},"schema":{"@context":"https:\/\/schema.org","@graph":[{"@type":"WebPage","@id":"https:\/\/koningdrone.be\/product\/gl-60-gimbal-spotlight\/","url":"https:\/\/koningdrone.be\/product\/gl-60-gimbal-spotlight\/","name":"GL 60 Gimbal Spotlight - koningdrone.be","isPartOf":{"@id":"https:\/\/koningdrone.be\/#website"},"primaryImageOfPage":{"@id":"https:\/\/koningdrone.be\/product\/gl-60-gimbal-spotlight\/#primaryimage"},"image":{"@id":"https:\/\/koningdrone.be\/product\/gl-60-gimbal-spotlight\/#primaryimage"},"thumbnailUrl":"https:\/\/koningdrone.be\/wp-content\/uploads\/sites\/13\/2025\/04\/6972073120050-1.jpg","datePublished":"2021-04-16T07:14:17+00:00","dateModified":"2026-04-29T06:20:47+00:00","breadcrumb":{"@id":"https:\/\/koningdrone.be\/product\/gl-60-gimbal-spotlight\/#breadcrumb"},"inLanguage":"de","potentialAction":[{"@type":"ReadAction","target":["https:\/\/koningdrone.be\/product\/gl-60-gimbal-spotlight\/"]}]},{"@type":"ImageObject","inLanguage":"de","@id":"https:\/\/koningdrone.be\/product\/gl-60-gimbal-spotlight\/#primaryimage","url":"https:\/\/koningdrone.be\/wp-content\/uploads\/sites\/13\/2025\/04\/6972073120050-1.jpg","contentUrl":"https:\/\/koningdrone.be\/wp-content\/uploads\/sites\/13\/2025\/04\/6972073120050-1.jpg","width":1280,"height":800},{"@type":"BreadcrumbList","@id":"https:\/\/koningdrone.be\/product\/gl-60-gimbal-spotlight\/#breadcrumb","itemListElement":[{"@type":"ListItem","position":1,"name":"Home","item":"https:\/\/koningdrone.be\/"},{"@type":"ListItem","position":2,"name":"AVSS Parachute Recovery System for DJI Matrice 300\/350","item":"https:\/\/koningdrone.be\/product\/avss-parachute-recovery-system-for-dji-matrice-300-350\/"},{"@type":"ListItem","position":3,"name":"Alle payloads","item":"https:\/\/koningdrone.be\/categorie\/alle-payloads\/"},{"@type":"ListItem","position":4,"name":"GL 60 Gimbal Spotlight"}]},{"@type":"WebSite","@id":"https:\/\/koningdrone.be\/#website","url":"https:\/\/koningdrone.be\/","name":"Koningdrone.be - Ihr Online-Spezialist f\u00fcr Drohnen, Gimbals, Kameras und Kraftwerke.","description":"Der Webshop f\u00fcr Drohnen und Gimbals","publisher":{"@id":"https:\/\/koningdrone.be\/#organization"},"potentialAction":[{"@type":"SearchAction","target":{"@type":"EntryPoint","urlTemplate":"https:\/\/koningdrone.be\/?s={search_term_string}"},"query-input":{"@type":"PropertyValueSpecification","valueRequired":true,"valueName":"search_term_string"}}],"inLanguage":"de"},{"@type":"Organization","@id":"https:\/\/koningdrone.be\/#organization","name":"Kingdrone.de","url":"https:\/\/koningdrone.be\/","logo":{"@type":"ImageObject","inLanguage":"de","@id":"https:\/\/koningdrone.be\/#\/schema\/logo\/image\/","url":"https:\/\/koningdrone.be\/wp-content\/uploads\/sites\/13\/2025\/04\/koningdrone-copyright-logo.svg","contentUrl":"https:\/\/koningdrone.be\/wp-content\/uploads\/sites\/13\/2025\/04\/koningdrone-copyright-logo.svg","width":227,"height":38,"caption":"Koningdrone.be"},"image":{"@id":"https:\/\/koningdrone.be\/#\/schema\/logo\/image\/"}}]}},"df_price":"","df_sale_price":"","df_regular_price":"","df_image_link":"https:\/\/koningdrone.be\/wp-content\/uploads\/sites\/13\/2025\/04\/6972073120050-1-300x188.jpg","_links":{"self":[{"href":"https:\/\/koningdrone.be\/de\/wp-json\/wp\/v2\/product\/6751","targetHints":{"allow":["GET"]}}],"collection":[{"href":"https:\/\/koningdrone.be\/de\/wp-json\/wp\/v2\/product"}],"about":[{"href":"https:\/\/koningdrone.be\/de\/wp-json\/wp\/v2\/types\/product"}],"wp:featuredmedia":[{"embeddable":true,"href":"https:\/\/koningdrone.be\/de\/wp-json\/wp\/v2\/media\/6746"}],"wp:attachment":[{"href":"https:\/\/koningdrone.be\/de\/wp-json\/wp\/v2\/media?parent=6751"}],"wp:term":[{"taxonomy":"product_brand","embeddable":true,"href":"https:\/\/koningdrone.be\/de\/wp-json\/wp\/v2\/product_brand?post=6751"},{"taxonomy":"product_cat","embeddable":true,"href":"https:\/\/koningdrone.be\/de\/wp-json\/wp\/v2\/product_cat?post=6751"},{"taxonomy":"product_tag","embeddable":true,"href":"https:\/\/koningdrone.be\/de\/wp-json\/wp\/v2\/product_tag?post=6751"}],"curies":[{"name":"wp","href":"https:\/\/api.w.org\/{rel}","templated":true}]}}