{"id":6745,"date":"2021-04-16T09:14:17","date_gmt":"2021-04-16T07:14:17","guid":{"rendered":"https:\/\/koningdrone.nl\/kon\/product\/mp-130-speaker\/"},"modified":"2026-04-29T08:20:50","modified_gmt":"2026-04-29T06:20:50","slug":"mp-130-speaker","status":"publish","type":"product","link":"https:\/\/koningdrone.be\/de\/produkt\/mp-130-speaker\/","title":{"rendered":"MP 130 Lautsprecher"},"content":{"rendered":"<h1>MP 130 Lautsprecher<\/h1>\n<p>Das digitale MP130 UAV-Sprach\u00fcbertragungssystem nutzt die DJI Skyport-Schnittstelle, die eine schnelle und nahtlose Verbindung zu den DJI-Drohnen der Serien M200 und M300 erm\u00f6glicht. Es hat eine maximale \u00dcbertragungsdistanz von bis zu 500 m und kann in belebten Stra\u00dfen oder gr\u00f6\u00dferen Sendegebieten (z. B. Seuchenpr\u00e4ventionspropaganda, Waldsuche und Rettung) und anderen Szenen, die \u00fcber gro\u00dfe Entfernungen verbreitet werden m\u00fcssen, eingesetzt werden.<\/p>\n<p><strong>Spezifikationen<\/strong><br \/> - Lautst\u00e4rke von mehr als 130 dB<br \/> - Klare \u00dcbertragung auch in 300 Metern H\u00f6he<br \/> - Effektive Schallreichweite von 300-500 Metern<br \/> - Verfolgt Kamerabewegungen und \u00fcbertr\u00e4gt pr\u00e4zise<br \/> - Maximale Reichweite der Schallverst\u00e4rkung 1000 Meter<br \/> - Entwicklung auf Basis des DJI PSDK<br \/> - Gewicht weniger als 550 g<br \/>Unterst\u00fctzt externen AUX-Audioeingang (kann mit Intercom-Audio ohne 4G-Signal verbunden werden)<br \/> - Eingebauter Antriebsmechanismus f\u00fcr pr\u00e4zise \u00dcbertragungen<br \/>Intelligente Steuerungssoftware<br \/> - Text-to-Speech in Echtzeit, Anruf\u00fcbertragung in Echtzeit, Hochladen von Aufnahmen, benutzerdefinierte Aussprache, lokaler Text, Wiedergabe von Hintergrundmusik<br \/> - Kompatibel mit DJI M200 V2 und M300 Serie Drohnen; arbeitet mit DJI Pilot Software<br \/> - Viele Funktionen, eigene Synchronsprecher, Hintergrundmusik<br \/> - Unterst\u00fctzt TF-Speicherkarten; kann Sendeinhalte und Musikszenen vorspeichern<br \/> - Kann vielseitig verwendet werden.<\/p>","protected":false},"excerpt":{"rendered":"<ul>\n<li>Umwandlung von Text in Sprache in Echtzeit, Hochladen von Aufnahmen, benutzerdefinierte Aussprache, Umwandlung von Text in die Landessprache, Wiedergabe von gemischter Hintergrundmusik.<\/li>\n<li>Funktioniert mit der DJI Matrice 210 &amp; Matrice 300 Serie.<\/li>\n<li>Lautst\u00e4rke von mehr als 130 dB<\/li>\n<li>Klare \u00dcbertragung auch in 300 Metern H\u00f6he<\/li>\n<li>Effektive Schallreichweite von 300-500 Metern<\/li>\n<li>Verfolgt Kamerabewegungen und \u00fcbertr\u00e4gt pr\u00e4zise<\/li>\n<li>Maximale Reichweite der Schallverst\u00e4rkung 1000 Meter<\/li>\n<li>Entwicklung auf Basis des DJI PSDK<\/li>\n<li>Gewicht weniger als 550 g<\/li>\n<\/ul>","protected":false},"featured_media":6741,"template":"","meta":{"_acf_changed":false},"product_brand":[],"product_cat":[126,97,426,1155,152],"product_tag":[],"class_list":{"0":"post-6745","1":"product","2":"type-product","3":"status-publish","4":"has-post-thumbnail","6":"product_cat-alle-payloads","7":"product_cat-alle-producten","8":"product_cat-dji-matrice","9":"product_cat-dji-matrice-200","10":"product_cat-dji-matrice-300","11":"product_shipping_class-outofstock","12":"pa_brand-czi","13":"pa_productfamily-speaker","14":"pa_producttype-speaker","15":"pa_series-mp-130","17":"first","18":"outofstock","19":"taxable","20":"shipping-taxable","21":"product-type-simple"},"acf":[],"yoast_head":"<!-- This site is optimized with the Yoast SEO Premium plugin v27.2 (Yoast SEO v27.2) - https:\/\/yoast.com\/product\/yoast-seo-premium-wordpress\/ -->\n<title>MP 130 Speaker - koningdrone.be<\/title>\n<meta name=\"robots\" content=\"index, follow, max-snippet:-1, max-image-preview:large, max-video-preview:-1\" \/>\n<link rel=\"canonical\" href=\"https:\/\/koningdrone.be\/de\/produkt\/mp-130-speaker\/\" \/>\n<meta property=\"og:locale\" content=\"de_DE\" \/>\n<meta property=\"og:type\" content=\"article\" \/>\n<meta property=\"og:title\" content=\"MP 130 Speaker\" \/>\n<meta property=\"og:description\" content=\"Realtime tekst naar stem, opname-upload, aangepaste uitspraakstem, tekst naar lokale taal, gemengd afspelen van achtergrondmuziek.Werkt met de DJI Matrice 210 &amp; Matrice 300 Series.Volume van meer dan 130 dBDuidelijke transmissie, zelfs op 300 meter hoogteEffectief geluidsbereik van 300-500 meterVolgt de camerabeweging en zendt nauwkeurigMaximaal bereik van de geluidsverhoging 1000 meterOntwikkeling op basis van DJI PSDKGewicht minder dan 550 g\" \/>\n<meta property=\"og:url\" content=\"https:\/\/koningdrone.be\/de\/produkt\/mp-130-speaker\/\" \/>\n<meta property=\"og:site_name\" content=\"koningdrone.be\" \/>\n<meta property=\"article:modified_time\" content=\"2026-04-29T06:20:50+00:00\" \/>\n<meta property=\"og:image\" content=\"https:\/\/koningdrone.be\/wp-content\/uploads\/sites\/13\/2025\/04\/6972073120043-1.jpg\" \/>\n\t<meta property=\"og:image:width\" content=\"1280\" \/>\n\t<meta property=\"og:image:height\" content=\"800\" \/>\n\t<meta property=\"og:image:type\" content=\"image\/jpeg\" \/>\n<meta name=\"twitter:card\" content=\"summary_large_image\" \/>\n<meta name=\"twitter:label1\" content=\"Gesch\u00e4tzte Lesezeit\" \/>\n\t<meta name=\"twitter:data1\" content=\"1\u00a0Minute\" \/>\n<script type=\"application\/ld+json\" class=\"yoast-schema-graph\">{\"@context\":\"https:\/\/schema.org\",\"@graph\":[{\"@type\":\"WebPage\",\"@id\":\"https:\/\/koningdrone.be\/product\/mp-130-speaker\/\",\"url\":\"https:\/\/koningdrone.be\/product\/mp-130-speaker\/\",\"name\":\"MP 130 Speaker - koningdrone.be\",\"isPartOf\":{\"@id\":\"https:\/\/koningdrone.be\/#website\"},\"primaryImageOfPage\":{\"@id\":\"https:\/\/koningdrone.be\/product\/mp-130-speaker\/#primaryimage\"},\"image\":{\"@id\":\"https:\/\/koningdrone.be\/product\/mp-130-speaker\/#primaryimage\"},\"thumbnailUrl\":\"https:\/\/koningdrone.be\/wp-content\/uploads\/sites\/13\/2025\/04\/6972073120043-1.jpg\",\"datePublished\":\"2021-04-16T07:14:17+00:00\",\"dateModified\":\"2026-04-29T06:20:50+00:00\",\"breadcrumb\":{\"@id\":\"https:\/\/koningdrone.be\/product\/mp-130-speaker\/#breadcrumb\"},\"inLanguage\":\"de\",\"potentialAction\":[{\"@type\":\"ReadAction\",\"target\":[\"https:\/\/koningdrone.be\/product\/mp-130-speaker\/\"]}]},{\"@type\":\"ImageObject\",\"inLanguage\":\"de\",\"@id\":\"https:\/\/koningdrone.be\/product\/mp-130-speaker\/#primaryimage\",\"url\":\"https:\/\/koningdrone.be\/wp-content\/uploads\/sites\/13\/2025\/04\/6972073120043-1.jpg\",\"contentUrl\":\"https:\/\/koningdrone.be\/wp-content\/uploads\/sites\/13\/2025\/04\/6972073120043-1.jpg\",\"width\":1280,\"height\":800},{\"@type\":\"BreadcrumbList\",\"@id\":\"https:\/\/koningdrone.be\/product\/mp-130-speaker\/#breadcrumb\",\"itemListElement\":[{\"@type\":\"ListItem\",\"position\":1,\"name\":\"Home\",\"item\":\"https:\/\/koningdrone.be\/\"},{\"@type\":\"ListItem\",\"position\":2,\"name\":\"AVSS Parachute Recovery System for DJI Matrice 300\/350\",\"item\":\"https:\/\/koningdrone.be\/product\/avss-parachute-recovery-system-for-dji-matrice-300-350\/\"},{\"@type\":\"ListItem\",\"position\":3,\"name\":\"Alle payloads\",\"item\":\"https:\/\/koningdrone.be\/categorie\/alle-payloads\/\"},{\"@type\":\"ListItem\",\"position\":4,\"name\":\"MP 130 Speaker\"}]},{\"@type\":\"WebSite\",\"@id\":\"https:\/\/koningdrone.be\/#website\",\"url\":\"https:\/\/koningdrone.be\/\",\"name\":\"Koningdrone.be - Uw online specialist in drones, gimbals, camera's en power stations.\",\"description\":\"De webshop in drones en gimbals\",\"publisher\":{\"@id\":\"https:\/\/koningdrone.be\/#organization\"},\"potentialAction\":[{\"@type\":\"SearchAction\",\"target\":{\"@type\":\"EntryPoint\",\"urlTemplate\":\"https:\/\/koningdrone.be\/?s={search_term_string}\"},\"query-input\":{\"@type\":\"PropertyValueSpecification\",\"valueRequired\":true,\"valueName\":\"search_term_string\"}}],\"inLanguage\":\"de\"},{\"@type\":\"Organization\",\"@id\":\"https:\/\/koningdrone.be\/#organization\",\"name\":\"Koningdrone.be\",\"url\":\"https:\/\/koningdrone.be\/\",\"logo\":{\"@type\":\"ImageObject\",\"inLanguage\":\"de\",\"@id\":\"https:\/\/koningdrone.be\/#\/schema\/logo\/image\/\",\"url\":\"https:\/\/koningdrone.be\/wp-content\/uploads\/sites\/13\/2025\/04\/koningdrone-copyright-logo.svg\",\"contentUrl\":\"https:\/\/koningdrone.be\/wp-content\/uploads\/sites\/13\/2025\/04\/koningdrone-copyright-logo.svg\",\"width\":227,\"height\":38,\"caption\":\"Koningdrone.be\"},\"image\":{\"@id\":\"https:\/\/koningdrone.be\/#\/schema\/logo\/image\/\"}}]}<\/script>\n<!-- \/ Yoast SEO Premium plugin. -->","yoast_head_json":{"title":"MP 130 Speaker - koningdrone.be","robots":{"index":"index","follow":"follow","max-snippet":"max-snippet:-1","max-image-preview":"max-image-preview:large","max-video-preview":"max-video-preview:-1"},"canonical":"https:\/\/koningdrone.be\/de\/produkt\/mp-130-speaker\/","og_locale":"de_DE","og_type":"article","og_title":"MP 130 Speaker","og_description":"Realtime tekst naar stem, opname-upload, aangepaste uitspraakstem, tekst naar lokale taal, gemengd afspelen van achtergrondmuziek.Werkt met de DJI Matrice 210 &amp; Matrice 300 Series.Volume van meer dan 130 dBDuidelijke transmissie, zelfs op 300 meter hoogteEffectief geluidsbereik van 300-500 meterVolgt de camerabeweging en zendt nauwkeurigMaximaal bereik van de geluidsverhoging 1000 meterOntwikkeling op basis van DJI PSDKGewicht minder dan 550 g","og_url":"https:\/\/koningdrone.be\/de\/produkt\/mp-130-speaker\/","og_site_name":"koningdrone.be","article_modified_time":"2026-04-29T06:20:50+00:00","og_image":[{"width":1280,"height":800,"url":"https:\/\/koningdrone.be\/wp-content\/uploads\/sites\/13\/2025\/04\/6972073120043-1.jpg","type":"image\/jpeg"}],"twitter_card":"summary_large_image","twitter_misc":{"Gesch\u00e4tzte Lesezeit":"1\u00a0Minute"},"schema":{"@context":"https:\/\/schema.org","@graph":[{"@type":"WebPage","@id":"https:\/\/koningdrone.be\/product\/mp-130-speaker\/","url":"https:\/\/koningdrone.be\/product\/mp-130-speaker\/","name":"MP 130 Speaker - koningdrone.be","isPartOf":{"@id":"https:\/\/koningdrone.be\/#website"},"primaryImageOfPage":{"@id":"https:\/\/koningdrone.be\/product\/mp-130-speaker\/#primaryimage"},"image":{"@id":"https:\/\/koningdrone.be\/product\/mp-130-speaker\/#primaryimage"},"thumbnailUrl":"https:\/\/koningdrone.be\/wp-content\/uploads\/sites\/13\/2025\/04\/6972073120043-1.jpg","datePublished":"2021-04-16T07:14:17+00:00","dateModified":"2026-04-29T06:20:50+00:00","breadcrumb":{"@id":"https:\/\/koningdrone.be\/product\/mp-130-speaker\/#breadcrumb"},"inLanguage":"de","potentialAction":[{"@type":"ReadAction","target":["https:\/\/koningdrone.be\/product\/mp-130-speaker\/"]}]},{"@type":"ImageObject","inLanguage":"de","@id":"https:\/\/koningdrone.be\/product\/mp-130-speaker\/#primaryimage","url":"https:\/\/koningdrone.be\/wp-content\/uploads\/sites\/13\/2025\/04\/6972073120043-1.jpg","contentUrl":"https:\/\/koningdrone.be\/wp-content\/uploads\/sites\/13\/2025\/04\/6972073120043-1.jpg","width":1280,"height":800},{"@type":"BreadcrumbList","@id":"https:\/\/koningdrone.be\/product\/mp-130-speaker\/#breadcrumb","itemListElement":[{"@type":"ListItem","position":1,"name":"Home","item":"https:\/\/koningdrone.be\/"},{"@type":"ListItem","position":2,"name":"AVSS Parachute Recovery System for DJI Matrice 300\/350","item":"https:\/\/koningdrone.be\/product\/avss-parachute-recovery-system-for-dji-matrice-300-350\/"},{"@type":"ListItem","position":3,"name":"Alle payloads","item":"https:\/\/koningdrone.be\/categorie\/alle-payloads\/"},{"@type":"ListItem","position":4,"name":"MP 130 Speaker"}]},{"@type":"WebSite","@id":"https:\/\/koningdrone.be\/#website","url":"https:\/\/koningdrone.be\/","name":"Koningdrone.be - Ihr Online-Spezialist f\u00fcr Drohnen, Gimbals, Kameras und Kraftwerke.","description":"Der Webshop f\u00fcr Drohnen und Gimbals","publisher":{"@id":"https:\/\/koningdrone.be\/#organization"},"potentialAction":[{"@type":"SearchAction","target":{"@type":"EntryPoint","urlTemplate":"https:\/\/koningdrone.be\/?s={search_term_string}"},"query-input":{"@type":"PropertyValueSpecification","valueRequired":true,"valueName":"search_term_string"}}],"inLanguage":"de"},{"@type":"Organization","@id":"https:\/\/koningdrone.be\/#organization","name":"Kingdrone.de","url":"https:\/\/koningdrone.be\/","logo":{"@type":"ImageObject","inLanguage":"de","@id":"https:\/\/koningdrone.be\/#\/schema\/logo\/image\/","url":"https:\/\/koningdrone.be\/wp-content\/uploads\/sites\/13\/2025\/04\/koningdrone-copyright-logo.svg","contentUrl":"https:\/\/koningdrone.be\/wp-content\/uploads\/sites\/13\/2025\/04\/koningdrone-copyright-logo.svg","width":227,"height":38,"caption":"Koningdrone.be"},"image":{"@id":"https:\/\/koningdrone.be\/#\/schema\/logo\/image\/"}}]}},"df_price":"","df_sale_price":"","df_regular_price":"","df_image_link":"https:\/\/koningdrone.be\/wp-content\/uploads\/sites\/13\/2025\/04\/6972073120043-1-300x188.jpg","_links":{"self":[{"href":"https:\/\/koningdrone.be\/de\/wp-json\/wp\/v2\/product\/6745","targetHints":{"allow":["GET"]}}],"collection":[{"href":"https:\/\/koningdrone.be\/de\/wp-json\/wp\/v2\/product"}],"about":[{"href":"https:\/\/koningdrone.be\/de\/wp-json\/wp\/v2\/types\/product"}],"wp:featuredmedia":[{"embeddable":true,"href":"https:\/\/koningdrone.be\/de\/wp-json\/wp\/v2\/media\/6741"}],"wp:attachment":[{"href":"https:\/\/koningdrone.be\/de\/wp-json\/wp\/v2\/media?parent=6745"}],"wp:term":[{"taxonomy":"product_brand","embeddable":true,"href":"https:\/\/koningdrone.be\/de\/wp-json\/wp\/v2\/product_brand?post=6745"},{"taxonomy":"product_cat","embeddable":true,"href":"https:\/\/koningdrone.be\/de\/wp-json\/wp\/v2\/product_cat?post=6745"},{"taxonomy":"product_tag","embeddable":true,"href":"https:\/\/koningdrone.be\/de\/wp-json\/wp\/v2\/product_tag?post=6745"}],"curies":[{"name":"wp","href":"https:\/\/api.w.org\/{rel}","templated":true}]}}