{"id":6722,"date":"2021-04-16T09:14:17","date_gmt":"2021-04-16T07:14:17","guid":{"rendered":"https:\/\/koningdrone.nl\/kon\/product\/dji-fpv-part-08-lens-protector\/"},"modified":"2026-04-29T10:11:03","modified_gmt":"2026-04-29T08:11:03","slug":"dji-fpv-part-08-lens-protector","status":"publish","type":"product","link":"https:\/\/koningdrone.be\/de\/produkt\/dji-fpv-part-08-lens-protector\/","title":{"rendered":"DJI FPV Objektivschutz"},"content":{"rendered":"<p><strong>Umfassender Schutz<\/strong><\/p>\n<p> Dieses Produkt bietet eine robuste L\u00f6sung zum Schutz Ihres Kameraobjektivs bei Fl\u00fcgen. Es besteht aus drei entscheidenden, abnehmbaren Komponenten: einem robusten Metallschutz, einer hochwertigen Schutzlinse aus geh\u00e4rtetem Glas und der Glaslinse selbst. Dieses Design stellt sicher, dass Ihr Kameraobjektiv vor m\u00f6glichen Sch\u00e4den gesch\u00fctzt ist und garantiert klare, ununterbrochene Bilder, unabh\u00e4ngig von Ihrer Flugerfahrung.<\/p>\n<p><strong>Sichere Befestigung<\/strong><\/p>\n<p> F\u00fcr noch mehr Sicherheit verf\u00fcgt das Produkt \u00fcber einen Metallschutz, der mit Schrauben sicher am Kamerarahmen befestigt werden kann. Dieser Zusatz bietet Sicherheit und gew\u00e4hrleistet, dass der Objektivschutz w\u00e4hrend Ihrer Flugaktivit\u00e4ten an Ort und Stelle bleibt. Egal, ob Sie ein Anf\u00e4nger oder ein erfahrener Flieger sind, diese Funktion ist so konzipiert, dass das Objektiv Ihrer Kamera jederzeit sicher und gesch\u00fctzt ist.<\/p>\n<p><\/p>","protected":false},"excerpt":{"rendered":"<ul>\n<li>Sch\u00fctzt das Kameraobjektiv w\u00e4hrend des Fluges effektiv<\/li>\n<li> Metallschutz mit abnehmbaren Elementen<\/li>\n<li> Inklusive Schutzscheibe aus geh\u00e4rtetem Glas<\/li>\n<li> Abnehmbare Glaslinse f\u00fcr einfache Wartung<\/li>\n<li> Metallschutz mit Schrauben montierbar<\/li>\n<\/ul>","protected":false},"featured_media":6715,"template":"","meta":{"_acf_changed":false},"product_brand":[],"product_cat":[315,97,719],"product_tag":[],"class_list":{"0":"post-6722","1":"product","2":"type-product","3":"status-publish","4":"has-post-thumbnail","6":"product_cat-alle-gimbals-en-cameras","7":"product_cat-alle-producten","8":"product_cat-dji-fpv","9":"product_shipping_class-outofstock","10":"pa_brand-dji","11":"pa_productfamily-lens-protection","12":"pa_producttype-lens-protection","13":"pa_series-fpv","15":"first","16":"outofstock","17":"taxable","18":"shipping-taxable","19":"product-type-simple"},"acf":[],"yoast_head":"<!-- This site is optimized with the Yoast SEO Premium plugin v27.2 (Yoast SEO v27.2) - https:\/\/yoast.com\/product\/yoast-seo-premium-wordpress\/ -->\n<title>DJI FPV Lens Protector - koningdrone.be<\/title>\n<meta name=\"robots\" content=\"index, follow, max-snippet:-1, max-image-preview:large, max-video-preview:-1\" \/>\n<link rel=\"canonical\" href=\"https:\/\/koningdrone.be\/de\/produkt\/dji-fpv-part-08-lens-protector\/\" \/>\n<meta property=\"og:locale\" content=\"de_DE\" \/>\n<meta property=\"og:type\" content=\"article\" \/>\n<meta property=\"og:title\" content=\"DJI FPV Lens Protector\" \/>\n<meta property=\"og:description\" content=\"Beschermt effectief de cameralens tijdens de vlucht Metalen beschermer met afneembare elementen Inclusief beschermlens van gehard glas Afneembare glazen lens voor eenvoudig onderhoud Metalen beschermer monteerbaar met schroeven\" \/>\n<meta property=\"og:url\" content=\"https:\/\/koningdrone.be\/de\/produkt\/dji-fpv-part-08-lens-protector\/\" \/>\n<meta property=\"og:site_name\" content=\"koningdrone.be\" \/>\n<meta property=\"article:modified_time\" content=\"2026-04-29T08:11:03+00:00\" \/>\n<meta property=\"og:image\" content=\"https:\/\/koningdrone.be\/wp-content\/uploads\/sites\/13\/2025\/04\/large_54b71e4d-1213-490b-a46f-6802afaa2a40.jpg\" \/>\n\t<meta property=\"og:image:width\" content=\"1200\" \/>\n\t<meta property=\"og:image:height\" content=\"800\" \/>\n\t<meta property=\"og:image:type\" content=\"image\/jpeg\" \/>\n<meta name=\"twitter:card\" content=\"summary_large_image\" \/>\n<meta name=\"twitter:label1\" content=\"Gesch\u00e4tzte Lesezeit\" \/>\n\t<meta name=\"twitter:data1\" content=\"1\u00a0Minute\" \/>\n<script type=\"application\/ld+json\" class=\"yoast-schema-graph\">{\"@context\":\"https:\/\/schema.org\",\"@graph\":[{\"@type\":\"WebPage\",\"@id\":\"https:\/\/koningdrone.be\/product\/dji-fpv-part-08-lens-protector\/\",\"url\":\"https:\/\/koningdrone.be\/product\/dji-fpv-part-08-lens-protector\/\",\"name\":\"DJI FPV Lens Protector - koningdrone.be\",\"isPartOf\":{\"@id\":\"https:\/\/koningdrone.be\/#website\"},\"primaryImageOfPage\":{\"@id\":\"https:\/\/koningdrone.be\/product\/dji-fpv-part-08-lens-protector\/#primaryimage\"},\"image\":{\"@id\":\"https:\/\/koningdrone.be\/product\/dji-fpv-part-08-lens-protector\/#primaryimage\"},\"thumbnailUrl\":\"https:\/\/koningdrone.be\/wp-content\/uploads\/sites\/13\/2025\/04\/large_54b71e4d-1213-490b-a46f-6802afaa2a40.jpg\",\"datePublished\":\"2021-04-16T07:14:17+00:00\",\"dateModified\":\"2026-04-29T08:11:03+00:00\",\"breadcrumb\":{\"@id\":\"https:\/\/koningdrone.be\/product\/dji-fpv-part-08-lens-protector\/#breadcrumb\"},\"inLanguage\":\"de\",\"potentialAction\":[{\"@type\":\"ReadAction\",\"target\":[\"https:\/\/koningdrone.be\/product\/dji-fpv-part-08-lens-protector\/\"]}]},{\"@type\":\"ImageObject\",\"inLanguage\":\"de\",\"@id\":\"https:\/\/koningdrone.be\/product\/dji-fpv-part-08-lens-protector\/#primaryimage\",\"url\":\"https:\/\/koningdrone.be\/wp-content\/uploads\/sites\/13\/2025\/04\/large_54b71e4d-1213-490b-a46f-6802afaa2a40.jpg\",\"contentUrl\":\"https:\/\/koningdrone.be\/wp-content\/uploads\/sites\/13\/2025\/04\/large_54b71e4d-1213-490b-a46f-6802afaa2a40.jpg\",\"width\":1200,\"height\":800},{\"@type\":\"BreadcrumbList\",\"@id\":\"https:\/\/koningdrone.be\/product\/dji-fpv-part-08-lens-protector\/#breadcrumb\",\"itemListElement\":[{\"@type\":\"ListItem\",\"position\":1,\"name\":\"Home\",\"item\":\"https:\/\/koningdrone.be\/\"},{\"@type\":\"ListItem\",\"position\":2,\"name\":\"AVSS Parachute Recovery System for DJI Matrice 300\/350\",\"item\":\"https:\/\/koningdrone.be\/product\/avss-parachute-recovery-system-for-dji-matrice-300-350\/\"},{\"@type\":\"ListItem\",\"position\":3,\"name\":\"Alle gimbals en cameras\",\"item\":\"https:\/\/koningdrone.be\/categorie\/alle-gimbals-en-cameras\/\"},{\"@type\":\"ListItem\",\"position\":4,\"name\":\"DJI FPV Lens Protector\"}]},{\"@type\":\"WebSite\",\"@id\":\"https:\/\/koningdrone.be\/#website\",\"url\":\"https:\/\/koningdrone.be\/\",\"name\":\"Koningdrone.be - Uw online specialist in drones, gimbals, camera's en power stations.\",\"description\":\"De webshop in drones en gimbals\",\"publisher\":{\"@id\":\"https:\/\/koningdrone.be\/#organization\"},\"potentialAction\":[{\"@type\":\"SearchAction\",\"target\":{\"@type\":\"EntryPoint\",\"urlTemplate\":\"https:\/\/koningdrone.be\/?s={search_term_string}\"},\"query-input\":{\"@type\":\"PropertyValueSpecification\",\"valueRequired\":true,\"valueName\":\"search_term_string\"}}],\"inLanguage\":\"de\"},{\"@type\":\"Organization\",\"@id\":\"https:\/\/koningdrone.be\/#organization\",\"name\":\"Koningdrone.be\",\"url\":\"https:\/\/koningdrone.be\/\",\"logo\":{\"@type\":\"ImageObject\",\"inLanguage\":\"de\",\"@id\":\"https:\/\/koningdrone.be\/#\/schema\/logo\/image\/\",\"url\":\"https:\/\/koningdrone.be\/wp-content\/uploads\/sites\/13\/2025\/04\/koningdrone-copyright-logo.svg\",\"contentUrl\":\"https:\/\/koningdrone.be\/wp-content\/uploads\/sites\/13\/2025\/04\/koningdrone-copyright-logo.svg\",\"width\":227,\"height\":38,\"caption\":\"Koningdrone.be\"},\"image\":{\"@id\":\"https:\/\/koningdrone.be\/#\/schema\/logo\/image\/\"}}]}<\/script>\n<!-- \/ Yoast SEO Premium plugin. -->","yoast_head_json":{"title":"DJI FPV Lens Protector - koningdrone.be","robots":{"index":"index","follow":"follow","max-snippet":"max-snippet:-1","max-image-preview":"max-image-preview:large","max-video-preview":"max-video-preview:-1"},"canonical":"https:\/\/koningdrone.be\/de\/produkt\/dji-fpv-part-08-lens-protector\/","og_locale":"de_DE","og_type":"article","og_title":"DJI FPV Lens Protector","og_description":"Beschermt effectief de cameralens tijdens de vlucht Metalen beschermer met afneembare elementen Inclusief beschermlens van gehard glas Afneembare glazen lens voor eenvoudig onderhoud Metalen beschermer monteerbaar met schroeven","og_url":"https:\/\/koningdrone.be\/de\/produkt\/dji-fpv-part-08-lens-protector\/","og_site_name":"koningdrone.be","article_modified_time":"2026-04-29T08:11:03+00:00","og_image":[{"width":1200,"height":800,"url":"https:\/\/koningdrone.be\/wp-content\/uploads\/sites\/13\/2025\/04\/large_54b71e4d-1213-490b-a46f-6802afaa2a40.jpg","type":"image\/jpeg"}],"twitter_card":"summary_large_image","twitter_misc":{"Gesch\u00e4tzte Lesezeit":"1\u00a0Minute"},"schema":{"@context":"https:\/\/schema.org","@graph":[{"@type":"WebPage","@id":"https:\/\/koningdrone.be\/product\/dji-fpv-part-08-lens-protector\/","url":"https:\/\/koningdrone.be\/product\/dji-fpv-part-08-lens-protector\/","name":"DJI FPV Lens Protector - koningdrone.be","isPartOf":{"@id":"https:\/\/koningdrone.be\/#website"},"primaryImageOfPage":{"@id":"https:\/\/koningdrone.be\/product\/dji-fpv-part-08-lens-protector\/#primaryimage"},"image":{"@id":"https:\/\/koningdrone.be\/product\/dji-fpv-part-08-lens-protector\/#primaryimage"},"thumbnailUrl":"https:\/\/koningdrone.be\/wp-content\/uploads\/sites\/13\/2025\/04\/large_54b71e4d-1213-490b-a46f-6802afaa2a40.jpg","datePublished":"2021-04-16T07:14:17+00:00","dateModified":"2026-04-29T08:11:03+00:00","breadcrumb":{"@id":"https:\/\/koningdrone.be\/product\/dji-fpv-part-08-lens-protector\/#breadcrumb"},"inLanguage":"de","potentialAction":[{"@type":"ReadAction","target":["https:\/\/koningdrone.be\/product\/dji-fpv-part-08-lens-protector\/"]}]},{"@type":"ImageObject","inLanguage":"de","@id":"https:\/\/koningdrone.be\/product\/dji-fpv-part-08-lens-protector\/#primaryimage","url":"https:\/\/koningdrone.be\/wp-content\/uploads\/sites\/13\/2025\/04\/large_54b71e4d-1213-490b-a46f-6802afaa2a40.jpg","contentUrl":"https:\/\/koningdrone.be\/wp-content\/uploads\/sites\/13\/2025\/04\/large_54b71e4d-1213-490b-a46f-6802afaa2a40.jpg","width":1200,"height":800},{"@type":"BreadcrumbList","@id":"https:\/\/koningdrone.be\/product\/dji-fpv-part-08-lens-protector\/#breadcrumb","itemListElement":[{"@type":"ListItem","position":1,"name":"Home","item":"https:\/\/koningdrone.be\/"},{"@type":"ListItem","position":2,"name":"AVSS Parachute Recovery System for DJI Matrice 300\/350","item":"https:\/\/koningdrone.be\/product\/avss-parachute-recovery-system-for-dji-matrice-300-350\/"},{"@type":"ListItem","position":3,"name":"Alle gimbals en cameras","item":"https:\/\/koningdrone.be\/categorie\/alle-gimbals-en-cameras\/"},{"@type":"ListItem","position":4,"name":"DJI FPV Lens Protector"}]},{"@type":"WebSite","@id":"https:\/\/koningdrone.be\/#website","url":"https:\/\/koningdrone.be\/","name":"Koningdrone.be - Ihr Online-Spezialist f\u00fcr Drohnen, Gimbals, Kameras und Kraftwerke.","description":"Der Webshop f\u00fcr Drohnen und Gimbals","publisher":{"@id":"https:\/\/koningdrone.be\/#organization"},"potentialAction":[{"@type":"SearchAction","target":{"@type":"EntryPoint","urlTemplate":"https:\/\/koningdrone.be\/?s={search_term_string}"},"query-input":{"@type":"PropertyValueSpecification","valueRequired":true,"valueName":"search_term_string"}}],"inLanguage":"de"},{"@type":"Organization","@id":"https:\/\/koningdrone.be\/#organization","name":"Kingdrone.de","url":"https:\/\/koningdrone.be\/","logo":{"@type":"ImageObject","inLanguage":"de","@id":"https:\/\/koningdrone.be\/#\/schema\/logo\/image\/","url":"https:\/\/koningdrone.be\/wp-content\/uploads\/sites\/13\/2025\/04\/koningdrone-copyright-logo.svg","contentUrl":"https:\/\/koningdrone.be\/wp-content\/uploads\/sites\/13\/2025\/04\/koningdrone-copyright-logo.svg","width":227,"height":38,"caption":"Koningdrone.be"},"image":{"@id":"https:\/\/koningdrone.be\/#\/schema\/logo\/image\/"}}]}},"df_price":"","df_sale_price":"","df_regular_price":"","df_image_link":"https:\/\/koningdrone.be\/wp-content\/uploads\/sites\/13\/2025\/04\/large_54b71e4d-1213-490b-a46f-6802afaa2a40-300x200.jpg","_links":{"self":[{"href":"https:\/\/koningdrone.be\/de\/wp-json\/wp\/v2\/product\/6722","targetHints":{"allow":["GET"]}}],"collection":[{"href":"https:\/\/koningdrone.be\/de\/wp-json\/wp\/v2\/product"}],"about":[{"href":"https:\/\/koningdrone.be\/de\/wp-json\/wp\/v2\/types\/product"}],"wp:featuredmedia":[{"embeddable":true,"href":"https:\/\/koningdrone.be\/de\/wp-json\/wp\/v2\/media\/6715"}],"wp:attachment":[{"href":"https:\/\/koningdrone.be\/de\/wp-json\/wp\/v2\/media?parent=6722"}],"wp:term":[{"taxonomy":"product_brand","embeddable":true,"href":"https:\/\/koningdrone.be\/de\/wp-json\/wp\/v2\/product_brand?post=6722"},{"taxonomy":"product_cat","embeddable":true,"href":"https:\/\/koningdrone.be\/de\/wp-json\/wp\/v2\/product_cat?post=6722"},{"taxonomy":"product_tag","embeddable":true,"href":"https:\/\/koningdrone.be\/de\/wp-json\/wp\/v2\/product_tag?post=6722"}],"curies":[{"name":"wp","href":"https:\/\/api.w.org\/{rel}","templated":true}]}}