{"id":6697,"date":"2021-04-16T09:14:32","date_gmt":"2021-04-16T07:14:32","guid":{"rendered":"https:\/\/koningdrone.nl\/kon\/product\/flir-vue-tz20-60hz\/"},"modified":"2026-04-29T08:20:43","modified_gmt":"2026-04-29T06:20:43","slug":"flir-vue-tz20-60hz","status":"publish","type":"product","link":"https:\/\/koningdrone.be\/de\/produkt\/flir-vue-tz20-60hz\/","title":{"rendered":"FLIR Vue TZ20"},"content":{"rendered":"<h1>FLIR VUE TZ20 60Hz<\/h1>\n<p>Die Dual-Boson\u00ae FLIR Vue\u00ae TZ20 Plug-and-Play-Nutzlast wurde entwickelt, um den Erfolg von Missionen zu verbessern, und ist vollst\u00e4ndig in die DJI V2 Matrice 200er- und 300er-Frames integriert. Dieses System bietet ein breites 95-Grad-Sichtfeld f\u00fcr maximale Umgebungserfassung und ein schmales 18-Grad-Sichtfeld, um bei Bedarf mehr Pixel auf dem Ziel zu platzieren. Mit ihrem 20-fachen Zoom erm\u00f6glicht die FLIR Vue TZ20 Drohne Piloten aus dem Bereich der \u00f6ffentlichen Sicherheit und der industriellen Inspektion ein flexibles Sichtfeld mit verbesserten Bilddetails und Vergr\u00f6\u00dferungen, um Situationen zu beurteilen und wichtige Entscheidungen zu treffen.<\/p>\n<p><strong>20-FACHER THERMISCHER ZOOM ZUR UNTERST\u00dcTZUNG DER SITUATIONSERKENNUNG<\/strong><br \/>Breites Sichtfeld zur Abdeckung gro\u00dfer Bereiche in einem einzigen Flug oder zur Eingrenzung eines Ziels mit 2- bis 20-fachem Zoom f\u00fcr verbesserte Bilddetails<\/p>\n<p><strong>ZWEI HOCHAUFL\u00d6SENDE FLIR-BOSON-KAMERAS<\/strong><br \/>Werkskalibrierte, duale 640 \u00d7 512 Boson-W\u00e4rmebildkameras mit erweiterbarem Infrarot-Videostreaming bei 30 Hz<\/p>\n<p><strong>Plug and Play\u00a0<\/strong><br \/>Das Plug-and-Play-Modell l\u00e4sst sich schnell mit dem Skyport V2.0 Gimbal verbinden und ist kompatibel mit den DJI V2 M200 und M300 Flugmodellen<\/p>\n<p><strong>ELEKTRISCH UND MECHANISCH<\/strong><br \/>Mechanische Schnittstelle Skyport 2.0<\/p>\n<p><strong>UMWELT &amp; ZULASSUNGEN<\/strong><br \/>Speicherplatz 2 micro SD-Karten.<br \/>Betriebs- und Lagertemperatur -20 bis 45\u00b0C (-4 bis 113\u00b0F).<br \/>Getestetes EMI-Verhalten -20 bis 60\u00b0C (-4 bis 140\u00b0F).<br \/>Umgebungsabdichtung IP44.<\/p>\n<p><strong>BILD &amp; OPTIK<\/strong><br \/>Array-Format 2 Boson 640 \u00d7 512.<br \/>Videostreaming 640 \u00d7 512 bei 30 Hz.<br \/>Optische IR-Kamera Weiter Betrachtungswinkel: 95\u00b0 HFOV, 4,9 mm EFL.<br \/>Enges Sichtfeld: 18\u00b0 HFOV, 24 mm EFL.<\/p>\n<p><strong>METER-DATEN<\/strong><br \/>Standbilderfassung: TIFF.<br \/>Video: MPEG (wie bei Streaming).<br \/>Mehrseitiges TIFF: breites und schmales FOV.<\/p>\n<p><strong>POWER<\/strong><br \/>Skyport 2.0 elektrische Schnittstelle, 13,6 V \/ 4 A<\/p>\n<p> - Gewicht 640 Gramm<br \/> - Zoom 5x optisch (WFOV \/ NFOV), 4x digital<br \/> - Effektiver Zoom: 1x (95\u00b0), 2x, 5x, 10x, 20x (4,5\u00b0)<br \/> - Bodenkontrolle DJI Pilot App<br \/> - Casco Kapazit\u00e4t DJI V2 Matrice 200 Serie und Matrice 300<\/p>","protected":false},"excerpt":{"rendered":"<ul>\n<li>Abmessungen der Nutzlast: 75 \u00d7 70 \u00d7 55 mm<\/li>\n<li>Mit kardanischer Aufh\u00e4ngung: 128 \u00d7 154 \u00d7 141 mm<\/li>\n<li>Pixelabstand 12 \u00b5m LWIR<\/li>\n<li>Thermische Empfindlichkeit 85 mK @ F \/ 1,0<\/li>\n<\/ul>","protected":false},"featured_media":6695,"template":"","meta":{"_acf_changed":false},"product_brand":[],"product_cat":[298,126,97,316],"product_tag":[],"class_list":{"0":"post-6697","1":"product","2":"type-product","3":"status-publish","4":"has-post-thumbnail","6":"product_cat-alle-industriele-camera","7":"product_cat-alle-payloads","8":"product_cat-alle-producten","9":"product_cat-dji-zenmuse","10":"product_shipping_class-outofstock","11":"pa_brand-flir","12":"pa_productfamily-warmtebeeldcamera","13":"pa_producttype-warmtebeeldcamera","14":"pa_series-tz20","16":"first","17":"outofstock","18":"taxable","19":"shipping-taxable","20":"product-type-simple"},"acf":[],"yoast_head":"<!-- This site is optimized with the Yoast SEO Premium plugin v27.2 (Yoast SEO v27.2) - https:\/\/yoast.com\/product\/yoast-seo-premium-wordpress\/ -->\n<title>FLIR Vue TZ20 - koningdrone.be<\/title>\n<meta name=\"robots\" content=\"index, follow, max-snippet:-1, max-image-preview:large, max-video-preview:-1\" \/>\n<link rel=\"canonical\" href=\"https:\/\/koningdrone.be\/de\/produkt\/flir-vue-tz20-60hz\/\" \/>\n<meta property=\"og:locale\" content=\"de_DE\" \/>\n<meta property=\"og:type\" content=\"article\" \/>\n<meta property=\"og:title\" content=\"FLIR Vue TZ20\" \/>\n<meta property=\"og:description\" content=\"Afmetingen laadvermogen: 75 \u00d7 70 \u00d7 55 mmMet cardanische ophanging: 128 \u00d7 154 \u00d7 141 mmPixel Pitch 12 \u00b5m LWIRThermische gevoeligheid 85 mK @ F \/ 1.0\" \/>\n<meta property=\"og:url\" content=\"https:\/\/koningdrone.be\/de\/produkt\/flir-vue-tz20-60hz\/\" \/>\n<meta property=\"og:site_name\" content=\"koningdrone.be\" \/>\n<meta property=\"article:modified_time\" content=\"2026-04-29T06:20:43+00:00\" \/>\n<meta property=\"og:image\" content=\"https:\/\/koningdrone.be\/wp-content\/uploads\/sites\/13\/2025\/04\/4251088413954-1.jpg\" \/>\n\t<meta property=\"og:image:width\" content=\"500\" \/>\n\t<meta property=\"og:image:height\" content=\"500\" \/>\n\t<meta property=\"og:image:type\" content=\"image\/jpeg\" \/>\n<meta name=\"twitter:card\" content=\"summary_large_image\" \/>\n<meta name=\"twitter:label1\" content=\"Gesch\u00e4tzte Lesezeit\" \/>\n\t<meta name=\"twitter:data1\" content=\"1\u00a0Minute\" \/>\n<script type=\"application\/ld+json\" class=\"yoast-schema-graph\">{\"@context\":\"https:\/\/schema.org\",\"@graph\":[{\"@type\":\"WebPage\",\"@id\":\"https:\/\/koningdrone.be\/product\/flir-vue-tz20-60hz\/\",\"url\":\"https:\/\/koningdrone.be\/product\/flir-vue-tz20-60hz\/\",\"name\":\"FLIR Vue TZ20 - koningdrone.be\",\"isPartOf\":{\"@id\":\"https:\/\/koningdrone.be\/#website\"},\"primaryImageOfPage\":{\"@id\":\"https:\/\/koningdrone.be\/product\/flir-vue-tz20-60hz\/#primaryimage\"},\"image\":{\"@id\":\"https:\/\/koningdrone.be\/product\/flir-vue-tz20-60hz\/#primaryimage\"},\"thumbnailUrl\":\"https:\/\/koningdrone.be\/wp-content\/uploads\/sites\/13\/2025\/04\/4251088413954-1.jpg\",\"datePublished\":\"2021-04-16T07:14:32+00:00\",\"dateModified\":\"2026-04-29T06:20:43+00:00\",\"breadcrumb\":{\"@id\":\"https:\/\/koningdrone.be\/product\/flir-vue-tz20-60hz\/#breadcrumb\"},\"inLanguage\":\"de\",\"potentialAction\":[{\"@type\":\"ReadAction\",\"target\":[\"https:\/\/koningdrone.be\/product\/flir-vue-tz20-60hz\/\"]}]},{\"@type\":\"ImageObject\",\"inLanguage\":\"de\",\"@id\":\"https:\/\/koningdrone.be\/product\/flir-vue-tz20-60hz\/#primaryimage\",\"url\":\"https:\/\/koningdrone.be\/wp-content\/uploads\/sites\/13\/2025\/04\/4251088413954-1.jpg\",\"contentUrl\":\"https:\/\/koningdrone.be\/wp-content\/uploads\/sites\/13\/2025\/04\/4251088413954-1.jpg\",\"width\":500,\"height\":500},{\"@type\":\"BreadcrumbList\",\"@id\":\"https:\/\/koningdrone.be\/product\/flir-vue-tz20-60hz\/#breadcrumb\",\"itemListElement\":[{\"@type\":\"ListItem\",\"position\":1,\"name\":\"Home\",\"item\":\"https:\/\/koningdrone.be\/\"},{\"@type\":\"ListItem\",\"position\":2,\"name\":\"AVSS Parachute Recovery System for DJI Matrice 300\/350\",\"item\":\"https:\/\/koningdrone.be\/product\/avss-parachute-recovery-system-for-dji-matrice-300-350\/\"},{\"@type\":\"ListItem\",\"position\":3,\"name\":\"Alle industriele camera\",\"item\":\"https:\/\/koningdrone.be\/categorie\/alle-industriele-camera\/\"},{\"@type\":\"ListItem\",\"position\":4,\"name\":\"FLIR Vue TZ20\"}]},{\"@type\":\"WebSite\",\"@id\":\"https:\/\/koningdrone.be\/#website\",\"url\":\"https:\/\/koningdrone.be\/\",\"name\":\"Koningdrone.be - Uw online specialist in drones, gimbals, camera's en power stations.\",\"description\":\"De webshop in drones en gimbals\",\"publisher\":{\"@id\":\"https:\/\/koningdrone.be\/#organization\"},\"potentialAction\":[{\"@type\":\"SearchAction\",\"target\":{\"@type\":\"EntryPoint\",\"urlTemplate\":\"https:\/\/koningdrone.be\/?s={search_term_string}\"},\"query-input\":{\"@type\":\"PropertyValueSpecification\",\"valueRequired\":true,\"valueName\":\"search_term_string\"}}],\"inLanguage\":\"de\"},{\"@type\":\"Organization\",\"@id\":\"https:\/\/koningdrone.be\/#organization\",\"name\":\"Koningdrone.be\",\"url\":\"https:\/\/koningdrone.be\/\",\"logo\":{\"@type\":\"ImageObject\",\"inLanguage\":\"de\",\"@id\":\"https:\/\/koningdrone.be\/#\/schema\/logo\/image\/\",\"url\":\"https:\/\/koningdrone.be\/wp-content\/uploads\/sites\/13\/2025\/04\/koningdrone-copyright-logo.svg\",\"contentUrl\":\"https:\/\/koningdrone.be\/wp-content\/uploads\/sites\/13\/2025\/04\/koningdrone-copyright-logo.svg\",\"width\":227,\"height\":38,\"caption\":\"Koningdrone.be\"},\"image\":{\"@id\":\"https:\/\/koningdrone.be\/#\/schema\/logo\/image\/\"}}]}<\/script>\n<!-- \/ Yoast SEO Premium plugin. -->","yoast_head_json":{"title":"FLIR Vue TZ20 - koningdrone.be","robots":{"index":"index","follow":"follow","max-snippet":"max-snippet:-1","max-image-preview":"max-image-preview:large","max-video-preview":"max-video-preview:-1"},"canonical":"https:\/\/koningdrone.be\/de\/produkt\/flir-vue-tz20-60hz\/","og_locale":"de_DE","og_type":"article","og_title":"FLIR Vue TZ20","og_description":"Afmetingen laadvermogen: 75 \u00d7 70 \u00d7 55 mmMet cardanische ophanging: 128 \u00d7 154 \u00d7 141 mmPixel Pitch 12 \u00b5m LWIRThermische gevoeligheid 85 mK @ F \/ 1.0","og_url":"https:\/\/koningdrone.be\/de\/produkt\/flir-vue-tz20-60hz\/","og_site_name":"koningdrone.be","article_modified_time":"2026-04-29T06:20:43+00:00","og_image":[{"width":500,"height":500,"url":"https:\/\/koningdrone.be\/wp-content\/uploads\/sites\/13\/2025\/04\/4251088413954-1.jpg","type":"image\/jpeg"}],"twitter_card":"summary_large_image","twitter_misc":{"Gesch\u00e4tzte Lesezeit":"1\u00a0Minute"},"schema":{"@context":"https:\/\/schema.org","@graph":[{"@type":"WebPage","@id":"https:\/\/koningdrone.be\/product\/flir-vue-tz20-60hz\/","url":"https:\/\/koningdrone.be\/product\/flir-vue-tz20-60hz\/","name":"FLIR Vue TZ20 - koningdrone.be","isPartOf":{"@id":"https:\/\/koningdrone.be\/#website"},"primaryImageOfPage":{"@id":"https:\/\/koningdrone.be\/product\/flir-vue-tz20-60hz\/#primaryimage"},"image":{"@id":"https:\/\/koningdrone.be\/product\/flir-vue-tz20-60hz\/#primaryimage"},"thumbnailUrl":"https:\/\/koningdrone.be\/wp-content\/uploads\/sites\/13\/2025\/04\/4251088413954-1.jpg","datePublished":"2021-04-16T07:14:32+00:00","dateModified":"2026-04-29T06:20:43+00:00","breadcrumb":{"@id":"https:\/\/koningdrone.be\/product\/flir-vue-tz20-60hz\/#breadcrumb"},"inLanguage":"de","potentialAction":[{"@type":"ReadAction","target":["https:\/\/koningdrone.be\/product\/flir-vue-tz20-60hz\/"]}]},{"@type":"ImageObject","inLanguage":"de","@id":"https:\/\/koningdrone.be\/product\/flir-vue-tz20-60hz\/#primaryimage","url":"https:\/\/koningdrone.be\/wp-content\/uploads\/sites\/13\/2025\/04\/4251088413954-1.jpg","contentUrl":"https:\/\/koningdrone.be\/wp-content\/uploads\/sites\/13\/2025\/04\/4251088413954-1.jpg","width":500,"height":500},{"@type":"BreadcrumbList","@id":"https:\/\/koningdrone.be\/product\/flir-vue-tz20-60hz\/#breadcrumb","itemListElement":[{"@type":"ListItem","position":1,"name":"Home","item":"https:\/\/koningdrone.be\/"},{"@type":"ListItem","position":2,"name":"AVSS Parachute Recovery System for DJI Matrice 300\/350","item":"https:\/\/koningdrone.be\/product\/avss-parachute-recovery-system-for-dji-matrice-300-350\/"},{"@type":"ListItem","position":3,"name":"Alle industriele camera","item":"https:\/\/koningdrone.be\/categorie\/alle-industriele-camera\/"},{"@type":"ListItem","position":4,"name":"FLIR Vue TZ20"}]},{"@type":"WebSite","@id":"https:\/\/koningdrone.be\/#website","url":"https:\/\/koningdrone.be\/","name":"Koningdrone.be - Ihr Online-Spezialist f\u00fcr Drohnen, Gimbals, Kameras und Kraftwerke.","description":"Der Webshop f\u00fcr Drohnen und Gimbals","publisher":{"@id":"https:\/\/koningdrone.be\/#organization"},"potentialAction":[{"@type":"SearchAction","target":{"@type":"EntryPoint","urlTemplate":"https:\/\/koningdrone.be\/?s={search_term_string}"},"query-input":{"@type":"PropertyValueSpecification","valueRequired":true,"valueName":"search_term_string"}}],"inLanguage":"de"},{"@type":"Organization","@id":"https:\/\/koningdrone.be\/#organization","name":"Kingdrone.de","url":"https:\/\/koningdrone.be\/","logo":{"@type":"ImageObject","inLanguage":"de","@id":"https:\/\/koningdrone.be\/#\/schema\/logo\/image\/","url":"https:\/\/koningdrone.be\/wp-content\/uploads\/sites\/13\/2025\/04\/koningdrone-copyright-logo.svg","contentUrl":"https:\/\/koningdrone.be\/wp-content\/uploads\/sites\/13\/2025\/04\/koningdrone-copyright-logo.svg","width":227,"height":38,"caption":"Koningdrone.be"},"image":{"@id":"https:\/\/koningdrone.be\/#\/schema\/logo\/image\/"}}]}},"df_price":"","df_sale_price":"","df_regular_price":"","df_image_link":"https:\/\/koningdrone.be\/wp-content\/uploads\/sites\/13\/2025\/04\/4251088413954-1-300x300.jpg","_links":{"self":[{"href":"https:\/\/koningdrone.be\/de\/wp-json\/wp\/v2\/product\/6697","targetHints":{"allow":["GET"]}}],"collection":[{"href":"https:\/\/koningdrone.be\/de\/wp-json\/wp\/v2\/product"}],"about":[{"href":"https:\/\/koningdrone.be\/de\/wp-json\/wp\/v2\/types\/product"}],"wp:featuredmedia":[{"embeddable":true,"href":"https:\/\/koningdrone.be\/de\/wp-json\/wp\/v2\/media\/6695"}],"wp:attachment":[{"href":"https:\/\/koningdrone.be\/de\/wp-json\/wp\/v2\/media?parent=6697"}],"wp:term":[{"taxonomy":"product_brand","embeddable":true,"href":"https:\/\/koningdrone.be\/de\/wp-json\/wp\/v2\/product_brand?post=6697"},{"taxonomy":"product_cat","embeddable":true,"href":"https:\/\/koningdrone.be\/de\/wp-json\/wp\/v2\/product_cat?post=6697"},{"taxonomy":"product_tag","embeddable":true,"href":"https:\/\/koningdrone.be\/de\/wp-json\/wp\/v2\/product_tag?post=6697"}],"curies":[{"name":"wp","href":"https:\/\/api.w.org\/{rel}","templated":true}]}}