{"id":6694,"date":"2021-04-16T09:14:32","date_gmt":"2021-04-16T07:14:32","guid":{"rendered":"https:\/\/koningdrone.nl\/kon\/product\/flir-zenmuse-xt2-radio-640x512-30fps-19mm\/"},"modified":"2026-04-29T08:20:42","modified_gmt":"2026-04-29T06:20:42","slug":"flir-zenmuse-xt2-radio-640x512-30fps-19mm","status":"publish","type":"product","link":"https:\/\/koningdrone.be\/de\/produkt\/flir-zenmuse-xt2-radio-640x512-30fps-19mm\/","title":{"rendered":"FLIR Zenmuse XT2 Funkger\u00e4t. 640\u00d7512 30FPS 19mm"},"content":{"rendered":"<h1>FLIR Zenmuse XT2 Funkger\u00e4t 640\u00d7512 30FPS 19mm<\/h1>\n<p>W\u00e4rmebildkamera f\u00fcr eine Vielzahl von Anwendungen bei Polizei, Feuerwehr, Landwirtschaft, Bergwacht, THW und Rettungsdiensten.<\/p>\n<p>Der W\u00e4rmebildkamera-Hubschrauber leistet zum Beispiel bei der thermografischen Untersuchung von Photovoltaikanlagen, unzug\u00e4nglichen Geb\u00e4uden, Hochspannungsleitungen sowie bei Feuerwehr-, Rettungs- und Polizeieins\u00e4tzen n\u00fctzliche Dienste.<\/p>\n<p>Eine mit einer W\u00e4rmebildkamera ausgestattete Drohne ist die perfekte L\u00f6sung f\u00fcr verschiedene Anwendungsszenarien, z. B:<br \/> - \u00dcberpr\u00fcfung der (Haus-)Isolierung und der Sonnenkollektoren<br \/> - Nachweise von Wildtieren<br \/> - Erkennung von Personen (Suche nach vermissten Personen \/ Aufgreifen von fl\u00fcchtigen Straft\u00e4tern)<br \/> - Suchen Sie nach Glut und Brandherden<\/p>\n<p>Die Aufnahme von W\u00e4rmebildern aus der Luft war noch nie so einfach wie mit der DJI Zenmuse XT. Die Zenmuse XT kombiniert die un\u00fcbertroffene Gimbal-Technologie von DJI mit der f\u00fchrenden W\u00e4rmebildtechnologie von FLIR und ist die ultimative L\u00f6sung f\u00fcr schnelle und zuverl\u00e4ssige Thermografie aus der Luft. Nehmen Sie noch schneller und mit h\u00f6chster Pr\u00e4zision Fotos \u00fcber gro\u00dfe Fl\u00e4chen auf und speichern Sie sie f\u00fcr Analysen und Berichte.<\/p>","protected":false},"excerpt":{"rendered":"<ul>\n<li>W\u00e4rmebildkamera<\/li>\n<li>000D_<\/li>\n<li>Unterschiedliche Anwendungen<\/li>\n<\/ul>","protected":false},"featured_media":6689,"template":"","meta":{"_acf_changed":false},"product_brand":[],"product_cat":[298,126,97,316],"product_tag":[],"class_list":{"0":"post-6694","1":"product","2":"type-product","3":"status-publish","4":"has-post-thumbnail","6":"product_cat-alle-industriele-camera","7":"product_cat-alle-payloads","8":"product_cat-alle-producten","9":"product_cat-dji-zenmuse","10":"product_shipping_class-outofstock","11":"pa_brand-flir","12":"pa_productfamily-warmtebeeldcamera","13":"pa_producttype-warmtebeeldcamera","14":"pa_series-zenmuse-xt2","16":"first","17":"outofstock","18":"taxable","19":"shipping-taxable","20":"product-type-simple"},"acf":[],"yoast_head":"<!-- This site is optimized with the Yoast SEO Premium plugin v27.2 (Yoast SEO v27.2) - https:\/\/yoast.com\/product\/yoast-seo-premium-wordpress\/ -->\n<title>FLIR Zenmuse XT2 Radio. 640x512 30FPS 19mm - koningdrone.be<\/title>\n<meta name=\"robots\" content=\"index, follow, max-snippet:-1, max-image-preview:large, max-video-preview:-1\" \/>\n<link rel=\"canonical\" href=\"https:\/\/koningdrone.be\/de\/produkt\/flir-zenmuse-xt2-radio-640x512-30fps-19mm\/\" \/>\n<meta property=\"og:locale\" content=\"de_DE\" \/>\n<meta property=\"og:type\" content=\"article\" \/>\n<meta property=\"og:title\" content=\"FLIR Zenmuse XT2 Radio. 640x512 30FPS 19mm\" \/>\n<meta property=\"og:description\" content=\"Warmtebeeldcamera000D_Uiteenlopende toepassingen\" \/>\n<meta property=\"og:url\" content=\"https:\/\/koningdrone.be\/de\/produkt\/flir-zenmuse-xt2-radio-640x512-30fps-19mm\/\" \/>\n<meta property=\"og:site_name\" content=\"koningdrone.be\" \/>\n<meta property=\"article:modified_time\" content=\"2026-04-29T06:20:42+00:00\" \/>\n<meta property=\"og:image\" content=\"https:\/\/koningdrone.be\/wp-content\/uploads\/sites\/13\/2025\/04\/4251088412957-1.jpg\" \/>\n\t<meta property=\"og:image:width\" content=\"1280\" \/>\n\t<meta property=\"og:image:height\" content=\"800\" \/>\n\t<meta property=\"og:image:type\" content=\"image\/jpeg\" \/>\n<meta name=\"twitter:card\" content=\"summary_large_image\" \/>\n<meta name=\"twitter:label1\" content=\"Gesch\u00e4tzte Lesezeit\" \/>\n\t<meta name=\"twitter:data1\" content=\"1\u00a0Minute\" \/>\n<script type=\"application\/ld+json\" class=\"yoast-schema-graph\">{\"@context\":\"https:\/\/schema.org\",\"@graph\":[{\"@type\":\"WebPage\",\"@id\":\"https:\/\/koningdrone.be\/product\/flir-zenmuse-xt2-radio-640x512-30fps-19mm\/\",\"url\":\"https:\/\/koningdrone.be\/product\/flir-zenmuse-xt2-radio-640x512-30fps-19mm\/\",\"name\":\"FLIR Zenmuse XT2 Radio. 640x512 30FPS 19mm - koningdrone.be\",\"isPartOf\":{\"@id\":\"https:\/\/koningdrone.be\/#website\"},\"primaryImageOfPage\":{\"@id\":\"https:\/\/koningdrone.be\/product\/flir-zenmuse-xt2-radio-640x512-30fps-19mm\/#primaryimage\"},\"image\":{\"@id\":\"https:\/\/koningdrone.be\/product\/flir-zenmuse-xt2-radio-640x512-30fps-19mm\/#primaryimage\"},\"thumbnailUrl\":\"https:\/\/koningdrone.be\/wp-content\/uploads\/sites\/13\/2025\/04\/4251088412957-1.jpg\",\"datePublished\":\"2021-04-16T07:14:32+00:00\",\"dateModified\":\"2026-04-29T06:20:42+00:00\",\"breadcrumb\":{\"@id\":\"https:\/\/koningdrone.be\/product\/flir-zenmuse-xt2-radio-640x512-30fps-19mm\/#breadcrumb\"},\"inLanguage\":\"de\",\"potentialAction\":[{\"@type\":\"ReadAction\",\"target\":[\"https:\/\/koningdrone.be\/product\/flir-zenmuse-xt2-radio-640x512-30fps-19mm\/\"]}]},{\"@type\":\"ImageObject\",\"inLanguage\":\"de\",\"@id\":\"https:\/\/koningdrone.be\/product\/flir-zenmuse-xt2-radio-640x512-30fps-19mm\/#primaryimage\",\"url\":\"https:\/\/koningdrone.be\/wp-content\/uploads\/sites\/13\/2025\/04\/4251088412957-1.jpg\",\"contentUrl\":\"https:\/\/koningdrone.be\/wp-content\/uploads\/sites\/13\/2025\/04\/4251088412957-1.jpg\",\"width\":1280,\"height\":800},{\"@type\":\"BreadcrumbList\",\"@id\":\"https:\/\/koningdrone.be\/product\/flir-zenmuse-xt2-radio-640x512-30fps-19mm\/#breadcrumb\",\"itemListElement\":[{\"@type\":\"ListItem\",\"position\":1,\"name\":\"Home\",\"item\":\"https:\/\/koningdrone.be\/\"},{\"@type\":\"ListItem\",\"position\":2,\"name\":\"AVSS Parachute Recovery System for DJI Matrice 300\/350\",\"item\":\"https:\/\/koningdrone.be\/product\/avss-parachute-recovery-system-for-dji-matrice-300-350\/\"},{\"@type\":\"ListItem\",\"position\":3,\"name\":\"Alle industriele camera\",\"item\":\"https:\/\/koningdrone.be\/categorie\/alle-industriele-camera\/\"},{\"@type\":\"ListItem\",\"position\":4,\"name\":\"FLIR Zenmuse XT2 Radio. 640&#215;512 30FPS 19mm\"}]},{\"@type\":\"WebSite\",\"@id\":\"https:\/\/koningdrone.be\/#website\",\"url\":\"https:\/\/koningdrone.be\/\",\"name\":\"Koningdrone.be - Uw online specialist in drones, gimbals, camera's en power stations.\",\"description\":\"De webshop in drones en gimbals\",\"publisher\":{\"@id\":\"https:\/\/koningdrone.be\/#organization\"},\"potentialAction\":[{\"@type\":\"SearchAction\",\"target\":{\"@type\":\"EntryPoint\",\"urlTemplate\":\"https:\/\/koningdrone.be\/?s={search_term_string}\"},\"query-input\":{\"@type\":\"PropertyValueSpecification\",\"valueRequired\":true,\"valueName\":\"search_term_string\"}}],\"inLanguage\":\"de\"},{\"@type\":\"Organization\",\"@id\":\"https:\/\/koningdrone.be\/#organization\",\"name\":\"Koningdrone.be\",\"url\":\"https:\/\/koningdrone.be\/\",\"logo\":{\"@type\":\"ImageObject\",\"inLanguage\":\"de\",\"@id\":\"https:\/\/koningdrone.be\/#\/schema\/logo\/image\/\",\"url\":\"https:\/\/koningdrone.be\/wp-content\/uploads\/sites\/13\/2025\/04\/koningdrone-copyright-logo.svg\",\"contentUrl\":\"https:\/\/koningdrone.be\/wp-content\/uploads\/sites\/13\/2025\/04\/koningdrone-copyright-logo.svg\",\"width\":227,\"height\":38,\"caption\":\"Koningdrone.be\"},\"image\":{\"@id\":\"https:\/\/koningdrone.be\/#\/schema\/logo\/image\/\"}}]}<\/script>\n<!-- \/ Yoast SEO Premium plugin. -->","yoast_head_json":{"title":"FLIR Zenmuse XT2 Radio. 640x512 30FPS 19mm - koningdrone.be","robots":{"index":"index","follow":"follow","max-snippet":"max-snippet:-1","max-image-preview":"max-image-preview:large","max-video-preview":"max-video-preview:-1"},"canonical":"https:\/\/koningdrone.be\/de\/produkt\/flir-zenmuse-xt2-radio-640x512-30fps-19mm\/","og_locale":"de_DE","og_type":"article","og_title":"FLIR Zenmuse XT2 Radio. 640x512 30FPS 19mm","og_description":"Warmtebeeldcamera000D_Uiteenlopende toepassingen","og_url":"https:\/\/koningdrone.be\/de\/produkt\/flir-zenmuse-xt2-radio-640x512-30fps-19mm\/","og_site_name":"koningdrone.be","article_modified_time":"2026-04-29T06:20:42+00:00","og_image":[{"width":1280,"height":800,"url":"https:\/\/koningdrone.be\/wp-content\/uploads\/sites\/13\/2025\/04\/4251088412957-1.jpg","type":"image\/jpeg"}],"twitter_card":"summary_large_image","twitter_misc":{"Gesch\u00e4tzte Lesezeit":"1\u00a0Minute"},"schema":{"@context":"https:\/\/schema.org","@graph":[{"@type":"WebPage","@id":"https:\/\/koningdrone.be\/product\/flir-zenmuse-xt2-radio-640x512-30fps-19mm\/","url":"https:\/\/koningdrone.be\/product\/flir-zenmuse-xt2-radio-640x512-30fps-19mm\/","name":"FLIR Zenmuse XT2 Radio. 640x512 30FPS 19mm - koningdrone.be","isPartOf":{"@id":"https:\/\/koningdrone.be\/#website"},"primaryImageOfPage":{"@id":"https:\/\/koningdrone.be\/product\/flir-zenmuse-xt2-radio-640x512-30fps-19mm\/#primaryimage"},"image":{"@id":"https:\/\/koningdrone.be\/product\/flir-zenmuse-xt2-radio-640x512-30fps-19mm\/#primaryimage"},"thumbnailUrl":"https:\/\/koningdrone.be\/wp-content\/uploads\/sites\/13\/2025\/04\/4251088412957-1.jpg","datePublished":"2021-04-16T07:14:32+00:00","dateModified":"2026-04-29T06:20:42+00:00","breadcrumb":{"@id":"https:\/\/koningdrone.be\/product\/flir-zenmuse-xt2-radio-640x512-30fps-19mm\/#breadcrumb"},"inLanguage":"de","potentialAction":[{"@type":"ReadAction","target":["https:\/\/koningdrone.be\/product\/flir-zenmuse-xt2-radio-640x512-30fps-19mm\/"]}]},{"@type":"ImageObject","inLanguage":"de","@id":"https:\/\/koningdrone.be\/product\/flir-zenmuse-xt2-radio-640x512-30fps-19mm\/#primaryimage","url":"https:\/\/koningdrone.be\/wp-content\/uploads\/sites\/13\/2025\/04\/4251088412957-1.jpg","contentUrl":"https:\/\/koningdrone.be\/wp-content\/uploads\/sites\/13\/2025\/04\/4251088412957-1.jpg","width":1280,"height":800},{"@type":"BreadcrumbList","@id":"https:\/\/koningdrone.be\/product\/flir-zenmuse-xt2-radio-640x512-30fps-19mm\/#breadcrumb","itemListElement":[{"@type":"ListItem","position":1,"name":"Home","item":"https:\/\/koningdrone.be\/"},{"@type":"ListItem","position":2,"name":"AVSS Parachute Recovery System for DJI Matrice 300\/350","item":"https:\/\/koningdrone.be\/product\/avss-parachute-recovery-system-for-dji-matrice-300-350\/"},{"@type":"ListItem","position":3,"name":"Alle industriele camera","item":"https:\/\/koningdrone.be\/categorie\/alle-industriele-camera\/"},{"@type":"ListItem","position":4,"name":"FLIR Zenmuse XT2 Radio. 640&#215;512 30FPS 19mm"}]},{"@type":"WebSite","@id":"https:\/\/koningdrone.be\/#website","url":"https:\/\/koningdrone.be\/","name":"Koningdrone.be - Ihr Online-Spezialist f\u00fcr Drohnen, Gimbals, Kameras und Kraftwerke.","description":"Der Webshop f\u00fcr Drohnen und Gimbals","publisher":{"@id":"https:\/\/koningdrone.be\/#organization"},"potentialAction":[{"@type":"SearchAction","target":{"@type":"EntryPoint","urlTemplate":"https:\/\/koningdrone.be\/?s={search_term_string}"},"query-input":{"@type":"PropertyValueSpecification","valueRequired":true,"valueName":"search_term_string"}}],"inLanguage":"de"},{"@type":"Organization","@id":"https:\/\/koningdrone.be\/#organization","name":"Kingdrone.de","url":"https:\/\/koningdrone.be\/","logo":{"@type":"ImageObject","inLanguage":"de","@id":"https:\/\/koningdrone.be\/#\/schema\/logo\/image\/","url":"https:\/\/koningdrone.be\/wp-content\/uploads\/sites\/13\/2025\/04\/koningdrone-copyright-logo.svg","contentUrl":"https:\/\/koningdrone.be\/wp-content\/uploads\/sites\/13\/2025\/04\/koningdrone-copyright-logo.svg","width":227,"height":38,"caption":"Koningdrone.be"},"image":{"@id":"https:\/\/koningdrone.be\/#\/schema\/logo\/image\/"}}]}},"df_price":"","df_sale_price":"","df_regular_price":"","df_image_link":"https:\/\/koningdrone.be\/wp-content\/uploads\/sites\/13\/2025\/04\/4251088412957-1-300x188.jpg","_links":{"self":[{"href":"https:\/\/koningdrone.be\/de\/wp-json\/wp\/v2\/product\/6694","targetHints":{"allow":["GET"]}}],"collection":[{"href":"https:\/\/koningdrone.be\/de\/wp-json\/wp\/v2\/product"}],"about":[{"href":"https:\/\/koningdrone.be\/de\/wp-json\/wp\/v2\/types\/product"}],"wp:featuredmedia":[{"embeddable":true,"href":"https:\/\/koningdrone.be\/de\/wp-json\/wp\/v2\/media\/6689"}],"wp:attachment":[{"href":"https:\/\/koningdrone.be\/de\/wp-json\/wp\/v2\/media?parent=6694"}],"wp:term":[{"taxonomy":"product_brand","embeddable":true,"href":"https:\/\/koningdrone.be\/de\/wp-json\/wp\/v2\/product_brand?post=6694"},{"taxonomy":"product_cat","embeddable":true,"href":"https:\/\/koningdrone.be\/de\/wp-json\/wp\/v2\/product_cat?post=6694"},{"taxonomy":"product_tag","embeddable":true,"href":"https:\/\/koningdrone.be\/de\/wp-json\/wp\/v2\/product_tag?post=6694"}],"curies":[{"name":"wp","href":"https:\/\/api.w.org\/{rel}","templated":true}]}}