{"id":6681,"date":"2021-04-16T09:14:32","date_gmt":"2021-04-16T07:14:32","guid":{"rendered":"https:\/\/koningdrone.nl\/kon\/product\/livox-hub-p08\/"},"modified":"2025-08-27T11:38:06","modified_gmt":"2025-08-27T09:38:06","slug":"livox-hub-p08","status":"publish","type":"product","link":"https:\/\/koningdrone.be\/de\/produkt\/livox-hub-p08\/","title":{"rendered":"LIVOX-Nabe (P08)"},"content":{"rendered":"<h1>LIVOX-Nabe (P08)<\/h1>\n<p>Der Livox Hub ist eine optimale L\u00f6sung f\u00fcr die Integration und Verwaltung von Livox LiDAR-Sensoren und deren Daten. Bis zu neun LiDAR-Sensoren k\u00f6nnen an einen Livox Hub angeschlossen werden.<\/p>\n<p><strong>Tipps<\/strong><br \/>Der Livox Hub ist mit den Livox LiDAR-Ger\u00e4ten kompatibel und versorgt diese mit externer Energie. Bei Verwendung eines Verl\u00e4ngerungskabels mit dem Mid-40, Horizon oder Tele-15 kann eine maximale Verbindungsstrecke von 12 Metern erreicht werden, mit dem Mid-100 betr\u00e4gt die maximale Verbindungsstrecke 8 Meter. Wenn Sie eine l\u00e4ngere Verbindung ben\u00f6tigen, kontaktieren Sie uns bitte unter www.livoxtech.com\/contact.<\/p>\n<p><strong>Technische Daten<\/strong><br \/> - Eingangsspannung: DC 10-23V (kontaktieren Sie uns, wenn Sie eine Stromquelle mit mehr als 23V verwenden m\u00f6chten)<br \/> - Ausgangsspannung 12 V<br \/> - Nennleistung: 130 W (gemessen mit neun angeschlossenen Livox Horizon Sensoren und einer externen Stromversorgung mit 12 V, bei einer Umgebungstemperatur von 25\u00b0C. Betriebstemperatur: -40\u00b0C bis +85\u00b0C<br \/> - Gewicht: ca. 865 g (ohne Klemmenabdeckungen), ca. 1352 g (mit Klemmenabdeckungen)<br \/> - Abmessungen: 153,2 \u00d7 201 \u00d7 29 mm (ohne Klemmenabdeckungen), 208 \u00d7 201 \u00d7 29 mm (mit Klemmenabdeckungen)<\/p>\n<p><strong>Kompatibilit\u00e4t<\/strong><br \/>Mitte 40.<br \/>Mitte 100<br \/>Horizont<br \/>Tele-15<\/p>","protected":false},"excerpt":{"rendered":"<ul>\n<li>Der Livox Hub kommuniziert mit jedem angeschlossenen LiDAR-Sensor und erfasst Status, Firmware-Version und Betriebszustand.<\/li>\n<li>Der Livox Hub erm\u00f6glicht es, die einzelnen 3D-Punktwolken der einzelnen Sensoren mit dem vom Nutzer vorgegebenen Koordinatensystem zu kombinieren.<\/li>\n<li>Zeitsynchronisation \u00fcber IEEE 1588-2008 (PTPv2) und GPS.<\/li>\n<li>Der Livox Hub wird auch durch das Livox SDK unterst\u00fctzt.<\/li>\n<\/ul>","protected":false},"featured_media":6676,"template":"","meta":{"_acf_changed":false},"product_brand":[],"product_cat":[187,97,751],"product_tag":[],"class_list":{"0":"post-6681","1":"product","2":"type-product","3":"status-publish","4":"has-post-thumbnail","6":"product_cat-alle-lidar","7":"product_cat-alle-producten","8":"product_cat-livox","9":"pa_brand-livox","10":"pa_productfamily-lidar-sensor","11":"pa_producttype-lidar-sensor","12":"pa_series-livox","14":"first","15":"outofstock","16":"taxable","17":"shipping-taxable","18":"product-type-simple"},"acf":[],"yoast_head":"<!-- This site is optimized with the Yoast SEO Premium plugin v27.2 (Yoast SEO v27.2) - https:\/\/yoast.com\/product\/yoast-seo-premium-wordpress\/ -->\n<title>LIVOX Hub (P08) - koningdrone.be<\/title>\n<meta name=\"robots\" content=\"index, follow, max-snippet:-1, max-image-preview:large, max-video-preview:-1\" \/>\n<link rel=\"canonical\" href=\"https:\/\/koningdrone.be\/de\/produkt\/livox-hub-p08\/\" \/>\n<meta property=\"og:locale\" content=\"de_DE\" \/>\n<meta property=\"og:type\" content=\"article\" \/>\n<meta property=\"og:title\" content=\"LIVOX Hub (P08)\" \/>\n<meta property=\"og:description\" content=\"De Livox Hub communiceert met elke aangesloten LiDAR-sensor en registreert de status, firmwareversie en werkstatus.Met de Livox Hub kunnen de afzonderlijke 3D-puntenwolken van de afzonderlijke sensoren worden gecombineerd met het door de gebruiker opgegeven co\u00f6rdinatensysteem.Tijdsynchronisatie via IEEE 1588-2008 (PTPv2) en GPS.De Livox Hub wordt ook ondersteund door de Livox SDK.\" \/>\n<meta property=\"og:url\" content=\"https:\/\/koningdrone.be\/de\/produkt\/livox-hub-p08\/\" \/>\n<meta property=\"og:site_name\" content=\"koningdrone.be\" \/>\n<meta property=\"article:modified_time\" content=\"2025-08-27T09:38:06+00:00\" \/>\n<meta property=\"og:image\" content=\"https:\/\/koningdrone.be\/wp-content\/uploads\/sites\/13\/2025\/04\/6958265187780-1.jpg\" \/>\n\t<meta property=\"og:image:width\" content=\"1280\" \/>\n\t<meta property=\"og:image:height\" content=\"800\" \/>\n\t<meta property=\"og:image:type\" content=\"image\/jpeg\" \/>\n<meta name=\"twitter:card\" content=\"summary_large_image\" \/>\n<meta name=\"twitter:label1\" content=\"Gesch\u00e4tzte Lesezeit\" \/>\n\t<meta name=\"twitter:data1\" content=\"1\u00a0Minute\" \/>\n<script type=\"application\/ld+json\" class=\"yoast-schema-graph\">{\"@context\":\"https:\/\/schema.org\",\"@graph\":[{\"@type\":\"WebPage\",\"@id\":\"https:\/\/koningdrone.be\/product\/livox-hub-p08\/\",\"url\":\"https:\/\/koningdrone.be\/product\/livox-hub-p08\/\",\"name\":\"LIVOX Hub (P08) - koningdrone.be\",\"isPartOf\":{\"@id\":\"https:\/\/koningdrone.be\/#website\"},\"primaryImageOfPage\":{\"@id\":\"https:\/\/koningdrone.be\/product\/livox-hub-p08\/#primaryimage\"},\"image\":{\"@id\":\"https:\/\/koningdrone.be\/product\/livox-hub-p08\/#primaryimage\"},\"thumbnailUrl\":\"https:\/\/koningdrone.be\/wp-content\/uploads\/sites\/13\/2025\/04\/6958265187780-1.jpg\",\"datePublished\":\"2021-04-16T07:14:32+00:00\",\"dateModified\":\"2025-08-27T09:38:06+00:00\",\"breadcrumb\":{\"@id\":\"https:\/\/koningdrone.be\/product\/livox-hub-p08\/#breadcrumb\"},\"inLanguage\":\"de\",\"potentialAction\":[{\"@type\":\"ReadAction\",\"target\":[\"https:\/\/koningdrone.be\/product\/livox-hub-p08\/\"]}]},{\"@type\":\"ImageObject\",\"inLanguage\":\"de\",\"@id\":\"https:\/\/koningdrone.be\/product\/livox-hub-p08\/#primaryimage\",\"url\":\"https:\/\/koningdrone.be\/wp-content\/uploads\/sites\/13\/2025\/04\/6958265187780-1.jpg\",\"contentUrl\":\"https:\/\/koningdrone.be\/wp-content\/uploads\/sites\/13\/2025\/04\/6958265187780-1.jpg\",\"width\":1280,\"height\":800},{\"@type\":\"BreadcrumbList\",\"@id\":\"https:\/\/koningdrone.be\/product\/livox-hub-p08\/#breadcrumb\",\"itemListElement\":[{\"@type\":\"ListItem\",\"position\":1,\"name\":\"Home\",\"item\":\"https:\/\/koningdrone.be\/\"},{\"@type\":\"ListItem\",\"position\":2,\"name\":\"AVSS Parachute Recovery System for DJI Matrice 300\/350\",\"item\":\"https:\/\/koningdrone.be\/product\/avss-parachute-recovery-system-for-dji-matrice-300-350\/\"},{\"@type\":\"ListItem\",\"position\":3,\"name\":\"Alle LiDaR\",\"item\":\"https:\/\/koningdrone.be\/categorie\/alle-lidar\/\"},{\"@type\":\"ListItem\",\"position\":4,\"name\":\"LIVOX Hub (P08)\"}]},{\"@type\":\"WebSite\",\"@id\":\"https:\/\/koningdrone.be\/#website\",\"url\":\"https:\/\/koningdrone.be\/\",\"name\":\"Koningdrone.be - Uw online specialist in drones, gimbals, camera's en power stations.\",\"description\":\"De webshop in drones en gimbals\",\"publisher\":{\"@id\":\"https:\/\/koningdrone.be\/#organization\"},\"potentialAction\":[{\"@type\":\"SearchAction\",\"target\":{\"@type\":\"EntryPoint\",\"urlTemplate\":\"https:\/\/koningdrone.be\/?s={search_term_string}\"},\"query-input\":{\"@type\":\"PropertyValueSpecification\",\"valueRequired\":true,\"valueName\":\"search_term_string\"}}],\"inLanguage\":\"de\"},{\"@type\":\"Organization\",\"@id\":\"https:\/\/koningdrone.be\/#organization\",\"name\":\"Koningdrone.be\",\"url\":\"https:\/\/koningdrone.be\/\",\"logo\":{\"@type\":\"ImageObject\",\"inLanguage\":\"de\",\"@id\":\"https:\/\/koningdrone.be\/#\/schema\/logo\/image\/\",\"url\":\"https:\/\/koningdrone.be\/wp-content\/uploads\/sites\/13\/2025\/04\/koningdrone-copyright-logo.svg\",\"contentUrl\":\"https:\/\/koningdrone.be\/wp-content\/uploads\/sites\/13\/2025\/04\/koningdrone-copyright-logo.svg\",\"width\":227,\"height\":38,\"caption\":\"Koningdrone.be\"},\"image\":{\"@id\":\"https:\/\/koningdrone.be\/#\/schema\/logo\/image\/\"}}]}<\/script>\n<!-- \/ Yoast SEO Premium plugin. -->","yoast_head_json":{"title":"LIVOX Hub (P08) - koningdrone.be","robots":{"index":"index","follow":"follow","max-snippet":"max-snippet:-1","max-image-preview":"max-image-preview:large","max-video-preview":"max-video-preview:-1"},"canonical":"https:\/\/koningdrone.be\/de\/produkt\/livox-hub-p08\/","og_locale":"de_DE","og_type":"article","og_title":"LIVOX Hub (P08)","og_description":"De Livox Hub communiceert met elke aangesloten LiDAR-sensor en registreert de status, firmwareversie en werkstatus.Met de Livox Hub kunnen de afzonderlijke 3D-puntenwolken van de afzonderlijke sensoren worden gecombineerd met het door de gebruiker opgegeven co\u00f6rdinatensysteem.Tijdsynchronisatie via IEEE 1588-2008 (PTPv2) en GPS.De Livox Hub wordt ook ondersteund door de Livox SDK.","og_url":"https:\/\/koningdrone.be\/de\/produkt\/livox-hub-p08\/","og_site_name":"koningdrone.be","article_modified_time":"2025-08-27T09:38:06+00:00","og_image":[{"width":1280,"height":800,"url":"https:\/\/koningdrone.be\/wp-content\/uploads\/sites\/13\/2025\/04\/6958265187780-1.jpg","type":"image\/jpeg"}],"twitter_card":"summary_large_image","twitter_misc":{"Gesch\u00e4tzte Lesezeit":"1\u00a0Minute"},"schema":{"@context":"https:\/\/schema.org","@graph":[{"@type":"WebPage","@id":"https:\/\/koningdrone.be\/product\/livox-hub-p08\/","url":"https:\/\/koningdrone.be\/product\/livox-hub-p08\/","name":"LIVOX Hub (P08) - koningdrone.be","isPartOf":{"@id":"https:\/\/koningdrone.be\/#website"},"primaryImageOfPage":{"@id":"https:\/\/koningdrone.be\/product\/livox-hub-p08\/#primaryimage"},"image":{"@id":"https:\/\/koningdrone.be\/product\/livox-hub-p08\/#primaryimage"},"thumbnailUrl":"https:\/\/koningdrone.be\/wp-content\/uploads\/sites\/13\/2025\/04\/6958265187780-1.jpg","datePublished":"2021-04-16T07:14:32+00:00","dateModified":"2025-08-27T09:38:06+00:00","breadcrumb":{"@id":"https:\/\/koningdrone.be\/product\/livox-hub-p08\/#breadcrumb"},"inLanguage":"de","potentialAction":[{"@type":"ReadAction","target":["https:\/\/koningdrone.be\/product\/livox-hub-p08\/"]}]},{"@type":"ImageObject","inLanguage":"de","@id":"https:\/\/koningdrone.be\/product\/livox-hub-p08\/#primaryimage","url":"https:\/\/koningdrone.be\/wp-content\/uploads\/sites\/13\/2025\/04\/6958265187780-1.jpg","contentUrl":"https:\/\/koningdrone.be\/wp-content\/uploads\/sites\/13\/2025\/04\/6958265187780-1.jpg","width":1280,"height":800},{"@type":"BreadcrumbList","@id":"https:\/\/koningdrone.be\/product\/livox-hub-p08\/#breadcrumb","itemListElement":[{"@type":"ListItem","position":1,"name":"Home","item":"https:\/\/koningdrone.be\/"},{"@type":"ListItem","position":2,"name":"AVSS Parachute Recovery System for DJI Matrice 300\/350","item":"https:\/\/koningdrone.be\/product\/avss-parachute-recovery-system-for-dji-matrice-300-350\/"},{"@type":"ListItem","position":3,"name":"Alle LiDaR","item":"https:\/\/koningdrone.be\/categorie\/alle-lidar\/"},{"@type":"ListItem","position":4,"name":"LIVOX Hub (P08)"}]},{"@type":"WebSite","@id":"https:\/\/koningdrone.be\/#website","url":"https:\/\/koningdrone.be\/","name":"Koningdrone.be - Ihr Online-Spezialist f\u00fcr Drohnen, Gimbals, Kameras und Kraftwerke.","description":"Der Webshop f\u00fcr Drohnen und Gimbals","publisher":{"@id":"https:\/\/koningdrone.be\/#organization"},"potentialAction":[{"@type":"SearchAction","target":{"@type":"EntryPoint","urlTemplate":"https:\/\/koningdrone.be\/?s={search_term_string}"},"query-input":{"@type":"PropertyValueSpecification","valueRequired":true,"valueName":"search_term_string"}}],"inLanguage":"de"},{"@type":"Organization","@id":"https:\/\/koningdrone.be\/#organization","name":"Kingdrone.de","url":"https:\/\/koningdrone.be\/","logo":{"@type":"ImageObject","inLanguage":"de","@id":"https:\/\/koningdrone.be\/#\/schema\/logo\/image\/","url":"https:\/\/koningdrone.be\/wp-content\/uploads\/sites\/13\/2025\/04\/koningdrone-copyright-logo.svg","contentUrl":"https:\/\/koningdrone.be\/wp-content\/uploads\/sites\/13\/2025\/04\/koningdrone-copyright-logo.svg","width":227,"height":38,"caption":"Koningdrone.be"},"image":{"@id":"https:\/\/koningdrone.be\/#\/schema\/logo\/image\/"}}]}},"df_price":"","df_sale_price":"","df_regular_price":"","df_image_link":"https:\/\/koningdrone.be\/wp-content\/uploads\/sites\/13\/2025\/04\/6958265187780-1-300x188.jpg","_links":{"self":[{"href":"https:\/\/koningdrone.be\/de\/wp-json\/wp\/v2\/product\/6681","targetHints":{"allow":["GET"]}}],"collection":[{"href":"https:\/\/koningdrone.be\/de\/wp-json\/wp\/v2\/product"}],"about":[{"href":"https:\/\/koningdrone.be\/de\/wp-json\/wp\/v2\/types\/product"}],"wp:featuredmedia":[{"embeddable":true,"href":"https:\/\/koningdrone.be\/de\/wp-json\/wp\/v2\/media\/6676"}],"wp:attachment":[{"href":"https:\/\/koningdrone.be\/de\/wp-json\/wp\/v2\/media?parent=6681"}],"wp:term":[{"taxonomy":"product_brand","embeddable":true,"href":"https:\/\/koningdrone.be\/de\/wp-json\/wp\/v2\/product_brand?post=6681"},{"taxonomy":"product_cat","embeddable":true,"href":"https:\/\/koningdrone.be\/de\/wp-json\/wp\/v2\/product_cat?post=6681"},{"taxonomy":"product_tag","embeddable":true,"href":"https:\/\/koningdrone.be\/de\/wp-json\/wp\/v2\/product_tag?post=6681"}],"curies":[{"name":"wp","href":"https:\/\/api.w.org\/{rel}","templated":true}]}}