{"id":6669,"date":"2021-04-16T09:15:06","date_gmt":"2021-04-16T07:15:06","guid":{"rendered":"https:\/\/koningdrone.nl\/kon\/product\/livox-tele-15-lidar\/"},"modified":"2026-04-29T08:20:41","modified_gmt":"2026-04-29T06:20:41","slug":"livox-tele-15-lidar","status":"publish","type":"product","link":"https:\/\/koningdrone.be\/de\/produkt\/livox-tele-15-lidar\/","title":{"rendered":"LIVOX Tele-15 LiDAR"},"content":{"rendered":"<h1>LIVOX Tele-15 LiDAR<\/h1>\n<p>Der Livox Tele-15 wurde speziell f\u00fcr die Messung gr\u00f6\u00dferer Entfernungen entwickelt und zeichnet sich durch seine Robustheit, Genauigkeit und kompakte Gr\u00f6\u00dfe aus. Der Sensor erkennt Objekte aus gro\u00dfen Entfernungen und kann daher auch bei hohen Geschwindigkeiten fr\u00fchzeitig Daten liefern, um entsprechende Reaktionen auszul\u00f6sen.<\/p>\n<p><strong>Ferngespr\u00e4ch<\/strong><br \/>Das Tele-15 verwendet eine doppelasph\u00e4rische Linse mit gro\u00dfem Durchmesser und bietet einen Erfassungsbereich von bis zu 500 m, um die \u00fcblichen Unsch\u00e4rfeprobleme bei gro\u00dfen Entfernungen zu vermeiden. Es kann eine Erfassungsreichweite von bis zu 320 m erreichen, selbst wenn das Reflexionsverm\u00f6gen des Zielobjekts nur 10% betr\u00e4gt. Tele-15 unterst\u00fctzt kundenspezifische Firmware, um die zul\u00e4ssige Reichweite auf 1000 m zu erh\u00f6hen.<\/p>\n<p><strong>Extrem hohe Pr\u00e4zision und Dichte der Punktwolken<\/strong><br \/>Das Tele-15 hat eine Winkelgenauigkeit von 0,03\u00b0 und einen Divergenzwinkel von 0,12\u00b0 (vertikal) x 0,02\u00b0 (horizontal). Die extrem hohe Pr\u00e4zision der Punktwolke erm\u00f6glicht es dem Tele-15, die Position und den Umriss von Zielobjekten leicht zu erkennen, selbst wenn diese weit im Sichtfeld entfernt sind. Das Tele-15 kann Objekte in bis zu 500 m Entfernung mit einem Reflexionsverm\u00f6gen von 80% erkennen. Bei schwarzen Autos mit geringerem Reflexionsverm\u00f6gen kann das Tele-15 in nur 100 ms 14 Punkte in 500 m Entfernung erfassen und erf\u00fcllt damit die Anforderungen an Punktwolkendaten f\u00fcr Algorithmen des autonomen Fahrens.<\/p>\n<p><strong>Scannen von Mustern, die sich nicht wiederholen<\/strong><br \/>Durch die Emission von Mehrlinienlasern und sich nicht wiederholende Scanmuster kann das Tele-15 bis zu 240.000 Punkte in seinem 15\u00b0-Sichtfeld verteilen. Der Tele-15 kann 99,8% des Sichtfeldes in nur 100 ms erfassen. Damit ist es leistungsf\u00e4higer als herk\u00f6mmliche mechanische LiDAR-Sensoren mit 128 Linien. Das bedeutet, dass autonome Fahrzeuge weiter und detaillierter in die Ferne sehen k\u00f6nnen.<\/p>\n<p><strong>Robust und zuverl\u00e4ssig<\/strong><br \/>Die Tele-15 zeichnet sich durch ein innovatives optoelektronisches Systemdesign mit rotationsfreien photoelektrischen Komponenten aus, was zu einer h\u00f6heren Zuverl\u00e4ssigkeit und l\u00e4ngeren Lebensdauer f\u00fchrt. Das Design zeichnet sich durch eine hohe thermische Verformungsbest\u00e4ndigkeit aus und entspricht den Automobilstandards VW80000 und ISO16750. Die durchschnittliche Ausfallzeit betr\u00e4gt 40.000 Stunden. F\u00fcr Fahrzeuge entspricht dies einer durchschnittlichen Lebensdauer von 10 Jahren gem\u00e4\u00df den geltenden Automobilnormen. Im Allgemeinen erf\u00fcllt das autonome Fahren die Anforderungen der Autonomiestufe 3\/4.<\/p>\n<p><strong>Integrierte IMU und offenes SDK<\/strong><br \/>Das Tele-15 verf\u00fcgt \u00fcber eine eingebaute BMI088-IMU, die Daten mit einer Frequenz von 200 Hz \u00fcbertr\u00e4gt, einschlie\u00dflich Zeitstempelinformationen und Statusanzeigecode. Dies erleichtert die Erstellung von Algorithmen f\u00fcr den Bewegungsausgleich und SLAM (simultane Lokalisierung und Kartierung).<\/p>\n<p><strong>SDK<\/strong><br \/>Das Livox SDK bietet Unterst\u00fctzung f\u00fcr mehrere Programmiersprachen, darunter C, C ++ und Python auf verschiedenen Plattformen wie Linux, Windows und ROS - was die Integration und das Testen der Livox LiDAR-Sensoren in jeder Umgebung erleichtert. Livox bietet auch h\u00e4ufig verwendete Algorithmen wie SLAM. Die externe Parameterkalibrierung hilft, das Beste aus dem Sensor herauszuholen.<\/p>\n<p><strong>Ausgezeichnetes Preis-Qualit\u00e4ts-Verh\u00e4ltnis<\/strong><br \/>Livox bietet die patentierte DL-Pack-Technologie, photoelektrische Systeml\u00f6sungen und ein hochgradig modulares und automatisiertes Produktdesign. Diese Merkmale minimieren die m\u00fchsame manuelle Fokussierung und andere Prozesse, verbessern die Leistung und erm\u00f6glichen die Massenproduktion und den vielseitigen Einsatz der LiDAR-Technologie.<\/p>\n<p><strong>Kostenvorteile<\/strong><br \/>Tele-15 verwendet gepr\u00fcfte Standardkomponenten, um seine hervorragende Spitzenleistung zu erreichen. Sein unglaublich niedriger Preis tr\u00e4gt au\u00dferdem dazu bei, die LiDAR-Technologie einem breiteren Publikum zug\u00e4nglich zu machen.<\/p>\n<p><strong>T\u00dcV Rheinland Sicherheitszertifizierung<\/strong><br \/>Der Tele-15 kann Objekte bis zu einer Entfernung von 500 Metern \u00fcber ein koaxiales optisches System erkennen. Das Lasersystem ist vom T\u00dcV Rheinland zertifiziert und entspricht der Klasse 1 der Lasernorm IEC 60825-1: 2014. Diese Klasse ist die niedrigste und sicherste aller Laser und daher f\u00fcr das menschliche Auge unbedenklich.<\/p>","protected":false},"excerpt":{"rendered":"<ul>\n<li>\u00dcberlegene bis 128-zeilige ultrahohe Punktwolkendichte<\/li>\n<li>Kann Objekte in einer Entfernung von bis zu 500 Metern erkennen<\/li>\n<li>Ultrahohe Pr\u00e4zision von Punktwolken<\/li>\n<li>Stabil und zuverl\u00e4ssig<\/li>\n<\/ul>","protected":false},"featured_media":6667,"template":"","meta":{"_acf_changed":false},"product_brand":[],"product_cat":[187,97,751],"product_tag":[],"class_list":{"0":"post-6669","1":"product","2":"type-product","3":"status-publish","4":"has-post-thumbnail","6":"product_cat-alle-lidar","7":"product_cat-alle-producten","8":"product_cat-livox","9":"product_shipping_class-outofstock","10":"pa_brand-livox","11":"pa_productfamily-lidar-sensor","12":"pa_producttype-lidar-sensor","13":"pa_series-livox","15":"first","16":"outofstock","17":"taxable","18":"shipping-taxable","19":"product-type-simple"},"acf":[],"yoast_head":"<!-- This site is optimized with the Yoast SEO Premium plugin v27.2 (Yoast SEO v27.2) - https:\/\/yoast.com\/product\/yoast-seo-premium-wordpress\/ -->\n<title>LIVOX Tele-15 LiDAR - koningdrone.be<\/title>\n<meta name=\"robots\" content=\"index, follow, max-snippet:-1, max-image-preview:large, max-video-preview:-1\" \/>\n<link rel=\"canonical\" href=\"https:\/\/koningdrone.be\/de\/produkt\/livox-tele-15-lidar\/\" \/>\n<meta property=\"og:locale\" content=\"de_DE\" \/>\n<meta property=\"og:type\" content=\"article\" \/>\n<meta property=\"og:title\" content=\"LIVOX Tele-15 LiDAR\" \/>\n<meta property=\"og:description\" content=\"Superieur aan 128-lijnen ultrahoge puntenwolkendichtheid  Kan objecten detecteren op een afstand van maximaal 500 meter  Ultrahoge precisie van puntenwolken  Stabiel en betrouwbaar\" \/>\n<meta property=\"og:url\" content=\"https:\/\/koningdrone.be\/de\/produkt\/livox-tele-15-lidar\/\" \/>\n<meta property=\"og:site_name\" content=\"koningdrone.be\" \/>\n<meta property=\"article:modified_time\" content=\"2026-04-29T06:20:41+00:00\" \/>\n<meta property=\"og:image\" content=\"https:\/\/koningdrone.be\/wp-content\/uploads\/sites\/13\/2025\/04\/6941565907387-1.jpg\" \/>\n\t<meta property=\"og:image:width\" content=\"1280\" \/>\n\t<meta property=\"og:image:height\" content=\"800\" \/>\n\t<meta property=\"og:image:type\" content=\"image\/jpeg\" \/>\n<meta name=\"twitter:card\" content=\"summary_large_image\" \/>\n<meta name=\"twitter:label1\" content=\"Gesch\u00e4tzte Lesezeit\" \/>\n\t<meta name=\"twitter:data1\" content=\"3\u00a0Minuten\" \/>\n<script type=\"application\/ld+json\" class=\"yoast-schema-graph\">{\"@context\":\"https:\/\/schema.org\",\"@graph\":[{\"@type\":\"WebPage\",\"@id\":\"https:\/\/koningdrone.be\/product\/livox-tele-15-lidar\/\",\"url\":\"https:\/\/koningdrone.be\/product\/livox-tele-15-lidar\/\",\"name\":\"LIVOX Tele-15 LiDAR - koningdrone.be\",\"isPartOf\":{\"@id\":\"https:\/\/koningdrone.be\/#website\"},\"primaryImageOfPage\":{\"@id\":\"https:\/\/koningdrone.be\/product\/livox-tele-15-lidar\/#primaryimage\"},\"image\":{\"@id\":\"https:\/\/koningdrone.be\/product\/livox-tele-15-lidar\/#primaryimage\"},\"thumbnailUrl\":\"https:\/\/koningdrone.be\/wp-content\/uploads\/sites\/13\/2025\/04\/6941565907387-1.jpg\",\"datePublished\":\"2021-04-16T07:15:06+00:00\",\"dateModified\":\"2026-04-29T06:20:41+00:00\",\"breadcrumb\":{\"@id\":\"https:\/\/koningdrone.be\/product\/livox-tele-15-lidar\/#breadcrumb\"},\"inLanguage\":\"de\",\"potentialAction\":[{\"@type\":\"ReadAction\",\"target\":[\"https:\/\/koningdrone.be\/product\/livox-tele-15-lidar\/\"]}]},{\"@type\":\"ImageObject\",\"inLanguage\":\"de\",\"@id\":\"https:\/\/koningdrone.be\/product\/livox-tele-15-lidar\/#primaryimage\",\"url\":\"https:\/\/koningdrone.be\/wp-content\/uploads\/sites\/13\/2025\/04\/6941565907387-1.jpg\",\"contentUrl\":\"https:\/\/koningdrone.be\/wp-content\/uploads\/sites\/13\/2025\/04\/6941565907387-1.jpg\",\"width\":1280,\"height\":800},{\"@type\":\"BreadcrumbList\",\"@id\":\"https:\/\/koningdrone.be\/product\/livox-tele-15-lidar\/#breadcrumb\",\"itemListElement\":[{\"@type\":\"ListItem\",\"position\":1,\"name\":\"Home\",\"item\":\"https:\/\/koningdrone.be\/\"},{\"@type\":\"ListItem\",\"position\":2,\"name\":\"AVSS Parachute Recovery System for DJI Matrice 300\/350\",\"item\":\"https:\/\/koningdrone.be\/product\/avss-parachute-recovery-system-for-dji-matrice-300-350\/\"},{\"@type\":\"ListItem\",\"position\":3,\"name\":\"Alle LiDaR\",\"item\":\"https:\/\/koningdrone.be\/categorie\/alle-lidar\/\"},{\"@type\":\"ListItem\",\"position\":4,\"name\":\"LIVOX Tele-15 LiDAR\"}]},{\"@type\":\"WebSite\",\"@id\":\"https:\/\/koningdrone.be\/#website\",\"url\":\"https:\/\/koningdrone.be\/\",\"name\":\"Koningdrone.be - Uw online specialist in drones, gimbals, camera's en power stations.\",\"description\":\"De webshop in drones en gimbals\",\"publisher\":{\"@id\":\"https:\/\/koningdrone.be\/#organization\"},\"potentialAction\":[{\"@type\":\"SearchAction\",\"target\":{\"@type\":\"EntryPoint\",\"urlTemplate\":\"https:\/\/koningdrone.be\/?s={search_term_string}\"},\"query-input\":{\"@type\":\"PropertyValueSpecification\",\"valueRequired\":true,\"valueName\":\"search_term_string\"}}],\"inLanguage\":\"de\"},{\"@type\":\"Organization\",\"@id\":\"https:\/\/koningdrone.be\/#organization\",\"name\":\"Koningdrone.be\",\"url\":\"https:\/\/koningdrone.be\/\",\"logo\":{\"@type\":\"ImageObject\",\"inLanguage\":\"de\",\"@id\":\"https:\/\/koningdrone.be\/#\/schema\/logo\/image\/\",\"url\":\"https:\/\/koningdrone.be\/wp-content\/uploads\/sites\/13\/2025\/04\/koningdrone-copyright-logo.svg\",\"contentUrl\":\"https:\/\/koningdrone.be\/wp-content\/uploads\/sites\/13\/2025\/04\/koningdrone-copyright-logo.svg\",\"width\":227,\"height\":38,\"caption\":\"Koningdrone.be\"},\"image\":{\"@id\":\"https:\/\/koningdrone.be\/#\/schema\/logo\/image\/\"}}]}<\/script>\n<!-- \/ Yoast SEO Premium plugin. -->","yoast_head_json":{"title":"LIVOX Tele-15 LiDAR - koningdrone.be","robots":{"index":"index","follow":"follow","max-snippet":"max-snippet:-1","max-image-preview":"max-image-preview:large","max-video-preview":"max-video-preview:-1"},"canonical":"https:\/\/koningdrone.be\/de\/produkt\/livox-tele-15-lidar\/","og_locale":"de_DE","og_type":"article","og_title":"LIVOX Tele-15 LiDAR","og_description":"Superieur aan 128-lijnen ultrahoge puntenwolkendichtheid  Kan objecten detecteren op een afstand van maximaal 500 meter  Ultrahoge precisie van puntenwolken  Stabiel en betrouwbaar","og_url":"https:\/\/koningdrone.be\/de\/produkt\/livox-tele-15-lidar\/","og_site_name":"koningdrone.be","article_modified_time":"2026-04-29T06:20:41+00:00","og_image":[{"width":1280,"height":800,"url":"https:\/\/koningdrone.be\/wp-content\/uploads\/sites\/13\/2025\/04\/6941565907387-1.jpg","type":"image\/jpeg"}],"twitter_card":"summary_large_image","twitter_misc":{"Gesch\u00e4tzte Lesezeit":"3\u00a0Minuten"},"schema":{"@context":"https:\/\/schema.org","@graph":[{"@type":"WebPage","@id":"https:\/\/koningdrone.be\/product\/livox-tele-15-lidar\/","url":"https:\/\/koningdrone.be\/product\/livox-tele-15-lidar\/","name":"LIVOX Tele-15 LiDAR - koningdrone.be","isPartOf":{"@id":"https:\/\/koningdrone.be\/#website"},"primaryImageOfPage":{"@id":"https:\/\/koningdrone.be\/product\/livox-tele-15-lidar\/#primaryimage"},"image":{"@id":"https:\/\/koningdrone.be\/product\/livox-tele-15-lidar\/#primaryimage"},"thumbnailUrl":"https:\/\/koningdrone.be\/wp-content\/uploads\/sites\/13\/2025\/04\/6941565907387-1.jpg","datePublished":"2021-04-16T07:15:06+00:00","dateModified":"2026-04-29T06:20:41+00:00","breadcrumb":{"@id":"https:\/\/koningdrone.be\/product\/livox-tele-15-lidar\/#breadcrumb"},"inLanguage":"de","potentialAction":[{"@type":"ReadAction","target":["https:\/\/koningdrone.be\/product\/livox-tele-15-lidar\/"]}]},{"@type":"ImageObject","inLanguage":"de","@id":"https:\/\/koningdrone.be\/product\/livox-tele-15-lidar\/#primaryimage","url":"https:\/\/koningdrone.be\/wp-content\/uploads\/sites\/13\/2025\/04\/6941565907387-1.jpg","contentUrl":"https:\/\/koningdrone.be\/wp-content\/uploads\/sites\/13\/2025\/04\/6941565907387-1.jpg","width":1280,"height":800},{"@type":"BreadcrumbList","@id":"https:\/\/koningdrone.be\/product\/livox-tele-15-lidar\/#breadcrumb","itemListElement":[{"@type":"ListItem","position":1,"name":"Home","item":"https:\/\/koningdrone.be\/"},{"@type":"ListItem","position":2,"name":"AVSS Parachute Recovery System for DJI Matrice 300\/350","item":"https:\/\/koningdrone.be\/product\/avss-parachute-recovery-system-for-dji-matrice-300-350\/"},{"@type":"ListItem","position":3,"name":"Alle LiDaR","item":"https:\/\/koningdrone.be\/categorie\/alle-lidar\/"},{"@type":"ListItem","position":4,"name":"LIVOX Tele-15 LiDAR"}]},{"@type":"WebSite","@id":"https:\/\/koningdrone.be\/#website","url":"https:\/\/koningdrone.be\/","name":"Koningdrone.be - Ihr Online-Spezialist f\u00fcr Drohnen, Gimbals, Kameras und Kraftwerke.","description":"Der Webshop f\u00fcr Drohnen und Gimbals","publisher":{"@id":"https:\/\/koningdrone.be\/#organization"},"potentialAction":[{"@type":"SearchAction","target":{"@type":"EntryPoint","urlTemplate":"https:\/\/koningdrone.be\/?s={search_term_string}"},"query-input":{"@type":"PropertyValueSpecification","valueRequired":true,"valueName":"search_term_string"}}],"inLanguage":"de"},{"@type":"Organization","@id":"https:\/\/koningdrone.be\/#organization","name":"Kingdrone.de","url":"https:\/\/koningdrone.be\/","logo":{"@type":"ImageObject","inLanguage":"de","@id":"https:\/\/koningdrone.be\/#\/schema\/logo\/image\/","url":"https:\/\/koningdrone.be\/wp-content\/uploads\/sites\/13\/2025\/04\/koningdrone-copyright-logo.svg","contentUrl":"https:\/\/koningdrone.be\/wp-content\/uploads\/sites\/13\/2025\/04\/koningdrone-copyright-logo.svg","width":227,"height":38,"caption":"Koningdrone.be"},"image":{"@id":"https:\/\/koningdrone.be\/#\/schema\/logo\/image\/"}}]}},"df_price":"","df_sale_price":"","df_regular_price":"","df_image_link":"https:\/\/koningdrone.be\/wp-content\/uploads\/sites\/13\/2025\/04\/6941565907387-1-300x188.jpg","_links":{"self":[{"href":"https:\/\/koningdrone.be\/de\/wp-json\/wp\/v2\/product\/6669","targetHints":{"allow":["GET"]}}],"collection":[{"href":"https:\/\/koningdrone.be\/de\/wp-json\/wp\/v2\/product"}],"about":[{"href":"https:\/\/koningdrone.be\/de\/wp-json\/wp\/v2\/types\/product"}],"wp:featuredmedia":[{"embeddable":true,"href":"https:\/\/koningdrone.be\/de\/wp-json\/wp\/v2\/media\/6667"}],"wp:attachment":[{"href":"https:\/\/koningdrone.be\/de\/wp-json\/wp\/v2\/media?parent=6669"}],"wp:term":[{"taxonomy":"product_brand","embeddable":true,"href":"https:\/\/koningdrone.be\/de\/wp-json\/wp\/v2\/product_brand?post=6669"},{"taxonomy":"product_cat","embeddable":true,"href":"https:\/\/koningdrone.be\/de\/wp-json\/wp\/v2\/product_cat?post=6669"},{"taxonomy":"product_tag","embeddable":true,"href":"https:\/\/koningdrone.be\/de\/wp-json\/wp\/v2\/product_tag?post=6669"}],"curies":[{"name":"wp","href":"https:\/\/api.w.org\/{rel}","templated":true}]}}