{"id":6660,"date":"2021-04-16T09:15:06","date_gmt":"2021-04-16T07:15:06","guid":{"rendered":"https:\/\/koningdrone.nl\/kon\/product\/livox-horizon-lidar\/"},"modified":"2026-04-29T08:10:53","modified_gmt":"2026-04-29T06:10:53","slug":"livox-horizon-lidar","status":"publish","type":"product","link":"https:\/\/koningdrone.be\/de\/produkt\/livox-horizon-lidar\/","title":{"rendered":"LIVOX Horizon LiDAR"},"content":{"rendered":"<h1>LIVOX Horizon LiDAR<\/h1>\n<p>Livox Horizon ist ein leistungsstarker LiDAR-Sensor, der speziell f\u00fcr Anwendungen der Autonomiestufen 3 und 4 entwickelt wurde. Er bietet eine besonders dichte Punktwolke und ist mit einer Reichweite von bis zu 260 Metern speziell f\u00fcr die Messung gr\u00f6\u00dferer Distanzen ausgelegt. Er ist so kompakt, dass er problemlos in Fahrzeuge integriert werden kann. Mit einem Preis von nur 1% im Vergleich zu herk\u00f6mmlichen LiDAR-Sensoren ist er zudem \u00e4u\u00dferst erschwinglich. Livox Horizon ist bereit, die LIDAR-Industrie v\u00f6llig neu zu erfinden. Durch den Einsatz innovativer Technologien und enorme Kosteneinsparungen kann die Massenproduktion autonomer Fahrzeuge Realit\u00e4t werden.<\/p>\n<p><strong>GROSSES SICHTFELD F\u00dcR AUTONOMES FAHREN<\/strong><br \/>Der gro\u00dfe Erfassungsbereich und das rechteckige Sichtfeld machen Livox Horizon zum idealen Sensor f\u00fcr autonome Fahranwendungen. Das innovative Scanmuster bietet ein Sichtfeld von 81,7\u00b0 horizontal und 25,1\u00b0 vertikal. Nur f\u00fcnf Livox Horizon Sensoren erm\u00f6glichen eine vollst\u00e4ndige 360\u00b0-Abdeckung des Sichtfeldes.<\/p>\n<p><strong>HOHE ABDECKUNG ELIMINIERT TOTE WINKEL<\/strong><br \/>Livox Horizon bietet die dreifache Abdeckung von Punktwolken als die Mid-Serie. Erm\u00f6glicht wird dies durch das sich nicht wiederholende horizontale Scanmuster mit mehreren Laserk\u00f6pfen. Der Abdeckungsgrad der Punktwolke erreicht schon nach kurzer Zeit fast 100%. Die Punktwolke \u00fcbertrifft bei weitem die Dichte eines mechanischen 64-Linien-LiDAR-Sensors - und sorgt so f\u00fcr sicheres und zuverl\u00e4ssiges autonomes Fahren. Die gleichm\u00e4\u00dfigere Verteilung der Dichte in der Punktwolke sorgt zudem daf\u00fcr, dass der Raum im Sichtfeld ohne tote Winkel erfasst werden kann.<\/p>\n<p><strong>DAS POTENZIAL FREISETZEN<\/strong><br \/>Das Livox SDK bietet Unterst\u00fctzung f\u00fcr mehrere Programmiersprachen, darunter C, C ++ und Python auf verschiedenen Plattformen wie Linux, Windows und ROS - was die Integration und das Testen der Livox LiDAR-Sensoren in jeder Umgebung erleichtert. Livox bietet auch h\u00e4ufig verwendete Algorithmen (wie SLAM; Simultane Lokalisierung und Kartierung). Die externe Parameterkalibrierung hilft dem Anwender, das Beste aus dem Sensor herauszuholen.<\/p>\n<p><strong>VERSCHLUSSSACHEN<\/strong><br \/>Livox bietet auch klassifizierte Daten f\u00fcr g\u00e4ngige Objekte wie Fahrzeuge, Fu\u00dfg\u00e4nger oder Fahrr\u00e4der. Dies erm\u00f6glicht es Entwicklern, Algorithmen schneller zu verifizieren und die Lernkosten zu senken. Dies erh\u00f6ht die Effizienz und bietet weitere Vorteile beim Einsatz von Livox LiDAR-Sensoren.<\/p>\n<p><strong>ROBUST UND ZUVERL\u00c4SSIG<\/strong><br \/>Horizon LiDAR-Sensoren verwenden ein innovatives optoelektronisches System und sind frei von mechanischen und rotierenden Komponenten. Dies macht die Sensoren von Livox zuverl\u00e4ssiger und robuster als herk\u00f6mmliche LiDAR-Sensoren mit beweglichen optoelektronischen Komponenten. Dieses Design vermeidet Probleme, die h\u00e4ufig mit Solid-State-LiDARs verbunden sind, wie z.B. hohe Kosten, kurze Erfassungsbereiche und Ausf\u00e4lle aufgrund unausgereifter Technologie. Dar\u00fcber hinaus ist der Livox Horizon LiDAR-Sensor so konzipiert, dass er die Normen f\u00fcr autonome Fahrzeuge VW 80000 und ISO 16750 erf\u00fcllt und den Anforderungen in Massenproduktionsanwendungen f\u00fcr autonomes Fahren der Stufen 3 und 4 entspricht.<\/p>\n<p><strong>SERIENPRODUKTION IN GROSSEN ZAHLEN<\/strong><br \/>Bisher war es eine gro\u00dfe Herausforderung, einen LiDAR-Sensor zu finden, der billig, leistungsstark, zuverl\u00e4ssig und serienreif ist. Entwicklungen in Bereichen wie autonomes Fahren, Robotik, Logistik, Kartierung oder Sicherheit wurden bisher durch Faktoren wie die hohen Kosten oder die geringe Verf\u00fcgbarkeit der LiDAR-Technologie eingeschr\u00e4nkt. Livox ist auf dem besten Weg, die LiDAR-Industrie zu revolutionieren. Die Mehrfach-Laser-Transceiver mit zuverl\u00e4ssigen Sende- und Empfangseinheiten, ihre speziellen Scanmuster und ein modulares Produktdesign, das speziell auf die Automobilindustrie zugeschnitten ist, verleihen der LiDAR-Technologie das Potenzial f\u00fcr Massenproduktion und -anwendung.<\/p>\n<p><strong>KOSTENVORTEILE<\/strong><br \/>Neben dem einzigartigen Produktdesign, das eine Gro\u00dfserienproduktion erm\u00f6glicht, verwendet das optische System der Horizon LiDAR-Sensoren bew\u00e4hrte und leicht verf\u00fcgbare Komponenten. Sie gew\u00e4hrleisten eine hervorragende Leistung durch kosteng\u00fcnstige Transceiver und machen den Horizon LiDAR-Sensor besonders erschwinglich.<\/p>","protected":false},"excerpt":{"rendered":"<ul>\n<li>Hohe Kostenleistung<\/li>\n<li>Gr\u00f6\u00dferes Sichtfeld und dichtere Punktwolke<\/li>\n<li>\u00c4quivalent zu 64-Linien-LiDAR-Effekten<\/li>\n<li>Besser erkennbare Scanmethode<\/li>\n<\/ul>","protected":false},"featured_media":6658,"template":"","meta":{"_acf_changed":false},"product_brand":[],"product_cat":[187,97,751],"product_tag":[],"class_list":{"0":"post-6660","1":"product","2":"type-product","3":"status-publish","4":"has-post-thumbnail","6":"product_cat-alle-lidar","7":"product_cat-alle-producten","8":"product_cat-livox","9":"product_shipping_class-outofstock","10":"pa_brand-livox","11":"pa_productfamily-lidar-sensor","12":"pa_producttype-lidar-sensor","13":"pa_series-livox","15":"first","16":"outofstock","17":"taxable","18":"shipping-taxable","19":"product-type-simple"},"acf":[],"yoast_head":"<!-- This site is optimized with the Yoast SEO Premium plugin v27.2 (Yoast SEO v27.2) - https:\/\/yoast.com\/product\/yoast-seo-premium-wordpress\/ -->\n<title>LIVOX Horizon LiDAR - koningdrone.be<\/title>\n<meta name=\"robots\" content=\"index, follow, max-snippet:-1, max-image-preview:large, max-video-preview:-1\" \/>\n<link rel=\"canonical\" href=\"https:\/\/koningdrone.be\/de\/produkt\/livox-horizon-lidar\/\" \/>\n<meta property=\"og:locale\" content=\"de_DE\" \/>\n<meta property=\"og:type\" content=\"article\" \/>\n<meta property=\"og:title\" content=\"LIVOX Horizon LiDAR\" \/>\n<meta property=\"og:description\" content=\"Hoge kostenprestaties  Breder gezichtsveld en dichtere puntenwolk  Gelijk aan 64-regelige LiDAR-effecten  Meer herkenbare scanmethode\" \/>\n<meta property=\"og:url\" content=\"https:\/\/koningdrone.be\/de\/produkt\/livox-horizon-lidar\/\" \/>\n<meta property=\"og:site_name\" content=\"koningdrone.be\" \/>\n<meta property=\"article:modified_time\" content=\"2026-04-29T06:10:53+00:00\" \/>\n<meta property=\"og:image\" content=\"https:\/\/koningdrone.be\/wp-content\/uploads\/sites\/13\/2025\/04\/6941565907394-1.jpg\" \/>\n\t<meta property=\"og:image:width\" content=\"1280\" \/>\n\t<meta property=\"og:image:height\" content=\"800\" \/>\n\t<meta property=\"og:image:type\" content=\"image\/jpeg\" \/>\n<meta name=\"twitter:card\" content=\"summary_large_image\" \/>\n<meta name=\"twitter:label1\" content=\"Gesch\u00e4tzte Lesezeit\" \/>\n\t<meta name=\"twitter:data1\" content=\"3\u00a0Minuten\" \/>\n<script type=\"application\/ld+json\" class=\"yoast-schema-graph\">{\"@context\":\"https:\/\/schema.org\",\"@graph\":[{\"@type\":\"WebPage\",\"@id\":\"https:\/\/koningdrone.be\/product\/livox-horizon-lidar\/\",\"url\":\"https:\/\/koningdrone.be\/product\/livox-horizon-lidar\/\",\"name\":\"LIVOX Horizon LiDAR - koningdrone.be\",\"isPartOf\":{\"@id\":\"https:\/\/koningdrone.be\/#website\"},\"primaryImageOfPage\":{\"@id\":\"https:\/\/koningdrone.be\/product\/livox-horizon-lidar\/#primaryimage\"},\"image\":{\"@id\":\"https:\/\/koningdrone.be\/product\/livox-horizon-lidar\/#primaryimage\"},\"thumbnailUrl\":\"https:\/\/koningdrone.be\/wp-content\/uploads\/sites\/13\/2025\/04\/6941565907394-1.jpg\",\"datePublished\":\"2021-04-16T07:15:06+00:00\",\"dateModified\":\"2026-04-29T06:10:53+00:00\",\"breadcrumb\":{\"@id\":\"https:\/\/koningdrone.be\/product\/livox-horizon-lidar\/#breadcrumb\"},\"inLanguage\":\"de\",\"potentialAction\":[{\"@type\":\"ReadAction\",\"target\":[\"https:\/\/koningdrone.be\/product\/livox-horizon-lidar\/\"]}]},{\"@type\":\"ImageObject\",\"inLanguage\":\"de\",\"@id\":\"https:\/\/koningdrone.be\/product\/livox-horizon-lidar\/#primaryimage\",\"url\":\"https:\/\/koningdrone.be\/wp-content\/uploads\/sites\/13\/2025\/04\/6941565907394-1.jpg\",\"contentUrl\":\"https:\/\/koningdrone.be\/wp-content\/uploads\/sites\/13\/2025\/04\/6941565907394-1.jpg\",\"width\":1280,\"height\":800},{\"@type\":\"BreadcrumbList\",\"@id\":\"https:\/\/koningdrone.be\/product\/livox-horizon-lidar\/#breadcrumb\",\"itemListElement\":[{\"@type\":\"ListItem\",\"position\":1,\"name\":\"Home\",\"item\":\"https:\/\/koningdrone.be\/\"},{\"@type\":\"ListItem\",\"position\":2,\"name\":\"AVSS Parachute Recovery System for DJI Matrice 300\/350\",\"item\":\"https:\/\/koningdrone.be\/product\/avss-parachute-recovery-system-for-dji-matrice-300-350\/\"},{\"@type\":\"ListItem\",\"position\":3,\"name\":\"Alle LiDaR\",\"item\":\"https:\/\/koningdrone.be\/categorie\/alle-lidar\/\"},{\"@type\":\"ListItem\",\"position\":4,\"name\":\"LIVOX Horizon LiDAR\"}]},{\"@type\":\"WebSite\",\"@id\":\"https:\/\/koningdrone.be\/#website\",\"url\":\"https:\/\/koningdrone.be\/\",\"name\":\"Koningdrone.be - Uw online specialist in drones, gimbals, camera's en power stations.\",\"description\":\"De webshop in drones en gimbals\",\"publisher\":{\"@id\":\"https:\/\/koningdrone.be\/#organization\"},\"potentialAction\":[{\"@type\":\"SearchAction\",\"target\":{\"@type\":\"EntryPoint\",\"urlTemplate\":\"https:\/\/koningdrone.be\/?s={search_term_string}\"},\"query-input\":{\"@type\":\"PropertyValueSpecification\",\"valueRequired\":true,\"valueName\":\"search_term_string\"}}],\"inLanguage\":\"de\"},{\"@type\":\"Organization\",\"@id\":\"https:\/\/koningdrone.be\/#organization\",\"name\":\"Koningdrone.be\",\"url\":\"https:\/\/koningdrone.be\/\",\"logo\":{\"@type\":\"ImageObject\",\"inLanguage\":\"de\",\"@id\":\"https:\/\/koningdrone.be\/#\/schema\/logo\/image\/\",\"url\":\"https:\/\/koningdrone.be\/wp-content\/uploads\/sites\/13\/2025\/04\/koningdrone-copyright-logo.svg\",\"contentUrl\":\"https:\/\/koningdrone.be\/wp-content\/uploads\/sites\/13\/2025\/04\/koningdrone-copyright-logo.svg\",\"width\":227,\"height\":38,\"caption\":\"Koningdrone.be\"},\"image\":{\"@id\":\"https:\/\/koningdrone.be\/#\/schema\/logo\/image\/\"}}]}<\/script>\n<!-- \/ Yoast SEO Premium plugin. -->","yoast_head_json":{"title":"LIVOX Horizon LiDAR - koningdrone.be","robots":{"index":"index","follow":"follow","max-snippet":"max-snippet:-1","max-image-preview":"max-image-preview:large","max-video-preview":"max-video-preview:-1"},"canonical":"https:\/\/koningdrone.be\/de\/produkt\/livox-horizon-lidar\/","og_locale":"de_DE","og_type":"article","og_title":"LIVOX Horizon LiDAR","og_description":"Hoge kostenprestaties  Breder gezichtsveld en dichtere puntenwolk  Gelijk aan 64-regelige LiDAR-effecten  Meer herkenbare scanmethode","og_url":"https:\/\/koningdrone.be\/de\/produkt\/livox-horizon-lidar\/","og_site_name":"koningdrone.be","article_modified_time":"2026-04-29T06:10:53+00:00","og_image":[{"width":1280,"height":800,"url":"https:\/\/koningdrone.be\/wp-content\/uploads\/sites\/13\/2025\/04\/6941565907394-1.jpg","type":"image\/jpeg"}],"twitter_card":"summary_large_image","twitter_misc":{"Gesch\u00e4tzte Lesezeit":"3\u00a0Minuten"},"schema":{"@context":"https:\/\/schema.org","@graph":[{"@type":"WebPage","@id":"https:\/\/koningdrone.be\/product\/livox-horizon-lidar\/","url":"https:\/\/koningdrone.be\/product\/livox-horizon-lidar\/","name":"LIVOX Horizon LiDAR - koningdrone.be","isPartOf":{"@id":"https:\/\/koningdrone.be\/#website"},"primaryImageOfPage":{"@id":"https:\/\/koningdrone.be\/product\/livox-horizon-lidar\/#primaryimage"},"image":{"@id":"https:\/\/koningdrone.be\/product\/livox-horizon-lidar\/#primaryimage"},"thumbnailUrl":"https:\/\/koningdrone.be\/wp-content\/uploads\/sites\/13\/2025\/04\/6941565907394-1.jpg","datePublished":"2021-04-16T07:15:06+00:00","dateModified":"2026-04-29T06:10:53+00:00","breadcrumb":{"@id":"https:\/\/koningdrone.be\/product\/livox-horizon-lidar\/#breadcrumb"},"inLanguage":"de","potentialAction":[{"@type":"ReadAction","target":["https:\/\/koningdrone.be\/product\/livox-horizon-lidar\/"]}]},{"@type":"ImageObject","inLanguage":"de","@id":"https:\/\/koningdrone.be\/product\/livox-horizon-lidar\/#primaryimage","url":"https:\/\/koningdrone.be\/wp-content\/uploads\/sites\/13\/2025\/04\/6941565907394-1.jpg","contentUrl":"https:\/\/koningdrone.be\/wp-content\/uploads\/sites\/13\/2025\/04\/6941565907394-1.jpg","width":1280,"height":800},{"@type":"BreadcrumbList","@id":"https:\/\/koningdrone.be\/product\/livox-horizon-lidar\/#breadcrumb","itemListElement":[{"@type":"ListItem","position":1,"name":"Home","item":"https:\/\/koningdrone.be\/"},{"@type":"ListItem","position":2,"name":"AVSS Parachute Recovery System for DJI Matrice 300\/350","item":"https:\/\/koningdrone.be\/product\/avss-parachute-recovery-system-for-dji-matrice-300-350\/"},{"@type":"ListItem","position":3,"name":"Alle LiDaR","item":"https:\/\/koningdrone.be\/categorie\/alle-lidar\/"},{"@type":"ListItem","position":4,"name":"LIVOX Horizon LiDAR"}]},{"@type":"WebSite","@id":"https:\/\/koningdrone.be\/#website","url":"https:\/\/koningdrone.be\/","name":"Koningdrone.be - Ihr Online-Spezialist f\u00fcr Drohnen, Gimbals, Kameras und Kraftwerke.","description":"Der Webshop f\u00fcr Drohnen und Gimbals","publisher":{"@id":"https:\/\/koningdrone.be\/#organization"},"potentialAction":[{"@type":"SearchAction","target":{"@type":"EntryPoint","urlTemplate":"https:\/\/koningdrone.be\/?s={search_term_string}"},"query-input":{"@type":"PropertyValueSpecification","valueRequired":true,"valueName":"search_term_string"}}],"inLanguage":"de"},{"@type":"Organization","@id":"https:\/\/koningdrone.be\/#organization","name":"Kingdrone.de","url":"https:\/\/koningdrone.be\/","logo":{"@type":"ImageObject","inLanguage":"de","@id":"https:\/\/koningdrone.be\/#\/schema\/logo\/image\/","url":"https:\/\/koningdrone.be\/wp-content\/uploads\/sites\/13\/2025\/04\/koningdrone-copyright-logo.svg","contentUrl":"https:\/\/koningdrone.be\/wp-content\/uploads\/sites\/13\/2025\/04\/koningdrone-copyright-logo.svg","width":227,"height":38,"caption":"Koningdrone.be"},"image":{"@id":"https:\/\/koningdrone.be\/#\/schema\/logo\/image\/"}}]}},"df_price":"","df_sale_price":"","df_regular_price":"","df_image_link":"https:\/\/koningdrone.be\/wp-content\/uploads\/sites\/13\/2025\/04\/6941565907394-1-300x188.jpg","_links":{"self":[{"href":"https:\/\/koningdrone.be\/de\/wp-json\/wp\/v2\/product\/6660","targetHints":{"allow":["GET"]}}],"collection":[{"href":"https:\/\/koningdrone.be\/de\/wp-json\/wp\/v2\/product"}],"about":[{"href":"https:\/\/koningdrone.be\/de\/wp-json\/wp\/v2\/types\/product"}],"wp:featuredmedia":[{"embeddable":true,"href":"https:\/\/koningdrone.be\/de\/wp-json\/wp\/v2\/media\/6658"}],"wp:attachment":[{"href":"https:\/\/koningdrone.be\/de\/wp-json\/wp\/v2\/media?parent=6660"}],"wp:term":[{"taxonomy":"product_brand","embeddable":true,"href":"https:\/\/koningdrone.be\/de\/wp-json\/wp\/v2\/product_brand?post=6660"},{"taxonomy":"product_cat","embeddable":true,"href":"https:\/\/koningdrone.be\/de\/wp-json\/wp\/v2\/product_cat?post=6660"},{"taxonomy":"product_tag","embeddable":true,"href":"https:\/\/koningdrone.be\/de\/wp-json\/wp\/v2\/product_tag?post=6660"}],"curies":[{"name":"wp","href":"https:\/\/api.w.org\/{rel}","templated":true}]}}