{"id":6646,"date":"2021-05-15T14:56:29","date_gmt":"2021-05-15T12:56:29","guid":{"rendered":"https:\/\/koningdrone.nl\/kon\/product\/dji-air-2s\/"},"modified":"2026-04-29T13:20:43","modified_gmt":"2026-04-29T11:20:43","slug":"dji-air-2s","status":"publish","type":"product","link":"https:\/\/koningdrone.be\/de\/produkt\/dji-air-2s\/","title":{"rendered":"DJI AIR 2S"},"content":{"rendered":"<p><strong>DJI AIR 2S - Ultimative Drohne f\u00fcr Luftaufnahmen<\/strong><br \/>\nMit einem 1-Zoll-CMOS-Sensor und weniger als 600 g bietet die DJI Air 2S eine hervorragende Bildqualit\u00e4t mit 5.4K\/30fps und 4K\/60fps Videos. Die Drohne ist mit Funktionen wie intelligentem HDR ausgestattet, das mehrere Aufnahmen f\u00fcr mehr Details in Licht und Schatten zusammenf\u00fchrt, und MasterShots f\u00fcr automatisch gefilmte filmische Videos Ihres Motivs.<\/p>\n<ul>\n<li><strong>Gro\u00dfer Sensor:<\/strong> Erfasst jedes Detail mit gro\u00dfen 2,4 \u03bcm-Pixeln.<\/li>\n<li><strong>RAW-Fotos:<\/strong> Bietet Flexibilit\u00e4t bei der Nachbearbeitung mit einem Dynamikbereich von bis zu 12,6 Blendenstufen.<\/li>\n<li><strong>Hyperlapse und Panorama:<\/strong> Erstellen Sie beeindruckende Zeitraffervideos und detaillierte Panoramen.<\/li>\n<li><strong>FocusTrack-System:<\/strong> Enth\u00e4lt Spotlight 2.0, ActiveTrack 4.0 und Point of Interest 3.0 f\u00fcr eine erweiterte Motivverfolgung.<\/li>\n<li><strong>Erkennung der Umgebung:<\/strong> Weicht Hindernissen mit der verbesserten APAS 4.0-Technologie aus.<\/li>\n<li><strong>O3-\u00dcbertragung:<\/strong> Gew\u00e4hrleistet eine klare und zuverl\u00e4ssige Bild\u00fcbertragung.<\/li>\n<li><strong>Sicherheit:<\/strong> Integriertes ADS-B-System zur Erkennung bemannter Flugzeuge in der N\u00e4he.<\/li>\n<\/ul>\n<p>\nDie DJI Air 2S kombiniert Tragbarkeit mit fortschrittlicher Flug- und Bildgebungstechnologie und ist damit die perfekte Wahl f\u00fcr ernsthafte Luftbildfotografen und Videofilmer.<\/p>","protected":false},"excerpt":{"rendered":"<ul>\n<li>1-Zoll-CMOS-Sensor<\/li>\n<li>5.4K Video<\/li>\n<li>MasterShots<\/li>\n<li>12km 1080p \u00dcbertragung<\/li>\n<li>Hinderniserkennung in 4 Richtungen<\/li>\n<\/ul>","protected":false},"featured_media":6639,"template":"","meta":{"_acf_changed":false},"product_brand":[],"product_cat":[135,97,136,871,1283,99],"product_tag":[],"class_list":{"0":"post-6646","1":"product","2":"type-product","3":"status-publish","4":"has-post-thumbnail","6":"product_cat-alle-drones","7":"product_cat-alle-producten","8":"product_cat-consumer-drones","9":"product_cat-dji-mavic","10":"product_cat-drone-of-camera-huren","11":"product_cat-drones-met-certificaat","12":"product_shipping_class-outofstock","13":"pa_brand-dji","14":"pa_dronegrade-consumer","15":"pa_productfamily-drone","16":"pa_producttype-drone","17":"pa_series-air-2s","19":"first","20":"outofstock","21":"taxable","22":"shipping-taxable","23":"product-type-simple"},"acf":[],"yoast_head":"<!-- This site is optimized with the Yoast SEO Premium plugin v27.2 (Yoast SEO v27.2) - https:\/\/yoast.com\/product\/yoast-seo-premium-wordpress\/ -->\n<title>DJI AIR 2S - koningdrone.be<\/title>\n<meta name=\"robots\" content=\"index, follow, max-snippet:-1, max-image-preview:large, max-video-preview:-1\" \/>\n<link rel=\"canonical\" href=\"https:\/\/koningdrone.be\/de\/produkt\/dji-air-2s\/\" \/>\n<meta property=\"og:locale\" content=\"de_DE\" \/>\n<meta property=\"og:type\" content=\"article\" \/>\n<meta property=\"og:title\" content=\"DJI AIR 2S\" \/>\n<meta property=\"og:description\" content=\"CMOS-sensor van 1 inch5,4K videoMasterShots12km 1080p TransmissieObstakeldetectie in 4 richtingen\" \/>\n<meta property=\"og:url\" content=\"https:\/\/koningdrone.be\/de\/produkt\/dji-air-2s\/\" \/>\n<meta property=\"og:site_name\" content=\"koningdrone.be\" \/>\n<meta property=\"article:modified_time\" content=\"2026-04-29T11:20:43+00:00\" \/>\n<meta property=\"og:image\" content=\"https:\/\/koningdrone.be\/wp-content\/uploads\/sites\/13\/2025\/04\/6941565911131-1.jpg\" \/>\n\t<meta property=\"og:image:width\" content=\"600\" \/>\n\t<meta property=\"og:image:height\" content=\"600\" \/>\n\t<meta property=\"og:image:type\" content=\"image\/jpeg\" \/>\n<meta name=\"twitter:card\" content=\"summary_large_image\" \/>\n<meta name=\"twitter:label1\" content=\"Gesch\u00e4tzte Lesezeit\" \/>\n\t<meta name=\"twitter:data1\" content=\"1\u00a0Minute\" \/>\n<script type=\"application\/ld+json\" class=\"yoast-schema-graph\">{\"@context\":\"https:\/\/schema.org\",\"@graph\":[{\"@type\":\"WebPage\",\"@id\":\"https:\/\/koningdrone.be\/product\/dji-air-2s\/\",\"url\":\"https:\/\/koningdrone.be\/product\/dji-air-2s\/\",\"name\":\"DJI AIR 2S - koningdrone.be\",\"isPartOf\":{\"@id\":\"https:\/\/koningdrone.be\/#website\"},\"primaryImageOfPage\":{\"@id\":\"https:\/\/koningdrone.be\/product\/dji-air-2s\/#primaryimage\"},\"image\":{\"@id\":\"https:\/\/koningdrone.be\/product\/dji-air-2s\/#primaryimage\"},\"thumbnailUrl\":\"https:\/\/koningdrone.be\/wp-content\/uploads\/sites\/13\/2025\/04\/6941565911131-1.jpg\",\"datePublished\":\"2021-05-15T12:56:29+00:00\",\"dateModified\":\"2026-04-29T11:20:43+00:00\",\"breadcrumb\":{\"@id\":\"https:\/\/koningdrone.be\/product\/dji-air-2s\/#breadcrumb\"},\"inLanguage\":\"de\",\"potentialAction\":[{\"@type\":\"ReadAction\",\"target\":[\"https:\/\/koningdrone.be\/product\/dji-air-2s\/\"]}]},{\"@type\":\"ImageObject\",\"inLanguage\":\"de\",\"@id\":\"https:\/\/koningdrone.be\/product\/dji-air-2s\/#primaryimage\",\"url\":\"https:\/\/koningdrone.be\/wp-content\/uploads\/sites\/13\/2025\/04\/6941565911131-1.jpg\",\"contentUrl\":\"https:\/\/koningdrone.be\/wp-content\/uploads\/sites\/13\/2025\/04\/6941565911131-1.jpg\",\"width\":600,\"height\":600},{\"@type\":\"BreadcrumbList\",\"@id\":\"https:\/\/koningdrone.be\/product\/dji-air-2s\/#breadcrumb\",\"itemListElement\":[{\"@type\":\"ListItem\",\"position\":1,\"name\":\"Home\",\"item\":\"https:\/\/koningdrone.be\/\"},{\"@type\":\"ListItem\",\"position\":2,\"name\":\"AVSS Parachute Recovery System for DJI Matrice 300\/350\",\"item\":\"https:\/\/koningdrone.be\/product\/avss-parachute-recovery-system-for-dji-matrice-300-350\/\"},{\"@type\":\"ListItem\",\"position\":3,\"name\":\"Alle drones\",\"item\":\"https:\/\/koningdrone.be\/categorie\/alle-drones\/\"},{\"@type\":\"ListItem\",\"position\":4,\"name\":\"DJI AIR 2S\"}]},{\"@type\":\"WebSite\",\"@id\":\"https:\/\/koningdrone.be\/#website\",\"url\":\"https:\/\/koningdrone.be\/\",\"name\":\"Koningdrone.be - Uw online specialist in drones, gimbals, camera's en power stations.\",\"description\":\"De webshop in drones en gimbals\",\"publisher\":{\"@id\":\"https:\/\/koningdrone.be\/#organization\"},\"potentialAction\":[{\"@type\":\"SearchAction\",\"target\":{\"@type\":\"EntryPoint\",\"urlTemplate\":\"https:\/\/koningdrone.be\/?s={search_term_string}\"},\"query-input\":{\"@type\":\"PropertyValueSpecification\",\"valueRequired\":true,\"valueName\":\"search_term_string\"}}],\"inLanguage\":\"de\"},{\"@type\":\"Organization\",\"@id\":\"https:\/\/koningdrone.be\/#organization\",\"name\":\"Koningdrone.be\",\"url\":\"https:\/\/koningdrone.be\/\",\"logo\":{\"@type\":\"ImageObject\",\"inLanguage\":\"de\",\"@id\":\"https:\/\/koningdrone.be\/#\/schema\/logo\/image\/\",\"url\":\"https:\/\/koningdrone.be\/wp-content\/uploads\/sites\/13\/2025\/04\/koningdrone-copyright-logo.svg\",\"contentUrl\":\"https:\/\/koningdrone.be\/wp-content\/uploads\/sites\/13\/2025\/04\/koningdrone-copyright-logo.svg\",\"width\":227,\"height\":38,\"caption\":\"Koningdrone.be\"},\"image\":{\"@id\":\"https:\/\/koningdrone.be\/#\/schema\/logo\/image\/\"}}]}<\/script>\n<!-- \/ Yoast SEO Premium plugin. -->","yoast_head_json":{"title":"DJI AIR 2S - koningdrone.be","robots":{"index":"index","follow":"follow","max-snippet":"max-snippet:-1","max-image-preview":"max-image-preview:large","max-video-preview":"max-video-preview:-1"},"canonical":"https:\/\/koningdrone.be\/de\/produkt\/dji-air-2s\/","og_locale":"de_DE","og_type":"article","og_title":"DJI AIR 2S","og_description":"CMOS-sensor van 1 inch5,4K videoMasterShots12km 1080p TransmissieObstakeldetectie in 4 richtingen","og_url":"https:\/\/koningdrone.be\/de\/produkt\/dji-air-2s\/","og_site_name":"koningdrone.be","article_modified_time":"2026-04-29T11:20:43+00:00","og_image":[{"width":600,"height":600,"url":"https:\/\/koningdrone.be\/wp-content\/uploads\/sites\/13\/2025\/04\/6941565911131-1.jpg","type":"image\/jpeg"}],"twitter_card":"summary_large_image","twitter_misc":{"Gesch\u00e4tzte Lesezeit":"1\u00a0Minute"},"schema":{"@context":"https:\/\/schema.org","@graph":[{"@type":"WebPage","@id":"https:\/\/koningdrone.be\/product\/dji-air-2s\/","url":"https:\/\/koningdrone.be\/product\/dji-air-2s\/","name":"DJI AIR 2S - koningdrone.be","isPartOf":{"@id":"https:\/\/koningdrone.be\/#website"},"primaryImageOfPage":{"@id":"https:\/\/koningdrone.be\/product\/dji-air-2s\/#primaryimage"},"image":{"@id":"https:\/\/koningdrone.be\/product\/dji-air-2s\/#primaryimage"},"thumbnailUrl":"https:\/\/koningdrone.be\/wp-content\/uploads\/sites\/13\/2025\/04\/6941565911131-1.jpg","datePublished":"2021-05-15T12:56:29+00:00","dateModified":"2026-04-29T11:20:43+00:00","breadcrumb":{"@id":"https:\/\/koningdrone.be\/product\/dji-air-2s\/#breadcrumb"},"inLanguage":"de","potentialAction":[{"@type":"ReadAction","target":["https:\/\/koningdrone.be\/product\/dji-air-2s\/"]}]},{"@type":"ImageObject","inLanguage":"de","@id":"https:\/\/koningdrone.be\/product\/dji-air-2s\/#primaryimage","url":"https:\/\/koningdrone.be\/wp-content\/uploads\/sites\/13\/2025\/04\/6941565911131-1.jpg","contentUrl":"https:\/\/koningdrone.be\/wp-content\/uploads\/sites\/13\/2025\/04\/6941565911131-1.jpg","width":600,"height":600},{"@type":"BreadcrumbList","@id":"https:\/\/koningdrone.be\/product\/dji-air-2s\/#breadcrumb","itemListElement":[{"@type":"ListItem","position":1,"name":"Home","item":"https:\/\/koningdrone.be\/"},{"@type":"ListItem","position":2,"name":"AVSS Parachute Recovery System for DJI Matrice 300\/350","item":"https:\/\/koningdrone.be\/product\/avss-parachute-recovery-system-for-dji-matrice-300-350\/"},{"@type":"ListItem","position":3,"name":"Alle drones","item":"https:\/\/koningdrone.be\/categorie\/alle-drones\/"},{"@type":"ListItem","position":4,"name":"DJI AIR 2S"}]},{"@type":"WebSite","@id":"https:\/\/koningdrone.be\/#website","url":"https:\/\/koningdrone.be\/","name":"Koningdrone.be - Ihr Online-Spezialist f\u00fcr Drohnen, Gimbals, Kameras und Kraftwerke.","description":"Der Webshop f\u00fcr Drohnen und Gimbals","publisher":{"@id":"https:\/\/koningdrone.be\/#organization"},"potentialAction":[{"@type":"SearchAction","target":{"@type":"EntryPoint","urlTemplate":"https:\/\/koningdrone.be\/?s={search_term_string}"},"query-input":{"@type":"PropertyValueSpecification","valueRequired":true,"valueName":"search_term_string"}}],"inLanguage":"de"},{"@type":"Organization","@id":"https:\/\/koningdrone.be\/#organization","name":"Kingdrone.de","url":"https:\/\/koningdrone.be\/","logo":{"@type":"ImageObject","inLanguage":"de","@id":"https:\/\/koningdrone.be\/#\/schema\/logo\/image\/","url":"https:\/\/koningdrone.be\/wp-content\/uploads\/sites\/13\/2025\/04\/koningdrone-copyright-logo.svg","contentUrl":"https:\/\/koningdrone.be\/wp-content\/uploads\/sites\/13\/2025\/04\/koningdrone-copyright-logo.svg","width":227,"height":38,"caption":"Koningdrone.be"},"image":{"@id":"https:\/\/koningdrone.be\/#\/schema\/logo\/image\/"}}]}},"df_price":"","df_sale_price":"","df_regular_price":"","df_image_link":"https:\/\/koningdrone.be\/wp-content\/uploads\/sites\/13\/2025\/04\/6941565911131-1-300x300.jpg","_links":{"self":[{"href":"https:\/\/koningdrone.be\/de\/wp-json\/wp\/v2\/product\/6646","targetHints":{"allow":["GET"]}}],"collection":[{"href":"https:\/\/koningdrone.be\/de\/wp-json\/wp\/v2\/product"}],"about":[{"href":"https:\/\/koningdrone.be\/de\/wp-json\/wp\/v2\/types\/product"}],"wp:featuredmedia":[{"embeddable":true,"href":"https:\/\/koningdrone.be\/de\/wp-json\/wp\/v2\/media\/6639"}],"wp:attachment":[{"href":"https:\/\/koningdrone.be\/de\/wp-json\/wp\/v2\/media?parent=6646"}],"wp:term":[{"taxonomy":"product_brand","embeddable":true,"href":"https:\/\/koningdrone.be\/de\/wp-json\/wp\/v2\/product_brand?post=6646"},{"taxonomy":"product_cat","embeddable":true,"href":"https:\/\/koningdrone.be\/de\/wp-json\/wp\/v2\/product_cat?post=6646"},{"taxonomy":"product_tag","embeddable":true,"href":"https:\/\/koningdrone.be\/de\/wp-json\/wp\/v2\/product_tag?post=6646"}],"curies":[{"name":"wp","href":"https:\/\/api.w.org\/{rel}","templated":true}]}}