{"id":6627,"date":"2021-06-25T13:29:31","date_gmt":"2021-06-25T13:29:31","guid":{"rendered":"https:\/\/koningdrone.nl\/kon\/product\/parachute-system-dji-m300-rtk\/"},"modified":"2025-04-29T13:06:04","modified_gmt":"2025-04-29T13:06:04","slug":"parachute-system-dji-m300-rtk","status":"publish","type":"product","link":"https:\/\/koningdrone.be\/de\/produkt\/parachute-system-dji-m300-rtk\/","title":{"rendered":"Fallschirmsystem DJI M300 RTK"},"content":{"rendered":"<h1>Fallschirmsystem DJI M300 RTK<\/h1>\n<p>Der ASTM F3322-18-konforme PRS-M300 ist so konzipiert, dass er sich problemlos mit der DJI Matrice 300 RTK kombinieren l\u00e4sst. Die Halterung sichert den PRS, ohne die empfindlichen GPS-Module zu st\u00f6ren, und erm\u00f6glicht den Start mit verschiedenen Kombinationen von Nutzlasten. Das System umfasst ein Elektronikmodul zur Stromversorgung des Parachute Pod\u2122 und des Flugabbruchsystems. Das bordeigene System ist mit einer automatischen Ausl\u00f6sevorrichtung zum Ausl\u00f6sen des Fallschirms ausgestattet. Eine unabh\u00e4ngige Fernsteuerung f\u00fcr die manuelle Ausl\u00f6sung des Fallschirms gibt Ihnen die st\u00e4ndige Kontrolle \u00fcber Ihre Operationen.<\/p>\n<p><strong>Leistungs\u00fcberpr\u00fcfung<\/strong><\/p>\n<ul> <\/p>\n<li>Gesamtgewicht: 922 Gramm \/ 2.03 lbs<\/li>\n<p> <\/p>\n<li>Durchschnittliche Absenkgeschwindigkeit (7,70 kg): 3,24 mps \/ 10,62 fps<\/li>\n<p> <\/p>\n<li>Durchschnittliche Absenkgeschwindigkeit (9,20 kg): 3,54 mps \/ 11,61 fps<\/li>\n<p> <\/p>\n<li>Durchschnittliche Aufprallenergie (7,70 kg): 40,30 J \/ 29,80 ft-lb<\/li>\n<p> <\/p>\n<li>Durchschnittliche Aufprallenergie (9,20 kg): 57,60 J \/ 42,50 ft-lb<\/li>\n<p> <\/p>\n<li>Mindestarbeitsh\u00f6he (7,70 kg): 44,60 m \/ 146,33 ft<\/li>\n<p> <\/p>\n<li>Minimale Einsatzh\u00f6he (9,20 kg): 50,80 m \/ 166,67 ft<\/li>\n<p><\/ul>\n<p>Kompatibel mit abw\u00e4rts- und aufw\u00e4rtsgerichteten Kardanringen.<\/p>","protected":false},"excerpt":{"rendered":"<ul>\n<li>Vor Ort austauschbare Parachute Pods\u2122<\/li>\n<li>Plug-and-Play-Flugabschluss-System<\/li>\n<li>Automatische Entfaltung in weniger als 0,5 Sekunden<\/li>\n<li>Manueller Einsatzbereich von mehr als 2 km\/1,2 Meilen<\/li>\n<li>ASTM F3322 und Unterlagen von Dritten, die f\u00fcr Zivilluftfahrtbeh\u00f6rden f\u00fcr Fl\u00fcge \u00fcber Menschen (FAA), komplexe Operationen (TC), Szenario 3 (DGAC) und mehr relevant sind.<\/li>\n<\/ul>","protected":false},"featured_media":6625,"template":"","meta":{"_acf_changed":false},"product_brand":[],"product_cat":[97,426,152],"product_tag":[],"class_list":{"0":"post-6627","1":"product","2":"type-product","3":"status-publish","4":"has-post-thumbnail","6":"product_cat-alle-producten","7":"product_cat-dji-matrice","8":"product_cat-dji-matrice-300","9":"pa_brand-avss","10":"pa_productfamily-parachute","11":"pa_producttype-parachute","13":"first","14":"outofstock","15":"taxable","16":"shipping-taxable","17":"product-type-simple"},"acf":[],"yoast_head":"<!-- This site is optimized with the Yoast SEO Premium plugin v27.2 (Yoast SEO v27.2) - https:\/\/yoast.com\/product\/yoast-seo-premium-wordpress\/ -->\n<title>Parachute System DJI M300 RTK - koningdrone.be<\/title>\n<meta name=\"robots\" content=\"index, follow, max-snippet:-1, max-image-preview:large, max-video-preview:-1\" \/>\n<link rel=\"canonical\" href=\"https:\/\/koningdrone.be\/de\/produkt\/parachute-system-dji-m300-rtk\/\" \/>\n<meta property=\"og:locale\" content=\"de_DE\" \/>\n<meta property=\"og:type\" content=\"article\" \/>\n<meta property=\"og:title\" content=\"Parachute System DJI M300 RTK\" \/>\n<meta property=\"og:description\" content=\"In het veld vervangbare Parachute Pods\u2122Plug-and-play vluchtbe\u00ebindigingssysteemAutomatische implementatie in minder dan 0,5 secondeHandmatig implementatiebereik van meer dan 2 km\/1.2miASTM F3322 en documentatie van derden die relevant is voor de burgerluchtvaartautoriteiten voor vluchten over mensen (FAA), complexe operaties (TC), scenario 3 (DGAC) en meer.\" \/>\n<meta property=\"og:url\" content=\"https:\/\/koningdrone.be\/de\/produkt\/parachute-system-dji-m300-rtk\/\" \/>\n<meta property=\"og:site_name\" content=\"koningdrone.be\" \/>\n<meta property=\"article:modified_time\" content=\"2025-04-29T13:06:04+00:00\" \/>\n<meta property=\"og:image\" content=\"https:\/\/koningdrone.be\/wp-content\/uploads\/sites\/13\/2025\/04\/m300-parachute-system-1.png\" \/>\n\t<meta property=\"og:image:width\" content=\"680\" \/>\n\t<meta property=\"og:image:height\" content=\"370\" \/>\n\t<meta property=\"og:image:type\" content=\"image\/png\" \/>\n<meta name=\"twitter:card\" content=\"summary_large_image\" \/>\n<meta name=\"twitter:label1\" content=\"Gesch\u00e4tzte Lesezeit\" \/>\n\t<meta name=\"twitter:data1\" content=\"1\u00a0Minute\" \/>\n<script type=\"application\/ld+json\" class=\"yoast-schema-graph\">{\"@context\":\"https:\/\/schema.org\",\"@graph\":[{\"@type\":\"WebPage\",\"@id\":\"https:\/\/koningdrone.be\/product\/parachute-system-dji-m300-rtk\/\",\"url\":\"https:\/\/koningdrone.be\/product\/parachute-system-dji-m300-rtk\/\",\"name\":\"Parachute System DJI M300 RTK - koningdrone.be\",\"isPartOf\":{\"@id\":\"https:\/\/koningdrone.be\/#website\"},\"primaryImageOfPage\":{\"@id\":\"https:\/\/koningdrone.be\/product\/parachute-system-dji-m300-rtk\/#primaryimage\"},\"image\":{\"@id\":\"https:\/\/koningdrone.be\/product\/parachute-system-dji-m300-rtk\/#primaryimage\"},\"thumbnailUrl\":\"https:\/\/koningdrone.be\/wp-content\/uploads\/sites\/13\/2025\/04\/m300-parachute-system-1.png\",\"datePublished\":\"2021-06-25T13:29:31+00:00\",\"dateModified\":\"2025-04-29T13:06:04+00:00\",\"breadcrumb\":{\"@id\":\"https:\/\/koningdrone.be\/product\/parachute-system-dji-m300-rtk\/#breadcrumb\"},\"inLanguage\":\"de\",\"potentialAction\":[{\"@type\":\"ReadAction\",\"target\":[\"https:\/\/koningdrone.be\/product\/parachute-system-dji-m300-rtk\/\"]}]},{\"@type\":\"ImageObject\",\"inLanguage\":\"de\",\"@id\":\"https:\/\/koningdrone.be\/product\/parachute-system-dji-m300-rtk\/#primaryimage\",\"url\":\"https:\/\/koningdrone.be\/wp-content\/uploads\/sites\/13\/2025\/04\/m300-parachute-system-1.png\",\"contentUrl\":\"https:\/\/koningdrone.be\/wp-content\/uploads\/sites\/13\/2025\/04\/m300-parachute-system-1.png\",\"width\":680,\"height\":370},{\"@type\":\"BreadcrumbList\",\"@id\":\"https:\/\/koningdrone.be\/product\/parachute-system-dji-m300-rtk\/#breadcrumb\",\"itemListElement\":[{\"@type\":\"ListItem\",\"position\":1,\"name\":\"Home\",\"item\":\"https:\/\/koningdrone.be\/\"},{\"@type\":\"ListItem\",\"position\":2,\"name\":\"AVSS Parachute Recovery System for DJI Matrice 300\/350\",\"item\":\"https:\/\/koningdrone.be\/product\/avss-parachute-recovery-system-for-dji-matrice-300-350\/\"},{\"@type\":\"ListItem\",\"position\":3,\"name\":\"Alle producten\",\"item\":\"https:\/\/koningdrone.be\/categorie\/alle-producten\/\"},{\"@type\":\"ListItem\",\"position\":4,\"name\":\"Parachute System DJI M300 RTK\"}]},{\"@type\":\"WebSite\",\"@id\":\"https:\/\/koningdrone.be\/#website\",\"url\":\"https:\/\/koningdrone.be\/\",\"name\":\"Koningdrone.be - Uw online specialist in drones, gimbals, camera's en power stations.\",\"description\":\"De webshop in drones en gimbals\",\"publisher\":{\"@id\":\"https:\/\/koningdrone.be\/#organization\"},\"potentialAction\":[{\"@type\":\"SearchAction\",\"target\":{\"@type\":\"EntryPoint\",\"urlTemplate\":\"https:\/\/koningdrone.be\/?s={search_term_string}\"},\"query-input\":{\"@type\":\"PropertyValueSpecification\",\"valueRequired\":true,\"valueName\":\"search_term_string\"}}],\"inLanguage\":\"de\"},{\"@type\":\"Organization\",\"@id\":\"https:\/\/koningdrone.be\/#organization\",\"name\":\"Koningdrone.be\",\"url\":\"https:\/\/koningdrone.be\/\",\"logo\":{\"@type\":\"ImageObject\",\"inLanguage\":\"de\",\"@id\":\"https:\/\/koningdrone.be\/#\/schema\/logo\/image\/\",\"url\":\"https:\/\/koningdrone.be\/wp-content\/uploads\/sites\/13\/2025\/04\/koningdrone-copyright-logo.svg\",\"contentUrl\":\"https:\/\/koningdrone.be\/wp-content\/uploads\/sites\/13\/2025\/04\/koningdrone-copyright-logo.svg\",\"width\":227,\"height\":38,\"caption\":\"Koningdrone.be\"},\"image\":{\"@id\":\"https:\/\/koningdrone.be\/#\/schema\/logo\/image\/\"}}]}<\/script>\n<!-- \/ Yoast SEO Premium plugin. -->","yoast_head_json":{"title":"Parachute System DJI M300 RTK - koningdrone.be","robots":{"index":"index","follow":"follow","max-snippet":"max-snippet:-1","max-image-preview":"max-image-preview:large","max-video-preview":"max-video-preview:-1"},"canonical":"https:\/\/koningdrone.be\/de\/produkt\/parachute-system-dji-m300-rtk\/","og_locale":"de_DE","og_type":"article","og_title":"Parachute System DJI M300 RTK","og_description":"In het veld vervangbare Parachute Pods\u2122Plug-and-play vluchtbe\u00ebindigingssysteemAutomatische implementatie in minder dan 0,5 secondeHandmatig implementatiebereik van meer dan 2 km\/1.2miASTM F3322 en documentatie van derden die relevant is voor de burgerluchtvaartautoriteiten voor vluchten over mensen (FAA), complexe operaties (TC), scenario 3 (DGAC) en meer.","og_url":"https:\/\/koningdrone.be\/de\/produkt\/parachute-system-dji-m300-rtk\/","og_site_name":"koningdrone.be","article_modified_time":"2025-04-29T13:06:04+00:00","og_image":[{"width":680,"height":370,"url":"https:\/\/koningdrone.be\/wp-content\/uploads\/sites\/13\/2025\/04\/m300-parachute-system-1.png","type":"image\/png"}],"twitter_card":"summary_large_image","twitter_misc":{"Gesch\u00e4tzte Lesezeit":"1\u00a0Minute"},"schema":{"@context":"https:\/\/schema.org","@graph":[{"@type":"WebPage","@id":"https:\/\/koningdrone.be\/product\/parachute-system-dji-m300-rtk\/","url":"https:\/\/koningdrone.be\/product\/parachute-system-dji-m300-rtk\/","name":"Parachute System DJI M300 RTK - koningdrone.be","isPartOf":{"@id":"https:\/\/koningdrone.be\/#website"},"primaryImageOfPage":{"@id":"https:\/\/koningdrone.be\/product\/parachute-system-dji-m300-rtk\/#primaryimage"},"image":{"@id":"https:\/\/koningdrone.be\/product\/parachute-system-dji-m300-rtk\/#primaryimage"},"thumbnailUrl":"https:\/\/koningdrone.be\/wp-content\/uploads\/sites\/13\/2025\/04\/m300-parachute-system-1.png","datePublished":"2021-06-25T13:29:31+00:00","dateModified":"2025-04-29T13:06:04+00:00","breadcrumb":{"@id":"https:\/\/koningdrone.be\/product\/parachute-system-dji-m300-rtk\/#breadcrumb"},"inLanguage":"de","potentialAction":[{"@type":"ReadAction","target":["https:\/\/koningdrone.be\/product\/parachute-system-dji-m300-rtk\/"]}]},{"@type":"ImageObject","inLanguage":"de","@id":"https:\/\/koningdrone.be\/product\/parachute-system-dji-m300-rtk\/#primaryimage","url":"https:\/\/koningdrone.be\/wp-content\/uploads\/sites\/13\/2025\/04\/m300-parachute-system-1.png","contentUrl":"https:\/\/koningdrone.be\/wp-content\/uploads\/sites\/13\/2025\/04\/m300-parachute-system-1.png","width":680,"height":370},{"@type":"BreadcrumbList","@id":"https:\/\/koningdrone.be\/product\/parachute-system-dji-m300-rtk\/#breadcrumb","itemListElement":[{"@type":"ListItem","position":1,"name":"Home","item":"https:\/\/koningdrone.be\/"},{"@type":"ListItem","position":2,"name":"AVSS Parachute Recovery System for DJI Matrice 300\/350","item":"https:\/\/koningdrone.be\/product\/avss-parachute-recovery-system-for-dji-matrice-300-350\/"},{"@type":"ListItem","position":3,"name":"Alle producten","item":"https:\/\/koningdrone.be\/categorie\/alle-producten\/"},{"@type":"ListItem","position":4,"name":"Parachute System DJI M300 RTK"}]},{"@type":"WebSite","@id":"https:\/\/koningdrone.be\/#website","url":"https:\/\/koningdrone.be\/","name":"Koningdrone.be - Ihr Online-Spezialist f\u00fcr Drohnen, Gimbals, Kameras und Kraftwerke.","description":"Der Webshop f\u00fcr Drohnen und Gimbals","publisher":{"@id":"https:\/\/koningdrone.be\/#organization"},"potentialAction":[{"@type":"SearchAction","target":{"@type":"EntryPoint","urlTemplate":"https:\/\/koningdrone.be\/?s={search_term_string}"},"query-input":{"@type":"PropertyValueSpecification","valueRequired":true,"valueName":"search_term_string"}}],"inLanguage":"de"},{"@type":"Organization","@id":"https:\/\/koningdrone.be\/#organization","name":"Kingdrone.de","url":"https:\/\/koningdrone.be\/","logo":{"@type":"ImageObject","inLanguage":"de","@id":"https:\/\/koningdrone.be\/#\/schema\/logo\/image\/","url":"https:\/\/koningdrone.be\/wp-content\/uploads\/sites\/13\/2025\/04\/koningdrone-copyright-logo.svg","contentUrl":"https:\/\/koningdrone.be\/wp-content\/uploads\/sites\/13\/2025\/04\/koningdrone-copyright-logo.svg","width":227,"height":38,"caption":"Koningdrone.be"},"image":{"@id":"https:\/\/koningdrone.be\/#\/schema\/logo\/image\/"}}]}},"df_price":"","df_sale_price":"","df_regular_price":"","df_image_link":"https:\/\/koningdrone.be\/wp-content\/uploads\/sites\/13\/2025\/04\/m300-parachute-system-1-300x163.png","_links":{"self":[{"href":"https:\/\/koningdrone.be\/de\/wp-json\/wp\/v2\/product\/6627","targetHints":{"allow":["GET"]}}],"collection":[{"href":"https:\/\/koningdrone.be\/de\/wp-json\/wp\/v2\/product"}],"about":[{"href":"https:\/\/koningdrone.be\/de\/wp-json\/wp\/v2\/types\/product"}],"wp:featuredmedia":[{"embeddable":true,"href":"https:\/\/koningdrone.be\/de\/wp-json\/wp\/v2\/media\/6625"}],"wp:attachment":[{"href":"https:\/\/koningdrone.be\/de\/wp-json\/wp\/v2\/media?parent=6627"}],"wp:term":[{"taxonomy":"product_brand","embeddable":true,"href":"https:\/\/koningdrone.be\/de\/wp-json\/wp\/v2\/product_brand?post=6627"},{"taxonomy":"product_cat","embeddable":true,"href":"https:\/\/koningdrone.be\/de\/wp-json\/wp\/v2\/product_cat?post=6627"},{"taxonomy":"product_tag","embeddable":true,"href":"https:\/\/koningdrone.be\/de\/wp-json\/wp\/v2\/product_tag?post=6627"}],"curies":[{"name":"wp","href":"https:\/\/api.w.org\/{rel}","templated":true}]}}