{"id":6622,"date":"2021-06-25T13:30:03","date_gmt":"2021-06-25T13:30:03","guid":{"rendered":"https:\/\/koningdrone.nl\/kon\/product\/parrot-anafi-usa-ir-led\/"},"modified":"2025-04-29T13:05:15","modified_gmt":"2025-04-29T13:05:15","slug":"parrot-anafi-usa-ir-led","status":"publish","type":"product","link":"https:\/\/koningdrone.be\/de\/produkt\/parrot-anafi-usa-ir-led\/","title":{"rendered":"Parrot Anafi USA IR Led"},"content":{"rendered":"<h1>IR Led Papagei Anafi USA<\/h1>\n<p>Das FoxFury D10 IR (Infrarot) Parrot ANAFI USA Beleuchtungssystem ist ein multifunktionales Gebrauchslicht, das stolz in den USA hergestellt wird. Es kann an den meisten Drohnen und Helmen mit dem Flat Mounting Pad \u00fcber DualLoc-Klettband oder 5915 VHB-Band befestigt werden. MOLLE- und OPSCORE-Halterungen erweitern die Befestigungsm\u00f6glichkeiten. Die 30\u00b0-LED der D10 arbeitet im Dauer- oder Stroboskopmodus. Diese wiederaufladbare und spritzwassergesch\u00fctzte Lampe ist langlebig und kompakt f\u00fcr eine Vielzahl von Anwendungen, bei denen Licht auf engem Raum ben\u00f6tigt wird.<\/p>\n<p><strong>Spezifikationen<\/strong><\/p>\n<p> - Gewicht: .4 oz (12 g)<br \/> - Abmessungen: 1,1 x 0,8 x 1,4 Zoll (27 x 20 x 36 mm)<br \/> - Zertifizierungen: Erf\u00fcllt die FAA und die weltweiten Anforderungen f\u00fcr Nachtfl\u00fcge<br \/> - Farbtemperatur: 5700K<br \/> - LED-Farbe: wei\u00df<br \/> - Materialien: aus Nylon mit Karbonfaser<br \/> - Aufladezeit: 1 Stunde<br \/> - Betriebliche Reichweite: 9 m (30 ft)<br \/> - Abstrahlwinkel: 30 Grad (vorne)<br \/> - Merkmale: Hergestellt in den USA, eigenst\u00e4ndiger LiPo-Akku, erf\u00fcllt FAA- und weltweite Nachtfluganforderungen<br \/> - Garantie: 1 Jahr Garantie mit 300 Zyklen<\/p>","protected":false},"excerpt":{"rendered":"<ul>\n<li>Lumen: 200 Lumen<\/li>\n<li>000D_<\/li>\n<li>Lebensdauer der Batterie: 40 - 80 Minuten<\/li>\n<li>000D_<\/li>\n<li>Stromquelle: wiederaufladbares LiPo-Akkusystem<\/li>\n<li>000D_<\/li>\n<li>Modi: 2 (Hoch, Stroboskop)<\/li>\n<\/ul>","protected":false},"featured_media":2038,"template":"","meta":{"_acf_changed":false},"product_brand":[],"product_cat":[97,99,100,325,326],"product_tag":[],"class_list":{"0":"post-6622","1":"product","2":"type-product","3":"status-publish","4":"has-post-thumbnail","6":"product_cat-alle-producten","7":"product_cat-drones-met-certificaat","8":"product_cat-enterprise-drones","9":"product_cat-parrot","10":"product_cat-professionele-parrot-drones","11":"pa_brand-parrot","12":"pa_dronegrade-enterprise","13":"pa_productfamily-drone","14":"pa_producttype-drone","15":"pa_series-parrot-anafi-usa","17":"first","18":"outofstock","19":"taxable","20":"shipping-taxable","21":"product-type-simple"},"acf":[],"yoast_head":"<!-- This site is optimized with the Yoast SEO Premium plugin v27.2 (Yoast SEO v27.2) - https:\/\/yoast.com\/product\/yoast-seo-premium-wordpress\/ -->\n<title>Parrot Anafi USA IR Led - koningdrone.be<\/title>\n<meta name=\"robots\" content=\"index, follow, max-snippet:-1, max-image-preview:large, max-video-preview:-1\" \/>\n<link rel=\"canonical\" href=\"https:\/\/koningdrone.be\/de\/produkt\/parrot-anafi-usa-ir-led\/\" \/>\n<meta property=\"og:locale\" content=\"de_DE\" \/>\n<meta property=\"og:type\" content=\"article\" \/>\n<meta property=\"og:title\" content=\"Parrot Anafi USA IR Led\" \/>\n<meta property=\"og:description\" content=\"Lumen: 200 Lumen000D_Levensduur batterij: 40 - 80 minuten000D_Stroombron: oplaadbaar LiPo-batterijsysteem000D_Modi: 2 (Hoog, Stroboscoop)\" \/>\n<meta property=\"og:url\" content=\"https:\/\/koningdrone.be\/de\/produkt\/parrot-anafi-usa-ir-led\/\" \/>\n<meta property=\"og:site_name\" content=\"koningdrone.be\" \/>\n<meta property=\"article:modified_time\" content=\"2025-04-29T13:05:15+00:00\" \/>\n<meta property=\"og:image\" content=\"https:\/\/koningdrone.be\/wp-content\/uploads\/sites\/13\/2025\/04\/ir-led-parrot-anafi-usa-1.jpg\" \/>\n\t<meta property=\"og:image:width\" content=\"600\" \/>\n\t<meta property=\"og:image:height\" content=\"600\" \/>\n\t<meta property=\"og:image:type\" content=\"image\/jpeg\" \/>\n<meta name=\"twitter:card\" content=\"summary_large_image\" \/>\n<meta name=\"twitter:label1\" content=\"Gesch\u00e4tzte Lesezeit\" \/>\n\t<meta name=\"twitter:data1\" content=\"1\u00a0Minute\" \/>\n<script type=\"application\/ld+json\" class=\"yoast-schema-graph\">{\"@context\":\"https:\/\/schema.org\",\"@graph\":[{\"@type\":\"WebPage\",\"@id\":\"https:\/\/koningdrone.be\/product\/parrot-anafi-usa-ir-led\/\",\"url\":\"https:\/\/koningdrone.be\/product\/parrot-anafi-usa-ir-led\/\",\"name\":\"Parrot Anafi USA IR Led - koningdrone.be\",\"isPartOf\":{\"@id\":\"https:\/\/koningdrone.be\/#website\"},\"primaryImageOfPage\":{\"@id\":\"https:\/\/koningdrone.be\/product\/parrot-anafi-usa-ir-led\/#primaryimage\"},\"image\":{\"@id\":\"https:\/\/koningdrone.be\/product\/parrot-anafi-usa-ir-led\/#primaryimage\"},\"thumbnailUrl\":\"https:\/\/koningdrone.be\/wp-content\/uploads\/sites\/13\/2025\/04\/ir-led-parrot-anafi-usa-1.jpg\",\"datePublished\":\"2021-06-25T13:30:03+00:00\",\"dateModified\":\"2025-04-29T13:05:15+00:00\",\"breadcrumb\":{\"@id\":\"https:\/\/koningdrone.be\/product\/parrot-anafi-usa-ir-led\/#breadcrumb\"},\"inLanguage\":\"de\",\"potentialAction\":[{\"@type\":\"ReadAction\",\"target\":[\"https:\/\/koningdrone.be\/product\/parrot-anafi-usa-ir-led\/\"]}]},{\"@type\":\"ImageObject\",\"inLanguage\":\"de\",\"@id\":\"https:\/\/koningdrone.be\/product\/parrot-anafi-usa-ir-led\/#primaryimage\",\"url\":\"https:\/\/koningdrone.be\/wp-content\/uploads\/sites\/13\/2025\/04\/ir-led-parrot-anafi-usa-1.jpg\",\"contentUrl\":\"https:\/\/koningdrone.be\/wp-content\/uploads\/sites\/13\/2025\/04\/ir-led-parrot-anafi-usa-1.jpg\",\"width\":600,\"height\":600},{\"@type\":\"BreadcrumbList\",\"@id\":\"https:\/\/koningdrone.be\/product\/parrot-anafi-usa-ir-led\/#breadcrumb\",\"itemListElement\":[{\"@type\":\"ListItem\",\"position\":1,\"name\":\"Home\",\"item\":\"https:\/\/koningdrone.be\/\"},{\"@type\":\"ListItem\",\"position\":2,\"name\":\"AVSS Parachute Recovery System for DJI Matrice 300\/350\",\"item\":\"https:\/\/koningdrone.be\/product\/avss-parachute-recovery-system-for-dji-matrice-300-350\/\"},{\"@type\":\"ListItem\",\"position\":3,\"name\":\"Alle producten\",\"item\":\"https:\/\/koningdrone.be\/categorie\/alle-producten\/\"},{\"@type\":\"ListItem\",\"position\":4,\"name\":\"Parrot Anafi USA IR Led\"}]},{\"@type\":\"WebSite\",\"@id\":\"https:\/\/koningdrone.be\/#website\",\"url\":\"https:\/\/koningdrone.be\/\",\"name\":\"Koningdrone.be - Uw online specialist in drones, gimbals, camera's en power stations.\",\"description\":\"De webshop in drones en gimbals\",\"publisher\":{\"@id\":\"https:\/\/koningdrone.be\/#organization\"},\"potentialAction\":[{\"@type\":\"SearchAction\",\"target\":{\"@type\":\"EntryPoint\",\"urlTemplate\":\"https:\/\/koningdrone.be\/?s={search_term_string}\"},\"query-input\":{\"@type\":\"PropertyValueSpecification\",\"valueRequired\":true,\"valueName\":\"search_term_string\"}}],\"inLanguage\":\"de\"},{\"@type\":\"Organization\",\"@id\":\"https:\/\/koningdrone.be\/#organization\",\"name\":\"Koningdrone.be\",\"url\":\"https:\/\/koningdrone.be\/\",\"logo\":{\"@type\":\"ImageObject\",\"inLanguage\":\"de\",\"@id\":\"https:\/\/koningdrone.be\/#\/schema\/logo\/image\/\",\"url\":\"https:\/\/koningdrone.be\/wp-content\/uploads\/sites\/13\/2025\/04\/koningdrone-copyright-logo.svg\",\"contentUrl\":\"https:\/\/koningdrone.be\/wp-content\/uploads\/sites\/13\/2025\/04\/koningdrone-copyright-logo.svg\",\"width\":227,\"height\":38,\"caption\":\"Koningdrone.be\"},\"image\":{\"@id\":\"https:\/\/koningdrone.be\/#\/schema\/logo\/image\/\"}}]}<\/script>\n<!-- \/ Yoast SEO Premium plugin. -->","yoast_head_json":{"title":"Parrot Anafi USA IR Led - koningdrone.be","robots":{"index":"index","follow":"follow","max-snippet":"max-snippet:-1","max-image-preview":"max-image-preview:large","max-video-preview":"max-video-preview:-1"},"canonical":"https:\/\/koningdrone.be\/de\/produkt\/parrot-anafi-usa-ir-led\/","og_locale":"de_DE","og_type":"article","og_title":"Parrot Anafi USA IR Led","og_description":"Lumen: 200 Lumen000D_Levensduur batterij: 40 - 80 minuten000D_Stroombron: oplaadbaar LiPo-batterijsysteem000D_Modi: 2 (Hoog, Stroboscoop)","og_url":"https:\/\/koningdrone.be\/de\/produkt\/parrot-anafi-usa-ir-led\/","og_site_name":"koningdrone.be","article_modified_time":"2025-04-29T13:05:15+00:00","og_image":[{"width":600,"height":600,"url":"https:\/\/koningdrone.be\/wp-content\/uploads\/sites\/13\/2025\/04\/ir-led-parrot-anafi-usa-1.jpg","type":"image\/jpeg"}],"twitter_card":"summary_large_image","twitter_misc":{"Gesch\u00e4tzte Lesezeit":"1\u00a0Minute"},"schema":{"@context":"https:\/\/schema.org","@graph":[{"@type":"WebPage","@id":"https:\/\/koningdrone.be\/product\/parrot-anafi-usa-ir-led\/","url":"https:\/\/koningdrone.be\/product\/parrot-anafi-usa-ir-led\/","name":"Parrot Anafi USA IR Led - koningdrone.be","isPartOf":{"@id":"https:\/\/koningdrone.be\/#website"},"primaryImageOfPage":{"@id":"https:\/\/koningdrone.be\/product\/parrot-anafi-usa-ir-led\/#primaryimage"},"image":{"@id":"https:\/\/koningdrone.be\/product\/parrot-anafi-usa-ir-led\/#primaryimage"},"thumbnailUrl":"https:\/\/koningdrone.be\/wp-content\/uploads\/sites\/13\/2025\/04\/ir-led-parrot-anafi-usa-1.jpg","datePublished":"2021-06-25T13:30:03+00:00","dateModified":"2025-04-29T13:05:15+00:00","breadcrumb":{"@id":"https:\/\/koningdrone.be\/product\/parrot-anafi-usa-ir-led\/#breadcrumb"},"inLanguage":"de","potentialAction":[{"@type":"ReadAction","target":["https:\/\/koningdrone.be\/product\/parrot-anafi-usa-ir-led\/"]}]},{"@type":"ImageObject","inLanguage":"de","@id":"https:\/\/koningdrone.be\/product\/parrot-anafi-usa-ir-led\/#primaryimage","url":"https:\/\/koningdrone.be\/wp-content\/uploads\/sites\/13\/2025\/04\/ir-led-parrot-anafi-usa-1.jpg","contentUrl":"https:\/\/koningdrone.be\/wp-content\/uploads\/sites\/13\/2025\/04\/ir-led-parrot-anafi-usa-1.jpg","width":600,"height":600},{"@type":"BreadcrumbList","@id":"https:\/\/koningdrone.be\/product\/parrot-anafi-usa-ir-led\/#breadcrumb","itemListElement":[{"@type":"ListItem","position":1,"name":"Home","item":"https:\/\/koningdrone.be\/"},{"@type":"ListItem","position":2,"name":"AVSS Parachute Recovery System for DJI Matrice 300\/350","item":"https:\/\/koningdrone.be\/product\/avss-parachute-recovery-system-for-dji-matrice-300-350\/"},{"@type":"ListItem","position":3,"name":"Alle producten","item":"https:\/\/koningdrone.be\/categorie\/alle-producten\/"},{"@type":"ListItem","position":4,"name":"Parrot Anafi USA IR Led"}]},{"@type":"WebSite","@id":"https:\/\/koningdrone.be\/#website","url":"https:\/\/koningdrone.be\/","name":"Koningdrone.be - Ihr Online-Spezialist f\u00fcr Drohnen, Gimbals, Kameras und Kraftwerke.","description":"Der Webshop f\u00fcr Drohnen und Gimbals","publisher":{"@id":"https:\/\/koningdrone.be\/#organization"},"potentialAction":[{"@type":"SearchAction","target":{"@type":"EntryPoint","urlTemplate":"https:\/\/koningdrone.be\/?s={search_term_string}"},"query-input":{"@type":"PropertyValueSpecification","valueRequired":true,"valueName":"search_term_string"}}],"inLanguage":"de"},{"@type":"Organization","@id":"https:\/\/koningdrone.be\/#organization","name":"Kingdrone.de","url":"https:\/\/koningdrone.be\/","logo":{"@type":"ImageObject","inLanguage":"de","@id":"https:\/\/koningdrone.be\/#\/schema\/logo\/image\/","url":"https:\/\/koningdrone.be\/wp-content\/uploads\/sites\/13\/2025\/04\/koningdrone-copyright-logo.svg","contentUrl":"https:\/\/koningdrone.be\/wp-content\/uploads\/sites\/13\/2025\/04\/koningdrone-copyright-logo.svg","width":227,"height":38,"caption":"Koningdrone.be"},"image":{"@id":"https:\/\/koningdrone.be\/#\/schema\/logo\/image\/"}}]}},"df_price":"","df_sale_price":"","df_regular_price":"","df_image_link":"https:\/\/koningdrone.be\/wp-content\/uploads\/sites\/13\/2025\/04\/ir-led-parrot-anafi-usa-1-300x300.jpg","_links":{"self":[{"href":"https:\/\/koningdrone.be\/de\/wp-json\/wp\/v2\/product\/6622","targetHints":{"allow":["GET"]}}],"collection":[{"href":"https:\/\/koningdrone.be\/de\/wp-json\/wp\/v2\/product"}],"about":[{"href":"https:\/\/koningdrone.be\/de\/wp-json\/wp\/v2\/types\/product"}],"wp:featuredmedia":[{"embeddable":true,"href":"https:\/\/koningdrone.be\/de\/wp-json\/wp\/v2\/media\/2038"}],"wp:attachment":[{"href":"https:\/\/koningdrone.be\/de\/wp-json\/wp\/v2\/media?parent=6622"}],"wp:term":[{"taxonomy":"product_brand","embeddable":true,"href":"https:\/\/koningdrone.be\/de\/wp-json\/wp\/v2\/product_brand?post=6622"},{"taxonomy":"product_cat","embeddable":true,"href":"https:\/\/koningdrone.be\/de\/wp-json\/wp\/v2\/product_cat?post=6622"},{"taxonomy":"product_tag","embeddable":true,"href":"https:\/\/koningdrone.be\/de\/wp-json\/wp\/v2\/product_tag?post=6622"}],"curies":[{"name":"wp","href":"https:\/\/api.w.org\/{rel}","templated":true}]}}