{"id":6621,"date":"2021-06-25T13:30:03","date_gmt":"2021-06-25T11:30:03","guid":{"rendered":"https:\/\/koningdrone.nl\/kon\/product\/parrot-anafi-work\/"},"modified":"2026-04-29T13:21:00","modified_gmt":"2026-04-29T11:21:00","slug":"parrot-anafi-work","status":"publish","type":"product","link":"https:\/\/koningdrone.be\/de\/produkt\/parrot-anafi-work\/","title":{"rendered":"Papagei Anafi Arbeit"},"content":{"rendered":"<p><strong>ANAFI Work: die ultrakompakte 4K-Drohnenl\u00f6sung f\u00fcr Profis<\/strong><\/p>\n<ul>\n<li> Ausgestattet mit einer 4K\/21MP-Kamera mit vertikaler 180\u00b0-Ausrichtung f\u00fcr die einfache Aufnahme von unzug\u00e4nglichen Bereichen.<\/li>\n<li> Enth\u00e4lt 4 intelligente USB-C-Batterien f\u00fcr 1 Stunde und 40 Minuten Betriebszeit.<\/li>\n<li> Wird mit einer kompakten Umh\u00e4ngetasche f\u00fcr den einfachen Transport geliefert.<\/li>\n<li> Bietet ein Jahr lang kostenlosen Zugang zu Pix4Dmodel f\u00fcr die schnelle und einfache 3D-Modellierung von Geb\u00e4uden.<\/li>\n<\/ul>\n<p> <strong>Erweiterte Bild- und Leistungsmerkmale<\/strong><\/p>\n<ul>\n<li> 4K HDR und 21 MP hochaufl\u00f6sende Kamera, ideal f\u00fcr verschiedene professionelle Anwendungen, einschlie\u00dflich Geb\u00e4udeinspektionen und Videoproduktion.<\/li>\n<li> Drei-Achsen-Hybrid-Bildstabilisierungssystem f\u00fcr besonders fl\u00fcssige Videos und stabile Fotos.<\/li>\n<li> Um 180\u00b0 schwenkbare Kamera zur Aufnahme von Zenit- und Nadirbildern von schwer zug\u00e4nglichen Bereichen.<\/li>\n<li> Verlustfreier 1,4-facher Zoom in 4K und 2,8-facher Zoom in Full HD (1080p) f\u00fcr eine genauere Betrachtung ohne Einbu\u00dfen bei der Bildqualit\u00e4t.<\/li>\n<li> Er wurde f\u00fcr den Einsatz unterwegs entwickelt und ist mit einem leistungsstarken und dennoch leisen Antriebssystem, das bei Windgeschwindigkeiten von bis zu 50 km\/h stabil ist, im Handumdrehen flugbereit.<\/li>\n<\/ul>","protected":false},"excerpt":{"rendered":"<ul>\n<li>USB-C-Ladesystem f\u00fcr unterwegs, weil das Gesch\u00e4ft nie aufh\u00f6rt<\/li>\n<li>Starker Windwiderstand und superleiser Flug<\/li>\n<li>Einfache Anwendung f\u00fcr jeden Fachmann<\/li>\n<li>Leicht zu tragen in der kompakten Umh\u00e4ngetasche<\/li>\n<li>Intuitive manuelle Fl\u00fcge mit Freeflight 6<\/li>\n<li>Automatische Fl\u00fcge leicht gemacht<\/li>\n<li>Sicherheitsmerkmale f\u00fcr sicherere Fl\u00fcge<\/li>\n<li>Erfahrung mit 3D-Modellierung<\/li>\n<\/ul>","protected":false},"featured_media":6617,"template":"","meta":{"_acf_changed":false},"product_brand":[],"product_cat":[97,99,100,325,326],"product_tag":[],"class_list":{"0":"post-6621","1":"product","2":"type-product","3":"status-publish","4":"has-post-thumbnail","6":"product_cat-alle-producten","7":"product_cat-drones-met-certificaat","8":"product_cat-enterprise-drones","9":"product_cat-parrot","10":"product_cat-professionele-parrot-drones","11":"product_shipping_class-outofstock","12":"pa_brand-parrot","13":"pa_dronegrade-enterprise","14":"pa_productfamily-drone","15":"pa_producttype-drone","16":"pa_series-parrot-anafi-work","18":"first","19":"outofstock","20":"taxable","21":"shipping-taxable","22":"product-type-simple"},"acf":[],"yoast_head":"<!-- This site is optimized with the Yoast SEO Premium plugin v27.2 (Yoast SEO v27.2) - https:\/\/yoast.com\/product\/yoast-seo-premium-wordpress\/ -->\n<title>Parrot Anafi Work - koningdrone.be<\/title>\n<meta name=\"robots\" content=\"index, follow, max-snippet:-1, max-image-preview:large, max-video-preview:-1\" \/>\n<link rel=\"canonical\" href=\"https:\/\/koningdrone.be\/de\/produkt\/parrot-anafi-work\/\" \/>\n<meta property=\"og:locale\" content=\"de_DE\" \/>\n<meta property=\"og:type\" content=\"article\" \/>\n<meta property=\"og:title\" content=\"Parrot Anafi Work\" \/>\n<meta property=\"og:description\" content=\"Onderweg USB-C-oplaadsysteem, omdat zaken nooit stoppenSterke windweerstand en superstille vluchtenEenvoudig te gebruiken voor elke professionalGemakkelijk mee te nemen in de compacte schoudertasIntu\u00eftieve handmatige vluchten met Freeflight 6Automatische vluchten eenvoudig gemaaktBeveiligingsfuncties voor veiligere vluchtenErvaar 3D-modellering\" \/>\n<meta property=\"og:url\" content=\"https:\/\/koningdrone.be\/de\/produkt\/parrot-anafi-work\/\" \/>\n<meta property=\"og:site_name\" content=\"koningdrone.be\" \/>\n<meta property=\"article:modified_time\" content=\"2026-04-29T11:21:00+00:00\" \/>\n<meta property=\"og:image\" content=\"https:\/\/koningdrone.be\/wp-content\/uploads\/sites\/13\/2025\/04\/3520410047770-1.jpg\" \/>\n\t<meta property=\"og:image:width\" content=\"600\" \/>\n\t<meta property=\"og:image:height\" content=\"600\" \/>\n\t<meta property=\"og:image:type\" content=\"image\/jpeg\" \/>\n<meta name=\"twitter:card\" content=\"summary_large_image\" \/>\n<meta name=\"twitter:label1\" content=\"Gesch\u00e4tzte Lesezeit\" \/>\n\t<meta name=\"twitter:data1\" content=\"1\u00a0Minute\" \/>\n<script type=\"application\/ld+json\" class=\"yoast-schema-graph\">{\"@context\":\"https:\/\/schema.org\",\"@graph\":[{\"@type\":\"WebPage\",\"@id\":\"https:\/\/koningdrone.be\/product\/parrot-anafi-work\/\",\"url\":\"https:\/\/koningdrone.be\/product\/parrot-anafi-work\/\",\"name\":\"Parrot Anafi Work - koningdrone.be\",\"isPartOf\":{\"@id\":\"https:\/\/koningdrone.be\/#website\"},\"primaryImageOfPage\":{\"@id\":\"https:\/\/koningdrone.be\/product\/parrot-anafi-work\/#primaryimage\"},\"image\":{\"@id\":\"https:\/\/koningdrone.be\/product\/parrot-anafi-work\/#primaryimage\"},\"thumbnailUrl\":\"https:\/\/koningdrone.be\/wp-content\/uploads\/sites\/13\/2025\/04\/3520410047770-1.jpg\",\"datePublished\":\"2021-06-25T11:30:03+00:00\",\"dateModified\":\"2026-04-29T11:21:00+00:00\",\"breadcrumb\":{\"@id\":\"https:\/\/koningdrone.be\/product\/parrot-anafi-work\/#breadcrumb\"},\"inLanguage\":\"de\",\"potentialAction\":[{\"@type\":\"ReadAction\",\"target\":[\"https:\/\/koningdrone.be\/product\/parrot-anafi-work\/\"]}]},{\"@type\":\"ImageObject\",\"inLanguage\":\"de\",\"@id\":\"https:\/\/koningdrone.be\/product\/parrot-anafi-work\/#primaryimage\",\"url\":\"https:\/\/koningdrone.be\/wp-content\/uploads\/sites\/13\/2025\/04\/3520410047770-1.jpg\",\"contentUrl\":\"https:\/\/koningdrone.be\/wp-content\/uploads\/sites\/13\/2025\/04\/3520410047770-1.jpg\",\"width\":600,\"height\":600},{\"@type\":\"BreadcrumbList\",\"@id\":\"https:\/\/koningdrone.be\/product\/parrot-anafi-work\/#breadcrumb\",\"itemListElement\":[{\"@type\":\"ListItem\",\"position\":1,\"name\":\"Home\",\"item\":\"https:\/\/koningdrone.be\/\"},{\"@type\":\"ListItem\",\"position\":2,\"name\":\"AVSS Parachute Recovery System for DJI Matrice 300\/350\",\"item\":\"https:\/\/koningdrone.be\/product\/avss-parachute-recovery-system-for-dji-matrice-300-350\/\"},{\"@type\":\"ListItem\",\"position\":3,\"name\":\"Alle producten\",\"item\":\"https:\/\/koningdrone.be\/categorie\/alle-producten\/\"},{\"@type\":\"ListItem\",\"position\":4,\"name\":\"Parrot Anafi Work\"}]},{\"@type\":\"WebSite\",\"@id\":\"https:\/\/koningdrone.be\/#website\",\"url\":\"https:\/\/koningdrone.be\/\",\"name\":\"Koningdrone.be - Uw online specialist in drones, gimbals, camera's en power stations.\",\"description\":\"De webshop in drones en gimbals\",\"publisher\":{\"@id\":\"https:\/\/koningdrone.be\/#organization\"},\"potentialAction\":[{\"@type\":\"SearchAction\",\"target\":{\"@type\":\"EntryPoint\",\"urlTemplate\":\"https:\/\/koningdrone.be\/?s={search_term_string}\"},\"query-input\":{\"@type\":\"PropertyValueSpecification\",\"valueRequired\":true,\"valueName\":\"search_term_string\"}}],\"inLanguage\":\"de\"},{\"@type\":\"Organization\",\"@id\":\"https:\/\/koningdrone.be\/#organization\",\"name\":\"Koningdrone.be\",\"url\":\"https:\/\/koningdrone.be\/\",\"logo\":{\"@type\":\"ImageObject\",\"inLanguage\":\"de\",\"@id\":\"https:\/\/koningdrone.be\/#\/schema\/logo\/image\/\",\"url\":\"https:\/\/koningdrone.be\/wp-content\/uploads\/sites\/13\/2025\/04\/koningdrone-copyright-logo.svg\",\"contentUrl\":\"https:\/\/koningdrone.be\/wp-content\/uploads\/sites\/13\/2025\/04\/koningdrone-copyright-logo.svg\",\"width\":227,\"height\":38,\"caption\":\"Koningdrone.be\"},\"image\":{\"@id\":\"https:\/\/koningdrone.be\/#\/schema\/logo\/image\/\"}}]}<\/script>\n<!-- \/ Yoast SEO Premium plugin. -->","yoast_head_json":{"title":"Parrot Anafi Work - koningdrone.be","robots":{"index":"index","follow":"follow","max-snippet":"max-snippet:-1","max-image-preview":"max-image-preview:large","max-video-preview":"max-video-preview:-1"},"canonical":"https:\/\/koningdrone.be\/de\/produkt\/parrot-anafi-work\/","og_locale":"de_DE","og_type":"article","og_title":"Parrot Anafi Work","og_description":"Onderweg USB-C-oplaadsysteem, omdat zaken nooit stoppenSterke windweerstand en superstille vluchtenEenvoudig te gebruiken voor elke professionalGemakkelijk mee te nemen in de compacte schoudertasIntu\u00eftieve handmatige vluchten met Freeflight 6Automatische vluchten eenvoudig gemaaktBeveiligingsfuncties voor veiligere vluchtenErvaar 3D-modellering","og_url":"https:\/\/koningdrone.be\/de\/produkt\/parrot-anafi-work\/","og_site_name":"koningdrone.be","article_modified_time":"2026-04-29T11:21:00+00:00","og_image":[{"width":600,"height":600,"url":"https:\/\/koningdrone.be\/wp-content\/uploads\/sites\/13\/2025\/04\/3520410047770-1.jpg","type":"image\/jpeg"}],"twitter_card":"summary_large_image","twitter_misc":{"Gesch\u00e4tzte Lesezeit":"1\u00a0Minute"},"schema":{"@context":"https:\/\/schema.org","@graph":[{"@type":"WebPage","@id":"https:\/\/koningdrone.be\/product\/parrot-anafi-work\/","url":"https:\/\/koningdrone.be\/product\/parrot-anafi-work\/","name":"Parrot Anafi Work - koningdrone.be","isPartOf":{"@id":"https:\/\/koningdrone.be\/#website"},"primaryImageOfPage":{"@id":"https:\/\/koningdrone.be\/product\/parrot-anafi-work\/#primaryimage"},"image":{"@id":"https:\/\/koningdrone.be\/product\/parrot-anafi-work\/#primaryimage"},"thumbnailUrl":"https:\/\/koningdrone.be\/wp-content\/uploads\/sites\/13\/2025\/04\/3520410047770-1.jpg","datePublished":"2021-06-25T11:30:03+00:00","dateModified":"2026-04-29T11:21:00+00:00","breadcrumb":{"@id":"https:\/\/koningdrone.be\/product\/parrot-anafi-work\/#breadcrumb"},"inLanguage":"de","potentialAction":[{"@type":"ReadAction","target":["https:\/\/koningdrone.be\/product\/parrot-anafi-work\/"]}]},{"@type":"ImageObject","inLanguage":"de","@id":"https:\/\/koningdrone.be\/product\/parrot-anafi-work\/#primaryimage","url":"https:\/\/koningdrone.be\/wp-content\/uploads\/sites\/13\/2025\/04\/3520410047770-1.jpg","contentUrl":"https:\/\/koningdrone.be\/wp-content\/uploads\/sites\/13\/2025\/04\/3520410047770-1.jpg","width":600,"height":600},{"@type":"BreadcrumbList","@id":"https:\/\/koningdrone.be\/product\/parrot-anafi-work\/#breadcrumb","itemListElement":[{"@type":"ListItem","position":1,"name":"Home","item":"https:\/\/koningdrone.be\/"},{"@type":"ListItem","position":2,"name":"AVSS Parachute Recovery System for DJI Matrice 300\/350","item":"https:\/\/koningdrone.be\/product\/avss-parachute-recovery-system-for-dji-matrice-300-350\/"},{"@type":"ListItem","position":3,"name":"Alle producten","item":"https:\/\/koningdrone.be\/categorie\/alle-producten\/"},{"@type":"ListItem","position":4,"name":"Parrot Anafi Work"}]},{"@type":"WebSite","@id":"https:\/\/koningdrone.be\/#website","url":"https:\/\/koningdrone.be\/","name":"Koningdrone.be - Ihr Online-Spezialist f\u00fcr Drohnen, Gimbals, Kameras und Kraftwerke.","description":"Der Webshop f\u00fcr Drohnen und Gimbals","publisher":{"@id":"https:\/\/koningdrone.be\/#organization"},"potentialAction":[{"@type":"SearchAction","target":{"@type":"EntryPoint","urlTemplate":"https:\/\/koningdrone.be\/?s={search_term_string}"},"query-input":{"@type":"PropertyValueSpecification","valueRequired":true,"valueName":"search_term_string"}}],"inLanguage":"de"},{"@type":"Organization","@id":"https:\/\/koningdrone.be\/#organization","name":"Kingdrone.de","url":"https:\/\/koningdrone.be\/","logo":{"@type":"ImageObject","inLanguage":"de","@id":"https:\/\/koningdrone.be\/#\/schema\/logo\/image\/","url":"https:\/\/koningdrone.be\/wp-content\/uploads\/sites\/13\/2025\/04\/koningdrone-copyright-logo.svg","contentUrl":"https:\/\/koningdrone.be\/wp-content\/uploads\/sites\/13\/2025\/04\/koningdrone-copyright-logo.svg","width":227,"height":38,"caption":"Koningdrone.be"},"image":{"@id":"https:\/\/koningdrone.be\/#\/schema\/logo\/image\/"}}]}},"df_price":"","df_sale_price":"","df_regular_price":"","df_image_link":"https:\/\/koningdrone.be\/wp-content\/uploads\/sites\/13\/2025\/04\/3520410047770-1-300x300.jpg","_links":{"self":[{"href":"https:\/\/koningdrone.be\/de\/wp-json\/wp\/v2\/product\/6621","targetHints":{"allow":["GET"]}}],"collection":[{"href":"https:\/\/koningdrone.be\/de\/wp-json\/wp\/v2\/product"}],"about":[{"href":"https:\/\/koningdrone.be\/de\/wp-json\/wp\/v2\/types\/product"}],"wp:featuredmedia":[{"embeddable":true,"href":"https:\/\/koningdrone.be\/de\/wp-json\/wp\/v2\/media\/6617"}],"wp:attachment":[{"href":"https:\/\/koningdrone.be\/de\/wp-json\/wp\/v2\/media?parent=6621"}],"wp:term":[{"taxonomy":"product_brand","embeddable":true,"href":"https:\/\/koningdrone.be\/de\/wp-json\/wp\/v2\/product_brand?post=6621"},{"taxonomy":"product_cat","embeddable":true,"href":"https:\/\/koningdrone.be\/de\/wp-json\/wp\/v2\/product_cat?post=6621"},{"taxonomy":"product_tag","embeddable":true,"href":"https:\/\/koningdrone.be\/de\/wp-json\/wp\/v2\/product_tag?post=6621"}],"curies":[{"name":"wp","href":"https:\/\/api.w.org\/{rel}","templated":true}]}}