{"id":6608,"date":"2021-06-25T13:30:03","date_gmt":"2021-06-25T13:30:03","guid":{"rendered":"https:\/\/koningdrone.nl\/kon\/product\/parrot-anafi-usa-gov\/"},"modified":"2025-04-29T13:04:42","modified_gmt":"2025-04-29T13:04:42","slug":"parrot-anafi-usa-gov","status":"publish","type":"product","link":"https:\/\/koningdrone.be\/de\/produkt\/parrot-anafi-usa-gov\/","title":{"rendered":"Papagei Anafi USA GOV"},"content":{"rendered":"<h1>Papagei Anafi USA GOV<\/h1>\n<p><strong>Eine Drohne f\u00fcr Ersthelfer und Gesch\u00e4ftsleute<\/strong><br \/>\nANAFI USA, hergestellt in den USA, bietet hochwertige Sicherheit, Langlebigkeit und Bildgebungsfunktionen. Diese Drohne wurde speziell mit Datenverschl\u00fcsselungs- und Datenschutzfunktionen entwickelt, die den europ\u00e4ischen AVG-Standards entsprechen und ideal f\u00fcr sensible Missionen sind.<\/p>\n<ul>\n<li><strong>32-facher Zoom:<\/strong> Ausgestattet mit einer kardanischen Aufh\u00e4ngung und zwei 21-Megapixel-Kameras k\u00f6nnen die Bediener Details in einer Entfernung von bis zu 5 km erkennen, was f\u00fcr die Beurteilung von Situationen wie Br\u00e4nden unerl\u00e4sslich ist, ohne die Sicherheit zu beeintr\u00e4chtigen.<\/li>\n<p><\/p>\n<li><strong>Benutzerfreundlichkeit:<\/strong> ANAFI USA ist innerhalb von 55 Sekunden einsatzbereit, funktioniert in Innenr\u00e4umen ohne GPS und kann sogar von der Handfl\u00e4che aus gestartet werden. Sie hat keine eingebauten Beschr\u00e4nkungen f\u00fcr Flugverbotszonen, was f\u00fcr Rettungskr\u00e4fte wichtig ist. Mit einem Ger\u00e4uschpegel von nur 79 dB und einer Flugzeit von 32 Minuten verbindet diese Drohne Ger\u00e4uschlosigkeit mit Effizienz.<\/li>\n<p>\n<\/ul>","protected":false},"excerpt":{"rendered":"<ul>\n<li>Deaktivieren Sie alle integrierten Protokolle f\u00fcr absolute Datensicherheit<\/li>\n<li>Aktivieren Sie die leistungsst\u00e4rksten Wi-Fi-Bandbreiten, die \u00fcberall auf der Welt verf\u00fcgbar sind<\/li>\n<li>Importieren Sie zus\u00e4tzliche Kartenformate f\u00fcr eine bessere taktische \u00dcbersicht<\/li>\n<li>Kann f\u00fcr mehr Diskretion mit ausgeschalteten LEDs fliegen<\/li>\n<li>1 Skycontroller USA mit seinem 8-Zoll-Display<\/li>\n<\/ul>","protected":false},"featured_media":6607,"template":"","meta":{"_acf_changed":false},"product_brand":[],"product_cat":[97,99,325,326],"product_tag":[],"class_list":{"0":"post-6608","1":"product","2":"type-product","3":"status-publish","4":"has-post-thumbnail","6":"product_cat-alle-producten","7":"product_cat-drones-met-certificaat","8":"product_cat-parrot","9":"product_cat-professionele-parrot-drones","10":"pa_brand-parrot","11":"pa_dronegrade-enterprise","12":"pa_productfamily-drone","13":"pa_producttype-drone","14":"pa_series-parrot-anafi-usa","16":"first","17":"outofstock","18":"taxable","19":"shipping-taxable","20":"product-type-simple"},"acf":[],"yoast_head":"<!-- This site is optimized with the Yoast SEO Premium plugin v27.2 (Yoast SEO v27.2) - https:\/\/yoast.com\/product\/yoast-seo-premium-wordpress\/ -->\n<title>Parrot Anafi USA GOV - koningdrone.be<\/title>\n<meta name=\"robots\" content=\"index, follow, max-snippet:-1, max-image-preview:large, max-video-preview:-1\" \/>\n<link rel=\"canonical\" href=\"https:\/\/koningdrone.be\/de\/produkt\/parrot-anafi-usa-gov\/\" \/>\n<meta property=\"og:locale\" content=\"de_DE\" \/>\n<meta property=\"og:type\" content=\"article\" \/>\n<meta property=\"og:title\" content=\"Parrot Anafi USA GOV\" \/>\n<meta property=\"og:description\" content=\"Schakel alle ingebouwde logboeken uit voor absolute gegevensbeveiliging  Activeer de krachtigste beschikbare wifi-bandbreedtes overal ter wereld  Importeer extra kaartformaten voor een beter tactisch bewustzijn  Kan vliegen met uitgeschakelde leds voor meer discretie  1 Skycontroller USA met zijn 8-inch display\" \/>\n<meta property=\"og:url\" content=\"https:\/\/koningdrone.be\/de\/produkt\/parrot-anafi-usa-gov\/\" \/>\n<meta property=\"og:site_name\" content=\"koningdrone.be\" \/>\n<meta property=\"article:modified_time\" content=\"2025-04-29T13:04:42+00:00\" \/>\n<meta property=\"og:image\" content=\"https:\/\/koningdrone.be\/wp-content\/uploads\/sites\/13\/2025\/04\/3520410049200-1.webp\" \/>\n\t<meta property=\"og:image:width\" content=\"519\" \/>\n\t<meta property=\"og:image:height\" content=\"519\" \/>\n\t<meta property=\"og:image:type\" content=\"image\/webp\" \/>\n<meta name=\"twitter:card\" content=\"summary_large_image\" \/>\n<meta name=\"twitter:label1\" content=\"Gesch\u00e4tzte Lesezeit\" \/>\n\t<meta name=\"twitter:data1\" content=\"1\u00a0Minute\" \/>\n<script type=\"application\/ld+json\" class=\"yoast-schema-graph\">{\"@context\":\"https:\/\/schema.org\",\"@graph\":[{\"@type\":\"WebPage\",\"@id\":\"https:\/\/koningdrone.be\/product\/parrot-anafi-usa-gov\/\",\"url\":\"https:\/\/koningdrone.be\/product\/parrot-anafi-usa-gov\/\",\"name\":\"Parrot Anafi USA GOV - koningdrone.be\",\"isPartOf\":{\"@id\":\"https:\/\/koningdrone.be\/#website\"},\"primaryImageOfPage\":{\"@id\":\"https:\/\/koningdrone.be\/product\/parrot-anafi-usa-gov\/#primaryimage\"},\"image\":{\"@id\":\"https:\/\/koningdrone.be\/product\/parrot-anafi-usa-gov\/#primaryimage\"},\"thumbnailUrl\":\"https:\/\/koningdrone.be\/wp-content\/uploads\/sites\/13\/2025\/04\/3520410049200-1.webp\",\"datePublished\":\"2021-06-25T13:30:03+00:00\",\"dateModified\":\"2025-04-29T13:04:42+00:00\",\"breadcrumb\":{\"@id\":\"https:\/\/koningdrone.be\/product\/parrot-anafi-usa-gov\/#breadcrumb\"},\"inLanguage\":\"de\",\"potentialAction\":[{\"@type\":\"ReadAction\",\"target\":[\"https:\/\/koningdrone.be\/product\/parrot-anafi-usa-gov\/\"]}]},{\"@type\":\"ImageObject\",\"inLanguage\":\"de\",\"@id\":\"https:\/\/koningdrone.be\/product\/parrot-anafi-usa-gov\/#primaryimage\",\"url\":\"https:\/\/koningdrone.be\/wp-content\/uploads\/sites\/13\/2025\/04\/3520410049200-1.webp\",\"contentUrl\":\"https:\/\/koningdrone.be\/wp-content\/uploads\/sites\/13\/2025\/04\/3520410049200-1.webp\",\"width\":519,\"height\":519},{\"@type\":\"BreadcrumbList\",\"@id\":\"https:\/\/koningdrone.be\/product\/parrot-anafi-usa-gov\/#breadcrumb\",\"itemListElement\":[{\"@type\":\"ListItem\",\"position\":1,\"name\":\"Home\",\"item\":\"https:\/\/koningdrone.be\/\"},{\"@type\":\"ListItem\",\"position\":2,\"name\":\"AVSS Parachute Recovery System for DJI Matrice 300\/350\",\"item\":\"https:\/\/koningdrone.be\/product\/avss-parachute-recovery-system-for-dji-matrice-300-350\/\"},{\"@type\":\"ListItem\",\"position\":3,\"name\":\"Alle producten\",\"item\":\"https:\/\/koningdrone.be\/categorie\/alle-producten\/\"},{\"@type\":\"ListItem\",\"position\":4,\"name\":\"Parrot Anafi USA GOV\"}]},{\"@type\":\"WebSite\",\"@id\":\"https:\/\/koningdrone.be\/#website\",\"url\":\"https:\/\/koningdrone.be\/\",\"name\":\"Koningdrone.be - Uw online specialist in drones, gimbals, camera's en power stations.\",\"description\":\"De webshop in drones en gimbals\",\"publisher\":{\"@id\":\"https:\/\/koningdrone.be\/#organization\"},\"potentialAction\":[{\"@type\":\"SearchAction\",\"target\":{\"@type\":\"EntryPoint\",\"urlTemplate\":\"https:\/\/koningdrone.be\/?s={search_term_string}\"},\"query-input\":{\"@type\":\"PropertyValueSpecification\",\"valueRequired\":true,\"valueName\":\"search_term_string\"}}],\"inLanguage\":\"de\"},{\"@type\":\"Organization\",\"@id\":\"https:\/\/koningdrone.be\/#organization\",\"name\":\"Koningdrone.be\",\"url\":\"https:\/\/koningdrone.be\/\",\"logo\":{\"@type\":\"ImageObject\",\"inLanguage\":\"de\",\"@id\":\"https:\/\/koningdrone.be\/#\/schema\/logo\/image\/\",\"url\":\"https:\/\/koningdrone.be\/wp-content\/uploads\/sites\/13\/2025\/04\/koningdrone-copyright-logo.svg\",\"contentUrl\":\"https:\/\/koningdrone.be\/wp-content\/uploads\/sites\/13\/2025\/04\/koningdrone-copyright-logo.svg\",\"width\":227,\"height\":38,\"caption\":\"Koningdrone.be\"},\"image\":{\"@id\":\"https:\/\/koningdrone.be\/#\/schema\/logo\/image\/\"}}]}<\/script>\n<!-- \/ Yoast SEO Premium plugin. -->","yoast_head_json":{"title":"Parrot Anafi USA GOV - koningdrone.be","robots":{"index":"index","follow":"follow","max-snippet":"max-snippet:-1","max-image-preview":"max-image-preview:large","max-video-preview":"max-video-preview:-1"},"canonical":"https:\/\/koningdrone.be\/de\/produkt\/parrot-anafi-usa-gov\/","og_locale":"de_DE","og_type":"article","og_title":"Parrot Anafi USA GOV","og_description":"Schakel alle ingebouwde logboeken uit voor absolute gegevensbeveiliging  Activeer de krachtigste beschikbare wifi-bandbreedtes overal ter wereld  Importeer extra kaartformaten voor een beter tactisch bewustzijn  Kan vliegen met uitgeschakelde leds voor meer discretie  1 Skycontroller USA met zijn 8-inch display","og_url":"https:\/\/koningdrone.be\/de\/produkt\/parrot-anafi-usa-gov\/","og_site_name":"koningdrone.be","article_modified_time":"2025-04-29T13:04:42+00:00","og_image":[{"width":519,"height":519,"url":"https:\/\/koningdrone.be\/wp-content\/uploads\/sites\/13\/2025\/04\/3520410049200-1.webp","type":"image\/webp"}],"twitter_card":"summary_large_image","twitter_misc":{"Gesch\u00e4tzte Lesezeit":"1\u00a0Minute"},"schema":{"@context":"https:\/\/schema.org","@graph":[{"@type":"WebPage","@id":"https:\/\/koningdrone.be\/product\/parrot-anafi-usa-gov\/","url":"https:\/\/koningdrone.be\/product\/parrot-anafi-usa-gov\/","name":"Parrot Anafi USA GOV - koningdrone.be","isPartOf":{"@id":"https:\/\/koningdrone.be\/#website"},"primaryImageOfPage":{"@id":"https:\/\/koningdrone.be\/product\/parrot-anafi-usa-gov\/#primaryimage"},"image":{"@id":"https:\/\/koningdrone.be\/product\/parrot-anafi-usa-gov\/#primaryimage"},"thumbnailUrl":"https:\/\/koningdrone.be\/wp-content\/uploads\/sites\/13\/2025\/04\/3520410049200-1.webp","datePublished":"2021-06-25T13:30:03+00:00","dateModified":"2025-04-29T13:04:42+00:00","breadcrumb":{"@id":"https:\/\/koningdrone.be\/product\/parrot-anafi-usa-gov\/#breadcrumb"},"inLanguage":"de","potentialAction":[{"@type":"ReadAction","target":["https:\/\/koningdrone.be\/product\/parrot-anafi-usa-gov\/"]}]},{"@type":"ImageObject","inLanguage":"de","@id":"https:\/\/koningdrone.be\/product\/parrot-anafi-usa-gov\/#primaryimage","url":"https:\/\/koningdrone.be\/wp-content\/uploads\/sites\/13\/2025\/04\/3520410049200-1.webp","contentUrl":"https:\/\/koningdrone.be\/wp-content\/uploads\/sites\/13\/2025\/04\/3520410049200-1.webp","width":519,"height":519},{"@type":"BreadcrumbList","@id":"https:\/\/koningdrone.be\/product\/parrot-anafi-usa-gov\/#breadcrumb","itemListElement":[{"@type":"ListItem","position":1,"name":"Home","item":"https:\/\/koningdrone.be\/"},{"@type":"ListItem","position":2,"name":"AVSS Parachute Recovery System for DJI Matrice 300\/350","item":"https:\/\/koningdrone.be\/product\/avss-parachute-recovery-system-for-dji-matrice-300-350\/"},{"@type":"ListItem","position":3,"name":"Alle producten","item":"https:\/\/koningdrone.be\/categorie\/alle-producten\/"},{"@type":"ListItem","position":4,"name":"Parrot Anafi USA GOV"}]},{"@type":"WebSite","@id":"https:\/\/koningdrone.be\/#website","url":"https:\/\/koningdrone.be\/","name":"Koningdrone.be - Ihr Online-Spezialist f\u00fcr Drohnen, Gimbals, Kameras und Kraftwerke.","description":"Der Webshop f\u00fcr Drohnen und Gimbals","publisher":{"@id":"https:\/\/koningdrone.be\/#organization"},"potentialAction":[{"@type":"SearchAction","target":{"@type":"EntryPoint","urlTemplate":"https:\/\/koningdrone.be\/?s={search_term_string}"},"query-input":{"@type":"PropertyValueSpecification","valueRequired":true,"valueName":"search_term_string"}}],"inLanguage":"de"},{"@type":"Organization","@id":"https:\/\/koningdrone.be\/#organization","name":"Kingdrone.de","url":"https:\/\/koningdrone.be\/","logo":{"@type":"ImageObject","inLanguage":"de","@id":"https:\/\/koningdrone.be\/#\/schema\/logo\/image\/","url":"https:\/\/koningdrone.be\/wp-content\/uploads\/sites\/13\/2025\/04\/koningdrone-copyright-logo.svg","contentUrl":"https:\/\/koningdrone.be\/wp-content\/uploads\/sites\/13\/2025\/04\/koningdrone-copyright-logo.svg","width":227,"height":38,"caption":"Koningdrone.be"},"image":{"@id":"https:\/\/koningdrone.be\/#\/schema\/logo\/image\/"}}]}},"df_price":"","df_sale_price":"","df_regular_price":"","df_image_link":"https:\/\/koningdrone.be\/wp-content\/uploads\/sites\/13\/2025\/04\/3520410049200-1-300x300.webp","_links":{"self":[{"href":"https:\/\/koningdrone.be\/de\/wp-json\/wp\/v2\/product\/6608","targetHints":{"allow":["GET"]}}],"collection":[{"href":"https:\/\/koningdrone.be\/de\/wp-json\/wp\/v2\/product"}],"about":[{"href":"https:\/\/koningdrone.be\/de\/wp-json\/wp\/v2\/types\/product"}],"wp:featuredmedia":[{"embeddable":true,"href":"https:\/\/koningdrone.be\/de\/wp-json\/wp\/v2\/media\/6607"}],"wp:attachment":[{"href":"https:\/\/koningdrone.be\/de\/wp-json\/wp\/v2\/media?parent=6608"}],"wp:term":[{"taxonomy":"product_brand","embeddable":true,"href":"https:\/\/koningdrone.be\/de\/wp-json\/wp\/v2\/product_brand?post=6608"},{"taxonomy":"product_cat","embeddable":true,"href":"https:\/\/koningdrone.be\/de\/wp-json\/wp\/v2\/product_cat?post=6608"},{"taxonomy":"product_tag","embeddable":true,"href":"https:\/\/koningdrone.be\/de\/wp-json\/wp\/v2\/product_tag?post=6608"}],"curies":[{"name":"wp","href":"https:\/\/api.w.org\/{rel}","templated":true}]}}