{"id":6604,"date":"2021-06-25T13:30:03","date_gmt":"2021-06-25T11:30:03","guid":{"rendered":"https:\/\/koningdrone.nl\/kon\/product\/parrot-anafi-usa\/"},"modified":"2026-04-29T13:20:59","modified_gmt":"2026-04-29T11:20:59","slug":"parrot-anafi-usa","status":"publish","type":"product","link":"https:\/\/koningdrone.be\/de\/produkt\/parrot-anafi-usa\/","title":{"rendered":"Papagei Anafi USA"},"content":{"rendered":"<p><strong>32x-Zoom-Optionen<\/strong><br \/>\nDie ANAFI USA-Drohne ist mit einem leistungsstarken 32-fachen Zoom ausgestattet und verwendet zwei 21-Megapixel-Kameras, die eine detaillierte Sicht bis zu 5 km Entfernung erm\u00f6glichen. Diese Funktion ist besonders n\u00fctzlich f\u00fcr Feuerwehrleute, um entlegene Brandherde aufzusp\u00fcren und gleichzeitig einen umfassenden \u00dcberblick \u00fcber die Szene zu behalten. Der Zoom wird durch die Kombination mit den Bildern der FLIR-W\u00e4rmebildkamera von ANAFI USA noch verst\u00e4rkt, so dass die Bediener Personen und wichtige Details in einer Entfernung von bis zu 2 km (1,2 Meilen) erkennen k\u00f6nnen.<\/p>\n<p><strong>Einfach zu bedienen und umzusetzen<\/strong><br \/>\nANAFI USA ist f\u00fcr den schnellen Einsatz konzipiert und kann innerhalb von 55 Sekunden einsatzbereit sein, was es ideal f\u00fcr Ersthelfer und anspruchsvolle professionelle Nutzer macht. Sie funktioniert in Innenr\u00e4umen ohne GPS und kann wie ein Papierflugzeug aus der Hand gestartet werden, was die Nutzung noch einfacher macht. Die Drohne hat keine eingebauten Flugverbotszonen und bietet somit Flexibilit\u00e4t f\u00fcr verantwortungsbewusstes Fliegen w\u00e4hrend der Eins\u00e4tze. Dar\u00fcber hinaus ist ANAFI USA die leiseste Drohne ihrer Klasse und l\u00e4sst sich bequem mit einem Standard-USB-C-Ladeger\u00e4t aufladen. Sie wiegt nur 500 g, l\u00e4sst sich zum Transport zusammenklappen und bietet eine branchenf\u00fchrende Flugzeit von 32 Minuten.<\/p>","protected":false},"excerpt":{"rendered":"<ul>\n<li>Eine Drohne f\u00fcr Ersthelfer und Gesch\u00e4ftsleute<\/li>\n<li>000D_<\/li>\n<li>Die in den USA hergestellte ANAFI USA bietet die gleiche hohe Qualit\u00e4t in Bezug auf Sicherheit, Haltbarkeit und Bildgebungsfunktionen wie die f\u00fcr das US-Milit\u00e4r entwickelte SRR-Drohne (Short-Range Reconnaissance) von Parrot. Die Datenverschl\u00fcsselung und die Datenschutzfunktionen von ANAFI USA entsprechen der Allgemeinen Datenschutzverordnung (AVG) der Europ\u00e4ischen Union und bieten die beste Privatsph\u00e4re und Sicherheit f\u00fcr sensible Missionen.<\/li>\n<\/ul>","protected":false},"featured_media":6599,"template":"","meta":{"_acf_changed":false},"product_brand":[],"product_cat":[97,99,100,325,326],"product_tag":[],"class_list":{"0":"post-6604","1":"product","2":"type-product","3":"status-publish","4":"has-post-thumbnail","6":"product_cat-alle-producten","7":"product_cat-drones-met-certificaat","8":"product_cat-enterprise-drones","9":"product_cat-parrot","10":"product_cat-professionele-parrot-drones","11":"product_shipping_class-outofstock","12":"pa_brand-parrot","13":"pa_dronegrade-enterprise","14":"pa_productfamily-drone","15":"pa_producttype-drone","16":"pa_series-parrot-anafi-usa","18":"first","19":"outofstock","20":"taxable","21":"shipping-taxable","22":"product-type-simple"},"acf":[],"yoast_head":"<!-- This site is optimized with the Yoast SEO Premium plugin v27.2 (Yoast SEO v27.2) - https:\/\/yoast.com\/product\/yoast-seo-premium-wordpress\/ -->\n<title>Parrot Anafi USA - koningdrone.be<\/title>\n<meta name=\"robots\" content=\"index, follow, max-snippet:-1, max-image-preview:large, max-video-preview:-1\" \/>\n<link rel=\"canonical\" href=\"https:\/\/koningdrone.be\/de\/produkt\/parrot-anafi-usa\/\" \/>\n<meta property=\"og:locale\" content=\"de_DE\" \/>\n<meta property=\"og:type\" content=\"article\" \/>\n<meta property=\"og:title\" content=\"Parrot Anafi USA\" \/>\n<meta property=\"og:description\" content=\"Een drone ontworpen voor eerstehulpverleners en zakelijke professionals  000D_  ANAFI USA, vervaardigd in de VS, biedt dezelfde hoogwaardige beveiliging, duurzaamheid en beeldvormingsmogelijkheden als Parrot&#039;s Short-Range Reconnaissance (SRR)-drone die is ontworpen voor het Amerikaanse leger. De gegevensversleuteling en privacyfuncties van ANAFI USA voldoen aan de Algemene Verordening Gegevensbescherming (AVG) van de Europese Unie en bieden de beste privacy en beveiliging voor gevoelige missies.\" \/>\n<meta property=\"og:url\" content=\"https:\/\/koningdrone.be\/de\/produkt\/parrot-anafi-usa\/\" \/>\n<meta property=\"og:site_name\" content=\"koningdrone.be\" \/>\n<meta property=\"article:modified_time\" content=\"2026-04-29T11:20:59+00:00\" \/>\n<meta property=\"og:image\" content=\"https:\/\/koningdrone.be\/wp-content\/uploads\/sites\/13\/2025\/04\/3520410049118-1.jpg\" \/>\n\t<meta property=\"og:image:width\" content=\"600\" \/>\n\t<meta property=\"og:image:height\" content=\"600\" \/>\n\t<meta property=\"og:image:type\" content=\"image\/jpeg\" \/>\n<meta name=\"twitter:card\" content=\"summary_large_image\" \/>\n<meta name=\"twitter:label1\" content=\"Gesch\u00e4tzte Lesezeit\" \/>\n\t<meta name=\"twitter:data1\" content=\"1\u00a0Minute\" \/>\n<script type=\"application\/ld+json\" class=\"yoast-schema-graph\">{\"@context\":\"https:\/\/schema.org\",\"@graph\":[{\"@type\":\"WebPage\",\"@id\":\"https:\/\/koningdrone.be\/product\/parrot-anafi-usa\/\",\"url\":\"https:\/\/koningdrone.be\/product\/parrot-anafi-usa\/\",\"name\":\"Parrot Anafi USA - koningdrone.be\",\"isPartOf\":{\"@id\":\"https:\/\/koningdrone.be\/#website\"},\"primaryImageOfPage\":{\"@id\":\"https:\/\/koningdrone.be\/product\/parrot-anafi-usa\/#primaryimage\"},\"image\":{\"@id\":\"https:\/\/koningdrone.be\/product\/parrot-anafi-usa\/#primaryimage\"},\"thumbnailUrl\":\"https:\/\/koningdrone.be\/wp-content\/uploads\/sites\/13\/2025\/04\/3520410049118-1.jpg\",\"datePublished\":\"2021-06-25T11:30:03+00:00\",\"dateModified\":\"2026-04-29T11:20:59+00:00\",\"breadcrumb\":{\"@id\":\"https:\/\/koningdrone.be\/product\/parrot-anafi-usa\/#breadcrumb\"},\"inLanguage\":\"de\",\"potentialAction\":[{\"@type\":\"ReadAction\",\"target\":[\"https:\/\/koningdrone.be\/product\/parrot-anafi-usa\/\"]}]},{\"@type\":\"ImageObject\",\"inLanguage\":\"de\",\"@id\":\"https:\/\/koningdrone.be\/product\/parrot-anafi-usa\/#primaryimage\",\"url\":\"https:\/\/koningdrone.be\/wp-content\/uploads\/sites\/13\/2025\/04\/3520410049118-1.jpg\",\"contentUrl\":\"https:\/\/koningdrone.be\/wp-content\/uploads\/sites\/13\/2025\/04\/3520410049118-1.jpg\",\"width\":600,\"height\":600},{\"@type\":\"BreadcrumbList\",\"@id\":\"https:\/\/koningdrone.be\/product\/parrot-anafi-usa\/#breadcrumb\",\"itemListElement\":[{\"@type\":\"ListItem\",\"position\":1,\"name\":\"Home\",\"item\":\"https:\/\/koningdrone.be\/\"},{\"@type\":\"ListItem\",\"position\":2,\"name\":\"AVSS Parachute Recovery System for DJI Matrice 300\/350\",\"item\":\"https:\/\/koningdrone.be\/product\/avss-parachute-recovery-system-for-dji-matrice-300-350\/\"},{\"@type\":\"ListItem\",\"position\":3,\"name\":\"Alle producten\",\"item\":\"https:\/\/koningdrone.be\/categorie\/alle-producten\/\"},{\"@type\":\"ListItem\",\"position\":4,\"name\":\"Parrot Anafi USA\"}]},{\"@type\":\"WebSite\",\"@id\":\"https:\/\/koningdrone.be\/#website\",\"url\":\"https:\/\/koningdrone.be\/\",\"name\":\"Koningdrone.be - Uw online specialist in drones, gimbals, camera's en power stations.\",\"description\":\"De webshop in drones en gimbals\",\"publisher\":{\"@id\":\"https:\/\/koningdrone.be\/#organization\"},\"potentialAction\":[{\"@type\":\"SearchAction\",\"target\":{\"@type\":\"EntryPoint\",\"urlTemplate\":\"https:\/\/koningdrone.be\/?s={search_term_string}\"},\"query-input\":{\"@type\":\"PropertyValueSpecification\",\"valueRequired\":true,\"valueName\":\"search_term_string\"}}],\"inLanguage\":\"de\"},{\"@type\":\"Organization\",\"@id\":\"https:\/\/koningdrone.be\/#organization\",\"name\":\"Koningdrone.be\",\"url\":\"https:\/\/koningdrone.be\/\",\"logo\":{\"@type\":\"ImageObject\",\"inLanguage\":\"de\",\"@id\":\"https:\/\/koningdrone.be\/#\/schema\/logo\/image\/\",\"url\":\"https:\/\/koningdrone.be\/wp-content\/uploads\/sites\/13\/2025\/04\/koningdrone-copyright-logo.svg\",\"contentUrl\":\"https:\/\/koningdrone.be\/wp-content\/uploads\/sites\/13\/2025\/04\/koningdrone-copyright-logo.svg\",\"width\":227,\"height\":38,\"caption\":\"Koningdrone.be\"},\"image\":{\"@id\":\"https:\/\/koningdrone.be\/#\/schema\/logo\/image\/\"}}]}<\/script>\n<!-- \/ Yoast SEO Premium plugin. -->","yoast_head_json":{"title":"Parrot Anafi USA - koningdrone.be","robots":{"index":"index","follow":"follow","max-snippet":"max-snippet:-1","max-image-preview":"max-image-preview:large","max-video-preview":"max-video-preview:-1"},"canonical":"https:\/\/koningdrone.be\/de\/produkt\/parrot-anafi-usa\/","og_locale":"de_DE","og_type":"article","og_title":"Parrot Anafi USA","og_description":"Een drone ontworpen voor eerstehulpverleners en zakelijke professionals  000D_  ANAFI USA, vervaardigd in de VS, biedt dezelfde hoogwaardige beveiliging, duurzaamheid en beeldvormingsmogelijkheden als Parrot's Short-Range Reconnaissance (SRR)-drone die is ontworpen voor het Amerikaanse leger. De gegevensversleuteling en privacyfuncties van ANAFI USA voldoen aan de Algemene Verordening Gegevensbescherming (AVG) van de Europese Unie en bieden de beste privacy en beveiliging voor gevoelige missies.","og_url":"https:\/\/koningdrone.be\/de\/produkt\/parrot-anafi-usa\/","og_site_name":"koningdrone.be","article_modified_time":"2026-04-29T11:20:59+00:00","og_image":[{"width":600,"height":600,"url":"https:\/\/koningdrone.be\/wp-content\/uploads\/sites\/13\/2025\/04\/3520410049118-1.jpg","type":"image\/jpeg"}],"twitter_card":"summary_large_image","twitter_misc":{"Gesch\u00e4tzte Lesezeit":"1\u00a0Minute"},"schema":{"@context":"https:\/\/schema.org","@graph":[{"@type":"WebPage","@id":"https:\/\/koningdrone.be\/product\/parrot-anafi-usa\/","url":"https:\/\/koningdrone.be\/product\/parrot-anafi-usa\/","name":"Parrot Anafi USA - koningdrone.be","isPartOf":{"@id":"https:\/\/koningdrone.be\/#website"},"primaryImageOfPage":{"@id":"https:\/\/koningdrone.be\/product\/parrot-anafi-usa\/#primaryimage"},"image":{"@id":"https:\/\/koningdrone.be\/product\/parrot-anafi-usa\/#primaryimage"},"thumbnailUrl":"https:\/\/koningdrone.be\/wp-content\/uploads\/sites\/13\/2025\/04\/3520410049118-1.jpg","datePublished":"2021-06-25T11:30:03+00:00","dateModified":"2026-04-29T11:20:59+00:00","breadcrumb":{"@id":"https:\/\/koningdrone.be\/product\/parrot-anafi-usa\/#breadcrumb"},"inLanguage":"de","potentialAction":[{"@type":"ReadAction","target":["https:\/\/koningdrone.be\/product\/parrot-anafi-usa\/"]}]},{"@type":"ImageObject","inLanguage":"de","@id":"https:\/\/koningdrone.be\/product\/parrot-anafi-usa\/#primaryimage","url":"https:\/\/koningdrone.be\/wp-content\/uploads\/sites\/13\/2025\/04\/3520410049118-1.jpg","contentUrl":"https:\/\/koningdrone.be\/wp-content\/uploads\/sites\/13\/2025\/04\/3520410049118-1.jpg","width":600,"height":600},{"@type":"BreadcrumbList","@id":"https:\/\/koningdrone.be\/product\/parrot-anafi-usa\/#breadcrumb","itemListElement":[{"@type":"ListItem","position":1,"name":"Home","item":"https:\/\/koningdrone.be\/"},{"@type":"ListItem","position":2,"name":"AVSS Parachute Recovery System for DJI Matrice 300\/350","item":"https:\/\/koningdrone.be\/product\/avss-parachute-recovery-system-for-dji-matrice-300-350\/"},{"@type":"ListItem","position":3,"name":"Alle producten","item":"https:\/\/koningdrone.be\/categorie\/alle-producten\/"},{"@type":"ListItem","position":4,"name":"Parrot Anafi USA"}]},{"@type":"WebSite","@id":"https:\/\/koningdrone.be\/#website","url":"https:\/\/koningdrone.be\/","name":"Koningdrone.be - Ihr Online-Spezialist f\u00fcr Drohnen, Gimbals, Kameras und Kraftwerke.","description":"Der Webshop f\u00fcr Drohnen und Gimbals","publisher":{"@id":"https:\/\/koningdrone.be\/#organization"},"potentialAction":[{"@type":"SearchAction","target":{"@type":"EntryPoint","urlTemplate":"https:\/\/koningdrone.be\/?s={search_term_string}"},"query-input":{"@type":"PropertyValueSpecification","valueRequired":true,"valueName":"search_term_string"}}],"inLanguage":"de"},{"@type":"Organization","@id":"https:\/\/koningdrone.be\/#organization","name":"Kingdrone.de","url":"https:\/\/koningdrone.be\/","logo":{"@type":"ImageObject","inLanguage":"de","@id":"https:\/\/koningdrone.be\/#\/schema\/logo\/image\/","url":"https:\/\/koningdrone.be\/wp-content\/uploads\/sites\/13\/2025\/04\/koningdrone-copyright-logo.svg","contentUrl":"https:\/\/koningdrone.be\/wp-content\/uploads\/sites\/13\/2025\/04\/koningdrone-copyright-logo.svg","width":227,"height":38,"caption":"Koningdrone.be"},"image":{"@id":"https:\/\/koningdrone.be\/#\/schema\/logo\/image\/"}}]}},"df_price":"","df_sale_price":"","df_regular_price":"","df_image_link":"https:\/\/koningdrone.be\/wp-content\/uploads\/sites\/13\/2025\/04\/3520410049118-1-300x300.jpg","_links":{"self":[{"href":"https:\/\/koningdrone.be\/de\/wp-json\/wp\/v2\/product\/6604","targetHints":{"allow":["GET"]}}],"collection":[{"href":"https:\/\/koningdrone.be\/de\/wp-json\/wp\/v2\/product"}],"about":[{"href":"https:\/\/koningdrone.be\/de\/wp-json\/wp\/v2\/types\/product"}],"wp:featuredmedia":[{"embeddable":true,"href":"https:\/\/koningdrone.be\/de\/wp-json\/wp\/v2\/media\/6599"}],"wp:attachment":[{"href":"https:\/\/koningdrone.be\/de\/wp-json\/wp\/v2\/media?parent=6604"}],"wp:term":[{"taxonomy":"product_brand","embeddable":true,"href":"https:\/\/koningdrone.be\/de\/wp-json\/wp\/v2\/product_brand?post=6604"},{"taxonomy":"product_cat","embeddable":true,"href":"https:\/\/koningdrone.be\/de\/wp-json\/wp\/v2\/product_cat?post=6604"},{"taxonomy":"product_tag","embeddable":true,"href":"https:\/\/koningdrone.be\/de\/wp-json\/wp\/v2\/product_tag?post=6604"}],"curies":[{"name":"wp","href":"https:\/\/api.w.org\/{rel}","templated":true}]}}