{"id":6598,"date":"2021-06-25T13:30:03","date_gmt":"2021-06-25T11:30:03","guid":{"rendered":"https:\/\/koningdrone.nl\/kon\/product\/hprc-dji-m300\/"},"modified":"2026-04-29T15:40:11","modified_gmt":"2026-04-29T13:40:11","slug":"hprc-dji-m300","status":"publish","type":"product","link":"https:\/\/koningdrone.be\/de\/produkt\/hprc-dji-m300\/","title":{"rendered":"HPRC DJI M300"},"content":{"rendered":"<h1>HPRC DJI M300<\/h1>\n<p>Diese harte und wasserdichte Tasche - basierend auf dem Modell HPRC2800W - ist speziell f\u00fcr die DJI Matrice 300 und ihr Zubeh\u00f6r konzipiert.<\/p>\n<p>Der ma\u00dfgefertigte Schaumstoff ist auf zwei Ebenen organisiert und es kann Folgendes gelagert werden:<\/p>\n<ul> <\/p>\n<li>DJI Matrice 300 RTK im Landemodus (2 Gimbal und 2 Batterien montiert)<\/li>\n<p> <\/p>\n<li>Trockenpfleger<\/li>\n<p> <\/p>\n<li>DJI Smart Controller Enterprise (Akku angeschlossen)<\/li>\n<p> <\/p>\n<li>H20T Kardanisch\/Sonstiges<\/li>\n<p> <\/p>\n<li>Tablet bis zu 11\" oder 2 x CrystalSky 7.85\" mit montierter Haube<\/li>\n<p> <\/p>\n<li>Schrauben<\/li>\n<p> <\/p>\n<li>WB37 Intelligente Batterie<\/li>\n<p> <\/p>\n<li>TB60 Intelligente Flugbatterie<\/li>\n<p><\/ul>\n<p>Das Geh\u00e4use ist sto\u00df-, fall-, wasser- und korrosionsfest. Die R\u00e4der und der robuste Seitengriff machen es einfach, die Drohne \u00fcberall hin mitzunehmen. Das Vector Panel erh\u00f6ht den Schutz der gelagerten Ausr\u00fcstung und erm\u00f6glicht eine schnelle und einfache Organisation des Platzes.<\/p>","protected":false},"excerpt":{"rendered":"<ul>\n<li>Hartes und wasserdichtes Geh\u00e4use<\/li>\n<li>000D_<\/li>\n<li> F\u00fcr DJI MATRICE 300 und dessen Zubeh\u00f6r.<\/li>\n<\/ul>","protected":false},"featured_media":6593,"template":"","meta":{"_acf_changed":false},"product_brand":[],"product_cat":[97,201,426,152],"product_tag":[],"class_list":{"0":"post-6598","1":"product","2":"type-product","3":"status-publish","4":"has-post-thumbnail","6":"product_cat-alle-producten","7":"product_cat-alle-tassen-en-koffers","8":"product_cat-dji-matrice","9":"product_cat-dji-matrice-300","10":"product_shipping_class-outofstock","11":"pa_brand-hprc","12":"pa_productfamily-koffer","13":"pa_producttype-koffer","14":"pa_series-matrice-300","16":"first","17":"outofstock","18":"taxable","19":"shipping-taxable","20":"purchasable","21":"product-type-simple"},"acf":[],"yoast_head":"<!-- This site is optimized with the Yoast SEO Premium plugin v27.2 (Yoast SEO v27.2) - https:\/\/yoast.com\/product\/yoast-seo-premium-wordpress\/ -->\n<title>HPRC DJI M300 - koningdrone.be<\/title>\n<meta name=\"robots\" content=\"index, follow, max-snippet:-1, max-image-preview:large, max-video-preview:-1\" \/>\n<link rel=\"canonical\" href=\"https:\/\/koningdrone.be\/de\/produkt\/hprc-dji-m300\/\" \/>\n<meta property=\"og:locale\" content=\"de_DE\" \/>\n<meta property=\"og:type\" content=\"article\" \/>\n<meta property=\"og:title\" content=\"HPRC DJI M300\" \/>\n<meta property=\"og:description\" content=\"Harde en waterdichte koffer000D_ Voor DJI MATRICE 300 en zijn accessoires.\" \/>\n<meta property=\"og:url\" content=\"https:\/\/koningdrone.be\/de\/produkt\/hprc-dji-m300\/\" \/>\n<meta property=\"og:site_name\" content=\"koningdrone.be\" \/>\n<meta property=\"article:modified_time\" content=\"2026-04-29T13:40:11+00:00\" \/>\n<meta property=\"og:image\" content=\"https:\/\/koningdrone.be\/wp-content\/uploads\/sites\/13\/2025\/04\/hprc-dji-m300-1.jpg\" \/>\n\t<meta property=\"og:image:width\" content=\"600\" \/>\n\t<meta property=\"og:image:height\" content=\"600\" \/>\n\t<meta property=\"og:image:type\" content=\"image\/jpeg\" \/>\n<meta name=\"twitter:card\" content=\"summary_large_image\" \/>\n<meta name=\"twitter:label1\" content=\"Gesch\u00e4tzte Lesezeit\" \/>\n\t<meta name=\"twitter:data1\" content=\"1\u00a0Minute\" \/>\n<script type=\"application\/ld+json\" class=\"yoast-schema-graph\">{\"@context\":\"https:\/\/schema.org\",\"@graph\":[{\"@type\":\"WebPage\",\"@id\":\"https:\/\/koningdrone.be\/product\/hprc-dji-m300\/\",\"url\":\"https:\/\/koningdrone.be\/product\/hprc-dji-m300\/\",\"name\":\"HPRC DJI M300 - koningdrone.be\",\"isPartOf\":{\"@id\":\"https:\/\/koningdrone.be\/#website\"},\"primaryImageOfPage\":{\"@id\":\"https:\/\/koningdrone.be\/product\/hprc-dji-m300\/#primaryimage\"},\"image\":{\"@id\":\"https:\/\/koningdrone.be\/product\/hprc-dji-m300\/#primaryimage\"},\"thumbnailUrl\":\"https:\/\/koningdrone.be\/wp-content\/uploads\/sites\/13\/2025\/04\/hprc-dji-m300-1.jpg\",\"datePublished\":\"2021-06-25T11:30:03+00:00\",\"dateModified\":\"2026-04-29T13:40:11+00:00\",\"breadcrumb\":{\"@id\":\"https:\/\/koningdrone.be\/product\/hprc-dji-m300\/#breadcrumb\"},\"inLanguage\":\"de\",\"potentialAction\":[{\"@type\":\"ReadAction\",\"target\":[\"https:\/\/koningdrone.be\/product\/hprc-dji-m300\/\"]}]},{\"@type\":\"ImageObject\",\"inLanguage\":\"de\",\"@id\":\"https:\/\/koningdrone.be\/product\/hprc-dji-m300\/#primaryimage\",\"url\":\"https:\/\/koningdrone.be\/wp-content\/uploads\/sites\/13\/2025\/04\/hprc-dji-m300-1.jpg\",\"contentUrl\":\"https:\/\/koningdrone.be\/wp-content\/uploads\/sites\/13\/2025\/04\/hprc-dji-m300-1.jpg\",\"width\":600,\"height\":600},{\"@type\":\"BreadcrumbList\",\"@id\":\"https:\/\/koningdrone.be\/product\/hprc-dji-m300\/#breadcrumb\",\"itemListElement\":[{\"@type\":\"ListItem\",\"position\":1,\"name\":\"Home\",\"item\":\"https:\/\/koningdrone.be\/\"},{\"@type\":\"ListItem\",\"position\":2,\"name\":\"AVSS Parachute Recovery System for DJI Matrice 300\/350\",\"item\":\"https:\/\/koningdrone.be\/product\/avss-parachute-recovery-system-for-dji-matrice-300-350\/\"},{\"@type\":\"ListItem\",\"position\":3,\"name\":\"Alle producten\",\"item\":\"https:\/\/koningdrone.be\/categorie\/alle-producten\/\"},{\"@type\":\"ListItem\",\"position\":4,\"name\":\"HPRC DJI M300\"}]},{\"@type\":\"WebSite\",\"@id\":\"https:\/\/koningdrone.be\/#website\",\"url\":\"https:\/\/koningdrone.be\/\",\"name\":\"Koningdrone.be - Uw online specialist in drones, gimbals, camera's en power stations.\",\"description\":\"De webshop in drones en gimbals\",\"publisher\":{\"@id\":\"https:\/\/koningdrone.be\/#organization\"},\"potentialAction\":[{\"@type\":\"SearchAction\",\"target\":{\"@type\":\"EntryPoint\",\"urlTemplate\":\"https:\/\/koningdrone.be\/?s={search_term_string}\"},\"query-input\":{\"@type\":\"PropertyValueSpecification\",\"valueRequired\":true,\"valueName\":\"search_term_string\"}}],\"inLanguage\":\"de\"},{\"@type\":\"Organization\",\"@id\":\"https:\/\/koningdrone.be\/#organization\",\"name\":\"Koningdrone.be\",\"url\":\"https:\/\/koningdrone.be\/\",\"logo\":{\"@type\":\"ImageObject\",\"inLanguage\":\"de\",\"@id\":\"https:\/\/koningdrone.be\/#\/schema\/logo\/image\/\",\"url\":\"https:\/\/koningdrone.be\/wp-content\/uploads\/sites\/13\/2025\/04\/koningdrone-copyright-logo.svg\",\"contentUrl\":\"https:\/\/koningdrone.be\/wp-content\/uploads\/sites\/13\/2025\/04\/koningdrone-copyright-logo.svg\",\"width\":227,\"height\":38,\"caption\":\"Koningdrone.be\"},\"image\":{\"@id\":\"https:\/\/koningdrone.be\/#\/schema\/logo\/image\/\"}}]}<\/script>\n<!-- \/ Yoast SEO Premium plugin. -->","yoast_head_json":{"title":"HPRC DJI M300 - koningdrone.be","robots":{"index":"index","follow":"follow","max-snippet":"max-snippet:-1","max-image-preview":"max-image-preview:large","max-video-preview":"max-video-preview:-1"},"canonical":"https:\/\/koningdrone.be\/de\/produkt\/hprc-dji-m300\/","og_locale":"de_DE","og_type":"article","og_title":"HPRC DJI M300","og_description":"Harde en waterdichte koffer000D_ Voor DJI MATRICE 300 en zijn accessoires.","og_url":"https:\/\/koningdrone.be\/de\/produkt\/hprc-dji-m300\/","og_site_name":"koningdrone.be","article_modified_time":"2026-04-29T13:40:11+00:00","og_image":[{"width":600,"height":600,"url":"https:\/\/koningdrone.be\/wp-content\/uploads\/sites\/13\/2025\/04\/hprc-dji-m300-1.jpg","type":"image\/jpeg"}],"twitter_card":"summary_large_image","twitter_misc":{"Gesch\u00e4tzte Lesezeit":"1\u00a0Minute"},"schema":{"@context":"https:\/\/schema.org","@graph":[{"@type":"WebPage","@id":"https:\/\/koningdrone.be\/product\/hprc-dji-m300\/","url":"https:\/\/koningdrone.be\/product\/hprc-dji-m300\/","name":"HPRC DJI M300 - koningdrone.be","isPartOf":{"@id":"https:\/\/koningdrone.be\/#website"},"primaryImageOfPage":{"@id":"https:\/\/koningdrone.be\/product\/hprc-dji-m300\/#primaryimage"},"image":{"@id":"https:\/\/koningdrone.be\/product\/hprc-dji-m300\/#primaryimage"},"thumbnailUrl":"https:\/\/koningdrone.be\/wp-content\/uploads\/sites\/13\/2025\/04\/hprc-dji-m300-1.jpg","datePublished":"2021-06-25T11:30:03+00:00","dateModified":"2026-04-29T13:40:11+00:00","breadcrumb":{"@id":"https:\/\/koningdrone.be\/product\/hprc-dji-m300\/#breadcrumb"},"inLanguage":"de","potentialAction":[{"@type":"ReadAction","target":["https:\/\/koningdrone.be\/product\/hprc-dji-m300\/"]}]},{"@type":"ImageObject","inLanguage":"de","@id":"https:\/\/koningdrone.be\/product\/hprc-dji-m300\/#primaryimage","url":"https:\/\/koningdrone.be\/wp-content\/uploads\/sites\/13\/2025\/04\/hprc-dji-m300-1.jpg","contentUrl":"https:\/\/koningdrone.be\/wp-content\/uploads\/sites\/13\/2025\/04\/hprc-dji-m300-1.jpg","width":600,"height":600},{"@type":"BreadcrumbList","@id":"https:\/\/koningdrone.be\/product\/hprc-dji-m300\/#breadcrumb","itemListElement":[{"@type":"ListItem","position":1,"name":"Home","item":"https:\/\/koningdrone.be\/"},{"@type":"ListItem","position":2,"name":"AVSS Parachute Recovery System for DJI Matrice 300\/350","item":"https:\/\/koningdrone.be\/product\/avss-parachute-recovery-system-for-dji-matrice-300-350\/"},{"@type":"ListItem","position":3,"name":"Alle producten","item":"https:\/\/koningdrone.be\/categorie\/alle-producten\/"},{"@type":"ListItem","position":4,"name":"HPRC DJI M300"}]},{"@type":"WebSite","@id":"https:\/\/koningdrone.be\/#website","url":"https:\/\/koningdrone.be\/","name":"Koningdrone.be - Ihr Online-Spezialist f\u00fcr Drohnen, Gimbals, Kameras und Kraftwerke.","description":"Der Webshop f\u00fcr Drohnen und Gimbals","publisher":{"@id":"https:\/\/koningdrone.be\/#organization"},"potentialAction":[{"@type":"SearchAction","target":{"@type":"EntryPoint","urlTemplate":"https:\/\/koningdrone.be\/?s={search_term_string}"},"query-input":{"@type":"PropertyValueSpecification","valueRequired":true,"valueName":"search_term_string"}}],"inLanguage":"de"},{"@type":"Organization","@id":"https:\/\/koningdrone.be\/#organization","name":"Kingdrone.de","url":"https:\/\/koningdrone.be\/","logo":{"@type":"ImageObject","inLanguage":"de","@id":"https:\/\/koningdrone.be\/#\/schema\/logo\/image\/","url":"https:\/\/koningdrone.be\/wp-content\/uploads\/sites\/13\/2025\/04\/koningdrone-copyright-logo.svg","contentUrl":"https:\/\/koningdrone.be\/wp-content\/uploads\/sites\/13\/2025\/04\/koningdrone-copyright-logo.svg","width":227,"height":38,"caption":"Koningdrone.be"},"image":{"@id":"https:\/\/koningdrone.be\/#\/schema\/logo\/image\/"}}]}},"df_price":1299,"df_sale_price":"","df_regular_price":1299,"df_image_link":"https:\/\/koningdrone.be\/wp-content\/uploads\/sites\/13\/2025\/04\/hprc-dji-m300-1-300x300.jpg","_links":{"self":[{"href":"https:\/\/koningdrone.be\/de\/wp-json\/wp\/v2\/product\/6598","targetHints":{"allow":["GET"]}}],"collection":[{"href":"https:\/\/koningdrone.be\/de\/wp-json\/wp\/v2\/product"}],"about":[{"href":"https:\/\/koningdrone.be\/de\/wp-json\/wp\/v2\/types\/product"}],"wp:featuredmedia":[{"embeddable":true,"href":"https:\/\/koningdrone.be\/de\/wp-json\/wp\/v2\/media\/6593"}],"wp:attachment":[{"href":"https:\/\/koningdrone.be\/de\/wp-json\/wp\/v2\/media?parent=6598"}],"wp:term":[{"taxonomy":"product_brand","embeddable":true,"href":"https:\/\/koningdrone.be\/de\/wp-json\/wp\/v2\/product_brand?post=6598"},{"taxonomy":"product_cat","embeddable":true,"href":"https:\/\/koningdrone.be\/de\/wp-json\/wp\/v2\/product_cat?post=6598"},{"taxonomy":"product_tag","embeddable":true,"href":"https:\/\/koningdrone.be\/de\/wp-json\/wp\/v2\/product_tag?post=6598"}],"curies":[{"name":"wp","href":"https:\/\/api.w.org\/{rel}","templated":true}]}}