{"id":6575,"date":"2021-08-09T20:15:29","date_gmt":"2021-08-09T18:15:29","guid":{"rendered":"https:\/\/koningdrone.nl\/kon\/product\/noordzee-drones-opleidingsvoucher-vliegbewijs-a1-a3-a2-nl\/"},"modified":"2026-04-29T05:51:01","modified_gmt":"2026-04-29T03:51:01","slug":"noordzee-drones-opleidingsvoucher-vliegbewijs-a1-a3-a2-nl","status":"publish","type":"product","link":"https:\/\/koningdrone.be\/de\/produkt\/noordzee-drones-opleidingsvoucher-vliegbewijs-a1-a3-a2-nl\/","title":{"rendered":"Nordsee-Drohnen-Gutschein A1\/A3 &amp; A2 - DE"},"content":{"rendered":"<h1>Nordsee-Drohnen-Gutschein A1\/A3 &amp; A2 - DE<\/h1>\n<p>Die beste europ\u00e4ische Drohnenausbildung!<\/p>\n<p>North Sea Drones ist der europ\u00e4ische Marktf\u00fchrer f\u00fcr Drohnentraining, Beratung und Expertenunterst\u00fctzung f\u00fcr neue Drohnenpiloten. North Sea Drones hat Unternehmen, Polizei und Feuerwehren durch Schulungen unterst\u00fctzt und jetzt k\u00f6nnen auch Sie von ihrem Fachwissen profitieren!<\/p>\n<p>Mit diesem Online-Drohnenkurs k\u00f6nnen Sie das Flugzertifikat A1\/A3 und A2 von zu Hause aus erwerben. Starten Sie mit den umfassendsten Informationen und interessanten Tipps als europ\u00e4ischer Drohnenpilot!<br \/>Dieser Online-Videokurs mit bis zu 8 Stunden Inhalt beantwortet die am h\u00e4ufigsten gestellten Fragen zum Thema Drohnen, gibt Tipps &amp; Tricks und vermittelt alles, was man f\u00fcr einen legalen und sicheren Flug ben\u00f6tigt!<\/p>\n<p>Dieser Kurs ist f\u00fcr Personen geeignet, die ihr Zertifikat in den offenen Kategorien A1\/A3 und A2 in einem Durchgang erwerben m\u00f6chten.<\/p>\n<p>Der Kurs vermittelt Kenntnisse \u00fcber:<br \/>- Meteorologie<br \/>- Europ\u00e4ische Luftfahrtvorschriften<br \/>- UAS-Technologie<br \/>- Flugleistung<br \/>- Datenschutz \/ GDPR<br \/>- Grunds\u00e4tze des Fliegens<br \/>- Operative Verfahren<br \/>- Meteo fortgeschritten<br \/>- Fortgeschrittene Technologie<br \/>- Gesetzgebung Open A2<\/p>\n<p><strong>Wie funktioniert das?<\/strong><br \/>Mit dem North Sea Drones A1\/A3 und A2 Schulungsgutschein lernen Sie, Ihre Drohne in allen Klassen der Open Category sicher zu fliegen. Der Gutschein enth\u00e4lt einen einmaligen Code, mit dem Sie Zugang zum Online-Ausbildungsportal erhalten. Im Bildungsportal finden Sie 8 Stunden Videoinhalte sowie einen digitalen Lehrplan, in dem alle Informationen aus den Videos aufgeschrieben sind.<\/p>\n<p>Nachdem Sie alle Inhalte studiert haben, werden Sie gut auf die Pr\u00fcfung vorbereitet sein! Nach erfolgreichem Abschluss der Pr\u00fcfung (Pr\u00fcfung durch unseren Partner Drone Flight Academy inbegriffen) erhalten Sie eine A1\/A3 und A2 Pilotenlizenz und d\u00fcrfen in der Open Category fliegen!<\/p>\n<p>Weitere Informationen finden Sie unter www.noordzeedrones.be<br \/>Drohnen sind gut! Sicher fliegen.<\/p>","protected":false},"excerpt":{"rendered":"<ul>\n<li>Nordsee-Drohnenfluglizenz A1\/A3 &amp; A2<\/li>\n<li>Digital<\/li>\n<li>G\u00fcltig in ganz Europa<\/li>\n<\/ul>","protected":false},"featured_media":6574,"template":"","meta":{"_acf_changed":false},"product_brand":[],"product_cat":[1183,97],"product_tag":[],"class_list":{"0":"post-6575","1":"product","2":"type-product","3":"status-publish","4":"has-post-thumbnail","6":"product_cat-alle-cursussen","7":"product_cat-alle-producten","8":"product_shipping_class-outofstock","9":"pa_brand-noordzee","10":"pa_productfamily-opleiding","11":"pa_producttype-opleiding","12":"pa_series-noordzee-drones-voucher","14":"first","15":"outofstock","16":"taxable","17":"shipping-taxable","18":"product-type-simple"},"acf":[],"yoast_head":"<!-- This site is optimized with the Yoast SEO Premium plugin v27.2 (Yoast SEO v27.2) - https:\/\/yoast.com\/product\/yoast-seo-premium-wordpress\/ -->\n<title>Noordzee Drones Voucher A1\/A3 &amp; A2 - NL - koningdrone.be<\/title>\n<meta name=\"robots\" content=\"index, follow, max-snippet:-1, max-image-preview:large, max-video-preview:-1\" \/>\n<link rel=\"canonical\" href=\"https:\/\/koningdrone.be\/de\/produkt\/noordzee-drones-opleidingsvoucher-vliegbewijs-a1-a3-a2-nl\/\" \/>\n<meta property=\"og:locale\" content=\"de_DE\" \/>\n<meta property=\"og:type\" content=\"article\" \/>\n<meta property=\"og:title\" content=\"Noordzee Drones Voucher A1\/A3 &amp; A2 - NL\" \/>\n<meta property=\"og:description\" content=\"Noordzee Drones vliegbewijs A1\/A3 &amp; A2  Digitaal  Door heel Europa geldig\" \/>\n<meta property=\"og:url\" content=\"https:\/\/koningdrone.be\/de\/produkt\/noordzee-drones-opleidingsvoucher-vliegbewijs-a1-a3-a2-nl\/\" \/>\n<meta property=\"og:site_name\" content=\"koningdrone.be\" \/>\n<meta property=\"article:modified_time\" content=\"2026-04-29T03:51:01+00:00\" \/>\n<meta property=\"og:image\" content=\"https:\/\/koningdrone.be\/wp-content\/uploads\/sites\/13\/2025\/04\/pos-dji-a1a2a3-nl-1.jpg\" \/>\n\t<meta property=\"og:image:width\" content=\"600\" \/>\n\t<meta property=\"og:image:height\" content=\"423\" \/>\n\t<meta property=\"og:image:type\" content=\"image\/jpeg\" \/>\n<meta name=\"twitter:card\" content=\"summary_large_image\" \/>\n<meta name=\"twitter:label1\" content=\"Gesch\u00e4tzte Lesezeit\" \/>\n\t<meta name=\"twitter:data1\" content=\"1\u00a0Minute\" \/>\n<script type=\"application\/ld+json\" class=\"yoast-schema-graph\">{\"@context\":\"https:\/\/schema.org\",\"@graph\":[{\"@type\":\"WebPage\",\"@id\":\"https:\/\/koningdrone.be\/product\/noordzee-drones-opleidingsvoucher-vliegbewijs-a1-a3-a2-nl\/\",\"url\":\"https:\/\/koningdrone.be\/product\/noordzee-drones-opleidingsvoucher-vliegbewijs-a1-a3-a2-nl\/\",\"name\":\"Noordzee Drones Voucher A1\/A3 &amp; A2 - NL - koningdrone.be\",\"isPartOf\":{\"@id\":\"https:\/\/koningdrone.be\/#website\"},\"primaryImageOfPage\":{\"@id\":\"https:\/\/koningdrone.be\/product\/noordzee-drones-opleidingsvoucher-vliegbewijs-a1-a3-a2-nl\/#primaryimage\"},\"image\":{\"@id\":\"https:\/\/koningdrone.be\/product\/noordzee-drones-opleidingsvoucher-vliegbewijs-a1-a3-a2-nl\/#primaryimage\"},\"thumbnailUrl\":\"https:\/\/koningdrone.be\/wp-content\/uploads\/sites\/13\/2025\/04\/pos-dji-a1a2a3-nl-1.jpg\",\"datePublished\":\"2021-08-09T18:15:29+00:00\",\"dateModified\":\"2026-04-29T03:51:01+00:00\",\"breadcrumb\":{\"@id\":\"https:\/\/koningdrone.be\/product\/noordzee-drones-opleidingsvoucher-vliegbewijs-a1-a3-a2-nl\/#breadcrumb\"},\"inLanguage\":\"de\",\"potentialAction\":[{\"@type\":\"ReadAction\",\"target\":[\"https:\/\/koningdrone.be\/product\/noordzee-drones-opleidingsvoucher-vliegbewijs-a1-a3-a2-nl\/\"]}]},{\"@type\":\"ImageObject\",\"inLanguage\":\"de\",\"@id\":\"https:\/\/koningdrone.be\/product\/noordzee-drones-opleidingsvoucher-vliegbewijs-a1-a3-a2-nl\/#primaryimage\",\"url\":\"https:\/\/koningdrone.be\/wp-content\/uploads\/sites\/13\/2025\/04\/pos-dji-a1a2a3-nl-1.jpg\",\"contentUrl\":\"https:\/\/koningdrone.be\/wp-content\/uploads\/sites\/13\/2025\/04\/pos-dji-a1a2a3-nl-1.jpg\",\"width\":600,\"height\":423},{\"@type\":\"BreadcrumbList\",\"@id\":\"https:\/\/koningdrone.be\/product\/noordzee-drones-opleidingsvoucher-vliegbewijs-a1-a3-a2-nl\/#breadcrumb\",\"itemListElement\":[{\"@type\":\"ListItem\",\"position\":1,\"name\":\"Home\",\"item\":\"https:\/\/koningdrone.be\/\"},{\"@type\":\"ListItem\",\"position\":2,\"name\":\"AVSS Parachute Recovery System for DJI Matrice 300\/350\",\"item\":\"https:\/\/koningdrone.be\/product\/avss-parachute-recovery-system-for-dji-matrice-300-350\/\"},{\"@type\":\"ListItem\",\"position\":3,\"name\":\"Alle cursussen\",\"item\":\"https:\/\/koningdrone.be\/categorie\/alle-cursussen\/\"},{\"@type\":\"ListItem\",\"position\":4,\"name\":\"Noordzee Drones Voucher A1\/A3 &amp; A2 &#8211; NL\"}]},{\"@type\":\"WebSite\",\"@id\":\"https:\/\/koningdrone.be\/#website\",\"url\":\"https:\/\/koningdrone.be\/\",\"name\":\"Koningdrone.be - Uw online specialist in drones, gimbals, camera's en power stations.\",\"description\":\"De webshop in drones en gimbals\",\"publisher\":{\"@id\":\"https:\/\/koningdrone.be\/#organization\"},\"potentialAction\":[{\"@type\":\"SearchAction\",\"target\":{\"@type\":\"EntryPoint\",\"urlTemplate\":\"https:\/\/koningdrone.be\/?s={search_term_string}\"},\"query-input\":{\"@type\":\"PropertyValueSpecification\",\"valueRequired\":true,\"valueName\":\"search_term_string\"}}],\"inLanguage\":\"de\"},{\"@type\":\"Organization\",\"@id\":\"https:\/\/koningdrone.be\/#organization\",\"name\":\"Koningdrone.be\",\"url\":\"https:\/\/koningdrone.be\/\",\"logo\":{\"@type\":\"ImageObject\",\"inLanguage\":\"de\",\"@id\":\"https:\/\/koningdrone.be\/#\/schema\/logo\/image\/\",\"url\":\"https:\/\/koningdrone.be\/wp-content\/uploads\/sites\/13\/2025\/04\/koningdrone-copyright-logo.svg\",\"contentUrl\":\"https:\/\/koningdrone.be\/wp-content\/uploads\/sites\/13\/2025\/04\/koningdrone-copyright-logo.svg\",\"width\":227,\"height\":38,\"caption\":\"Koningdrone.be\"},\"image\":{\"@id\":\"https:\/\/koningdrone.be\/#\/schema\/logo\/image\/\"}}]}<\/script>\n<!-- \/ Yoast SEO Premium plugin. -->","yoast_head_json":{"title":"Noordzee Drones Voucher A1\/A3 &amp; A2 - NL - koningdrone.be","robots":{"index":"index","follow":"follow","max-snippet":"max-snippet:-1","max-image-preview":"max-image-preview:large","max-video-preview":"max-video-preview:-1"},"canonical":"https:\/\/koningdrone.be\/de\/produkt\/noordzee-drones-opleidingsvoucher-vliegbewijs-a1-a3-a2-nl\/","og_locale":"de_DE","og_type":"article","og_title":"Noordzee Drones Voucher A1\/A3 &amp; A2 - NL","og_description":"Noordzee Drones vliegbewijs A1\/A3 &amp; A2  Digitaal  Door heel Europa geldig","og_url":"https:\/\/koningdrone.be\/de\/produkt\/noordzee-drones-opleidingsvoucher-vliegbewijs-a1-a3-a2-nl\/","og_site_name":"koningdrone.be","article_modified_time":"2026-04-29T03:51:01+00:00","og_image":[{"width":600,"height":423,"url":"https:\/\/koningdrone.be\/wp-content\/uploads\/sites\/13\/2025\/04\/pos-dji-a1a2a3-nl-1.jpg","type":"image\/jpeg"}],"twitter_card":"summary_large_image","twitter_misc":{"Gesch\u00e4tzte Lesezeit":"1\u00a0Minute"},"schema":{"@context":"https:\/\/schema.org","@graph":[{"@type":"WebPage","@id":"https:\/\/koningdrone.be\/product\/noordzee-drones-opleidingsvoucher-vliegbewijs-a1-a3-a2-nl\/","url":"https:\/\/koningdrone.be\/product\/noordzee-drones-opleidingsvoucher-vliegbewijs-a1-a3-a2-nl\/","name":"Noordzee Drones Voucher A1\/A3 &amp; A2 - NL - koningdrone.be","isPartOf":{"@id":"https:\/\/koningdrone.be\/#website"},"primaryImageOfPage":{"@id":"https:\/\/koningdrone.be\/product\/noordzee-drones-opleidingsvoucher-vliegbewijs-a1-a3-a2-nl\/#primaryimage"},"image":{"@id":"https:\/\/koningdrone.be\/product\/noordzee-drones-opleidingsvoucher-vliegbewijs-a1-a3-a2-nl\/#primaryimage"},"thumbnailUrl":"https:\/\/koningdrone.be\/wp-content\/uploads\/sites\/13\/2025\/04\/pos-dji-a1a2a3-nl-1.jpg","datePublished":"2021-08-09T18:15:29+00:00","dateModified":"2026-04-29T03:51:01+00:00","breadcrumb":{"@id":"https:\/\/koningdrone.be\/product\/noordzee-drones-opleidingsvoucher-vliegbewijs-a1-a3-a2-nl\/#breadcrumb"},"inLanguage":"de","potentialAction":[{"@type":"ReadAction","target":["https:\/\/koningdrone.be\/product\/noordzee-drones-opleidingsvoucher-vliegbewijs-a1-a3-a2-nl\/"]}]},{"@type":"ImageObject","inLanguage":"de","@id":"https:\/\/koningdrone.be\/product\/noordzee-drones-opleidingsvoucher-vliegbewijs-a1-a3-a2-nl\/#primaryimage","url":"https:\/\/koningdrone.be\/wp-content\/uploads\/sites\/13\/2025\/04\/pos-dji-a1a2a3-nl-1.jpg","contentUrl":"https:\/\/koningdrone.be\/wp-content\/uploads\/sites\/13\/2025\/04\/pos-dji-a1a2a3-nl-1.jpg","width":600,"height":423},{"@type":"BreadcrumbList","@id":"https:\/\/koningdrone.be\/product\/noordzee-drones-opleidingsvoucher-vliegbewijs-a1-a3-a2-nl\/#breadcrumb","itemListElement":[{"@type":"ListItem","position":1,"name":"Home","item":"https:\/\/koningdrone.be\/"},{"@type":"ListItem","position":2,"name":"AVSS Parachute Recovery System for DJI Matrice 300\/350","item":"https:\/\/koningdrone.be\/product\/avss-parachute-recovery-system-for-dji-matrice-300-350\/"},{"@type":"ListItem","position":3,"name":"Alle cursussen","item":"https:\/\/koningdrone.be\/categorie\/alle-cursussen\/"},{"@type":"ListItem","position":4,"name":"Noordzee Drones Voucher A1\/A3 &amp; A2 &#8211; NL"}]},{"@type":"WebSite","@id":"https:\/\/koningdrone.be\/#website","url":"https:\/\/koningdrone.be\/","name":"Koningdrone.be - Ihr Online-Spezialist f\u00fcr Drohnen, Gimbals, Kameras und Kraftwerke.","description":"Der Webshop f\u00fcr Drohnen und Gimbals","publisher":{"@id":"https:\/\/koningdrone.be\/#organization"},"potentialAction":[{"@type":"SearchAction","target":{"@type":"EntryPoint","urlTemplate":"https:\/\/koningdrone.be\/?s={search_term_string}"},"query-input":{"@type":"PropertyValueSpecification","valueRequired":true,"valueName":"search_term_string"}}],"inLanguage":"de"},{"@type":"Organization","@id":"https:\/\/koningdrone.be\/#organization","name":"Kingdrone.de","url":"https:\/\/koningdrone.be\/","logo":{"@type":"ImageObject","inLanguage":"de","@id":"https:\/\/koningdrone.be\/#\/schema\/logo\/image\/","url":"https:\/\/koningdrone.be\/wp-content\/uploads\/sites\/13\/2025\/04\/koningdrone-copyright-logo.svg","contentUrl":"https:\/\/koningdrone.be\/wp-content\/uploads\/sites\/13\/2025\/04\/koningdrone-copyright-logo.svg","width":227,"height":38,"caption":"Koningdrone.be"},"image":{"@id":"https:\/\/koningdrone.be\/#\/schema\/logo\/image\/"}}]}},"df_price":"","df_sale_price":"","df_regular_price":"","df_image_link":"https:\/\/koningdrone.be\/wp-content\/uploads\/sites\/13\/2025\/04\/pos-dji-a1a2a3-nl-1-300x212.jpg","_links":{"self":[{"href":"https:\/\/koningdrone.be\/de\/wp-json\/wp\/v2\/product\/6575","targetHints":{"allow":["GET"]}}],"collection":[{"href":"https:\/\/koningdrone.be\/de\/wp-json\/wp\/v2\/product"}],"about":[{"href":"https:\/\/koningdrone.be\/de\/wp-json\/wp\/v2\/types\/product"}],"wp:featuredmedia":[{"embeddable":true,"href":"https:\/\/koningdrone.be\/de\/wp-json\/wp\/v2\/media\/6574"}],"wp:attachment":[{"href":"https:\/\/koningdrone.be\/de\/wp-json\/wp\/v2\/media?parent=6575"}],"wp:term":[{"taxonomy":"product_brand","embeddable":true,"href":"https:\/\/koningdrone.be\/de\/wp-json\/wp\/v2\/product_brand?post=6575"},{"taxonomy":"product_cat","embeddable":true,"href":"https:\/\/koningdrone.be\/de\/wp-json\/wp\/v2\/product_cat?post=6575"},{"taxonomy":"product_tag","embeddable":true,"href":"https:\/\/koningdrone.be\/de\/wp-json\/wp\/v2\/product_tag?post=6575"}],"curies":[{"name":"wp","href":"https:\/\/api.w.org\/{rel}","templated":true}]}}