{"id":6549,"date":"2021-10-03T09:49:31","date_gmt":"2021-10-03T07:49:31","guid":{"rendered":"https:\/\/koningdrone.nl\/kon\/product\/insta360-go-2\/"},"modified":"2026-05-16T07:40:40","modified_gmt":"2026-05-16T05:40:40","slug":"insta360-go-2","status":"publish","type":"product","link":"https:\/\/koningdrone.be\/de\/produkt\/insta360-go-2\/","title":{"rendered":"INSTA360 Go 2"},"content":{"rendered":"<h1>INSTA360 Go 2<\/h1>\n<p>Die Insta360 GO 2 vereint die Leistung eines Flaggschiffs mit der kleinsten Action-Kamera der Welt. Eine stabilisierte Action-Kamera, die nur 27 Gramm oder weniger als eine Unze wiegt. Das ultraleichte Geh\u00e4use der Insta360 GO 2 erm\u00f6glicht freih\u00e4ndige, hochaufl\u00f6sende Aufnahmen und erlaubt es Kreativen, ihren Standpunkt m\u00fchelos festzuhalten - ohne das sperrige und unbequeme Zubeh\u00f6r herk\u00f6mmlicher Action-Kameras. Wasserdichtigkeit und eine austauschbare Schutzlinse sorgen daf\u00fcr, dass sie f\u00fcr jede Art von Action bereit ist. Die einzigartige Kombination aus Gr\u00f6\u00dfe, Stabilisierung und Leistung des GO 2 erm\u00f6glicht, was keine andere Action-Kamera kann: die Action einfangen, ohne jemals im Weg zu sein. Sie ist der filmische Begleiter von Kreativen und Sportlern gleicherma\u00dfen. Die Insta360 GO 2, komplett mit einer vielseitigen Ladestation und einer Auswahl an Montagezubeh\u00f6r, ist ab heute \u00fcber Insta360.com und ausgew\u00e4hlte H\u00e4ndler weltweit erh\u00e4ltlich.<br \/><strong>Laden, sichern, montieren.<\/strong><br \/>Die Insta360 GO 2 ist der Spider-Man unter den Kameras - sie klebt an allem. Dank ihrer geringen Gr\u00f6\u00dfe und der Vielzahl an Zubeh\u00f6r in der Box kann die GO 2 \u00fcberall dort hin, wo andere Action-Kameras nicht hinkommen, sei es zu Ihnen, Ihrem Hund oder Ihrem Auto. Der starke eingebaute Magnet sorgt in Kombination mit dem magnetischen Aufh\u00e4nger daf\u00fcr, dass Sie GO 2 direkt an Ihrem Hemd befestigen k\u00f6nnen. Mit dem Easy Clip k\u00f6nnen Sie den GO 2 an Ihrem Hut oder Stirnband befestigen, um m\u00fchelos POV-Aufnahmen zu machen. Sobald der GO 2 angebracht ist, ist die Aufnahme eines Videos so einfach wie das einmalige Dr\u00fccken der Vorderseite der Kamera.<br \/><strong>Ein leistungsstarker Sensor.<\/strong><br \/>Trotz seiner Gr\u00f6\u00dfe spart GO 2 keine Energie. GO 2 verf\u00fcgt \u00fcber die gleiche hochwertige Hardware wie andere f\u00fchrende Action-Kameras, wiegt aber sechsmal weniger.<br \/>Ein 1\/23\u2033-Bildsensor, der Standard f\u00fcr Flaggschiff-Actionkameras, erm\u00f6glicht es dem GO 2, 3K-Videos und 9MP-Fotos aufzunehmen. Die daraus resultierenden Fotos sind dynamisch, detailliert und werden in den sozialen Netzwerken garantiert hervorstechen.<br \/><strong>Immer stabil.<\/strong><br \/>Wo auch immer Sie GO 2 installieren, die FlowState-Algorithmen zur Horizontnivellierung und Stabilisierung, das Markenzeichen von Insta360, beseitigen alle St\u00f6\u00dfe, Ersch\u00fctterungen und Rollen.<br \/>Wenn Sie die H\u00e4nde frei haben und die FlowState-Stabilisierung Sie ruhig h\u00e4lt, k\u00f6nnen Sie m\u00fchelos laufen, springen oder rollen. Mit FlowState k\u00f6nnen Sie mit nichts weiter als einer daumengro\u00dfen Kamera loslaufen und mit Fotos zur\u00fcckkommen, die aussehen, als w\u00e4ren sie mit einer hochwertigen kardanischen Aufh\u00e4ngung aufgenommen worden.<br \/><strong>Aufladen w\u00e4hrend der Fahrt.<\/strong><br \/>Die GO 2 Ladebox ist das Gesch\u00e4ft Ihres Unternehmens. Stecken Sie den GO 2 einfach in die Box und Sie sind innerhalb einer halben Stunde aufgeladen. Mit der Box kann GO 2 bis zu 150 Minuten lang arbeiten, bevor es zu Hause wieder aufgeladen werden muss. Das ist doppelt so lang wie die meisten Aktionsr\u00e4ume bei einem Bruchteil der Gr\u00f6\u00dfe.<br \/>Die GO 2 Box ist nicht nur ein Ladeger\u00e4t, sondern dient auch als Fernbedienung, Stativ und Griff zum Tragen von Briefmarken. Sie hat sogar einen \u00bc\"-Anschluss f\u00fcr einen Selfie-Post\".<br \/>Dank der integrierten Bluetooth-Verbindung der Ladebox kann der GO 2 aus einer Entfernung von bis zu 10 Metern gesteuert werden. Befestigen Sie die Kamera einfach dort, wo Sie m\u00f6chten, und verwenden Sie die Tasche, um sie aus der Ferne aufzunehmen.<br \/><strong>Bereit f\u00fcr Abenteuer.<\/strong><br \/>Surfen, tauchen oder ein Sonnenbad am Meer nehmen? Tauchen Sie den GO 2 problemlos bis zu 4 Meter unter Wasser. Der GO 2 ist sofort nach dem Auspacken wasserdicht nach IPX8.<br \/>Der kratzfeste Objektivdeckel aus geh\u00e4rtetem Glas sch\u00fctzt das Objektiv des GO 2 vor Reibung. Sie k\u00f6nnen ihn jederzeit abnehmen und einen Ersatzdeckel aufschrauben. Oder ersetzen Sie ihn durch einen ND-Filter f\u00fcr ausgewogene Farben und Kontraste selbst an den hellsten Tagen.<br \/><strong>Eine Anwendung, die alles kann.<\/strong><br \/>Mit der zugeh\u00f6rigen App des GO 2 k\u00f6nnen Sie Ihr Foto \u00fcber Wi-Fi in Echtzeit ansehen und die Einstellungen in Echtzeit anpassen. Nach Abschluss der Aufnahmen bietet die App einen kompletten Editor, um Ihre Clips zu verbessern.<br \/>Wenn Sie es eilig haben, m\u00fcssen Sie Ihre Clips nicht einmal auf Ihr Telefon herunterladen, bevor Sie mit der Bearbeitung beginnen. Melden Sie sich einfach an und bearbeiten Sie direkt \u00fcber Wi-Fi. Keine Kabel erforderlich.<br \/><strong>Lassen Sie die KI die Bearbeitung f\u00fcr Sie erledigen.<\/strong><br \/>Sie sind noch nicht bereit f\u00fcr einen manuellen Wechsel? Lassen Sie die KI mit FlashCut 2.0 die Einstellungen f\u00fcr Sie vornehmen. FlashCut 2.0 f\u00fcgt Ihre Clips automatisch in eine Geschichte ein, hebt die besten Momente hervor und schneidet sie im Rhythmus der Musik zusammen.<br \/>W\u00e4hlen Sie aus voreingestellten Bearbeitungsvorlagen f\u00fcr Themen wie Sport, Reisen oder Haustiere, oder w\u00e4hlen Sie einfach Ihre Lieblingsfotos aus und lassen Sie FlashCut den Rest erledigen. In jedem Fall erhalten Sie eine stilvolle Installation, die Sie sofort weitergeben k\u00f6nnen.<br \/><strong>Kleiner Raum. Weitwinkel.<\/strong><br \/>Das Objektiv des GO 2 sieht zwar klein aus, aber dank seines ultraweiten Sichtfelds m\u00fcssen Sie sich keine Sorgen machen, dass Sie Ihre gesamte Umgebung auf dem Film sehen.<br \/>W\u00e4hlen Sie aus vier verschiedenen Blickwinkeln, um den perfekten Rahmen zu erhalten. Fotografieren Sie eine gro\u00dfartige Landschaft? Erleben Sie das 120-Grad-Sichtfeld \"Ultra Wide\". Sie fahren mit dem Fahrrad durch die Gegend? Erleben Sie das ActionView 110-Grad-Sichtfeld, perfekt f\u00fcr die Perspektive aus der ersten Person.<br \/><strong>Beschleunigen oder verlangsamen.<\/strong><br \/>Verdichten Sie das Geschehen mit einem dynamischen Hyperlapse oder heben Sie Schl\u00fcsselmomente in Super-Low-Speed hervor. Mit GO 2 ist das so einfach wie eine Ber\u00fchrung. Nehmen Sie Hyperlapse-Aufnahmen mit bis zu 6-facher Geschwindigkeit auf oder verlangsamen Sie sie bei Aufnahmen mit 120 Bildern pro Sekunde um das Vierfache.<\/p>","protected":false},"excerpt":{"rendered":"<ul>\n<li>FlowState-Stabilisierung<\/li>\n<li>Freih\u00e4ndig<\/li>\n<li>\u00dcberall montieren<\/li>\n<li>1440p 50fps<\/li>\n<li>Wasserdicht bis zu 4m<\/li>\n<li>Automatische Bearbeitung<\/li>\n<li>Hyperlapse<\/li>\n<li>Zeitlupe<\/li>\n<li>Fernsteuerung<\/li>\n<\/ul>","protected":false},"featured_media":6548,"template":"","meta":{"_acf_changed":false},"product_brand":[],"product_cat":[97,343],"product_tag":[],"class_list":{"0":"post-6549","1":"product","2":"type-product","3":"status-publish","4":"has-post-thumbnail","6":"product_cat-alle-producten","7":"product_cat-insta360","8":"product_shipping_class-outofstock","9":"pa_brand-insta360","10":"pa_productfamily-camera","11":"pa_producttype-camera","12":"pa_series-insta360-go","14":"first","15":"outofstock","16":"taxable","17":"shipping-taxable","18":"product-type-simple"},"acf":[],"yoast_head":"<!-- This site is optimized with the Yoast SEO Premium plugin v27.2 (Yoast SEO v27.2) - https:\/\/yoast.com\/product\/yoast-seo-premium-wordpress\/ -->\n<title>INSTA360 Go 2 - koningdrone.be<\/title>\n<meta name=\"robots\" content=\"index, follow, max-snippet:-1, max-image-preview:large, max-video-preview:-1\" \/>\n<link rel=\"canonical\" href=\"https:\/\/koningdrone.be\/de\/produkt\/insta360-go-2\/\" \/>\n<meta property=\"og:locale\" content=\"de_DE\" \/>\n<meta property=\"og:type\" content=\"article\" \/>\n<meta property=\"og:title\" content=\"INSTA360 Go 2\" \/>\n<meta property=\"og:description\" content=\"FlowState StabilisatieHandsfreeOveral monteren1440p 50fpsWaterdicht tot 4mAutomatisch bewerkenHyperlapseSlow-motionAfstandsbediening\" \/>\n<meta property=\"og:url\" content=\"https:\/\/koningdrone.be\/de\/produkt\/insta360-go-2\/\" \/>\n<meta property=\"og:site_name\" content=\"koningdrone.be\" \/>\n<meta property=\"article:modified_time\" content=\"2026-05-16T05:40:40+00:00\" \/>\n<meta property=\"og:image\" content=\"https:\/\/koningdrone.be\/wp-content\/uploads\/sites\/13\/2025\/04\/6970357852123-1.jpg\" \/>\n\t<meta property=\"og:image:width\" content=\"800\" \/>\n\t<meta property=\"og:image:height\" content=\"500\" \/>\n\t<meta property=\"og:image:type\" content=\"image\/jpeg\" \/>\n<meta name=\"twitter:card\" content=\"summary_large_image\" \/>\n<meta name=\"twitter:label1\" content=\"Gesch\u00e4tzte Lesezeit\" \/>\n\t<meta name=\"twitter:data1\" content=\"4\u00a0Minuten\" \/>\n<script type=\"application\/ld+json\" class=\"yoast-schema-graph\">{\"@context\":\"https:\/\/schema.org\",\"@graph\":[{\"@type\":\"WebPage\",\"@id\":\"https:\/\/koningdrone.be\/product\/insta360-go-2\/\",\"url\":\"https:\/\/koningdrone.be\/product\/insta360-go-2\/\",\"name\":\"INSTA360 Go 2 - koningdrone.be\",\"isPartOf\":{\"@id\":\"https:\/\/koningdrone.be\/#website\"},\"primaryImageOfPage\":{\"@id\":\"https:\/\/koningdrone.be\/product\/insta360-go-2\/#primaryimage\"},\"image\":{\"@id\":\"https:\/\/koningdrone.be\/product\/insta360-go-2\/#primaryimage\"},\"thumbnailUrl\":\"https:\/\/koningdrone.be\/wp-content\/uploads\/sites\/13\/2025\/04\/6970357852123-1.jpg\",\"datePublished\":\"2021-10-03T07:49:31+00:00\",\"dateModified\":\"2026-05-16T05:40:40+00:00\",\"breadcrumb\":{\"@id\":\"https:\/\/koningdrone.be\/product\/insta360-go-2\/#breadcrumb\"},\"inLanguage\":\"de\",\"potentialAction\":[{\"@type\":\"ReadAction\",\"target\":[\"https:\/\/koningdrone.be\/product\/insta360-go-2\/\"]}]},{\"@type\":\"ImageObject\",\"inLanguage\":\"de\",\"@id\":\"https:\/\/koningdrone.be\/product\/insta360-go-2\/#primaryimage\",\"url\":\"https:\/\/koningdrone.be\/wp-content\/uploads\/sites\/13\/2025\/04\/6970357852123-1.jpg\",\"contentUrl\":\"https:\/\/koningdrone.be\/wp-content\/uploads\/sites\/13\/2025\/04\/6970357852123-1.jpg\",\"width\":800,\"height\":500},{\"@type\":\"BreadcrumbList\",\"@id\":\"https:\/\/koningdrone.be\/product\/insta360-go-2\/#breadcrumb\",\"itemListElement\":[{\"@type\":\"ListItem\",\"position\":1,\"name\":\"Home\",\"item\":\"https:\/\/koningdrone.be\/\"},{\"@type\":\"ListItem\",\"position\":2,\"name\":\"AVSS Parachute Recovery System for DJI Matrice 300\/350\",\"item\":\"https:\/\/koningdrone.be\/product\/avss-parachute-recovery-system-for-dji-matrice-300-350\/\"},{\"@type\":\"ListItem\",\"position\":3,\"name\":\"Alle producten\",\"item\":\"https:\/\/koningdrone.be\/categorie\/alle-producten\/\"},{\"@type\":\"ListItem\",\"position\":4,\"name\":\"INSTA360 Go 2\"}]},{\"@type\":\"WebSite\",\"@id\":\"https:\/\/koningdrone.be\/#website\",\"url\":\"https:\/\/koningdrone.be\/\",\"name\":\"Koningdrone.be - Uw online specialist in drones, gimbals, camera's en power stations.\",\"description\":\"De webshop in drones en gimbals\",\"publisher\":{\"@id\":\"https:\/\/koningdrone.be\/#organization\"},\"potentialAction\":[{\"@type\":\"SearchAction\",\"target\":{\"@type\":\"EntryPoint\",\"urlTemplate\":\"https:\/\/koningdrone.be\/?s={search_term_string}\"},\"query-input\":{\"@type\":\"PropertyValueSpecification\",\"valueRequired\":true,\"valueName\":\"search_term_string\"}}],\"inLanguage\":\"de\"},{\"@type\":\"Organization\",\"@id\":\"https:\/\/koningdrone.be\/#organization\",\"name\":\"Koningdrone.be\",\"url\":\"https:\/\/koningdrone.be\/\",\"logo\":{\"@type\":\"ImageObject\",\"inLanguage\":\"de\",\"@id\":\"https:\/\/koningdrone.be\/#\/schema\/logo\/image\/\",\"url\":\"https:\/\/koningdrone.be\/wp-content\/uploads\/sites\/13\/2025\/04\/koningdrone-copyright-logo.svg\",\"contentUrl\":\"https:\/\/koningdrone.be\/wp-content\/uploads\/sites\/13\/2025\/04\/koningdrone-copyright-logo.svg\",\"width\":227,\"height\":38,\"caption\":\"Koningdrone.be\"},\"image\":{\"@id\":\"https:\/\/koningdrone.be\/#\/schema\/logo\/image\/\"}}]}<\/script>\n<!-- \/ Yoast SEO Premium plugin. -->","yoast_head_json":{"title":"INSTA360 Go 2 - koningdrone.be","robots":{"index":"index","follow":"follow","max-snippet":"max-snippet:-1","max-image-preview":"max-image-preview:large","max-video-preview":"max-video-preview:-1"},"canonical":"https:\/\/koningdrone.be\/de\/produkt\/insta360-go-2\/","og_locale":"de_DE","og_type":"article","og_title":"INSTA360 Go 2","og_description":"FlowState StabilisatieHandsfreeOveral monteren1440p 50fpsWaterdicht tot 4mAutomatisch bewerkenHyperlapseSlow-motionAfstandsbediening","og_url":"https:\/\/koningdrone.be\/de\/produkt\/insta360-go-2\/","og_site_name":"koningdrone.be","article_modified_time":"2026-05-16T05:40:40+00:00","og_image":[{"width":800,"height":500,"url":"https:\/\/koningdrone.be\/wp-content\/uploads\/sites\/13\/2025\/04\/6970357852123-1.jpg","type":"image\/jpeg"}],"twitter_card":"summary_large_image","twitter_misc":{"Gesch\u00e4tzte Lesezeit":"4\u00a0Minuten"},"schema":{"@context":"https:\/\/schema.org","@graph":[{"@type":"WebPage","@id":"https:\/\/koningdrone.be\/product\/insta360-go-2\/","url":"https:\/\/koningdrone.be\/product\/insta360-go-2\/","name":"INSTA360 Go 2 - koningdrone.be","isPartOf":{"@id":"https:\/\/koningdrone.be\/#website"},"primaryImageOfPage":{"@id":"https:\/\/koningdrone.be\/product\/insta360-go-2\/#primaryimage"},"image":{"@id":"https:\/\/koningdrone.be\/product\/insta360-go-2\/#primaryimage"},"thumbnailUrl":"https:\/\/koningdrone.be\/wp-content\/uploads\/sites\/13\/2025\/04\/6970357852123-1.jpg","datePublished":"2021-10-03T07:49:31+00:00","dateModified":"2026-05-16T05:40:40+00:00","breadcrumb":{"@id":"https:\/\/koningdrone.be\/product\/insta360-go-2\/#breadcrumb"},"inLanguage":"de","potentialAction":[{"@type":"ReadAction","target":["https:\/\/koningdrone.be\/product\/insta360-go-2\/"]}]},{"@type":"ImageObject","inLanguage":"de","@id":"https:\/\/koningdrone.be\/product\/insta360-go-2\/#primaryimage","url":"https:\/\/koningdrone.be\/wp-content\/uploads\/sites\/13\/2025\/04\/6970357852123-1.jpg","contentUrl":"https:\/\/koningdrone.be\/wp-content\/uploads\/sites\/13\/2025\/04\/6970357852123-1.jpg","width":800,"height":500},{"@type":"BreadcrumbList","@id":"https:\/\/koningdrone.be\/product\/insta360-go-2\/#breadcrumb","itemListElement":[{"@type":"ListItem","position":1,"name":"Home","item":"https:\/\/koningdrone.be\/"},{"@type":"ListItem","position":2,"name":"AVSS Parachute Recovery System for DJI Matrice 300\/350","item":"https:\/\/koningdrone.be\/product\/avss-parachute-recovery-system-for-dji-matrice-300-350\/"},{"@type":"ListItem","position":3,"name":"Alle producten","item":"https:\/\/koningdrone.be\/categorie\/alle-producten\/"},{"@type":"ListItem","position":4,"name":"INSTA360 Go 2"}]},{"@type":"WebSite","@id":"https:\/\/koningdrone.be\/#website","url":"https:\/\/koningdrone.be\/","name":"Koningdrone.be - Ihr Online-Spezialist f\u00fcr Drohnen, Gimbals, Kameras und Kraftwerke.","description":"Der Webshop f\u00fcr Drohnen und Gimbals","publisher":{"@id":"https:\/\/koningdrone.be\/#organization"},"potentialAction":[{"@type":"SearchAction","target":{"@type":"EntryPoint","urlTemplate":"https:\/\/koningdrone.be\/?s={search_term_string}"},"query-input":{"@type":"PropertyValueSpecification","valueRequired":true,"valueName":"search_term_string"}}],"inLanguage":"de"},{"@type":"Organization","@id":"https:\/\/koningdrone.be\/#organization","name":"Kingdrone.de","url":"https:\/\/koningdrone.be\/","logo":{"@type":"ImageObject","inLanguage":"de","@id":"https:\/\/koningdrone.be\/#\/schema\/logo\/image\/","url":"https:\/\/koningdrone.be\/wp-content\/uploads\/sites\/13\/2025\/04\/koningdrone-copyright-logo.svg","contentUrl":"https:\/\/koningdrone.be\/wp-content\/uploads\/sites\/13\/2025\/04\/koningdrone-copyright-logo.svg","width":227,"height":38,"caption":"Koningdrone.be"},"image":{"@id":"https:\/\/koningdrone.be\/#\/schema\/logo\/image\/"}}]}},"df_price":"","df_sale_price":"","df_regular_price":"","df_image_link":"https:\/\/koningdrone.be\/wp-content\/uploads\/sites\/13\/2025\/04\/6970357852123-1-300x188.jpg","_links":{"self":[{"href":"https:\/\/koningdrone.be\/de\/wp-json\/wp\/v2\/product\/6549","targetHints":{"allow":["GET"]}}],"collection":[{"href":"https:\/\/koningdrone.be\/de\/wp-json\/wp\/v2\/product"}],"about":[{"href":"https:\/\/koningdrone.be\/de\/wp-json\/wp\/v2\/types\/product"}],"wp:featuredmedia":[{"embeddable":true,"href":"https:\/\/koningdrone.be\/de\/wp-json\/wp\/v2\/media\/6548"}],"wp:attachment":[{"href":"https:\/\/koningdrone.be\/de\/wp-json\/wp\/v2\/media?parent=6549"}],"wp:term":[{"taxonomy":"product_brand","embeddable":true,"href":"https:\/\/koningdrone.be\/de\/wp-json\/wp\/v2\/product_brand?post=6549"},{"taxonomy":"product_cat","embeddable":true,"href":"https:\/\/koningdrone.be\/de\/wp-json\/wp\/v2\/product_cat?post=6549"},{"taxonomy":"product_tag","embeddable":true,"href":"https:\/\/koningdrone.be\/de\/wp-json\/wp\/v2\/product_tag?post=6549"}],"curies":[{"name":"wp","href":"https:\/\/api.w.org\/{rel}","templated":true}]}}