{"id":6545,"date":"2021-10-03T09:50:22","date_gmt":"2021-10-03T07:50:22","guid":{"rendered":"https:\/\/koningdrone.nl\/kon\/product\/insta360-one-r-4k-edition\/"},"modified":"2026-04-04T06:50:43","modified_gmt":"2026-04-04T04:50:43","slug":"insta360-one-r-4k-edition","status":"publish","type":"product","link":"https:\/\/koningdrone.be\/de\/produkt\/insta360-one-r-4k-edition\/","title":{"rendered":"INSTA360 ONE R 4K Ausgabe"},"content":{"rendered":"<h1>INSTA360 ONE R 4K Ausgabe<\/h1>\n<p>Machen Sie atemberaubende Fotos mit der Insta360 ONE R 4K Edition. Das lebendige und reaktionsschnelle Display bietet eine klare Sicht auf Ihre Aufnahmen und kann bei Bedarf umgedreht werden, um Selfie-Aufnahmen zu erleichtern. Die Insta360 ONE R 4K Edition verf\u00fcgt \u00fcber Wi-Fi-Funktionalit\u00e4t, um Bilder schnell in der Vorschau anzuzeigen und an andere Ger\u00e4te zu senden.<br \/><strong>Automatische Bearbeitung<\/strong><br \/>Die Insta360 ONE R App rahmt und schneidet Inhalte f\u00fcr Sie. Mit einem einzigen Fingertipp auf die FlashCut-Taste analysiert ONE R Ihr Filmmaterial mithilfe von KI-Bilderkennung, schneidet es aus und kombiniert es zu einer Story.<br \/>Punkt zu folgen:<br \/>Verfolgen Sie Ihr Motiv im vollen Weitwinkel, ohne die Kamera zu ber\u00fchren oder etwas zu bearbeiten. Sagen Sie \"Markiere das\" und ONE R nimmt Ihre Stimme auf und verfolgt Ihr Ziel. Deep Track sorgt daf\u00fcr, dass das verfolgbare Objekt auch auf Hindernisse hin verfolgt wird.<br \/><strong>Sony 1\/2,3\u2033 CMOS-Bildsensor<\/strong><br \/>Erm\u00f6glicht atemberaubende Details und Klarheit sowohl bei Videos als auch bei Standbildern.<br \/><strong>Hoher Dynamikbereich.<\/strong><br \/>H.265-kodiertes Filmmaterial wird klarer. Mit Color Plus werden der Dynamikbereich und die Farben beim Exportieren originalgetreu wiedergegeben.<br \/><strong>4K-Weitwinkelobjektiv<\/strong><br \/>Erstellen Sie atemberaubende 4K-Aufnahmen. Bauen Sie Ihren Shooter genau so auf, wie Sie ihn brauchen.<br \/><strong>Stabilisierung von FlowState 2.0<\/strong><br \/>Kein Gimbal erforderlich. Wenn Sie die Software in der Anwendung stabilisieren, k\u00f6nnen Sie die volle Leistung sehen.<br \/><strong>Automatischer Rahmen<\/strong><br \/>Automatische Bilderfassung mit KI-Bilderkennung und unglaublicher Tracking-Technologie. Sie beschleunigt Ihre Bearbeitungszeit und erm\u00f6glicht es Ihnen, aus den generierten Aufnahmen auszuw\u00e4hlen.<br \/><strong>Wechsel vom hinteren zum vorderen Bildschirm<\/strong><br \/>Ein lebendiges Display auf der R\u00fcckseite bietet eine kristallklare, \u00fcberempfindliche Anzeige, w\u00e4hrend es auf die Vorderseite umgeschaltet werden kann, so dass Sie sich in jeder Umgebung leicht einrahmen k\u00f6nnen.<br \/><strong>Automatische Zeitverschiebung<\/strong><br \/>Erstellen Sie einen automatischen Hyperlapse. Lassen Sie die App die Inhalte f\u00fcr Sie analysieren und w\u00e4hlen Sie aus, welche Sehensw\u00fcrdigkeiten oder Themen Sie mit Ihrer TimeShift-Funktion versehen m\u00f6chten.<br \/><strong>Nahtlose Verarbeitung und \u00dcbertragung<\/strong><br \/>Der von KI unterst\u00fctzte Arbeitsablauf macht die Bearbeitung schneller, reibungsloser und bequemer, sodass Sie das Material bearbeiten k\u00f6nnen, ohne es von Ihrer Kamera auf Ihr Mobiltelefon herunterladen zu m\u00fcssen. Wenn Sie fertig sind, k\u00f6nnen Sie das Material drahtlos \u00fcber Hochgeschwindigkeits-Wi-Fi \u00fcbertragen.<br \/><strong>MicroSD-Kartensteckplatz<\/strong><br \/>Speichern Sie Ihre Fotos in 12 MP und Videos in 4K-Aufl\u00f6sung. Unterst\u00fctzt microSD-Karten mit bis zu 256 GB (Speicherkarte separat erh\u00e4ltlich).<br \/><strong>Wiederaufladbare Batterie<\/strong><br \/>Bietet 60 Minuten ununterbrochene Aufnahmezeit.<br \/><strong>Bluetooth- und Wi-Fi-Konnektivit\u00e4t<\/strong><br \/>Genie\u00dfen Sie sofortige Fernaufnahmen und \u00e4ndern Sie die Aufnahmeeinstellungen, wo immer Sie sind.<br \/><strong>Micro-USB-Schnittstelle<\/strong><br \/>Bequemes Laden und \u00dcbertragen von Daten mit den mitgelieferten Lade- und Synchronisationskabeln.<\/p>","protected":false},"excerpt":{"rendered":"<ul>\n<li>Videoqualit\u00e4t: 4K Weitwinkel<\/li>\n<li>HDR-Modus<\/li>\n<li>100Mbps<\/li>\n<li>12 Megapixel<\/li>\n<li>Cinematische Slow-Mo-Funktion<\/li>\n<li>TimeShift-Funktion<\/li>\n<li>Bullet-Time-Funktion<\/li>\n<li>Hyperlapse-Funktion<\/li>\n<li>Anschluss: USB Micro-C<\/li>\n<li>Speicherplatz: microSD<\/li>\n<\/ul>","protected":false},"featured_media":6544,"template":"","meta":{"_acf_changed":false},"product_brand":[],"product_cat":[97,343],"product_tag":[],"class_list":{"0":"post-6545","1":"product","2":"type-product","3":"status-publish","4":"has-post-thumbnail","6":"product_cat-alle-producten","7":"product_cat-insta360","8":"product_shipping_class-outofstock","9":"pa_brand-insta360","10":"pa_productfamily-camera","11":"pa_producttype-camera","12":"pa_series-insta360-go","14":"first","15":"outofstock","16":"taxable","17":"shipping-taxable","18":"product-type-simple"},"acf":[],"yoast_head":"<!-- This site is optimized with the Yoast SEO Premium plugin v27.2 (Yoast SEO v27.2) - https:\/\/yoast.com\/product\/yoast-seo-premium-wordpress\/ -->\n<title>INSTA360 ONE R 4K Edition - koningdrone.be<\/title>\n<meta name=\"robots\" content=\"index, follow, max-snippet:-1, max-image-preview:large, max-video-preview:-1\" \/>\n<link rel=\"canonical\" href=\"https:\/\/koningdrone.be\/de\/produkt\/insta360-one-r-4k-edition\/\" \/>\n<meta property=\"og:locale\" content=\"de_DE\" \/>\n<meta property=\"og:type\" content=\"article\" \/>\n<meta property=\"og:title\" content=\"INSTA360 ONE R 4K Edition\" \/>\n<meta property=\"og:description\" content=\"Videokwaliteit: 4K Wide AngleHDR mode100Mbps12 megapixelsCinematic Slow-Mo functieTimeShift functieBullet Time functieHyperlapse functieAansluiting: USB Micro-CGeheugenopslag: microSD\" \/>\n<meta property=\"og:url\" content=\"https:\/\/koningdrone.be\/de\/produkt\/insta360-one-r-4k-edition\/\" \/>\n<meta property=\"og:site_name\" content=\"koningdrone.be\" \/>\n<meta property=\"article:modified_time\" content=\"2026-04-04T04:50:43+00:00\" \/>\n<meta property=\"og:image\" content=\"https:\/\/koningdrone.be\/wp-content\/uploads\/sites\/13\/2025\/04\/6970357851553.jpg\" \/>\n\t<meta property=\"og:image:width\" content=\"800\" \/>\n\t<meta property=\"og:image:height\" content=\"500\" \/>\n\t<meta property=\"og:image:type\" content=\"image\/jpeg\" \/>\n<meta name=\"twitter:card\" content=\"summary_large_image\" \/>\n<meta name=\"twitter:label1\" content=\"Gesch\u00e4tzte Lesezeit\" \/>\n\t<meta name=\"twitter:data1\" content=\"2\u00a0Minuten\" \/>\n<script type=\"application\/ld+json\" class=\"yoast-schema-graph\">{\"@context\":\"https:\/\/schema.org\",\"@graph\":[{\"@type\":\"WebPage\",\"@id\":\"https:\/\/koningdrone.be\/product\/insta360-one-r-4k-edition\/\",\"url\":\"https:\/\/koningdrone.be\/product\/insta360-one-r-4k-edition\/\",\"name\":\"INSTA360 ONE R 4K Edition - koningdrone.be\",\"isPartOf\":{\"@id\":\"https:\/\/koningdrone.be\/#website\"},\"primaryImageOfPage\":{\"@id\":\"https:\/\/koningdrone.be\/product\/insta360-one-r-4k-edition\/#primaryimage\"},\"image\":{\"@id\":\"https:\/\/koningdrone.be\/product\/insta360-one-r-4k-edition\/#primaryimage\"},\"thumbnailUrl\":\"https:\/\/koningdrone.be\/wp-content\/uploads\/sites\/13\/2025\/04\/6970357851553.jpg\",\"datePublished\":\"2021-10-03T07:50:22+00:00\",\"dateModified\":\"2026-04-04T04:50:43+00:00\",\"breadcrumb\":{\"@id\":\"https:\/\/koningdrone.be\/product\/insta360-one-r-4k-edition\/#breadcrumb\"},\"inLanguage\":\"de\",\"potentialAction\":[{\"@type\":\"ReadAction\",\"target\":[\"https:\/\/koningdrone.be\/product\/insta360-one-r-4k-edition\/\"]}]},{\"@type\":\"ImageObject\",\"inLanguage\":\"de\",\"@id\":\"https:\/\/koningdrone.be\/product\/insta360-one-r-4k-edition\/#primaryimage\",\"url\":\"https:\/\/koningdrone.be\/wp-content\/uploads\/sites\/13\/2025\/04\/6970357851553.jpg\",\"contentUrl\":\"https:\/\/koningdrone.be\/wp-content\/uploads\/sites\/13\/2025\/04\/6970357851553.jpg\",\"width\":800,\"height\":500},{\"@type\":\"BreadcrumbList\",\"@id\":\"https:\/\/koningdrone.be\/product\/insta360-one-r-4k-edition\/#breadcrumb\",\"itemListElement\":[{\"@type\":\"ListItem\",\"position\":1,\"name\":\"Home\",\"item\":\"https:\/\/koningdrone.be\/\"},{\"@type\":\"ListItem\",\"position\":2,\"name\":\"Winkel\",\"item\":\"https:\/\/koningdrone.be\/winkel\/\"},{\"@type\":\"ListItem\",\"position\":3,\"name\":\"Alle producten\",\"item\":\"https:\/\/koningdrone.be\/categorie\/alle-producten\/\"},{\"@type\":\"ListItem\",\"position\":4,\"name\":\"INSTA360 ONE R 4K Edition\"}]},{\"@type\":\"WebSite\",\"@id\":\"https:\/\/koningdrone.be\/#website\",\"url\":\"https:\/\/koningdrone.be\/\",\"name\":\"Koningdrone.be - Uw online specialist in drones, gimbals, camera's en power stations.\",\"description\":\"De webshop in drones en gimbals\",\"publisher\":{\"@id\":\"https:\/\/koningdrone.be\/#organization\"},\"potentialAction\":[{\"@type\":\"SearchAction\",\"target\":{\"@type\":\"EntryPoint\",\"urlTemplate\":\"https:\/\/koningdrone.be\/?s={search_term_string}\"},\"query-input\":{\"@type\":\"PropertyValueSpecification\",\"valueRequired\":true,\"valueName\":\"search_term_string\"}}],\"inLanguage\":\"de\"},{\"@type\":\"Organization\",\"@id\":\"https:\/\/koningdrone.be\/#organization\",\"name\":\"Koningdrone.be\",\"url\":\"https:\/\/koningdrone.be\/\",\"logo\":{\"@type\":\"ImageObject\",\"inLanguage\":\"de\",\"@id\":\"https:\/\/koningdrone.be\/#\/schema\/logo\/image\/\",\"url\":\"https:\/\/koningdrone.be\/wp-content\/uploads\/sites\/13\/2025\/04\/koningdrone-copyright-logo.svg\",\"contentUrl\":\"https:\/\/koningdrone.be\/wp-content\/uploads\/sites\/13\/2025\/04\/koningdrone-copyright-logo.svg\",\"width\":227,\"height\":38,\"caption\":\"Koningdrone.be\"},\"image\":{\"@id\":\"https:\/\/koningdrone.be\/#\/schema\/logo\/image\/\"}}]}<\/script>\n<!-- \/ Yoast SEO Premium plugin. -->","yoast_head_json":{"title":"INSTA360 ONE R 4K Edition - koningdrone.be","robots":{"index":"index","follow":"follow","max-snippet":"max-snippet:-1","max-image-preview":"max-image-preview:large","max-video-preview":"max-video-preview:-1"},"canonical":"https:\/\/koningdrone.be\/de\/produkt\/insta360-one-r-4k-edition\/","og_locale":"de_DE","og_type":"article","og_title":"INSTA360 ONE R 4K Edition","og_description":"Videokwaliteit: 4K Wide AngleHDR mode100Mbps12 megapixelsCinematic Slow-Mo functieTimeShift functieBullet Time functieHyperlapse functieAansluiting: USB Micro-CGeheugenopslag: microSD","og_url":"https:\/\/koningdrone.be\/de\/produkt\/insta360-one-r-4k-edition\/","og_site_name":"koningdrone.be","article_modified_time":"2026-04-04T04:50:43+00:00","og_image":[{"width":800,"height":500,"url":"https:\/\/koningdrone.be\/wp-content\/uploads\/sites\/13\/2025\/04\/6970357851553.jpg","type":"image\/jpeg"}],"twitter_card":"summary_large_image","twitter_misc":{"Gesch\u00e4tzte Lesezeit":"2\u00a0Minuten"},"schema":{"@context":"https:\/\/schema.org","@graph":[{"@type":"WebPage","@id":"https:\/\/koningdrone.be\/product\/insta360-one-r-4k-edition\/","url":"https:\/\/koningdrone.be\/product\/insta360-one-r-4k-edition\/","name":"INSTA360 ONE R 4K Edition - koningdrone.be","isPartOf":{"@id":"https:\/\/koningdrone.be\/#website"},"primaryImageOfPage":{"@id":"https:\/\/koningdrone.be\/product\/insta360-one-r-4k-edition\/#primaryimage"},"image":{"@id":"https:\/\/koningdrone.be\/product\/insta360-one-r-4k-edition\/#primaryimage"},"thumbnailUrl":"https:\/\/koningdrone.be\/wp-content\/uploads\/sites\/13\/2025\/04\/6970357851553.jpg","datePublished":"2021-10-03T07:50:22+00:00","dateModified":"2026-04-04T04:50:43+00:00","breadcrumb":{"@id":"https:\/\/koningdrone.be\/product\/insta360-one-r-4k-edition\/#breadcrumb"},"inLanguage":"de","potentialAction":[{"@type":"ReadAction","target":["https:\/\/koningdrone.be\/product\/insta360-one-r-4k-edition\/"]}]},{"@type":"ImageObject","inLanguage":"de","@id":"https:\/\/koningdrone.be\/product\/insta360-one-r-4k-edition\/#primaryimage","url":"https:\/\/koningdrone.be\/wp-content\/uploads\/sites\/13\/2025\/04\/6970357851553.jpg","contentUrl":"https:\/\/koningdrone.be\/wp-content\/uploads\/sites\/13\/2025\/04\/6970357851553.jpg","width":800,"height":500},{"@type":"BreadcrumbList","@id":"https:\/\/koningdrone.be\/product\/insta360-one-r-4k-edition\/#breadcrumb","itemListElement":[{"@type":"ListItem","position":1,"name":"Home","item":"https:\/\/koningdrone.be\/"},{"@type":"ListItem","position":2,"name":"Winkel","item":"https:\/\/koningdrone.be\/winkel\/"},{"@type":"ListItem","position":3,"name":"Alle producten","item":"https:\/\/koningdrone.be\/categorie\/alle-producten\/"},{"@type":"ListItem","position":4,"name":"INSTA360 ONE R 4K Edition"}]},{"@type":"WebSite","@id":"https:\/\/koningdrone.be\/#website","url":"https:\/\/koningdrone.be\/","name":"Koningdrone.be - Ihr Online-Spezialist f\u00fcr Drohnen, Gimbals, Kameras und Kraftwerke.","description":"Der Webshop f\u00fcr Drohnen und Gimbals","publisher":{"@id":"https:\/\/koningdrone.be\/#organization"},"potentialAction":[{"@type":"SearchAction","target":{"@type":"EntryPoint","urlTemplate":"https:\/\/koningdrone.be\/?s={search_term_string}"},"query-input":{"@type":"PropertyValueSpecification","valueRequired":true,"valueName":"search_term_string"}}],"inLanguage":"de"},{"@type":"Organization","@id":"https:\/\/koningdrone.be\/#organization","name":"Kingdrone.de","url":"https:\/\/koningdrone.be\/","logo":{"@type":"ImageObject","inLanguage":"de","@id":"https:\/\/koningdrone.be\/#\/schema\/logo\/image\/","url":"https:\/\/koningdrone.be\/wp-content\/uploads\/sites\/13\/2025\/04\/koningdrone-copyright-logo.svg","contentUrl":"https:\/\/koningdrone.be\/wp-content\/uploads\/sites\/13\/2025\/04\/koningdrone-copyright-logo.svg","width":227,"height":38,"caption":"Koningdrone.be"},"image":{"@id":"https:\/\/koningdrone.be\/#\/schema\/logo\/image\/"}}]}},"df_price":"","df_sale_price":"","df_regular_price":"","df_image_link":"https:\/\/koningdrone.be\/wp-content\/uploads\/sites\/13\/2025\/04\/6970357851553-300x188.jpg","_links":{"self":[{"href":"https:\/\/koningdrone.be\/de\/wp-json\/wp\/v2\/product\/6545","targetHints":{"allow":["GET"]}}],"collection":[{"href":"https:\/\/koningdrone.be\/de\/wp-json\/wp\/v2\/product"}],"about":[{"href":"https:\/\/koningdrone.be\/de\/wp-json\/wp\/v2\/types\/product"}],"wp:featuredmedia":[{"embeddable":true,"href":"https:\/\/koningdrone.be\/de\/wp-json\/wp\/v2\/media\/6544"}],"wp:attachment":[{"href":"https:\/\/koningdrone.be\/de\/wp-json\/wp\/v2\/media?parent=6545"}],"wp:term":[{"taxonomy":"product_brand","embeddable":true,"href":"https:\/\/koningdrone.be\/de\/wp-json\/wp\/v2\/product_brand?post=6545"},{"taxonomy":"product_cat","embeddable":true,"href":"https:\/\/koningdrone.be\/de\/wp-json\/wp\/v2\/product_cat?post=6545"},{"taxonomy":"product_tag","embeddable":true,"href":"https:\/\/koningdrone.be\/de\/wp-json\/wp\/v2\/product_tag?post=6545"}],"curies":[{"name":"wp","href":"https:\/\/api.w.org\/{rel}","templated":true}]}}