{"id":6510,"date":"2021-10-03T09:51:12","date_gmt":"2021-10-03T07:51:12","guid":{"rendered":"https:\/\/koningdrone.nl\/kon\/product\/dji-inspire-2-battery-p05\/"},"modified":"2026-04-29T15:20:50","modified_gmt":"2026-04-29T13:20:50","slug":"dji-inspire-2-battery-p05","status":"publish","type":"product","link":"https:\/\/koningdrone.be\/de\/produkt\/dji-inspire-2-battery-p05\/","title":{"rendered":"Inspire 2 TB50 Intelligenter Flug-Akku"},"content":{"rendered":"<p><strong>Produkt\u00fcbersicht: Fortschrittliches Batteriedesign f\u00fcr bessere Leistung<\/strong><\/p>\n<p> Sch\u00f6pfen Sie das volle Potenzial Ihrer Luftbild- und Videografie-Erfahrung mit unserem fortschrittlichen Akku aus, der speziell f\u00fcr die Inspire 2 Drohne entwickelt wurde. Verbessern Sie Ihre Flugsessions mit l\u00e4ngeren Flugzeiten: bis zu 25 Minuten* mit dem Zenmuse X5S und bis zu 27 Minuten* mit dem Zenmuse X4S. Bei diesem Akku geht es nicht nur um l\u00e4ngere Flugzeiten, er verk\u00f6rpert auch die neuesten Fortschritte in der Akkutechnologie mit einer hochdichten Zelle, die die Gesamtkapazit\u00e4t deutlich erh\u00f6ht.<\/p>\n<p><strong>Fortschrittliches Heizsystem f\u00fcr zuverl\u00e4ssige Leistung<\/strong><\/p>\n<p> Au\u00dferdem wissen wir, wie wichtig eine zuverl\u00e4ssige Leistung ist, insbesondere unter schwierigen Bedingungen. Unser Akku ist mit einem leistungsstarken, integrierten 70-W-Selbstheizungssystem ausgestattet, das auch bei niedrigen Temperaturen einen optimalen Betrieb gew\u00e4hrleistet. Dieses intelligente Heizsystem erw\u00e4rmt den Akku jede Minute um bis zu 5 \u00b0C und kann je nach Bedarf automatisch oder manuell aktiviert werden.<\/p>\n<p><strong>Integriertes Batteriemanagement f\u00fcr einfache Bedienung<\/strong><\/p>\n<p> Wir haben auch die \u00dcberwachung und Verwaltung des Akkustatus einfacher denn je gemacht. Die integrierte Managementeinheit \u00fcberwacht den Zustand des Akkus genau und gibt Ihnen \u00fcber die DJI GO App sofortigen Zugriff auf wichtige Informationen wie Akkustand und Temperatur.<\/p>\n<p><strong>Verbessertes Flugerlebnis<\/strong><\/p>\n<p> Mit diesen fortschrittlichen Funktionen verl\u00e4ngert unser Akku nicht nur Ihre Flugzeit, sondern verbessert auch Ihr Flugerlebnis, so dass Sie auch bei weniger idealen Flugbedingungen keine Angst haben m\u00fcssen.<\/p>\n<p><strong>Bitte beachten Sie, dass<\/strong><\/p>\n<p> *Hinweis: Die angegebene Akkulaufzeit basiert auf optimalen Flugszenarien und kann je nach Flugumgebung und -bedingungen variieren.<\/p>\n<p><\/p>","protected":false},"excerpt":{"rendered":"<ul>\n<li>Maximal 25 Minuten Flugzeit mit dem Zenmuse X5S<\/li>\n<li> 27 Minuten Flugzeit mit dem Zenmuse X4S<\/li>\n<li> Verbesserte Leistung mit hochdichten Batteriezellen<\/li>\n<li> Gr\u00f6\u00dfere Gesamtkapazit\u00e4t der Batterie<\/li>\n<li> Optimiert f\u00fcr niedrige Temperaturen mit einem 70-W-Selbstheizungssystem<\/li>\n<li> Die Selbsterhitzung kann automatisch oder manuell erfolgen<\/li>\n<li> Integrierte Batterie-Management-Einheit<\/li>\n<li> Echtzeit-\u00dcberwachung des Batteriestatus in DJI GO<\/li>\n<\/ul>","protected":false},"featured_media":6502,"template":"","meta":{"_acf_changed":false},"product_brand":[],"product_cat":[113,97,641,788],"product_tag":[],"class_list":{"0":"post-6510","1":"product","2":"type-product","3":"status-publish","4":"has-post-thumbnail","6":"product_cat-alle-batterijen","7":"product_cat-alle-producten","8":"product_cat-dji-inspire","9":"product_cat-dji-inspire-2","10":"product_shipping_class-outofstock","11":"pa_brand-dji","12":"pa_productfamily-extra-batterij","13":"pa_producttype-extra-batterij","14":"pa_series-inspire-2","16":"first","17":"outofstock","18":"taxable","19":"shipping-taxable","20":"purchasable","21":"product-type-simple"},"acf":[],"yoast_head":"<!-- This site is optimized with the Yoast SEO Premium plugin v27.2 (Yoast SEO v27.2) - https:\/\/yoast.com\/product\/yoast-seo-premium-wordpress\/ -->\n<title>Inspire 2 TB50 Intelligent Flight Battery - koningdrone.be<\/title>\n<meta name=\"robots\" content=\"index, follow, max-snippet:-1, max-image-preview:large, max-video-preview:-1\" \/>\n<link rel=\"canonical\" href=\"https:\/\/koningdrone.be\/de\/produkt\/dji-inspire-2-battery-p05\/\" \/>\n<meta property=\"og:locale\" content=\"de_DE\" \/>\n<meta property=\"og:type\" content=\"article\" \/>\n<meta property=\"og:title\" content=\"Inspire 2 TB50 Intelligent Flight Battery\" \/>\n<meta property=\"og:description\" content=\"Max. 25 minuten vliegtijd met Zenmuse X5S 27 minuten vliegtijd met Zenmuse X4S Verbeterde prestaties met batterijcellen met hoge dichtheid Grotere totale batterijcapaciteit Geoptimaliseerd voor lage temperaturen met een zelfverwarmingssysteem van 70 W Zelfverwarming kan automatisch of handmatig zijn Ge\u00efntegreerde batterijbeheereenheid Realtime monitoring van de batterijstatus in DJI GO\" \/>\n<meta property=\"og:url\" content=\"https:\/\/koningdrone.be\/de\/produkt\/dji-inspire-2-battery-p05\/\" \/>\n<meta property=\"og:site_name\" content=\"koningdrone.be\" \/>\n<meta property=\"article:modified_time\" content=\"2026-04-29T13:20:50+00:00\" \/>\n<meta property=\"og:image\" content=\"https:\/\/koningdrone.be\/wp-content\/uploads\/sites\/13\/2025\/04\/large_55076072-9894-400d-8de6-52039e2ed538.png\" \/>\n\t<meta property=\"og:image:width\" content=\"1200\" \/>\n\t<meta property=\"og:image:height\" content=\"800\" \/>\n\t<meta property=\"og:image:type\" content=\"image\/png\" \/>\n<meta name=\"twitter:card\" content=\"summary_large_image\" \/>\n<meta name=\"twitter:label1\" content=\"Gesch\u00e4tzte Lesezeit\" \/>\n\t<meta name=\"twitter:data1\" content=\"1\u00a0Minute\" \/>\n<script type=\"application\/ld+json\" class=\"yoast-schema-graph\">{\"@context\":\"https:\/\/schema.org\",\"@graph\":[{\"@type\":\"WebPage\",\"@id\":\"https:\/\/koningdrone.be\/product\/dji-inspire-2-battery-p05\/\",\"url\":\"https:\/\/koningdrone.be\/product\/dji-inspire-2-battery-p05\/\",\"name\":\"Inspire 2 TB50 Intelligent Flight Battery - koningdrone.be\",\"isPartOf\":{\"@id\":\"https:\/\/koningdrone.be\/#website\"},\"primaryImageOfPage\":{\"@id\":\"https:\/\/koningdrone.be\/product\/dji-inspire-2-battery-p05\/#primaryimage\"},\"image\":{\"@id\":\"https:\/\/koningdrone.be\/product\/dji-inspire-2-battery-p05\/#primaryimage\"},\"thumbnailUrl\":\"https:\/\/koningdrone.be\/wp-content\/uploads\/sites\/13\/2025\/04\/large_55076072-9894-400d-8de6-52039e2ed538.png\",\"datePublished\":\"2021-10-03T07:51:12+00:00\",\"dateModified\":\"2026-04-29T13:20:50+00:00\",\"breadcrumb\":{\"@id\":\"https:\/\/koningdrone.be\/product\/dji-inspire-2-battery-p05\/#breadcrumb\"},\"inLanguage\":\"de\",\"potentialAction\":[{\"@type\":\"ReadAction\",\"target\":[\"https:\/\/koningdrone.be\/product\/dji-inspire-2-battery-p05\/\"]}]},{\"@type\":\"ImageObject\",\"inLanguage\":\"de\",\"@id\":\"https:\/\/koningdrone.be\/product\/dji-inspire-2-battery-p05\/#primaryimage\",\"url\":\"https:\/\/koningdrone.be\/wp-content\/uploads\/sites\/13\/2025\/04\/large_55076072-9894-400d-8de6-52039e2ed538.png\",\"contentUrl\":\"https:\/\/koningdrone.be\/wp-content\/uploads\/sites\/13\/2025\/04\/large_55076072-9894-400d-8de6-52039e2ed538.png\",\"width\":1200,\"height\":800},{\"@type\":\"BreadcrumbList\",\"@id\":\"https:\/\/koningdrone.be\/product\/dji-inspire-2-battery-p05\/#breadcrumb\",\"itemListElement\":[{\"@type\":\"ListItem\",\"position\":1,\"name\":\"Home\",\"item\":\"https:\/\/koningdrone.be\/\"},{\"@type\":\"ListItem\",\"position\":2,\"name\":\"AVSS Parachute Recovery System for DJI Matrice 300\/350\",\"item\":\"https:\/\/koningdrone.be\/product\/avss-parachute-recovery-system-for-dji-matrice-300-350\/\"},{\"@type\":\"ListItem\",\"position\":3,\"name\":\"Alle batterijen\",\"item\":\"https:\/\/koningdrone.be\/categorie\/alle-batterijen\/\"},{\"@type\":\"ListItem\",\"position\":4,\"name\":\"Inspire 2 TB50 Intelligent Flight Battery\"}]},{\"@type\":\"WebSite\",\"@id\":\"https:\/\/koningdrone.be\/#website\",\"url\":\"https:\/\/koningdrone.be\/\",\"name\":\"Koningdrone.be - Uw online specialist in drones, gimbals, camera's en power stations.\",\"description\":\"De webshop in drones en gimbals\",\"publisher\":{\"@id\":\"https:\/\/koningdrone.be\/#organization\"},\"potentialAction\":[{\"@type\":\"SearchAction\",\"target\":{\"@type\":\"EntryPoint\",\"urlTemplate\":\"https:\/\/koningdrone.be\/?s={search_term_string}\"},\"query-input\":{\"@type\":\"PropertyValueSpecification\",\"valueRequired\":true,\"valueName\":\"search_term_string\"}}],\"inLanguage\":\"de\"},{\"@type\":\"Organization\",\"@id\":\"https:\/\/koningdrone.be\/#organization\",\"name\":\"Koningdrone.be\",\"url\":\"https:\/\/koningdrone.be\/\",\"logo\":{\"@type\":\"ImageObject\",\"inLanguage\":\"de\",\"@id\":\"https:\/\/koningdrone.be\/#\/schema\/logo\/image\/\",\"url\":\"https:\/\/koningdrone.be\/wp-content\/uploads\/sites\/13\/2025\/04\/koningdrone-copyright-logo.svg\",\"contentUrl\":\"https:\/\/koningdrone.be\/wp-content\/uploads\/sites\/13\/2025\/04\/koningdrone-copyright-logo.svg\",\"width\":227,\"height\":38,\"caption\":\"Koningdrone.be\"},\"image\":{\"@id\":\"https:\/\/koningdrone.be\/#\/schema\/logo\/image\/\"}}]}<\/script>\n<!-- \/ Yoast SEO Premium plugin. -->","yoast_head_json":{"title":"Inspire 2 TB50 Intelligent Flight Battery - koningdrone.be","robots":{"index":"index","follow":"follow","max-snippet":"max-snippet:-1","max-image-preview":"max-image-preview:large","max-video-preview":"max-video-preview:-1"},"canonical":"https:\/\/koningdrone.be\/de\/produkt\/dji-inspire-2-battery-p05\/","og_locale":"de_DE","og_type":"article","og_title":"Inspire 2 TB50 Intelligent Flight Battery","og_description":"Max. 25 minuten vliegtijd met Zenmuse X5S 27 minuten vliegtijd met Zenmuse X4S Verbeterde prestaties met batterijcellen met hoge dichtheid Grotere totale batterijcapaciteit Geoptimaliseerd voor lage temperaturen met een zelfverwarmingssysteem van 70 W Zelfverwarming kan automatisch of handmatig zijn Ge\u00efntegreerde batterijbeheereenheid Realtime monitoring van de batterijstatus in DJI GO","og_url":"https:\/\/koningdrone.be\/de\/produkt\/dji-inspire-2-battery-p05\/","og_site_name":"koningdrone.be","article_modified_time":"2026-04-29T13:20:50+00:00","og_image":[{"width":1200,"height":800,"url":"https:\/\/koningdrone.be\/wp-content\/uploads\/sites\/13\/2025\/04\/large_55076072-9894-400d-8de6-52039e2ed538.png","type":"image\/png"}],"twitter_card":"summary_large_image","twitter_misc":{"Gesch\u00e4tzte Lesezeit":"1\u00a0Minute"},"schema":{"@context":"https:\/\/schema.org","@graph":[{"@type":"WebPage","@id":"https:\/\/koningdrone.be\/product\/dji-inspire-2-battery-p05\/","url":"https:\/\/koningdrone.be\/product\/dji-inspire-2-battery-p05\/","name":"Inspire 2 TB50 Intelligent Flight Battery - koningdrone.be","isPartOf":{"@id":"https:\/\/koningdrone.be\/#website"},"primaryImageOfPage":{"@id":"https:\/\/koningdrone.be\/product\/dji-inspire-2-battery-p05\/#primaryimage"},"image":{"@id":"https:\/\/koningdrone.be\/product\/dji-inspire-2-battery-p05\/#primaryimage"},"thumbnailUrl":"https:\/\/koningdrone.be\/wp-content\/uploads\/sites\/13\/2025\/04\/large_55076072-9894-400d-8de6-52039e2ed538.png","datePublished":"2021-10-03T07:51:12+00:00","dateModified":"2026-04-29T13:20:50+00:00","breadcrumb":{"@id":"https:\/\/koningdrone.be\/product\/dji-inspire-2-battery-p05\/#breadcrumb"},"inLanguage":"de","potentialAction":[{"@type":"ReadAction","target":["https:\/\/koningdrone.be\/product\/dji-inspire-2-battery-p05\/"]}]},{"@type":"ImageObject","inLanguage":"de","@id":"https:\/\/koningdrone.be\/product\/dji-inspire-2-battery-p05\/#primaryimage","url":"https:\/\/koningdrone.be\/wp-content\/uploads\/sites\/13\/2025\/04\/large_55076072-9894-400d-8de6-52039e2ed538.png","contentUrl":"https:\/\/koningdrone.be\/wp-content\/uploads\/sites\/13\/2025\/04\/large_55076072-9894-400d-8de6-52039e2ed538.png","width":1200,"height":800},{"@type":"BreadcrumbList","@id":"https:\/\/koningdrone.be\/product\/dji-inspire-2-battery-p05\/#breadcrumb","itemListElement":[{"@type":"ListItem","position":1,"name":"Home","item":"https:\/\/koningdrone.be\/"},{"@type":"ListItem","position":2,"name":"AVSS Parachute Recovery System for DJI Matrice 300\/350","item":"https:\/\/koningdrone.be\/product\/avss-parachute-recovery-system-for-dji-matrice-300-350\/"},{"@type":"ListItem","position":3,"name":"Alle batterijen","item":"https:\/\/koningdrone.be\/categorie\/alle-batterijen\/"},{"@type":"ListItem","position":4,"name":"Inspire 2 TB50 Intelligent Flight Battery"}]},{"@type":"WebSite","@id":"https:\/\/koningdrone.be\/#website","url":"https:\/\/koningdrone.be\/","name":"Koningdrone.be - Ihr Online-Spezialist f\u00fcr Drohnen, Gimbals, Kameras und Kraftwerke.","description":"Der Webshop f\u00fcr Drohnen und Gimbals","publisher":{"@id":"https:\/\/koningdrone.be\/#organization"},"potentialAction":[{"@type":"SearchAction","target":{"@type":"EntryPoint","urlTemplate":"https:\/\/koningdrone.be\/?s={search_term_string}"},"query-input":{"@type":"PropertyValueSpecification","valueRequired":true,"valueName":"search_term_string"}}],"inLanguage":"de"},{"@type":"Organization","@id":"https:\/\/koningdrone.be\/#organization","name":"Kingdrone.de","url":"https:\/\/koningdrone.be\/","logo":{"@type":"ImageObject","inLanguage":"de","@id":"https:\/\/koningdrone.be\/#\/schema\/logo\/image\/","url":"https:\/\/koningdrone.be\/wp-content\/uploads\/sites\/13\/2025\/04\/koningdrone-copyright-logo.svg","contentUrl":"https:\/\/koningdrone.be\/wp-content\/uploads\/sites\/13\/2025\/04\/koningdrone-copyright-logo.svg","width":227,"height":38,"caption":"Koningdrone.be"},"image":{"@id":"https:\/\/koningdrone.be\/#\/schema\/logo\/image\/"}}]}},"df_price":199,"df_sale_price":"","df_regular_price":199,"df_image_link":"https:\/\/koningdrone.be\/wp-content\/uploads\/sites\/13\/2025\/04\/large_55076072-9894-400d-8de6-52039e2ed538-300x200.png","_links":{"self":[{"href":"https:\/\/koningdrone.be\/de\/wp-json\/wp\/v2\/product\/6510","targetHints":{"allow":["GET"]}}],"collection":[{"href":"https:\/\/koningdrone.be\/de\/wp-json\/wp\/v2\/product"}],"about":[{"href":"https:\/\/koningdrone.be\/de\/wp-json\/wp\/v2\/types\/product"}],"wp:featuredmedia":[{"embeddable":true,"href":"https:\/\/koningdrone.be\/de\/wp-json\/wp\/v2\/media\/6502"}],"wp:attachment":[{"href":"https:\/\/koningdrone.be\/de\/wp-json\/wp\/v2\/media?parent=6510"}],"wp:term":[{"taxonomy":"product_brand","embeddable":true,"href":"https:\/\/koningdrone.be\/de\/wp-json\/wp\/v2\/product_brand?post=6510"},{"taxonomy":"product_cat","embeddable":true,"href":"https:\/\/koningdrone.be\/de\/wp-json\/wp\/v2\/product_cat?post=6510"},{"taxonomy":"product_tag","embeddable":true,"href":"https:\/\/koningdrone.be\/de\/wp-json\/wp\/v2\/product_tag?post=6510"}],"curies":[{"name":"wp","href":"https:\/\/api.w.org\/{rel}","templated":true}]}}