{"id":6470,"date":"2021-10-03T09:52:31","date_gmt":"2021-10-03T07:52:31","guid":{"rendered":"https:\/\/koningdrone.nl\/kon\/product\/insta360-one-x2\/"},"modified":"2026-05-17T07:41:02","modified_gmt":"2026-05-17T05:41:02","slug":"insta360-one-x2","status":"publish","type":"product","link":"https:\/\/koningdrone.be\/de\/produkt\/insta360-one-x2\/","title":{"rendered":"INSTA360 ONE X2 Standardausf\u00fchrung (CINOSXX\/A)"},"content":{"rendered":"<h1>   Insta360 One X2 Standardausf\u00fchrung (CINOSXX\/A) <\/h1>\n<p>Insta360 One X2 360-Grad-Kamera<br \/>Insta360 ONE X2, eine Kamera im Taschenformat mit unzerbrechlicher Stabilisierung, 5,7K 360-Videos, IPX8-Wasserdichtigkeit, einem 360-Touchscreen und einer Reihe von KI-gesteuerten Bearbeitungsfunktionen.<br \/>\u00a0 <br \/>ONE X2 ist teils Kamera, teils Handlanger. Mit nur einem Ger\u00e4t k\u00f6nnen Sie jeden Winkel auf einmal einfangen und filmische Perspektiven freischalten, f\u00fcr die fr\u00fcher ein Kameramann oder eine Drohne erforderlich waren. Wenn Sie bereit f\u00fcr die Bearbeitung sind, helfen Ihnen die KI-gesteuerten Funktionen in der Insta360 App und der Desktop-Software, Ihre besten Aufnahmen mit nur wenigen Fingertipps zu finden und zu bearbeiten.<br \/>\u00a0 <br \/>Insta360 One X2 KameraInsta360 One X2<br \/>Das Team der Taschenkamera<br \/>Die Insta360 ONE X2 er\u00f6ffnet Ihnen eine Welt voller kreativer M\u00f6glichkeiten. Vier M\u00f6glichkeiten f\u00fcr 360-Grad-Aufnahmen, Steady Cam, InstaPano und MultiView ergeben zusammen ein Multi-Cam-Rig, das in Ihre Tasche passt.<br \/>\u00a0 <br \/>Mit 5,7K 360-Grad-Aufnahmen f\u00e4ngt die Kamera das Geschehen in jeder Richtung ein, sodass Sie w\u00e4hrend der Aufnahme nicht zielen m\u00fcssen. W\u00e4hlen Sie w\u00e4hrend der Bearbeitung einfach Ihren bevorzugten Winkel aus, oder lassen Sie die KI der ONE X2 das f\u00fcr Sie erledigen.<br \/>\u00a0 <br \/>Wenn Sie herk\u00f6mmliche flache Videos aufnehmen m\u00f6chten, gibt es den Steady Cam-Modus. In diesem Modus wird die gesamte Feuerkraft hinter einem der Objektive des ONE X2 eingesetzt, um ultrastabile Bilder im Ultrabreitbildformat aufzunehmen, die sofort geteilt werden k\u00f6nnen.<br \/>\u00a0 <br \/>InstaPano ist ein brandneuer Fotomodus f\u00fcr die Aufnahme von atemberaubenden Panoramen. Anstatt Ihre Kamera oder Ihr Telefon \u00fcber eine Szene zu bewegen und schlecht zusammengesetzte, unscharfe Panoramen zu erhalten, gen\u00fcgt ein Fingertipp und fertig.<br \/>\u00a0 <br \/>Und f\u00fcr Solo-Vlogger und Creators ist MultiView ein echter Knaller. Zeigen Sie zwei Blickwinkel mit unterschiedlichen Sichtfeldern gleichzeitig an und stellen Sie mit der Gesichtserkennung der App sicher, dass Sie immer im Bild sind.<br \/>\u00a0 <br \/>Stabil, was auch immer geschieht<br \/>Egal, ob Sie im 360\u00b0- oder Steady-Cam-Modus aufnehmen, die FlowState-Stabilisierung sorgt f\u00fcr gleichm\u00e4\u00dfige Aufnahmen. Die Algorithmen der ONE X2 zur Stabilisierung und Horizontnivellierung sind besser denn je und erm\u00f6glichen ultra-stabilisierte Aufnahmen mit nur einer Kamera im Taschenformat, ohne kardanische Aufh\u00e4ngung.<br \/>\u00a0 <br \/>Schrotschuss-Labor<br \/>Es gibt nichts Einfacheres als die Bearbeitung Ihrer Aufnahmen mit Shot Lab in der Insta360-App. Shot Lab enth\u00e4lt eine laufend aktualisierte Sammlung von One-Tap-Vorlagen mit den neuesten und besten 360-Bearbeitungstechniken. Alles, was Sie tun m\u00fcssen, ist die Bilder zu nehmen und Shot Lab wird sie in etwas Episches verwandeln.<br \/>\u00a0 <br \/>Vorlagen wie Dolly Zoom und Stop Motion machen filmische Effekte so einfach wie ein Tippen. Klonspur und Schattenklon-Vorlage klonen Ihren K\u00f6rper in Sekundenschnelle. Ghost Town nimmt Ihren 360-Grad-Zeitraffer auf und entfernt die Personen daraus, um ein unverf\u00e4lschtes Foto zu erstellen.<br \/>\u00a0 <br \/>Insta360 One X2Insta360 One X2<br \/>Jedes Thema verfolgen<br \/>W\u00e4hlen Sie Ihr Ziel durch Antippen oder einen Sprachbefehl w\u00e4hrend der Aufnahme aus. Gehen Sie dann zur App oder zum Studio, wo der aktualisierte Deep Track-Algorithmus Menschen, Tiere und andere sich bewegende Objekte verfolgen kann und Ihr Ziel unabh\u00e4ngig von Hindernissen in der Mitte h\u00e4lt.<br \/>Lassen Sie AI Ihren besten Blickwinkel w\u00e4hlen<br \/>Das Sch\u00f6ne an 360-Grad-Aufnahmen ist, dass Sie beim Fotografieren nicht auf Ihr Motiv zeigen m\u00fcssen. Es kann jedoch etwas schwierig sein, alle m\u00f6glichen Winkel in Reichweite zu haben, wenn Sie Ihre Aufnahmen teilen m\u00f6chten.<br \/>Auto Frame durchk\u00e4mmt jeden Zentimeter Ihrer 360\u00b0-Aufnahmen und rahmt Ihre Aufnahme neu ein, um die Highlights zu finden. Verbesserte Videoempfehlungen und ein neuer Fotoalgorithmus helfen Ihnen, innerhalb von Sekunden die perfekte Aufnahme zu finden.<br \/>Zeit und Raum kontrollieren<br \/>Die TimeShift-Hyperlapse-Funktion ist mit ONE X2 zur\u00fcck und steht jetzt sowohl f\u00fcr 360\u00b0- als auch f\u00fcr Steady-Cam-Aufnahmen zur Verf\u00fcgung. Passen Sie die Wiedergabegeschwindigkeit an, w\u00e4hrend Sie Ihre Aufnahme in eine beliebige Richtung verschieben, oder lassen Sie die KI dies f\u00fcr Sie tun.<br \/>F\u00fcgen Sie ein Standbild hinzu, um Ihr Video anzuhalten und den Blickwinkel auf den H\u00f6hepunkt des Geschehens zu verstellen. Es ist so einfach wie ein Tippen in den Geschwindigkeitseinstellungen Ihres Videos.<br \/>Wenig Licht, gut gemacht<br \/>Machen Sie mit nur einem Fingertipp nat\u00fcrliche Aufnahmen mit hohem Dynamikumfang. Der PureShot-Modus verbessert den Dynamikbereich Ihrer Fotos bei schlechten Lichtverh\u00e4ltnissen und reduziert gleichzeitig das Bildrauschen und bewahrt die Details.<br \/>Die Verbesserung der Bildqualit\u00e4t h\u00f6rt auch nicht auf, wenn Sie unter Wasser gehen. AquaVision gleicht die Farben automatisch aus und sorgt so f\u00fcr kristallklare Unterwasserbilder, die aussehen, als w\u00e4ren sie bei Tageslicht aufgenommen worden. Schalten Sie die Funktion einfach in der App ein - ein externer Filter oder eine weitere Bearbeitung sind nicht erforderlich.<br \/>Bessere Hardware, bessere Erfahrung<br \/>Die Insta360 ONE X2 beh\u00e4lt den handlichen Formfaktor der ONE X bei, baut aber durch eine Reihe von Hardware- und Leistungsverbesserungen auf deren St\u00e4rken auf.<br \/>Mit dem leistungsst\u00e4rkeren 1630-mAh-Akku k\u00f6nnen Sie 80 Minuten lang Aufnahmen machen, w\u00e4hrend Sie mit dem neuen ultrahellen, hochaufl\u00f6senden Touchscreen eine 360-Grad-Vorschau Ihrer Aufnahmen erhalten.<br \/>Die ONE X2 ist auch f\u00fcr das Wasser geeignet, denn sie ist nach IPX8 wasserdicht. Nehmen Sie sie ohne Geh\u00e4use bis zu 10 m Tiefe mit, oder verwenden Sie das Tauchgeh\u00e4use, um bis zu 45 m tief zu fotografieren, mit nahtlosen Unterwassern\u00e4hten.<br \/>Vier Mikrofone verst\u00e4rken Ihre Stimme, egal wie Sie die Kamera halten. Sie k\u00f6nnen Stereoton mit einem neuen intelligenten Algorithmus zur Windreduzierung aufnehmen oder Ambisonic f\u00fcr ein umfassendes Erlebnis.<br \/>Mit der Sprachsteuerung kannst du die Aufnahme steuern, wenn die ONE X2 gerade nicht in Reichweite ist. Du kannst sogar deine AirPods anschlie\u00dfen, um die Kamera zu steuern oder unterwegs Audio aufzunehmen.<br \/>360-Webcam und Live-Streaming. Bleiben Sie aus der Ferne mit Freunden, Familie und Kollegen in Verbindung. Verwenden Sie ONE X2 als Webcam, um eine Weitwinkel-Split-Screen-Ansicht auf Zoom und anderen beliebten Meeting-Plattformen zu erhalten. Oder gehen Sie mit der benutzerdefinierten RTMP-Funktion live in 360 Grad auf Facebook, Youtube oder einen anderen 360-Videokanal.<\/p>","protected":false},"excerpt":{"rendered":"<ul>\n<li>Videoaufl\u00f6sung: 360 | 5.7K @ 30fps<\/li>\n<li>Fotoaufl\u00f6sung: 360: 6080\u00d73040 (2:1)<\/li>\n<li>Akku-Kapazit\u00e4t: 1630mAh<\/li>\n<li>Laufzeit: 5.7K@30fps - 80 Minuten<\/li>\n<li>35 mm \u00e4quivalente Brennweite: 7,2 mm<\/li>\n<li>ISO: automatisch, 100-3200<\/li>\n<\/ul>","protected":false},"featured_media":6465,"template":"","meta":{"_acf_changed":false},"product_brand":[],"product_cat":[97,343],"product_tag":[],"class_list":{"0":"post-6470","1":"product","2":"type-product","3":"status-publish","4":"has-post-thumbnail","6":"product_cat-alle-producten","7":"product_cat-insta360","8":"product_shipping_class-outofstock","9":"pa_brand-insta360","10":"pa_series-insta360-go","12":"first","13":"outofstock","14":"taxable","15":"shipping-taxable","16":"product-type-simple"},"acf":[],"yoast_head":"<!-- This site is optimized with the Yoast SEO Premium plugin v27.2 (Yoast SEO v27.2) - https:\/\/yoast.com\/product\/yoast-seo-premium-wordpress\/ -->\n<title>INSTA360 ONE X2 Standard Edition (CINOSXX\/A) - koningdrone.be<\/title>\n<meta name=\"robots\" content=\"index, follow, max-snippet:-1, max-image-preview:large, max-video-preview:-1\" \/>\n<link rel=\"canonical\" href=\"https:\/\/koningdrone.be\/de\/produkt\/insta360-one-x2\/\" \/>\n<meta property=\"og:locale\" content=\"de_DE\" \/>\n<meta property=\"og:type\" content=\"article\" \/>\n<meta property=\"og:title\" content=\"INSTA360 ONE X2 Standard Edition (CINOSXX\/A)\" \/>\n<meta property=\"og:description\" content=\"Videoresolutie: 360 | 5.7K @ 30fpsFotoresolutie: 360: 6080x3040 (2:1)Batterijcapaciteit: 1630mAhLooptijd: 5,7K@30fps - 80 minuten35 mm equivalente brandpuntsafstand: 7,2 mmISO: automatisch, 100-3200\" \/>\n<meta property=\"og:url\" content=\"https:\/\/koningdrone.be\/de\/produkt\/insta360-one-x2\/\" \/>\n<meta property=\"og:site_name\" content=\"koningdrone.be\" \/>\n<meta property=\"article:modified_time\" content=\"2026-05-17T05:41:02+00:00\" \/>\n<meta property=\"og:image\" content=\"https:\/\/koningdrone.be\/wp-content\/uploads\/sites\/13\/2025\/04\/6970357851805-1.jpg\" \/>\n\t<meta property=\"og:image:width\" content=\"600\" \/>\n\t<meta property=\"og:image:height\" content=\"600\" \/>\n\t<meta property=\"og:image:type\" content=\"image\/jpeg\" \/>\n<meta name=\"twitter:card\" content=\"summary_large_image\" \/>\n<meta name=\"twitter:label1\" content=\"Gesch\u00e4tzte Lesezeit\" \/>\n\t<meta name=\"twitter:data1\" content=\"5\u00a0Minuten\" \/>\n<script type=\"application\/ld+json\" class=\"yoast-schema-graph\">{\"@context\":\"https:\/\/schema.org\",\"@graph\":[{\"@type\":\"WebPage\",\"@id\":\"https:\/\/koningdrone.be\/product\/insta360-one-x2\/\",\"url\":\"https:\/\/koningdrone.be\/product\/insta360-one-x2\/\",\"name\":\"INSTA360 ONE X2 Standard Edition (CINOSXX\/A) - koningdrone.be\",\"isPartOf\":{\"@id\":\"https:\/\/koningdrone.be\/#website\"},\"primaryImageOfPage\":{\"@id\":\"https:\/\/koningdrone.be\/product\/insta360-one-x2\/#primaryimage\"},\"image\":{\"@id\":\"https:\/\/koningdrone.be\/product\/insta360-one-x2\/#primaryimage\"},\"thumbnailUrl\":\"https:\/\/koningdrone.be\/wp-content\/uploads\/sites\/13\/2025\/04\/6970357851805-1.jpg\",\"datePublished\":\"2021-10-03T07:52:31+00:00\",\"dateModified\":\"2026-05-17T05:41:02+00:00\",\"breadcrumb\":{\"@id\":\"https:\/\/koningdrone.be\/product\/insta360-one-x2\/#breadcrumb\"},\"inLanguage\":\"de\",\"potentialAction\":[{\"@type\":\"ReadAction\",\"target\":[\"https:\/\/koningdrone.be\/product\/insta360-one-x2\/\"]}]},{\"@type\":\"ImageObject\",\"inLanguage\":\"de\",\"@id\":\"https:\/\/koningdrone.be\/product\/insta360-one-x2\/#primaryimage\",\"url\":\"https:\/\/koningdrone.be\/wp-content\/uploads\/sites\/13\/2025\/04\/6970357851805-1.jpg\",\"contentUrl\":\"https:\/\/koningdrone.be\/wp-content\/uploads\/sites\/13\/2025\/04\/6970357851805-1.jpg\",\"width\":600,\"height\":600},{\"@type\":\"BreadcrumbList\",\"@id\":\"https:\/\/koningdrone.be\/product\/insta360-one-x2\/#breadcrumb\",\"itemListElement\":[{\"@type\":\"ListItem\",\"position\":1,\"name\":\"Home\",\"item\":\"https:\/\/koningdrone.be\/\"},{\"@type\":\"ListItem\",\"position\":2,\"name\":\"AVSS Parachute Recovery System for DJI Matrice 300\/350\",\"item\":\"https:\/\/koningdrone.be\/product\/avss-parachute-recovery-system-for-dji-matrice-300-350\/\"},{\"@type\":\"ListItem\",\"position\":3,\"name\":\"Alle producten\",\"item\":\"https:\/\/koningdrone.be\/categorie\/alle-producten\/\"},{\"@type\":\"ListItem\",\"position\":4,\"name\":\"INSTA360 ONE X2 Standard Edition (CINOSXX\/A)\"}]},{\"@type\":\"WebSite\",\"@id\":\"https:\/\/koningdrone.be\/#website\",\"url\":\"https:\/\/koningdrone.be\/\",\"name\":\"Koningdrone.be - Uw online specialist in drones, gimbals, camera's en power stations.\",\"description\":\"De webshop in drones en gimbals\",\"publisher\":{\"@id\":\"https:\/\/koningdrone.be\/#organization\"},\"potentialAction\":[{\"@type\":\"SearchAction\",\"target\":{\"@type\":\"EntryPoint\",\"urlTemplate\":\"https:\/\/koningdrone.be\/?s={search_term_string}\"},\"query-input\":{\"@type\":\"PropertyValueSpecification\",\"valueRequired\":true,\"valueName\":\"search_term_string\"}}],\"inLanguage\":\"de\"},{\"@type\":\"Organization\",\"@id\":\"https:\/\/koningdrone.be\/#organization\",\"name\":\"Koningdrone.be\",\"url\":\"https:\/\/koningdrone.be\/\",\"logo\":{\"@type\":\"ImageObject\",\"inLanguage\":\"de\",\"@id\":\"https:\/\/koningdrone.be\/#\/schema\/logo\/image\/\",\"url\":\"https:\/\/koningdrone.be\/wp-content\/uploads\/sites\/13\/2025\/04\/koningdrone-copyright-logo.svg\",\"contentUrl\":\"https:\/\/koningdrone.be\/wp-content\/uploads\/sites\/13\/2025\/04\/koningdrone-copyright-logo.svg\",\"width\":227,\"height\":38,\"caption\":\"Koningdrone.be\"},\"image\":{\"@id\":\"https:\/\/koningdrone.be\/#\/schema\/logo\/image\/\"}}]}<\/script>\n<!-- \/ Yoast SEO Premium plugin. -->","yoast_head_json":{"title":"INSTA360 ONE X2 Standard Edition (CINOSXX\/A) - koningdrone.be","robots":{"index":"index","follow":"follow","max-snippet":"max-snippet:-1","max-image-preview":"max-image-preview:large","max-video-preview":"max-video-preview:-1"},"canonical":"https:\/\/koningdrone.be\/de\/produkt\/insta360-one-x2\/","og_locale":"de_DE","og_type":"article","og_title":"INSTA360 ONE X2 Standard Edition (CINOSXX\/A)","og_description":"Videoresolutie: 360 | 5.7K @ 30fpsFotoresolutie: 360: 6080x3040 (2:1)Batterijcapaciteit: 1630mAhLooptijd: 5,7K@30fps - 80 minuten35 mm equivalente brandpuntsafstand: 7,2 mmISO: automatisch, 100-3200","og_url":"https:\/\/koningdrone.be\/de\/produkt\/insta360-one-x2\/","og_site_name":"koningdrone.be","article_modified_time":"2026-05-17T05:41:02+00:00","og_image":[{"width":600,"height":600,"url":"https:\/\/koningdrone.be\/wp-content\/uploads\/sites\/13\/2025\/04\/6970357851805-1.jpg","type":"image\/jpeg"}],"twitter_card":"summary_large_image","twitter_misc":{"Gesch\u00e4tzte Lesezeit":"5\u00a0Minuten"},"schema":{"@context":"https:\/\/schema.org","@graph":[{"@type":"WebPage","@id":"https:\/\/koningdrone.be\/product\/insta360-one-x2\/","url":"https:\/\/koningdrone.be\/product\/insta360-one-x2\/","name":"INSTA360 ONE X2 Standard Edition (CINOSXX\/A) - koningdrone.be","isPartOf":{"@id":"https:\/\/koningdrone.be\/#website"},"primaryImageOfPage":{"@id":"https:\/\/koningdrone.be\/product\/insta360-one-x2\/#primaryimage"},"image":{"@id":"https:\/\/koningdrone.be\/product\/insta360-one-x2\/#primaryimage"},"thumbnailUrl":"https:\/\/koningdrone.be\/wp-content\/uploads\/sites\/13\/2025\/04\/6970357851805-1.jpg","datePublished":"2021-10-03T07:52:31+00:00","dateModified":"2026-05-17T05:41:02+00:00","breadcrumb":{"@id":"https:\/\/koningdrone.be\/product\/insta360-one-x2\/#breadcrumb"},"inLanguage":"de","potentialAction":[{"@type":"ReadAction","target":["https:\/\/koningdrone.be\/product\/insta360-one-x2\/"]}]},{"@type":"ImageObject","inLanguage":"de","@id":"https:\/\/koningdrone.be\/product\/insta360-one-x2\/#primaryimage","url":"https:\/\/koningdrone.be\/wp-content\/uploads\/sites\/13\/2025\/04\/6970357851805-1.jpg","contentUrl":"https:\/\/koningdrone.be\/wp-content\/uploads\/sites\/13\/2025\/04\/6970357851805-1.jpg","width":600,"height":600},{"@type":"BreadcrumbList","@id":"https:\/\/koningdrone.be\/product\/insta360-one-x2\/#breadcrumb","itemListElement":[{"@type":"ListItem","position":1,"name":"Home","item":"https:\/\/koningdrone.be\/"},{"@type":"ListItem","position":2,"name":"AVSS Parachute Recovery System for DJI Matrice 300\/350","item":"https:\/\/koningdrone.be\/product\/avss-parachute-recovery-system-for-dji-matrice-300-350\/"},{"@type":"ListItem","position":3,"name":"Alle producten","item":"https:\/\/koningdrone.be\/categorie\/alle-producten\/"},{"@type":"ListItem","position":4,"name":"INSTA360 ONE X2 Standard Edition (CINOSXX\/A)"}]},{"@type":"WebSite","@id":"https:\/\/koningdrone.be\/#website","url":"https:\/\/koningdrone.be\/","name":"Koningdrone.be - Ihr Online-Spezialist f\u00fcr Drohnen, Gimbals, Kameras und Kraftwerke.","description":"Der Webshop f\u00fcr Drohnen und Gimbals","publisher":{"@id":"https:\/\/koningdrone.be\/#organization"},"potentialAction":[{"@type":"SearchAction","target":{"@type":"EntryPoint","urlTemplate":"https:\/\/koningdrone.be\/?s={search_term_string}"},"query-input":{"@type":"PropertyValueSpecification","valueRequired":true,"valueName":"search_term_string"}}],"inLanguage":"de"},{"@type":"Organization","@id":"https:\/\/koningdrone.be\/#organization","name":"Kingdrone.de","url":"https:\/\/koningdrone.be\/","logo":{"@type":"ImageObject","inLanguage":"de","@id":"https:\/\/koningdrone.be\/#\/schema\/logo\/image\/","url":"https:\/\/koningdrone.be\/wp-content\/uploads\/sites\/13\/2025\/04\/koningdrone-copyright-logo.svg","contentUrl":"https:\/\/koningdrone.be\/wp-content\/uploads\/sites\/13\/2025\/04\/koningdrone-copyright-logo.svg","width":227,"height":38,"caption":"Koningdrone.be"},"image":{"@id":"https:\/\/koningdrone.be\/#\/schema\/logo\/image\/"}}]}},"df_price":"","df_sale_price":"","df_regular_price":"","df_image_link":"https:\/\/koningdrone.be\/wp-content\/uploads\/sites\/13\/2025\/04\/6970357851805-1-300x300.jpg","_links":{"self":[{"href":"https:\/\/koningdrone.be\/de\/wp-json\/wp\/v2\/product\/6470","targetHints":{"allow":["GET"]}}],"collection":[{"href":"https:\/\/koningdrone.be\/de\/wp-json\/wp\/v2\/product"}],"about":[{"href":"https:\/\/koningdrone.be\/de\/wp-json\/wp\/v2\/types\/product"}],"wp:featuredmedia":[{"embeddable":true,"href":"https:\/\/koningdrone.be\/de\/wp-json\/wp\/v2\/media\/6465"}],"wp:attachment":[{"href":"https:\/\/koningdrone.be\/de\/wp-json\/wp\/v2\/media?parent=6470"}],"wp:term":[{"taxonomy":"product_brand","embeddable":true,"href":"https:\/\/koningdrone.be\/de\/wp-json\/wp\/v2\/product_brand?post=6470"},{"taxonomy":"product_cat","embeddable":true,"href":"https:\/\/koningdrone.be\/de\/wp-json\/wp\/v2\/product_cat?post=6470"},{"taxonomy":"product_tag","embeddable":true,"href":"https:\/\/koningdrone.be\/de\/wp-json\/wp\/v2\/product_tag?post=6470"}],"curies":[{"name":"wp","href":"https:\/\/api.w.org\/{rel}","templated":true}]}}