{"id":6314,"date":"2021-10-03T09:58:25","date_gmt":"2021-10-03T07:58:25","guid":{"rendered":"https:\/\/koningdrone.nl\/kon\/product\/dji-ronin-s-control-block-for-tethering-p24\/"},"modified":"2026-04-29T15:30:46","modified_gmt":"2026-04-29T13:30:46","slug":"dji-ronin-s-control-block-for-tethering-p24","status":"publish","type":"product","link":"https:\/\/koningdrone.be\/de\/produkt\/dji-ronin-s-control-block-for-tethering-p24\/","title":{"rendered":"DJI Ronin-S Steuerblock f\u00fcr Tethering (P24)"},"content":{"rendered":"<h1>DJI Ronin-S Steuerblock f\u00fcr Tethering (P24)<\/h1>\n<p>Der Ronin-S Tethering-Steuerblock bietet einen Joystick, Steuertasten und eine Vielzahl von Anschl\u00fcssen. Der Steuerblock kann \u00fcber ein Kabel mit der Universalhalterung verbunden werden und erm\u00f6glicht die Fernsteuerung des Gimbals und der Kamerabewegungen. Benutzer k\u00f6nnen den Ronin-S zum Filmen an verschiedenen Plattformen, wie z. B. einem Auslegerarm, befestigen. Der mobile Steuerblock f\u00fcr Tethering vereinfacht die Bedienung in diesen Szenarien. Das Ronin-S-Fokusrad und die Steuereinheit k\u00f6nnen \u00fcber die 8-polige Schnittstelle mit dem Steuerblock verbunden werden.<br \/><strong>Technische Daten:<\/strong><br \/>Gewichtskontrollblock f\u00fcr die Anbindehaltung: 250 g<br \/>Gewicht Steuerkabel (5 m): 202 g<br \/>Kompatibilit\u00e4t: DJI Ronin-S<\/p>","protected":false},"excerpt":{"rendered":"<ul>\n<li>Bietet eine mobile und kosteng\u00fcnstige Aufnahmel\u00f6sung f\u00fcr den Ronin-S, wenn er an anderen Plattformen wie einem Fahrzeug, einem Ausleger oder einem Kamerakabelsystem befestigt ist.<\/li>\n<\/ul>","protected":false},"featured_media":6309,"template":"","meta":{"_acf_changed":false},"product_brand":[],"product_cat":[410,97,265,579],"product_tag":[],"class_list":{"0":"post-6314","1":"product","2":"type-product","3":"status-publish","4":"has-post-thumbnail","6":"product_cat-alle-handheld-gimbals","7":"product_cat-alle-producten","8":"product_cat-dji-ronin","9":"product_cat-dji-ronin-s","10":"product_shipping_class-outofstock","11":"pa_brand-dji","12":"pa_productfamily-controller","13":"pa_producttype-controller","14":"pa_series-ronin-s","16":"first","17":"outofstock","18":"taxable","19":"shipping-taxable","20":"purchasable","21":"product-type-simple"},"acf":[],"yoast_head":"<!-- This site is optimized with the Yoast SEO Premium plugin v27.2 (Yoast SEO v27.2) - https:\/\/yoast.com\/product\/yoast-seo-premium-wordpress\/ -->\n<title>DJI Ronin-S control block for tethering (P24) - koningdrone.be<\/title>\n<meta name=\"robots\" content=\"index, follow, max-snippet:-1, max-image-preview:large, max-video-preview:-1\" \/>\n<link rel=\"canonical\" href=\"https:\/\/koningdrone.be\/de\/produkt\/dji-ronin-s-control-block-for-tethering-p24\/\" \/>\n<meta property=\"og:locale\" content=\"de_DE\" \/>\n<meta property=\"og:type\" content=\"article\" \/>\n<meta property=\"og:title\" content=\"DJI Ronin-S control block for tethering (P24)\" \/>\n<meta property=\"og:description\" content=\"Biedt een mobiele en kosteneffectieve opname-oplossing voor de Ronin-S wanneer deze is bevestigd aan andere platforms zoals een voertuig, jib-boom of camera-kabelbaansysteem.\" \/>\n<meta property=\"og:url\" content=\"https:\/\/koningdrone.be\/de\/produkt\/dji-ronin-s-control-block-for-tethering-p24\/\" \/>\n<meta property=\"og:site_name\" content=\"koningdrone.be\" \/>\n<meta property=\"article:modified_time\" content=\"2026-04-29T13:30:46+00:00\" \/>\n<meta property=\"og:image\" content=\"https:\/\/koningdrone.be\/wp-content\/uploads\/sites\/13\/2025\/04\/6958265188756-1.jpg\" \/>\n\t<meta property=\"og:image:width\" content=\"800\" \/>\n\t<meta property=\"og:image:height\" content=\"500\" \/>\n\t<meta property=\"og:image:type\" content=\"image\/jpeg\" \/>\n<meta name=\"twitter:card\" content=\"summary_large_image\" \/>\n<script type=\"application\/ld+json\" class=\"yoast-schema-graph\">{\"@context\":\"https:\/\/schema.org\",\"@graph\":[{\"@type\":\"WebPage\",\"@id\":\"https:\/\/koningdrone.be\/product\/dji-ronin-s-control-block-for-tethering-p24\/\",\"url\":\"https:\/\/koningdrone.be\/product\/dji-ronin-s-control-block-for-tethering-p24\/\",\"name\":\"DJI Ronin-S control block for tethering (P24) - koningdrone.be\",\"isPartOf\":{\"@id\":\"https:\/\/koningdrone.be\/#website\"},\"primaryImageOfPage\":{\"@id\":\"https:\/\/koningdrone.be\/product\/dji-ronin-s-control-block-for-tethering-p24\/#primaryimage\"},\"image\":{\"@id\":\"https:\/\/koningdrone.be\/product\/dji-ronin-s-control-block-for-tethering-p24\/#primaryimage\"},\"thumbnailUrl\":\"https:\/\/koningdrone.be\/wp-content\/uploads\/sites\/13\/2025\/04\/6958265188756-1.jpg\",\"datePublished\":\"2021-10-03T07:58:25+00:00\",\"dateModified\":\"2026-04-29T13:30:46+00:00\",\"breadcrumb\":{\"@id\":\"https:\/\/koningdrone.be\/product\/dji-ronin-s-control-block-for-tethering-p24\/#breadcrumb\"},\"inLanguage\":\"de\",\"potentialAction\":[{\"@type\":\"ReadAction\",\"target\":[\"https:\/\/koningdrone.be\/product\/dji-ronin-s-control-block-for-tethering-p24\/\"]}]},{\"@type\":\"ImageObject\",\"inLanguage\":\"de\",\"@id\":\"https:\/\/koningdrone.be\/product\/dji-ronin-s-control-block-for-tethering-p24\/#primaryimage\",\"url\":\"https:\/\/koningdrone.be\/wp-content\/uploads\/sites\/13\/2025\/04\/6958265188756-1.jpg\",\"contentUrl\":\"https:\/\/koningdrone.be\/wp-content\/uploads\/sites\/13\/2025\/04\/6958265188756-1.jpg\",\"width\":800,\"height\":500},{\"@type\":\"BreadcrumbList\",\"@id\":\"https:\/\/koningdrone.be\/product\/dji-ronin-s-control-block-for-tethering-p24\/#breadcrumb\",\"itemListElement\":[{\"@type\":\"ListItem\",\"position\":1,\"name\":\"Home\",\"item\":\"https:\/\/koningdrone.be\/\"},{\"@type\":\"ListItem\",\"position\":2,\"name\":\"AVSS Parachute Recovery System for DJI Matrice 300\/350\",\"item\":\"https:\/\/koningdrone.be\/product\/avss-parachute-recovery-system-for-dji-matrice-300-350\/\"},{\"@type\":\"ListItem\",\"position\":3,\"name\":\"Alle handheld gimbals\",\"item\":\"https:\/\/koningdrone.be\/categorie\/alle-handheld-gimbals\/\"},{\"@type\":\"ListItem\",\"position\":4,\"name\":\"DJI Ronin-S control block for tethering (P24)\"}]},{\"@type\":\"WebSite\",\"@id\":\"https:\/\/koningdrone.be\/#website\",\"url\":\"https:\/\/koningdrone.be\/\",\"name\":\"Koningdrone.be - Uw online specialist in drones, gimbals, camera's en power stations.\",\"description\":\"De webshop in drones en gimbals\",\"publisher\":{\"@id\":\"https:\/\/koningdrone.be\/#organization\"},\"potentialAction\":[{\"@type\":\"SearchAction\",\"target\":{\"@type\":\"EntryPoint\",\"urlTemplate\":\"https:\/\/koningdrone.be\/?s={search_term_string}\"},\"query-input\":{\"@type\":\"PropertyValueSpecification\",\"valueRequired\":true,\"valueName\":\"search_term_string\"}}],\"inLanguage\":\"de\"},{\"@type\":\"Organization\",\"@id\":\"https:\/\/koningdrone.be\/#organization\",\"name\":\"Koningdrone.be\",\"url\":\"https:\/\/koningdrone.be\/\",\"logo\":{\"@type\":\"ImageObject\",\"inLanguage\":\"de\",\"@id\":\"https:\/\/koningdrone.be\/#\/schema\/logo\/image\/\",\"url\":\"https:\/\/koningdrone.be\/wp-content\/uploads\/sites\/13\/2025\/04\/koningdrone-copyright-logo.svg\",\"contentUrl\":\"https:\/\/koningdrone.be\/wp-content\/uploads\/sites\/13\/2025\/04\/koningdrone-copyright-logo.svg\",\"width\":227,\"height\":38,\"caption\":\"Koningdrone.be\"},\"image\":{\"@id\":\"https:\/\/koningdrone.be\/#\/schema\/logo\/image\/\"}}]}<\/script>\n<!-- \/ Yoast SEO Premium plugin. -->","yoast_head_json":{"title":"DJI Ronin-S control block for tethering (P24) - koningdrone.be","robots":{"index":"index","follow":"follow","max-snippet":"max-snippet:-1","max-image-preview":"max-image-preview:large","max-video-preview":"max-video-preview:-1"},"canonical":"https:\/\/koningdrone.be\/de\/produkt\/dji-ronin-s-control-block-for-tethering-p24\/","og_locale":"de_DE","og_type":"article","og_title":"DJI Ronin-S control block for tethering (P24)","og_description":"Biedt een mobiele en kosteneffectieve opname-oplossing voor de Ronin-S wanneer deze is bevestigd aan andere platforms zoals een voertuig, jib-boom of camera-kabelbaansysteem.","og_url":"https:\/\/koningdrone.be\/de\/produkt\/dji-ronin-s-control-block-for-tethering-p24\/","og_site_name":"koningdrone.be","article_modified_time":"2026-04-29T13:30:46+00:00","og_image":[{"width":800,"height":500,"url":"https:\/\/koningdrone.be\/wp-content\/uploads\/sites\/13\/2025\/04\/6958265188756-1.jpg","type":"image\/jpeg"}],"twitter_card":"summary_large_image","schema":{"@context":"https:\/\/schema.org","@graph":[{"@type":"WebPage","@id":"https:\/\/koningdrone.be\/product\/dji-ronin-s-control-block-for-tethering-p24\/","url":"https:\/\/koningdrone.be\/product\/dji-ronin-s-control-block-for-tethering-p24\/","name":"DJI Ronin-S control block for tethering (P24) - koningdrone.be","isPartOf":{"@id":"https:\/\/koningdrone.be\/#website"},"primaryImageOfPage":{"@id":"https:\/\/koningdrone.be\/product\/dji-ronin-s-control-block-for-tethering-p24\/#primaryimage"},"image":{"@id":"https:\/\/koningdrone.be\/product\/dji-ronin-s-control-block-for-tethering-p24\/#primaryimage"},"thumbnailUrl":"https:\/\/koningdrone.be\/wp-content\/uploads\/sites\/13\/2025\/04\/6958265188756-1.jpg","datePublished":"2021-10-03T07:58:25+00:00","dateModified":"2026-04-29T13:30:46+00:00","breadcrumb":{"@id":"https:\/\/koningdrone.be\/product\/dji-ronin-s-control-block-for-tethering-p24\/#breadcrumb"},"inLanguage":"de","potentialAction":[{"@type":"ReadAction","target":["https:\/\/koningdrone.be\/product\/dji-ronin-s-control-block-for-tethering-p24\/"]}]},{"@type":"ImageObject","inLanguage":"de","@id":"https:\/\/koningdrone.be\/product\/dji-ronin-s-control-block-for-tethering-p24\/#primaryimage","url":"https:\/\/koningdrone.be\/wp-content\/uploads\/sites\/13\/2025\/04\/6958265188756-1.jpg","contentUrl":"https:\/\/koningdrone.be\/wp-content\/uploads\/sites\/13\/2025\/04\/6958265188756-1.jpg","width":800,"height":500},{"@type":"BreadcrumbList","@id":"https:\/\/koningdrone.be\/product\/dji-ronin-s-control-block-for-tethering-p24\/#breadcrumb","itemListElement":[{"@type":"ListItem","position":1,"name":"Home","item":"https:\/\/koningdrone.be\/"},{"@type":"ListItem","position":2,"name":"AVSS Parachute Recovery System for DJI Matrice 300\/350","item":"https:\/\/koningdrone.be\/product\/avss-parachute-recovery-system-for-dji-matrice-300-350\/"},{"@type":"ListItem","position":3,"name":"Alle handheld gimbals","item":"https:\/\/koningdrone.be\/categorie\/alle-handheld-gimbals\/"},{"@type":"ListItem","position":4,"name":"DJI Ronin-S control block for tethering (P24)"}]},{"@type":"WebSite","@id":"https:\/\/koningdrone.be\/#website","url":"https:\/\/koningdrone.be\/","name":"Koningdrone.be - Ihr Online-Spezialist f\u00fcr Drohnen, Gimbals, Kameras und Kraftwerke.","description":"Der Webshop f\u00fcr Drohnen und Gimbals","publisher":{"@id":"https:\/\/koningdrone.be\/#organization"},"potentialAction":[{"@type":"SearchAction","target":{"@type":"EntryPoint","urlTemplate":"https:\/\/koningdrone.be\/?s={search_term_string}"},"query-input":{"@type":"PropertyValueSpecification","valueRequired":true,"valueName":"search_term_string"}}],"inLanguage":"de"},{"@type":"Organization","@id":"https:\/\/koningdrone.be\/#organization","name":"Kingdrone.de","url":"https:\/\/koningdrone.be\/","logo":{"@type":"ImageObject","inLanguage":"de","@id":"https:\/\/koningdrone.be\/#\/schema\/logo\/image\/","url":"https:\/\/koningdrone.be\/wp-content\/uploads\/sites\/13\/2025\/04\/koningdrone-copyright-logo.svg","contentUrl":"https:\/\/koningdrone.be\/wp-content\/uploads\/sites\/13\/2025\/04\/koningdrone-copyright-logo.svg","width":227,"height":38,"caption":"Koningdrone.be"},"image":{"@id":"https:\/\/koningdrone.be\/#\/schema\/logo\/image\/"}}]}},"df_price":249.01,"df_sale_price":"","df_regular_price":249.01,"df_image_link":"https:\/\/koningdrone.be\/wp-content\/uploads\/sites\/13\/2025\/04\/6958265188756-1-300x188.jpg","_links":{"self":[{"href":"https:\/\/koningdrone.be\/de\/wp-json\/wp\/v2\/product\/6314","targetHints":{"allow":["GET"]}}],"collection":[{"href":"https:\/\/koningdrone.be\/de\/wp-json\/wp\/v2\/product"}],"about":[{"href":"https:\/\/koningdrone.be\/de\/wp-json\/wp\/v2\/types\/product"}],"wp:featuredmedia":[{"embeddable":true,"href":"https:\/\/koningdrone.be\/de\/wp-json\/wp\/v2\/media\/6309"}],"wp:attachment":[{"href":"https:\/\/koningdrone.be\/de\/wp-json\/wp\/v2\/media?parent=6314"}],"wp:term":[{"taxonomy":"product_brand","embeddable":true,"href":"https:\/\/koningdrone.be\/de\/wp-json\/wp\/v2\/product_brand?post=6314"},{"taxonomy":"product_cat","embeddable":true,"href":"https:\/\/koningdrone.be\/de\/wp-json\/wp\/v2\/product_cat?post=6314"},{"taxonomy":"product_tag","embeddable":true,"href":"https:\/\/koningdrone.be\/de\/wp-json\/wp\/v2\/product_tag?post=6314"}],"curies":[{"name":"wp","href":"https:\/\/api.w.org\/{rel}","templated":true}]}}