{"id":6300,"date":"2021-10-03T09:59:09","date_gmt":"2021-10-03T07:59:09","guid":{"rendered":"https:\/\/koningdrone.nl\/kon\/product\/dji-pocket-2-care-refresh-2-years\/"},"modified":"2026-04-29T10:30:14","modified_gmt":"2026-04-29T08:30:14","slug":"dji-pocket-2-care-refresh-2-years","status":"publish","type":"product","link":"https:\/\/koningdrone.be\/de\/produkt\/dji-pocket-2-care-refresh-2-years\/","title":{"rendered":"DJI Pocket 2 Care Refresh (2 Jahre)"},"content":{"rendered":"<h1>DJI Pocket 2 Care Refresh (2 Jahre)<\/h1>\n<p>Bietet drei Ersatzeinheiten f\u00fcr einen geringen Aufpreis innerhalb eines Jahres und deckt eine Vielzahl von Unf\u00e4llen ab, was Ihnen mehr Sicherheit gibt.<br \/>Drei Ersatzeinheiten:<br \/>Gegen einen geringen Aufpreis bietet DJI Care Refresh bis zu drei Ersatzger\u00e4te innerhalb von zwei Jahren an. Alle Ersatzger\u00e4te erf\u00fcllen die Leistungs- und Zuverl\u00e4ssigkeitsstandards von DJI.<br \/>DJI Care Refresh und das zugeh\u00f6rige Produkt m\u00fcssen im selben Land oder in derselben Region erworben werden. DJI Care Refresh unterst\u00fctzt nur Produkte, die \u00fcber offizielle oder autorisierte Kan\u00e4le erworben wurden, und die Leistungen gelten nur in der Region, in der das Produkt erworben wurde.<br \/>Jedes Mal, wenn Sie ein Ersatzger\u00e4t anfordern, erhalten Sie ein neues oder in Bezug auf Leistung und Zuverl\u00e4ssigkeit gleichwertiges Ersatzger\u00e4t.<br \/>Hinweis: DJI Care Refresh kann nur mit neu gekauften Ger\u00e4ten oder innerhalb von 48 Stunden nach dem ersten Einschalten erworben\/aktiviert werden.<\/p>","protected":false},"excerpt":{"rendered":"<ul>\n<li>Bietet drei Ersatzger\u00e4te f\u00fcr einen geringen Aufpreis innerhalb von zwei Jahren<\/li>\n<li>Deckt ein breites Spektrum von Unf\u00e4llen ab und gibt Ihnen mehr Sicherheit<\/li>\n<\/ul>","protected":false},"featured_media":6299,"template":"","meta":{"_acf_changed":false},"product_brand":[],"product_cat":[175,97,297,804],"product_tag":[],"class_list":{"0":"post-6300","1":"product","2":"type-product","3":"status-publish","4":"has-post-thumbnail","6":"product_cat-alle-care-refresh","7":"product_cat-alle-producten","8":"product_cat-dji-osmo","9":"product_cat-dji-pocket-2","10":"product_shipping_class-outofstock","11":"pa_brand-dji","12":"pa_productfamily-care-refresh","13":"pa_producttype-care-refresh","14":"pa_series-pocket2","16":"first","17":"outofstock","18":"taxable","19":"shipping-taxable","20":"product-type-simple"},"acf":[],"yoast_head":"<!-- This site is optimized with the Yoast SEO Premium plugin v27.2 (Yoast SEO v27.2) - https:\/\/yoast.com\/product\/yoast-seo-premium-wordpress\/ -->\n<title>DJI Pocket 2 Care Refresh (2 years) - koningdrone.be<\/title>\n<meta name=\"robots\" content=\"index, follow, max-snippet:-1, max-image-preview:large, max-video-preview:-1\" \/>\n<link rel=\"canonical\" href=\"https:\/\/koningdrone.be\/de\/produkt\/dji-pocket-2-care-refresh-2-years\/\" \/>\n<meta property=\"og:locale\" content=\"de_DE\" \/>\n<meta property=\"og:type\" content=\"article\" \/>\n<meta property=\"og:title\" content=\"DJI Pocket 2 Care Refresh (2 years)\" \/>\n<meta property=\"og:description\" content=\"Biedt drie vervangende eenheden voor een kleine meerprijs in twee jaarDekt een breed scala aan ongevallen, waardoor u meer gemoedsrust hebt\" \/>\n<meta property=\"og:url\" content=\"https:\/\/koningdrone.be\/de\/produkt\/dji-pocket-2-care-refresh-2-years\/\" \/>\n<meta property=\"og:site_name\" content=\"koningdrone.be\" \/>\n<meta property=\"article:modified_time\" content=\"2026-04-29T08:30:14+00:00\" \/>\n<meta property=\"og:image\" content=\"https:\/\/koningdrone.be\/wp-content\/uploads\/sites\/13\/2025\/04\/6941565904393.jpg\" \/>\n\t<meta property=\"og:image:width\" content=\"800\" \/>\n\t<meta property=\"og:image:height\" content=\"800\" \/>\n\t<meta property=\"og:image:type\" content=\"image\/jpeg\" \/>\n<meta name=\"twitter:card\" content=\"summary_large_image\" \/>\n<meta name=\"twitter:label1\" content=\"Gesch\u00e4tzte Lesezeit\" \/>\n\t<meta name=\"twitter:data1\" content=\"1\u00a0Minute\" \/>\n<script type=\"application\/ld+json\" class=\"yoast-schema-graph\">{\"@context\":\"https:\/\/schema.org\",\"@graph\":[{\"@type\":\"WebPage\",\"@id\":\"https:\/\/koningdrone.be\/product\/dji-pocket-2-care-refresh-2-years\/\",\"url\":\"https:\/\/koningdrone.be\/product\/dji-pocket-2-care-refresh-2-years\/\",\"name\":\"DJI Pocket 2 Care Refresh (2 years) - koningdrone.be\",\"isPartOf\":{\"@id\":\"https:\/\/koningdrone.be\/#website\"},\"primaryImageOfPage\":{\"@id\":\"https:\/\/koningdrone.be\/product\/dji-pocket-2-care-refresh-2-years\/#primaryimage\"},\"image\":{\"@id\":\"https:\/\/koningdrone.be\/product\/dji-pocket-2-care-refresh-2-years\/#primaryimage\"},\"thumbnailUrl\":\"https:\/\/koningdrone.be\/wp-content\/uploads\/sites\/13\/2025\/04\/6941565904393.jpg\",\"datePublished\":\"2021-10-03T07:59:09+00:00\",\"dateModified\":\"2026-04-29T08:30:14+00:00\",\"breadcrumb\":{\"@id\":\"https:\/\/koningdrone.be\/product\/dji-pocket-2-care-refresh-2-years\/#breadcrumb\"},\"inLanguage\":\"de\",\"potentialAction\":[{\"@type\":\"ReadAction\",\"target\":[\"https:\/\/koningdrone.be\/product\/dji-pocket-2-care-refresh-2-years\/\"]}]},{\"@type\":\"ImageObject\",\"inLanguage\":\"de\",\"@id\":\"https:\/\/koningdrone.be\/product\/dji-pocket-2-care-refresh-2-years\/#primaryimage\",\"url\":\"https:\/\/koningdrone.be\/wp-content\/uploads\/sites\/13\/2025\/04\/6941565904393.jpg\",\"contentUrl\":\"https:\/\/koningdrone.be\/wp-content\/uploads\/sites\/13\/2025\/04\/6941565904393.jpg\",\"width\":800,\"height\":800},{\"@type\":\"BreadcrumbList\",\"@id\":\"https:\/\/koningdrone.be\/product\/dji-pocket-2-care-refresh-2-years\/#breadcrumb\",\"itemListElement\":[{\"@type\":\"ListItem\",\"position\":1,\"name\":\"Home\",\"item\":\"https:\/\/koningdrone.be\/\"},{\"@type\":\"ListItem\",\"position\":2,\"name\":\"AVSS Parachute Recovery System for DJI Matrice 300\/350\",\"item\":\"https:\/\/koningdrone.be\/product\/avss-parachute-recovery-system-for-dji-matrice-300-350\/\"},{\"@type\":\"ListItem\",\"position\":3,\"name\":\"Alle care refresh\",\"item\":\"https:\/\/koningdrone.be\/categorie\/alle-care-refresh\/\"},{\"@type\":\"ListItem\",\"position\":4,\"name\":\"DJI Pocket 2 Care Refresh (2 years)\"}]},{\"@type\":\"WebSite\",\"@id\":\"https:\/\/koningdrone.be\/#website\",\"url\":\"https:\/\/koningdrone.be\/\",\"name\":\"Koningdrone.be - Uw online specialist in drones, gimbals, camera's en power stations.\",\"description\":\"De webshop in drones en gimbals\",\"publisher\":{\"@id\":\"https:\/\/koningdrone.be\/#organization\"},\"potentialAction\":[{\"@type\":\"SearchAction\",\"target\":{\"@type\":\"EntryPoint\",\"urlTemplate\":\"https:\/\/koningdrone.be\/?s={search_term_string}\"},\"query-input\":{\"@type\":\"PropertyValueSpecification\",\"valueRequired\":true,\"valueName\":\"search_term_string\"}}],\"inLanguage\":\"de\"},{\"@type\":\"Organization\",\"@id\":\"https:\/\/koningdrone.be\/#organization\",\"name\":\"Koningdrone.be\",\"url\":\"https:\/\/koningdrone.be\/\",\"logo\":{\"@type\":\"ImageObject\",\"inLanguage\":\"de\",\"@id\":\"https:\/\/koningdrone.be\/#\/schema\/logo\/image\/\",\"url\":\"https:\/\/koningdrone.be\/wp-content\/uploads\/sites\/13\/2025\/04\/koningdrone-copyright-logo.svg\",\"contentUrl\":\"https:\/\/koningdrone.be\/wp-content\/uploads\/sites\/13\/2025\/04\/koningdrone-copyright-logo.svg\",\"width\":227,\"height\":38,\"caption\":\"Koningdrone.be\"},\"image\":{\"@id\":\"https:\/\/koningdrone.be\/#\/schema\/logo\/image\/\"}}]}<\/script>\n<!-- \/ Yoast SEO Premium plugin. -->","yoast_head_json":{"title":"DJI Pocket 2 Care Refresh (2 years) - koningdrone.be","robots":{"index":"index","follow":"follow","max-snippet":"max-snippet:-1","max-image-preview":"max-image-preview:large","max-video-preview":"max-video-preview:-1"},"canonical":"https:\/\/koningdrone.be\/de\/produkt\/dji-pocket-2-care-refresh-2-years\/","og_locale":"de_DE","og_type":"article","og_title":"DJI Pocket 2 Care Refresh (2 years)","og_description":"Biedt drie vervangende eenheden voor een kleine meerprijs in twee jaarDekt een breed scala aan ongevallen, waardoor u meer gemoedsrust hebt","og_url":"https:\/\/koningdrone.be\/de\/produkt\/dji-pocket-2-care-refresh-2-years\/","og_site_name":"koningdrone.be","article_modified_time":"2026-04-29T08:30:14+00:00","og_image":[{"width":800,"height":800,"url":"https:\/\/koningdrone.be\/wp-content\/uploads\/sites\/13\/2025\/04\/6941565904393.jpg","type":"image\/jpeg"}],"twitter_card":"summary_large_image","twitter_misc":{"Gesch\u00e4tzte Lesezeit":"1\u00a0Minute"},"schema":{"@context":"https:\/\/schema.org","@graph":[{"@type":"WebPage","@id":"https:\/\/koningdrone.be\/product\/dji-pocket-2-care-refresh-2-years\/","url":"https:\/\/koningdrone.be\/product\/dji-pocket-2-care-refresh-2-years\/","name":"DJI Pocket 2 Care Refresh (2 years) - koningdrone.be","isPartOf":{"@id":"https:\/\/koningdrone.be\/#website"},"primaryImageOfPage":{"@id":"https:\/\/koningdrone.be\/product\/dji-pocket-2-care-refresh-2-years\/#primaryimage"},"image":{"@id":"https:\/\/koningdrone.be\/product\/dji-pocket-2-care-refresh-2-years\/#primaryimage"},"thumbnailUrl":"https:\/\/koningdrone.be\/wp-content\/uploads\/sites\/13\/2025\/04\/6941565904393.jpg","datePublished":"2021-10-03T07:59:09+00:00","dateModified":"2026-04-29T08:30:14+00:00","breadcrumb":{"@id":"https:\/\/koningdrone.be\/product\/dji-pocket-2-care-refresh-2-years\/#breadcrumb"},"inLanguage":"de","potentialAction":[{"@type":"ReadAction","target":["https:\/\/koningdrone.be\/product\/dji-pocket-2-care-refresh-2-years\/"]}]},{"@type":"ImageObject","inLanguage":"de","@id":"https:\/\/koningdrone.be\/product\/dji-pocket-2-care-refresh-2-years\/#primaryimage","url":"https:\/\/koningdrone.be\/wp-content\/uploads\/sites\/13\/2025\/04\/6941565904393.jpg","contentUrl":"https:\/\/koningdrone.be\/wp-content\/uploads\/sites\/13\/2025\/04\/6941565904393.jpg","width":800,"height":800},{"@type":"BreadcrumbList","@id":"https:\/\/koningdrone.be\/product\/dji-pocket-2-care-refresh-2-years\/#breadcrumb","itemListElement":[{"@type":"ListItem","position":1,"name":"Home","item":"https:\/\/koningdrone.be\/"},{"@type":"ListItem","position":2,"name":"AVSS Parachute Recovery System for DJI Matrice 300\/350","item":"https:\/\/koningdrone.be\/product\/avss-parachute-recovery-system-for-dji-matrice-300-350\/"},{"@type":"ListItem","position":3,"name":"Alle care refresh","item":"https:\/\/koningdrone.be\/categorie\/alle-care-refresh\/"},{"@type":"ListItem","position":4,"name":"DJI Pocket 2 Care Refresh (2 years)"}]},{"@type":"WebSite","@id":"https:\/\/koningdrone.be\/#website","url":"https:\/\/koningdrone.be\/","name":"Koningdrone.be - Ihr Online-Spezialist f\u00fcr Drohnen, Gimbals, Kameras und Kraftwerke.","description":"Der Webshop f\u00fcr Drohnen und Gimbals","publisher":{"@id":"https:\/\/koningdrone.be\/#organization"},"potentialAction":[{"@type":"SearchAction","target":{"@type":"EntryPoint","urlTemplate":"https:\/\/koningdrone.be\/?s={search_term_string}"},"query-input":{"@type":"PropertyValueSpecification","valueRequired":true,"valueName":"search_term_string"}}],"inLanguage":"de"},{"@type":"Organization","@id":"https:\/\/koningdrone.be\/#organization","name":"Kingdrone.de","url":"https:\/\/koningdrone.be\/","logo":{"@type":"ImageObject","inLanguage":"de","@id":"https:\/\/koningdrone.be\/#\/schema\/logo\/image\/","url":"https:\/\/koningdrone.be\/wp-content\/uploads\/sites\/13\/2025\/04\/koningdrone-copyright-logo.svg","contentUrl":"https:\/\/koningdrone.be\/wp-content\/uploads\/sites\/13\/2025\/04\/koningdrone-copyright-logo.svg","width":227,"height":38,"caption":"Koningdrone.be"},"image":{"@id":"https:\/\/koningdrone.be\/#\/schema\/logo\/image\/"}}]}},"df_price":"","df_sale_price":"","df_regular_price":"","df_image_link":"https:\/\/koningdrone.be\/wp-content\/uploads\/sites\/13\/2025\/04\/6941565904393-300x300.jpg","_links":{"self":[{"href":"https:\/\/koningdrone.be\/de\/wp-json\/wp\/v2\/product\/6300","targetHints":{"allow":["GET"]}}],"collection":[{"href":"https:\/\/koningdrone.be\/de\/wp-json\/wp\/v2\/product"}],"about":[{"href":"https:\/\/koningdrone.be\/de\/wp-json\/wp\/v2\/types\/product"}],"wp:featuredmedia":[{"embeddable":true,"href":"https:\/\/koningdrone.be\/de\/wp-json\/wp\/v2\/media\/6299"}],"wp:attachment":[{"href":"https:\/\/koningdrone.be\/de\/wp-json\/wp\/v2\/media?parent=6300"}],"wp:term":[{"taxonomy":"product_brand","embeddable":true,"href":"https:\/\/koningdrone.be\/de\/wp-json\/wp\/v2\/product_brand?post=6300"},{"taxonomy":"product_cat","embeddable":true,"href":"https:\/\/koningdrone.be\/de\/wp-json\/wp\/v2\/product_cat?post=6300"},{"taxonomy":"product_tag","embeddable":true,"href":"https:\/\/koningdrone.be\/de\/wp-json\/wp\/v2\/product_tag?post=6300"}],"curies":[{"name":"wp","href":"https:\/\/api.w.org\/{rel}","templated":true}]}}