{"id":6278,"date":"2021-10-03T09:59:29","date_gmt":"2021-10-03T07:59:29","guid":{"rendered":"https:\/\/koningdrone.nl\/kon\/product\/insta360-pro-2-0\/"},"modified":"2026-05-17T07:40:34","modified_gmt":"2026-05-17T05:40:34","slug":"insta360-pro-2-0","status":"publish","type":"product","link":"https:\/\/koningdrone.be\/de\/produkt\/insta360-pro-2-0\/","title":{"rendered":"INSTA360 Pro 2.0"},"content":{"rendered":"<h1>INSTA360 PRO 2.0<\/h1>\n<p>Die Insta360 Pro 2.0 ist ein Upgrade der Insta360 Pro. Sie bietet superhochaufl\u00f6sende 12K-Fotos, eine gro\u00dfe Verbesserung der Bildqualit\u00e4t, eine anpassbare Belichtungskurve, Facebook 4K-Livestreaming und viele weitere Funktionen.<br \/><strong>ZUSAMMENARBEIT MIT ADOBE SYSTEMS<\/strong><br \/>Eine Zusammenarbeit mit Adobe Systems erm\u00f6glicht eine sehr einfache 360-Grad-Videobearbeitung in f\u00fchrenden Videobearbeitungs- und Schnittprogrammen.<br \/><strong>JEDE PERSPEKTIVE KLAR DARGESTELLT<\/strong><br \/>Mit CrystalView wird das Filmmaterial in nur einer speziell segmentierten Kugel \u00fcbertragen. Der Winkel, auf den Sie schauen, wird automatisch angezeigt. Wenn sich der Winkel \u00e4ndert, erfolgt eine Anpassung in Echtzeit.<br \/><strong>ORIGINAL SOUND<\/strong><br \/>Mit Insta360 Pro 2 k\u00f6nnen VR-Aufnahmen schnell in ein spezielles Format umgewandelt werden, das auf allen g\u00e4ngigen Smartphones oder VR-Headsets wiedergegeben werden kann - und das in 8K-Videoqualit\u00e4t.<br \/><strong>VIER HOCHLEISTUNGSMIKROFONE<\/strong><br \/>Die vier Mikrofone sind mit ma\u00dfgeschneiderten Befestigungspunkten f\u00fcr industrietaugliche 360\u00b0-Audio-Tools ausgestattet und unterst\u00fctzen 360\u00b0-Audio.<\/p>","protected":false},"excerpt":{"rendered":"<ul>\n<li>Bis zu 3 km Boden-Luft-Reichweite<\/li>\n<li>Ca. 300 m von Boden zu Boden unter normalen Bedingungen<\/li>\n<li>8K 3D 30FPS \/ 8K 2D 60FPS \/ 6K 3D 60FPS\/4K 3D 120FPS Videomodi.<\/li>\n<li>Einf\u00fchrung des neuen 8K 3D-Modus; andere Modi verdoppeln die Bildrate des Pro 1<\/li>\n<li>FlowState-Stabilisierung durch eingebauten 9-Achsen-Kreisel<\/li>\n<li>Flexible Aufnahmeoptionen (6 MicroSD-Karten + 1 SD-Karte), maximale Bitrate und Bildqualit\u00e4t<\/li>\n<li>Vielseitige Anschlussm\u00f6glichkeiten f\u00fcr jede Aufnahme und jedes Zubeh\u00f6r<\/li>\n<li> Integriertes GPS-Modul + GPS auf der Oberseite und WiFi-Antennen zur Verbesserung der Signalst\u00e4rke<\/li>\n<li>Integration mit Adobe Premiere Pro.<\/li>\n<li>Speichert bei jeder Aufnahme eine Proxy-Datei f\u00fcr die schnelle und effiziente Bearbeitung in Premiere<\/li>\n<li>RAW-Modus f\u00fcr Fotos<\/li>\n<\/ul>","protected":false},"featured_media":6274,"template":"","meta":{"_acf_changed":false},"product_brand":[],"product_cat":[97,343],"product_tag":[],"class_list":{"0":"post-6278","1":"product","2":"type-product","3":"status-publish","4":"has-post-thumbnail","6":"product_cat-alle-producten","7":"product_cat-insta360","8":"product_shipping_class-outofstock","9":"pa_brand-insta360","10":"pa_productfamily-camera","11":"pa_producttype-camera","12":"pa_series-insta360-go","14":"first","15":"outofstock","16":"taxable","17":"shipping-taxable","18":"product-type-simple"},"acf":[],"yoast_head":"<!-- This site is optimized with the Yoast SEO Premium plugin v27.2 (Yoast SEO v27.2) - https:\/\/yoast.com\/product\/yoast-seo-premium-wordpress\/ -->\n<title>INSTA360 Pro 2.0 - koningdrone.be<\/title>\n<meta name=\"robots\" content=\"index, follow, max-snippet:-1, max-image-preview:large, max-video-preview:-1\" \/>\n<link rel=\"canonical\" href=\"https:\/\/koningdrone.be\/de\/produkt\/insta360-pro-2-0\/\" \/>\n<meta property=\"og:locale\" content=\"de_DE\" \/>\n<meta property=\"og:type\" content=\"article\" \/>\n<meta property=\"og:title\" content=\"INSTA360 Pro 2.0\" \/>\n<meta property=\"og:description\" content=\"Tot 3 km grond-tot-hemel bereikCa. 300 m voor grond tot grond onder normale omstandigheden8K 3D 30FPS \/ 8K 2D 60FPS \/ 6K 3D 60FPS\/4K 3D 120FPS videomodi.Introduceert nieuwe 8K 3D-modus; andere modi dubbele framerate van Pro 1FlowState-stabilisatie bereikt met ingebouwde 9-assige gyroFlexibele opname-opties (6 MicroSD-KAART + 1 SD-KAART), bereikt maximale bitrate en beeldkwaliteitVeelzijdige verbindingspoorten klaar voor elke opname, elk accessoire Ingebouwde GPS-module + GPS aan de bovenzijde en WiFi-antennes om de signaalsterkte te verbeterenIntegratie met Adobe Premiere Pro.Slaat proxy-bestand op bij elke opname die is gemaakt voor snelle, effici\u00ebnte bewerking in PremiereRAW-modus voor foto&#039;s\" \/>\n<meta property=\"og:url\" content=\"https:\/\/koningdrone.be\/de\/produkt\/insta360-pro-2-0\/\" \/>\n<meta property=\"og:site_name\" content=\"koningdrone.be\" \/>\n<meta property=\"article:modified_time\" content=\"2026-05-17T05:40:34+00:00\" \/>\n<meta property=\"og:image\" content=\"https:\/\/koningdrone.be\/wp-content\/uploads\/sites\/13\/2025\/04\/6970357850853-1.jpg\" \/>\n\t<meta property=\"og:image:width\" content=\"800\" \/>\n\t<meta property=\"og:image:height\" content=\"500\" \/>\n\t<meta property=\"og:image:type\" content=\"image\/jpeg\" \/>\n<meta name=\"twitter:card\" content=\"summary_large_image\" \/>\n<meta name=\"twitter:label1\" content=\"Gesch\u00e4tzte Lesezeit\" \/>\n\t<meta name=\"twitter:data1\" content=\"1\u00a0Minute\" \/>\n<script type=\"application\/ld+json\" class=\"yoast-schema-graph\">{\"@context\":\"https:\/\/schema.org\",\"@graph\":[{\"@type\":\"WebPage\",\"@id\":\"https:\/\/koningdrone.be\/product\/insta360-pro-2-0\/\",\"url\":\"https:\/\/koningdrone.be\/product\/insta360-pro-2-0\/\",\"name\":\"INSTA360 Pro 2.0 - koningdrone.be\",\"isPartOf\":{\"@id\":\"https:\/\/koningdrone.be\/#website\"},\"primaryImageOfPage\":{\"@id\":\"https:\/\/koningdrone.be\/product\/insta360-pro-2-0\/#primaryimage\"},\"image\":{\"@id\":\"https:\/\/koningdrone.be\/product\/insta360-pro-2-0\/#primaryimage\"},\"thumbnailUrl\":\"https:\/\/koningdrone.be\/wp-content\/uploads\/sites\/13\/2025\/04\/6970357850853-1.jpg\",\"datePublished\":\"2021-10-03T07:59:29+00:00\",\"dateModified\":\"2026-05-17T05:40:34+00:00\",\"breadcrumb\":{\"@id\":\"https:\/\/koningdrone.be\/product\/insta360-pro-2-0\/#breadcrumb\"},\"inLanguage\":\"de\",\"potentialAction\":[{\"@type\":\"ReadAction\",\"target\":[\"https:\/\/koningdrone.be\/product\/insta360-pro-2-0\/\"]}]},{\"@type\":\"ImageObject\",\"inLanguage\":\"de\",\"@id\":\"https:\/\/koningdrone.be\/product\/insta360-pro-2-0\/#primaryimage\",\"url\":\"https:\/\/koningdrone.be\/wp-content\/uploads\/sites\/13\/2025\/04\/6970357850853-1.jpg\",\"contentUrl\":\"https:\/\/koningdrone.be\/wp-content\/uploads\/sites\/13\/2025\/04\/6970357850853-1.jpg\",\"width\":800,\"height\":500},{\"@type\":\"BreadcrumbList\",\"@id\":\"https:\/\/koningdrone.be\/product\/insta360-pro-2-0\/#breadcrumb\",\"itemListElement\":[{\"@type\":\"ListItem\",\"position\":1,\"name\":\"Home\",\"item\":\"https:\/\/koningdrone.be\/\"},{\"@type\":\"ListItem\",\"position\":2,\"name\":\"AVSS Parachute Recovery System for DJI Matrice 300\/350\",\"item\":\"https:\/\/koningdrone.be\/product\/avss-parachute-recovery-system-for-dji-matrice-300-350\/\"},{\"@type\":\"ListItem\",\"position\":3,\"name\":\"Alle producten\",\"item\":\"https:\/\/koningdrone.be\/categorie\/alle-producten\/\"},{\"@type\":\"ListItem\",\"position\":4,\"name\":\"INSTA360 Pro 2.0\"}]},{\"@type\":\"WebSite\",\"@id\":\"https:\/\/koningdrone.be\/#website\",\"url\":\"https:\/\/koningdrone.be\/\",\"name\":\"Koningdrone.be - Uw online specialist in drones, gimbals, camera's en power stations.\",\"description\":\"De webshop in drones en gimbals\",\"publisher\":{\"@id\":\"https:\/\/koningdrone.be\/#organization\"},\"potentialAction\":[{\"@type\":\"SearchAction\",\"target\":{\"@type\":\"EntryPoint\",\"urlTemplate\":\"https:\/\/koningdrone.be\/?s={search_term_string}\"},\"query-input\":{\"@type\":\"PropertyValueSpecification\",\"valueRequired\":true,\"valueName\":\"search_term_string\"}}],\"inLanguage\":\"de\"},{\"@type\":\"Organization\",\"@id\":\"https:\/\/koningdrone.be\/#organization\",\"name\":\"Koningdrone.be\",\"url\":\"https:\/\/koningdrone.be\/\",\"logo\":{\"@type\":\"ImageObject\",\"inLanguage\":\"de\",\"@id\":\"https:\/\/koningdrone.be\/#\/schema\/logo\/image\/\",\"url\":\"https:\/\/koningdrone.be\/wp-content\/uploads\/sites\/13\/2025\/04\/koningdrone-copyright-logo.svg\",\"contentUrl\":\"https:\/\/koningdrone.be\/wp-content\/uploads\/sites\/13\/2025\/04\/koningdrone-copyright-logo.svg\",\"width\":227,\"height\":38,\"caption\":\"Koningdrone.be\"},\"image\":{\"@id\":\"https:\/\/koningdrone.be\/#\/schema\/logo\/image\/\"}}]}<\/script>\n<!-- \/ Yoast SEO Premium plugin. -->","yoast_head_json":{"title":"INSTA360 Pro 2.0 - koningdrone.be","robots":{"index":"index","follow":"follow","max-snippet":"max-snippet:-1","max-image-preview":"max-image-preview:large","max-video-preview":"max-video-preview:-1"},"canonical":"https:\/\/koningdrone.be\/de\/produkt\/insta360-pro-2-0\/","og_locale":"de_DE","og_type":"article","og_title":"INSTA360 Pro 2.0","og_description":"Tot 3 km grond-tot-hemel bereikCa. 300 m voor grond tot grond onder normale omstandigheden8K 3D 30FPS \/ 8K 2D 60FPS \/ 6K 3D 60FPS\/4K 3D 120FPS videomodi.Introduceert nieuwe 8K 3D-modus; andere modi dubbele framerate van Pro 1FlowState-stabilisatie bereikt met ingebouwde 9-assige gyroFlexibele opname-opties (6 MicroSD-KAART + 1 SD-KAART), bereikt maximale bitrate en beeldkwaliteitVeelzijdige verbindingspoorten klaar voor elke opname, elk accessoire Ingebouwde GPS-module + GPS aan de bovenzijde en WiFi-antennes om de signaalsterkte te verbeterenIntegratie met Adobe Premiere Pro.Slaat proxy-bestand op bij elke opname die is gemaakt voor snelle, effici\u00ebnte bewerking in PremiereRAW-modus voor foto's","og_url":"https:\/\/koningdrone.be\/de\/produkt\/insta360-pro-2-0\/","og_site_name":"koningdrone.be","article_modified_time":"2026-05-17T05:40:34+00:00","og_image":[{"width":800,"height":500,"url":"https:\/\/koningdrone.be\/wp-content\/uploads\/sites\/13\/2025\/04\/6970357850853-1.jpg","type":"image\/jpeg"}],"twitter_card":"summary_large_image","twitter_misc":{"Gesch\u00e4tzte Lesezeit":"1\u00a0Minute"},"schema":{"@context":"https:\/\/schema.org","@graph":[{"@type":"WebPage","@id":"https:\/\/koningdrone.be\/product\/insta360-pro-2-0\/","url":"https:\/\/koningdrone.be\/product\/insta360-pro-2-0\/","name":"INSTA360 Pro 2.0 - koningdrone.be","isPartOf":{"@id":"https:\/\/koningdrone.be\/#website"},"primaryImageOfPage":{"@id":"https:\/\/koningdrone.be\/product\/insta360-pro-2-0\/#primaryimage"},"image":{"@id":"https:\/\/koningdrone.be\/product\/insta360-pro-2-0\/#primaryimage"},"thumbnailUrl":"https:\/\/koningdrone.be\/wp-content\/uploads\/sites\/13\/2025\/04\/6970357850853-1.jpg","datePublished":"2021-10-03T07:59:29+00:00","dateModified":"2026-05-17T05:40:34+00:00","breadcrumb":{"@id":"https:\/\/koningdrone.be\/product\/insta360-pro-2-0\/#breadcrumb"},"inLanguage":"de","potentialAction":[{"@type":"ReadAction","target":["https:\/\/koningdrone.be\/product\/insta360-pro-2-0\/"]}]},{"@type":"ImageObject","inLanguage":"de","@id":"https:\/\/koningdrone.be\/product\/insta360-pro-2-0\/#primaryimage","url":"https:\/\/koningdrone.be\/wp-content\/uploads\/sites\/13\/2025\/04\/6970357850853-1.jpg","contentUrl":"https:\/\/koningdrone.be\/wp-content\/uploads\/sites\/13\/2025\/04\/6970357850853-1.jpg","width":800,"height":500},{"@type":"BreadcrumbList","@id":"https:\/\/koningdrone.be\/product\/insta360-pro-2-0\/#breadcrumb","itemListElement":[{"@type":"ListItem","position":1,"name":"Home","item":"https:\/\/koningdrone.be\/"},{"@type":"ListItem","position":2,"name":"AVSS Parachute Recovery System for DJI Matrice 300\/350","item":"https:\/\/koningdrone.be\/product\/avss-parachute-recovery-system-for-dji-matrice-300-350\/"},{"@type":"ListItem","position":3,"name":"Alle producten","item":"https:\/\/koningdrone.be\/categorie\/alle-producten\/"},{"@type":"ListItem","position":4,"name":"INSTA360 Pro 2.0"}]},{"@type":"WebSite","@id":"https:\/\/koningdrone.be\/#website","url":"https:\/\/koningdrone.be\/","name":"Koningdrone.be - Ihr Online-Spezialist f\u00fcr Drohnen, Gimbals, Kameras und Kraftwerke.","description":"Der Webshop f\u00fcr Drohnen und Gimbals","publisher":{"@id":"https:\/\/koningdrone.be\/#organization"},"potentialAction":[{"@type":"SearchAction","target":{"@type":"EntryPoint","urlTemplate":"https:\/\/koningdrone.be\/?s={search_term_string}"},"query-input":{"@type":"PropertyValueSpecification","valueRequired":true,"valueName":"search_term_string"}}],"inLanguage":"de"},{"@type":"Organization","@id":"https:\/\/koningdrone.be\/#organization","name":"Kingdrone.de","url":"https:\/\/koningdrone.be\/","logo":{"@type":"ImageObject","inLanguage":"de","@id":"https:\/\/koningdrone.be\/#\/schema\/logo\/image\/","url":"https:\/\/koningdrone.be\/wp-content\/uploads\/sites\/13\/2025\/04\/koningdrone-copyright-logo.svg","contentUrl":"https:\/\/koningdrone.be\/wp-content\/uploads\/sites\/13\/2025\/04\/koningdrone-copyright-logo.svg","width":227,"height":38,"caption":"Koningdrone.be"},"image":{"@id":"https:\/\/koningdrone.be\/#\/schema\/logo\/image\/"}}]}},"df_price":"","df_sale_price":"","df_regular_price":"","df_image_link":"https:\/\/koningdrone.be\/wp-content\/uploads\/sites\/13\/2025\/04\/6970357850853-1-300x188.jpg","_links":{"self":[{"href":"https:\/\/koningdrone.be\/de\/wp-json\/wp\/v2\/product\/6278","targetHints":{"allow":["GET"]}}],"collection":[{"href":"https:\/\/koningdrone.be\/de\/wp-json\/wp\/v2\/product"}],"about":[{"href":"https:\/\/koningdrone.be\/de\/wp-json\/wp\/v2\/types\/product"}],"wp:featuredmedia":[{"embeddable":true,"href":"https:\/\/koningdrone.be\/de\/wp-json\/wp\/v2\/media\/6274"}],"wp:attachment":[{"href":"https:\/\/koningdrone.be\/de\/wp-json\/wp\/v2\/media?parent=6278"}],"wp:term":[{"taxonomy":"product_brand","embeddable":true,"href":"https:\/\/koningdrone.be\/de\/wp-json\/wp\/v2\/product_brand?post=6278"},{"taxonomy":"product_cat","embeddable":true,"href":"https:\/\/koningdrone.be\/de\/wp-json\/wp\/v2\/product_cat?post=6278"},{"taxonomy":"product_tag","embeddable":true,"href":"https:\/\/koningdrone.be\/de\/wp-json\/wp\/v2\/product_tag?post=6278"}],"curies":[{"name":"wp","href":"https:\/\/api.w.org\/{rel}","templated":true}]}}