{"id":6262,"date":"2021-10-03T09:59:48","date_gmt":"2021-10-03T07:59:48","guid":{"rendered":"https:\/\/koningdrone.nl\/kon\/product\/dji-zenmuse-x5r-without-dji-mft-lens-p01\/"},"modified":"2026-04-29T07:40:35","modified_gmt":"2026-04-29T05:40:35","slug":"dji-zenmuse-x5r-without-dji-mft-lens-p01","status":"publish","type":"product","link":"https:\/\/koningdrone.be\/de\/produkt\/dji-zenmuse-x5r-without-dji-mft-lens-p01\/","title":{"rendered":"DJI Zenmuse X5R ohne DJI MFT Objektiv (P01)"},"content":{"rendered":"<h1>DJI Zenmuse X5R ohne DJI MFT Objektiv (P01)<\/h1>\n<p>Mit der Zenmuse X5 hat DJI eine neue Kamera\/Gimbal-Einheit f\u00fcr seinen Inspire 1 Quadcopter vorgestellt. Die Zenmuse X5 hat kein eingebautes Objektiv, sondern einen Micro-Fourths-Anschluss f\u00fcr Wechselobjektive. Damit stehen den Nutzern des Quadcopters, der f\u00fcr den professionellen Bereich gedacht ist, mehr Aufnahmem\u00f6glichkeiten zur Verf\u00fcgung als bei Flugger\u00e4ten mit eingebautem Objektiv.<br \/>Die Zenmuse X5 ist zun\u00e4chst mit vier Wechselobjektiven kompatibel: DJI's DJI MFT 15mm 1 \/ 1.7 ASPH, das Panasonic Lumix 15mm G Leica DG Summilux f\/1.7 ASPH, das Olympus M.ZUIKO DIGITAL ED 12mm f\/2.0 und das Olympus M Zuiko 17mm f\/1.8. Alle Objektive erm\u00f6glichen es dem Piloten, den Fokus und die Blende w\u00e4hrend des Fluges einzustellen, was eine erhebliche Verbesserung f\u00fcr professionelle Aufnahmen im Vergleich zu herk\u00f6mmlichen Kopterkameras darstellt, die normalerweise einen festen Fokus haben.<br \/> - 4K-Rohvideo in Filmqualit\u00e4t ohne Verlust<br \/> - Aufzeichnung mit 4096 x 2160 (24 fps) oder 1920 x 1080 (60 fps)<br \/> - Durchschnittliche Bitrate 1,7 Gbit\/s (maximal 2,4 Gbit\/s)<br \/> - Herausnehmbares 512 GB SSD-Laufwerk<br \/> - 16 MP-Fotos<br \/> - 12,8 Blendenstufen Dynamikbereich<br \/>Hinweis: Das DJI MFT Objektiv ist NICHT enthalten.<\/p>","protected":false},"excerpt":{"rendered":"<ul>\n<li>Micro-Four-Thirds-Anschluss f\u00fcr austauschbare Objektive<\/li>\n<li>mehr Bildoptionen als bei einem eingebauten Objektiv<\/li>\n<\/ul>","protected":false},"featured_media":6259,"template":"","meta":{"_acf_changed":false},"product_brand":[],"product_cat":[298,97,316],"product_tag":[],"class_list":{"0":"post-6262","1":"product","2":"type-product","3":"status-publish","4":"has-post-thumbnail","6":"product_cat-alle-industriele-camera","7":"product_cat-alle-producten","8":"product_cat-dji-zenmuse","9":"product_shipping_class-outofstock","10":"pa_brand-dji","11":"pa_productfamily-camera","12":"pa_producttype-camera","13":"pa_series-zenmuse-x5r","15":"first","16":"outofstock","17":"taxable","18":"shipping-taxable","19":"product-type-simple"},"acf":[],"yoast_head":"<!-- This site is optimized with the Yoast SEO Premium plugin v27.2 (Yoast SEO v27.2) - https:\/\/yoast.com\/product\/yoast-seo-premium-wordpress\/ -->\n<title>DJI Zenmuse X5R without DJI MFT lens (P01) - koningdrone.be<\/title>\n<meta name=\"robots\" content=\"index, follow, max-snippet:-1, max-image-preview:large, max-video-preview:-1\" \/>\n<link rel=\"canonical\" href=\"https:\/\/koningdrone.be\/de\/produkt\/dji-zenmuse-x5r-without-dji-mft-lens-p01\/\" \/>\n<meta property=\"og:locale\" content=\"de_DE\" \/>\n<meta property=\"og:type\" content=\"article\" \/>\n<meta property=\"og:title\" content=\"DJI Zenmuse X5R without DJI MFT lens (P01)\" \/>\n<meta property=\"og:description\" content=\"micro-vier-derde aansluiting voor verwisselbare lenzenmeer beeldmogelijkheden ter beschikking dan bij een ingebouwde lens\" \/>\n<meta property=\"og:url\" content=\"https:\/\/koningdrone.be\/de\/produkt\/dji-zenmuse-x5r-without-dji-mft-lens-p01\/\" \/>\n<meta property=\"og:site_name\" content=\"koningdrone.be\" \/>\n<meta property=\"article:modified_time\" content=\"2026-04-29T05:40:35+00:00\" \/>\n<meta property=\"og:image\" content=\"https:\/\/koningdrone.be\/wp-content\/uploads\/sites\/13\/2025\/04\/6958265121517-1.jpg\" \/>\n\t<meta property=\"og:image:width\" content=\"800\" \/>\n\t<meta property=\"og:image:height\" content=\"533\" \/>\n\t<meta property=\"og:image:type\" content=\"image\/jpeg\" \/>\n<meta name=\"twitter:card\" content=\"summary_large_image\" \/>\n<meta name=\"twitter:label1\" content=\"Gesch\u00e4tzte Lesezeit\" \/>\n\t<meta name=\"twitter:data1\" content=\"1\u00a0Minute\" \/>\n<script type=\"application\/ld+json\" class=\"yoast-schema-graph\">{\"@context\":\"https:\/\/schema.org\",\"@graph\":[{\"@type\":\"WebPage\",\"@id\":\"https:\/\/koningdrone.be\/product\/dji-zenmuse-x5r-without-dji-mft-lens-p01\/\",\"url\":\"https:\/\/koningdrone.be\/product\/dji-zenmuse-x5r-without-dji-mft-lens-p01\/\",\"name\":\"DJI Zenmuse X5R without DJI MFT lens (P01) - koningdrone.be\",\"isPartOf\":{\"@id\":\"https:\/\/koningdrone.be\/#website\"},\"primaryImageOfPage\":{\"@id\":\"https:\/\/koningdrone.be\/product\/dji-zenmuse-x5r-without-dji-mft-lens-p01\/#primaryimage\"},\"image\":{\"@id\":\"https:\/\/koningdrone.be\/product\/dji-zenmuse-x5r-without-dji-mft-lens-p01\/#primaryimage\"},\"thumbnailUrl\":\"https:\/\/koningdrone.be\/wp-content\/uploads\/sites\/13\/2025\/04\/6958265121517-1.jpg\",\"datePublished\":\"2021-10-03T07:59:48+00:00\",\"dateModified\":\"2026-04-29T05:40:35+00:00\",\"breadcrumb\":{\"@id\":\"https:\/\/koningdrone.be\/product\/dji-zenmuse-x5r-without-dji-mft-lens-p01\/#breadcrumb\"},\"inLanguage\":\"de\",\"potentialAction\":[{\"@type\":\"ReadAction\",\"target\":[\"https:\/\/koningdrone.be\/product\/dji-zenmuse-x5r-without-dji-mft-lens-p01\/\"]}]},{\"@type\":\"ImageObject\",\"inLanguage\":\"de\",\"@id\":\"https:\/\/koningdrone.be\/product\/dji-zenmuse-x5r-without-dji-mft-lens-p01\/#primaryimage\",\"url\":\"https:\/\/koningdrone.be\/wp-content\/uploads\/sites\/13\/2025\/04\/6958265121517-1.jpg\",\"contentUrl\":\"https:\/\/koningdrone.be\/wp-content\/uploads\/sites\/13\/2025\/04\/6958265121517-1.jpg\",\"width\":800,\"height\":533},{\"@type\":\"BreadcrumbList\",\"@id\":\"https:\/\/koningdrone.be\/product\/dji-zenmuse-x5r-without-dji-mft-lens-p01\/#breadcrumb\",\"itemListElement\":[{\"@type\":\"ListItem\",\"position\":1,\"name\":\"Home\",\"item\":\"https:\/\/koningdrone.be\/\"},{\"@type\":\"ListItem\",\"position\":2,\"name\":\"AVSS Parachute Recovery System for DJI Matrice 300\/350\",\"item\":\"https:\/\/koningdrone.be\/product\/avss-parachute-recovery-system-for-dji-matrice-300-350\/\"},{\"@type\":\"ListItem\",\"position\":3,\"name\":\"Alle industriele camera\",\"item\":\"https:\/\/koningdrone.be\/categorie\/alle-industriele-camera\/\"},{\"@type\":\"ListItem\",\"position\":4,\"name\":\"DJI Zenmuse X5R without DJI MFT lens (P01)\"}]},{\"@type\":\"WebSite\",\"@id\":\"https:\/\/koningdrone.be\/#website\",\"url\":\"https:\/\/koningdrone.be\/\",\"name\":\"Koningdrone.be - Uw online specialist in drones, gimbals, camera's en power stations.\",\"description\":\"De webshop in drones en gimbals\",\"publisher\":{\"@id\":\"https:\/\/koningdrone.be\/#organization\"},\"potentialAction\":[{\"@type\":\"SearchAction\",\"target\":{\"@type\":\"EntryPoint\",\"urlTemplate\":\"https:\/\/koningdrone.be\/?s={search_term_string}\"},\"query-input\":{\"@type\":\"PropertyValueSpecification\",\"valueRequired\":true,\"valueName\":\"search_term_string\"}}],\"inLanguage\":\"de\"},{\"@type\":\"Organization\",\"@id\":\"https:\/\/koningdrone.be\/#organization\",\"name\":\"Koningdrone.be\",\"url\":\"https:\/\/koningdrone.be\/\",\"logo\":{\"@type\":\"ImageObject\",\"inLanguage\":\"de\",\"@id\":\"https:\/\/koningdrone.be\/#\/schema\/logo\/image\/\",\"url\":\"https:\/\/koningdrone.be\/wp-content\/uploads\/sites\/13\/2025\/04\/koningdrone-copyright-logo.svg\",\"contentUrl\":\"https:\/\/koningdrone.be\/wp-content\/uploads\/sites\/13\/2025\/04\/koningdrone-copyright-logo.svg\",\"width\":227,\"height\":38,\"caption\":\"Koningdrone.be\"},\"image\":{\"@id\":\"https:\/\/koningdrone.be\/#\/schema\/logo\/image\/\"}}]}<\/script>\n<!-- \/ Yoast SEO Premium plugin. -->","yoast_head_json":{"title":"DJI Zenmuse X5R without DJI MFT lens (P01) - koningdrone.be","robots":{"index":"index","follow":"follow","max-snippet":"max-snippet:-1","max-image-preview":"max-image-preview:large","max-video-preview":"max-video-preview:-1"},"canonical":"https:\/\/koningdrone.be\/de\/produkt\/dji-zenmuse-x5r-without-dji-mft-lens-p01\/","og_locale":"de_DE","og_type":"article","og_title":"DJI Zenmuse X5R without DJI MFT lens (P01)","og_description":"micro-vier-derde aansluiting voor verwisselbare lenzenmeer beeldmogelijkheden ter beschikking dan bij een ingebouwde lens","og_url":"https:\/\/koningdrone.be\/de\/produkt\/dji-zenmuse-x5r-without-dji-mft-lens-p01\/","og_site_name":"koningdrone.be","article_modified_time":"2026-04-29T05:40:35+00:00","og_image":[{"width":800,"height":533,"url":"https:\/\/koningdrone.be\/wp-content\/uploads\/sites\/13\/2025\/04\/6958265121517-1.jpg","type":"image\/jpeg"}],"twitter_card":"summary_large_image","twitter_misc":{"Gesch\u00e4tzte Lesezeit":"1\u00a0Minute"},"schema":{"@context":"https:\/\/schema.org","@graph":[{"@type":"WebPage","@id":"https:\/\/koningdrone.be\/product\/dji-zenmuse-x5r-without-dji-mft-lens-p01\/","url":"https:\/\/koningdrone.be\/product\/dji-zenmuse-x5r-without-dji-mft-lens-p01\/","name":"DJI Zenmuse X5R without DJI MFT lens (P01) - koningdrone.be","isPartOf":{"@id":"https:\/\/koningdrone.be\/#website"},"primaryImageOfPage":{"@id":"https:\/\/koningdrone.be\/product\/dji-zenmuse-x5r-without-dji-mft-lens-p01\/#primaryimage"},"image":{"@id":"https:\/\/koningdrone.be\/product\/dji-zenmuse-x5r-without-dji-mft-lens-p01\/#primaryimage"},"thumbnailUrl":"https:\/\/koningdrone.be\/wp-content\/uploads\/sites\/13\/2025\/04\/6958265121517-1.jpg","datePublished":"2021-10-03T07:59:48+00:00","dateModified":"2026-04-29T05:40:35+00:00","breadcrumb":{"@id":"https:\/\/koningdrone.be\/product\/dji-zenmuse-x5r-without-dji-mft-lens-p01\/#breadcrumb"},"inLanguage":"de","potentialAction":[{"@type":"ReadAction","target":["https:\/\/koningdrone.be\/product\/dji-zenmuse-x5r-without-dji-mft-lens-p01\/"]}]},{"@type":"ImageObject","inLanguage":"de","@id":"https:\/\/koningdrone.be\/product\/dji-zenmuse-x5r-without-dji-mft-lens-p01\/#primaryimage","url":"https:\/\/koningdrone.be\/wp-content\/uploads\/sites\/13\/2025\/04\/6958265121517-1.jpg","contentUrl":"https:\/\/koningdrone.be\/wp-content\/uploads\/sites\/13\/2025\/04\/6958265121517-1.jpg","width":800,"height":533},{"@type":"BreadcrumbList","@id":"https:\/\/koningdrone.be\/product\/dji-zenmuse-x5r-without-dji-mft-lens-p01\/#breadcrumb","itemListElement":[{"@type":"ListItem","position":1,"name":"Home","item":"https:\/\/koningdrone.be\/"},{"@type":"ListItem","position":2,"name":"AVSS Parachute Recovery System for DJI Matrice 300\/350","item":"https:\/\/koningdrone.be\/product\/avss-parachute-recovery-system-for-dji-matrice-300-350\/"},{"@type":"ListItem","position":3,"name":"Alle industriele camera","item":"https:\/\/koningdrone.be\/categorie\/alle-industriele-camera\/"},{"@type":"ListItem","position":4,"name":"DJI Zenmuse X5R without DJI MFT lens (P01)"}]},{"@type":"WebSite","@id":"https:\/\/koningdrone.be\/#website","url":"https:\/\/koningdrone.be\/","name":"Koningdrone.be - Ihr Online-Spezialist f\u00fcr Drohnen, Gimbals, Kameras und Kraftwerke.","description":"Der Webshop f\u00fcr Drohnen und Gimbals","publisher":{"@id":"https:\/\/koningdrone.be\/#organization"},"potentialAction":[{"@type":"SearchAction","target":{"@type":"EntryPoint","urlTemplate":"https:\/\/koningdrone.be\/?s={search_term_string}"},"query-input":{"@type":"PropertyValueSpecification","valueRequired":true,"valueName":"search_term_string"}}],"inLanguage":"de"},{"@type":"Organization","@id":"https:\/\/koningdrone.be\/#organization","name":"Kingdrone.de","url":"https:\/\/koningdrone.be\/","logo":{"@type":"ImageObject","inLanguage":"de","@id":"https:\/\/koningdrone.be\/#\/schema\/logo\/image\/","url":"https:\/\/koningdrone.be\/wp-content\/uploads\/sites\/13\/2025\/04\/koningdrone-copyright-logo.svg","contentUrl":"https:\/\/koningdrone.be\/wp-content\/uploads\/sites\/13\/2025\/04\/koningdrone-copyright-logo.svg","width":227,"height":38,"caption":"Koningdrone.be"},"image":{"@id":"https:\/\/koningdrone.be\/#\/schema\/logo\/image\/"}}]}},"df_price":"","df_sale_price":"","df_regular_price":"","df_image_link":"https:\/\/koningdrone.be\/wp-content\/uploads\/sites\/13\/2025\/04\/6958265121517-1-300x200.jpg","_links":{"self":[{"href":"https:\/\/koningdrone.be\/de\/wp-json\/wp\/v2\/product\/6262","targetHints":{"allow":["GET"]}}],"collection":[{"href":"https:\/\/koningdrone.be\/de\/wp-json\/wp\/v2\/product"}],"about":[{"href":"https:\/\/koningdrone.be\/de\/wp-json\/wp\/v2\/types\/product"}],"wp:featuredmedia":[{"embeddable":true,"href":"https:\/\/koningdrone.be\/de\/wp-json\/wp\/v2\/media\/6259"}],"wp:attachment":[{"href":"https:\/\/koningdrone.be\/de\/wp-json\/wp\/v2\/media?parent=6262"}],"wp:term":[{"taxonomy":"product_brand","embeddable":true,"href":"https:\/\/koningdrone.be\/de\/wp-json\/wp\/v2\/product_brand?post=6262"},{"taxonomy":"product_cat","embeddable":true,"href":"https:\/\/koningdrone.be\/de\/wp-json\/wp\/v2\/product_cat?post=6262"},{"taxonomy":"product_tag","embeddable":true,"href":"https:\/\/koningdrone.be\/de\/wp-json\/wp\/v2\/product_tag?post=6262"}],"curies":[{"name":"wp","href":"https:\/\/api.w.org\/{rel}","templated":true}]}}