{"id":6247,"date":"2021-10-03T10:00:20","date_gmt":"2021-10-03T08:00:20","guid":{"rendered":"https:\/\/koningdrone.nl\/kon\/product\/gl-300-spotlight\/"},"modified":"2026-04-13T15:30:03","modified_gmt":"2026-04-13T13:30:03","slug":"gl-300-spotlight","status":"publish","type":"product","link":"https:\/\/koningdrone.be\/de\/produkt\/gl-300-spotlight\/","title":{"rendered":"GL 300 im Scheinwerferlicht"},"content":{"rendered":"<h1>GL300 Spotlight<\/h1>\n<p><strong>\u00dcbersicht<\/strong><br \/>\nDer kardanische Suchscheinwerfer GL300 ist speziell f\u00fcr langfristige und gro\u00dffl\u00e4chige Notbeleuchtungen konzipiert<\/p>\n<p>Seine Leistung ist f\u00fcnfmal so hoch wie die des GL60, bis zu 300 W, und seine Beleuchtungshelligkeit betr\u00e4gt \u00fcber 30.000 Lumen. Optische Linsengruppe wird verwendet, um hellere und hellere Strahlen in einem 45-Grad-Winkel zu projizieren, um den Beleuchtungsbedarf eines breiteren Bereichs zu erf\u00fcllen.<\/p>\n<p>Die Triaxial-PTZ bietet einen flexibleren Belichtungswinkel, mit dem das helle Licht aus dem sicheren Luftraum, weg von Menschenmengen, auf die Zielposition projiziert werden kann. Sie verf\u00fcgt \u00fcber eine standardisierte Schnellmontage-Schnittstelle von CZZN, die an alle Arten von Industrie-Drohnen angepasst werden kann, sowie \u00fcber einen Burst-Blitzmodus.<\/p>\n<p>Die sofortige Lichtst\u00e4rke kann bis zu 50.000 Lumen erreichen, was die Blendwirkung von starkem Licht verringert und den Bed\u00fcrfnissen von Notfall- und Sicherheitsdiensten bei Nachtpatrouillen, Sonderumz\u00fcgen, Notfalleins\u00e4tzen und anderen Nachteins\u00e4tzen entspricht.<\/p>\n<p>Geeignet f\u00fcr die Matrice 300 RTK.<\/p>\n<p><strong>Eigenschaften<\/strong><br \/>\n7 LED-Strahlen 300 W hohe Leistung 30.000 Lumen mit 45-Grad-Ausleuchtung.<br \/>\nDer PTZ l\u00e4sst sich in der Neigung drehen, was ihn bequem und flexibel f\u00fcr die Beleuchtung aus verschiedenen Winkeln macht. Er entspricht der Leistung einer festen Beleuchtung, die eine konstante Stromquelle ben\u00f6tigt.<br \/>\nOptische Abbildungstechnologie, die eine gleichm\u00e4\u00dfige Helligkeit ohne jegliche Verzerrung erm\u00f6glicht.<br \/>\nDurch die DJI SkyPort V2.0 Schnittstelle ist der Scheinwerfer f\u00fcr die DJI UAV Matrice Serie geeignet.<\/p>","protected":false},"excerpt":{"rendered":"<ul>\n<li>Superstarke Leistung, Superhelligkeit<\/li>\n<li>Weitwinkel zur Verfolgung von Objekten in verschiedenen Situationen<\/li>\n<li>Optimale Optik, keine reflektierende Kr\u00fcmmung<\/li>\n<li>Standardschnittstelle mit Universalhalterung<\/li>\n<\/ul>","protected":false},"featured_media":6245,"template":"","meta":{"_acf_changed":false},"product_brand":[],"product_cat":[126,97,152],"product_tag":[],"class_list":{"0":"post-6247","1":"product","2":"type-product","3":"status-publish","4":"has-post-thumbnail","6":"product_cat-alle-payloads","7":"product_cat-alle-producten","8":"product_cat-dji-matrice-300","9":"product_shipping_class-outofstock","10":"pa_brand-czi","11":"pa_productfamily-spotlight","12":"pa_producttype-spotlight","13":"pa_series-gl300","15":"first","16":"outofstock","17":"taxable","18":"shipping-taxable","19":"purchasable","20":"product-type-simple"},"acf":[],"yoast_head":"<!-- This site is optimized with the Yoast SEO Premium plugin v27.2 (Yoast SEO v27.2) - https:\/\/yoast.com\/product\/yoast-seo-premium-wordpress\/ -->\n<title>GL 300 Spotlight - koningdrone.be<\/title>\n<meta name=\"robots\" content=\"index, follow, max-snippet:-1, max-image-preview:large, max-video-preview:-1\" \/>\n<link rel=\"canonical\" href=\"https:\/\/koningdrone.be\/de\/produkt\/gl-300-spotlight\/\" \/>\n<meta property=\"og:locale\" content=\"de_DE\" \/>\n<meta property=\"og:type\" content=\"article\" \/>\n<meta property=\"og:title\" content=\"GL 300 Spotlight\" \/>\n<meta property=\"og:description\" content=\"Super hoog vermogen, superhelderheidBrede hoek om objecten in verschillende situaties te volgenOptimale optiek, geen reflectieve krommingStandaard interface met een universele houder\" \/>\n<meta property=\"og:url\" content=\"https:\/\/koningdrone.be\/de\/produkt\/gl-300-spotlight\/\" \/>\n<meta property=\"og:site_name\" content=\"koningdrone.be\" \/>\n<meta property=\"article:modified_time\" content=\"2026-04-13T13:30:03+00:00\" \/>\n<meta property=\"og:image\" content=\"https:\/\/koningdrone.be\/wp-content\/uploads\/sites\/13\/2025\/04\/6972073120142-1.jpg\" \/>\n\t<meta property=\"og:image:width\" content=\"800\" \/>\n\t<meta property=\"og:image:height\" content=\"600\" \/>\n\t<meta property=\"og:image:type\" content=\"image\/jpeg\" \/>\n<meta name=\"twitter:card\" content=\"summary_large_image\" \/>\n<meta name=\"twitter:label1\" content=\"Gesch\u00e4tzte Lesezeit\" \/>\n\t<meta name=\"twitter:data1\" content=\"1\u00a0Minute\" \/>\n<script type=\"application\/ld+json\" class=\"yoast-schema-graph\">{\"@context\":\"https:\/\/schema.org\",\"@graph\":[{\"@type\":\"WebPage\",\"@id\":\"https:\/\/koningdrone.be\/product\/gl-300-spotlight\/\",\"url\":\"https:\/\/koningdrone.be\/product\/gl-300-spotlight\/\",\"name\":\"GL 300 Spotlight - koningdrone.be\",\"isPartOf\":{\"@id\":\"https:\/\/koningdrone.be\/#website\"},\"primaryImageOfPage\":{\"@id\":\"https:\/\/koningdrone.be\/product\/gl-300-spotlight\/#primaryimage\"},\"image\":{\"@id\":\"https:\/\/koningdrone.be\/product\/gl-300-spotlight\/#primaryimage\"},\"thumbnailUrl\":\"https:\/\/koningdrone.be\/wp-content\/uploads\/sites\/13\/2025\/04\/6972073120142-1.jpg\",\"datePublished\":\"2021-10-03T08:00:20+00:00\",\"dateModified\":\"2026-04-13T13:30:03+00:00\",\"breadcrumb\":{\"@id\":\"https:\/\/koningdrone.be\/product\/gl-300-spotlight\/#breadcrumb\"},\"inLanguage\":\"de\",\"potentialAction\":[{\"@type\":\"ReadAction\",\"target\":[\"https:\/\/koningdrone.be\/product\/gl-300-spotlight\/\"]}]},{\"@type\":\"ImageObject\",\"inLanguage\":\"de\",\"@id\":\"https:\/\/koningdrone.be\/product\/gl-300-spotlight\/#primaryimage\",\"url\":\"https:\/\/koningdrone.be\/wp-content\/uploads\/sites\/13\/2025\/04\/6972073120142-1.jpg\",\"contentUrl\":\"https:\/\/koningdrone.be\/wp-content\/uploads\/sites\/13\/2025\/04\/6972073120142-1.jpg\",\"width\":800,\"height\":600},{\"@type\":\"BreadcrumbList\",\"@id\":\"https:\/\/koningdrone.be\/product\/gl-300-spotlight\/#breadcrumb\",\"itemListElement\":[{\"@type\":\"ListItem\",\"position\":1,\"name\":\"Home\",\"item\":\"https:\/\/koningdrone.be\/\"},{\"@type\":\"ListItem\",\"position\":2,\"name\":\"AVSS Parachute Recovery System for DJI Matrice 300\/350\",\"item\":\"https:\/\/koningdrone.be\/product\/avss-parachute-recovery-system-for-dji-matrice-300-350\/\"},{\"@type\":\"ListItem\",\"position\":3,\"name\":\"Alle payloads\",\"item\":\"https:\/\/koningdrone.be\/categorie\/alle-payloads\/\"},{\"@type\":\"ListItem\",\"position\":4,\"name\":\"GL 300 Spotlight\"}]},{\"@type\":\"WebSite\",\"@id\":\"https:\/\/koningdrone.be\/#website\",\"url\":\"https:\/\/koningdrone.be\/\",\"name\":\"Koningdrone.be - Uw online specialist in drones, gimbals, camera's en power stations.\",\"description\":\"De webshop in drones en gimbals\",\"publisher\":{\"@id\":\"https:\/\/koningdrone.be\/#organization\"},\"potentialAction\":[{\"@type\":\"SearchAction\",\"target\":{\"@type\":\"EntryPoint\",\"urlTemplate\":\"https:\/\/koningdrone.be\/?s={search_term_string}\"},\"query-input\":{\"@type\":\"PropertyValueSpecification\",\"valueRequired\":true,\"valueName\":\"search_term_string\"}}],\"inLanguage\":\"de\"},{\"@type\":\"Organization\",\"@id\":\"https:\/\/koningdrone.be\/#organization\",\"name\":\"Koningdrone.be\",\"url\":\"https:\/\/koningdrone.be\/\",\"logo\":{\"@type\":\"ImageObject\",\"inLanguage\":\"de\",\"@id\":\"https:\/\/koningdrone.be\/#\/schema\/logo\/image\/\",\"url\":\"https:\/\/koningdrone.be\/wp-content\/uploads\/sites\/13\/2025\/04\/koningdrone-copyright-logo.svg\",\"contentUrl\":\"https:\/\/koningdrone.be\/wp-content\/uploads\/sites\/13\/2025\/04\/koningdrone-copyright-logo.svg\",\"width\":227,\"height\":38,\"caption\":\"Koningdrone.be\"},\"image\":{\"@id\":\"https:\/\/koningdrone.be\/#\/schema\/logo\/image\/\"}}]}<\/script>\n<!-- \/ Yoast SEO Premium plugin. -->","yoast_head_json":{"title":"GL 300 Spotlight - koningdrone.be","robots":{"index":"index","follow":"follow","max-snippet":"max-snippet:-1","max-image-preview":"max-image-preview:large","max-video-preview":"max-video-preview:-1"},"canonical":"https:\/\/koningdrone.be\/de\/produkt\/gl-300-spotlight\/","og_locale":"de_DE","og_type":"article","og_title":"GL 300 Spotlight","og_description":"Super hoog vermogen, superhelderheidBrede hoek om objecten in verschillende situaties te volgenOptimale optiek, geen reflectieve krommingStandaard interface met een universele houder","og_url":"https:\/\/koningdrone.be\/de\/produkt\/gl-300-spotlight\/","og_site_name":"koningdrone.be","article_modified_time":"2026-04-13T13:30:03+00:00","og_image":[{"width":800,"height":600,"url":"https:\/\/koningdrone.be\/wp-content\/uploads\/sites\/13\/2025\/04\/6972073120142-1.jpg","type":"image\/jpeg"}],"twitter_card":"summary_large_image","twitter_misc":{"Gesch\u00e4tzte Lesezeit":"1\u00a0Minute"},"schema":{"@context":"https:\/\/schema.org","@graph":[{"@type":"WebPage","@id":"https:\/\/koningdrone.be\/product\/gl-300-spotlight\/","url":"https:\/\/koningdrone.be\/product\/gl-300-spotlight\/","name":"GL 300 Spotlight - koningdrone.be","isPartOf":{"@id":"https:\/\/koningdrone.be\/#website"},"primaryImageOfPage":{"@id":"https:\/\/koningdrone.be\/product\/gl-300-spotlight\/#primaryimage"},"image":{"@id":"https:\/\/koningdrone.be\/product\/gl-300-spotlight\/#primaryimage"},"thumbnailUrl":"https:\/\/koningdrone.be\/wp-content\/uploads\/sites\/13\/2025\/04\/6972073120142-1.jpg","datePublished":"2021-10-03T08:00:20+00:00","dateModified":"2026-04-13T13:30:03+00:00","breadcrumb":{"@id":"https:\/\/koningdrone.be\/product\/gl-300-spotlight\/#breadcrumb"},"inLanguage":"de","potentialAction":[{"@type":"ReadAction","target":["https:\/\/koningdrone.be\/product\/gl-300-spotlight\/"]}]},{"@type":"ImageObject","inLanguage":"de","@id":"https:\/\/koningdrone.be\/product\/gl-300-spotlight\/#primaryimage","url":"https:\/\/koningdrone.be\/wp-content\/uploads\/sites\/13\/2025\/04\/6972073120142-1.jpg","contentUrl":"https:\/\/koningdrone.be\/wp-content\/uploads\/sites\/13\/2025\/04\/6972073120142-1.jpg","width":800,"height":600},{"@type":"BreadcrumbList","@id":"https:\/\/koningdrone.be\/product\/gl-300-spotlight\/#breadcrumb","itemListElement":[{"@type":"ListItem","position":1,"name":"Home","item":"https:\/\/koningdrone.be\/"},{"@type":"ListItem","position":2,"name":"AVSS Parachute Recovery System for DJI Matrice 300\/350","item":"https:\/\/koningdrone.be\/product\/avss-parachute-recovery-system-for-dji-matrice-300-350\/"},{"@type":"ListItem","position":3,"name":"Alle payloads","item":"https:\/\/koningdrone.be\/categorie\/alle-payloads\/"},{"@type":"ListItem","position":4,"name":"GL 300 Spotlight"}]},{"@type":"WebSite","@id":"https:\/\/koningdrone.be\/#website","url":"https:\/\/koningdrone.be\/","name":"Koningdrone.be - Ihr Online-Spezialist f\u00fcr Drohnen, Gimbals, Kameras und Kraftwerke.","description":"Der Webshop f\u00fcr Drohnen und Gimbals","publisher":{"@id":"https:\/\/koningdrone.be\/#organization"},"potentialAction":[{"@type":"SearchAction","target":{"@type":"EntryPoint","urlTemplate":"https:\/\/koningdrone.be\/?s={search_term_string}"},"query-input":{"@type":"PropertyValueSpecification","valueRequired":true,"valueName":"search_term_string"}}],"inLanguage":"de"},{"@type":"Organization","@id":"https:\/\/koningdrone.be\/#organization","name":"Kingdrone.de","url":"https:\/\/koningdrone.be\/","logo":{"@type":"ImageObject","inLanguage":"de","@id":"https:\/\/koningdrone.be\/#\/schema\/logo\/image\/","url":"https:\/\/koningdrone.be\/wp-content\/uploads\/sites\/13\/2025\/04\/koningdrone-copyright-logo.svg","contentUrl":"https:\/\/koningdrone.be\/wp-content\/uploads\/sites\/13\/2025\/04\/koningdrone-copyright-logo.svg","width":227,"height":38,"caption":"Koningdrone.be"},"image":{"@id":"https:\/\/koningdrone.be\/#\/schema\/logo\/image\/"}}]}},"df_price":5499,"df_sale_price":"","df_regular_price":5499,"df_image_link":"https:\/\/koningdrone.be\/wp-content\/uploads\/sites\/13\/2025\/04\/6972073120142-1-300x225.jpg","_links":{"self":[{"href":"https:\/\/koningdrone.be\/de\/wp-json\/wp\/v2\/product\/6247","targetHints":{"allow":["GET"]}}],"collection":[{"href":"https:\/\/koningdrone.be\/de\/wp-json\/wp\/v2\/product"}],"about":[{"href":"https:\/\/koningdrone.be\/de\/wp-json\/wp\/v2\/types\/product"}],"wp:featuredmedia":[{"embeddable":true,"href":"https:\/\/koningdrone.be\/de\/wp-json\/wp\/v2\/media\/6245"}],"wp:attachment":[{"href":"https:\/\/koningdrone.be\/de\/wp-json\/wp\/v2\/media?parent=6247"}],"wp:term":[{"taxonomy":"product_brand","embeddable":true,"href":"https:\/\/koningdrone.be\/de\/wp-json\/wp\/v2\/product_brand?post=6247"},{"taxonomy":"product_cat","embeddable":true,"href":"https:\/\/koningdrone.be\/de\/wp-json\/wp\/v2\/product_cat?post=6247"},{"taxonomy":"product_tag","embeddable":true,"href":"https:\/\/koningdrone.be\/de\/wp-json\/wp\/v2\/product_tag?post=6247"}],"curies":[{"name":"wp","href":"https:\/\/api.w.org\/{rel}","templated":true}]}}