{"id":6239,"date":"2021-10-03T10:00:49","date_gmt":"2021-10-03T08:00:49","guid":{"rendered":"https:\/\/koningdrone.nl\/kon\/product\/dji-zenmuse-z15-a7\/"},"modified":"2026-04-29T07:50:07","modified_gmt":"2026-04-29T05:50:07","slug":"dji-zenmuse-z15-a7","status":"publish","type":"product","link":"https:\/\/koningdrone.be\/de\/produkt\/dji-zenmuse-z15-a7\/","title":{"rendered":"DJI Zenmuse Z15 A7"},"content":{"rendered":"<h1>DJI Zenmus Z15 A7<\/h1>\n<p>Der DJI Zenmuse Z15-A7 HD Gimbal basiert auf der Technologie der Zenmuse Z15 Serie und hat dank seines einzigartigen Designs das hervorragende Leistungsgewicht geerbt. Dieses Produkt stellt einen neuen Meilenstein im Bereich der Gimbal-Systeme dar, die Pr\u00e4zision des Einstellwinkels liegt in einem Bereich von \u00b10,02\u00b0. In Kombination mit dem professionellen DJI A2 Flugsteuerungssystem und einem Oktokopter kann der Gimbal die Kamera auch bei hohen Fluggeschwindigkeiten und starkem Wind stabilisieren und pr\u00e4zise steuern. Dieses System ist zweifellos die erste Wahl f\u00fcr professionelle Videoaufnahmen oder Luftbildfotografie.<br \/><strong>Ma\u00dfgeschneidertes Gimbal-Design f\u00fcr die Sony Alpha 7 \/ R<\/strong><br \/>Um die bestm\u00f6gliche Funktion der Gimbals zu gew\u00e4hrleisten, wurden sie von DJI an die neueste Kameratechnologie angepasst. Perfekt auf die Sony Alpha 7 \/ R abgestimmt, bietet der Zenmuse Z15-A7 HD Gimbal atemberaubende Low-Light-Ergebnisse und ist damit perfekt f\u00fcr Video-Enthusiasten, die auch bei Nacht 4K-Aufl\u00f6sung am Himmel w\u00fcnschen.<br \/><strong>DJI-Komplettl\u00f6sung als ausgezeichnete Wahl<\/strong><br \/>Das Zenmuse Z15-A7 HD Gimbal-System passt perfekt zu Oktokopter-Plattformen und den Steuerelektroniken A2 und Wookong-M f\u00fcr Multikopter und der Ace-Serie f\u00fcr Helikopter. Zusammen mit der DJI Lightbridge bilden diese Komponenten ein leistungsstarkes Komplettsystem, mit dem Sie perfekte Luftaufnahmen machen k\u00f6nnen und das einfach zu bedienen ist.<br \/><strong>Kontrollierbarer Drehwinkel in drei Achsen<\/strong><br \/>Das Zenmuse 3-Achsen-Gimbal-System hat ein fortschrittliches mechanisches Design. Das hintere Potentiometer erh\u00f6ht die Kontrolle, Stabilit\u00e4t und Pr\u00e4zision erheblich, und interne Schleifringe machen eine komplizierte Verkabelung \u00fcberfl\u00fcssig. Alle notwendigen Strom- und Signalleitungen sind in den Rahmen integriert, so dass sich der Gimbal ohne Einschr\u00e4nkungen in den Achsen drehen kann. Pan ist im Bereich von 360\u00b0 unbegrenzt, Tilt geht von -120\u00b0 bis +15\u00b0 und in der Rollachse werden \u00b125\u00b0 erreicht. Die Funktionsweise ist denkbar einfach, der Bewegungsradius des Senderkn\u00fcppels steuert die entsprechende Drehgeschwindigkeit.<br \/><strong>Eingebautes unabh\u00e4ngiges IMU- und Infrarot-Modul<\/strong><br \/>DJI hat in jahrelanger Entwicklungsarbeit den Algorithmus zur Lagestabilisierung perfektioniert. Kombiniert mit hochpr\u00e4ziser Mechanik erm\u00f6glicht dies eine absolut pr\u00e4zise Lageregelung. Da keine komplizierte Installation oder zus\u00e4tzliche Kabel erforderlich sind, ist die Installation entsprechend einfach und die Stabilit\u00e4t im Flug extrem hoch. Ein spezielles Videoausgangsmodul ist ebenfalls in den Gimbal integriert und erm\u00f6glicht die Fernausl\u00f6sung per Infrarot.<br \/><strong>Spezielles DJI Gimbal-Antriebskonzept<\/strong><br \/>Die Zenmuse Gimbal-Serie verf\u00fcgt dank der speziell entwickelten Antriebseinheit \u00fcber hervorragende und hochpr\u00e4zise Steuerungseigenschaften. Die hohe Pr\u00e4zision und Vibrationsarmut dieses Ger\u00e4ts bei gleichzeitig hohem Drehmoment ist ein weiteres Qualit\u00e4tsmerkmal, das f\u00fcr eine effiziente Stabilisierung entscheidend ist.<\/p>","protected":false},"excerpt":{"rendered":"<ul>\n<li>Hervorragendes Verh\u00e4ltnis von Leistung und Gewicht<\/li>\n<li>Die Genauigkeit des Einstellwinkels liegt im Bereich von \u00b1 0,02\u00b0.<\/li>\n<li>Pr\u00e4zise Stabilisierung und Steuerung bei hohen Fluggeschwindigkeiten und starkem Wind<\/li>\n<\/ul>","protected":false},"featured_media":6235,"template":"","meta":{"_acf_changed":false},"product_brand":[],"product_cat":[298,97,316],"product_tag":[],"class_list":{"0":"post-6239","1":"product","2":"type-product","3":"status-publish","4":"has-post-thumbnail","6":"product_cat-alle-industriele-camera","7":"product_cat-alle-producten","8":"product_cat-dji-zenmuse","9":"product_shipping_class-outofstock","10":"pa_brand-dji","11":"pa_productfamily-gimbal","12":"pa_producttype-gimbal","13":"pa_series-zenmuse-z15","15":"first","16":"outofstock","17":"taxable","18":"shipping-taxable","19":"product-type-simple"},"acf":[],"yoast_head":"<!-- This site is optimized with the Yoast SEO Premium plugin v27.2 (Yoast SEO v27.2) - https:\/\/yoast.com\/product\/yoast-seo-premium-wordpress\/ -->\n<title>DJI Zenmuse Z15 A7 - koningdrone.be<\/title>\n<meta name=\"robots\" content=\"index, follow, max-snippet:-1, max-image-preview:large, max-video-preview:-1\" \/>\n<link rel=\"canonical\" href=\"https:\/\/koningdrone.be\/de\/produkt\/dji-zenmuse-z15-a7\/\" \/>\n<meta property=\"og:locale\" content=\"de_DE\" \/>\n<meta property=\"og:type\" content=\"article\" \/>\n<meta property=\"og:title\" content=\"DJI Zenmuse Z15 A7\" \/>\n<meta property=\"og:description\" content=\"Uitstekende vermogen-gewichtsverhoudingPrecisie van de instelhoek ligt in een bereik van \u00b1 0,02 \u00b0Bij hoge vliegsnelheden en bij harde wind stabiliseren en nauwkeurig besturen\" \/>\n<meta property=\"og:url\" content=\"https:\/\/koningdrone.be\/de\/produkt\/dji-zenmuse-z15-a7\/\" \/>\n<meta property=\"og:site_name\" content=\"koningdrone.be\" \/>\n<meta property=\"article:modified_time\" content=\"2026-04-29T05:50:07+00:00\" \/>\n<meta property=\"og:image\" content=\"https:\/\/koningdrone.be\/wp-content\/uploads\/sites\/13\/2025\/04\/6958265113581-2.jpg\" \/>\n\t<meta property=\"og:image:width\" content=\"800\" \/>\n\t<meta property=\"og:image:height\" content=\"500\" \/>\n\t<meta property=\"og:image:type\" content=\"image\/jpeg\" \/>\n<meta name=\"twitter:card\" content=\"summary_large_image\" \/>\n<meta name=\"twitter:label1\" content=\"Gesch\u00e4tzte Lesezeit\" \/>\n\t<meta name=\"twitter:data1\" content=\"2\u00a0Minuten\" \/>\n<script type=\"application\/ld+json\" class=\"yoast-schema-graph\">{\"@context\":\"https:\/\/schema.org\",\"@graph\":[{\"@type\":\"WebPage\",\"@id\":\"https:\/\/koningdrone.be\/product\/dji-zenmuse-z15-a7\/\",\"url\":\"https:\/\/koningdrone.be\/product\/dji-zenmuse-z15-a7\/\",\"name\":\"DJI Zenmuse Z15 A7 - koningdrone.be\",\"isPartOf\":{\"@id\":\"https:\/\/koningdrone.be\/#website\"},\"primaryImageOfPage\":{\"@id\":\"https:\/\/koningdrone.be\/product\/dji-zenmuse-z15-a7\/#primaryimage\"},\"image\":{\"@id\":\"https:\/\/koningdrone.be\/product\/dji-zenmuse-z15-a7\/#primaryimage\"},\"thumbnailUrl\":\"https:\/\/koningdrone.be\/wp-content\/uploads\/sites\/13\/2025\/04\/6958265113581-2.jpg\",\"datePublished\":\"2021-10-03T08:00:49+00:00\",\"dateModified\":\"2026-04-29T05:50:07+00:00\",\"breadcrumb\":{\"@id\":\"https:\/\/koningdrone.be\/product\/dji-zenmuse-z15-a7\/#breadcrumb\"},\"inLanguage\":\"de\",\"potentialAction\":[{\"@type\":\"ReadAction\",\"target\":[\"https:\/\/koningdrone.be\/product\/dji-zenmuse-z15-a7\/\"]}]},{\"@type\":\"ImageObject\",\"inLanguage\":\"de\",\"@id\":\"https:\/\/koningdrone.be\/product\/dji-zenmuse-z15-a7\/#primaryimage\",\"url\":\"https:\/\/koningdrone.be\/wp-content\/uploads\/sites\/13\/2025\/04\/6958265113581-2.jpg\",\"contentUrl\":\"https:\/\/koningdrone.be\/wp-content\/uploads\/sites\/13\/2025\/04\/6958265113581-2.jpg\",\"width\":800,\"height\":500},{\"@type\":\"BreadcrumbList\",\"@id\":\"https:\/\/koningdrone.be\/product\/dji-zenmuse-z15-a7\/#breadcrumb\",\"itemListElement\":[{\"@type\":\"ListItem\",\"position\":1,\"name\":\"Home\",\"item\":\"https:\/\/koningdrone.be\/\"},{\"@type\":\"ListItem\",\"position\":2,\"name\":\"AVSS Parachute Recovery System for DJI Matrice 300\/350\",\"item\":\"https:\/\/koningdrone.be\/product\/avss-parachute-recovery-system-for-dji-matrice-300-350\/\"},{\"@type\":\"ListItem\",\"position\":3,\"name\":\"Alle industriele camera\",\"item\":\"https:\/\/koningdrone.be\/categorie\/alle-industriele-camera\/\"},{\"@type\":\"ListItem\",\"position\":4,\"name\":\"DJI Zenmuse Z15 A7\"}]},{\"@type\":\"WebSite\",\"@id\":\"https:\/\/koningdrone.be\/#website\",\"url\":\"https:\/\/koningdrone.be\/\",\"name\":\"Koningdrone.be - Uw online specialist in drones, gimbals, camera's en power stations.\",\"description\":\"De webshop in drones en gimbals\",\"publisher\":{\"@id\":\"https:\/\/koningdrone.be\/#organization\"},\"potentialAction\":[{\"@type\":\"SearchAction\",\"target\":{\"@type\":\"EntryPoint\",\"urlTemplate\":\"https:\/\/koningdrone.be\/?s={search_term_string}\"},\"query-input\":{\"@type\":\"PropertyValueSpecification\",\"valueRequired\":true,\"valueName\":\"search_term_string\"}}],\"inLanguage\":\"de\"},{\"@type\":\"Organization\",\"@id\":\"https:\/\/koningdrone.be\/#organization\",\"name\":\"Koningdrone.be\",\"url\":\"https:\/\/koningdrone.be\/\",\"logo\":{\"@type\":\"ImageObject\",\"inLanguage\":\"de\",\"@id\":\"https:\/\/koningdrone.be\/#\/schema\/logo\/image\/\",\"url\":\"https:\/\/koningdrone.be\/wp-content\/uploads\/sites\/13\/2025\/04\/koningdrone-copyright-logo.svg\",\"contentUrl\":\"https:\/\/koningdrone.be\/wp-content\/uploads\/sites\/13\/2025\/04\/koningdrone-copyright-logo.svg\",\"width\":227,\"height\":38,\"caption\":\"Koningdrone.be\"},\"image\":{\"@id\":\"https:\/\/koningdrone.be\/#\/schema\/logo\/image\/\"}}]}<\/script>\n<!-- \/ Yoast SEO Premium plugin. -->","yoast_head_json":{"title":"DJI Zenmuse Z15 A7 - koningdrone.be","robots":{"index":"index","follow":"follow","max-snippet":"max-snippet:-1","max-image-preview":"max-image-preview:large","max-video-preview":"max-video-preview:-1"},"canonical":"https:\/\/koningdrone.be\/de\/produkt\/dji-zenmuse-z15-a7\/","og_locale":"de_DE","og_type":"article","og_title":"DJI Zenmuse Z15 A7","og_description":"Uitstekende vermogen-gewichtsverhoudingPrecisie van de instelhoek ligt in een bereik van \u00b1 0,02 \u00b0Bij hoge vliegsnelheden en bij harde wind stabiliseren en nauwkeurig besturen","og_url":"https:\/\/koningdrone.be\/de\/produkt\/dji-zenmuse-z15-a7\/","og_site_name":"koningdrone.be","article_modified_time":"2026-04-29T05:50:07+00:00","og_image":[{"width":800,"height":500,"url":"https:\/\/koningdrone.be\/wp-content\/uploads\/sites\/13\/2025\/04\/6958265113581-2.jpg","type":"image\/jpeg"}],"twitter_card":"summary_large_image","twitter_misc":{"Gesch\u00e4tzte Lesezeit":"2\u00a0Minuten"},"schema":{"@context":"https:\/\/schema.org","@graph":[{"@type":"WebPage","@id":"https:\/\/koningdrone.be\/product\/dji-zenmuse-z15-a7\/","url":"https:\/\/koningdrone.be\/product\/dji-zenmuse-z15-a7\/","name":"DJI Zenmuse Z15 A7 - koningdrone.be","isPartOf":{"@id":"https:\/\/koningdrone.be\/#website"},"primaryImageOfPage":{"@id":"https:\/\/koningdrone.be\/product\/dji-zenmuse-z15-a7\/#primaryimage"},"image":{"@id":"https:\/\/koningdrone.be\/product\/dji-zenmuse-z15-a7\/#primaryimage"},"thumbnailUrl":"https:\/\/koningdrone.be\/wp-content\/uploads\/sites\/13\/2025\/04\/6958265113581-2.jpg","datePublished":"2021-10-03T08:00:49+00:00","dateModified":"2026-04-29T05:50:07+00:00","breadcrumb":{"@id":"https:\/\/koningdrone.be\/product\/dji-zenmuse-z15-a7\/#breadcrumb"},"inLanguage":"de","potentialAction":[{"@type":"ReadAction","target":["https:\/\/koningdrone.be\/product\/dji-zenmuse-z15-a7\/"]}]},{"@type":"ImageObject","inLanguage":"de","@id":"https:\/\/koningdrone.be\/product\/dji-zenmuse-z15-a7\/#primaryimage","url":"https:\/\/koningdrone.be\/wp-content\/uploads\/sites\/13\/2025\/04\/6958265113581-2.jpg","contentUrl":"https:\/\/koningdrone.be\/wp-content\/uploads\/sites\/13\/2025\/04\/6958265113581-2.jpg","width":800,"height":500},{"@type":"BreadcrumbList","@id":"https:\/\/koningdrone.be\/product\/dji-zenmuse-z15-a7\/#breadcrumb","itemListElement":[{"@type":"ListItem","position":1,"name":"Home","item":"https:\/\/koningdrone.be\/"},{"@type":"ListItem","position":2,"name":"AVSS Parachute Recovery System for DJI Matrice 300\/350","item":"https:\/\/koningdrone.be\/product\/avss-parachute-recovery-system-for-dji-matrice-300-350\/"},{"@type":"ListItem","position":3,"name":"Alle industriele camera","item":"https:\/\/koningdrone.be\/categorie\/alle-industriele-camera\/"},{"@type":"ListItem","position":4,"name":"DJI Zenmuse Z15 A7"}]},{"@type":"WebSite","@id":"https:\/\/koningdrone.be\/#website","url":"https:\/\/koningdrone.be\/","name":"Koningdrone.be - Ihr Online-Spezialist f\u00fcr Drohnen, Gimbals, Kameras und Kraftwerke.","description":"Der Webshop f\u00fcr Drohnen und Gimbals","publisher":{"@id":"https:\/\/koningdrone.be\/#organization"},"potentialAction":[{"@type":"SearchAction","target":{"@type":"EntryPoint","urlTemplate":"https:\/\/koningdrone.be\/?s={search_term_string}"},"query-input":{"@type":"PropertyValueSpecification","valueRequired":true,"valueName":"search_term_string"}}],"inLanguage":"de"},{"@type":"Organization","@id":"https:\/\/koningdrone.be\/#organization","name":"Kingdrone.de","url":"https:\/\/koningdrone.be\/","logo":{"@type":"ImageObject","inLanguage":"de","@id":"https:\/\/koningdrone.be\/#\/schema\/logo\/image\/","url":"https:\/\/koningdrone.be\/wp-content\/uploads\/sites\/13\/2025\/04\/koningdrone-copyright-logo.svg","contentUrl":"https:\/\/koningdrone.be\/wp-content\/uploads\/sites\/13\/2025\/04\/koningdrone-copyright-logo.svg","width":227,"height":38,"caption":"Koningdrone.be"},"image":{"@id":"https:\/\/koningdrone.be\/#\/schema\/logo\/image\/"}}]}},"df_price":"","df_sale_price":"","df_regular_price":"","df_image_link":"https:\/\/koningdrone.be\/wp-content\/uploads\/sites\/13\/2025\/04\/6958265113581-2-300x188.jpg","_links":{"self":[{"href":"https:\/\/koningdrone.be\/de\/wp-json\/wp\/v2\/product\/6239","targetHints":{"allow":["GET"]}}],"collection":[{"href":"https:\/\/koningdrone.be\/de\/wp-json\/wp\/v2\/product"}],"about":[{"href":"https:\/\/koningdrone.be\/de\/wp-json\/wp\/v2\/types\/product"}],"wp:featuredmedia":[{"embeddable":true,"href":"https:\/\/koningdrone.be\/de\/wp-json\/wp\/v2\/media\/6235"}],"wp:attachment":[{"href":"https:\/\/koningdrone.be\/de\/wp-json\/wp\/v2\/media?parent=6239"}],"wp:term":[{"taxonomy":"product_brand","embeddable":true,"href":"https:\/\/koningdrone.be\/de\/wp-json\/wp\/v2\/product_brand?post=6239"},{"taxonomy":"product_cat","embeddable":true,"href":"https:\/\/koningdrone.be\/de\/wp-json\/wp\/v2\/product_cat?post=6239"},{"taxonomy":"product_tag","embeddable":true,"href":"https:\/\/koningdrone.be\/de\/wp-json\/wp\/v2\/product_tag?post=6239"}],"curies":[{"name":"wp","href":"https:\/\/api.w.org\/{rel}","templated":true}]}}