{"id":6234,"date":"2021-10-03T10:00:49","date_gmt":"2021-10-03T08:00:49","guid":{"rendered":"https:\/\/koningdrone.nl\/kon\/product\/gl-60-zoom-gimbal-spotlight\/"},"modified":"2026-04-29T08:20:51","modified_gmt":"2026-04-29T06:20:51","slug":"gl-60-zoom-gimbal-spotlight","status":"publish","type":"product","link":"https:\/\/koningdrone.be\/de\/produkt\/gl-60-zoom-gimbal-spotlight\/","title":{"rendered":"GL 60 Zoom Kardanischer Scheinwerfer"},"content":{"rendered":"<h1>GL 60 Zoom Kardanischer Scheinwerfer<\/h1>\n<p><strong>Plug-and-play-Gimbal f\u00fcr DJI-Drohnen<\/strong><br \/>Der CZI GL60 Zoom Gimbal Spotlight ist ein leistungsstarker und heller Zoom-Scheinwerfer.<br \/>Es handelt sich um eine Plug-and-Play-Nutzlast, die mit der DJI M300 RTK und der Dji matrice 200 series V2 \u00fcber die DJI SkyPort V2.0-Schnittstelle kompatibel ist.<br \/>Mit einer optischen Abbildungsstruktur aus mehreren Linsen kann der Scheinwerfer Licht aus Winkeln von 7\u00b0 bis 34\u00b0 ausstrahlen, um die Bereiche zu beleuchten, auf die es ankommt - aus 200 Metern Entfernung.<br \/>Diese F\u00e4higkeiten, zusammen mit der extrem hohen Helligkeit und Farbgleichm\u00e4\u00dfigkeit, bieten eine flexible, bequeme und leistungsstarke Beleuchtungsstrategie f\u00fcr n\u00e4chtliche oder lichtschwache Drohneneins\u00e4tze.<br \/>Der Scheinwerfer kann Ziele verfolgen, verf\u00fcgt \u00fcber eine Vielzahl von Beleuchtungsmodi und hat ein vollst\u00e4ndig abgedichtetes, l\u00fcfterloses Design f\u00fcr verbesserte wasser- und staubdichte Leistung.<br \/>Steuern Sie den Scheinwerfer \u00fcber die DJI Pilot App, um zwischen normalem Licht und Blitzmodus zu wechseln und automatisch der Drehung der Schwenk-Neige-Zoom-Kamera zu folgen.<br \/>Das GL60 Zoom Spotlight - mit seiner neuen Zoomfunktion - basiert auf der GL60 Fixfokus-Nutzlast.<br \/><strong>Mehrere Modi<\/strong><br \/> - Verf\u00fcgt \u00fcber einen starken Blitzlichtmodus;<br \/> - Schicken Sie den Scheinwerfer und das Flutlicht;<br \/> - Abschlie\u00dfbar zur Erfassung bewegter Objekte;<br \/> - Kontinuierliche Verfolgung der Strahlung;<br \/> - Verfolgt den Zoom und die Drehung der Kamera.<br \/><strong>Robuste Konstruktion<\/strong><br \/> - Vollst\u00e4ndig abgedichtetes l\u00fcfterloses Design;<br \/> - Bessere wasser- und staubdichte Leistung;<br \/> - Fortgeschrittenes automatisches Temperaturkontrollsystem.<br \/><strong>DJI-Kompatibilit\u00e4t<\/strong><br \/> - Kompatibel mit DJI M300 RTK und M200 Serie V2;<br \/> - Plug-and-Play mit dem DJI SkyPort Universal-Adapterring;<br \/> - Steuerung \u00fcber DJI Pilot App;<br \/> - Verwendung in Kombination mit anderen Nutzlasten, wie z. B. der H20-Serie, f\u00fcr eine erh\u00f6hte Effektivit\u00e4t der Mission.<br \/><strong>GL60 Zoom Spotlight Einsatzszenarien und Anwendungen<\/strong><br \/>Das GL60 Zoom Spotlight ist ein vielseitiges Werkzeug, das f\u00fcr eine Reihe von Anwendungen eingesetzt werden kann.<br \/>Es kann auch zusammen mit anderen Nutzlasten verwendet werden, wie z. B. dem H20-Kamera-Array f\u00fcr das M300 RTK (Bild), um das helle Scheinwerferlicht mit anderen Bildgebungsfunktionen wie Zoom, W\u00e4rmebild und Laserentfernungsmesser zu kombinieren und so die Effektivit\u00e4t der Mission zu erh\u00f6hen.<br \/>Geeignete Einsatzszenarien f\u00fcr den GL60 Zoom Spotlight sind unter anderem:<br \/> - Nachtpatrouillen-Drohne;<br \/> - Suchen und speichern;<br \/> - Nachtinspektionen oder Inspektionen bei schwachem Licht;<br \/> - Film\/TV-Licht-Beilage;<br \/> - Reparatur von Elektrizit\u00e4t oder \u00dcberwachung von Stromleitungen;<br \/> - Notbeleuchtung nach einem Stromausfall oder nach einem Vorfall wie einem Brand.<\/p>","protected":false},"excerpt":{"rendered":"<ul>\n<li>Nennleistung bis zu 65 W;<\/li>\n<li>Effektive Bestrahlung bis zu 200 Meter;<\/li>\n<li>Flexible Helligkeitsregelung;<\/li>\n<li>Struktur der Fresnel-Linse mit optischem Zoom;<\/li>\n<li>Beleuchtungswinkel 7\u00b0 bis 34\u00b0.<\/li>\n<\/ul>","protected":false},"featured_media":6233,"template":"","meta":{"_acf_changed":false},"product_brand":[],"product_cat":[126,97,152],"product_tag":[],"class_list":{"0":"post-6234","1":"product","2":"type-product","3":"status-publish","4":"has-post-thumbnail","6":"product_cat-alle-payloads","7":"product_cat-alle-producten","8":"product_cat-dji-matrice-300","9":"product_shipping_class-outofstock","10":"pa_brand-czi","11":"pa_productfamily-spotlight","12":"pa_producttype-spotlight","13":"pa_series-gl60","15":"first","16":"outofstock","17":"taxable","18":"shipping-taxable","19":"product-type-simple"},"acf":[],"yoast_head":"<!-- This site is optimized with the Yoast SEO Premium plugin v27.2 (Yoast SEO v27.2) - https:\/\/yoast.com\/product\/yoast-seo-premium-wordpress\/ -->\n<title>GL 60 Zoom Gimbal Spotlight - koningdrone.be<\/title>\n<meta name=\"robots\" content=\"index, follow, max-snippet:-1, max-image-preview:large, max-video-preview:-1\" \/>\n<link rel=\"canonical\" href=\"https:\/\/koningdrone.be\/de\/produkt\/gl-60-zoom-gimbal-spotlight\/\" \/>\n<meta property=\"og:locale\" content=\"de_DE\" \/>\n<meta property=\"og:type\" content=\"article\" \/>\n<meta property=\"og:title\" content=\"GL 60 Zoom Gimbal Spotlight\" \/>\n<meta property=\"og:description\" content=\"Nominaal vermogen tot 65W;Effectieve bestraling tot 200 meter;Flexibele helderheidsregeling;Fresnel-lens optische zoomstructuur;7\u00b0 tot 34\u00b0 verlichtingshoek.\" \/>\n<meta property=\"og:url\" content=\"https:\/\/koningdrone.be\/de\/produkt\/gl-60-zoom-gimbal-spotlight\/\" \/>\n<meta property=\"og:site_name\" content=\"koningdrone.be\" \/>\n<meta property=\"article:modified_time\" content=\"2026-04-29T06:20:51+00:00\" \/>\n<meta property=\"og:image\" content=\"https:\/\/koningdrone.be\/wp-content\/uploads\/sites\/13\/2025\/04\/6972073120081-3.jpg\" \/>\n\t<meta property=\"og:image:width\" content=\"800\" \/>\n\t<meta property=\"og:image:height\" content=\"800\" \/>\n\t<meta property=\"og:image:type\" content=\"image\/jpeg\" \/>\n<meta name=\"twitter:card\" content=\"summary_large_image\" \/>\n<meta name=\"twitter:label1\" content=\"Gesch\u00e4tzte Lesezeit\" \/>\n\t<meta name=\"twitter:data1\" content=\"2\u00a0Minuten\" \/>\n<script type=\"application\/ld+json\" class=\"yoast-schema-graph\">{\"@context\":\"https:\/\/schema.org\",\"@graph\":[{\"@type\":\"WebPage\",\"@id\":\"https:\/\/koningdrone.be\/product\/gl-60-zoom-gimbal-spotlight\/\",\"url\":\"https:\/\/koningdrone.be\/product\/gl-60-zoom-gimbal-spotlight\/\",\"name\":\"GL 60 Zoom Gimbal Spotlight - koningdrone.be\",\"isPartOf\":{\"@id\":\"https:\/\/koningdrone.be\/#website\"},\"primaryImageOfPage\":{\"@id\":\"https:\/\/koningdrone.be\/product\/gl-60-zoom-gimbal-spotlight\/#primaryimage\"},\"image\":{\"@id\":\"https:\/\/koningdrone.be\/product\/gl-60-zoom-gimbal-spotlight\/#primaryimage\"},\"thumbnailUrl\":\"https:\/\/koningdrone.be\/wp-content\/uploads\/sites\/13\/2025\/04\/6972073120081-3.jpg\",\"datePublished\":\"2021-10-03T08:00:49+00:00\",\"dateModified\":\"2026-04-29T06:20:51+00:00\",\"breadcrumb\":{\"@id\":\"https:\/\/koningdrone.be\/product\/gl-60-zoom-gimbal-spotlight\/#breadcrumb\"},\"inLanguage\":\"de\",\"potentialAction\":[{\"@type\":\"ReadAction\",\"target\":[\"https:\/\/koningdrone.be\/product\/gl-60-zoom-gimbal-spotlight\/\"]}]},{\"@type\":\"ImageObject\",\"inLanguage\":\"de\",\"@id\":\"https:\/\/koningdrone.be\/product\/gl-60-zoom-gimbal-spotlight\/#primaryimage\",\"url\":\"https:\/\/koningdrone.be\/wp-content\/uploads\/sites\/13\/2025\/04\/6972073120081-3.jpg\",\"contentUrl\":\"https:\/\/koningdrone.be\/wp-content\/uploads\/sites\/13\/2025\/04\/6972073120081-3.jpg\",\"width\":800,\"height\":800},{\"@type\":\"BreadcrumbList\",\"@id\":\"https:\/\/koningdrone.be\/product\/gl-60-zoom-gimbal-spotlight\/#breadcrumb\",\"itemListElement\":[{\"@type\":\"ListItem\",\"position\":1,\"name\":\"Home\",\"item\":\"https:\/\/koningdrone.be\/\"},{\"@type\":\"ListItem\",\"position\":2,\"name\":\"AVSS Parachute Recovery System for DJI Matrice 300\/350\",\"item\":\"https:\/\/koningdrone.be\/product\/avss-parachute-recovery-system-for-dji-matrice-300-350\/\"},{\"@type\":\"ListItem\",\"position\":3,\"name\":\"Alle payloads\",\"item\":\"https:\/\/koningdrone.be\/categorie\/alle-payloads\/\"},{\"@type\":\"ListItem\",\"position\":4,\"name\":\"GL 60 Zoom Gimbal Spotlight\"}]},{\"@type\":\"WebSite\",\"@id\":\"https:\/\/koningdrone.be\/#website\",\"url\":\"https:\/\/koningdrone.be\/\",\"name\":\"Koningdrone.be - Uw online specialist in drones, gimbals, camera's en power stations.\",\"description\":\"De webshop in drones en gimbals\",\"publisher\":{\"@id\":\"https:\/\/koningdrone.be\/#organization\"},\"potentialAction\":[{\"@type\":\"SearchAction\",\"target\":{\"@type\":\"EntryPoint\",\"urlTemplate\":\"https:\/\/koningdrone.be\/?s={search_term_string}\"},\"query-input\":{\"@type\":\"PropertyValueSpecification\",\"valueRequired\":true,\"valueName\":\"search_term_string\"}}],\"inLanguage\":\"de\"},{\"@type\":\"Organization\",\"@id\":\"https:\/\/koningdrone.be\/#organization\",\"name\":\"Koningdrone.be\",\"url\":\"https:\/\/koningdrone.be\/\",\"logo\":{\"@type\":\"ImageObject\",\"inLanguage\":\"de\",\"@id\":\"https:\/\/koningdrone.be\/#\/schema\/logo\/image\/\",\"url\":\"https:\/\/koningdrone.be\/wp-content\/uploads\/sites\/13\/2025\/04\/koningdrone-copyright-logo.svg\",\"contentUrl\":\"https:\/\/koningdrone.be\/wp-content\/uploads\/sites\/13\/2025\/04\/koningdrone-copyright-logo.svg\",\"width\":227,\"height\":38,\"caption\":\"Koningdrone.be\"},\"image\":{\"@id\":\"https:\/\/koningdrone.be\/#\/schema\/logo\/image\/\"}}]}<\/script>\n<!-- \/ Yoast SEO Premium plugin. -->","yoast_head_json":{"title":"GL 60 Zoom Gimbal Spotlight - koningdrone.be","robots":{"index":"index","follow":"follow","max-snippet":"max-snippet:-1","max-image-preview":"max-image-preview:large","max-video-preview":"max-video-preview:-1"},"canonical":"https:\/\/koningdrone.be\/de\/produkt\/gl-60-zoom-gimbal-spotlight\/","og_locale":"de_DE","og_type":"article","og_title":"GL 60 Zoom Gimbal Spotlight","og_description":"Nominaal vermogen tot 65W;Effectieve bestraling tot 200 meter;Flexibele helderheidsregeling;Fresnel-lens optische zoomstructuur;7\u00b0 tot 34\u00b0 verlichtingshoek.","og_url":"https:\/\/koningdrone.be\/de\/produkt\/gl-60-zoom-gimbal-spotlight\/","og_site_name":"koningdrone.be","article_modified_time":"2026-04-29T06:20:51+00:00","og_image":[{"width":800,"height":800,"url":"https:\/\/koningdrone.be\/wp-content\/uploads\/sites\/13\/2025\/04\/6972073120081-3.jpg","type":"image\/jpeg"}],"twitter_card":"summary_large_image","twitter_misc":{"Gesch\u00e4tzte Lesezeit":"2\u00a0Minuten"},"schema":{"@context":"https:\/\/schema.org","@graph":[{"@type":"WebPage","@id":"https:\/\/koningdrone.be\/product\/gl-60-zoom-gimbal-spotlight\/","url":"https:\/\/koningdrone.be\/product\/gl-60-zoom-gimbal-spotlight\/","name":"GL 60 Zoom Gimbal Spotlight - koningdrone.be","isPartOf":{"@id":"https:\/\/koningdrone.be\/#website"},"primaryImageOfPage":{"@id":"https:\/\/koningdrone.be\/product\/gl-60-zoom-gimbal-spotlight\/#primaryimage"},"image":{"@id":"https:\/\/koningdrone.be\/product\/gl-60-zoom-gimbal-spotlight\/#primaryimage"},"thumbnailUrl":"https:\/\/koningdrone.be\/wp-content\/uploads\/sites\/13\/2025\/04\/6972073120081-3.jpg","datePublished":"2021-10-03T08:00:49+00:00","dateModified":"2026-04-29T06:20:51+00:00","breadcrumb":{"@id":"https:\/\/koningdrone.be\/product\/gl-60-zoom-gimbal-spotlight\/#breadcrumb"},"inLanguage":"de","potentialAction":[{"@type":"ReadAction","target":["https:\/\/koningdrone.be\/product\/gl-60-zoom-gimbal-spotlight\/"]}]},{"@type":"ImageObject","inLanguage":"de","@id":"https:\/\/koningdrone.be\/product\/gl-60-zoom-gimbal-spotlight\/#primaryimage","url":"https:\/\/koningdrone.be\/wp-content\/uploads\/sites\/13\/2025\/04\/6972073120081-3.jpg","contentUrl":"https:\/\/koningdrone.be\/wp-content\/uploads\/sites\/13\/2025\/04\/6972073120081-3.jpg","width":800,"height":800},{"@type":"BreadcrumbList","@id":"https:\/\/koningdrone.be\/product\/gl-60-zoom-gimbal-spotlight\/#breadcrumb","itemListElement":[{"@type":"ListItem","position":1,"name":"Home","item":"https:\/\/koningdrone.be\/"},{"@type":"ListItem","position":2,"name":"AVSS Parachute Recovery System for DJI Matrice 300\/350","item":"https:\/\/koningdrone.be\/product\/avss-parachute-recovery-system-for-dji-matrice-300-350\/"},{"@type":"ListItem","position":3,"name":"Alle payloads","item":"https:\/\/koningdrone.be\/categorie\/alle-payloads\/"},{"@type":"ListItem","position":4,"name":"GL 60 Zoom Gimbal Spotlight"}]},{"@type":"WebSite","@id":"https:\/\/koningdrone.be\/#website","url":"https:\/\/koningdrone.be\/","name":"Koningdrone.be - Ihr Online-Spezialist f\u00fcr Drohnen, Gimbals, Kameras und Kraftwerke.","description":"Der Webshop f\u00fcr Drohnen und Gimbals","publisher":{"@id":"https:\/\/koningdrone.be\/#organization"},"potentialAction":[{"@type":"SearchAction","target":{"@type":"EntryPoint","urlTemplate":"https:\/\/koningdrone.be\/?s={search_term_string}"},"query-input":{"@type":"PropertyValueSpecification","valueRequired":true,"valueName":"search_term_string"}}],"inLanguage":"de"},{"@type":"Organization","@id":"https:\/\/koningdrone.be\/#organization","name":"Kingdrone.de","url":"https:\/\/koningdrone.be\/","logo":{"@type":"ImageObject","inLanguage":"de","@id":"https:\/\/koningdrone.be\/#\/schema\/logo\/image\/","url":"https:\/\/koningdrone.be\/wp-content\/uploads\/sites\/13\/2025\/04\/koningdrone-copyright-logo.svg","contentUrl":"https:\/\/koningdrone.be\/wp-content\/uploads\/sites\/13\/2025\/04\/koningdrone-copyright-logo.svg","width":227,"height":38,"caption":"Koningdrone.be"},"image":{"@id":"https:\/\/koningdrone.be\/#\/schema\/logo\/image\/"}}]}},"df_price":"","df_sale_price":"","df_regular_price":"","df_image_link":"https:\/\/koningdrone.be\/wp-content\/uploads\/sites\/13\/2025\/04\/6972073120081-3-300x300.jpg","_links":{"self":[{"href":"https:\/\/koningdrone.be\/de\/wp-json\/wp\/v2\/product\/6234","targetHints":{"allow":["GET"]}}],"collection":[{"href":"https:\/\/koningdrone.be\/de\/wp-json\/wp\/v2\/product"}],"about":[{"href":"https:\/\/koningdrone.be\/de\/wp-json\/wp\/v2\/types\/product"}],"wp:featuredmedia":[{"embeddable":true,"href":"https:\/\/koningdrone.be\/de\/wp-json\/wp\/v2\/media\/6233"}],"wp:attachment":[{"href":"https:\/\/koningdrone.be\/de\/wp-json\/wp\/v2\/media?parent=6234"}],"wp:term":[{"taxonomy":"product_brand","embeddable":true,"href":"https:\/\/koningdrone.be\/de\/wp-json\/wp\/v2\/product_brand?post=6234"},{"taxonomy":"product_cat","embeddable":true,"href":"https:\/\/koningdrone.be\/de\/wp-json\/wp\/v2\/product_cat?post=6234"},{"taxonomy":"product_tag","embeddable":true,"href":"https:\/\/koningdrone.be\/de\/wp-json\/wp\/v2\/product_tag?post=6234"}],"curies":[{"name":"wp","href":"https:\/\/api.w.org\/{rel}","templated":true}]}}