{"id":6226,"date":"2021-10-03T10:01:49","date_gmt":"2021-10-03T08:01:49","guid":{"rendered":"https:\/\/koningdrone.nl\/kon\/product\/dji-zenmuse-z15-sony-nex7\/"},"modified":"2026-04-29T07:50:12","modified_gmt":"2026-04-29T05:50:12","slug":"dji-zenmuse-z15-sony-nex7","status":"publish","type":"product","link":"https:\/\/koningdrone.be\/de\/produkt\/dji-zenmuse-z15-sony-nex7\/","title":{"rendered":"DJI Zenmuse Z15 Sony Nex7"},"content":{"rendered":"<h1>DJI Zenmus Z15 Sony Nex7<\/h1>\n<p>Professioneller 3-Achsen-Kamera-Gimbal mit Hightech-Sensoren:<br \/>Der DJI Zenmuse Remotehead ist ein Meilenstein und eine Weiterentwicklung f\u00fcr professionelles Filmen, Luftbildfotografie und f\u00fcr kommerzielle Kunden.<br \/>Es eignet sich auch f\u00fcr Multicopter, die mit sehr hohen Geschwindigkeiten fliegen und dabei eine \u00e4u\u00dferst pr\u00e4zise Steuerung und gute Stabilit\u00e4t aufweisen.<br \/>Die Zenmuse Z15 hat eine Positionierungsgenauigkeit von = b1 0,05 \u00b0 auf allen 3 Achsen, was ein perfekt ausgerichtetes Kamerabild erm\u00f6glicht.<br \/><strong>Speziell an die jeweilige Kamera angepasstes Design f\u00fcr bessere Stabilisierung<\/strong><br \/>Um die Funktion der Zenmuse Z15 zu perfektionieren, wurde der Kamerakopf an spezielle Kameras angepasst.<br \/>Die DJI Zenmuse Z15 wurde an die Sony Nex5\/7 und die Panasonic GH1\/2 angepasst.<br \/>Mit optionalem Zubeh\u00f6r ist es m\u00f6glich, die Z15-N (SONY Nex-Serie) in die Z15-G (PANASONIC GH-Serie) umzubauen.<br \/><strong>Verschiedene Steuerungsmodi zur Steuerung der DJI Zenmuse Z15<\/strong><br \/>Der DJI Zenmuse Gimbal verf\u00fcgt \u00fcber 3 verschiedene Modi, die w\u00e4hrend des Fluges per RC-Fernsteuerung umgeschaltet werden k\u00f6nnen.<br \/> - Fester Orientierungsmodus (Kompass)<br \/> - Modus ohne feste Ausrichtung<br \/> - FPV-Modus mit Mittelst\u00e4nder<br \/>Dies erm\u00f6glicht alle wichtigen Steuerungsoptionen f\u00fcr Luftaufnahmen.<br \/><strong>360\u00b0 3-Achsen-Drehwinkel f\u00fcr die perfekte Perspektive<\/strong><br \/>Eine 360\u00b0 Bewegung auf den 3 Achsen PAN\/ROLL\/NICK ist \u00fcber hochwertige Schleifkontakte m\u00f6glich, der Bewegungsfreiheit der DJI Zenmuse Z15 sind keine Grenzen gesetzt.<br \/>Die Verkabelung des Gimbals wird in speziellen Kabelkan\u00e4len gesichert.<br \/><strong>Unabh\u00e4ngige IMU zur Stabilisierung der Z15 Zenmuse<\/strong><br \/>Die jahrelange Entwicklung von UAV-Autopilotsystemen f\u00fcr Hubschrauber und Multikopter durch DJI hat zu gro\u00dfen Fortschritten bei den Algorithmen zur Lageregelung gef\u00fchrt.<br \/>Diese Weiterentwicklung macht die Zenmuse Z15 mit ihrer eingebauten IMU-Einheit so extrem stabil und zuverl\u00e4ssig.<br \/>Die IMU ist komplett verdrahtet und die Installation ist sehr einfach.<br \/><strong>Unabh\u00e4ngige Hauptfernbedienung<\/strong><br \/>Die separate Steuerung des Gimbals \u00fcber CAN-Bus ist mit der IMU und der Flugsteuerung (Wookong M oder H) verbunden, so dass Sensordaten aus der Flugsteuerung in die komplexen Algorithmen der Kamerastabilisierung einflie\u00dfen k\u00f6nnen.<br \/><strong>Spezielle Servoantriebe von DJI<\/strong><br \/>F\u00fcr die extrem schnellen Bewegungen und Reaktionszeiten hat DJI die Antriebseinheiten speziell angepasst und weiterentwickelt.<br \/> - Sehr pr\u00e4zise<br \/> - Vibrationsfrei<br \/> - Hohe Positionierkraft<br \/>DJI's Servoantriebsmodule sind ideal f\u00fcr den professionellen Einsatz.<br \/><strong>HDMI-AV-Konverter-Modul f\u00fcr Zenmuse Z15<\/strong><br \/>Die Notwendigkeit einer Live-Ansicht der Kameras zur Steuerung und die Tatsache, dass die passenden Kameras keinen normalen Composite-AV-Ausgang haben, veranlasste DJI zur Entwicklung eines in den Gimbal integrierten Konvertermoduls.<br \/>Es wurde eine einfache und unkomplizierte L\u00f6sung geschaffen, die ebenso einfach wie genial ist.<br \/><strong>Unterst\u00fctzung von S-Bus-Empf\u00e4ngern<\/strong><br \/>Zur Steuerung der DJI Zenmuse Z15 werden alle Standard-Empf\u00e4nger der g\u00e4ngigen Hersteller unterst\u00fctzt.<br \/>Um unn\u00f6tige Verkabelung zu vermeiden, kann auch ein Futaba S-Bus-Empf\u00e4nger verwendet werden.<br \/><strong>Rotation \u00fcber 3 Achsen<\/strong><br \/>Die Stabilisierung des Zenmuse Gimbal auf allen 3 Achsen erfolgt IMMER mit maximaler Genauigkeit und Geschwindigkeit, wobei die manuelle Bewegung der Kamera \u00fcber den Kn\u00fcppelausschlag der Fernbedienung gesteuert wird, was eine sehr pr\u00e4zise Steuerung erm\u00f6glicht.<br \/>Vom langsamen Schwenken bis zum schnellen Nachschlagen ist alles m\u00f6glich.<\/p>","protected":false},"excerpt":{"rendered":"<ul>\n<li>Professioneller 3-AXIS-Hochleistungs-Kardanring<\/li>\n<li>Gimbal-Design f\u00fcr verschiedene Kameras angepasst<\/li>\n<li>Mehrere Betriebsarten<\/li>\n<li>3-AXIS Drehwinkel Unbegrenzt<\/li>\n<li>Eingebautes unabh\u00e4ngiges IMU-Modul<\/li>\n<li>Unabh\u00e4ngige kardanische Steuerung<\/li>\n<li>DJI Gimbal-Servoantriebsmodul<\/li>\n<li>HDMI-AV-Modul<\/li>\n<li>Unterst\u00fctzung f\u00fcr S-Bus-Empf\u00e4nger<\/li>\n<li>3 AXIS-Drehzahlregelung<\/li>\n<\/ul>","protected":false},"featured_media":6223,"template":"","meta":{"_acf_changed":false},"product_brand":[],"product_cat":[298,97,316],"product_tag":[],"class_list":{"0":"post-6226","1":"product","2":"type-product","3":"status-publish","4":"has-post-thumbnail","6":"product_cat-alle-industriele-camera","7":"product_cat-alle-producten","8":"product_cat-dji-zenmuse","9":"product_shipping_class-outofstock","10":"pa_brand-dji","11":"pa_productfamily-camera","12":"pa_producttype-camera","13":"pa_series-zenmuse-z15","15":"first","16":"outofstock","17":"taxable","18":"shipping-taxable","19":"product-type-simple"},"acf":[],"yoast_head":"<!-- This site is optimized with the Yoast SEO Premium plugin v27.2 (Yoast SEO v27.2) - https:\/\/yoast.com\/product\/yoast-seo-premium-wordpress\/ -->\n<title>DJI Zenmuse Z15 Sony Nex7 - koningdrone.be<\/title>\n<meta name=\"robots\" content=\"index, follow, max-snippet:-1, max-image-preview:large, max-video-preview:-1\" \/>\n<link rel=\"canonical\" href=\"https:\/\/koningdrone.be\/de\/produkt\/dji-zenmuse-z15-sony-nex7\/\" \/>\n<meta property=\"og:locale\" content=\"de_DE\" \/>\n<meta property=\"og:type\" content=\"article\" \/>\n<meta property=\"og:title\" content=\"DJI Zenmuse Z15 Sony Nex7\" \/>\n<meta property=\"og:description\" content=\"3-AXIS professionele gimbal met hoge prestatiesGimbal-ontwerp aangepast voor verschillende camera&#039;sMeerdere bedieningsmodi3-AXIS Rotatiehoek OnbeperktIngebouwde onafhankelijke IMU-moduleOnafhankelijke gimbal-controllerDJI Gimbal speciale servo-aandrijfmoduleHDMI-AV-moduleOndersteuning voor S-Bus-ontvanger3 AXIS rotatiesnelheidsregeling\" \/>\n<meta property=\"og:url\" content=\"https:\/\/koningdrone.be\/de\/produkt\/dji-zenmuse-z15-sony-nex7\/\" \/>\n<meta property=\"og:site_name\" content=\"koningdrone.be\" \/>\n<meta property=\"article:modified_time\" content=\"2026-04-29T05:50:12+00:00\" \/>\n<meta property=\"og:image\" content=\"https:\/\/koningdrone.be\/wp-content\/uploads\/sites\/13\/2025\/04\/6958265106019-1.jpg\" \/>\n\t<meta property=\"og:image:width\" content=\"800\" \/>\n\t<meta property=\"og:image:height\" content=\"500\" \/>\n\t<meta property=\"og:image:type\" content=\"image\/jpeg\" \/>\n<meta name=\"twitter:card\" content=\"summary_large_image\" \/>\n<meta name=\"twitter:label1\" content=\"Gesch\u00e4tzte Lesezeit\" \/>\n\t<meta name=\"twitter:data1\" content=\"2\u00a0Minuten\" \/>\n<script type=\"application\/ld+json\" class=\"yoast-schema-graph\">{\"@context\":\"https:\/\/schema.org\",\"@graph\":[{\"@type\":\"WebPage\",\"@id\":\"https:\/\/koningdrone.be\/product\/dji-zenmuse-z15-sony-nex7\/\",\"url\":\"https:\/\/koningdrone.be\/product\/dji-zenmuse-z15-sony-nex7\/\",\"name\":\"DJI Zenmuse Z15 Sony Nex7 - koningdrone.be\",\"isPartOf\":{\"@id\":\"https:\/\/koningdrone.be\/#website\"},\"primaryImageOfPage\":{\"@id\":\"https:\/\/koningdrone.be\/product\/dji-zenmuse-z15-sony-nex7\/#primaryimage\"},\"image\":{\"@id\":\"https:\/\/koningdrone.be\/product\/dji-zenmuse-z15-sony-nex7\/#primaryimage\"},\"thumbnailUrl\":\"https:\/\/koningdrone.be\/wp-content\/uploads\/sites\/13\/2025\/04\/6958265106019-1.jpg\",\"datePublished\":\"2021-10-03T08:01:49+00:00\",\"dateModified\":\"2026-04-29T05:50:12+00:00\",\"breadcrumb\":{\"@id\":\"https:\/\/koningdrone.be\/product\/dji-zenmuse-z15-sony-nex7\/#breadcrumb\"},\"inLanguage\":\"de\",\"potentialAction\":[{\"@type\":\"ReadAction\",\"target\":[\"https:\/\/koningdrone.be\/product\/dji-zenmuse-z15-sony-nex7\/\"]}]},{\"@type\":\"ImageObject\",\"inLanguage\":\"de\",\"@id\":\"https:\/\/koningdrone.be\/product\/dji-zenmuse-z15-sony-nex7\/#primaryimage\",\"url\":\"https:\/\/koningdrone.be\/wp-content\/uploads\/sites\/13\/2025\/04\/6958265106019-1.jpg\",\"contentUrl\":\"https:\/\/koningdrone.be\/wp-content\/uploads\/sites\/13\/2025\/04\/6958265106019-1.jpg\",\"width\":800,\"height\":500},{\"@type\":\"BreadcrumbList\",\"@id\":\"https:\/\/koningdrone.be\/product\/dji-zenmuse-z15-sony-nex7\/#breadcrumb\",\"itemListElement\":[{\"@type\":\"ListItem\",\"position\":1,\"name\":\"Home\",\"item\":\"https:\/\/koningdrone.be\/\"},{\"@type\":\"ListItem\",\"position\":2,\"name\":\"AVSS Parachute Recovery System for DJI Matrice 300\/350\",\"item\":\"https:\/\/koningdrone.be\/product\/avss-parachute-recovery-system-for-dji-matrice-300-350\/\"},{\"@type\":\"ListItem\",\"position\":3,\"name\":\"Alle industriele camera\",\"item\":\"https:\/\/koningdrone.be\/categorie\/alle-industriele-camera\/\"},{\"@type\":\"ListItem\",\"position\":4,\"name\":\"DJI Zenmuse Z15 Sony Nex7\"}]},{\"@type\":\"WebSite\",\"@id\":\"https:\/\/koningdrone.be\/#website\",\"url\":\"https:\/\/koningdrone.be\/\",\"name\":\"Koningdrone.be - Uw online specialist in drones, gimbals, camera's en power stations.\",\"description\":\"De webshop in drones en gimbals\",\"publisher\":{\"@id\":\"https:\/\/koningdrone.be\/#organization\"},\"potentialAction\":[{\"@type\":\"SearchAction\",\"target\":{\"@type\":\"EntryPoint\",\"urlTemplate\":\"https:\/\/koningdrone.be\/?s={search_term_string}\"},\"query-input\":{\"@type\":\"PropertyValueSpecification\",\"valueRequired\":true,\"valueName\":\"search_term_string\"}}],\"inLanguage\":\"de\"},{\"@type\":\"Organization\",\"@id\":\"https:\/\/koningdrone.be\/#organization\",\"name\":\"Koningdrone.be\",\"url\":\"https:\/\/koningdrone.be\/\",\"logo\":{\"@type\":\"ImageObject\",\"inLanguage\":\"de\",\"@id\":\"https:\/\/koningdrone.be\/#\/schema\/logo\/image\/\",\"url\":\"https:\/\/koningdrone.be\/wp-content\/uploads\/sites\/13\/2025\/04\/koningdrone-copyright-logo.svg\",\"contentUrl\":\"https:\/\/koningdrone.be\/wp-content\/uploads\/sites\/13\/2025\/04\/koningdrone-copyright-logo.svg\",\"width\":227,\"height\":38,\"caption\":\"Koningdrone.be\"},\"image\":{\"@id\":\"https:\/\/koningdrone.be\/#\/schema\/logo\/image\/\"}}]}<\/script>\n<!-- \/ Yoast SEO Premium plugin. -->","yoast_head_json":{"title":"DJI Zenmuse Z15 Sony Nex7 - koningdrone.be","robots":{"index":"index","follow":"follow","max-snippet":"max-snippet:-1","max-image-preview":"max-image-preview:large","max-video-preview":"max-video-preview:-1"},"canonical":"https:\/\/koningdrone.be\/de\/produkt\/dji-zenmuse-z15-sony-nex7\/","og_locale":"de_DE","og_type":"article","og_title":"DJI Zenmuse Z15 Sony Nex7","og_description":"3-AXIS professionele gimbal met hoge prestatiesGimbal-ontwerp aangepast voor verschillende camera'sMeerdere bedieningsmodi3-AXIS Rotatiehoek OnbeperktIngebouwde onafhankelijke IMU-moduleOnafhankelijke gimbal-controllerDJI Gimbal speciale servo-aandrijfmoduleHDMI-AV-moduleOndersteuning voor S-Bus-ontvanger3 AXIS rotatiesnelheidsregeling","og_url":"https:\/\/koningdrone.be\/de\/produkt\/dji-zenmuse-z15-sony-nex7\/","og_site_name":"koningdrone.be","article_modified_time":"2026-04-29T05:50:12+00:00","og_image":[{"width":800,"height":500,"url":"https:\/\/koningdrone.be\/wp-content\/uploads\/sites\/13\/2025\/04\/6958265106019-1.jpg","type":"image\/jpeg"}],"twitter_card":"summary_large_image","twitter_misc":{"Gesch\u00e4tzte Lesezeit":"2\u00a0Minuten"},"schema":{"@context":"https:\/\/schema.org","@graph":[{"@type":"WebPage","@id":"https:\/\/koningdrone.be\/product\/dji-zenmuse-z15-sony-nex7\/","url":"https:\/\/koningdrone.be\/product\/dji-zenmuse-z15-sony-nex7\/","name":"DJI Zenmuse Z15 Sony Nex7 - koningdrone.be","isPartOf":{"@id":"https:\/\/koningdrone.be\/#website"},"primaryImageOfPage":{"@id":"https:\/\/koningdrone.be\/product\/dji-zenmuse-z15-sony-nex7\/#primaryimage"},"image":{"@id":"https:\/\/koningdrone.be\/product\/dji-zenmuse-z15-sony-nex7\/#primaryimage"},"thumbnailUrl":"https:\/\/koningdrone.be\/wp-content\/uploads\/sites\/13\/2025\/04\/6958265106019-1.jpg","datePublished":"2021-10-03T08:01:49+00:00","dateModified":"2026-04-29T05:50:12+00:00","breadcrumb":{"@id":"https:\/\/koningdrone.be\/product\/dji-zenmuse-z15-sony-nex7\/#breadcrumb"},"inLanguage":"de","potentialAction":[{"@type":"ReadAction","target":["https:\/\/koningdrone.be\/product\/dji-zenmuse-z15-sony-nex7\/"]}]},{"@type":"ImageObject","inLanguage":"de","@id":"https:\/\/koningdrone.be\/product\/dji-zenmuse-z15-sony-nex7\/#primaryimage","url":"https:\/\/koningdrone.be\/wp-content\/uploads\/sites\/13\/2025\/04\/6958265106019-1.jpg","contentUrl":"https:\/\/koningdrone.be\/wp-content\/uploads\/sites\/13\/2025\/04\/6958265106019-1.jpg","width":800,"height":500},{"@type":"BreadcrumbList","@id":"https:\/\/koningdrone.be\/product\/dji-zenmuse-z15-sony-nex7\/#breadcrumb","itemListElement":[{"@type":"ListItem","position":1,"name":"Home","item":"https:\/\/koningdrone.be\/"},{"@type":"ListItem","position":2,"name":"AVSS Parachute Recovery System for DJI Matrice 300\/350","item":"https:\/\/koningdrone.be\/product\/avss-parachute-recovery-system-for-dji-matrice-300-350\/"},{"@type":"ListItem","position":3,"name":"Alle industriele camera","item":"https:\/\/koningdrone.be\/categorie\/alle-industriele-camera\/"},{"@type":"ListItem","position":4,"name":"DJI Zenmuse Z15 Sony Nex7"}]},{"@type":"WebSite","@id":"https:\/\/koningdrone.be\/#website","url":"https:\/\/koningdrone.be\/","name":"Koningdrone.be - Ihr Online-Spezialist f\u00fcr Drohnen, Gimbals, Kameras und Kraftwerke.","description":"Der Webshop f\u00fcr Drohnen und Gimbals","publisher":{"@id":"https:\/\/koningdrone.be\/#organization"},"potentialAction":[{"@type":"SearchAction","target":{"@type":"EntryPoint","urlTemplate":"https:\/\/koningdrone.be\/?s={search_term_string}"},"query-input":{"@type":"PropertyValueSpecification","valueRequired":true,"valueName":"search_term_string"}}],"inLanguage":"de"},{"@type":"Organization","@id":"https:\/\/koningdrone.be\/#organization","name":"Kingdrone.de","url":"https:\/\/koningdrone.be\/","logo":{"@type":"ImageObject","inLanguage":"de","@id":"https:\/\/koningdrone.be\/#\/schema\/logo\/image\/","url":"https:\/\/koningdrone.be\/wp-content\/uploads\/sites\/13\/2025\/04\/koningdrone-copyright-logo.svg","contentUrl":"https:\/\/koningdrone.be\/wp-content\/uploads\/sites\/13\/2025\/04\/koningdrone-copyright-logo.svg","width":227,"height":38,"caption":"Koningdrone.be"},"image":{"@id":"https:\/\/koningdrone.be\/#\/schema\/logo\/image\/"}}]}},"df_price":"","df_sale_price":"","df_regular_price":"","df_image_link":"https:\/\/koningdrone.be\/wp-content\/uploads\/sites\/13\/2025\/04\/6958265106019-1-300x188.jpg","_links":{"self":[{"href":"https:\/\/koningdrone.be\/de\/wp-json\/wp\/v2\/product\/6226","targetHints":{"allow":["GET"]}}],"collection":[{"href":"https:\/\/koningdrone.be\/de\/wp-json\/wp\/v2\/product"}],"about":[{"href":"https:\/\/koningdrone.be\/de\/wp-json\/wp\/v2\/types\/product"}],"wp:featuredmedia":[{"embeddable":true,"href":"https:\/\/koningdrone.be\/de\/wp-json\/wp\/v2\/media\/6223"}],"wp:attachment":[{"href":"https:\/\/koningdrone.be\/de\/wp-json\/wp\/v2\/media?parent=6226"}],"wp:term":[{"taxonomy":"product_brand","embeddable":true,"href":"https:\/\/koningdrone.be\/de\/wp-json\/wp\/v2\/product_brand?post=6226"},{"taxonomy":"product_cat","embeddable":true,"href":"https:\/\/koningdrone.be\/de\/wp-json\/wp\/v2\/product_cat?post=6226"},{"taxonomy":"product_tag","embeddable":true,"href":"https:\/\/koningdrone.be\/de\/wp-json\/wp\/v2\/product_tag?post=6226"}],"curies":[{"name":"wp","href":"https:\/\/api.w.org\/{rel}","templated":true}]}}