{"id":6216,"date":"2021-10-03T10:01:49","date_gmt":"2021-10-03T08:01:49","guid":{"rendered":"https:\/\/koningdrone.nl\/kon\/product\/insta360-one-r-360-edition\/"},"modified":"2026-05-16T07:40:26","modified_gmt":"2026-05-16T05:40:26","slug":"insta360-one-r-360-edition","status":"publish","type":"product","link":"https:\/\/koningdrone.be\/de\/produkt\/insta360-one-r-360-edition\/","title":{"rendered":"INSTA360 ONE R 360 Ausgabe"},"content":{"rendered":"<h1>INSTA360 ONE R 360 Ausgabe<\/h1>\n<p><strong>ULTRASCHALL 5.7K-AUFNAHME<\/strong><br \/>Mit ihrer 5,7K-Aufl\u00f6sung setzt die Dual-Lens 360 der ONE R neue Ma\u00dfst\u00e4be bei der H.265-Kodierung, um Details zu erhalten und Bilder zu optimieren.<br \/><strong>STROMSTABILISIERUNG<\/strong><br \/>FlowState erm\u00f6glicht eine kardanische Stabilisierung, aber ohne Kardan. Dank eines neuen Algorithmus zur Szenenerkennung bleiben die Aufnahmen auch bei schlechten Lichtverh\u00e4ltnissen extrem stabil.<br \/><strong>UNSICHTBARER SELFIE-STICK<\/strong><br \/>Mit dem unsichtbaren Selfie-Stick* des ONE R k\u00f6nnen Sie ganz einfach Fotos aus der einzigartigen Third-Person-Perspektive aufnehmen.<br \/>* Der unsichtbare Selfie-Stick wird nur bei Verwendung der 360\u00b0-Doppellinse unterst\u00fctzt.<br \/><strong>AUFSCHIESSZEIT 2.0<\/strong><br \/>Mit der intelligenten Horizont- und Geschwindigkeitsanpassung ist der einzigartige Bullet-Time-Effekt noch einfacher und epischer geworden.<br \/><strong>WEICHE ZU GLEIS + TIEFES GLEIS<\/strong><br \/>Mit nur einer Ber\u00fchrung oder einem Sprachbefehl k\u00f6nnen Sie ein Objekt kontinuierlich verfolgen. Der KI-gesteuerte Tracking-Algorithmus von ONE R h\u00e4lt das Objekt immer automatisch im Zentrum des Geschehens. Selbst wenn das Objekt durch ein Hindernis verdeckt wird, kann ONE R es sich merken und beginnt erneut mit der Verfolgung, sobald es wieder im Sichtfeld erscheint.<br \/><strong>AUTOMATISCH GESCHICHTEN MIT KI ERSTELLEN<\/strong><br \/>Neue One-Tap-Storys machen die kreative Bearbeitung einfacher. Sie geben die Aktion vor, die App k\u00fcmmert sich um die Nachbearbeitung mit intelligenten Bearbeitungsvorlagen.<br \/><strong>TIMESHIFT<\/strong><br \/>Heben Sie Ihre Lieblingsszenen mit Zeitlupe hervor oder beschleunigen Sie Ihr Video mit einem stabilisierten Hyperlapse.<br \/><strong>AUTOFRAME<\/strong><br \/>Die 360-Grad-Aufnahme gibt Ihnen unendlich viele M\u00f6glichkeiten, Perspektiven neu zu arrangieren. Auto-Frame verwendet einen leistungsstarken Computer-Vision-Algorithmus, der die Szenen im Bild erkennt und die interessantesten Teile f\u00fcr die Bearbeitung empfiehlt.<br \/><strong>FLASHCUT AI VERARBEITUNG<\/strong><br \/>Die ONE R App nutzt das KI-gest\u00fctzte FlashCut, um die besten Aufnahmen auszuw\u00e4hlen und sie im Takt der Musik zu bearbeiten. FlashCut analysiert die Aufnahme nach Motiv, Qualit\u00e4t und Aufnahmezeit, um Filmclips zu erstellen, die sofort geteilt werden k\u00f6nnen.<br \/><strong>HDR FOTO + VIDEO<\/strong><br \/>Der ONE R unterst\u00fctzt HDR-Aufnahmen f\u00fcr Fotos und Videos. Lichter, Schatten und alles, was dazwischen liegt, sehen genauso aus wie im echten Leben.<br \/><strong>NACHTAUFNAHME<\/strong><br \/>Aktivieren Sie den Nachtaufnahmemodus bei Dunkelheit f\u00fcr nat\u00fcrliche, helle und lebendige Aufnahmen.<br \/><strong>FARBE PLUS<\/strong><br \/>Color Plus optimiert die Aufnahmen vollautomatisch. Lebendige, helle und atemberaubende Bilder auf Tastendruck.<br \/><strong>360\u00b0-VORSCHAU UND -WIEDERGABE<\/strong><br \/>Mit dem benutzerfreundlichen Touchscreen der Dual-Lens 360 erhalten Sie eine Vorschau auf Ihre Aufnahme. So stellen Sie sicher, dass Sie Ihre Aufnahmen perfekt gemacht haben.<br \/><strong>IPX8 WASSERDICHT<\/strong><br \/>Der ONE R ist nach IPX8 bis zu 5 Meter wasserdicht. Ob Sie am Pool entspannen oder an einem regnerischen Tag unterwegs sind, der ONE R ist immer einsatzbereit.<br \/><strong>ROBUSTES DESIGN<\/strong><br \/>Das robuste Design sch\u00fctzt den ONE R vor St\u00f6\u00dfen und St\u00fcrzen, w\u00e4hrend der mitgelieferte Objektivschutz das Objektiv der Kamera zus\u00e4tzlich vor Kratzern bewahrt.<\/p>","protected":false},"excerpt":{"rendered":"<ul>\n<li>Super 5.7K 360\u00b0 Aufnahme<\/li>\n<li>FlowState-Stabilisierung<\/li>\n<li>Wasserdicht bis zu 5 m<\/li>\n<li>Unsichtbarer Selfie-Stick<\/li>\n<li>Automatischer Rahmen<\/li>\n<li>Hyperlapse<\/li>\n<li>Punkt zu Spur<\/li>\n<li>Sprachsteuerung<\/li>\n<li>Zeitlupe<\/li>\n<li>HDR-Foto + Video<\/li>\n<li>Nachtaufnahme<\/li>\n<\/ul>","protected":false},"featured_media":6212,"template":"","meta":{"_acf_changed":false},"product_brand":[],"product_cat":[97,343],"product_tag":[],"class_list":{"0":"post-6216","1":"product","2":"type-product","3":"status-publish","4":"has-post-thumbnail","6":"product_cat-alle-producten","7":"product_cat-insta360","8":"product_shipping_class-outofstock","9":"pa_brand-insta360","10":"pa_productfamily-camera","11":"pa_producttype-camera","12":"pa_series-insta360-go","14":"first","15":"outofstock","16":"taxable","17":"shipping-taxable","18":"product-type-simple"},"acf":[],"yoast_head":"<!-- This site is optimized with the Yoast SEO Premium plugin v27.2 (Yoast SEO v27.2) - https:\/\/yoast.com\/product\/yoast-seo-premium-wordpress\/ -->\n<title>INSTA360 ONE R 360 Edition - koningdrone.be<\/title>\n<meta name=\"robots\" content=\"index, follow, max-snippet:-1, max-image-preview:large, max-video-preview:-1\" \/>\n<link rel=\"canonical\" href=\"https:\/\/koningdrone.be\/de\/produkt\/insta360-one-r-360-edition\/\" \/>\n<meta property=\"og:locale\" content=\"de_DE\" \/>\n<meta property=\"og:type\" content=\"article\" \/>\n<meta property=\"og:title\" content=\"INSTA360 ONE R 360 Edition\" \/>\n<meta property=\"og:description\" content=\"Super 5.7K 360\u00b0-opnameFlowState StabilisatieWaterdicht tot 5mOnzichtbare selfiestickAutomatisch frameHyperlapseWijs naar trackSpraakbesturingSlow-motionHDR-foto + videoNachtschot\" \/>\n<meta property=\"og:url\" content=\"https:\/\/koningdrone.be\/de\/produkt\/insta360-one-r-360-edition\/\" \/>\n<meta property=\"og:site_name\" content=\"koningdrone.be\" \/>\n<meta property=\"article:modified_time\" content=\"2026-05-16T05:40:26+00:00\" \/>\n<meta property=\"og:image\" content=\"https:\/\/koningdrone.be\/wp-content\/uploads\/sites\/13\/2025\/04\/6970357851683-1.jpg\" \/>\n\t<meta property=\"og:image:width\" content=\"800\" \/>\n\t<meta property=\"og:image:height\" content=\"500\" \/>\n\t<meta property=\"og:image:type\" content=\"image\/jpeg\" \/>\n<meta name=\"twitter:card\" content=\"summary_large_image\" \/>\n<meta name=\"twitter:label1\" content=\"Gesch\u00e4tzte Lesezeit\" \/>\n\t<meta name=\"twitter:data1\" content=\"2\u00a0Minuten\" \/>\n<script type=\"application\/ld+json\" class=\"yoast-schema-graph\">{\"@context\":\"https:\/\/schema.org\",\"@graph\":[{\"@type\":\"WebPage\",\"@id\":\"https:\/\/koningdrone.be\/product\/insta360-one-r-360-edition\/\",\"url\":\"https:\/\/koningdrone.be\/product\/insta360-one-r-360-edition\/\",\"name\":\"INSTA360 ONE R 360 Edition - koningdrone.be\",\"isPartOf\":{\"@id\":\"https:\/\/koningdrone.be\/#website\"},\"primaryImageOfPage\":{\"@id\":\"https:\/\/koningdrone.be\/product\/insta360-one-r-360-edition\/#primaryimage\"},\"image\":{\"@id\":\"https:\/\/koningdrone.be\/product\/insta360-one-r-360-edition\/#primaryimage\"},\"thumbnailUrl\":\"https:\/\/koningdrone.be\/wp-content\/uploads\/sites\/13\/2025\/04\/6970357851683-1.jpg\",\"datePublished\":\"2021-10-03T08:01:49+00:00\",\"dateModified\":\"2026-05-16T05:40:26+00:00\",\"breadcrumb\":{\"@id\":\"https:\/\/koningdrone.be\/product\/insta360-one-r-360-edition\/#breadcrumb\"},\"inLanguage\":\"de\",\"potentialAction\":[{\"@type\":\"ReadAction\",\"target\":[\"https:\/\/koningdrone.be\/product\/insta360-one-r-360-edition\/\"]}]},{\"@type\":\"ImageObject\",\"inLanguage\":\"de\",\"@id\":\"https:\/\/koningdrone.be\/product\/insta360-one-r-360-edition\/#primaryimage\",\"url\":\"https:\/\/koningdrone.be\/wp-content\/uploads\/sites\/13\/2025\/04\/6970357851683-1.jpg\",\"contentUrl\":\"https:\/\/koningdrone.be\/wp-content\/uploads\/sites\/13\/2025\/04\/6970357851683-1.jpg\",\"width\":800,\"height\":500},{\"@type\":\"BreadcrumbList\",\"@id\":\"https:\/\/koningdrone.be\/product\/insta360-one-r-360-edition\/#breadcrumb\",\"itemListElement\":[{\"@type\":\"ListItem\",\"position\":1,\"name\":\"Home\",\"item\":\"https:\/\/koningdrone.be\/\"},{\"@type\":\"ListItem\",\"position\":2,\"name\":\"AVSS Parachute Recovery System for DJI Matrice 300\/350\",\"item\":\"https:\/\/koningdrone.be\/product\/avss-parachute-recovery-system-for-dji-matrice-300-350\/\"},{\"@type\":\"ListItem\",\"position\":3,\"name\":\"Alle producten\",\"item\":\"https:\/\/koningdrone.be\/categorie\/alle-producten\/\"},{\"@type\":\"ListItem\",\"position\":4,\"name\":\"INSTA360 ONE R 360 Edition\"}]},{\"@type\":\"WebSite\",\"@id\":\"https:\/\/koningdrone.be\/#website\",\"url\":\"https:\/\/koningdrone.be\/\",\"name\":\"Koningdrone.be - Uw online specialist in drones, gimbals, camera's en power stations.\",\"description\":\"De webshop in drones en gimbals\",\"publisher\":{\"@id\":\"https:\/\/koningdrone.be\/#organization\"},\"potentialAction\":[{\"@type\":\"SearchAction\",\"target\":{\"@type\":\"EntryPoint\",\"urlTemplate\":\"https:\/\/koningdrone.be\/?s={search_term_string}\"},\"query-input\":{\"@type\":\"PropertyValueSpecification\",\"valueRequired\":true,\"valueName\":\"search_term_string\"}}],\"inLanguage\":\"de\"},{\"@type\":\"Organization\",\"@id\":\"https:\/\/koningdrone.be\/#organization\",\"name\":\"Koningdrone.be\",\"url\":\"https:\/\/koningdrone.be\/\",\"logo\":{\"@type\":\"ImageObject\",\"inLanguage\":\"de\",\"@id\":\"https:\/\/koningdrone.be\/#\/schema\/logo\/image\/\",\"url\":\"https:\/\/koningdrone.be\/wp-content\/uploads\/sites\/13\/2025\/04\/koningdrone-copyright-logo.svg\",\"contentUrl\":\"https:\/\/koningdrone.be\/wp-content\/uploads\/sites\/13\/2025\/04\/koningdrone-copyright-logo.svg\",\"width\":227,\"height\":38,\"caption\":\"Koningdrone.be\"},\"image\":{\"@id\":\"https:\/\/koningdrone.be\/#\/schema\/logo\/image\/\"}}]}<\/script>\n<!-- \/ Yoast SEO Premium plugin. -->","yoast_head_json":{"title":"INSTA360 ONE R 360 Edition - koningdrone.be","robots":{"index":"index","follow":"follow","max-snippet":"max-snippet:-1","max-image-preview":"max-image-preview:large","max-video-preview":"max-video-preview:-1"},"canonical":"https:\/\/koningdrone.be\/de\/produkt\/insta360-one-r-360-edition\/","og_locale":"de_DE","og_type":"article","og_title":"INSTA360 ONE R 360 Edition","og_description":"Super 5.7K 360\u00b0-opnameFlowState StabilisatieWaterdicht tot 5mOnzichtbare selfiestickAutomatisch frameHyperlapseWijs naar trackSpraakbesturingSlow-motionHDR-foto + videoNachtschot","og_url":"https:\/\/koningdrone.be\/de\/produkt\/insta360-one-r-360-edition\/","og_site_name":"koningdrone.be","article_modified_time":"2026-05-16T05:40:26+00:00","og_image":[{"width":800,"height":500,"url":"https:\/\/koningdrone.be\/wp-content\/uploads\/sites\/13\/2025\/04\/6970357851683-1.jpg","type":"image\/jpeg"}],"twitter_card":"summary_large_image","twitter_misc":{"Gesch\u00e4tzte Lesezeit":"2\u00a0Minuten"},"schema":{"@context":"https:\/\/schema.org","@graph":[{"@type":"WebPage","@id":"https:\/\/koningdrone.be\/product\/insta360-one-r-360-edition\/","url":"https:\/\/koningdrone.be\/product\/insta360-one-r-360-edition\/","name":"INSTA360 ONE R 360 Edition - koningdrone.be","isPartOf":{"@id":"https:\/\/koningdrone.be\/#website"},"primaryImageOfPage":{"@id":"https:\/\/koningdrone.be\/product\/insta360-one-r-360-edition\/#primaryimage"},"image":{"@id":"https:\/\/koningdrone.be\/product\/insta360-one-r-360-edition\/#primaryimage"},"thumbnailUrl":"https:\/\/koningdrone.be\/wp-content\/uploads\/sites\/13\/2025\/04\/6970357851683-1.jpg","datePublished":"2021-10-03T08:01:49+00:00","dateModified":"2026-05-16T05:40:26+00:00","breadcrumb":{"@id":"https:\/\/koningdrone.be\/product\/insta360-one-r-360-edition\/#breadcrumb"},"inLanguage":"de","potentialAction":[{"@type":"ReadAction","target":["https:\/\/koningdrone.be\/product\/insta360-one-r-360-edition\/"]}]},{"@type":"ImageObject","inLanguage":"de","@id":"https:\/\/koningdrone.be\/product\/insta360-one-r-360-edition\/#primaryimage","url":"https:\/\/koningdrone.be\/wp-content\/uploads\/sites\/13\/2025\/04\/6970357851683-1.jpg","contentUrl":"https:\/\/koningdrone.be\/wp-content\/uploads\/sites\/13\/2025\/04\/6970357851683-1.jpg","width":800,"height":500},{"@type":"BreadcrumbList","@id":"https:\/\/koningdrone.be\/product\/insta360-one-r-360-edition\/#breadcrumb","itemListElement":[{"@type":"ListItem","position":1,"name":"Home","item":"https:\/\/koningdrone.be\/"},{"@type":"ListItem","position":2,"name":"AVSS Parachute Recovery System for DJI Matrice 300\/350","item":"https:\/\/koningdrone.be\/product\/avss-parachute-recovery-system-for-dji-matrice-300-350\/"},{"@type":"ListItem","position":3,"name":"Alle producten","item":"https:\/\/koningdrone.be\/categorie\/alle-producten\/"},{"@type":"ListItem","position":4,"name":"INSTA360 ONE R 360 Edition"}]},{"@type":"WebSite","@id":"https:\/\/koningdrone.be\/#website","url":"https:\/\/koningdrone.be\/","name":"Koningdrone.be - Ihr Online-Spezialist f\u00fcr Drohnen, Gimbals, Kameras und Kraftwerke.","description":"Der Webshop f\u00fcr Drohnen und Gimbals","publisher":{"@id":"https:\/\/koningdrone.be\/#organization"},"potentialAction":[{"@type":"SearchAction","target":{"@type":"EntryPoint","urlTemplate":"https:\/\/koningdrone.be\/?s={search_term_string}"},"query-input":{"@type":"PropertyValueSpecification","valueRequired":true,"valueName":"search_term_string"}}],"inLanguage":"de"},{"@type":"Organization","@id":"https:\/\/koningdrone.be\/#organization","name":"Kingdrone.de","url":"https:\/\/koningdrone.be\/","logo":{"@type":"ImageObject","inLanguage":"de","@id":"https:\/\/koningdrone.be\/#\/schema\/logo\/image\/","url":"https:\/\/koningdrone.be\/wp-content\/uploads\/sites\/13\/2025\/04\/koningdrone-copyright-logo.svg","contentUrl":"https:\/\/koningdrone.be\/wp-content\/uploads\/sites\/13\/2025\/04\/koningdrone-copyright-logo.svg","width":227,"height":38,"caption":"Koningdrone.be"},"image":{"@id":"https:\/\/koningdrone.be\/#\/schema\/logo\/image\/"}}]}},"df_price":"","df_sale_price":"","df_regular_price":"","df_image_link":"https:\/\/koningdrone.be\/wp-content\/uploads\/sites\/13\/2025\/04\/6970357851683-1-300x188.jpg","_links":{"self":[{"href":"https:\/\/koningdrone.be\/de\/wp-json\/wp\/v2\/product\/6216","targetHints":{"allow":["GET"]}}],"collection":[{"href":"https:\/\/koningdrone.be\/de\/wp-json\/wp\/v2\/product"}],"about":[{"href":"https:\/\/koningdrone.be\/de\/wp-json\/wp\/v2\/types\/product"}],"wp:featuredmedia":[{"embeddable":true,"href":"https:\/\/koningdrone.be\/de\/wp-json\/wp\/v2\/media\/6212"}],"wp:attachment":[{"href":"https:\/\/koningdrone.be\/de\/wp-json\/wp\/v2\/media?parent=6216"}],"wp:term":[{"taxonomy":"product_brand","embeddable":true,"href":"https:\/\/koningdrone.be\/de\/wp-json\/wp\/v2\/product_brand?post=6216"},{"taxonomy":"product_cat","embeddable":true,"href":"https:\/\/koningdrone.be\/de\/wp-json\/wp\/v2\/product_cat?post=6216"},{"taxonomy":"product_tag","embeddable":true,"href":"https:\/\/koningdrone.be\/de\/wp-json\/wp\/v2\/product_tag?post=6216"}],"curies":[{"name":"wp","href":"https:\/\/api.w.org\/{rel}","templated":true}]}}