{"id":6211,"date":"2021-10-03T10:01:49","date_gmt":"2021-10-03T08:01:49","guid":{"rendered":"https:\/\/koningdrone.nl\/kon\/product\/dji-zenmuse-z15-bmpcc\/"},"modified":"2026-04-29T04:20:50","modified_gmt":"2026-04-29T02:20:50","slug":"dji-zenmuse-z15-bmpcc","status":"publish","type":"product","link":"https:\/\/koningdrone.be\/de\/produkt\/dji-zenmuse-z15-bmpcc\/","title":{"rendered":"DJI Zenmuse Z15 BMPCC"},"content":{"rendered":"<h1>DJI ZENMUSE Z15 BMPCC<\/h1>\n<p><strong>Ein weiterer revolution\u00e4rer 3-Achsen-Gimbal f\u00fcr professionelle Anwendungen<\/strong><br \/>Der DJI Zenmuse Z15-BMPCC Gimbal basiert auf der Technologie der Zenmuse Z15 Serie und hat dank seines einzigartigen Designs das hervorragende Leistungsgewicht geerbt. Dieses Produkt stellt einen neuen Meilenstein im Bereich der Gimbal-Systeme dar, die Genauigkeit des Einstellwinkels liegt in einem Bereich von \u00b10,02\u00b0. In Kombination mit dem professionellen DJI A2 Flugsteuerungssystem und einem Oktokopter kann der Gimbal die Kamera auch bei hohen Fluggeschwindigkeiten und starkem Wind stabilisieren und pr\u00e4zise steuern. Dieses System ist zweifellos die erste Wahl f\u00fcr professionelle Videoaufnahmen oder Luftbildfotografie.<br \/><strong>Ma\u00dfgeschneidertes Gimbal-Design f\u00fcr die Blackmagic Pocket Cinema Kamera<\/strong><br \/>Um die bestm\u00f6gliche Funktion der Gimbals zu gew\u00e4hrleisten, wurden sie von DJI an die neueste Kameratechnologie angepasst. So ist der Zenmuse Z15-BMPCC Gimbal perfekt auf die Blackmagic Pocket Cinema Camera abgestimmt. Mit ihrem Super-16-Format-Sensor und dem gro\u00dfen Dynamikbereich mit 13 Blendenstufen gelingen ihr gro\u00dfartige Aufnahmen im Kino-Stil. Die Kamera ist extrem kompakt und bietet dennoch Aufnahmen im verlustfreien CinemDNG RAW und Apple ProRes Format. Damit ist die Blackmagic Pocket die perfekte Kamera sowohl f\u00fcr die Fotografie als auch f\u00fcr die Videoaufzeichnung.<br \/><strong>Mehrere Betriebsarten<\/strong><br \/>Das Zenmuse Gimbal-System verf\u00fcgt \u00fcber drei verschiedene Steuerungsmodi, den festen Modus (z. B. f\u00fcr FPV), den halbfreien Modus und den freien Modus. Sie k\u00f6nnen schnell zwischen den einzelnen Modi wechseln, um unterschiedliche Anforderungen an die Luftaufnahmen zu erf\u00fcllen. Mit dem richtigen Modus und der einfachen Bedienung des Zenmuse Gimbal k\u00f6nnen Anwender hervorragende Ergebnisse erzielen.<br \/><strong>Kontrollierbarer Drehwinkel in drei Achsen<\/strong><br \/> Das Zenmuse 3-Achsen-Gimbal-System hat ein fortschrittliches mechanisches Design. Das hintere Potentiometer erh\u00f6ht die Kontrolle, Stabilit\u00e4t und Pr\u00e4zision erheblich, und interne Schleifringe machen eine komplizierte Verkabelung \u00fcberfl\u00fcssig. Alle notwendigen Strom- und Signalleitungen sind in den Rahmen integriert, so dass sich der Gimbal ohne Einschr\u00e4nkungen in den Achsen drehen kann. Pan ist im Bereich von 360\u00b0 unbegrenzt, Tilt geht von -120\u00b0 bis +15\u00b0 und in der Rollachse erreicht er \u00b125\u00b0. Die Steuerung ist denkbar einfach: Der Bewegungsradius des Senderkn\u00fcppels steuert die entsprechende Drehgeschwindigkeit.<br \/><strong>Eingebautes unabh\u00e4ngiges IMU- und Infrarot-Modul<\/strong><br \/> DJI hat in jahrelanger Entwicklungsarbeit den Algorithmus zur Lagestabilisierung perfektioniert. Kombiniert mit einer hochpr\u00e4zisen Mechanik erm\u00f6glicht dies eine absolut pr\u00e4zise Lageregelung. Da keine komplizierte Installation oder zus\u00e4tzliche Kabel erforderlich sind, ist die Installation entsprechend einfach und der Satellit fliegt extrem hoch. In den Gimbal ist auch ein eigenes Videoausgangsmodul integriert, das eine Fernausl\u00f6sung per Infrarot erm\u00f6glicht.<br \/><strong>DJI Spezial-Gimbal-Antriebskonzept<\/strong><br \/>Die Zenmuse Gimbal-Serie verf\u00fcgt dank der speziell entwickelten Antriebseinheit \u00fcber hervorragende und hochpr\u00e4zise Steuerungseigenschaften. Die hohe Pr\u00e4zision und Vibrationsarmut dieses Ger\u00e4ts bei gleichzeitig hohem Drehmoment ist ein weiteres Qualit\u00e4tsmerkmal, das f\u00fcr eine effiziente Stabilisierung entscheidend ist.<br \/><strong>DJI-Komplettl\u00f6sung als ausgezeichnete Wahl<\/strong><br \/> Das Zenmuse Z15-BMPCC Gimbal-System passt perfekt zu den Oktokopter-Plattformen und den Steuerelektroniken A2 und Wookong-M f\u00fcr Multikopter und der Ace-Serie f\u00fcr Hubschrauber. Zusammen mit dem iOSD Mark II und einer 5,8 Ghz Videoverbindung bilden diese Komponenten ein leistungsstarkes Komplettsystem, mit dem Sie perfekte Luftaufnahmen machen k\u00f6nnen und das einfach zu bedienen ist.<\/p>","protected":false},"excerpt":{"rendered":"<ul>\n<li>3-Achsen-Gimbal f\u00fcr professionelle Anwendungen<\/li>\n<li>Die Einstellwinkelgenauigkeit liegt im Bereich von \u00b1 0,02\u00b0.<\/li>\n<li>Pr\u00e4zise Stabilisierung und Steuerung bei hohen Fluggeschwindigkeiten und starkem Wind<\/li>\n<\/ul>","protected":false},"featured_media":6206,"template":"","meta":{"_acf_changed":false},"product_brand":[],"product_cat":[298,97,316],"product_tag":[],"class_list":{"0":"post-6211","1":"product","2":"type-product","3":"status-publish","4":"has-post-thumbnail","6":"product_cat-alle-industriele-camera","7":"product_cat-alle-producten","8":"product_cat-dji-zenmuse","9":"product_shipping_class-dronelandall","10":"pa_brand-dji","11":"pa_productfamily-gimbal","12":"pa_producttype-gimbal","13":"pa_series-zenmuse-z15","15":"first","16":"instock","17":"taxable","18":"shipping-taxable","19":"purchasable","20":"product-type-simple"},"acf":[],"yoast_head":"<!-- This site is optimized with the Yoast SEO Premium plugin v27.2 (Yoast SEO v27.2) - https:\/\/yoast.com\/product\/yoast-seo-premium-wordpress\/ -->\n<title>DJI Zenmuse Z15 BMPCC - koningdrone.be<\/title>\n<meta name=\"robots\" content=\"index, follow, max-snippet:-1, max-image-preview:large, max-video-preview:-1\" \/>\n<link rel=\"canonical\" href=\"https:\/\/koningdrone.be\/de\/produkt\/dji-zenmuse-z15-bmpcc\/\" \/>\n<meta property=\"og:locale\" content=\"de_DE\" \/>\n<meta property=\"og:type\" content=\"article\" \/>\n<meta property=\"og:title\" content=\"DJI Zenmuse Z15 BMPCC\" \/>\n<meta property=\"og:description\" content=\"3-assige gimbal voor professionele toepassingenNauwkeurigheid van de instelhoek ligt in een bereik van \u00b1 0,02\u00b0Bij hoge vliegsnelheden en bij harde wind stabiliseren en nauwkeurig besturen\" \/>\n<meta property=\"og:url\" content=\"https:\/\/koningdrone.be\/de\/produkt\/dji-zenmuse-z15-bmpcc\/\" \/>\n<meta property=\"og:site_name\" content=\"koningdrone.be\" \/>\n<meta property=\"article:modified_time\" content=\"2026-04-29T02:20:50+00:00\" \/>\n<meta property=\"og:image\" content=\"https:\/\/koningdrone.be\/wp-content\/uploads\/sites\/13\/2025\/04\/6958265106484-1.jpg\" \/>\n\t<meta property=\"og:image:width\" content=\"800\" \/>\n\t<meta property=\"og:image:height\" content=\"500\" \/>\n\t<meta property=\"og:image:type\" content=\"image\/jpeg\" \/>\n<meta name=\"twitter:card\" content=\"summary_large_image\" \/>\n<meta name=\"twitter:label1\" content=\"Gesch\u00e4tzte Lesezeit\" \/>\n\t<meta name=\"twitter:data1\" content=\"2\u00a0Minuten\" \/>\n<script type=\"application\/ld+json\" class=\"yoast-schema-graph\">{\"@context\":\"https:\/\/schema.org\",\"@graph\":[{\"@type\":\"WebPage\",\"@id\":\"https:\/\/koningdrone.be\/product\/dji-zenmuse-z15-bmpcc\/\",\"url\":\"https:\/\/koningdrone.be\/product\/dji-zenmuse-z15-bmpcc\/\",\"name\":\"DJI Zenmuse Z15 BMPCC - koningdrone.be\",\"isPartOf\":{\"@id\":\"https:\/\/koningdrone.be\/#website\"},\"primaryImageOfPage\":{\"@id\":\"https:\/\/koningdrone.be\/product\/dji-zenmuse-z15-bmpcc\/#primaryimage\"},\"image\":{\"@id\":\"https:\/\/koningdrone.be\/product\/dji-zenmuse-z15-bmpcc\/#primaryimage\"},\"thumbnailUrl\":\"https:\/\/koningdrone.be\/wp-content\/uploads\/sites\/13\/2025\/04\/6958265106484-1.jpg\",\"datePublished\":\"2021-10-03T08:01:49+00:00\",\"dateModified\":\"2026-04-29T02:20:50+00:00\",\"breadcrumb\":{\"@id\":\"https:\/\/koningdrone.be\/product\/dji-zenmuse-z15-bmpcc\/#breadcrumb\"},\"inLanguage\":\"de\",\"potentialAction\":[{\"@type\":\"ReadAction\",\"target\":[\"https:\/\/koningdrone.be\/product\/dji-zenmuse-z15-bmpcc\/\"]}]},{\"@type\":\"ImageObject\",\"inLanguage\":\"de\",\"@id\":\"https:\/\/koningdrone.be\/product\/dji-zenmuse-z15-bmpcc\/#primaryimage\",\"url\":\"https:\/\/koningdrone.be\/wp-content\/uploads\/sites\/13\/2025\/04\/6958265106484-1.jpg\",\"contentUrl\":\"https:\/\/koningdrone.be\/wp-content\/uploads\/sites\/13\/2025\/04\/6958265106484-1.jpg\",\"width\":800,\"height\":500},{\"@type\":\"BreadcrumbList\",\"@id\":\"https:\/\/koningdrone.be\/product\/dji-zenmuse-z15-bmpcc\/#breadcrumb\",\"itemListElement\":[{\"@type\":\"ListItem\",\"position\":1,\"name\":\"Home\",\"item\":\"https:\/\/koningdrone.be\/\"},{\"@type\":\"ListItem\",\"position\":2,\"name\":\"AVSS Parachute Recovery System for DJI Matrice 300\/350\",\"item\":\"https:\/\/koningdrone.be\/product\/avss-parachute-recovery-system-for-dji-matrice-300-350\/\"},{\"@type\":\"ListItem\",\"position\":3,\"name\":\"Alle industriele camera\",\"item\":\"https:\/\/koningdrone.be\/categorie\/alle-industriele-camera\/\"},{\"@type\":\"ListItem\",\"position\":4,\"name\":\"DJI Zenmuse Z15 BMPCC\"}]},{\"@type\":\"WebSite\",\"@id\":\"https:\/\/koningdrone.be\/#website\",\"url\":\"https:\/\/koningdrone.be\/\",\"name\":\"Koningdrone.be - Uw online specialist in drones, gimbals, camera's en power stations.\",\"description\":\"De webshop in drones en gimbals\",\"publisher\":{\"@id\":\"https:\/\/koningdrone.be\/#organization\"},\"potentialAction\":[{\"@type\":\"SearchAction\",\"target\":{\"@type\":\"EntryPoint\",\"urlTemplate\":\"https:\/\/koningdrone.be\/?s={search_term_string}\"},\"query-input\":{\"@type\":\"PropertyValueSpecification\",\"valueRequired\":true,\"valueName\":\"search_term_string\"}}],\"inLanguage\":\"de\"},{\"@type\":\"Organization\",\"@id\":\"https:\/\/koningdrone.be\/#organization\",\"name\":\"Koningdrone.be\",\"url\":\"https:\/\/koningdrone.be\/\",\"logo\":{\"@type\":\"ImageObject\",\"inLanguage\":\"de\",\"@id\":\"https:\/\/koningdrone.be\/#\/schema\/logo\/image\/\",\"url\":\"https:\/\/koningdrone.be\/wp-content\/uploads\/sites\/13\/2025\/04\/koningdrone-copyright-logo.svg\",\"contentUrl\":\"https:\/\/koningdrone.be\/wp-content\/uploads\/sites\/13\/2025\/04\/koningdrone-copyright-logo.svg\",\"width\":227,\"height\":38,\"caption\":\"Koningdrone.be\"},\"image\":{\"@id\":\"https:\/\/koningdrone.be\/#\/schema\/logo\/image\/\"}}]}<\/script>\n<!-- \/ Yoast SEO Premium plugin. -->","yoast_head_json":{"title":"DJI Zenmuse Z15 BMPCC - koningdrone.be","robots":{"index":"index","follow":"follow","max-snippet":"max-snippet:-1","max-image-preview":"max-image-preview:large","max-video-preview":"max-video-preview:-1"},"canonical":"https:\/\/koningdrone.be\/de\/produkt\/dji-zenmuse-z15-bmpcc\/","og_locale":"de_DE","og_type":"article","og_title":"DJI Zenmuse Z15 BMPCC","og_description":"3-assige gimbal voor professionele toepassingenNauwkeurigheid van de instelhoek ligt in een bereik van \u00b1 0,02\u00b0Bij hoge vliegsnelheden en bij harde wind stabiliseren en nauwkeurig besturen","og_url":"https:\/\/koningdrone.be\/de\/produkt\/dji-zenmuse-z15-bmpcc\/","og_site_name":"koningdrone.be","article_modified_time":"2026-04-29T02:20:50+00:00","og_image":[{"width":800,"height":500,"url":"https:\/\/koningdrone.be\/wp-content\/uploads\/sites\/13\/2025\/04\/6958265106484-1.jpg","type":"image\/jpeg"}],"twitter_card":"summary_large_image","twitter_misc":{"Gesch\u00e4tzte Lesezeit":"2\u00a0Minuten"},"schema":{"@context":"https:\/\/schema.org","@graph":[{"@type":"WebPage","@id":"https:\/\/koningdrone.be\/product\/dji-zenmuse-z15-bmpcc\/","url":"https:\/\/koningdrone.be\/product\/dji-zenmuse-z15-bmpcc\/","name":"DJI Zenmuse Z15 BMPCC - koningdrone.be","isPartOf":{"@id":"https:\/\/koningdrone.be\/#website"},"primaryImageOfPage":{"@id":"https:\/\/koningdrone.be\/product\/dji-zenmuse-z15-bmpcc\/#primaryimage"},"image":{"@id":"https:\/\/koningdrone.be\/product\/dji-zenmuse-z15-bmpcc\/#primaryimage"},"thumbnailUrl":"https:\/\/koningdrone.be\/wp-content\/uploads\/sites\/13\/2025\/04\/6958265106484-1.jpg","datePublished":"2021-10-03T08:01:49+00:00","dateModified":"2026-04-29T02:20:50+00:00","breadcrumb":{"@id":"https:\/\/koningdrone.be\/product\/dji-zenmuse-z15-bmpcc\/#breadcrumb"},"inLanguage":"de","potentialAction":[{"@type":"ReadAction","target":["https:\/\/koningdrone.be\/product\/dji-zenmuse-z15-bmpcc\/"]}]},{"@type":"ImageObject","inLanguage":"de","@id":"https:\/\/koningdrone.be\/product\/dji-zenmuse-z15-bmpcc\/#primaryimage","url":"https:\/\/koningdrone.be\/wp-content\/uploads\/sites\/13\/2025\/04\/6958265106484-1.jpg","contentUrl":"https:\/\/koningdrone.be\/wp-content\/uploads\/sites\/13\/2025\/04\/6958265106484-1.jpg","width":800,"height":500},{"@type":"BreadcrumbList","@id":"https:\/\/koningdrone.be\/product\/dji-zenmuse-z15-bmpcc\/#breadcrumb","itemListElement":[{"@type":"ListItem","position":1,"name":"Home","item":"https:\/\/koningdrone.be\/"},{"@type":"ListItem","position":2,"name":"AVSS Parachute Recovery System for DJI Matrice 300\/350","item":"https:\/\/koningdrone.be\/product\/avss-parachute-recovery-system-for-dji-matrice-300-350\/"},{"@type":"ListItem","position":3,"name":"Alle industriele camera","item":"https:\/\/koningdrone.be\/categorie\/alle-industriele-camera\/"},{"@type":"ListItem","position":4,"name":"DJI Zenmuse Z15 BMPCC"}]},{"@type":"WebSite","@id":"https:\/\/koningdrone.be\/#website","url":"https:\/\/koningdrone.be\/","name":"Koningdrone.be - Ihr Online-Spezialist f\u00fcr Drohnen, Gimbals, Kameras und Kraftwerke.","description":"Der Webshop f\u00fcr Drohnen und Gimbals","publisher":{"@id":"https:\/\/koningdrone.be\/#organization"},"potentialAction":[{"@type":"SearchAction","target":{"@type":"EntryPoint","urlTemplate":"https:\/\/koningdrone.be\/?s={search_term_string}"},"query-input":{"@type":"PropertyValueSpecification","valueRequired":true,"valueName":"search_term_string"}}],"inLanguage":"de"},{"@type":"Organization","@id":"https:\/\/koningdrone.be\/#organization","name":"Kingdrone.de","url":"https:\/\/koningdrone.be\/","logo":{"@type":"ImageObject","inLanguage":"de","@id":"https:\/\/koningdrone.be\/#\/schema\/logo\/image\/","url":"https:\/\/koningdrone.be\/wp-content\/uploads\/sites\/13\/2025\/04\/koningdrone-copyright-logo.svg","contentUrl":"https:\/\/koningdrone.be\/wp-content\/uploads\/sites\/13\/2025\/04\/koningdrone-copyright-logo.svg","width":227,"height":38,"caption":"Koningdrone.be"},"image":{"@id":"https:\/\/koningdrone.be\/#\/schema\/logo\/image\/"}}]}},"df_price":1769,"df_sale_price":"","df_regular_price":1769,"df_image_link":"https:\/\/koningdrone.be\/wp-content\/uploads\/sites\/13\/2025\/04\/6958265106484-1-300x188.jpg","_links":{"self":[{"href":"https:\/\/koningdrone.be\/de\/wp-json\/wp\/v2\/product\/6211","targetHints":{"allow":["GET"]}}],"collection":[{"href":"https:\/\/koningdrone.be\/de\/wp-json\/wp\/v2\/product"}],"about":[{"href":"https:\/\/koningdrone.be\/de\/wp-json\/wp\/v2\/types\/product"}],"wp:featuredmedia":[{"embeddable":true,"href":"https:\/\/koningdrone.be\/de\/wp-json\/wp\/v2\/media\/6206"}],"wp:attachment":[{"href":"https:\/\/koningdrone.be\/de\/wp-json\/wp\/v2\/media?parent=6211"}],"wp:term":[{"taxonomy":"product_brand","embeddable":true,"href":"https:\/\/koningdrone.be\/de\/wp-json\/wp\/v2\/product_brand?post=6211"},{"taxonomy":"product_cat","embeddable":true,"href":"https:\/\/koningdrone.be\/de\/wp-json\/wp\/v2\/product_cat?post=6211"},{"taxonomy":"product_tag","embeddable":true,"href":"https:\/\/koningdrone.be\/de\/wp-json\/wp\/v2\/product_tag?post=6211"}],"curies":[{"name":"wp","href":"https:\/\/api.w.org\/{rel}","templated":true}]}}