{"id":6170,"date":"2021-10-15T16:39:14","date_gmt":"2021-10-15T14:39:14","guid":{"rendered":"https:\/\/koningdrone.nl\/kon\/product\/ecoflow-delta-max-eu\/"},"modified":"2026-04-29T15:50:19","modified_gmt":"2026-04-29T13:50:19","slug":"ecoflow-delta-max-eu","status":"publish","type":"product","link":"https:\/\/koningdrone.be\/de\/produkt\/ecoflow-delta-max-eu\/","title":{"rendered":"Ecoflow DELTA Max (2000)"},"content":{"rendered":"<p>Der EcoFlow Delta Max hebt tragbare Stromerzeuger auf die n\u00e4chste Stufe. Mit einer Dauerleistung von 2400 W und einer maximalen Spitzenleistung von 5000 W kann dieser tragbare Batterie-Stromerzeuger mit einigen Benzin-Generatoren mithalten. Die bahnbrechende Ladetechnologie l\u00e4dt den EcoFlow Delta Max sicher und schnell von 0-80% in nur 65 Minuten auf. Die NCM-Batterie mit einer Kapazit\u00e4t von 2016Wh sorgt daf\u00fcr, dass alle Ihre elektrischen Ger\u00e4te ohne L\u00e4rm, Emissionen und hohe Wartungskosten geladen werden. Dieses tragbare Kraftpaket wiegt nur 22 kg und ist ideal f\u00fcr Outdoor-Aktivit\u00e4ten wie Camping, Caravaning, Bootsfahrten, Angeln oder Festivals. Mit zahlreichen USB-Anschl\u00fcssen und Steckdosen l\u00e4dt der Delta Max Ihre Gadgets und Ger\u00e4te problemlos auf, wo immer Sie sind.<\/p>\n<p><strong>X-Boost-Technologie<\/strong><\/p>\n<p>Die X-Boost-Technologie von EcoFlow erm\u00f6glicht es dem Delta Max, schwere Ger\u00e4te mit bis zu 3400 W zu betreiben, sodass Sie Ihren K\u00fchlschrank, Trockner und vieles mehr auch bei einem Stromausfall weiter nutzen k\u00f6nnen. Mit einer Leistung von 2 kWh, die mit zus\u00e4tzlichen Delta Max Smart-Batterien auf 6 kWh erweitert werden kann, k\u00f6nnen Sie Ihre wichtigen Haushaltsger\u00e4te wie K\u00fchlschrank und Beleuchtung stundenlang mit Strom versorgen. Mit der EcoFlow-App k\u00f6nnen Sie Ihren Energieverbrauch verwalten, \u00fcberwachen und anpassen, w\u00e4hrend Sie dank der Anschlussm\u00f6glichkeit an Solarzellen auch an kalten oder bew\u00f6lkten Tagen die Vorteile der Sonnenenergie nutzen k\u00f6nnen. Mit verschiedenen Ladeoptionen wie Wechselstrom, Autoladeger\u00e4t oder Solarzellen k\u00f6nnen Sie den Delta Max in 1,6 Stunden (Wechselstrom), 21 Stunden (12-V-Autoladeger\u00e4t), 5,6-11,2 Stunden (bei Verwendung von 4x 110-W-Solarzellen), 4,2-8,4 Stunden (bei Verwendung von 4x 160-W-Solarzellen) oder 3,2-6,3 Stunden (bei Verwendung von 2x 400-W-Solarzellen) aufladen.<\/p>\n<p><strong>Geeignet f\u00fcr verschiedene Szenarien<\/strong><\/p>\n<p>Der EcoFlow Delta Max ist f\u00fcr den Einsatz in verschiedenen Szenarien konzipiert. Die folgenden Bilder zeigen, wie er f\u00fcr die Notstromversorgung, die netzunabh\u00e4ngige Stromversorgung und den professionellen Einsatz verwendet werden kann.<\/p>\n<p><\/p>","protected":false},"excerpt":{"rendered":"<ul>\n<li>2400W (Surge 5000W) \/ Batteriekapazit\u00e4t 2016Wh<\/li>\n<li>Der neueste Standard unter den batteriebetriebenen Generatoren. Die DELTA Power Station ist mit einer Vielzahl von Ger\u00e4ten kompatibel und liefert stundenlang Strom - \u00fcberall und jederzeit.<\/li>\n<\/ul>","protected":false},"featured_media":6046,"template":"","meta":{"_acf_changed":false},"product_brand":[],"product_cat":[454,97,245,276,415],"product_tag":[],"class_list":{"0":"post-6170","1":"product","2":"type-product","3":"status-publish","4":"has-post-thumbnail","6":"product_cat-alle-powerstations","7":"product_cat-alle-producten","8":"product_cat-ecoflow","9":"product_cat-ecoflow-powerstations","10":"product_cat-energy","11":"product_shipping_class-outofstock","12":"pa_afmetingen-49-7-x-24-2-x-30-5-cm","13":"pa_brand-ecoflow","14":"pa_capaciteit-1612wh","15":"pa_gewicht-22-kg","16":"pa_input-dc-ac-laadingang-vermogen-220-240v50hz-60hz-10a-ingang-zonne-energie-11-100v-13a-max-800w-max-autolaadingang-ondersteunt-12v-24v-batterij-standaard-8a","17":"pa_materiaal-kunststof","18":"pa_oplaadtijd-via-ac-1-6-uur","19":"pa_output-230-v-4x-ac-uitgang-zuivere-sinusgolf-2400-w-totaal-piek-4600-w-230-v-50-hz-60-hz","20":"pa_output-dc-2x-dc5521-uitgang-126v-3a-per-poort-1x-autolader-uitgang-126v-10a-126w-max","21":"pa_output-usb-2x-usb-a-uitgang-5v-24a-12w-max-per-poort-2x-usb-a-snelladen-5v-24a-9v-2a-12v-15a-18w-max-2x-usb-c-uitgang-5-9-12-15-20v-5a-maximaal-100w","22":"pa_productfamily-power-station","23":"pa_producttype-power-station","24":"pa_series-delta-max","25":"pa_snellaadfunctie-ja","26":"pa_type-batterij-li-ion-nmc","28":"first","29":"outofstock","30":"taxable","31":"shipping-taxable","32":"purchasable","33":"product-type-simple"},"acf":[],"yoast_head":"<!-- This site is optimized with the Yoast SEO Premium plugin v27.2 (Yoast SEO v27.2) - https:\/\/yoast.com\/product\/yoast-seo-premium-wordpress\/ -->\n<title>Ecoflow DELTA Max (2000) - koningdrone.be<\/title>\n<meta name=\"robots\" content=\"index, follow, max-snippet:-1, max-image-preview:large, max-video-preview:-1\" \/>\n<link rel=\"canonical\" href=\"https:\/\/koningdrone.be\/de\/produkt\/ecoflow-delta-max-eu\/\" \/>\n<meta property=\"og:locale\" content=\"de_DE\" \/>\n<meta property=\"og:type\" content=\"article\" \/>\n<meta property=\"og:title\" content=\"Ecoflow DELTA Max (2000)\" \/>\n<meta property=\"og:description\" content=\"2400W (Surge 5000W) \/ Batterijcapaciteit 2016WhDe nieuwste standaard van batterijgevoede generatoren. De DELTA Power Station is compatibel met een breed scala aan apparaten en zorgt voor urenlange stroomvoorziening - overal en altijd.\" \/>\n<meta property=\"og:url\" content=\"https:\/\/koningdrone.be\/de\/produkt\/ecoflow-delta-max-eu\/\" \/>\n<meta property=\"og:site_name\" content=\"koningdrone.be\" \/>\n<meta property=\"article:modified_time\" content=\"2026-04-29T13:50:19+00:00\" \/>\n<meta property=\"og:image\" content=\"https:\/\/koningdrone.be\/wp-content\/uploads\/sites\/13\/2025\/04\/4897082664710-1.jpg\" \/>\n\t<meta property=\"og:image:width\" content=\"600\" \/>\n\t<meta property=\"og:image:height\" content=\"600\" \/>\n\t<meta property=\"og:image:type\" content=\"image\/jpeg\" \/>\n<meta name=\"twitter:card\" content=\"summary_large_image\" \/>\n<meta name=\"twitter:label1\" content=\"Gesch\u00e4tzte Lesezeit\" \/>\n\t<meta name=\"twitter:data1\" content=\"1\u00a0Minute\" \/>\n<script type=\"application\/ld+json\" class=\"yoast-schema-graph\">{\"@context\":\"https:\/\/schema.org\",\"@graph\":[{\"@type\":\"WebPage\",\"@id\":\"https:\/\/koningdrone.be\/product\/ecoflow-delta-max-eu\/\",\"url\":\"https:\/\/koningdrone.be\/product\/ecoflow-delta-max-eu\/\",\"name\":\"Ecoflow DELTA Max (2000) - koningdrone.be\",\"isPartOf\":{\"@id\":\"https:\/\/koningdrone.be\/#website\"},\"primaryImageOfPage\":{\"@id\":\"https:\/\/koningdrone.be\/product\/ecoflow-delta-max-eu\/#primaryimage\"},\"image\":{\"@id\":\"https:\/\/koningdrone.be\/product\/ecoflow-delta-max-eu\/#primaryimage\"},\"thumbnailUrl\":\"https:\/\/koningdrone.be\/wp-content\/uploads\/sites\/13\/2025\/04\/4897082664710-1.jpg\",\"datePublished\":\"2021-10-15T14:39:14+00:00\",\"dateModified\":\"2026-04-29T13:50:19+00:00\",\"breadcrumb\":{\"@id\":\"https:\/\/koningdrone.be\/product\/ecoflow-delta-max-eu\/#breadcrumb\"},\"inLanguage\":\"de\",\"potentialAction\":[{\"@type\":\"ReadAction\",\"target\":[\"https:\/\/koningdrone.be\/product\/ecoflow-delta-max-eu\/\"]}]},{\"@type\":\"ImageObject\",\"inLanguage\":\"de\",\"@id\":\"https:\/\/koningdrone.be\/product\/ecoflow-delta-max-eu\/#primaryimage\",\"url\":\"https:\/\/koningdrone.be\/wp-content\/uploads\/sites\/13\/2025\/04\/4897082664710-1.jpg\",\"contentUrl\":\"https:\/\/koningdrone.be\/wp-content\/uploads\/sites\/13\/2025\/04\/4897082664710-1.jpg\",\"width\":600,\"height\":600},{\"@type\":\"BreadcrumbList\",\"@id\":\"https:\/\/koningdrone.be\/product\/ecoflow-delta-max-eu\/#breadcrumb\",\"itemListElement\":[{\"@type\":\"ListItem\",\"position\":1,\"name\":\"Home\",\"item\":\"https:\/\/koningdrone.be\/\"},{\"@type\":\"ListItem\",\"position\":2,\"name\":\"AVSS Parachute Recovery System for DJI Matrice 300\/350\",\"item\":\"https:\/\/koningdrone.be\/product\/avss-parachute-recovery-system-for-dji-matrice-300-350\/\"},{\"@type\":\"ListItem\",\"position\":3,\"name\":\"Alle powerstations\",\"item\":\"https:\/\/koningdrone.be\/categorie\/alle-powerstations\/\"},{\"@type\":\"ListItem\",\"position\":4,\"name\":\"Ecoflow DELTA Max (2000)\"}]},{\"@type\":\"WebSite\",\"@id\":\"https:\/\/koningdrone.be\/#website\",\"url\":\"https:\/\/koningdrone.be\/\",\"name\":\"Koningdrone.be - Uw online specialist in drones, gimbals, camera's en power stations.\",\"description\":\"De webshop in drones en gimbals\",\"publisher\":{\"@id\":\"https:\/\/koningdrone.be\/#organization\"},\"potentialAction\":[{\"@type\":\"SearchAction\",\"target\":{\"@type\":\"EntryPoint\",\"urlTemplate\":\"https:\/\/koningdrone.be\/?s={search_term_string}\"},\"query-input\":{\"@type\":\"PropertyValueSpecification\",\"valueRequired\":true,\"valueName\":\"search_term_string\"}}],\"inLanguage\":\"de\"},{\"@type\":\"Organization\",\"@id\":\"https:\/\/koningdrone.be\/#organization\",\"name\":\"Koningdrone.be\",\"url\":\"https:\/\/koningdrone.be\/\",\"logo\":{\"@type\":\"ImageObject\",\"inLanguage\":\"de\",\"@id\":\"https:\/\/koningdrone.be\/#\/schema\/logo\/image\/\",\"url\":\"https:\/\/koningdrone.be\/wp-content\/uploads\/sites\/13\/2025\/04\/koningdrone-copyright-logo.svg\",\"contentUrl\":\"https:\/\/koningdrone.be\/wp-content\/uploads\/sites\/13\/2025\/04\/koningdrone-copyright-logo.svg\",\"width\":227,\"height\":38,\"caption\":\"Koningdrone.be\"},\"image\":{\"@id\":\"https:\/\/koningdrone.be\/#\/schema\/logo\/image\/\"}}]}<\/script>\n<!-- \/ Yoast SEO Premium plugin. -->","yoast_head_json":{"title":"Ecoflow DELTA Max (2000) - koningdrone.be","robots":{"index":"index","follow":"follow","max-snippet":"max-snippet:-1","max-image-preview":"max-image-preview:large","max-video-preview":"max-video-preview:-1"},"canonical":"https:\/\/koningdrone.be\/de\/produkt\/ecoflow-delta-max-eu\/","og_locale":"de_DE","og_type":"article","og_title":"Ecoflow DELTA Max (2000)","og_description":"2400W (Surge 5000W) \/ Batterijcapaciteit 2016WhDe nieuwste standaard van batterijgevoede generatoren. De DELTA Power Station is compatibel met een breed scala aan apparaten en zorgt voor urenlange stroomvoorziening - overal en altijd.","og_url":"https:\/\/koningdrone.be\/de\/produkt\/ecoflow-delta-max-eu\/","og_site_name":"koningdrone.be","article_modified_time":"2026-04-29T13:50:19+00:00","og_image":[{"width":600,"height":600,"url":"https:\/\/koningdrone.be\/wp-content\/uploads\/sites\/13\/2025\/04\/4897082664710-1.jpg","type":"image\/jpeg"}],"twitter_card":"summary_large_image","twitter_misc":{"Gesch\u00e4tzte Lesezeit":"1\u00a0Minute"},"schema":{"@context":"https:\/\/schema.org","@graph":[{"@type":"WebPage","@id":"https:\/\/koningdrone.be\/product\/ecoflow-delta-max-eu\/","url":"https:\/\/koningdrone.be\/product\/ecoflow-delta-max-eu\/","name":"Ecoflow DELTA Max (2000) - koningdrone.be","isPartOf":{"@id":"https:\/\/koningdrone.be\/#website"},"primaryImageOfPage":{"@id":"https:\/\/koningdrone.be\/product\/ecoflow-delta-max-eu\/#primaryimage"},"image":{"@id":"https:\/\/koningdrone.be\/product\/ecoflow-delta-max-eu\/#primaryimage"},"thumbnailUrl":"https:\/\/koningdrone.be\/wp-content\/uploads\/sites\/13\/2025\/04\/4897082664710-1.jpg","datePublished":"2021-10-15T14:39:14+00:00","dateModified":"2026-04-29T13:50:19+00:00","breadcrumb":{"@id":"https:\/\/koningdrone.be\/product\/ecoflow-delta-max-eu\/#breadcrumb"},"inLanguage":"de","potentialAction":[{"@type":"ReadAction","target":["https:\/\/koningdrone.be\/product\/ecoflow-delta-max-eu\/"]}]},{"@type":"ImageObject","inLanguage":"de","@id":"https:\/\/koningdrone.be\/product\/ecoflow-delta-max-eu\/#primaryimage","url":"https:\/\/koningdrone.be\/wp-content\/uploads\/sites\/13\/2025\/04\/4897082664710-1.jpg","contentUrl":"https:\/\/koningdrone.be\/wp-content\/uploads\/sites\/13\/2025\/04\/4897082664710-1.jpg","width":600,"height":600},{"@type":"BreadcrumbList","@id":"https:\/\/koningdrone.be\/product\/ecoflow-delta-max-eu\/#breadcrumb","itemListElement":[{"@type":"ListItem","position":1,"name":"Home","item":"https:\/\/koningdrone.be\/"},{"@type":"ListItem","position":2,"name":"AVSS Parachute Recovery System for DJI Matrice 300\/350","item":"https:\/\/koningdrone.be\/product\/avss-parachute-recovery-system-for-dji-matrice-300-350\/"},{"@type":"ListItem","position":3,"name":"Alle powerstations","item":"https:\/\/koningdrone.be\/categorie\/alle-powerstations\/"},{"@type":"ListItem","position":4,"name":"Ecoflow DELTA Max (2000)"}]},{"@type":"WebSite","@id":"https:\/\/koningdrone.be\/#website","url":"https:\/\/koningdrone.be\/","name":"Koningdrone.be - Ihr Online-Spezialist f\u00fcr Drohnen, Gimbals, Kameras und Kraftwerke.","description":"Der Webshop f\u00fcr Drohnen und Gimbals","publisher":{"@id":"https:\/\/koningdrone.be\/#organization"},"potentialAction":[{"@type":"SearchAction","target":{"@type":"EntryPoint","urlTemplate":"https:\/\/koningdrone.be\/?s={search_term_string}"},"query-input":{"@type":"PropertyValueSpecification","valueRequired":true,"valueName":"search_term_string"}}],"inLanguage":"de"},{"@type":"Organization","@id":"https:\/\/koningdrone.be\/#organization","name":"Kingdrone.de","url":"https:\/\/koningdrone.be\/","logo":{"@type":"ImageObject","inLanguage":"de","@id":"https:\/\/koningdrone.be\/#\/schema\/logo\/image\/","url":"https:\/\/koningdrone.be\/wp-content\/uploads\/sites\/13\/2025\/04\/koningdrone-copyright-logo.svg","contentUrl":"https:\/\/koningdrone.be\/wp-content\/uploads\/sites\/13\/2025\/04\/koningdrone-copyright-logo.svg","width":227,"height":38,"caption":"Koningdrone.be"},"image":{"@id":"https:\/\/koningdrone.be\/#\/schema\/logo\/image\/"}}]}},"df_price":1699,"df_sale_price":"","df_regular_price":1699,"df_image_link":"https:\/\/koningdrone.be\/wp-content\/uploads\/sites\/13\/2025\/04\/4897082664710-1-300x300.jpg","_links":{"self":[{"href":"https:\/\/koningdrone.be\/de\/wp-json\/wp\/v2\/product\/6170","targetHints":{"allow":["GET"]}}],"collection":[{"href":"https:\/\/koningdrone.be\/de\/wp-json\/wp\/v2\/product"}],"about":[{"href":"https:\/\/koningdrone.be\/de\/wp-json\/wp\/v2\/types\/product"}],"wp:featuredmedia":[{"embeddable":true,"href":"https:\/\/koningdrone.be\/de\/wp-json\/wp\/v2\/media\/6046"}],"wp:attachment":[{"href":"https:\/\/koningdrone.be\/de\/wp-json\/wp\/v2\/media?parent=6170"}],"wp:term":[{"taxonomy":"product_brand","embeddable":true,"href":"https:\/\/koningdrone.be\/de\/wp-json\/wp\/v2\/product_brand?post=6170"},{"taxonomy":"product_cat","embeddable":true,"href":"https:\/\/koningdrone.be\/de\/wp-json\/wp\/v2\/product_cat?post=6170"},{"taxonomy":"product_tag","embeddable":true,"href":"https:\/\/koningdrone.be\/de\/wp-json\/wp\/v2\/product_tag?post=6170"}],"curies":[{"name":"wp","href":"https:\/\/api.w.org\/{rel}","templated":true}]}}