{"id":6146,"date":"2021-11-19T11:27:19","date_gmt":"2021-11-19T10:27:19","guid":{"rendered":"https:\/\/koningdrone.nl\/kon\/product\/dji-convertible-carrying-bag\/"},"modified":"2026-04-29T10:11:00","modified_gmt":"2026-04-29T08:11:00","slug":"dji-convertible-carrying-bag","status":"publish","type":"product","link":"https:\/\/koningdrone.be\/de\/produkt\/dji-convertible-carrying-bag\/","title":{"rendered":"DJI Convertible-Tragetasche"},"content":{"rendered":"<p><strong>Vielseitiges Design<\/strong><\/p>\n<p> Die DJI Convertible Carrying Bag ist eine vielseitige L\u00f6sung f\u00fcr den Transport und die Aufbewahrung von Drohnen und deren Zubeh\u00f6r. Sie eignet sich sowohl f\u00fcr Anf\u00e4nger als auch f\u00fcr Experten in der Drohnenfotografie und bietet flexible Aufbewahrungsm\u00f6glichkeiten f\u00fcr unterschiedliche Bed\u00fcrfnisse.<\/p>\n<p><strong>F\u00fcr Anf\u00e4nger<\/strong><\/p>\n<p> F\u00fcr diejenigen, die neu in der Drohnenfotografie sind, bietet diese Tragetasche zwei Funktionen. Sie l\u00e4sst sich m\u00fchelos zwischen einer Umh\u00e4ngetasche und einem Rucksack umwandeln und erm\u00f6glicht so einen bequemen und einfachen Zugriff auf die DJI Mavic 3 Drohne und ihr Zubeh\u00f6r. Die Schultertaschenkonfiguration ist ideal f\u00fcr den schnellen Zugriff und erleichtert Anf\u00e4ngern die Handhabung ihrer Ausr\u00fcstung.<\/p>\n<p><strong>F\u00fcr Experten<\/strong><\/p>\n<p> F\u00fcr erfahrene Drohnen-Enthusiasten erh\u00f6ht die Rucksackkonfiguration der DJI Convertible Carrying Bag die Benutzerfreundlichkeit. Sie bietet nicht nur Platz f\u00fcr die Mavic 3 Drohne und ihr Zubeh\u00f6r, sondern auch f\u00fcr einen 16-Zoll-Laptop, Kleidung und andere wichtige Dinge. Diese Funktion ist besonders attraktiv f\u00fcr diejenigen, die ihr Hobby, das Drohnenfliegen, mit dem Reisen verbinden m\u00f6chten, da sie eine All-in-One-L\u00f6sung f\u00fcr Kurztrips bietet.<\/p>\n<p><strong>Zusammenfassung<\/strong><\/p>\n<p> Die DJI Convertible Carrying Bag wurde mit Blick auf Komfort und Flexibilit\u00e4t entwickelt. Sie bietet Drohnenfotografen, egal ob sie f\u00fcr einen Tag fotografieren oder einen Kurztrip machen, eine zuverl\u00e4ssige und ger\u00e4umige Option, um ihre Ausr\u00fcstung sicher und effizient zu transportieren.<\/p>\n<p><\/p>","protected":false},"excerpt":{"rendered":"<ul>\n<li>Umwandelbar in Umh\u00e4ngetasche oder Rucksack<\/li>\n<li> Entwickelt f\u00fcr DJI Mavic 3-Serie Combo<\/li>\n<li> Ger\u00e4umig f\u00fcr Drohne und alles Zubeh\u00f6r<\/li>\n<li> Einfacher Zugang zu Flugzeugen und Zubeh\u00f6r<\/li>\n<li> Der Rucksackmodus bietet Platz f\u00fcr einen 16-Zoll-Laptop<\/li>\n<li> Ideal f\u00fcr Kurzreisen mit zus\u00e4tzlichem Stauraum<\/li>\n<\/ul>","protected":false},"featured_media":6143,"template":"","meta":{"_acf_changed":false},"product_brand":[],"product_cat":[97,201,871,137],"product_tag":[],"class_list":{"0":"post-6146","1":"product","2":"type-product","3":"status-publish","4":"has-post-thumbnail","6":"product_cat-alle-producten","7":"product_cat-alle-tassen-en-koffers","8":"product_cat-dji-mavic","9":"product_cat-dji-mavic-3","10":"product_shipping_class-outofstock","11":"pa_brand-dji","12":"pa_productfamily-tas","13":"pa_producttype-tas","14":"pa_series-mavic-3","16":"first","17":"outofstock","18":"taxable","19":"shipping-taxable","20":"product-type-simple"},"acf":[],"yoast_head":"<!-- This site is optimized with the Yoast SEO Premium plugin v27.2 (Yoast SEO v27.2) - https:\/\/yoast.com\/product\/yoast-seo-premium-wordpress\/ -->\n<title>DJI Convertible Carrying Bag - koningdrone.be<\/title>\n<meta name=\"robots\" content=\"index, follow, max-snippet:-1, max-image-preview:large, max-video-preview:-1\" \/>\n<link rel=\"canonical\" href=\"https:\/\/koningdrone.be\/de\/produkt\/dji-convertible-carrying-bag\/\" \/>\n<meta property=\"og:locale\" content=\"de_DE\" \/>\n<meta property=\"og:type\" content=\"article\" \/>\n<meta property=\"og:title\" content=\"DJI Convertible Carrying Bag\" \/>\n<meta property=\"og:description\" content=\"Om te bouwen tot schoudertas of rugzak Ontworpen voor DJI Mavic 3-serie combo Ruim voor drone en alle accessoires Gemakkelijke toegang tot vliegtuigen en accessoires In de rugzakmodus is ruimte voor een 16-inch laptop Ideaal voor korte reizen met extra opbergruimte\" \/>\n<meta property=\"og:url\" content=\"https:\/\/koningdrone.be\/de\/produkt\/dji-convertible-carrying-bag\/\" \/>\n<meta property=\"og:site_name\" content=\"koningdrone.be\" \/>\n<meta property=\"article:modified_time\" content=\"2026-04-29T08:11:00+00:00\" \/>\n<meta property=\"og:image\" content=\"https:\/\/koningdrone.be\/wp-content\/uploads\/sites\/13\/2025\/04\/bb63e369c18fd457719bbec05337ebfc@large.jpg\" \/>\n\t<meta property=\"og:image:width\" content=\"1200\" \/>\n\t<meta property=\"og:image:height\" content=\"800\" \/>\n\t<meta property=\"og:image:type\" content=\"image\/jpeg\" \/>\n<meta name=\"twitter:card\" content=\"summary_large_image\" \/>\n<meta name=\"twitter:label1\" content=\"Gesch\u00e4tzte Lesezeit\" \/>\n\t<meta name=\"twitter:data1\" content=\"1\u00a0Minute\" \/>\n<script type=\"application\/ld+json\" class=\"yoast-schema-graph\">{\"@context\":\"https:\/\/schema.org\",\"@graph\":[{\"@type\":\"WebPage\",\"@id\":\"https:\/\/koningdrone.be\/product\/dji-convertible-carrying-bag\/\",\"url\":\"https:\/\/koningdrone.be\/product\/dji-convertible-carrying-bag\/\",\"name\":\"DJI Convertible Carrying Bag - koningdrone.be\",\"isPartOf\":{\"@id\":\"https:\/\/koningdrone.be\/#website\"},\"primaryImageOfPage\":{\"@id\":\"https:\/\/koningdrone.be\/product\/dji-convertible-carrying-bag\/#primaryimage\"},\"image\":{\"@id\":\"https:\/\/koningdrone.be\/product\/dji-convertible-carrying-bag\/#primaryimage\"},\"thumbnailUrl\":\"https:\/\/koningdrone.be\/wp-content\/uploads\/sites\/13\/2025\/04\/bb63e369c18fd457719bbec05337ebfc@large.jpg\",\"datePublished\":\"2021-11-19T10:27:19+00:00\",\"dateModified\":\"2026-04-29T08:11:00+00:00\",\"breadcrumb\":{\"@id\":\"https:\/\/koningdrone.be\/product\/dji-convertible-carrying-bag\/#breadcrumb\"},\"inLanguage\":\"de\",\"potentialAction\":[{\"@type\":\"ReadAction\",\"target\":[\"https:\/\/koningdrone.be\/product\/dji-convertible-carrying-bag\/\"]}]},{\"@type\":\"ImageObject\",\"inLanguage\":\"de\",\"@id\":\"https:\/\/koningdrone.be\/product\/dji-convertible-carrying-bag\/#primaryimage\",\"url\":\"https:\/\/koningdrone.be\/wp-content\/uploads\/sites\/13\/2025\/04\/bb63e369c18fd457719bbec05337ebfc@large.jpg\",\"contentUrl\":\"https:\/\/koningdrone.be\/wp-content\/uploads\/sites\/13\/2025\/04\/bb63e369c18fd457719bbec05337ebfc@large.jpg\",\"width\":1200,\"height\":800},{\"@type\":\"BreadcrumbList\",\"@id\":\"https:\/\/koningdrone.be\/product\/dji-convertible-carrying-bag\/#breadcrumb\",\"itemListElement\":[{\"@type\":\"ListItem\",\"position\":1,\"name\":\"Home\",\"item\":\"https:\/\/koningdrone.be\/\"},{\"@type\":\"ListItem\",\"position\":2,\"name\":\"AVSS Parachute Recovery System for DJI Matrice 300\/350\",\"item\":\"https:\/\/koningdrone.be\/product\/avss-parachute-recovery-system-for-dji-matrice-300-350\/\"},{\"@type\":\"ListItem\",\"position\":3,\"name\":\"Alle producten\",\"item\":\"https:\/\/koningdrone.be\/categorie\/alle-producten\/\"},{\"@type\":\"ListItem\",\"position\":4,\"name\":\"DJI Convertible Carrying Bag\"}]},{\"@type\":\"WebSite\",\"@id\":\"https:\/\/koningdrone.be\/#website\",\"url\":\"https:\/\/koningdrone.be\/\",\"name\":\"Koningdrone.be - Uw online specialist in drones, gimbals, camera's en power stations.\",\"description\":\"De webshop in drones en gimbals\",\"publisher\":{\"@id\":\"https:\/\/koningdrone.be\/#organization\"},\"potentialAction\":[{\"@type\":\"SearchAction\",\"target\":{\"@type\":\"EntryPoint\",\"urlTemplate\":\"https:\/\/koningdrone.be\/?s={search_term_string}\"},\"query-input\":{\"@type\":\"PropertyValueSpecification\",\"valueRequired\":true,\"valueName\":\"search_term_string\"}}],\"inLanguage\":\"de\"},{\"@type\":\"Organization\",\"@id\":\"https:\/\/koningdrone.be\/#organization\",\"name\":\"Koningdrone.be\",\"url\":\"https:\/\/koningdrone.be\/\",\"logo\":{\"@type\":\"ImageObject\",\"inLanguage\":\"de\",\"@id\":\"https:\/\/koningdrone.be\/#\/schema\/logo\/image\/\",\"url\":\"https:\/\/koningdrone.be\/wp-content\/uploads\/sites\/13\/2025\/04\/koningdrone-copyright-logo.svg\",\"contentUrl\":\"https:\/\/koningdrone.be\/wp-content\/uploads\/sites\/13\/2025\/04\/koningdrone-copyright-logo.svg\",\"width\":227,\"height\":38,\"caption\":\"Koningdrone.be\"},\"image\":{\"@id\":\"https:\/\/koningdrone.be\/#\/schema\/logo\/image\/\"}}]}<\/script>\n<!-- \/ Yoast SEO Premium plugin. -->","yoast_head_json":{"title":"DJI Convertible Carrying Bag - koningdrone.be","robots":{"index":"index","follow":"follow","max-snippet":"max-snippet:-1","max-image-preview":"max-image-preview:large","max-video-preview":"max-video-preview:-1"},"canonical":"https:\/\/koningdrone.be\/de\/produkt\/dji-convertible-carrying-bag\/","og_locale":"de_DE","og_type":"article","og_title":"DJI Convertible Carrying Bag","og_description":"Om te bouwen tot schoudertas of rugzak Ontworpen voor DJI Mavic 3-serie combo Ruim voor drone en alle accessoires Gemakkelijke toegang tot vliegtuigen en accessoires In de rugzakmodus is ruimte voor een 16-inch laptop Ideaal voor korte reizen met extra opbergruimte","og_url":"https:\/\/koningdrone.be\/de\/produkt\/dji-convertible-carrying-bag\/","og_site_name":"koningdrone.be","article_modified_time":"2026-04-29T08:11:00+00:00","og_image":[{"width":1200,"height":800,"url":"https:\/\/koningdrone.be\/wp-content\/uploads\/sites\/13\/2025\/04\/bb63e369c18fd457719bbec05337ebfc@large.jpg","type":"image\/jpeg"}],"twitter_card":"summary_large_image","twitter_misc":{"Gesch\u00e4tzte Lesezeit":"1\u00a0Minute"},"schema":{"@context":"https:\/\/schema.org","@graph":[{"@type":"WebPage","@id":"https:\/\/koningdrone.be\/product\/dji-convertible-carrying-bag\/","url":"https:\/\/koningdrone.be\/product\/dji-convertible-carrying-bag\/","name":"DJI Convertible Carrying Bag - koningdrone.be","isPartOf":{"@id":"https:\/\/koningdrone.be\/#website"},"primaryImageOfPage":{"@id":"https:\/\/koningdrone.be\/product\/dji-convertible-carrying-bag\/#primaryimage"},"image":{"@id":"https:\/\/koningdrone.be\/product\/dji-convertible-carrying-bag\/#primaryimage"},"thumbnailUrl":"https:\/\/koningdrone.be\/wp-content\/uploads\/sites\/13\/2025\/04\/bb63e369c18fd457719bbec05337ebfc@large.jpg","datePublished":"2021-11-19T10:27:19+00:00","dateModified":"2026-04-29T08:11:00+00:00","breadcrumb":{"@id":"https:\/\/koningdrone.be\/product\/dji-convertible-carrying-bag\/#breadcrumb"},"inLanguage":"de","potentialAction":[{"@type":"ReadAction","target":["https:\/\/koningdrone.be\/product\/dji-convertible-carrying-bag\/"]}]},{"@type":"ImageObject","inLanguage":"de","@id":"https:\/\/koningdrone.be\/product\/dji-convertible-carrying-bag\/#primaryimage","url":"https:\/\/koningdrone.be\/wp-content\/uploads\/sites\/13\/2025\/04\/bb63e369c18fd457719bbec05337ebfc@large.jpg","contentUrl":"https:\/\/koningdrone.be\/wp-content\/uploads\/sites\/13\/2025\/04\/bb63e369c18fd457719bbec05337ebfc@large.jpg","width":1200,"height":800},{"@type":"BreadcrumbList","@id":"https:\/\/koningdrone.be\/product\/dji-convertible-carrying-bag\/#breadcrumb","itemListElement":[{"@type":"ListItem","position":1,"name":"Home","item":"https:\/\/koningdrone.be\/"},{"@type":"ListItem","position":2,"name":"AVSS Parachute Recovery System for DJI Matrice 300\/350","item":"https:\/\/koningdrone.be\/product\/avss-parachute-recovery-system-for-dji-matrice-300-350\/"},{"@type":"ListItem","position":3,"name":"Alle producten","item":"https:\/\/koningdrone.be\/categorie\/alle-producten\/"},{"@type":"ListItem","position":4,"name":"DJI Convertible Carrying Bag"}]},{"@type":"WebSite","@id":"https:\/\/koningdrone.be\/#website","url":"https:\/\/koningdrone.be\/","name":"Koningdrone.be - Ihr Online-Spezialist f\u00fcr Drohnen, Gimbals, Kameras und Kraftwerke.","description":"Der Webshop f\u00fcr Drohnen und Gimbals","publisher":{"@id":"https:\/\/koningdrone.be\/#organization"},"potentialAction":[{"@type":"SearchAction","target":{"@type":"EntryPoint","urlTemplate":"https:\/\/koningdrone.be\/?s={search_term_string}"},"query-input":{"@type":"PropertyValueSpecification","valueRequired":true,"valueName":"search_term_string"}}],"inLanguage":"de"},{"@type":"Organization","@id":"https:\/\/koningdrone.be\/#organization","name":"Kingdrone.de","url":"https:\/\/koningdrone.be\/","logo":{"@type":"ImageObject","inLanguage":"de","@id":"https:\/\/koningdrone.be\/#\/schema\/logo\/image\/","url":"https:\/\/koningdrone.be\/wp-content\/uploads\/sites\/13\/2025\/04\/koningdrone-copyright-logo.svg","contentUrl":"https:\/\/koningdrone.be\/wp-content\/uploads\/sites\/13\/2025\/04\/koningdrone-copyright-logo.svg","width":227,"height":38,"caption":"Koningdrone.be"},"image":{"@id":"https:\/\/koningdrone.be\/#\/schema\/logo\/image\/"}}]}},"df_price":"","df_sale_price":"","df_regular_price":"","df_image_link":"https:\/\/koningdrone.be\/wp-content\/uploads\/sites\/13\/2025\/04\/bb63e369c18fd457719bbec05337ebfc@large-300x200.jpg","_links":{"self":[{"href":"https:\/\/koningdrone.be\/de\/wp-json\/wp\/v2\/product\/6146","targetHints":{"allow":["GET"]}}],"collection":[{"href":"https:\/\/koningdrone.be\/de\/wp-json\/wp\/v2\/product"}],"about":[{"href":"https:\/\/koningdrone.be\/de\/wp-json\/wp\/v2\/types\/product"}],"wp:featuredmedia":[{"embeddable":true,"href":"https:\/\/koningdrone.be\/de\/wp-json\/wp\/v2\/media\/6143"}],"wp:attachment":[{"href":"https:\/\/koningdrone.be\/de\/wp-json\/wp\/v2\/media?parent=6146"}],"wp:term":[{"taxonomy":"product_brand","embeddable":true,"href":"https:\/\/koningdrone.be\/de\/wp-json\/wp\/v2\/product_brand?post=6146"},{"taxonomy":"product_cat","embeddable":true,"href":"https:\/\/koningdrone.be\/de\/wp-json\/wp\/v2\/product_cat?post=6146"},{"taxonomy":"product_tag","embeddable":true,"href":"https:\/\/koningdrone.be\/de\/wp-json\/wp\/v2\/product_tag?post=6146"}],"curies":[{"name":"wp","href":"https:\/\/api.w.org\/{rel}","templated":true}]}}