{"id":6098,"date":"2021-11-19T11:27:24","date_gmt":"2021-11-19T10:27:24","guid":{"rendered":"https:\/\/koningdrone.nl\/kon\/product\/dji-action-2-care-refresh-voor-2-jaren\/"},"modified":"2026-04-29T07:30:36","modified_gmt":"2026-04-29T05:30:36","slug":"dji-action-2-care-refresh-voor-2-jaren","status":"publish","type":"product","link":"https:\/\/koningdrone.be\/de\/produkt\/dji-action-2-care-refresh-voor-2-jaren\/","title":{"rendered":"DJI Action 2 - Care Refresh f\u00fcr 2 Jahre"},"content":{"rendered":"<h1>DJI Action 2 - Care Refresh f\u00fcr 2 Jahre<\/h1>\n<p>DJI Care Refresh 2-Jahres-Plan Action 2 ist ein umfassendes Garantiepaket f\u00fcr Ihre DJI Action 2 Kamera, das 24 Monate lang g\u00fcltig ist. Es sch\u00fctzt Sie vor hohen Kosten im Falle eines Unfalls mit Ihrer Kamera. Abholung und R\u00fccksendung Ihrer Kamera gehen zu Lasten von DJI und m\u00fcssen von Ihnen nicht selbst bezahlt werden.<\/p>\n<p><strong>Zwei Nachr\u00fccker mit Zuzahlung<\/strong><br \/>Es ist m\u00f6glich, eine Ersatzkamera bis zu 3 Mal durch eine zus\u00e4tzliche Zahlung zu erhalten. Die Ersatzkamera ist neu oder gleichwertig mit einem neuen Produkt. Care Refresh gilt im Falle von Fehlern, Signalausf\u00e4llen, Kollisionen, Wassersch\u00e4den und Sturzsch\u00e4den.<\/p>\n<p><strong>Wichtig f\u00fcr die Aktivierung:<\/strong><\/p>\n<ul> <\/p>\n<li>Die Kamera sollte neu und noch nicht registriert sein<\/li>\n<p> <\/p>\n<li>Nach der Registrierung der Kamera sollte Care Refresh aktiviert werden<\/li>\n<p> <\/p>\n<li>Sie m\u00fcssen Care Refresh innerhalb von 30 Tagen nach Aktivierung Ihrer Kamera registrieren.<\/li>\n<p> <\/p>\n<li>Verlust ist nicht gedeckt<\/li>\n<p><\/ul>","protected":false},"excerpt":{"rendered":"<ul>\n<li>Garantiepaket f\u00fcr eine neu gekaufte DJI Action 2 Kamera<\/li>\n<li>Dreimaliger Ersatz (mit Zuzahlung)<\/li>\n<li>Schutz vor hohen Kosten im Falle eines Unfalls<\/li>\n<li>DJI \u00fcbernimmt die Kosten f\u00fcr Abholung und R\u00fcckgabe<\/li>\n<\/ul>","protected":false},"featured_media":6096,"template":"","meta":{"_acf_changed":false},"product_brand":[],"product_cat":[175,97,1184,621,297],"product_tag":[],"class_list":{"0":"post-6098","1":"product","2":"type-product","3":"status-publish","4":"has-post-thumbnail","6":"product_cat-alle-care-refresh","7":"product_cat-alle-producten","8":"product_cat-dji-action","9":"product_cat-dji-action-2","10":"product_cat-dji-osmo","11":"product_shipping_class-outofstock","12":"pa_brand-dji","13":"pa_productfamily-care-refresh","14":"pa_producttype-care-refresh","15":"pa_series-action-2","17":"first","18":"outofstock","19":"taxable","20":"shipping-taxable","21":"product-type-simple"},"acf":[],"yoast_head":"<!-- This site is optimized with the Yoast SEO Premium plugin v27.2 (Yoast SEO v27.2) - https:\/\/yoast.com\/product\/yoast-seo-premium-wordpress\/ -->\n<title>DJI Action 2 - Care Refresh voor 2 jaren - koningdrone.be<\/title>\n<meta name=\"robots\" content=\"index, follow, max-snippet:-1, max-image-preview:large, max-video-preview:-1\" \/>\n<link rel=\"canonical\" href=\"https:\/\/koningdrone.be\/de\/produkt\/dji-action-2-care-refresh-voor-2-jaren\/\" \/>\n<meta property=\"og:locale\" content=\"de_DE\" \/>\n<meta property=\"og:type\" content=\"article\" \/>\n<meta property=\"og:title\" content=\"DJI Action 2 - Care Refresh voor 2 jaren\" \/>\n<meta property=\"og:description\" content=\"Garantiepakket voor een nieuw gekochte DJI Action 2 camera  Drie keer een vervanging (met bijbetaling)  Bescherming tegen hoge kosten bij een ongeluk  DJI neemt de kosten van ophalen en terugsturen op zich\" \/>\n<meta property=\"og:url\" content=\"https:\/\/koningdrone.be\/de\/produkt\/dji-action-2-care-refresh-voor-2-jaren\/\" \/>\n<meta property=\"og:site_name\" content=\"koningdrone.be\" \/>\n<meta property=\"article:modified_time\" content=\"2026-04-29T05:30:36+00:00\" \/>\n<meta property=\"og:image\" content=\"https:\/\/koningdrone.be\/wp-content\/uploads\/sites\/13\/2025\/04\/6941565919250-1.jpg\" \/>\n\t<meta property=\"og:image:width\" content=\"1500\" \/>\n\t<meta property=\"og:image:height\" content=\"1500\" \/>\n\t<meta property=\"og:image:type\" content=\"image\/jpeg\" \/>\n<meta name=\"twitter:card\" content=\"summary_large_image\" \/>\n<meta name=\"twitter:label1\" content=\"Gesch\u00e4tzte Lesezeit\" \/>\n\t<meta name=\"twitter:data1\" content=\"1\u00a0Minute\" \/>\n<script type=\"application\/ld+json\" class=\"yoast-schema-graph\">{\"@context\":\"https:\/\/schema.org\",\"@graph\":[{\"@type\":\"WebPage\",\"@id\":\"https:\/\/koningdrone.be\/product\/dji-action-2-care-refresh-voor-2-jaren\/\",\"url\":\"https:\/\/koningdrone.be\/product\/dji-action-2-care-refresh-voor-2-jaren\/\",\"name\":\"DJI Action 2 - Care Refresh voor 2 jaren - koningdrone.be\",\"isPartOf\":{\"@id\":\"https:\/\/koningdrone.be\/#website\"},\"primaryImageOfPage\":{\"@id\":\"https:\/\/koningdrone.be\/product\/dji-action-2-care-refresh-voor-2-jaren\/#primaryimage\"},\"image\":{\"@id\":\"https:\/\/koningdrone.be\/product\/dji-action-2-care-refresh-voor-2-jaren\/#primaryimage\"},\"thumbnailUrl\":\"https:\/\/koningdrone.be\/wp-content\/uploads\/sites\/13\/2025\/04\/6941565919250-1.jpg\",\"datePublished\":\"2021-11-19T10:27:24+00:00\",\"dateModified\":\"2026-04-29T05:30:36+00:00\",\"breadcrumb\":{\"@id\":\"https:\/\/koningdrone.be\/product\/dji-action-2-care-refresh-voor-2-jaren\/#breadcrumb\"},\"inLanguage\":\"de\",\"potentialAction\":[{\"@type\":\"ReadAction\",\"target\":[\"https:\/\/koningdrone.be\/product\/dji-action-2-care-refresh-voor-2-jaren\/\"]}]},{\"@type\":\"ImageObject\",\"inLanguage\":\"de\",\"@id\":\"https:\/\/koningdrone.be\/product\/dji-action-2-care-refresh-voor-2-jaren\/#primaryimage\",\"url\":\"https:\/\/koningdrone.be\/wp-content\/uploads\/sites\/13\/2025\/04\/6941565919250-1.jpg\",\"contentUrl\":\"https:\/\/koningdrone.be\/wp-content\/uploads\/sites\/13\/2025\/04\/6941565919250-1.jpg\",\"width\":1500,\"height\":1500},{\"@type\":\"BreadcrumbList\",\"@id\":\"https:\/\/koningdrone.be\/product\/dji-action-2-care-refresh-voor-2-jaren\/#breadcrumb\",\"itemListElement\":[{\"@type\":\"ListItem\",\"position\":1,\"name\":\"Home\",\"item\":\"https:\/\/koningdrone.be\/\"},{\"@type\":\"ListItem\",\"position\":2,\"name\":\"AVSS Parachute Recovery System for DJI Matrice 300\/350\",\"item\":\"https:\/\/koningdrone.be\/product\/avss-parachute-recovery-system-for-dji-matrice-300-350\/\"},{\"@type\":\"ListItem\",\"position\":3,\"name\":\"Alle care refresh\",\"item\":\"https:\/\/koningdrone.be\/categorie\/alle-care-refresh\/\"},{\"@type\":\"ListItem\",\"position\":4,\"name\":\"DJI Action 2 &#8211; Care Refresh voor 2 jaren\"}]},{\"@type\":\"WebSite\",\"@id\":\"https:\/\/koningdrone.be\/#website\",\"url\":\"https:\/\/koningdrone.be\/\",\"name\":\"Koningdrone.be - Uw online specialist in drones, gimbals, camera's en power stations.\",\"description\":\"De webshop in drones en gimbals\",\"publisher\":{\"@id\":\"https:\/\/koningdrone.be\/#organization\"},\"potentialAction\":[{\"@type\":\"SearchAction\",\"target\":{\"@type\":\"EntryPoint\",\"urlTemplate\":\"https:\/\/koningdrone.be\/?s={search_term_string}\"},\"query-input\":{\"@type\":\"PropertyValueSpecification\",\"valueRequired\":true,\"valueName\":\"search_term_string\"}}],\"inLanguage\":\"de\"},{\"@type\":\"Organization\",\"@id\":\"https:\/\/koningdrone.be\/#organization\",\"name\":\"Koningdrone.be\",\"url\":\"https:\/\/koningdrone.be\/\",\"logo\":{\"@type\":\"ImageObject\",\"inLanguage\":\"de\",\"@id\":\"https:\/\/koningdrone.be\/#\/schema\/logo\/image\/\",\"url\":\"https:\/\/koningdrone.be\/wp-content\/uploads\/sites\/13\/2025\/04\/koningdrone-copyright-logo.svg\",\"contentUrl\":\"https:\/\/koningdrone.be\/wp-content\/uploads\/sites\/13\/2025\/04\/koningdrone-copyright-logo.svg\",\"width\":227,\"height\":38,\"caption\":\"Koningdrone.be\"},\"image\":{\"@id\":\"https:\/\/koningdrone.be\/#\/schema\/logo\/image\/\"}}]}<\/script>\n<!-- \/ Yoast SEO Premium plugin. -->","yoast_head_json":{"title":"DJI Action 2 - Care Refresh voor 2 jaren - koningdrone.be","robots":{"index":"index","follow":"follow","max-snippet":"max-snippet:-1","max-image-preview":"max-image-preview:large","max-video-preview":"max-video-preview:-1"},"canonical":"https:\/\/koningdrone.be\/de\/produkt\/dji-action-2-care-refresh-voor-2-jaren\/","og_locale":"de_DE","og_type":"article","og_title":"DJI Action 2 - Care Refresh voor 2 jaren","og_description":"Garantiepakket voor een nieuw gekochte DJI Action 2 camera  Drie keer een vervanging (met bijbetaling)  Bescherming tegen hoge kosten bij een ongeluk  DJI neemt de kosten van ophalen en terugsturen op zich","og_url":"https:\/\/koningdrone.be\/de\/produkt\/dji-action-2-care-refresh-voor-2-jaren\/","og_site_name":"koningdrone.be","article_modified_time":"2026-04-29T05:30:36+00:00","og_image":[{"width":1500,"height":1500,"url":"https:\/\/koningdrone.be\/wp-content\/uploads\/sites\/13\/2025\/04\/6941565919250-1.jpg","type":"image\/jpeg"}],"twitter_card":"summary_large_image","twitter_misc":{"Gesch\u00e4tzte Lesezeit":"1\u00a0Minute"},"schema":{"@context":"https:\/\/schema.org","@graph":[{"@type":"WebPage","@id":"https:\/\/koningdrone.be\/product\/dji-action-2-care-refresh-voor-2-jaren\/","url":"https:\/\/koningdrone.be\/product\/dji-action-2-care-refresh-voor-2-jaren\/","name":"DJI Action 2 - Care Refresh voor 2 jaren - koningdrone.be","isPartOf":{"@id":"https:\/\/koningdrone.be\/#website"},"primaryImageOfPage":{"@id":"https:\/\/koningdrone.be\/product\/dji-action-2-care-refresh-voor-2-jaren\/#primaryimage"},"image":{"@id":"https:\/\/koningdrone.be\/product\/dji-action-2-care-refresh-voor-2-jaren\/#primaryimage"},"thumbnailUrl":"https:\/\/koningdrone.be\/wp-content\/uploads\/sites\/13\/2025\/04\/6941565919250-1.jpg","datePublished":"2021-11-19T10:27:24+00:00","dateModified":"2026-04-29T05:30:36+00:00","breadcrumb":{"@id":"https:\/\/koningdrone.be\/product\/dji-action-2-care-refresh-voor-2-jaren\/#breadcrumb"},"inLanguage":"de","potentialAction":[{"@type":"ReadAction","target":["https:\/\/koningdrone.be\/product\/dji-action-2-care-refresh-voor-2-jaren\/"]}]},{"@type":"ImageObject","inLanguage":"de","@id":"https:\/\/koningdrone.be\/product\/dji-action-2-care-refresh-voor-2-jaren\/#primaryimage","url":"https:\/\/koningdrone.be\/wp-content\/uploads\/sites\/13\/2025\/04\/6941565919250-1.jpg","contentUrl":"https:\/\/koningdrone.be\/wp-content\/uploads\/sites\/13\/2025\/04\/6941565919250-1.jpg","width":1500,"height":1500},{"@type":"BreadcrumbList","@id":"https:\/\/koningdrone.be\/product\/dji-action-2-care-refresh-voor-2-jaren\/#breadcrumb","itemListElement":[{"@type":"ListItem","position":1,"name":"Home","item":"https:\/\/koningdrone.be\/"},{"@type":"ListItem","position":2,"name":"AVSS Parachute Recovery System for DJI Matrice 300\/350","item":"https:\/\/koningdrone.be\/product\/avss-parachute-recovery-system-for-dji-matrice-300-350\/"},{"@type":"ListItem","position":3,"name":"Alle care refresh","item":"https:\/\/koningdrone.be\/categorie\/alle-care-refresh\/"},{"@type":"ListItem","position":4,"name":"DJI Action 2 &#8211; Care Refresh voor 2 jaren"}]},{"@type":"WebSite","@id":"https:\/\/koningdrone.be\/#website","url":"https:\/\/koningdrone.be\/","name":"Koningdrone.be - Ihr Online-Spezialist f\u00fcr Drohnen, Gimbals, Kameras und Kraftwerke.","description":"Der Webshop f\u00fcr Drohnen und Gimbals","publisher":{"@id":"https:\/\/koningdrone.be\/#organization"},"potentialAction":[{"@type":"SearchAction","target":{"@type":"EntryPoint","urlTemplate":"https:\/\/koningdrone.be\/?s={search_term_string}"},"query-input":{"@type":"PropertyValueSpecification","valueRequired":true,"valueName":"search_term_string"}}],"inLanguage":"de"},{"@type":"Organization","@id":"https:\/\/koningdrone.be\/#organization","name":"Kingdrone.de","url":"https:\/\/koningdrone.be\/","logo":{"@type":"ImageObject","inLanguage":"de","@id":"https:\/\/koningdrone.be\/#\/schema\/logo\/image\/","url":"https:\/\/koningdrone.be\/wp-content\/uploads\/sites\/13\/2025\/04\/koningdrone-copyright-logo.svg","contentUrl":"https:\/\/koningdrone.be\/wp-content\/uploads\/sites\/13\/2025\/04\/koningdrone-copyright-logo.svg","width":227,"height":38,"caption":"Koningdrone.be"},"image":{"@id":"https:\/\/koningdrone.be\/#\/schema\/logo\/image\/"}}]}},"df_price":"","df_sale_price":"","df_regular_price":"","df_image_link":"https:\/\/koningdrone.be\/wp-content\/uploads\/sites\/13\/2025\/04\/6941565919250-1-300x300.jpg","_links":{"self":[{"href":"https:\/\/koningdrone.be\/de\/wp-json\/wp\/v2\/product\/6098","targetHints":{"allow":["GET"]}}],"collection":[{"href":"https:\/\/koningdrone.be\/de\/wp-json\/wp\/v2\/product"}],"about":[{"href":"https:\/\/koningdrone.be\/de\/wp-json\/wp\/v2\/types\/product"}],"wp:featuredmedia":[{"embeddable":true,"href":"https:\/\/koningdrone.be\/de\/wp-json\/wp\/v2\/media\/6096"}],"wp:attachment":[{"href":"https:\/\/koningdrone.be\/de\/wp-json\/wp\/v2\/media?parent=6098"}],"wp:term":[{"taxonomy":"product_brand","embeddable":true,"href":"https:\/\/koningdrone.be\/de\/wp-json\/wp\/v2\/product_brand?post=6098"},{"taxonomy":"product_cat","embeddable":true,"href":"https:\/\/koningdrone.be\/de\/wp-json\/wp\/v2\/product_cat?post=6098"},{"taxonomy":"product_tag","embeddable":true,"href":"https:\/\/koningdrone.be\/de\/wp-json\/wp\/v2\/product_tag?post=6098"}],"curies":[{"name":"wp","href":"https:\/\/api.w.org\/{rel}","templated":true}]}}