{"id":6095,"date":"2021-11-19T11:27:24","date_gmt":"2021-11-19T10:27:24","guid":{"rendered":"https:\/\/koningdrone.nl\/kon\/product\/dji-mic\/"},"modified":"2026-04-29T15:40:34","modified_gmt":"2026-04-29T13:40:34","slug":"dji-mic","status":"publish","type":"product","link":"https:\/\/koningdrone.be\/de\/produkt\/dji-mic\/","title":{"rendered":"DJI-Mikrofon"},"content":{"rendered":"<h1>DJI-Mikrofon<\/h1>\n<p>Mit dem DJI Mic k\u00f6nnen Sie jetzt ganz einfach Ton aufnehmen, der zur Qualit\u00e4t Ihrer Videos passt. Es ist ideal f\u00fcr Videofilmer, die sich einen Vorsprung verschaffen und ihre Inhalte auf das n\u00e4chste Level bringen wollen. Es bietet eine au\u00dfergew\u00f6hnliche Klangqualit\u00e4t und Zweikanal-Aufnahme bei Entfernungen von bis zu 250 m. Unterwegs umschalten, anschlie\u00dfen und kristallklaren Ton aufnehmen.<\/p>\n<p><strong>Aufnahme auf zwei Kan\u00e4len<\/strong><br \/>DJI Mic wird mit zwei Sendern geliefert, die jeweils \u00fcber integrierte Mikrofone verf\u00fcgen. Beide Sender unterst\u00fctzen omnidirektionales Audio, was sie ideal f\u00fcr Interviews mit mehreren Personen und kleine Studioeins\u00e4tze macht.<\/p>\n<p><strong>Hochwertige Audioqualit\u00e4t<\/strong><br \/>Mit dem DJI Mic k\u00f6nnen Sie professionelle Audioaufnahmen mit hoher Wiedergabetreue machen, da es den Ton \u00fcber einen gr\u00f6\u00dferen Frequenzbereich pr\u00e4zise wiedergibt. Die Aufnahmen k\u00f6nnen \u00fcber jeden Kanal separat gemacht werden, oder die beiden Kan\u00e4le k\u00f6nnen f\u00fcr eine flexible Nachbearbeitung kombiniert werden.<\/p>\n<p><strong>Integrierter Touchscreen und interner Speicher<\/strong><br \/>\u00dcber den Touchscreen des Empf\u00e4ngers haben Sie einfachen Zugriff auf die Kanalauswahl, Eingangs-\/Ausgangseinstellungen und andere wichtige Funktionen. Beide Sender verf\u00fcgen \u00fcber eine integrierte Speicherkapazit\u00e4t von 14 Stunden, um den Verlust von Audiorahmen und andere Probleme zu vermeiden.<\/p>\n<p><strong>Drahtlose \u00dcbertragung<\/strong><br \/>Genie\u00dfen Sie selbst in komplexen Szenarien einen klaren und zuverl\u00e4ssigen Klang. Sender und Empf\u00e4nger kommunizieren \u00fcber eine leistungsstarke kabellose \u00dcbertragung, die den Klang stabil h\u00e4lt und Audioverz\u00f6gerungen selbst \u00fcber gro\u00dfe Entfernungen reduziert.<\/p>\n<p><strong>250m \u00dcbertragungsreichweite<\/strong><br \/>Mit der neuesten Codierungstechnologie von DJI kann das DJI Mic bis zu einer Entfernung von 250 Metern klaren Ton aufnehmen.<\/p>\n<p><strong>Kabelloser Komfort<\/strong><br \/>Das gesamte DJI Mic-System ist drahtlos \u00fcber ein stabiles 2,4-GHz-Frequenzband verbunden, so dass Sie sich bei der Aufnahme Ihres Abenteuers v\u00f6llig frei bewegen k\u00f6nnen.<\/p>\n<p><strong>Leistungsstarke Anti-Interferenz<\/strong><br \/>Das optimierte drahtlose \u00dcbertragungssystem sorgt f\u00fcr einen stabilen Audiostrom auch in Bereichen wie Bahnh\u00f6fen, Einkaufszentren und B\u00fcros.<\/p>\n<p><strong>Tragbar und tragbar<\/strong><br \/>Befestigen Sie den Sender einfach mit dem integrierten R\u00fcckenclip oder mit den Clipmagneten an Ihrer Kleidung. Mit einem Gewicht von nur 30 Gramm ist das Tragen des Senders bequem und nahtlos.<\/p>\n<p><strong>Anklipsen und aufnehmen<\/strong><br \/>Jeder Sender hat einen praktischen Clip auf der R\u00fcckseite, der sich leicht an der Kleidung oder anderen Gegenst\u00e4nden befestigen l\u00e4sst.<\/p>\n<p><strong>Mehr M\u00f6glichkeiten zur Verbindung<\/strong><br \/>Wenn die Kleidung, die Sie tragen, nicht f\u00fcr den hinteren Clip geeignet ist, k\u00f6nnen die Sender auch \u00fcber die Clipmagnete befestigt werden.<\/p>\n<p><strong>Leicht zu montieren<\/strong><br \/>Mit dem Adapter f\u00fcr den kalten Schuh befestigen Sie den Empf\u00e4nger an Ihrer DSLR-Kamera, spiegellosen Kamera oder Smartphone-Halterung und nehmen makellose Bilder passend zum Ton auf.<\/p>\n<p><strong>Hochgradig kompatibel<\/strong><br \/>Verschiedene Ger\u00e4te bedeuten verschiedene Eingangsadapter, und das DJI Mic deckt sie alle ab. Der Empf\u00e4nger verf\u00fcgt \u00fcber USB-C-, Lightning- und 3,5-mm-Klinkenanschl\u00fcsse, wodurch er mit normalen Smartphones, Kameras und Laptops kompatibel ist.<\/p>\n<p><strong>DJI Mic Ladekoffer<\/strong><br \/>Der ultra-portable Ladekoffer ist das perfekte Zuhause f\u00fcr das DJI Mic. Sie erm\u00f6glicht das Aufladen der Sender und Empf\u00e4nger, die praktische Aufbewahrung der Komponenten und die schnelle Kopplung des Systems direkt aus dem Koffer heraus.<\/p>\n<p><strong>Ultra-lange Batterielebensdauer<\/strong><br \/>Sie suchen ein System, das mit Ihren Anforderungen an die Inhalte mithalten kann? Mit dem DJI Mic k\u00f6nnen Sie einen ganzen Tag lang Audioaufnahmen machen. Genie\u00dfen Sie eine Akkulaufzeit von 5,5 Stunden mit den Sendern, 5 Stunden mit dem Empf\u00e4nger und bis zu 15 Stunden mit der Ladekassette.<\/p>\n<p><strong>Schnelles Pairing<\/strong><br \/>Sowohl der Sender als auch der Empf\u00e4nger werden automatisch mit Ihrem Ger\u00e4t gekoppelt, sobald sie aus der Ladeschale genommen werden. Vervollst\u00e4ndigen Sie einfach die Ersteinrichtung und seien Sie innerhalb von Sekunden bereit, au\u00dfergew\u00f6hnliche Audioaufnahmen zu machen.<\/p>\n<p><strong>Reichhaltige Funktionalit\u00e4t<\/strong><br \/>Sicherheitsspur: Eine zweite Audiospur wird als Backup mit einer Lautst\u00e4rke von -6 dB aufgezeichnet. Dies hilft, Ihr Audio zu sch\u00fctzen, wenn ein Audioverlust durch Probleme wie Verzerrung oder Clipping verursacht wird.<\/p>\n<p>Mehrstufige Verst\u00e4rkungsregelung: Stellen Sie die Eingangs- und Ausgangsempfindlichkeit zwischen -12 dB und 12 dB ein und finden Sie die perfekte Einstellung f\u00fcr Ihre Umgebung.<\/p>\n<p>Mikrofon-Windschutz: Sch\u00fctzt effektiv vor Wind und lauten Umgebungsger\u00e4uschen und erm\u00f6glicht dennoch eine klare Tonaufnahme.<\/p>\n<p><strong>Anmerkungen: <\/strong><br \/>1. Getestet in einer hindernisfreien Au\u00dfenumgebung gem\u00e4\u00df FCC-Konformit\u00e4t.<br \/>2. Getestet mit einer Abtastrate von 48.000 Hz und 24-Bit-Mono-WAV-Audioformat.<br \/>3. Getestet mit 2 an den Empf\u00e4nger angeschlossenen Sendern, ohne Backup-Aufzeichnung, und dem an eine Kamera angeschlossenen Empf\u00e4nger.<\/p>","protected":false},"excerpt":{"rendered":"<ul>\n<li>Aufnahme auf zwei Kan\u00e4len<\/li>\n<li>250 m drahtlose \u00dcbertragung<\/li>\n<li>Bis zu 14 Stunden interner Speicher<\/li>\n<li>Tragbar und kompakt<\/li>\n<li>Breite Kompatibilit\u00e4t<\/li>\n<li>Bis zu 15 Stunden Akkulaufzeit<\/li>\n<\/ul>","protected":false},"featured_media":6086,"template":"","meta":{"_acf_changed":false},"product_brand":[],"product_cat":[97,621,297],"product_tag":[],"class_list":{"0":"post-6095","1":"product","2":"type-product","3":"status-publish","4":"has-post-thumbnail","6":"product_cat-alle-producten","7":"product_cat-dji-action-2","8":"product_cat-dji-osmo","9":"product_shipping_class-outofstock","10":"pa_brand-dji","11":"pa_productfamily-microfoon","12":"pa_producttype-microfoon","13":"pa_series-action-2","15":"first","16":"outofstock","17":"taxable","18":"shipping-taxable","19":"purchasable","20":"product-type-simple"},"acf":[],"yoast_head":"<!-- This site is optimized with the Yoast SEO Premium plugin v27.2 (Yoast SEO v27.2) - https:\/\/yoast.com\/product\/yoast-seo-premium-wordpress\/ -->\n<title>DJI Mic - koningdrone.be<\/title>\n<meta name=\"robots\" content=\"index, follow, max-snippet:-1, max-image-preview:large, max-video-preview:-1\" \/>\n<link rel=\"canonical\" href=\"https:\/\/koningdrone.be\/de\/produkt\/dji-mic\/\" \/>\n<meta property=\"og:locale\" content=\"de_DE\" \/>\n<meta property=\"og:type\" content=\"article\" \/>\n<meta property=\"og:title\" content=\"DJI Mic\" \/>\n<meta property=\"og:description\" content=\"Opname op twee kanalen250 m draadloze transmissieTot 14 uur intern geheugenDraagbaar en compactBrede compatibiliteitTot 15 uur batterijduur\" \/>\n<meta property=\"og:url\" content=\"https:\/\/koningdrone.be\/de\/produkt\/dji-mic\/\" \/>\n<meta property=\"og:site_name\" content=\"koningdrone.be\" \/>\n<meta property=\"article:modified_time\" content=\"2026-04-29T13:40:34+00:00\" \/>\n<meta property=\"og:image\" content=\"https:\/\/koningdrone.be\/wp-content\/uploads\/sites\/13\/2025\/04\/dji-mic-1.jpg\" \/>\n\t<meta property=\"og:image:width\" content=\"600\" \/>\n\t<meta property=\"og:image:height\" content=\"450\" \/>\n\t<meta property=\"og:image:type\" content=\"image\/jpeg\" \/>\n<meta name=\"twitter:card\" content=\"summary_large_image\" \/>\n<meta name=\"twitter:label1\" content=\"Gesch\u00e4tzte Lesezeit\" \/>\n\t<meta name=\"twitter:data1\" content=\"3\u00a0Minuten\" \/>\n<script type=\"application\/ld+json\" class=\"yoast-schema-graph\">{\"@context\":\"https:\/\/schema.org\",\"@graph\":[{\"@type\":\"WebPage\",\"@id\":\"https:\/\/koningdrone.be\/product\/dji-mic\/\",\"url\":\"https:\/\/koningdrone.be\/product\/dji-mic\/\",\"name\":\"DJI Mic - koningdrone.be\",\"isPartOf\":{\"@id\":\"https:\/\/koningdrone.be\/#website\"},\"primaryImageOfPage\":{\"@id\":\"https:\/\/koningdrone.be\/product\/dji-mic\/#primaryimage\"},\"image\":{\"@id\":\"https:\/\/koningdrone.be\/product\/dji-mic\/#primaryimage\"},\"thumbnailUrl\":\"https:\/\/koningdrone.be\/wp-content\/uploads\/sites\/13\/2025\/04\/dji-mic-1.jpg\",\"datePublished\":\"2021-11-19T10:27:24+00:00\",\"dateModified\":\"2026-04-29T13:40:34+00:00\",\"breadcrumb\":{\"@id\":\"https:\/\/koningdrone.be\/product\/dji-mic\/#breadcrumb\"},\"inLanguage\":\"de\",\"potentialAction\":[{\"@type\":\"ReadAction\",\"target\":[\"https:\/\/koningdrone.be\/product\/dji-mic\/\"]}]},{\"@type\":\"ImageObject\",\"inLanguage\":\"de\",\"@id\":\"https:\/\/koningdrone.be\/product\/dji-mic\/#primaryimage\",\"url\":\"https:\/\/koningdrone.be\/wp-content\/uploads\/sites\/13\/2025\/04\/dji-mic-1.jpg\",\"contentUrl\":\"https:\/\/koningdrone.be\/wp-content\/uploads\/sites\/13\/2025\/04\/dji-mic-1.jpg\",\"width\":600,\"height\":450},{\"@type\":\"BreadcrumbList\",\"@id\":\"https:\/\/koningdrone.be\/product\/dji-mic\/#breadcrumb\",\"itemListElement\":[{\"@type\":\"ListItem\",\"position\":1,\"name\":\"Home\",\"item\":\"https:\/\/koningdrone.be\/\"},{\"@type\":\"ListItem\",\"position\":2,\"name\":\"AVSS Parachute Recovery System for DJI Matrice 300\/350\",\"item\":\"https:\/\/koningdrone.be\/product\/avss-parachute-recovery-system-for-dji-matrice-300-350\/\"},{\"@type\":\"ListItem\",\"position\":3,\"name\":\"Alle producten\",\"item\":\"https:\/\/koningdrone.be\/categorie\/alle-producten\/\"},{\"@type\":\"ListItem\",\"position\":4,\"name\":\"DJI Mic\"}]},{\"@type\":\"WebSite\",\"@id\":\"https:\/\/koningdrone.be\/#website\",\"url\":\"https:\/\/koningdrone.be\/\",\"name\":\"Koningdrone.be - Uw online specialist in drones, gimbals, camera's en power stations.\",\"description\":\"De webshop in drones en gimbals\",\"publisher\":{\"@id\":\"https:\/\/koningdrone.be\/#organization\"},\"potentialAction\":[{\"@type\":\"SearchAction\",\"target\":{\"@type\":\"EntryPoint\",\"urlTemplate\":\"https:\/\/koningdrone.be\/?s={search_term_string}\"},\"query-input\":{\"@type\":\"PropertyValueSpecification\",\"valueRequired\":true,\"valueName\":\"search_term_string\"}}],\"inLanguage\":\"de\"},{\"@type\":\"Organization\",\"@id\":\"https:\/\/koningdrone.be\/#organization\",\"name\":\"Koningdrone.be\",\"url\":\"https:\/\/koningdrone.be\/\",\"logo\":{\"@type\":\"ImageObject\",\"inLanguage\":\"de\",\"@id\":\"https:\/\/koningdrone.be\/#\/schema\/logo\/image\/\",\"url\":\"https:\/\/koningdrone.be\/wp-content\/uploads\/sites\/13\/2025\/04\/koningdrone-copyright-logo.svg\",\"contentUrl\":\"https:\/\/koningdrone.be\/wp-content\/uploads\/sites\/13\/2025\/04\/koningdrone-copyright-logo.svg\",\"width\":227,\"height\":38,\"caption\":\"Koningdrone.be\"},\"image\":{\"@id\":\"https:\/\/koningdrone.be\/#\/schema\/logo\/image\/\"}}]}<\/script>\n<!-- \/ Yoast SEO Premium plugin. -->","yoast_head_json":{"title":"DJI Mic - koningdrone.be","robots":{"index":"index","follow":"follow","max-snippet":"max-snippet:-1","max-image-preview":"max-image-preview:large","max-video-preview":"max-video-preview:-1"},"canonical":"https:\/\/koningdrone.be\/de\/produkt\/dji-mic\/","og_locale":"de_DE","og_type":"article","og_title":"DJI Mic","og_description":"Opname op twee kanalen250 m draadloze transmissieTot 14 uur intern geheugenDraagbaar en compactBrede compatibiliteitTot 15 uur batterijduur","og_url":"https:\/\/koningdrone.be\/de\/produkt\/dji-mic\/","og_site_name":"koningdrone.be","article_modified_time":"2026-04-29T13:40:34+00:00","og_image":[{"width":600,"height":450,"url":"https:\/\/koningdrone.be\/wp-content\/uploads\/sites\/13\/2025\/04\/dji-mic-1.jpg","type":"image\/jpeg"}],"twitter_card":"summary_large_image","twitter_misc":{"Gesch\u00e4tzte Lesezeit":"3\u00a0Minuten"},"schema":{"@context":"https:\/\/schema.org","@graph":[{"@type":"WebPage","@id":"https:\/\/koningdrone.be\/product\/dji-mic\/","url":"https:\/\/koningdrone.be\/product\/dji-mic\/","name":"DJI Mic - koningdrone.be","isPartOf":{"@id":"https:\/\/koningdrone.be\/#website"},"primaryImageOfPage":{"@id":"https:\/\/koningdrone.be\/product\/dji-mic\/#primaryimage"},"image":{"@id":"https:\/\/koningdrone.be\/product\/dji-mic\/#primaryimage"},"thumbnailUrl":"https:\/\/koningdrone.be\/wp-content\/uploads\/sites\/13\/2025\/04\/dji-mic-1.jpg","datePublished":"2021-11-19T10:27:24+00:00","dateModified":"2026-04-29T13:40:34+00:00","breadcrumb":{"@id":"https:\/\/koningdrone.be\/product\/dji-mic\/#breadcrumb"},"inLanguage":"de","potentialAction":[{"@type":"ReadAction","target":["https:\/\/koningdrone.be\/product\/dji-mic\/"]}]},{"@type":"ImageObject","inLanguage":"de","@id":"https:\/\/koningdrone.be\/product\/dji-mic\/#primaryimage","url":"https:\/\/koningdrone.be\/wp-content\/uploads\/sites\/13\/2025\/04\/dji-mic-1.jpg","contentUrl":"https:\/\/koningdrone.be\/wp-content\/uploads\/sites\/13\/2025\/04\/dji-mic-1.jpg","width":600,"height":450},{"@type":"BreadcrumbList","@id":"https:\/\/koningdrone.be\/product\/dji-mic\/#breadcrumb","itemListElement":[{"@type":"ListItem","position":1,"name":"Home","item":"https:\/\/koningdrone.be\/"},{"@type":"ListItem","position":2,"name":"AVSS Parachute Recovery System for DJI Matrice 300\/350","item":"https:\/\/koningdrone.be\/product\/avss-parachute-recovery-system-for-dji-matrice-300-350\/"},{"@type":"ListItem","position":3,"name":"Alle producten","item":"https:\/\/koningdrone.be\/categorie\/alle-producten\/"},{"@type":"ListItem","position":4,"name":"DJI Mic"}]},{"@type":"WebSite","@id":"https:\/\/koningdrone.be\/#website","url":"https:\/\/koningdrone.be\/","name":"Koningdrone.be - Ihr Online-Spezialist f\u00fcr Drohnen, Gimbals, Kameras und Kraftwerke.","description":"Der Webshop f\u00fcr Drohnen und Gimbals","publisher":{"@id":"https:\/\/koningdrone.be\/#organization"},"potentialAction":[{"@type":"SearchAction","target":{"@type":"EntryPoint","urlTemplate":"https:\/\/koningdrone.be\/?s={search_term_string}"},"query-input":{"@type":"PropertyValueSpecification","valueRequired":true,"valueName":"search_term_string"}}],"inLanguage":"de"},{"@type":"Organization","@id":"https:\/\/koningdrone.be\/#organization","name":"Kingdrone.de","url":"https:\/\/koningdrone.be\/","logo":{"@type":"ImageObject","inLanguage":"de","@id":"https:\/\/koningdrone.be\/#\/schema\/logo\/image\/","url":"https:\/\/koningdrone.be\/wp-content\/uploads\/sites\/13\/2025\/04\/koningdrone-copyright-logo.svg","contentUrl":"https:\/\/koningdrone.be\/wp-content\/uploads\/sites\/13\/2025\/04\/koningdrone-copyright-logo.svg","width":227,"height":38,"caption":"Koningdrone.be"},"image":{"@id":"https:\/\/koningdrone.be\/#\/schema\/logo\/image\/"}}]}},"df_price":329,"df_sale_price":"","df_regular_price":329,"df_image_link":"https:\/\/koningdrone.be\/wp-content\/uploads\/sites\/13\/2025\/04\/dji-mic-1-300x225.jpg","_links":{"self":[{"href":"https:\/\/koningdrone.be\/de\/wp-json\/wp\/v2\/product\/6095","targetHints":{"allow":["GET"]}}],"collection":[{"href":"https:\/\/koningdrone.be\/de\/wp-json\/wp\/v2\/product"}],"about":[{"href":"https:\/\/koningdrone.be\/de\/wp-json\/wp\/v2\/types\/product"}],"wp:featuredmedia":[{"embeddable":true,"href":"https:\/\/koningdrone.be\/de\/wp-json\/wp\/v2\/media\/6086"}],"wp:attachment":[{"href":"https:\/\/koningdrone.be\/de\/wp-json\/wp\/v2\/media?parent=6095"}],"wp:term":[{"taxonomy":"product_brand","embeddable":true,"href":"https:\/\/koningdrone.be\/de\/wp-json\/wp\/v2\/product_brand?post=6095"},{"taxonomy":"product_cat","embeddable":true,"href":"https:\/\/koningdrone.be\/de\/wp-json\/wp\/v2\/product_cat?post=6095"},{"taxonomy":"product_tag","embeddable":true,"href":"https:\/\/koningdrone.be\/de\/wp-json\/wp\/v2\/product_tag?post=6095"}],"curies":[{"name":"wp","href":"https:\/\/api.w.org\/{rel}","templated":true}]}}