{"id":6073,"date":"2021-11-19T11:27:24","date_gmt":"2021-11-19T10:27:24","guid":{"rendered":"https:\/\/koningdrone.nl\/kon\/product\/dji-floating-handle\/"},"modified":"2026-04-29T15:10:04","modified_gmt":"2026-04-29T13:10:04","slug":"dji-floating-handle","status":"publish","type":"product","link":"https:\/\/koningdrone.be\/de\/produkt\/dji-floating-handle\/","title":{"rendered":"DJI-Schwimmgriff"},"content":{"rendered":"<p><strong>Verbesserter Komfort und Sicherheit<\/strong><\/p>\n<p> Der rutschfeste Griff wurde sorgf\u00e4ltig entwickelt, um sowohl den Komfort als auch die Funktionalit\u00e4t w\u00e4hrend der Benutzung zu verbessern. Durch sein ergonomisches Design liegt er leicht und sicher in der Hand und gibt Ihnen Sicherheit und Stabilit\u00e4t, w\u00e4hrend Sie Ihre sch\u00f6nsten Momente festhalten. Die strukturierte Oberfl\u00e4che verhindert zudem ein versehentliches Ausrutschen und erh\u00f6ht die Sicherheitsfunktion.<\/p>\n<p><strong>Intelligentes Design f\u00fcr Auftrieb<\/strong><\/p>\n<p> Die intelligente Hohlkonstruktion dieses Griffs tr\u00e4gt nicht nur zu seinem geringen Gewicht bei, sondern l\u00e4sst die Kamera auch schwimmen. Diese Funktion ist besonders bei der Unterwasserfotografie n\u00fctzlich, da sie die Angst vor dem Verlust der Kamera im Wasser beseitigt. Mit diesem schwimmenden Design k\u00f6nnen Sie sich ganz auf die Aufnahme von atemberaubenden Unterwassermomenten konzentrieren.<\/p>\n<p><strong>Nahtlose Integration<\/strong><\/p>\n<p> Effizienz ist das A und O bei Fotozubeh\u00f6r, und dieser Griff l\u00e4sst sich nahtlos in das wasserdichte Geh\u00e4use integrieren. Diese Integration stellt sicher, dass Ihre Kamera immer sicher ist, egal welche Wasserabenteuer Sie unternehmen. Seine Kompatibilit\u00e4t mit dem wasserdichten Geh\u00e4use macht ihn zu einem idealen Zubeh\u00f6r f\u00fcr alle wasserbezogenen Fotografien, das zus\u00e4tzlichen Komfort bietet und Ihr Fotografiererlebnis verbessert.<\/p>\n<p><\/p>","protected":false},"excerpt":{"rendered":"<ul>\n<li>Bequemer, rutschfester Griff<\/li>\n<li> Hohle Konstruktion f\u00fcr Auftrieb im Wasser<\/li>\n<li> Einfache Befestigung am wasserdichten Geh\u00e4use<\/li>\n<\/ul>","protected":false},"featured_media":6070,"template":"","meta":{"_acf_changed":false},"product_brand":[],"product_cat":[97,621,297,757],"product_tag":[],"class_list":{"0":"post-6073","1":"product","2":"type-product","3":"status-publish","4":"has-post-thumbnail","6":"product_cat-alle-producten","7":"product_cat-dji-action-2","8":"product_cat-dji-osmo","9":"product_cat-dji-osmo-action","10":"product_shipping_class-outofstock","11":"pa_brand-dji","12":"pa_productfamily-handle","13":"pa_producttype-handle","14":"pa_series-action-2","16":"first","17":"outofstock","18":"taxable","19":"shipping-taxable","20":"purchasable","21":"product-type-simple"},"acf":[],"yoast_head":"<!-- This site is optimized with the Yoast SEO Premium plugin v27.2 (Yoast SEO v27.2) - https:\/\/yoast.com\/product\/yoast-seo-premium-wordpress\/ -->\n<title>DJI Floating Handle - koningdrone.be<\/title>\n<meta name=\"robots\" content=\"index, follow, max-snippet:-1, max-image-preview:large, max-video-preview:-1\" \/>\n<link rel=\"canonical\" href=\"https:\/\/koningdrone.be\/de\/produkt\/dji-floating-handle\/\" \/>\n<meta property=\"og:locale\" content=\"de_DE\" \/>\n<meta property=\"og:type\" content=\"article\" \/>\n<meta property=\"og:title\" content=\"DJI Floating Handle\" \/>\n<meta property=\"og:description\" content=\"Comfortabele antisliphandgreep Hol ontwerp voor drijfvermogen in water Gemakkelijk te bevestigen aan waterdichte behuizing\" \/>\n<meta property=\"og:url\" content=\"https:\/\/koningdrone.be\/de\/produkt\/dji-floating-handle\/\" \/>\n<meta property=\"og:site_name\" content=\"koningdrone.be\" \/>\n<meta property=\"article:modified_time\" content=\"2026-04-29T13:10:04+00:00\" \/>\n<meta property=\"og:image\" content=\"https:\/\/koningdrone.be\/wp-content\/uploads\/sites\/13\/2025\/04\/ff312876f83285f065dd593359d9d0a8@large.jpg\" \/>\n\t<meta property=\"og:image:width\" content=\"1200\" \/>\n\t<meta property=\"og:image:height\" content=\"800\" \/>\n\t<meta property=\"og:image:type\" content=\"image\/jpeg\" \/>\n<meta name=\"twitter:card\" content=\"summary_large_image\" \/>\n<meta name=\"twitter:label1\" content=\"Gesch\u00e4tzte Lesezeit\" \/>\n\t<meta name=\"twitter:data1\" content=\"1\u00a0Minute\" \/>\n<script type=\"application\/ld+json\" class=\"yoast-schema-graph\">{\"@context\":\"https:\/\/schema.org\",\"@graph\":[{\"@type\":\"WebPage\",\"@id\":\"https:\/\/koningdrone.be\/product\/dji-floating-handle\/\",\"url\":\"https:\/\/koningdrone.be\/product\/dji-floating-handle\/\",\"name\":\"DJI Floating Handle - koningdrone.be\",\"isPartOf\":{\"@id\":\"https:\/\/koningdrone.be\/#website\"},\"primaryImageOfPage\":{\"@id\":\"https:\/\/koningdrone.be\/product\/dji-floating-handle\/#primaryimage\"},\"image\":{\"@id\":\"https:\/\/koningdrone.be\/product\/dji-floating-handle\/#primaryimage\"},\"thumbnailUrl\":\"https:\/\/koningdrone.be\/wp-content\/uploads\/sites\/13\/2025\/04\/ff312876f83285f065dd593359d9d0a8@large.jpg\",\"datePublished\":\"2021-11-19T10:27:24+00:00\",\"dateModified\":\"2026-04-29T13:10:04+00:00\",\"breadcrumb\":{\"@id\":\"https:\/\/koningdrone.be\/product\/dji-floating-handle\/#breadcrumb\"},\"inLanguage\":\"de\",\"potentialAction\":[{\"@type\":\"ReadAction\",\"target\":[\"https:\/\/koningdrone.be\/product\/dji-floating-handle\/\"]}]},{\"@type\":\"ImageObject\",\"inLanguage\":\"de\",\"@id\":\"https:\/\/koningdrone.be\/product\/dji-floating-handle\/#primaryimage\",\"url\":\"https:\/\/koningdrone.be\/wp-content\/uploads\/sites\/13\/2025\/04\/ff312876f83285f065dd593359d9d0a8@large.jpg\",\"contentUrl\":\"https:\/\/koningdrone.be\/wp-content\/uploads\/sites\/13\/2025\/04\/ff312876f83285f065dd593359d9d0a8@large.jpg\",\"width\":1200,\"height\":800},{\"@type\":\"BreadcrumbList\",\"@id\":\"https:\/\/koningdrone.be\/product\/dji-floating-handle\/#breadcrumb\",\"itemListElement\":[{\"@type\":\"ListItem\",\"position\":1,\"name\":\"Home\",\"item\":\"https:\/\/koningdrone.be\/\"},{\"@type\":\"ListItem\",\"position\":2,\"name\":\"AVSS Parachute Recovery System for DJI Matrice 300\/350\",\"item\":\"https:\/\/koningdrone.be\/product\/avss-parachute-recovery-system-for-dji-matrice-300-350\/\"},{\"@type\":\"ListItem\",\"position\":3,\"name\":\"Alle producten\",\"item\":\"https:\/\/koningdrone.be\/categorie\/alle-producten\/\"},{\"@type\":\"ListItem\",\"position\":4,\"name\":\"DJI Floating Handle\"}]},{\"@type\":\"WebSite\",\"@id\":\"https:\/\/koningdrone.be\/#website\",\"url\":\"https:\/\/koningdrone.be\/\",\"name\":\"Koningdrone.be - Uw online specialist in drones, gimbals, camera's en power stations.\",\"description\":\"De webshop in drones en gimbals\",\"publisher\":{\"@id\":\"https:\/\/koningdrone.be\/#organization\"},\"potentialAction\":[{\"@type\":\"SearchAction\",\"target\":{\"@type\":\"EntryPoint\",\"urlTemplate\":\"https:\/\/koningdrone.be\/?s={search_term_string}\"},\"query-input\":{\"@type\":\"PropertyValueSpecification\",\"valueRequired\":true,\"valueName\":\"search_term_string\"}}],\"inLanguage\":\"de\"},{\"@type\":\"Organization\",\"@id\":\"https:\/\/koningdrone.be\/#organization\",\"name\":\"Koningdrone.be\",\"url\":\"https:\/\/koningdrone.be\/\",\"logo\":{\"@type\":\"ImageObject\",\"inLanguage\":\"de\",\"@id\":\"https:\/\/koningdrone.be\/#\/schema\/logo\/image\/\",\"url\":\"https:\/\/koningdrone.be\/wp-content\/uploads\/sites\/13\/2025\/04\/koningdrone-copyright-logo.svg\",\"contentUrl\":\"https:\/\/koningdrone.be\/wp-content\/uploads\/sites\/13\/2025\/04\/koningdrone-copyright-logo.svg\",\"width\":227,\"height\":38,\"caption\":\"Koningdrone.be\"},\"image\":{\"@id\":\"https:\/\/koningdrone.be\/#\/schema\/logo\/image\/\"}}]}<\/script>\n<!-- \/ Yoast SEO Premium plugin. -->","yoast_head_json":{"title":"DJI Floating Handle - koningdrone.be","robots":{"index":"index","follow":"follow","max-snippet":"max-snippet:-1","max-image-preview":"max-image-preview:large","max-video-preview":"max-video-preview:-1"},"canonical":"https:\/\/koningdrone.be\/de\/produkt\/dji-floating-handle\/","og_locale":"de_DE","og_type":"article","og_title":"DJI Floating Handle","og_description":"Comfortabele antisliphandgreep Hol ontwerp voor drijfvermogen in water Gemakkelijk te bevestigen aan waterdichte behuizing","og_url":"https:\/\/koningdrone.be\/de\/produkt\/dji-floating-handle\/","og_site_name":"koningdrone.be","article_modified_time":"2026-04-29T13:10:04+00:00","og_image":[{"width":1200,"height":800,"url":"https:\/\/koningdrone.be\/wp-content\/uploads\/sites\/13\/2025\/04\/ff312876f83285f065dd593359d9d0a8@large.jpg","type":"image\/jpeg"}],"twitter_card":"summary_large_image","twitter_misc":{"Gesch\u00e4tzte Lesezeit":"1\u00a0Minute"},"schema":{"@context":"https:\/\/schema.org","@graph":[{"@type":"WebPage","@id":"https:\/\/koningdrone.be\/product\/dji-floating-handle\/","url":"https:\/\/koningdrone.be\/product\/dji-floating-handle\/","name":"DJI Floating Handle - koningdrone.be","isPartOf":{"@id":"https:\/\/koningdrone.be\/#website"},"primaryImageOfPage":{"@id":"https:\/\/koningdrone.be\/product\/dji-floating-handle\/#primaryimage"},"image":{"@id":"https:\/\/koningdrone.be\/product\/dji-floating-handle\/#primaryimage"},"thumbnailUrl":"https:\/\/koningdrone.be\/wp-content\/uploads\/sites\/13\/2025\/04\/ff312876f83285f065dd593359d9d0a8@large.jpg","datePublished":"2021-11-19T10:27:24+00:00","dateModified":"2026-04-29T13:10:04+00:00","breadcrumb":{"@id":"https:\/\/koningdrone.be\/product\/dji-floating-handle\/#breadcrumb"},"inLanguage":"de","potentialAction":[{"@type":"ReadAction","target":["https:\/\/koningdrone.be\/product\/dji-floating-handle\/"]}]},{"@type":"ImageObject","inLanguage":"de","@id":"https:\/\/koningdrone.be\/product\/dji-floating-handle\/#primaryimage","url":"https:\/\/koningdrone.be\/wp-content\/uploads\/sites\/13\/2025\/04\/ff312876f83285f065dd593359d9d0a8@large.jpg","contentUrl":"https:\/\/koningdrone.be\/wp-content\/uploads\/sites\/13\/2025\/04\/ff312876f83285f065dd593359d9d0a8@large.jpg","width":1200,"height":800},{"@type":"BreadcrumbList","@id":"https:\/\/koningdrone.be\/product\/dji-floating-handle\/#breadcrumb","itemListElement":[{"@type":"ListItem","position":1,"name":"Home","item":"https:\/\/koningdrone.be\/"},{"@type":"ListItem","position":2,"name":"AVSS Parachute Recovery System for DJI Matrice 300\/350","item":"https:\/\/koningdrone.be\/product\/avss-parachute-recovery-system-for-dji-matrice-300-350\/"},{"@type":"ListItem","position":3,"name":"Alle producten","item":"https:\/\/koningdrone.be\/categorie\/alle-producten\/"},{"@type":"ListItem","position":4,"name":"DJI Floating Handle"}]},{"@type":"WebSite","@id":"https:\/\/koningdrone.be\/#website","url":"https:\/\/koningdrone.be\/","name":"Koningdrone.be - Ihr Online-Spezialist f\u00fcr Drohnen, Gimbals, Kameras und Kraftwerke.","description":"Der Webshop f\u00fcr Drohnen und Gimbals","publisher":{"@id":"https:\/\/koningdrone.be\/#organization"},"potentialAction":[{"@type":"SearchAction","target":{"@type":"EntryPoint","urlTemplate":"https:\/\/koningdrone.be\/?s={search_term_string}"},"query-input":{"@type":"PropertyValueSpecification","valueRequired":true,"valueName":"search_term_string"}}],"inLanguage":"de"},{"@type":"Organization","@id":"https:\/\/koningdrone.be\/#organization","name":"Kingdrone.de","url":"https:\/\/koningdrone.be\/","logo":{"@type":"ImageObject","inLanguage":"de","@id":"https:\/\/koningdrone.be\/#\/schema\/logo\/image\/","url":"https:\/\/koningdrone.be\/wp-content\/uploads\/sites\/13\/2025\/04\/koningdrone-copyright-logo.svg","contentUrl":"https:\/\/koningdrone.be\/wp-content\/uploads\/sites\/13\/2025\/04\/koningdrone-copyright-logo.svg","width":227,"height":38,"caption":"Koningdrone.be"},"image":{"@id":"https:\/\/koningdrone.be\/#\/schema\/logo\/image\/"}}]}},"df_price":29,"df_sale_price":"","df_regular_price":29,"df_image_link":"https:\/\/koningdrone.be\/wp-content\/uploads\/sites\/13\/2025\/04\/ff312876f83285f065dd593359d9d0a8@large-300x200.jpg","_links":{"self":[{"href":"https:\/\/koningdrone.be\/de\/wp-json\/wp\/v2\/product\/6073","targetHints":{"allow":["GET"]}}],"collection":[{"href":"https:\/\/koningdrone.be\/de\/wp-json\/wp\/v2\/product"}],"about":[{"href":"https:\/\/koningdrone.be\/de\/wp-json\/wp\/v2\/types\/product"}],"wp:featuredmedia":[{"embeddable":true,"href":"https:\/\/koningdrone.be\/de\/wp-json\/wp\/v2\/media\/6070"}],"wp:attachment":[{"href":"https:\/\/koningdrone.be\/de\/wp-json\/wp\/v2\/media?parent=6073"}],"wp:term":[{"taxonomy":"product_brand","embeddable":true,"href":"https:\/\/koningdrone.be\/de\/wp-json\/wp\/v2\/product_brand?post=6073"},{"taxonomy":"product_cat","embeddable":true,"href":"https:\/\/koningdrone.be\/de\/wp-json\/wp\/v2\/product_cat?post=6073"},{"taxonomy":"product_tag","embeddable":true,"href":"https:\/\/koningdrone.be\/de\/wp-json\/wp\/v2\/product_tag?post=6073"}],"curies":[{"name":"wp","href":"https:\/\/api.w.org\/{rel}","templated":true}]}}