{"id":6059,"date":"2021-12-17T12:54:41","date_gmt":"2021-12-17T11:54:41","guid":{"rendered":"https:\/\/koningdrone.nl\/kon\/product\/noordzee-drones-voucher-a1-a3-fr\/"},"modified":"2026-04-29T10:11:01","modified_gmt":"2026-04-29T08:11:01","slug":"noordzee-drones-voucher-a1-a3-fr","status":"publish","type":"product","link":"https:\/\/koningdrone.be\/de\/produkt\/noordzee-drones-voucher-a1-a3-fr\/","title":{"rendered":"Nordsee-Drohnen-Gutschein A1\/A3 - FR"},"content":{"rendered":"<h1>Nordsee-Drohnen-Gutschein A1\/A3 - FR<\/h1>\n<p>Ihr Abenteuer als Drohnenpilot beginnt hier!<\/p>\n<p>North Sea Drones ist europaweit f\u00fchrend in der Ausbildung, Beratung und Expertise f\u00fcr neue Drohnenpiloten.<\/p>\n<p>North Sea Drones hat zahlreiche Unternehmen, aber auch zahlreiche Polizei- und Pionierdienste ausgebildet, und auch Sie k\u00f6nnen nun von dieser Expertise profitieren! Mit dieser Ausbildung zum Drohnenpiloten k\u00f6nnen Sie das Pilotenzertifikat A1\/A3 bequem von zu Hause aus erlangen. Machen Sie Ihre ersten Schritte als Drohnenpilot mit der umfassendsten Ausbildung und vielen Tipps und Tricks!<\/p>\n<p>Dieser Online-Videokurs mit bis zu 6 Stunden Inhalt beantwortet die am h\u00e4ufigsten gestellten Fragen zum Thema Drohnen, gibt Tipps und Tricks und behandelt alle Aspekte, die f\u00fcr das legale und sichere Steuern einer Drohne notwendig sind! Dieser Kurs richtet sich an Personen, die ihr Zertifikat in den Kategorien Open A1 und A3 erlangen m\u00f6chten.<\/p>\n<p>Der Kurs umfasst die folgenden Inhalte:<br \/>- M\u00e9t\u00e9orologie<br \/>- Europ\u00e4ische Luftfahrtregulierung<br \/>- Technologie der Drohne<br \/>- Prestations de vol<br \/>- Datenschutz \/ RGPD<br \/>- Grunds\u00e4tze de vol<br \/>- Betriebliche Abl\u00e4ufe<\/p>\n<p><strong>Comment \u00e7a marche?<\/strong><br \/>Mit dem Lehrgang North Sea Drones A1\/A3 lernen Sie, wie Sie Ihre Drohne in den Klassen A1 und A3 der Kategorie Open sicher fliegen k\u00f6nnen. Der Bon enth\u00e4lt einen einzigartigen Code, mit dem Sie Zugang zum Online-Ausbildungsportal haben.<\/p>\n<p>Im Ausbildungsmodul finden Sie 6 Stunden Videomaterial und einen numerischen Lehrplan, in dem alle Informationen aus den Videos enthalten sind.<br \/>Nachdem Sie den gesamten zur Verf\u00fcgung gestellten Inhalt studiert haben, sind Sie gut auf das Examen vorbereitet! Wenn Sie die Pr\u00fcfung bestanden haben, erhalten Sie eine Pilotenlizenz f\u00fcr Open A1\/A3 und k\u00f6nnen in den Kategorien Open A1 und A3 starten!<\/p>\n<p>Drohnen sind gut! Fliegen Sie sicher.<\/p>","protected":false},"excerpt":{"rendered":"<ul>\n<li>Pilotenlizenz f\u00fcr Drohnen Mer du Nord A1\/A3<\/li>\n<li>Num\u00e9rique<\/li>\n<li>G\u00fcltig in ganz Europa<\/li>\n<\/ul>","protected":false},"featured_media":6058,"template":"","meta":{"_acf_changed":false},"product_brand":[],"product_cat":[1183,97],"product_tag":[],"class_list":{"0":"post-6059","1":"product","2":"type-product","3":"status-publish","4":"has-post-thumbnail","6":"product_cat-alle-cursussen","7":"product_cat-alle-producten","8":"product_shipping_class-outofstock","9":"pa_brand-noordzee","10":"pa_productfamily-opleiding","11":"pa_producttype-opleiding","12":"pa_series-noordzee-drones-voucher","14":"first","15":"outofstock","16":"taxable","17":"shipping-taxable","18":"product-type-simple"},"acf":[],"yoast_head":"<!-- This site is optimized with the Yoast SEO Premium plugin v27.2 (Yoast SEO v27.2) - https:\/\/yoast.com\/product\/yoast-seo-premium-wordpress\/ -->\n<title>Noordzee Drones Voucher A1\/A3 - FR - koningdrone.be<\/title>\n<meta name=\"robots\" content=\"index, follow, max-snippet:-1, max-image-preview:large, max-video-preview:-1\" \/>\n<link rel=\"canonical\" href=\"https:\/\/koningdrone.be\/de\/produkt\/noordzee-drones-voucher-a1-a3-fr\/\" \/>\n<meta property=\"og:locale\" content=\"de_DE\" \/>\n<meta property=\"og:type\" content=\"article\" \/>\n<meta property=\"og:title\" content=\"Noordzee Drones Voucher A1\/A3 - FR\" \/>\n<meta property=\"og:description\" content=\"Licence de pilote Drones Mer du Nord A1\/A3  Num\u00e9rique  Valable dans toute l&#039;Europe\" \/>\n<meta property=\"og:url\" content=\"https:\/\/koningdrone.be\/de\/produkt\/noordzee-drones-voucher-a1-a3-fr\/\" \/>\n<meta property=\"og:site_name\" content=\"koningdrone.be\" \/>\n<meta property=\"article:modified_time\" content=\"2026-04-29T08:11:01+00:00\" \/>\n<meta property=\"og:image\" content=\"https:\/\/koningdrone.be\/wp-content\/uploads\/sites\/13\/2025\/04\/pos-dji-a1a3-fr-1.jpg\" \/>\n\t<meta property=\"og:image:width\" content=\"600\" \/>\n\t<meta property=\"og:image:height\" content=\"423\" \/>\n\t<meta property=\"og:image:type\" content=\"image\/jpeg\" \/>\n<meta name=\"twitter:card\" content=\"summary_large_image\" \/>\n<meta name=\"twitter:label1\" content=\"Gesch\u00e4tzte Lesezeit\" \/>\n\t<meta name=\"twitter:data1\" content=\"2\u00a0Minuten\" \/>\n<script type=\"application\/ld+json\" class=\"yoast-schema-graph\">{\"@context\":\"https:\/\/schema.org\",\"@graph\":[{\"@type\":\"WebPage\",\"@id\":\"https:\/\/koningdrone.be\/product\/noordzee-drones-voucher-a1-a3-fr\/\",\"url\":\"https:\/\/koningdrone.be\/product\/noordzee-drones-voucher-a1-a3-fr\/\",\"name\":\"Noordzee Drones Voucher A1\/A3 - FR - koningdrone.be\",\"isPartOf\":{\"@id\":\"https:\/\/koningdrone.be\/#website\"},\"primaryImageOfPage\":{\"@id\":\"https:\/\/koningdrone.be\/product\/noordzee-drones-voucher-a1-a3-fr\/#primaryimage\"},\"image\":{\"@id\":\"https:\/\/koningdrone.be\/product\/noordzee-drones-voucher-a1-a3-fr\/#primaryimage\"},\"thumbnailUrl\":\"https:\/\/koningdrone.be\/wp-content\/uploads\/sites\/13\/2025\/04\/pos-dji-a1a3-fr-1.jpg\",\"datePublished\":\"2021-12-17T11:54:41+00:00\",\"dateModified\":\"2026-04-29T08:11:01+00:00\",\"breadcrumb\":{\"@id\":\"https:\/\/koningdrone.be\/product\/noordzee-drones-voucher-a1-a3-fr\/#breadcrumb\"},\"inLanguage\":\"de\",\"potentialAction\":[{\"@type\":\"ReadAction\",\"target\":[\"https:\/\/koningdrone.be\/product\/noordzee-drones-voucher-a1-a3-fr\/\"]}]},{\"@type\":\"ImageObject\",\"inLanguage\":\"de\",\"@id\":\"https:\/\/koningdrone.be\/product\/noordzee-drones-voucher-a1-a3-fr\/#primaryimage\",\"url\":\"https:\/\/koningdrone.be\/wp-content\/uploads\/sites\/13\/2025\/04\/pos-dji-a1a3-fr-1.jpg\",\"contentUrl\":\"https:\/\/koningdrone.be\/wp-content\/uploads\/sites\/13\/2025\/04\/pos-dji-a1a3-fr-1.jpg\",\"width\":600,\"height\":423},{\"@type\":\"BreadcrumbList\",\"@id\":\"https:\/\/koningdrone.be\/product\/noordzee-drones-voucher-a1-a3-fr\/#breadcrumb\",\"itemListElement\":[{\"@type\":\"ListItem\",\"position\":1,\"name\":\"Home\",\"item\":\"https:\/\/koningdrone.be\/\"},{\"@type\":\"ListItem\",\"position\":2,\"name\":\"AVSS Parachute Recovery System for DJI Matrice 300\/350\",\"item\":\"https:\/\/koningdrone.be\/product\/avss-parachute-recovery-system-for-dji-matrice-300-350\/\"},{\"@type\":\"ListItem\",\"position\":3,\"name\":\"Alle cursussen\",\"item\":\"https:\/\/koningdrone.be\/categorie\/alle-cursussen\/\"},{\"@type\":\"ListItem\",\"position\":4,\"name\":\"Noordzee Drones Voucher A1\/A3 &#8211; FR\"}]},{\"@type\":\"WebSite\",\"@id\":\"https:\/\/koningdrone.be\/#website\",\"url\":\"https:\/\/koningdrone.be\/\",\"name\":\"Koningdrone.be - Uw online specialist in drones, gimbals, camera's en power stations.\",\"description\":\"De webshop in drones en gimbals\",\"publisher\":{\"@id\":\"https:\/\/koningdrone.be\/#organization\"},\"potentialAction\":[{\"@type\":\"SearchAction\",\"target\":{\"@type\":\"EntryPoint\",\"urlTemplate\":\"https:\/\/koningdrone.be\/?s={search_term_string}\"},\"query-input\":{\"@type\":\"PropertyValueSpecification\",\"valueRequired\":true,\"valueName\":\"search_term_string\"}}],\"inLanguage\":\"de\"},{\"@type\":\"Organization\",\"@id\":\"https:\/\/koningdrone.be\/#organization\",\"name\":\"Koningdrone.be\",\"url\":\"https:\/\/koningdrone.be\/\",\"logo\":{\"@type\":\"ImageObject\",\"inLanguage\":\"de\",\"@id\":\"https:\/\/koningdrone.be\/#\/schema\/logo\/image\/\",\"url\":\"https:\/\/koningdrone.be\/wp-content\/uploads\/sites\/13\/2025\/04\/koningdrone-copyright-logo.svg\",\"contentUrl\":\"https:\/\/koningdrone.be\/wp-content\/uploads\/sites\/13\/2025\/04\/koningdrone-copyright-logo.svg\",\"width\":227,\"height\":38,\"caption\":\"Koningdrone.be\"},\"image\":{\"@id\":\"https:\/\/koningdrone.be\/#\/schema\/logo\/image\/\"}}]}<\/script>\n<!-- \/ Yoast SEO Premium plugin. -->","yoast_head_json":{"title":"Noordzee Drones Voucher A1\/A3 - FR - koningdrone.be","robots":{"index":"index","follow":"follow","max-snippet":"max-snippet:-1","max-image-preview":"max-image-preview:large","max-video-preview":"max-video-preview:-1"},"canonical":"https:\/\/koningdrone.be\/de\/produkt\/noordzee-drones-voucher-a1-a3-fr\/","og_locale":"de_DE","og_type":"article","og_title":"Noordzee Drones Voucher A1\/A3 - FR","og_description":"Licence de pilote Drones Mer du Nord A1\/A3  Num\u00e9rique  Valable dans toute l'Europe","og_url":"https:\/\/koningdrone.be\/de\/produkt\/noordzee-drones-voucher-a1-a3-fr\/","og_site_name":"koningdrone.be","article_modified_time":"2026-04-29T08:11:01+00:00","og_image":[{"width":600,"height":423,"url":"https:\/\/koningdrone.be\/wp-content\/uploads\/sites\/13\/2025\/04\/pos-dji-a1a3-fr-1.jpg","type":"image\/jpeg"}],"twitter_card":"summary_large_image","twitter_misc":{"Gesch\u00e4tzte Lesezeit":"2\u00a0Minuten"},"schema":{"@context":"https:\/\/schema.org","@graph":[{"@type":"WebPage","@id":"https:\/\/koningdrone.be\/product\/noordzee-drones-voucher-a1-a3-fr\/","url":"https:\/\/koningdrone.be\/product\/noordzee-drones-voucher-a1-a3-fr\/","name":"Noordzee Drones Voucher A1\/A3 - FR - koningdrone.be","isPartOf":{"@id":"https:\/\/koningdrone.be\/#website"},"primaryImageOfPage":{"@id":"https:\/\/koningdrone.be\/product\/noordzee-drones-voucher-a1-a3-fr\/#primaryimage"},"image":{"@id":"https:\/\/koningdrone.be\/product\/noordzee-drones-voucher-a1-a3-fr\/#primaryimage"},"thumbnailUrl":"https:\/\/koningdrone.be\/wp-content\/uploads\/sites\/13\/2025\/04\/pos-dji-a1a3-fr-1.jpg","datePublished":"2021-12-17T11:54:41+00:00","dateModified":"2026-04-29T08:11:01+00:00","breadcrumb":{"@id":"https:\/\/koningdrone.be\/product\/noordzee-drones-voucher-a1-a3-fr\/#breadcrumb"},"inLanguage":"de","potentialAction":[{"@type":"ReadAction","target":["https:\/\/koningdrone.be\/product\/noordzee-drones-voucher-a1-a3-fr\/"]}]},{"@type":"ImageObject","inLanguage":"de","@id":"https:\/\/koningdrone.be\/product\/noordzee-drones-voucher-a1-a3-fr\/#primaryimage","url":"https:\/\/koningdrone.be\/wp-content\/uploads\/sites\/13\/2025\/04\/pos-dji-a1a3-fr-1.jpg","contentUrl":"https:\/\/koningdrone.be\/wp-content\/uploads\/sites\/13\/2025\/04\/pos-dji-a1a3-fr-1.jpg","width":600,"height":423},{"@type":"BreadcrumbList","@id":"https:\/\/koningdrone.be\/product\/noordzee-drones-voucher-a1-a3-fr\/#breadcrumb","itemListElement":[{"@type":"ListItem","position":1,"name":"Home","item":"https:\/\/koningdrone.be\/"},{"@type":"ListItem","position":2,"name":"AVSS Parachute Recovery System for DJI Matrice 300\/350","item":"https:\/\/koningdrone.be\/product\/avss-parachute-recovery-system-for-dji-matrice-300-350\/"},{"@type":"ListItem","position":3,"name":"Alle cursussen","item":"https:\/\/koningdrone.be\/categorie\/alle-cursussen\/"},{"@type":"ListItem","position":4,"name":"Noordzee Drones Voucher A1\/A3 &#8211; FR"}]},{"@type":"WebSite","@id":"https:\/\/koningdrone.be\/#website","url":"https:\/\/koningdrone.be\/","name":"Koningdrone.be - Ihr Online-Spezialist f\u00fcr Drohnen, Gimbals, Kameras und Kraftwerke.","description":"Der Webshop f\u00fcr Drohnen und Gimbals","publisher":{"@id":"https:\/\/koningdrone.be\/#organization"},"potentialAction":[{"@type":"SearchAction","target":{"@type":"EntryPoint","urlTemplate":"https:\/\/koningdrone.be\/?s={search_term_string}"},"query-input":{"@type":"PropertyValueSpecification","valueRequired":true,"valueName":"search_term_string"}}],"inLanguage":"de"},{"@type":"Organization","@id":"https:\/\/koningdrone.be\/#organization","name":"Kingdrone.de","url":"https:\/\/koningdrone.be\/","logo":{"@type":"ImageObject","inLanguage":"de","@id":"https:\/\/koningdrone.be\/#\/schema\/logo\/image\/","url":"https:\/\/koningdrone.be\/wp-content\/uploads\/sites\/13\/2025\/04\/koningdrone-copyright-logo.svg","contentUrl":"https:\/\/koningdrone.be\/wp-content\/uploads\/sites\/13\/2025\/04\/koningdrone-copyright-logo.svg","width":227,"height":38,"caption":"Koningdrone.be"},"image":{"@id":"https:\/\/koningdrone.be\/#\/schema\/logo\/image\/"}}]}},"df_price":"","df_sale_price":"","df_regular_price":"","df_image_link":"https:\/\/koningdrone.be\/wp-content\/uploads\/sites\/13\/2025\/04\/pos-dji-a1a3-fr-1-300x212.jpg","_links":{"self":[{"href":"https:\/\/koningdrone.be\/de\/wp-json\/wp\/v2\/product\/6059","targetHints":{"allow":["GET"]}}],"collection":[{"href":"https:\/\/koningdrone.be\/de\/wp-json\/wp\/v2\/product"}],"about":[{"href":"https:\/\/koningdrone.be\/de\/wp-json\/wp\/v2\/types\/product"}],"wp:featuredmedia":[{"embeddable":true,"href":"https:\/\/koningdrone.be\/de\/wp-json\/wp\/v2\/media\/6058"}],"wp:attachment":[{"href":"https:\/\/koningdrone.be\/de\/wp-json\/wp\/v2\/media?parent=6059"}],"wp:term":[{"taxonomy":"product_brand","embeddable":true,"href":"https:\/\/koningdrone.be\/de\/wp-json\/wp\/v2\/product_brand?post=6059"},{"taxonomy":"product_cat","embeddable":true,"href":"https:\/\/koningdrone.be\/de\/wp-json\/wp\/v2\/product_cat?post=6059"},{"taxonomy":"product_tag","embeddable":true,"href":"https:\/\/koningdrone.be\/de\/wp-json\/wp\/v2\/product_tag?post=6059"}],"curies":[{"name":"wp","href":"https:\/\/api.w.org\/{rel}","templated":true}]}}