{"id":6055,"date":"2022-01-21T09:36:45","date_gmt":"2022-01-21T08:36:45","guid":{"rendered":"https:\/\/koningdrone.nl\/kon\/product\/ecoflow-delta-pro\/"},"modified":"2026-04-29T16:30:46","modified_gmt":"2026-04-29T14:30:46","slug":"ecoflow-delta-pro","status":"publish","type":"product","link":"https:\/\/koningdrone.be\/de\/produkt\/ecoflow-delta-pro\/","title":{"rendered":"Ecoflow DELTA PRO"},"content":{"rendered":"<p>Die EcoFlow DELTA Pro ist eine tragbare Hausbatterie mit einer Kapazit\u00e4t von 3,6 kWh, erweiterbar auf bis zu 25 kWh. Das Smart Home Panel erm\u00f6glicht es, diese Batterie direkt an das Stromnetz im Haus anzuschlie\u00dfen. Das macht sie zu einer idealen Stromversorgung f\u00fcr das Haus.<\/p>\n<p><strong>Kraft und Leistung<\/strong><\/p>\n<p>Mit einer Leistung von 3600 W setzt der DELTA Pro den Ma\u00dfstab f\u00fcr die AC-Leistung in der Branche. Es kann energieintensive Ger\u00e4te wie W\u00e4schetrockner, Klimager\u00e4te und mehr mit Strom versorgen. Durch die Verwendung von zwei Ger\u00e4ten mit dem Smart Home Panel ist es sogar m\u00f6glich, eine besonders hohe Ausgangsleistung von 7200 W zu erreichen.<\/p>\n<p><strong>Erweiterungsm\u00f6glichkeiten und Ladeoptionen<\/strong><\/p>\n<p>Das DELTA Pro kann mit Ersatzbatterien, intelligenten Generatoren und dem Smart Home Panel erweitert werden. Dar\u00fcber hinaus kann die Batterie auf sechs verschiedene Arten geladen werden, unter anderem \u00fcber eine Ladestation f\u00fcr Elektrofahrzeuge. So kann mit dem Industriestandard Multicharge eine Ladung von 6.500 W erreicht werden.<\/p>\n<p><strong>Leistung und Zuverl\u00e4ssigkeit<\/strong><\/p>\n<p>Mit einer Kapazit\u00e4t von 25 kWh bietet das DELTA Pro Stromsicherheit und Unabh\u00e4ngigkeit in jeder Situation. Von der Leistung an der Heckklappe bis hin zu extremen Stromausf\u00e4llen, die tagelang andauern, liefert der DELTA Pro Strom f\u00fcr jede Situation. Mit einer Ladezeit von nur 1,9 Stunden \u00fcber eine Standardsteckdose und der M\u00f6glichkeit, an Tausenden von Stromtankstellen weltweit zu laden, bietet die DELTA Pro un\u00fcbertroffene Ladegeschwindigkeiten und Optionen f\u00fcr erneuerbare Energien. Dar\u00fcber hinaus verf\u00fcgt der DELTA Pro \u00fcber eine brandneue LFP-Batterie mit 6500 Zyklen, die jahrelang genutzt werden kann, bevor sie 50% ihrer urspr\u00fcnglichen Kapazit\u00e4t erreicht. Mit mehreren M\u00f6glichkeiten zur Steuerung und \u00dcberwachung, einschlie\u00dflich der EcoFlow-App, bietet der DELTA Pro eine beispiellose Kontrolle und Benutzerfreundlichkeit.<\/p>\n<p><strong>Vielseitigkeit und Anwendungen<\/strong><\/p>\n<p>Der EcoFlow DELTA Pro wurde f\u00fcr den Einsatz in einer Vielzahl von Situationen entwickelt und liefert zuverl\u00e4ssige, leistungsstarke Energie im Haushalt und dar\u00fcber hinaus. Mit seinen umfassenden Funktionen, der schnellen Ladezeit und der langlebigen Batterie bietet der DELTA Pro eine Komplettl\u00f6sung f\u00fcr den Strombedarf.<\/p>\n<p><\/p>","protected":false},"excerpt":{"rendered":"<ul>\n<li>Erweiterungsf\u00e4hige Kapazit\u00e4t<\/li>\n<li>Liefert fast alles (3600W-7200W Leistung)<\/li>\n<li>Schnellste Aufladung der Welt (MultiCharge 6500W)<\/li>\n<li>Heimintegration<\/li>\n<\/ul>","protected":false},"featured_media":6050,"template":"","meta":{"_acf_changed":false},"product_brand":[],"product_cat":[454,97,245,276,415],"product_tag":[],"class_list":{"0":"post-6055","1":"product","2":"type-product","3":"status-publish","4":"has-post-thumbnail","6":"product_cat-alle-powerstations","7":"product_cat-alle-producten","8":"product_cat-ecoflow","9":"product_cat-ecoflow-powerstations","10":"product_cat-energy","11":"product_shipping_class-outofstock","12":"pa_afmetingen-635-x-284-x-42cm","13":"pa_brand-ecoflow","14":"pa_capaciteit-3600-wh-lifepo4","15":"pa_gewicht-45-kg","16":"pa_input-dc-netstroom-adapter-2900w_x000d_-ev-adapter-3000w_x000d_-zonnepaneel-xt60-poort-1600w-11-150-v-max-15-a","17":"pa_materiaal-kunststof","18":"pa_oplaadtijd-via-ac-1-9-uur","19":"pa_output-230-v-4-x-ac-230-v-eu-schuko_x000d_-totaal-max-3600-w-continuvermogen_x000d_-totaal-max-7200-w-piek-vermogen","20":"pa_output-dc-1-x-12-v-car-port-12-6v-10a_x000d_-1-x-anderson-port-12-6v-30a_x000d_-2-x-dc5521-output-12-6v-dc-3a-38w-max","21":"pa_output-usb-2-x-usb-a-5v-2-4a-12w-max_x000d_-2-x-usb-a-fast-charge-5v-2-4a-9v-2a-12v-1-5a-18w-max_x000d_-2-x-usb-c-port-5-9-12-15-20v-5a-100w-max","22":"pa_productfamily-power-station","23":"pa_producttype-power-station","24":"pa_series-delta-pro","25":"pa_snellaadfunctie-ja","26":"pa_type-batterij-lifepo4","27":"pa_wifi-functie-ja","29":"first","30":"outofstock","31":"taxable","32":"shipping-taxable","33":"purchasable","34":"product-type-simple"},"acf":[],"yoast_head":"<!-- This site is optimized with the Yoast SEO Premium plugin v27.2 (Yoast SEO v27.2) - https:\/\/yoast.com\/product\/yoast-seo-premium-wordpress\/ -->\n<title>Ecoflow DELTA PRO - koningdrone.be<\/title>\n<meta name=\"robots\" content=\"index, follow, max-snippet:-1, max-image-preview:large, max-video-preview:-1\" \/>\n<link rel=\"canonical\" href=\"https:\/\/koningdrone.be\/de\/produkt\/ecoflow-delta-pro\/\" \/>\n<meta property=\"og:locale\" content=\"de_DE\" \/>\n<meta property=\"og:type\" content=\"article\" \/>\n<meta property=\"og:title\" content=\"Ecoflow DELTA PRO\" \/>\n<meta property=\"og:description\" content=\"Uitbreidbare capaciteitVoorziet vrijwel alles van stroom (3600W-7200W vermogen)Snelste opladen ter wereld (MultiCharge 6500W)thuis integratie\" \/>\n<meta property=\"og:url\" content=\"https:\/\/koningdrone.be\/de\/produkt\/ecoflow-delta-pro\/\" \/>\n<meta property=\"og:site_name\" content=\"koningdrone.be\" \/>\n<meta property=\"article:modified_time\" content=\"2026-04-29T14:30:46+00:00\" \/>\n<meta property=\"og:image\" content=\"https:\/\/koningdrone.be\/wp-content\/uploads\/sites\/13\/2025\/04\/665335-1.jpg\" \/>\n\t<meta property=\"og:image:width\" content=\"600\" \/>\n\t<meta property=\"og:image:height\" content=\"375\" \/>\n\t<meta property=\"og:image:type\" content=\"image\/jpeg\" \/>\n<meta name=\"twitter:card\" content=\"summary_large_image\" \/>\n<meta name=\"twitter:label1\" content=\"Gesch\u00e4tzte Lesezeit\" \/>\n\t<meta name=\"twitter:data1\" content=\"2\u00a0Minuten\" \/>\n<script type=\"application\/ld+json\" class=\"yoast-schema-graph\">{\"@context\":\"https:\/\/schema.org\",\"@graph\":[{\"@type\":\"WebPage\",\"@id\":\"https:\/\/koningdrone.be\/product\/ecoflow-delta-pro\/\",\"url\":\"https:\/\/koningdrone.be\/product\/ecoflow-delta-pro\/\",\"name\":\"Ecoflow DELTA PRO - koningdrone.be\",\"isPartOf\":{\"@id\":\"https:\/\/koningdrone.be\/#website\"},\"primaryImageOfPage\":{\"@id\":\"https:\/\/koningdrone.be\/product\/ecoflow-delta-pro\/#primaryimage\"},\"image\":{\"@id\":\"https:\/\/koningdrone.be\/product\/ecoflow-delta-pro\/#primaryimage\"},\"thumbnailUrl\":\"https:\/\/koningdrone.be\/wp-content\/uploads\/sites\/13\/2025\/04\/665335-1.jpg\",\"datePublished\":\"2022-01-21T08:36:45+00:00\",\"dateModified\":\"2026-04-29T14:30:46+00:00\",\"breadcrumb\":{\"@id\":\"https:\/\/koningdrone.be\/product\/ecoflow-delta-pro\/#breadcrumb\"},\"inLanguage\":\"de\",\"potentialAction\":[{\"@type\":\"ReadAction\",\"target\":[\"https:\/\/koningdrone.be\/product\/ecoflow-delta-pro\/\"]}]},{\"@type\":\"ImageObject\",\"inLanguage\":\"de\",\"@id\":\"https:\/\/koningdrone.be\/product\/ecoflow-delta-pro\/#primaryimage\",\"url\":\"https:\/\/koningdrone.be\/wp-content\/uploads\/sites\/13\/2025\/04\/665335-1.jpg\",\"contentUrl\":\"https:\/\/koningdrone.be\/wp-content\/uploads\/sites\/13\/2025\/04\/665335-1.jpg\",\"width\":600,\"height\":375},{\"@type\":\"BreadcrumbList\",\"@id\":\"https:\/\/koningdrone.be\/product\/ecoflow-delta-pro\/#breadcrumb\",\"itemListElement\":[{\"@type\":\"ListItem\",\"position\":1,\"name\":\"Home\",\"item\":\"https:\/\/koningdrone.be\/\"},{\"@type\":\"ListItem\",\"position\":2,\"name\":\"AVSS Parachute Recovery System for DJI Matrice 300\/350\",\"item\":\"https:\/\/koningdrone.be\/product\/avss-parachute-recovery-system-for-dji-matrice-300-350\/\"},{\"@type\":\"ListItem\",\"position\":3,\"name\":\"Alle powerstations\",\"item\":\"https:\/\/koningdrone.be\/categorie\/alle-powerstations\/\"},{\"@type\":\"ListItem\",\"position\":4,\"name\":\"Ecoflow DELTA PRO\"}]},{\"@type\":\"WebSite\",\"@id\":\"https:\/\/koningdrone.be\/#website\",\"url\":\"https:\/\/koningdrone.be\/\",\"name\":\"Koningdrone.be - Uw online specialist in drones, gimbals, camera's en power stations.\",\"description\":\"De webshop in drones en gimbals\",\"publisher\":{\"@id\":\"https:\/\/koningdrone.be\/#organization\"},\"potentialAction\":[{\"@type\":\"SearchAction\",\"target\":{\"@type\":\"EntryPoint\",\"urlTemplate\":\"https:\/\/koningdrone.be\/?s={search_term_string}\"},\"query-input\":{\"@type\":\"PropertyValueSpecification\",\"valueRequired\":true,\"valueName\":\"search_term_string\"}}],\"inLanguage\":\"de\"},{\"@type\":\"Organization\",\"@id\":\"https:\/\/koningdrone.be\/#organization\",\"name\":\"Koningdrone.be\",\"url\":\"https:\/\/koningdrone.be\/\",\"logo\":{\"@type\":\"ImageObject\",\"inLanguage\":\"de\",\"@id\":\"https:\/\/koningdrone.be\/#\/schema\/logo\/image\/\",\"url\":\"https:\/\/koningdrone.be\/wp-content\/uploads\/sites\/13\/2025\/04\/koningdrone-copyright-logo.svg\",\"contentUrl\":\"https:\/\/koningdrone.be\/wp-content\/uploads\/sites\/13\/2025\/04\/koningdrone-copyright-logo.svg\",\"width\":227,\"height\":38,\"caption\":\"Koningdrone.be\"},\"image\":{\"@id\":\"https:\/\/koningdrone.be\/#\/schema\/logo\/image\/\"}}]}<\/script>\n<!-- \/ Yoast SEO Premium plugin. -->","yoast_head_json":{"title":"Ecoflow DELTA PRO - koningdrone.be","robots":{"index":"index","follow":"follow","max-snippet":"max-snippet:-1","max-image-preview":"max-image-preview:large","max-video-preview":"max-video-preview:-1"},"canonical":"https:\/\/koningdrone.be\/de\/produkt\/ecoflow-delta-pro\/","og_locale":"de_DE","og_type":"article","og_title":"Ecoflow DELTA PRO","og_description":"Uitbreidbare capaciteitVoorziet vrijwel alles van stroom (3600W-7200W vermogen)Snelste opladen ter wereld (MultiCharge 6500W)thuis integratie","og_url":"https:\/\/koningdrone.be\/de\/produkt\/ecoflow-delta-pro\/","og_site_name":"koningdrone.be","article_modified_time":"2026-04-29T14:30:46+00:00","og_image":[{"width":600,"height":375,"url":"https:\/\/koningdrone.be\/wp-content\/uploads\/sites\/13\/2025\/04\/665335-1.jpg","type":"image\/jpeg"}],"twitter_card":"summary_large_image","twitter_misc":{"Gesch\u00e4tzte Lesezeit":"2\u00a0Minuten"},"schema":{"@context":"https:\/\/schema.org","@graph":[{"@type":"WebPage","@id":"https:\/\/koningdrone.be\/product\/ecoflow-delta-pro\/","url":"https:\/\/koningdrone.be\/product\/ecoflow-delta-pro\/","name":"Ecoflow DELTA PRO - koningdrone.be","isPartOf":{"@id":"https:\/\/koningdrone.be\/#website"},"primaryImageOfPage":{"@id":"https:\/\/koningdrone.be\/product\/ecoflow-delta-pro\/#primaryimage"},"image":{"@id":"https:\/\/koningdrone.be\/product\/ecoflow-delta-pro\/#primaryimage"},"thumbnailUrl":"https:\/\/koningdrone.be\/wp-content\/uploads\/sites\/13\/2025\/04\/665335-1.jpg","datePublished":"2022-01-21T08:36:45+00:00","dateModified":"2026-04-29T14:30:46+00:00","breadcrumb":{"@id":"https:\/\/koningdrone.be\/product\/ecoflow-delta-pro\/#breadcrumb"},"inLanguage":"de","potentialAction":[{"@type":"ReadAction","target":["https:\/\/koningdrone.be\/product\/ecoflow-delta-pro\/"]}]},{"@type":"ImageObject","inLanguage":"de","@id":"https:\/\/koningdrone.be\/product\/ecoflow-delta-pro\/#primaryimage","url":"https:\/\/koningdrone.be\/wp-content\/uploads\/sites\/13\/2025\/04\/665335-1.jpg","contentUrl":"https:\/\/koningdrone.be\/wp-content\/uploads\/sites\/13\/2025\/04\/665335-1.jpg","width":600,"height":375},{"@type":"BreadcrumbList","@id":"https:\/\/koningdrone.be\/product\/ecoflow-delta-pro\/#breadcrumb","itemListElement":[{"@type":"ListItem","position":1,"name":"Home","item":"https:\/\/koningdrone.be\/"},{"@type":"ListItem","position":2,"name":"AVSS Parachute Recovery System for DJI Matrice 300\/350","item":"https:\/\/koningdrone.be\/product\/avss-parachute-recovery-system-for-dji-matrice-300-350\/"},{"@type":"ListItem","position":3,"name":"Alle powerstations","item":"https:\/\/koningdrone.be\/categorie\/alle-powerstations\/"},{"@type":"ListItem","position":4,"name":"Ecoflow DELTA PRO"}]},{"@type":"WebSite","@id":"https:\/\/koningdrone.be\/#website","url":"https:\/\/koningdrone.be\/","name":"Koningdrone.be - Ihr Online-Spezialist f\u00fcr Drohnen, Gimbals, Kameras und Kraftwerke.","description":"Der Webshop f\u00fcr Drohnen und Gimbals","publisher":{"@id":"https:\/\/koningdrone.be\/#organization"},"potentialAction":[{"@type":"SearchAction","target":{"@type":"EntryPoint","urlTemplate":"https:\/\/koningdrone.be\/?s={search_term_string}"},"query-input":{"@type":"PropertyValueSpecification","valueRequired":true,"valueName":"search_term_string"}}],"inLanguage":"de"},{"@type":"Organization","@id":"https:\/\/koningdrone.be\/#organization","name":"Kingdrone.de","url":"https:\/\/koningdrone.be\/","logo":{"@type":"ImageObject","inLanguage":"de","@id":"https:\/\/koningdrone.be\/#\/schema\/logo\/image\/","url":"https:\/\/koningdrone.be\/wp-content\/uploads\/sites\/13\/2025\/04\/koningdrone-copyright-logo.svg","contentUrl":"https:\/\/koningdrone.be\/wp-content\/uploads\/sites\/13\/2025\/04\/koningdrone-copyright-logo.svg","width":227,"height":38,"caption":"Koningdrone.be"},"image":{"@id":"https:\/\/koningdrone.be\/#\/schema\/logo\/image\/"}}]}},"df_price":1999,"df_sale_price":"","df_regular_price":1999,"df_image_link":"https:\/\/koningdrone.be\/wp-content\/uploads\/sites\/13\/2025\/04\/665335-1-300x188.jpg","_links":{"self":[{"href":"https:\/\/koningdrone.be\/de\/wp-json\/wp\/v2\/product\/6055","targetHints":{"allow":["GET"]}}],"collection":[{"href":"https:\/\/koningdrone.be\/de\/wp-json\/wp\/v2\/product"}],"about":[{"href":"https:\/\/koningdrone.be\/de\/wp-json\/wp\/v2\/types\/product"}],"wp:featuredmedia":[{"embeddable":true,"href":"https:\/\/koningdrone.be\/de\/wp-json\/wp\/v2\/media\/6050"}],"wp:attachment":[{"href":"https:\/\/koningdrone.be\/de\/wp-json\/wp\/v2\/media?parent=6055"}],"wp:term":[{"taxonomy":"product_brand","embeddable":true,"href":"https:\/\/koningdrone.be\/de\/wp-json\/wp\/v2\/product_brand?post=6055"},{"taxonomy":"product_cat","embeddable":true,"href":"https:\/\/koningdrone.be\/de\/wp-json\/wp\/v2\/product_cat?post=6055"},{"taxonomy":"product_tag","embeddable":true,"href":"https:\/\/koningdrone.be\/de\/wp-json\/wp\/v2\/product_tag?post=6055"}],"curies":[{"name":"wp","href":"https:\/\/api.w.org\/{rel}","templated":true}]}}