{"id":6045,"date":"2022-04-23T12:52:27","date_gmt":"2022-04-23T10:52:27","guid":{"rendered":"https:\/\/koningdrone.nl\/kon\/product\/card-dji-care-refresh-2-year-plan-dji-mavic-3\/"},"modified":"2026-04-29T10:10:03","modified_gmt":"2026-04-29T08:10:03","slug":"card-dji-care-refresh-2-year-plan-dji-mavic-3","status":"publish","type":"product","link":"https:\/\/koningdrone.be\/de\/produkt\/card-dji-care-refresh-2-year-plan-dji-mavic-3\/","title":{"rendered":"Karte DJI Care Refresh 2-Jahres-Plan - DJI Mavic 3"},"content":{"rendered":"<h1>   Karte DJI Care Refresh 2-Jahres-Plan - DJI Mavic 3 <\/h1>\n<p>Unbeabsichtigte Sch\u00e4den sind abgedeckt und gegen eine geringe Geb\u00fchr k\u00f6nnen Sie mit DJI Care Refresh (2-Jahres-Abonnement) bis zu 3 Ersatzger\u00e4te innerhalb von 24 Monaten anfordern. Dar\u00fcber hinaus sind exklusive Leistungen im Plan enthalten, wie z. B. internationale Schadensabdeckung, VIP-Kundenservice, kostenloser Versand in beide Richtungen und vieles mehr. H\u00e4ufig gestellte Fragen anzeigen<br \/>\u00a0 <br \/><strong> Die folgenden Dienstleistungen sind inbegriffen:<\/strong> <br \/>3 schnelle Ersatzger\u00e4te<br \/>DJI Care Refresh bietet 3 Ersatzprodukte innerhalb von zwei Jahren. Im Falle eines Unfalls ist es m\u00f6glich, das Produkt gegen einen geringen Aufpreis zu ersetzen. Die Ersatzger\u00e4te sind entweder neue Produkte oder entsprechen in Bezug auf Leistung und Zuverl\u00e4ssigkeit fabrikneuen Produkten.<br \/>\u00a0 <br \/>Umfassende Schadensdeckung<br \/>Der Ersatzdienst deckt sowohl Unfall- als auch Kollisions- und Wassersch\u00e4den ab.<br \/>\u00a0 <br \/>Internationaler Service und Unterst\u00fctzung<br \/>Der exklusive internationale Garantieservice von DJI Care Refresh bietet Ihnen Zugang zu Ersatz- und Reparaturleistungen von allen autorisierten DJI-Reparaturzentren weltweit (f\u00fcr teilnehmende Produkte). *<br \/>\u00a0 <br \/>DJI Care Refresh bietet derzeit nur internationale Schadensabdeckung f\u00fcr DJI OM 4 \/ DJI RS 2 \/ DJI RSC 2 \/ DJI Pocket 2. Die Diagnosestandards und Ersatzkosten unterliegen den Richtlinien der lokalen Reparaturzentren.<br \/>\u00a0 <br \/>1. Was ist DJI Care Refresh?<br \/>DJI Care Refresh ist der fortschrittliche Kundenservice von DJI, der Ihnen schnelle, flexible und frei w\u00e4hlbare L\u00f6sungen zum Schutz vor versehentlichen Sch\u00e4den und Flyaway-Unf\u00e4llen bietet, damit Sie Ihr DJI-Produkt \u00fcberall sorgenfrei nutzen k\u00f6nnen.<br \/>Sollte es bei normalem Gebrauch zu versehentlichen Besch\u00e4digungen oder Flyaway-Unf\u00e4llen kommen, k\u00f6nnen Sie \u00fcber den Austauschservice von DJI ein neues Produkt oder ein neues Produkt erhalten.<br \/>\u00a0 <br \/>DJI Care Refresh ist derzeit mit zwei verschiedenen Laufzeiten erh\u00e4ltlich, die je nach Bedarf ausgew\u00e4hlt werden k\u00f6nnen:<br \/>DJI Care Refresh (1-Jahres-Abonnement): Ein Flyaway Accidental Damage und Accident Replacement Service, der bis zu zwei Ersatzger\u00e4te innerhalb eines Jahres zur Verf\u00fcgung stellt. Die Anzahl der Unfallschaden-Ersatzger\u00e4te betr\u00e4gt 2 und die der Flyaway-Unfall-Ersatzger\u00e4te 1.<br \/>DJI Care Refresh (2-Jahres-Abonnement): ein Flyaway-Unfallschaden- und Unfall-Austausch-Service, der bis zu drei Ersatzger\u00e4te innerhalb von zwei Jahren bietet. Die Anzahl der Ersatzger\u00e4te f\u00fcr Unfallsch\u00e4den betr\u00e4gt 3 und f\u00fcr Flyaway-Unf\u00e4lle 2. Diese<br \/>\u00a0 <br \/>St\u00e4rken und Details<br \/>DJI Care Refresh (2 Jahre) beinhaltet bis zu 3 Ersatzger\u00e4te innerhalb von 24 Monaten<\/p>","protected":false},"excerpt":{"rendered":"<p>Card DJI Care Refresh 2-Year Plan &#8211; DJI Mavic 3 Onopzettelijke schade is gedekt en tegen een kleine vergoeding kun je met DJI Care Refresh (2-jarig abonnement) maximaal 3 vervangende apparaten aanvragen binnen 24 maanden. Bovendien zijn exclusieve services inbegrepen in het plan, zoals internationale schadedekking, VIP-klantenservice, gratis verzending in beide richtingen en nog veel [&hellip;]<\/p>\n","protected":false},"featured_media":6044,"template":"","meta":{"_acf_changed":false},"product_brand":[],"product_cat":[175,97,871,137],"product_tag":[],"class_list":{"0":"post-6045","1":"product","2":"type-product","3":"status-publish","4":"has-post-thumbnail","6":"product_cat-alle-care-refresh","7":"product_cat-alle-producten","8":"product_cat-dji-mavic","9":"product_cat-dji-mavic-3","10":"product_shipping_class-outofstock","11":"pa_brand-dji","12":"pa_productfamily-care-refresh","13":"pa_producttype-care-refresh","14":"pa_series-mavic-3","16":"first","17":"outofstock","18":"taxable","19":"shipping-taxable","20":"product-type-simple"},"acf":[],"yoast_head":"<!-- This site is optimized with the Yoast SEO Premium plugin v27.2 (Yoast SEO v27.2) - https:\/\/yoast.com\/product\/yoast-seo-premium-wordpress\/ -->\n<title>Card DJI Care Refresh 2-Year Plan - DJI Mavic 3 - koningdrone.be<\/title>\n<meta name=\"robots\" content=\"index, follow, max-snippet:-1, max-image-preview:large, max-video-preview:-1\" \/>\n<link rel=\"canonical\" href=\"https:\/\/koningdrone.be\/de\/produkt\/card-dji-care-refresh-2-year-plan-dji-mavic-3\/\" \/>\n<meta property=\"og:locale\" content=\"de_DE\" \/>\n<meta property=\"og:type\" content=\"article\" \/>\n<meta property=\"og:title\" content=\"Card DJI Care Refresh 2-Year Plan - DJI Mavic 3\" \/>\n<meta property=\"og:description\" content=\"Card DJI Care Refresh 2-Year Plan &#8211; DJI Mavic 3 Onopzettelijke schade is gedekt en tegen een kleine vergoeding kun je met DJI Care Refresh (2-jarig abonnement) maximaal 3 vervangende apparaten aanvragen binnen 24 maanden. Bovendien zijn exclusieve services inbegrepen in het plan, zoals internationale schadedekking, VIP-klantenservice, gratis verzending in beide richtingen en nog veel [&hellip;]\" \/>\n<meta property=\"og:url\" content=\"https:\/\/koningdrone.be\/de\/produkt\/card-dji-care-refresh-2-year-plan-dji-mavic-3\/\" \/>\n<meta property=\"og:site_name\" content=\"koningdrone.be\" \/>\n<meta property=\"article:modified_time\" content=\"2026-04-29T08:10:03+00:00\" \/>\n<meta property=\"og:image\" content=\"https:\/\/koningdrone.be\/wp-content\/uploads\/sites\/13\/2025\/04\/6941565921444-1.jpg\" \/>\n\t<meta property=\"og:image:width\" content=\"600\" \/>\n\t<meta property=\"og:image:height\" content=\"398\" \/>\n\t<meta property=\"og:image:type\" content=\"image\/jpeg\" \/>\n<meta name=\"twitter:card\" content=\"summary_large_image\" \/>\n<meta name=\"twitter:label1\" content=\"Gesch\u00e4tzte Lesezeit\" \/>\n\t<meta name=\"twitter:data1\" content=\"2\u00a0Minuten\" \/>\n<script type=\"application\/ld+json\" class=\"yoast-schema-graph\">{\"@context\":\"https:\/\/schema.org\",\"@graph\":[{\"@type\":\"WebPage\",\"@id\":\"https:\/\/koningdrone.be\/product\/card-dji-care-refresh-2-year-plan-dji-mavic-3\/\",\"url\":\"https:\/\/koningdrone.be\/product\/card-dji-care-refresh-2-year-plan-dji-mavic-3\/\",\"name\":\"Card DJI Care Refresh 2-Year Plan - DJI Mavic 3 - koningdrone.be\",\"isPartOf\":{\"@id\":\"https:\/\/koningdrone.be\/#website\"},\"primaryImageOfPage\":{\"@id\":\"https:\/\/koningdrone.be\/product\/card-dji-care-refresh-2-year-plan-dji-mavic-3\/#primaryimage\"},\"image\":{\"@id\":\"https:\/\/koningdrone.be\/product\/card-dji-care-refresh-2-year-plan-dji-mavic-3\/#primaryimage\"},\"thumbnailUrl\":\"https:\/\/koningdrone.be\/wp-content\/uploads\/sites\/13\/2025\/04\/6941565921444-1.jpg\",\"datePublished\":\"2022-04-23T10:52:27+00:00\",\"dateModified\":\"2026-04-29T08:10:03+00:00\",\"breadcrumb\":{\"@id\":\"https:\/\/koningdrone.be\/product\/card-dji-care-refresh-2-year-plan-dji-mavic-3\/#breadcrumb\"},\"inLanguage\":\"de\",\"potentialAction\":[{\"@type\":\"ReadAction\",\"target\":[\"https:\/\/koningdrone.be\/product\/card-dji-care-refresh-2-year-plan-dji-mavic-3\/\"]}]},{\"@type\":\"ImageObject\",\"inLanguage\":\"de\",\"@id\":\"https:\/\/koningdrone.be\/product\/card-dji-care-refresh-2-year-plan-dji-mavic-3\/#primaryimage\",\"url\":\"https:\/\/koningdrone.be\/wp-content\/uploads\/sites\/13\/2025\/04\/6941565921444-1.jpg\",\"contentUrl\":\"https:\/\/koningdrone.be\/wp-content\/uploads\/sites\/13\/2025\/04\/6941565921444-1.jpg\",\"width\":600,\"height\":398},{\"@type\":\"BreadcrumbList\",\"@id\":\"https:\/\/koningdrone.be\/product\/card-dji-care-refresh-2-year-plan-dji-mavic-3\/#breadcrumb\",\"itemListElement\":[{\"@type\":\"ListItem\",\"position\":1,\"name\":\"Home\",\"item\":\"https:\/\/koningdrone.be\/\"},{\"@type\":\"ListItem\",\"position\":2,\"name\":\"AVSS Parachute Recovery System for DJI Matrice 300\/350\",\"item\":\"https:\/\/koningdrone.be\/product\/avss-parachute-recovery-system-for-dji-matrice-300-350\/\"},{\"@type\":\"ListItem\",\"position\":3,\"name\":\"Alle care refresh\",\"item\":\"https:\/\/koningdrone.be\/categorie\/alle-care-refresh\/\"},{\"@type\":\"ListItem\",\"position\":4,\"name\":\"Card DJI Care Refresh 2-Year Plan &#8211; DJI Mavic 3\"}]},{\"@type\":\"WebSite\",\"@id\":\"https:\/\/koningdrone.be\/#website\",\"url\":\"https:\/\/koningdrone.be\/\",\"name\":\"Koningdrone.be - Uw online specialist in drones, gimbals, camera's en power stations.\",\"description\":\"De webshop in drones en gimbals\",\"publisher\":{\"@id\":\"https:\/\/koningdrone.be\/#organization\"},\"potentialAction\":[{\"@type\":\"SearchAction\",\"target\":{\"@type\":\"EntryPoint\",\"urlTemplate\":\"https:\/\/koningdrone.be\/?s={search_term_string}\"},\"query-input\":{\"@type\":\"PropertyValueSpecification\",\"valueRequired\":true,\"valueName\":\"search_term_string\"}}],\"inLanguage\":\"de\"},{\"@type\":\"Organization\",\"@id\":\"https:\/\/koningdrone.be\/#organization\",\"name\":\"Koningdrone.be\",\"url\":\"https:\/\/koningdrone.be\/\",\"logo\":{\"@type\":\"ImageObject\",\"inLanguage\":\"de\",\"@id\":\"https:\/\/koningdrone.be\/#\/schema\/logo\/image\/\",\"url\":\"https:\/\/koningdrone.be\/wp-content\/uploads\/sites\/13\/2025\/04\/koningdrone-copyright-logo.svg\",\"contentUrl\":\"https:\/\/koningdrone.be\/wp-content\/uploads\/sites\/13\/2025\/04\/koningdrone-copyright-logo.svg\",\"width\":227,\"height\":38,\"caption\":\"Koningdrone.be\"},\"image\":{\"@id\":\"https:\/\/koningdrone.be\/#\/schema\/logo\/image\/\"}}]}<\/script>\n<!-- \/ Yoast SEO Premium plugin. -->","yoast_head_json":{"title":"Card DJI Care Refresh 2-Year Plan - DJI Mavic 3 - koningdrone.be","robots":{"index":"index","follow":"follow","max-snippet":"max-snippet:-1","max-image-preview":"max-image-preview:large","max-video-preview":"max-video-preview:-1"},"canonical":"https:\/\/koningdrone.be\/de\/produkt\/card-dji-care-refresh-2-year-plan-dji-mavic-3\/","og_locale":"de_DE","og_type":"article","og_title":"Card DJI Care Refresh 2-Year Plan - DJI Mavic 3","og_description":"Card DJI Care Refresh 2-Year Plan &#8211; DJI Mavic 3 Onopzettelijke schade is gedekt en tegen een kleine vergoeding kun je met DJI Care Refresh (2-jarig abonnement) maximaal 3 vervangende apparaten aanvragen binnen 24 maanden. Bovendien zijn exclusieve services inbegrepen in het plan, zoals internationale schadedekking, VIP-klantenservice, gratis verzending in beide richtingen en nog veel [&hellip;]","og_url":"https:\/\/koningdrone.be\/de\/produkt\/card-dji-care-refresh-2-year-plan-dji-mavic-3\/","og_site_name":"koningdrone.be","article_modified_time":"2026-04-29T08:10:03+00:00","og_image":[{"width":600,"height":398,"url":"https:\/\/koningdrone.be\/wp-content\/uploads\/sites\/13\/2025\/04\/6941565921444-1.jpg","type":"image\/jpeg"}],"twitter_card":"summary_large_image","twitter_misc":{"Gesch\u00e4tzte Lesezeit":"2\u00a0Minuten"},"schema":{"@context":"https:\/\/schema.org","@graph":[{"@type":"WebPage","@id":"https:\/\/koningdrone.be\/product\/card-dji-care-refresh-2-year-plan-dji-mavic-3\/","url":"https:\/\/koningdrone.be\/product\/card-dji-care-refresh-2-year-plan-dji-mavic-3\/","name":"Card DJI Care Refresh 2-Year Plan - DJI Mavic 3 - koningdrone.be","isPartOf":{"@id":"https:\/\/koningdrone.be\/#website"},"primaryImageOfPage":{"@id":"https:\/\/koningdrone.be\/product\/card-dji-care-refresh-2-year-plan-dji-mavic-3\/#primaryimage"},"image":{"@id":"https:\/\/koningdrone.be\/product\/card-dji-care-refresh-2-year-plan-dji-mavic-3\/#primaryimage"},"thumbnailUrl":"https:\/\/koningdrone.be\/wp-content\/uploads\/sites\/13\/2025\/04\/6941565921444-1.jpg","datePublished":"2022-04-23T10:52:27+00:00","dateModified":"2026-04-29T08:10:03+00:00","breadcrumb":{"@id":"https:\/\/koningdrone.be\/product\/card-dji-care-refresh-2-year-plan-dji-mavic-3\/#breadcrumb"},"inLanguage":"de","potentialAction":[{"@type":"ReadAction","target":["https:\/\/koningdrone.be\/product\/card-dji-care-refresh-2-year-plan-dji-mavic-3\/"]}]},{"@type":"ImageObject","inLanguage":"de","@id":"https:\/\/koningdrone.be\/product\/card-dji-care-refresh-2-year-plan-dji-mavic-3\/#primaryimage","url":"https:\/\/koningdrone.be\/wp-content\/uploads\/sites\/13\/2025\/04\/6941565921444-1.jpg","contentUrl":"https:\/\/koningdrone.be\/wp-content\/uploads\/sites\/13\/2025\/04\/6941565921444-1.jpg","width":600,"height":398},{"@type":"BreadcrumbList","@id":"https:\/\/koningdrone.be\/product\/card-dji-care-refresh-2-year-plan-dji-mavic-3\/#breadcrumb","itemListElement":[{"@type":"ListItem","position":1,"name":"Home","item":"https:\/\/koningdrone.be\/"},{"@type":"ListItem","position":2,"name":"AVSS Parachute Recovery System for DJI Matrice 300\/350","item":"https:\/\/koningdrone.be\/product\/avss-parachute-recovery-system-for-dji-matrice-300-350\/"},{"@type":"ListItem","position":3,"name":"Alle care refresh","item":"https:\/\/koningdrone.be\/categorie\/alle-care-refresh\/"},{"@type":"ListItem","position":4,"name":"Card DJI Care Refresh 2-Year Plan &#8211; DJI Mavic 3"}]},{"@type":"WebSite","@id":"https:\/\/koningdrone.be\/#website","url":"https:\/\/koningdrone.be\/","name":"Koningdrone.be - Ihr Online-Spezialist f\u00fcr Drohnen, Gimbals, Kameras und Kraftwerke.","description":"Der Webshop f\u00fcr Drohnen und Gimbals","publisher":{"@id":"https:\/\/koningdrone.be\/#organization"},"potentialAction":[{"@type":"SearchAction","target":{"@type":"EntryPoint","urlTemplate":"https:\/\/koningdrone.be\/?s={search_term_string}"},"query-input":{"@type":"PropertyValueSpecification","valueRequired":true,"valueName":"search_term_string"}}],"inLanguage":"de"},{"@type":"Organization","@id":"https:\/\/koningdrone.be\/#organization","name":"Kingdrone.de","url":"https:\/\/koningdrone.be\/","logo":{"@type":"ImageObject","inLanguage":"de","@id":"https:\/\/koningdrone.be\/#\/schema\/logo\/image\/","url":"https:\/\/koningdrone.be\/wp-content\/uploads\/sites\/13\/2025\/04\/koningdrone-copyright-logo.svg","contentUrl":"https:\/\/koningdrone.be\/wp-content\/uploads\/sites\/13\/2025\/04\/koningdrone-copyright-logo.svg","width":227,"height":38,"caption":"Koningdrone.be"},"image":{"@id":"https:\/\/koningdrone.be\/#\/schema\/logo\/image\/"}}]}},"df_price":"","df_sale_price":"","df_regular_price":"","df_image_link":"https:\/\/koningdrone.be\/wp-content\/uploads\/sites\/13\/2025\/04\/6941565921444-1-300x199.jpg","_links":{"self":[{"href":"https:\/\/koningdrone.be\/de\/wp-json\/wp\/v2\/product\/6045","targetHints":{"allow":["GET"]}}],"collection":[{"href":"https:\/\/koningdrone.be\/de\/wp-json\/wp\/v2\/product"}],"about":[{"href":"https:\/\/koningdrone.be\/de\/wp-json\/wp\/v2\/types\/product"}],"wp:featuredmedia":[{"embeddable":true,"href":"https:\/\/koningdrone.be\/de\/wp-json\/wp\/v2\/media\/6044"}],"wp:attachment":[{"href":"https:\/\/koningdrone.be\/de\/wp-json\/wp\/v2\/media?parent=6045"}],"wp:term":[{"taxonomy":"product_brand","embeddable":true,"href":"https:\/\/koningdrone.be\/de\/wp-json\/wp\/v2\/product_brand?post=6045"},{"taxonomy":"product_cat","embeddable":true,"href":"https:\/\/koningdrone.be\/de\/wp-json\/wp\/v2\/product_cat?post=6045"},{"taxonomy":"product_tag","embeddable":true,"href":"https:\/\/koningdrone.be\/de\/wp-json\/wp\/v2\/product_tag?post=6045"}],"curies":[{"name":"wp","href":"https:\/\/api.w.org\/{rel}","templated":true}]}}