{"id":6035,"date":"2022-05-25T20:35:53","date_gmt":"2022-05-25T20:35:53","guid":{"rendered":"https:\/\/koningdrone.nl\/kon\/product\/insta360-one-rs-360-mod-cinorcc-a\/"},"modified":"2025-04-29T12:53:52","modified_gmt":"2025-04-29T12:53:52","slug":"insta360-one-rs-360-mod-cinorcc-a","status":"publish","type":"product","link":"https:\/\/koningdrone.be\/de\/produkt\/insta360-one-rs-360-mod-cinorcc-a\/","title":{"rendered":"INSTA360 ONE RS 360 Mod (CINORCC\/A)"},"content":{"rendered":"<h1>Insta360 ONE RS 360 Mod (CINORCC\/A)<\/h1>\n<p>Die Insta360 ONE R Dual-Lens 360 Mod ist ein gro\u00dfartiges Zubeh\u00f6r f\u00fcr Ihr Kamerasystem und f\u00e4ngt die ganze Action Ihrer Outdoor-Abenteuer ein, sei es beim Schwimmen, Skaten, Radfahren oder Surfen.<\/p>\n<p><strong>Kommentar<\/strong>: Insta360 ONE R Dual - Lens 360 Mod kann nicht allein verwendet werden und ist Teil des modularen Insta360 ONE R Action-Kamera und 360 Video-System (nicht im Lieferumfang enthalten).<\/p>","protected":false},"excerpt":{"rendered":"<ul>\n<li>Ultra-Weitwinkelobjektive auf der Vorder- und R\u00fcckseite nehmen gleichzeitig Fotos auf, um scharfe 360-Grad-Aufnahmen von Ihren Lieblingsmomenten zu machen<\/li>\n<li>Dank des eingebauten Touchscreens k\u00f6nnen Sie Ihre Aufnahmen ganz einfach aus verschiedenen Blickwinkeln betrachten<\/li>\n<li>Dank der wasserdichten Konstruktion kann das Ger\u00e4t bis zu einer Tiefe von 5 m in Wasser getaucht werden<\/li>\n<li>In Verbindung mit der zugeh\u00f6rigen App (Download erforderlich) k\u00f6nnen Sie die Vorteile der sprachgesteuerten Funktion f\u00fcr die Motivverfolgung, die automatische Bearbeitung und den Hyperlapse-Rahmen nutzen.<\/li>\n<li>Funktioniert mit einer Reihe von Zubeh\u00f6rteilen, darunter ein spezieller Selfie-Stick, ein externes Mikrofon und eine spezielle intelligente Fernbedienung (jeweils separat erh\u00e4ltlich) f\u00fcr zus\u00e4tzliche Vielseitigkeit<\/li>\n<\/ul>","protected":false},"featured_media":6032,"template":"","meta":{"_acf_changed":false},"product_brand":[],"product_cat":[97,343],"product_tag":[],"class_list":{"0":"post-6035","1":"product","2":"type-product","3":"status-publish","4":"has-post-thumbnail","6":"product_cat-alle-producten","7":"product_cat-insta360","8":"pa_brand-insta360","9":"pa_series-insta360-go","11":"first","12":"outofstock","13":"taxable","14":"shipping-taxable","15":"product-type-simple"},"acf":[],"yoast_head":"<!-- This site is optimized with the Yoast SEO Premium plugin v27.2 (Yoast SEO v27.2) - https:\/\/yoast.com\/product\/yoast-seo-premium-wordpress\/ -->\n<title>INSTA360 ONE RS 360 Mod (CINORCC\/A) - koningdrone.be<\/title>\n<meta name=\"robots\" content=\"index, follow, max-snippet:-1, max-image-preview:large, max-video-preview:-1\" \/>\n<link rel=\"canonical\" href=\"https:\/\/koningdrone.be\/de\/produkt\/insta360-one-rs-360-mod-cinorcc-a\/\" \/>\n<meta property=\"og:locale\" content=\"de_DE\" \/>\n<meta property=\"og:type\" content=\"article\" \/>\n<meta property=\"og:title\" content=\"INSTA360 ONE RS 360 Mod (CINORCC\/A)\" \/>\n<meta property=\"og:description\" content=\"Ultragroothoeklenzen aan de voor- en achterzijde maken gelijktijdig foto&#039;s om scherpe 360-graden opnamen te maken van uw favoriete momentenDankzij het ingebouwde touchscreen kunt u uw opname gemakkelijk vanuit verschillende hoeken bekijkenWaterdichte constructie maakt het duurzaam genoeg om onderdompeling in water te weerstaan tot een diepte van maximaal 5 mGebruik samen met de bijbehorende app (download vereist) om te profiteren van de spraakgestuurde functie voor het volgen van onderwerpen, automatisch bewerken en hyperlapse-herkaderingWerkt met een reeks accessoires, waaronder een speciale selfiestick, een externe microfoon en een speciale slimme afstandsbediening (elk afzonderlijk verkrijgbaar) voor extra veelzijdigheid\" \/>\n<meta property=\"og:url\" content=\"https:\/\/koningdrone.be\/de\/produkt\/insta360-one-rs-360-mod-cinorcc-a\/\" \/>\n<meta property=\"og:site_name\" content=\"koningdrone.be\" \/>\n<meta property=\"article:modified_time\" content=\"2025-04-29T12:53:52+00:00\" \/>\n<meta property=\"og:image\" content=\"https:\/\/koningdrone.be\/wp-content\/uploads\/sites\/13\/2025\/04\/6970357851591_0-0.jpg\" \/>\n\t<meta property=\"og:image:width\" content=\"500\" \/>\n\t<meta property=\"og:image:height\" content=\"500\" \/>\n\t<meta property=\"og:image:type\" content=\"image\/jpeg\" \/>\n<meta name=\"twitter:card\" content=\"summary_large_image\" \/>\n<script type=\"application\/ld+json\" class=\"yoast-schema-graph\">{\"@context\":\"https:\/\/schema.org\",\"@graph\":[{\"@type\":\"WebPage\",\"@id\":\"https:\/\/koningdrone.be\/product\/insta360-one-rs-360-mod-cinorcc-a\/\",\"url\":\"https:\/\/koningdrone.be\/product\/insta360-one-rs-360-mod-cinorcc-a\/\",\"name\":\"INSTA360 ONE RS 360 Mod (CINORCC\/A) - koningdrone.be\",\"isPartOf\":{\"@id\":\"https:\/\/koningdrone.be\/#website\"},\"primaryImageOfPage\":{\"@id\":\"https:\/\/koningdrone.be\/product\/insta360-one-rs-360-mod-cinorcc-a\/#primaryimage\"},\"image\":{\"@id\":\"https:\/\/koningdrone.be\/product\/insta360-one-rs-360-mod-cinorcc-a\/#primaryimage\"},\"thumbnailUrl\":\"https:\/\/koningdrone.be\/wp-content\/uploads\/sites\/13\/2025\/04\/6970357851591_0-0.jpg\",\"datePublished\":\"2022-05-25T20:35:53+00:00\",\"dateModified\":\"2025-04-29T12:53:52+00:00\",\"breadcrumb\":{\"@id\":\"https:\/\/koningdrone.be\/product\/insta360-one-rs-360-mod-cinorcc-a\/#breadcrumb\"},\"inLanguage\":\"de\",\"potentialAction\":[{\"@type\":\"ReadAction\",\"target\":[\"https:\/\/koningdrone.be\/product\/insta360-one-rs-360-mod-cinorcc-a\/\"]}]},{\"@type\":\"ImageObject\",\"inLanguage\":\"de\",\"@id\":\"https:\/\/koningdrone.be\/product\/insta360-one-rs-360-mod-cinorcc-a\/#primaryimage\",\"url\":\"https:\/\/koningdrone.be\/wp-content\/uploads\/sites\/13\/2025\/04\/6970357851591_0-0.jpg\",\"contentUrl\":\"https:\/\/koningdrone.be\/wp-content\/uploads\/sites\/13\/2025\/04\/6970357851591_0-0.jpg\",\"width\":500,\"height\":500},{\"@type\":\"BreadcrumbList\",\"@id\":\"https:\/\/koningdrone.be\/product\/insta360-one-rs-360-mod-cinorcc-a\/#breadcrumb\",\"itemListElement\":[{\"@type\":\"ListItem\",\"position\":1,\"name\":\"Home\",\"item\":\"https:\/\/koningdrone.be\/\"},{\"@type\":\"ListItem\",\"position\":2,\"name\":\"AVSS Parachute Recovery System for DJI Matrice 300\/350\",\"item\":\"https:\/\/koningdrone.be\/product\/avss-parachute-recovery-system-for-dji-matrice-300-350\/\"},{\"@type\":\"ListItem\",\"position\":3,\"name\":\"Alle producten\",\"item\":\"https:\/\/koningdrone.be\/categorie\/alle-producten\/\"},{\"@type\":\"ListItem\",\"position\":4,\"name\":\"INSTA360 ONE RS 360 Mod (CINORCC\/A)\"}]},{\"@type\":\"WebSite\",\"@id\":\"https:\/\/koningdrone.be\/#website\",\"url\":\"https:\/\/koningdrone.be\/\",\"name\":\"Koningdrone.be - Uw online specialist in drones, gimbals, camera's en power stations.\",\"description\":\"De webshop in drones en gimbals\",\"publisher\":{\"@id\":\"https:\/\/koningdrone.be\/#organization\"},\"potentialAction\":[{\"@type\":\"SearchAction\",\"target\":{\"@type\":\"EntryPoint\",\"urlTemplate\":\"https:\/\/koningdrone.be\/?s={search_term_string}\"},\"query-input\":{\"@type\":\"PropertyValueSpecification\",\"valueRequired\":true,\"valueName\":\"search_term_string\"}}],\"inLanguage\":\"de\"},{\"@type\":\"Organization\",\"@id\":\"https:\/\/koningdrone.be\/#organization\",\"name\":\"Koningdrone.be\",\"url\":\"https:\/\/koningdrone.be\/\",\"logo\":{\"@type\":\"ImageObject\",\"inLanguage\":\"de\",\"@id\":\"https:\/\/koningdrone.be\/#\/schema\/logo\/image\/\",\"url\":\"https:\/\/koningdrone.be\/wp-content\/uploads\/sites\/13\/2025\/04\/koningdrone-copyright-logo.svg\",\"contentUrl\":\"https:\/\/koningdrone.be\/wp-content\/uploads\/sites\/13\/2025\/04\/koningdrone-copyright-logo.svg\",\"width\":227,\"height\":38,\"caption\":\"Koningdrone.be\"},\"image\":{\"@id\":\"https:\/\/koningdrone.be\/#\/schema\/logo\/image\/\"}}]}<\/script>\n<!-- \/ Yoast SEO Premium plugin. -->","yoast_head_json":{"title":"INSTA360 ONE RS 360 Mod (CINORCC\/A) - koningdrone.be","robots":{"index":"index","follow":"follow","max-snippet":"max-snippet:-1","max-image-preview":"max-image-preview:large","max-video-preview":"max-video-preview:-1"},"canonical":"https:\/\/koningdrone.be\/de\/produkt\/insta360-one-rs-360-mod-cinorcc-a\/","og_locale":"de_DE","og_type":"article","og_title":"INSTA360 ONE RS 360 Mod (CINORCC\/A)","og_description":"Ultragroothoeklenzen aan de voor- en achterzijde maken gelijktijdig foto's om scherpe 360-graden opnamen te maken van uw favoriete momentenDankzij het ingebouwde touchscreen kunt u uw opname gemakkelijk vanuit verschillende hoeken bekijkenWaterdichte constructie maakt het duurzaam genoeg om onderdompeling in water te weerstaan tot een diepte van maximaal 5 mGebruik samen met de bijbehorende app (download vereist) om te profiteren van de spraakgestuurde functie voor het volgen van onderwerpen, automatisch bewerken en hyperlapse-herkaderingWerkt met een reeks accessoires, waaronder een speciale selfiestick, een externe microfoon en een speciale slimme afstandsbediening (elk afzonderlijk verkrijgbaar) voor extra veelzijdigheid","og_url":"https:\/\/koningdrone.be\/de\/produkt\/insta360-one-rs-360-mod-cinorcc-a\/","og_site_name":"koningdrone.be","article_modified_time":"2025-04-29T12:53:52+00:00","og_image":[{"width":500,"height":500,"url":"https:\/\/koningdrone.be\/wp-content\/uploads\/sites\/13\/2025\/04\/6970357851591_0-0.jpg","type":"image\/jpeg"}],"twitter_card":"summary_large_image","schema":{"@context":"https:\/\/schema.org","@graph":[{"@type":"WebPage","@id":"https:\/\/koningdrone.be\/product\/insta360-one-rs-360-mod-cinorcc-a\/","url":"https:\/\/koningdrone.be\/product\/insta360-one-rs-360-mod-cinorcc-a\/","name":"INSTA360 ONE RS 360 Mod (CINORCC\/A) - koningdrone.be","isPartOf":{"@id":"https:\/\/koningdrone.be\/#website"},"primaryImageOfPage":{"@id":"https:\/\/koningdrone.be\/product\/insta360-one-rs-360-mod-cinorcc-a\/#primaryimage"},"image":{"@id":"https:\/\/koningdrone.be\/product\/insta360-one-rs-360-mod-cinorcc-a\/#primaryimage"},"thumbnailUrl":"https:\/\/koningdrone.be\/wp-content\/uploads\/sites\/13\/2025\/04\/6970357851591_0-0.jpg","datePublished":"2022-05-25T20:35:53+00:00","dateModified":"2025-04-29T12:53:52+00:00","breadcrumb":{"@id":"https:\/\/koningdrone.be\/product\/insta360-one-rs-360-mod-cinorcc-a\/#breadcrumb"},"inLanguage":"de","potentialAction":[{"@type":"ReadAction","target":["https:\/\/koningdrone.be\/product\/insta360-one-rs-360-mod-cinorcc-a\/"]}]},{"@type":"ImageObject","inLanguage":"de","@id":"https:\/\/koningdrone.be\/product\/insta360-one-rs-360-mod-cinorcc-a\/#primaryimage","url":"https:\/\/koningdrone.be\/wp-content\/uploads\/sites\/13\/2025\/04\/6970357851591_0-0.jpg","contentUrl":"https:\/\/koningdrone.be\/wp-content\/uploads\/sites\/13\/2025\/04\/6970357851591_0-0.jpg","width":500,"height":500},{"@type":"BreadcrumbList","@id":"https:\/\/koningdrone.be\/product\/insta360-one-rs-360-mod-cinorcc-a\/#breadcrumb","itemListElement":[{"@type":"ListItem","position":1,"name":"Home","item":"https:\/\/koningdrone.be\/"},{"@type":"ListItem","position":2,"name":"AVSS Parachute Recovery System for DJI Matrice 300\/350","item":"https:\/\/koningdrone.be\/product\/avss-parachute-recovery-system-for-dji-matrice-300-350\/"},{"@type":"ListItem","position":3,"name":"Alle producten","item":"https:\/\/koningdrone.be\/categorie\/alle-producten\/"},{"@type":"ListItem","position":4,"name":"INSTA360 ONE RS 360 Mod (CINORCC\/A)"}]},{"@type":"WebSite","@id":"https:\/\/koningdrone.be\/#website","url":"https:\/\/koningdrone.be\/","name":"Koningdrone.be - Ihr Online-Spezialist f\u00fcr Drohnen, Gimbals, Kameras und Kraftwerke.","description":"Der Webshop f\u00fcr Drohnen und Gimbals","publisher":{"@id":"https:\/\/koningdrone.be\/#organization"},"potentialAction":[{"@type":"SearchAction","target":{"@type":"EntryPoint","urlTemplate":"https:\/\/koningdrone.be\/?s={search_term_string}"},"query-input":{"@type":"PropertyValueSpecification","valueRequired":true,"valueName":"search_term_string"}}],"inLanguage":"de"},{"@type":"Organization","@id":"https:\/\/koningdrone.be\/#organization","name":"Kingdrone.de","url":"https:\/\/koningdrone.be\/","logo":{"@type":"ImageObject","inLanguage":"de","@id":"https:\/\/koningdrone.be\/#\/schema\/logo\/image\/","url":"https:\/\/koningdrone.be\/wp-content\/uploads\/sites\/13\/2025\/04\/koningdrone-copyright-logo.svg","contentUrl":"https:\/\/koningdrone.be\/wp-content\/uploads\/sites\/13\/2025\/04\/koningdrone-copyright-logo.svg","width":227,"height":38,"caption":"Koningdrone.be"},"image":{"@id":"https:\/\/koningdrone.be\/#\/schema\/logo\/image\/"}}]}},"df_price":"","df_sale_price":"","df_regular_price":"","df_image_link":"https:\/\/koningdrone.be\/wp-content\/uploads\/sites\/13\/2025\/04\/6970357851591_0-0-300x300.jpg","_links":{"self":[{"href":"https:\/\/koningdrone.be\/de\/wp-json\/wp\/v2\/product\/6035","targetHints":{"allow":["GET"]}}],"collection":[{"href":"https:\/\/koningdrone.be\/de\/wp-json\/wp\/v2\/product"}],"about":[{"href":"https:\/\/koningdrone.be\/de\/wp-json\/wp\/v2\/types\/product"}],"wp:featuredmedia":[{"embeddable":true,"href":"https:\/\/koningdrone.be\/de\/wp-json\/wp\/v2\/media\/6032"}],"wp:attachment":[{"href":"https:\/\/koningdrone.be\/de\/wp-json\/wp\/v2\/media?parent=6035"}],"wp:term":[{"taxonomy":"product_brand","embeddable":true,"href":"https:\/\/koningdrone.be\/de\/wp-json\/wp\/v2\/product_brand?post=6035"},{"taxonomy":"product_cat","embeddable":true,"href":"https:\/\/koningdrone.be\/de\/wp-json\/wp\/v2\/product_cat?post=6035"},{"taxonomy":"product_tag","embeddable":true,"href":"https:\/\/koningdrone.be\/de\/wp-json\/wp\/v2\/product_tag?post=6035"}],"curies":[{"name":"wp","href":"https:\/\/api.w.org\/{rel}","templated":true}]}}