{"id":6006,"date":"2022-05-25T20:35:53","date_gmt":"2022-05-25T18:35:53","guid":{"rendered":"https:\/\/koningdrone.nl\/kon\/product\/ecoflow-delta-pro-to-smart-generator-adapter\/"},"modified":"2026-04-29T16:31:03","modified_gmt":"2026-04-29T14:31:03","slug":"ecoflow-delta-pro-to-smart-generator-adapter","status":"publish","type":"product","link":"https:\/\/koningdrone.be\/de\/produkt\/ecoflow-delta-pro-to-smart-generator-adapter\/","title":{"rendered":"EcoFlow DELTA Pro auf Smart Generator Adapter"},"content":{"rendered":"<p>Mit dem EV X-Stream-Adapter k\u00f6nnen Sie den EcoFlow DELTA Pro an Tausenden von Tier-2-AC-EV-Ladestationen auf der ganzen Welt aufladen. Mit einer Leistung von 3400 W k\u00f6nnen Sie den DELTA Pro zu Hause oder unterwegs schnell aufladen, d.h. er kann in nur 1,7 Stunden vollst\u00e4ndig aufgeladen werden. Dar\u00fcber hinaus unterst\u00fctzt der Adapter sowohl Typ-1-Stecker (SAE J1772-Stecker) als auch Typ-2-Stecker (Mennekes), was eine breite Kompatibilit\u00e4t gew\u00e4hrleistet.<\/p>\n<p><strong>Vielseitige Ladeoptionen<\/strong><\/p>\n<p>Mit dem EV X-Stream-Adapter sind Sie nicht auf das Laden zu Hause beschr\u00e4nkt. Mit der Unterst\u00fctzung von Tausenden von Tier 2 AC EV-Ladestationen auf der ganzen Welt k\u00f6nnen Sie auch unterwegs laden. Ob Sie auf Reisen sind oder einfach nur eine lange Fahrt machen, Sie k\u00f6nnen sich immer darauf verlassen, dass Sie Ihre EcoFlow DELTA Pro aufladen k\u00f6nnen, um Ihre Reise ohne Unterbrechungen fortzusetzen.<\/p>\n<p><strong>Schnelles Laden<\/strong><\/p>\n<p>Mit einer Leistung von 3400 W sorgt der EV X-Stream Adapter daf\u00fcr, dass Ihre EcoFlow DELTA Pro in nur 1,7 Stunden vollst\u00e4ndig aufgeladen ist. Das bedeutet, dass Sie sich schnell wieder auf den Weg machen k\u00f6nnen, ohne lange auf die Aufladung Ihrer tragbaren Stromquelle warten zu m\u00fcssen. Egal, ob Sie zu Hause oder unterwegs sind, Sie k\u00f6nnen immer von der schnellen Ladezeit profitieren, damit Ihnen nie der Strom ausgeht.<\/p>\n<p><\/p>","protected":false},"excerpt":{"rendered":"<ul>\n<li>Eingangs-\/Ausgangsspannung: 100-240V~ 50Hz\/60Hz<\/li>\n<li>Steckertyp: Typ 1: J1772 (f\u00fcr US\/JP), Typ 2: Mennekes (f\u00fcr EU GB\/T, f\u00fcr CN)<\/li>\n<li>aximale Eingangs-\/Ausgangsleistung: 3400W max<\/li>\n<\/ul>","protected":false},"featured_media":6002,"template":"","meta":{"_acf_changed":false},"product_brand":[],"product_cat":[97,245,276,415],"product_tag":[],"class_list":{"0":"post-6006","1":"product","2":"type-product","3":"status-publish","4":"has-post-thumbnail","6":"product_cat-alle-producten","7":"product_cat-ecoflow","8":"product_cat-ecoflow-powerstations","9":"product_cat-energy","10":"product_shipping_class-outofstock","11":"pa_brand-ecoflow","12":"pa_productfamily-generator","13":"pa_producttype-generator","14":"pa_series-delta-pro","16":"first","17":"outofstock","18":"taxable","19":"shipping-taxable","20":"purchasable","21":"product-type-simple"},"acf":[],"yoast_head":"<!-- This site is optimized with the Yoast SEO Premium plugin v27.2 (Yoast SEO v27.2) - https:\/\/yoast.com\/product\/yoast-seo-premium-wordpress\/ -->\n<title>EcoFlow DELTA Pro to Smart Generator Adapter - koningdrone.be<\/title>\n<meta name=\"robots\" content=\"index, follow, max-snippet:-1, max-image-preview:large, max-video-preview:-1\" \/>\n<link rel=\"canonical\" href=\"https:\/\/koningdrone.be\/de\/produkt\/ecoflow-delta-pro-to-smart-generator-adapter\/\" \/>\n<meta property=\"og:locale\" content=\"de_DE\" \/>\n<meta property=\"og:type\" content=\"article\" \/>\n<meta property=\"og:title\" content=\"EcoFlow DELTA Pro to Smart Generator Adapter\" \/>\n<meta property=\"og:description\" content=\"ngangs-\/uitgangsspanning: 100-240V~ 50Hz\/60HzType connector: Type 1: J1772 (voor US\/JP), Type 2: Mennekes (voor EU GB\/T, voor CN)aximaal ingangs-\/uitgangsvermogen: 3400W max\" \/>\n<meta property=\"og:url\" content=\"https:\/\/koningdrone.be\/de\/produkt\/ecoflow-delta-pro-to-smart-generator-adapter\/\" \/>\n<meta property=\"og:site_name\" content=\"koningdrone.be\" \/>\n<meta property=\"article:modified_time\" content=\"2026-04-29T14:31:03+00:00\" \/>\n<meta property=\"og:image\" content=\"https:\/\/koningdrone.be\/wp-content\/uploads\/sites\/13\/2025\/04\/4897082665786-1.jpg\" \/>\n\t<meta property=\"og:image:width\" content=\"1280\" \/>\n\t<meta property=\"og:image:height\" content=\"800\" \/>\n\t<meta property=\"og:image:type\" content=\"image\/jpeg\" \/>\n<meta name=\"twitter:card\" content=\"summary_large_image\" \/>\n<meta name=\"twitter:label1\" content=\"Gesch\u00e4tzte Lesezeit\" \/>\n\t<meta name=\"twitter:data1\" content=\"1\u00a0Minute\" \/>\n<script type=\"application\/ld+json\" class=\"yoast-schema-graph\">{\"@context\":\"https:\/\/schema.org\",\"@graph\":[{\"@type\":\"WebPage\",\"@id\":\"https:\/\/koningdrone.be\/product\/ecoflow-delta-pro-to-smart-generator-adapter\/\",\"url\":\"https:\/\/koningdrone.be\/product\/ecoflow-delta-pro-to-smart-generator-adapter\/\",\"name\":\"EcoFlow DELTA Pro to Smart Generator Adapter - koningdrone.be\",\"isPartOf\":{\"@id\":\"https:\/\/koningdrone.be\/#website\"},\"primaryImageOfPage\":{\"@id\":\"https:\/\/koningdrone.be\/product\/ecoflow-delta-pro-to-smart-generator-adapter\/#primaryimage\"},\"image\":{\"@id\":\"https:\/\/koningdrone.be\/product\/ecoflow-delta-pro-to-smart-generator-adapter\/#primaryimage\"},\"thumbnailUrl\":\"https:\/\/koningdrone.be\/wp-content\/uploads\/sites\/13\/2025\/04\/4897082665786-1.jpg\",\"datePublished\":\"2022-05-25T18:35:53+00:00\",\"dateModified\":\"2026-04-29T14:31:03+00:00\",\"breadcrumb\":{\"@id\":\"https:\/\/koningdrone.be\/product\/ecoflow-delta-pro-to-smart-generator-adapter\/#breadcrumb\"},\"inLanguage\":\"de\",\"potentialAction\":[{\"@type\":\"ReadAction\",\"target\":[\"https:\/\/koningdrone.be\/product\/ecoflow-delta-pro-to-smart-generator-adapter\/\"]}]},{\"@type\":\"ImageObject\",\"inLanguage\":\"de\",\"@id\":\"https:\/\/koningdrone.be\/product\/ecoflow-delta-pro-to-smart-generator-adapter\/#primaryimage\",\"url\":\"https:\/\/koningdrone.be\/wp-content\/uploads\/sites\/13\/2025\/04\/4897082665786-1.jpg\",\"contentUrl\":\"https:\/\/koningdrone.be\/wp-content\/uploads\/sites\/13\/2025\/04\/4897082665786-1.jpg\",\"width\":1280,\"height\":800},{\"@type\":\"BreadcrumbList\",\"@id\":\"https:\/\/koningdrone.be\/product\/ecoflow-delta-pro-to-smart-generator-adapter\/#breadcrumb\",\"itemListElement\":[{\"@type\":\"ListItem\",\"position\":1,\"name\":\"Home\",\"item\":\"https:\/\/koningdrone.be\/\"},{\"@type\":\"ListItem\",\"position\":2,\"name\":\"AVSS Parachute Recovery System for DJI Matrice 300\/350\",\"item\":\"https:\/\/koningdrone.be\/product\/avss-parachute-recovery-system-for-dji-matrice-300-350\/\"},{\"@type\":\"ListItem\",\"position\":3,\"name\":\"Alle producten\",\"item\":\"https:\/\/koningdrone.be\/categorie\/alle-producten\/\"},{\"@type\":\"ListItem\",\"position\":4,\"name\":\"EcoFlow DELTA Pro to Smart Generator Adapter\"}]},{\"@type\":\"WebSite\",\"@id\":\"https:\/\/koningdrone.be\/#website\",\"url\":\"https:\/\/koningdrone.be\/\",\"name\":\"Koningdrone.be - Uw online specialist in drones, gimbals, camera's en power stations.\",\"description\":\"De webshop in drones en gimbals\",\"publisher\":{\"@id\":\"https:\/\/koningdrone.be\/#organization\"},\"potentialAction\":[{\"@type\":\"SearchAction\",\"target\":{\"@type\":\"EntryPoint\",\"urlTemplate\":\"https:\/\/koningdrone.be\/?s={search_term_string}\"},\"query-input\":{\"@type\":\"PropertyValueSpecification\",\"valueRequired\":true,\"valueName\":\"search_term_string\"}}],\"inLanguage\":\"de\"},{\"@type\":\"Organization\",\"@id\":\"https:\/\/koningdrone.be\/#organization\",\"name\":\"Koningdrone.be\",\"url\":\"https:\/\/koningdrone.be\/\",\"logo\":{\"@type\":\"ImageObject\",\"inLanguage\":\"de\",\"@id\":\"https:\/\/koningdrone.be\/#\/schema\/logo\/image\/\",\"url\":\"https:\/\/koningdrone.be\/wp-content\/uploads\/sites\/13\/2025\/04\/koningdrone-copyright-logo.svg\",\"contentUrl\":\"https:\/\/koningdrone.be\/wp-content\/uploads\/sites\/13\/2025\/04\/koningdrone-copyright-logo.svg\",\"width\":227,\"height\":38,\"caption\":\"Koningdrone.be\"},\"image\":{\"@id\":\"https:\/\/koningdrone.be\/#\/schema\/logo\/image\/\"}}]}<\/script>\n<!-- \/ Yoast SEO Premium plugin. -->","yoast_head_json":{"title":"EcoFlow DELTA Pro to Smart Generator Adapter - koningdrone.be","robots":{"index":"index","follow":"follow","max-snippet":"max-snippet:-1","max-image-preview":"max-image-preview:large","max-video-preview":"max-video-preview:-1"},"canonical":"https:\/\/koningdrone.be\/de\/produkt\/ecoflow-delta-pro-to-smart-generator-adapter\/","og_locale":"de_DE","og_type":"article","og_title":"EcoFlow DELTA Pro to Smart Generator Adapter","og_description":"ngangs-\/uitgangsspanning: 100-240V~ 50Hz\/60HzType connector: Type 1: J1772 (voor US\/JP), Type 2: Mennekes (voor EU GB\/T, voor CN)aximaal ingangs-\/uitgangsvermogen: 3400W max","og_url":"https:\/\/koningdrone.be\/de\/produkt\/ecoflow-delta-pro-to-smart-generator-adapter\/","og_site_name":"koningdrone.be","article_modified_time":"2026-04-29T14:31:03+00:00","og_image":[{"width":1280,"height":800,"url":"https:\/\/koningdrone.be\/wp-content\/uploads\/sites\/13\/2025\/04\/4897082665786-1.jpg","type":"image\/jpeg"}],"twitter_card":"summary_large_image","twitter_misc":{"Gesch\u00e4tzte Lesezeit":"1\u00a0Minute"},"schema":{"@context":"https:\/\/schema.org","@graph":[{"@type":"WebPage","@id":"https:\/\/koningdrone.be\/product\/ecoflow-delta-pro-to-smart-generator-adapter\/","url":"https:\/\/koningdrone.be\/product\/ecoflow-delta-pro-to-smart-generator-adapter\/","name":"EcoFlow DELTA Pro to Smart Generator Adapter - koningdrone.be","isPartOf":{"@id":"https:\/\/koningdrone.be\/#website"},"primaryImageOfPage":{"@id":"https:\/\/koningdrone.be\/product\/ecoflow-delta-pro-to-smart-generator-adapter\/#primaryimage"},"image":{"@id":"https:\/\/koningdrone.be\/product\/ecoflow-delta-pro-to-smart-generator-adapter\/#primaryimage"},"thumbnailUrl":"https:\/\/koningdrone.be\/wp-content\/uploads\/sites\/13\/2025\/04\/4897082665786-1.jpg","datePublished":"2022-05-25T18:35:53+00:00","dateModified":"2026-04-29T14:31:03+00:00","breadcrumb":{"@id":"https:\/\/koningdrone.be\/product\/ecoflow-delta-pro-to-smart-generator-adapter\/#breadcrumb"},"inLanguage":"de","potentialAction":[{"@type":"ReadAction","target":["https:\/\/koningdrone.be\/product\/ecoflow-delta-pro-to-smart-generator-adapter\/"]}]},{"@type":"ImageObject","inLanguage":"de","@id":"https:\/\/koningdrone.be\/product\/ecoflow-delta-pro-to-smart-generator-adapter\/#primaryimage","url":"https:\/\/koningdrone.be\/wp-content\/uploads\/sites\/13\/2025\/04\/4897082665786-1.jpg","contentUrl":"https:\/\/koningdrone.be\/wp-content\/uploads\/sites\/13\/2025\/04\/4897082665786-1.jpg","width":1280,"height":800},{"@type":"BreadcrumbList","@id":"https:\/\/koningdrone.be\/product\/ecoflow-delta-pro-to-smart-generator-adapter\/#breadcrumb","itemListElement":[{"@type":"ListItem","position":1,"name":"Home","item":"https:\/\/koningdrone.be\/"},{"@type":"ListItem","position":2,"name":"AVSS Parachute Recovery System for DJI Matrice 300\/350","item":"https:\/\/koningdrone.be\/product\/avss-parachute-recovery-system-for-dji-matrice-300-350\/"},{"@type":"ListItem","position":3,"name":"Alle producten","item":"https:\/\/koningdrone.be\/categorie\/alle-producten\/"},{"@type":"ListItem","position":4,"name":"EcoFlow DELTA Pro to Smart Generator Adapter"}]},{"@type":"WebSite","@id":"https:\/\/koningdrone.be\/#website","url":"https:\/\/koningdrone.be\/","name":"Koningdrone.be - Ihr Online-Spezialist f\u00fcr Drohnen, Gimbals, Kameras und Kraftwerke.","description":"Der Webshop f\u00fcr Drohnen und Gimbals","publisher":{"@id":"https:\/\/koningdrone.be\/#organization"},"potentialAction":[{"@type":"SearchAction","target":{"@type":"EntryPoint","urlTemplate":"https:\/\/koningdrone.be\/?s={search_term_string}"},"query-input":{"@type":"PropertyValueSpecification","valueRequired":true,"valueName":"search_term_string"}}],"inLanguage":"de"},{"@type":"Organization","@id":"https:\/\/koningdrone.be\/#organization","name":"Kingdrone.de","url":"https:\/\/koningdrone.be\/","logo":{"@type":"ImageObject","inLanguage":"de","@id":"https:\/\/koningdrone.be\/#\/schema\/logo\/image\/","url":"https:\/\/koningdrone.be\/wp-content\/uploads\/sites\/13\/2025\/04\/koningdrone-copyright-logo.svg","contentUrl":"https:\/\/koningdrone.be\/wp-content\/uploads\/sites\/13\/2025\/04\/koningdrone-copyright-logo.svg","width":227,"height":38,"caption":"Koningdrone.be"},"image":{"@id":"https:\/\/koningdrone.be\/#\/schema\/logo\/image\/"}}]}},"df_price":89,"df_sale_price":"","df_regular_price":89,"df_image_link":"https:\/\/koningdrone.be\/wp-content\/uploads\/sites\/13\/2025\/04\/4897082665786-1-300x188.jpg","_links":{"self":[{"href":"https:\/\/koningdrone.be\/de\/wp-json\/wp\/v2\/product\/6006","targetHints":{"allow":["GET"]}}],"collection":[{"href":"https:\/\/koningdrone.be\/de\/wp-json\/wp\/v2\/product"}],"about":[{"href":"https:\/\/koningdrone.be\/de\/wp-json\/wp\/v2\/types\/product"}],"wp:featuredmedia":[{"embeddable":true,"href":"https:\/\/koningdrone.be\/de\/wp-json\/wp\/v2\/media\/6002"}],"wp:attachment":[{"href":"https:\/\/koningdrone.be\/de\/wp-json\/wp\/v2\/media?parent=6006"}],"wp:term":[{"taxonomy":"product_brand","embeddable":true,"href":"https:\/\/koningdrone.be\/de\/wp-json\/wp\/v2\/product_brand?post=6006"},{"taxonomy":"product_cat","embeddable":true,"href":"https:\/\/koningdrone.be\/de\/wp-json\/wp\/v2\/product_cat?post=6006"},{"taxonomy":"product_tag","embeddable":true,"href":"https:\/\/koningdrone.be\/de\/wp-json\/wp\/v2\/product_tag?post=6006"}],"curies":[{"name":"wp","href":"https:\/\/api.w.org\/{rel}","templated":true}]}}