{"id":5976,"date":"2022-05-25T20:36:00","date_gmt":"2022-05-25T18:36:00","guid":{"rendered":"https:\/\/koningdrone.nl\/kon\/product\/insta360-go2-64gb-cing2xx-f\/"},"modified":"2026-05-16T08:10:36","modified_gmt":"2026-05-16T06:10:36","slug":"insta360-go2-64gb-cing2xx-f","status":"publish","type":"product","link":"https:\/\/koningdrone.be\/de\/produkt\/insta360-go2-64gb-cing2xx-f\/","title":{"rendered":"INSTA360 GO2 64GB (CING2XX\/F)"},"content":{"rendered":"<h1>   Insta360 GO2 64GB (CING2XX\/F) <\/h1>\n<p><strong> High-Capacity Edition<\/strong> <br \/>Diese Version mit hoher Speicherkapazit\u00e4t hat einen gr\u00f6\u00dferen internen Speicher von 64 GB als das Standardmodell mit 32 GB.<br \/><strong> Neue Funktionen in GO 2<\/strong> <br \/>Mit dem GO 2 k\u00f6nnen Sie Zeitlupenaufnahmen mit bis zu 120 Bildern pro Sekunde machen. Er verf\u00fcgt \u00fcber einen Hyperlapse-Modus, hat einen eingebauten 1100-mAh-Akku mit h\u00f6herer Kapazit\u00e4t, nimmt 9-MP-Fotos auf, zeichnet Videos mit einer Aufl\u00f6sung von bis zu 3K 2560 x 1440 und im 1080p30 HDR-Format auf.<br \/><strong> Stabilisiertes Video mit Audio + Fotos<\/strong> <br \/>Die Insta360 GO 2 nimmt Video-, Audio- und Fotoaufnahmen intern auf einem 64 GB gro\u00dfen internen Speicher auf. Wenn die GO 2 mit Ihrem Telefon verbunden ist, werden die Videos automatisch \u00fcber die zugeh\u00f6rige App \u00fcbertragen.<br \/>Regen oder Sonnenschein<br \/>Der GO 2 ist nach IPX8 bis zu 13\u2032 wasserdicht.<br \/>Die mitgelieferte Ladeschale bietet eine Start-\/Stopptaste und eine Akkulaufzeit von bis zu 2,5 Stunden, und die ausklappbaren Beine lassen sich in ein Stativ verwandeln.<\/p>","protected":false},"excerpt":{"rendered":"<ul>\n<li>Miniatur-3K-Action-Kamera<\/li>\n<li>Bis zu 2560 x 1440 Videos und 9 MP Fotos<\/li>\n<li>Bis zu 1080p120 Zeitlupenvideo<\/li>\n<li>Wasserdicht bis 13\u2032, 64GB Flash-Speicher<\/li>\n<li>FlowState 6-Achsen-Kreiselstabilisierung<\/li>\n<li>iOS\/Android-App mit automatischer Bearbeitung<\/li>\n<li>Zeitraffer-\/Hyperlapse-Videos mit einem Tastendruck<\/li>\n<li>Bluetooth und Wifi, Ladekoffer<\/li>\n<li>Auto-Editing-Funktion, einfache POV-Aufnahmen<\/li>\n<li>Gegenlichtblende, Befestigungsm\u00f6glichkeiten<\/li>\n<\/ul>","protected":false},"featured_media":5973,"template":"","meta":{"_acf_changed":false},"product_brand":[],"product_cat":[97,343],"product_tag":[],"class_list":{"0":"post-5976","1":"product","2":"type-product","3":"status-publish","4":"has-post-thumbnail","6":"product_cat-alle-producten","7":"product_cat-insta360","8":"product_shipping_class-outofstock","9":"pa_brand-insta360","10":"pa_series-insta360-go","12":"first","13":"outofstock","14":"taxable","15":"shipping-taxable","16":"product-type-simple"},"acf":[],"yoast_head":"<!-- This site is optimized with the Yoast SEO Premium plugin v27.2 (Yoast SEO v27.2) - https:\/\/yoast.com\/product\/yoast-seo-premium-wordpress\/ -->\n<title>INSTA360 GO2 64GB (CING2XX\/F) - koningdrone.be<\/title>\n<meta name=\"robots\" content=\"index, follow, max-snippet:-1, max-image-preview:large, max-video-preview:-1\" \/>\n<link rel=\"canonical\" href=\"https:\/\/koningdrone.be\/de\/produkt\/insta360-go2-64gb-cing2xx-f\/\" \/>\n<meta property=\"og:locale\" content=\"de_DE\" \/>\n<meta property=\"og:type\" content=\"article\" \/>\n<meta property=\"og:title\" content=\"INSTA360 GO2 64GB (CING2XX\/F)\" \/>\n<meta property=\"og:description\" content=\"Miniatuur 3K-actiecameraTot 2560 x 1440 video en 9 MP foto&#039;sTot 1080p120 Slow Motion-videoWaterdicht tot 13&#039;, 64 GB Flash-geheugenFlowState 6-assige gyrostabilisatieiOS\/Android-app met automatische bewerkingTime-Lapse\/Hyperlapse-video&#039;s met \u00e9\u00e9n tikBluetooth en wifi, oplaadetuiFunctie voor automatisch bewerken, eenvoudige POV-opnameLensbescherming, montageopties\" \/>\n<meta property=\"og:url\" content=\"https:\/\/koningdrone.be\/de\/produkt\/insta360-go2-64gb-cing2xx-f\/\" \/>\n<meta property=\"og:site_name\" content=\"koningdrone.be\" \/>\n<meta property=\"article:modified_time\" content=\"2026-05-16T06:10:36+00:00\" \/>\n<meta property=\"og:image\" content=\"https:\/\/koningdrone.be\/wp-content\/uploads\/sites\/13\/2025\/04\/6970357853298-1.jpg\" \/>\n\t<meta property=\"og:image:width\" content=\"600\" \/>\n\t<meta property=\"og:image:height\" content=\"600\" \/>\n\t<meta property=\"og:image:type\" content=\"image\/jpeg\" \/>\n<meta name=\"twitter:card\" content=\"summary_large_image\" \/>\n<meta name=\"twitter:label1\" content=\"Gesch\u00e4tzte Lesezeit\" \/>\n\t<meta name=\"twitter:data1\" content=\"1\u00a0Minute\" \/>\n<script type=\"application\/ld+json\" class=\"yoast-schema-graph\">{\"@context\":\"https:\/\/schema.org\",\"@graph\":[{\"@type\":\"WebPage\",\"@id\":\"https:\/\/koningdrone.be\/product\/insta360-go2-64gb-cing2xx-f\/\",\"url\":\"https:\/\/koningdrone.be\/product\/insta360-go2-64gb-cing2xx-f\/\",\"name\":\"INSTA360 GO2 64GB (CING2XX\/F) - koningdrone.be\",\"isPartOf\":{\"@id\":\"https:\/\/koningdrone.be\/#website\"},\"primaryImageOfPage\":{\"@id\":\"https:\/\/koningdrone.be\/product\/insta360-go2-64gb-cing2xx-f\/#primaryimage\"},\"image\":{\"@id\":\"https:\/\/koningdrone.be\/product\/insta360-go2-64gb-cing2xx-f\/#primaryimage\"},\"thumbnailUrl\":\"https:\/\/koningdrone.be\/wp-content\/uploads\/sites\/13\/2025\/04\/6970357853298-1.jpg\",\"datePublished\":\"2022-05-25T18:36:00+00:00\",\"dateModified\":\"2026-05-16T06:10:36+00:00\",\"breadcrumb\":{\"@id\":\"https:\/\/koningdrone.be\/product\/insta360-go2-64gb-cing2xx-f\/#breadcrumb\"},\"inLanguage\":\"de\",\"potentialAction\":[{\"@type\":\"ReadAction\",\"target\":[\"https:\/\/koningdrone.be\/product\/insta360-go2-64gb-cing2xx-f\/\"]}]},{\"@type\":\"ImageObject\",\"inLanguage\":\"de\",\"@id\":\"https:\/\/koningdrone.be\/product\/insta360-go2-64gb-cing2xx-f\/#primaryimage\",\"url\":\"https:\/\/koningdrone.be\/wp-content\/uploads\/sites\/13\/2025\/04\/6970357853298-1.jpg\",\"contentUrl\":\"https:\/\/koningdrone.be\/wp-content\/uploads\/sites\/13\/2025\/04\/6970357853298-1.jpg\",\"width\":600,\"height\":600},{\"@type\":\"BreadcrumbList\",\"@id\":\"https:\/\/koningdrone.be\/product\/insta360-go2-64gb-cing2xx-f\/#breadcrumb\",\"itemListElement\":[{\"@type\":\"ListItem\",\"position\":1,\"name\":\"Home\",\"item\":\"https:\/\/koningdrone.be\/\"},{\"@type\":\"ListItem\",\"position\":2,\"name\":\"AVSS Parachute Recovery System for DJI Matrice 300\/350\",\"item\":\"https:\/\/koningdrone.be\/product\/avss-parachute-recovery-system-for-dji-matrice-300-350\/\"},{\"@type\":\"ListItem\",\"position\":3,\"name\":\"Alle producten\",\"item\":\"https:\/\/koningdrone.be\/categorie\/alle-producten\/\"},{\"@type\":\"ListItem\",\"position\":4,\"name\":\"INSTA360 GO2 64GB (CING2XX\/F)\"}]},{\"@type\":\"WebSite\",\"@id\":\"https:\/\/koningdrone.be\/#website\",\"url\":\"https:\/\/koningdrone.be\/\",\"name\":\"Koningdrone.be - Uw online specialist in drones, gimbals, camera's en power stations.\",\"description\":\"De webshop in drones en gimbals\",\"publisher\":{\"@id\":\"https:\/\/koningdrone.be\/#organization\"},\"potentialAction\":[{\"@type\":\"SearchAction\",\"target\":{\"@type\":\"EntryPoint\",\"urlTemplate\":\"https:\/\/koningdrone.be\/?s={search_term_string}\"},\"query-input\":{\"@type\":\"PropertyValueSpecification\",\"valueRequired\":true,\"valueName\":\"search_term_string\"}}],\"inLanguage\":\"de\"},{\"@type\":\"Organization\",\"@id\":\"https:\/\/koningdrone.be\/#organization\",\"name\":\"Koningdrone.be\",\"url\":\"https:\/\/koningdrone.be\/\",\"logo\":{\"@type\":\"ImageObject\",\"inLanguage\":\"de\",\"@id\":\"https:\/\/koningdrone.be\/#\/schema\/logo\/image\/\",\"url\":\"https:\/\/koningdrone.be\/wp-content\/uploads\/sites\/13\/2025\/04\/koningdrone-copyright-logo.svg\",\"contentUrl\":\"https:\/\/koningdrone.be\/wp-content\/uploads\/sites\/13\/2025\/04\/koningdrone-copyright-logo.svg\",\"width\":227,\"height\":38,\"caption\":\"Koningdrone.be\"},\"image\":{\"@id\":\"https:\/\/koningdrone.be\/#\/schema\/logo\/image\/\"}}]}<\/script>\n<!-- \/ Yoast SEO Premium plugin. -->","yoast_head_json":{"title":"INSTA360 GO2 64GB (CING2XX\/F) - koningdrone.be","robots":{"index":"index","follow":"follow","max-snippet":"max-snippet:-1","max-image-preview":"max-image-preview:large","max-video-preview":"max-video-preview:-1"},"canonical":"https:\/\/koningdrone.be\/de\/produkt\/insta360-go2-64gb-cing2xx-f\/","og_locale":"de_DE","og_type":"article","og_title":"INSTA360 GO2 64GB (CING2XX\/F)","og_description":"Miniatuur 3K-actiecameraTot 2560 x 1440 video en 9 MP foto'sTot 1080p120 Slow Motion-videoWaterdicht tot 13', 64 GB Flash-geheugenFlowState 6-assige gyrostabilisatieiOS\/Android-app met automatische bewerkingTime-Lapse\/Hyperlapse-video's met \u00e9\u00e9n tikBluetooth en wifi, oplaadetuiFunctie voor automatisch bewerken, eenvoudige POV-opnameLensbescherming, montageopties","og_url":"https:\/\/koningdrone.be\/de\/produkt\/insta360-go2-64gb-cing2xx-f\/","og_site_name":"koningdrone.be","article_modified_time":"2026-05-16T06:10:36+00:00","og_image":[{"width":600,"height":600,"url":"https:\/\/koningdrone.be\/wp-content\/uploads\/sites\/13\/2025\/04\/6970357853298-1.jpg","type":"image\/jpeg"}],"twitter_card":"summary_large_image","twitter_misc":{"Gesch\u00e4tzte Lesezeit":"1\u00a0Minute"},"schema":{"@context":"https:\/\/schema.org","@graph":[{"@type":"WebPage","@id":"https:\/\/koningdrone.be\/product\/insta360-go2-64gb-cing2xx-f\/","url":"https:\/\/koningdrone.be\/product\/insta360-go2-64gb-cing2xx-f\/","name":"INSTA360 GO2 64GB (CING2XX\/F) - koningdrone.be","isPartOf":{"@id":"https:\/\/koningdrone.be\/#website"},"primaryImageOfPage":{"@id":"https:\/\/koningdrone.be\/product\/insta360-go2-64gb-cing2xx-f\/#primaryimage"},"image":{"@id":"https:\/\/koningdrone.be\/product\/insta360-go2-64gb-cing2xx-f\/#primaryimage"},"thumbnailUrl":"https:\/\/koningdrone.be\/wp-content\/uploads\/sites\/13\/2025\/04\/6970357853298-1.jpg","datePublished":"2022-05-25T18:36:00+00:00","dateModified":"2026-05-16T06:10:36+00:00","breadcrumb":{"@id":"https:\/\/koningdrone.be\/product\/insta360-go2-64gb-cing2xx-f\/#breadcrumb"},"inLanguage":"de","potentialAction":[{"@type":"ReadAction","target":["https:\/\/koningdrone.be\/product\/insta360-go2-64gb-cing2xx-f\/"]}]},{"@type":"ImageObject","inLanguage":"de","@id":"https:\/\/koningdrone.be\/product\/insta360-go2-64gb-cing2xx-f\/#primaryimage","url":"https:\/\/koningdrone.be\/wp-content\/uploads\/sites\/13\/2025\/04\/6970357853298-1.jpg","contentUrl":"https:\/\/koningdrone.be\/wp-content\/uploads\/sites\/13\/2025\/04\/6970357853298-1.jpg","width":600,"height":600},{"@type":"BreadcrumbList","@id":"https:\/\/koningdrone.be\/product\/insta360-go2-64gb-cing2xx-f\/#breadcrumb","itemListElement":[{"@type":"ListItem","position":1,"name":"Home","item":"https:\/\/koningdrone.be\/"},{"@type":"ListItem","position":2,"name":"AVSS Parachute Recovery System for DJI Matrice 300\/350","item":"https:\/\/koningdrone.be\/product\/avss-parachute-recovery-system-for-dji-matrice-300-350\/"},{"@type":"ListItem","position":3,"name":"Alle producten","item":"https:\/\/koningdrone.be\/categorie\/alle-producten\/"},{"@type":"ListItem","position":4,"name":"INSTA360 GO2 64GB (CING2XX\/F)"}]},{"@type":"WebSite","@id":"https:\/\/koningdrone.be\/#website","url":"https:\/\/koningdrone.be\/","name":"Koningdrone.be - Ihr Online-Spezialist f\u00fcr Drohnen, Gimbals, Kameras und Kraftwerke.","description":"Der Webshop f\u00fcr Drohnen und Gimbals","publisher":{"@id":"https:\/\/koningdrone.be\/#organization"},"potentialAction":[{"@type":"SearchAction","target":{"@type":"EntryPoint","urlTemplate":"https:\/\/koningdrone.be\/?s={search_term_string}"},"query-input":{"@type":"PropertyValueSpecification","valueRequired":true,"valueName":"search_term_string"}}],"inLanguage":"de"},{"@type":"Organization","@id":"https:\/\/koningdrone.be\/#organization","name":"Kingdrone.de","url":"https:\/\/koningdrone.be\/","logo":{"@type":"ImageObject","inLanguage":"de","@id":"https:\/\/koningdrone.be\/#\/schema\/logo\/image\/","url":"https:\/\/koningdrone.be\/wp-content\/uploads\/sites\/13\/2025\/04\/koningdrone-copyright-logo.svg","contentUrl":"https:\/\/koningdrone.be\/wp-content\/uploads\/sites\/13\/2025\/04\/koningdrone-copyright-logo.svg","width":227,"height":38,"caption":"Koningdrone.be"},"image":{"@id":"https:\/\/koningdrone.be\/#\/schema\/logo\/image\/"}}]}},"df_price":"","df_sale_price":"","df_regular_price":"","df_image_link":"https:\/\/koningdrone.be\/wp-content\/uploads\/sites\/13\/2025\/04\/6970357853298-1-300x300.jpg","_links":{"self":[{"href":"https:\/\/koningdrone.be\/de\/wp-json\/wp\/v2\/product\/5976","targetHints":{"allow":["GET"]}}],"collection":[{"href":"https:\/\/koningdrone.be\/de\/wp-json\/wp\/v2\/product"}],"about":[{"href":"https:\/\/koningdrone.be\/de\/wp-json\/wp\/v2\/types\/product"}],"wp:featuredmedia":[{"embeddable":true,"href":"https:\/\/koningdrone.be\/de\/wp-json\/wp\/v2\/media\/5973"}],"wp:attachment":[{"href":"https:\/\/koningdrone.be\/de\/wp-json\/wp\/v2\/media?parent=5976"}],"wp:term":[{"taxonomy":"product_brand","embeddable":true,"href":"https:\/\/koningdrone.be\/de\/wp-json\/wp\/v2\/product_brand?post=5976"},{"taxonomy":"product_cat","embeddable":true,"href":"https:\/\/koningdrone.be\/de\/wp-json\/wp\/v2\/product_cat?post=5976"},{"taxonomy":"product_tag","embeddable":true,"href":"https:\/\/koningdrone.be\/de\/wp-json\/wp\/v2\/product_tag?post=5976"}],"curies":[{"name":"wp","href":"https:\/\/api.w.org\/{rel}","templated":true}]}}