{"id":5958,"date":"2022-05-25T20:36:00","date_gmt":"2022-05-25T18:36:00","guid":{"rendered":"https:\/\/koningdrone.nl\/kon\/product\/insta360-one-rs-twin-cinrsgp-a\/"},"modified":"2026-05-17T07:50:48","modified_gmt":"2026-05-17T05:50:48","slug":"insta360-one-rs-twin-cinrsgp-a","status":"publish","type":"product","link":"https:\/\/koningdrone.be\/de\/produkt\/insta360-one-rs-twin-cinrsgp-a\/","title":{"rendered":"INSTA360 ONE RS Twin (CINRSGP\/A)"},"content":{"rendered":"<h1>   Insta360 One RS Twin (CINRSGP\/A) <\/h1>\n<p>Insta360 - 'ONE RS Twin 360 Ausgabe'<br \/>Die anpassungsf\u00e4higste Action-Cam der Welt ist jetzt noch besser.<br \/>Insta360 ONE ONE RS Twin 360 Edition Action-Kamera<br \/>PASSEND GEBAUT<br \/>Die ONE RS ist die vielseitigste Wechselobjektivkamera der Welt. Durch ihr dreiteiliges Design verwandelt sie sich von einer 360\u00b0-Kamera in ein hochwertiges Weitwinkelobjektiv. Sie ist die einzige Action-Cam, die das Versprechen der \u2019All-in-One\u201c-Flexibilit\u00e4t ohne Kompromisse einl\u00f6st.<br \/>4K Boost Objektiv<br \/>Insta360 ONE ONE RS Twin 360 Edition Action-Kamera<br \/>NEUER 1\/2\"-BILDSENSOR<br \/>Vor allem zu Hause, aber zunehmend auch auf der B\u00fchne oder im Studio ist leises oder leise Spielen gefragt. Um Ihren Verst\u00e4rker ohne Box zu spielen, ben\u00f6tigen Sie eine Loadbox. Two Notes ist bekannt f\u00fcr die pr\u00e4zisesten und vielseitigsten Loadboxen der Welt, die mit reaktiver Technologie arbeiten, d.h. die Impedanz eines Lautsprechers perfekt imitieren. Ihr Verst\u00e4rker wird absolut glauben, dass er an eine echte Box angeschlossen ist.<br \/>Insta360 ONE ONE RS Twin 360 Edition Action-Kamera<br \/>48MP FOTOS<br \/>4x mehr Megapixel. Halten Sie das Extra an Details fest, das perfekte Fotomomente verdienen, mit besseren Farben und besserer Beleuchtung.<br \/>Insta360 ONE ONE RS Twin 360 Edition Action-Kamera<br \/>6K-BREITBILDMODUS<br \/>Erstellen Sie ultra-detaillierte 6K-Bilder, die in einem Hollywood-Film gut aussehen, mit einem klassischen 2,35:1-Breitbildformat.<br \/>5,3K 1-Zoll-Objektiv<br \/>Insta360 ONE ONE RS Twin 360 Edition Action-Kamera<br \/>MIT LEICA ZUSAMMENGEARBEITET<br \/>Das gemeinsam mit Leica entwickelte 1-Zoll-Weitwinkelobjektiv verf\u00fcgt \u00fcber den gr\u00f6\u00dften Bildsensor aller Action-Kameras. Machen Sie 5,3K-Weitwinkelaufnahmen mit pr\u00e4zisen Details und naturgetreuen Farben, selbst bei schwachem Licht.<br \/>Insta360 ONE ONE RS Twin 360 Edition Action-Kamera<br \/>FlowState-Stabilisierung<br \/>Insta360 ONE ONE RS Twin 360 Edition Action-Kamera<br \/>REIBUNGSLOSE BILDSTABILISIERUNG<br \/>Butterweiche Bildstabilisierung, egal welches Objektiv Sie verwenden. Der leistungsstarke RS Core bietet jetzt in Kombination mit den Weitwinkelobjektiven eine FlowState-Stabilisierung direkt in der Kamera. Keine Bearbeitung erforderlich.<br \/>Horizont-Schloss<br \/>Insta360 ONE ONE RS Twin 360 Edition Action-Kamera<br \/>PERFEKTE LEVEL SHOTS<br \/>Perfekt gleichm\u00e4\u00dfige Aufnahmen, egal wie weit Sie Ihre Kamera neigen. Alle drei Objektive unterst\u00fctzen die 360\u00b0-Horizontnivellierung.<br \/>\u00a0 <br \/>Aktives HDR<br \/>Insta360 ONE ONE RS Twin 360 Edition Action-Kamera<br \/>4K HDR<br \/>Ein innovativer neuer HDR-Videomodus f\u00fcr Actionsportarten. Active HDR auf dem 4K Boost-Objektiv stabilisiert Ihr Video, w\u00e4hrend Sie sich bewegen, und bewahrt Details in Lichtern und Schatten f\u00fcr lebendigere Aufnahmen.<br \/>\u00a0 <br \/>Versp\u00e4tet<br \/>Insta360 ONE ONE RS Twin 360 Edition Action-Kamera<br \/>8X LANGSAME BEWEGUNG<br \/>Verlangsamen Sie die Action mit dem 4K-Boost-Objektiv auf das 8-fache, oder drehen Sie sich mit der 4-fachen Zeitlupe des 360er-Objektivs um den eigenen Kopf und konzentrieren Sie sich auf den gro\u00dfen Moment.<br \/>\u00a0 <br \/>Gebaut f\u00fcr Action<br \/>Insta360 ONE ONE RS Twin 360 Edition Action-Kamera<br \/>WASSERDICHT BIS ZU 16FT<br \/>Tauchen Sie Ihre Action-Cam ohne Bedenken bis zu 16 Fu\u00df unter Wasser<br \/>\u00a0 <br \/>ROBUSTES DESIGN<br \/>Hochwertige Verbinder und eine einzigartige Konstruktion sorgen f\u00fcr eine stabile Verbindung zwischen den Mods, auch in der H\u00f6he der Aktion.<br \/>\u00a0 <br \/>Ein ganz neuer Kern<br \/>RUNDUM VERBESSERTE LEISTUNG<br \/>Schnelleres Wi-Fi. \u00dcbertragen und bearbeiten Sie Ihre Dateien in der Insta360 App schneller, dank der brandneuen Hardware im Core.<br \/>\u00a0 <br \/>Insta360 ONE ONE RS Twin 360 Edition Action-Kamera<br \/>CROSSOVER-AUDIO<br \/>Der RS Core verf\u00fcgt jetzt \u00fcber ein zus\u00e4tzliches Mikrofon, um den gew\u00fcnschten Ton aufzunehmen, und einen Algorithmus zur Unterdr\u00fcckung von Windger\u00e4uschen, um die unerw\u00fcnschten Ger\u00e4usche zu entfernen.<br \/>\u00a0 <br \/>Insta360 ONE ONE RS Twin 360 Edition Action-Kamera<br \/>Insta360 ONE ONE RS Twin 360 Edition Action-Kamera<br \/>SOFORTIGER ZOOM<br \/>Digitales Zoomen mit bis zu 2,7-facher Vergr\u00f6\u00dferung des Motivs w\u00e4hrend der Aufnahme - keine Voreinstellung erforderlich.<br \/>\u00a0 <br \/>Insta360 ONE ONE RS Twin 360 Edition Action-Kamera<br \/>FAST MENU<br \/>Greifen Sie mit nur einem Fingertipp auf alle Ihre bevorzugten Aufnahmevoreinstellungen zu. Wechseln Sie unterwegs den Modus, um mit der Action Schritt zu halten.<br \/>\u00a0 <br \/>Einfache Montage<br \/>Insta360 ONE ONE RS Twin 360 Edition Action-Kamera<br \/>SCHNELLE FREISETZUNG<br \/>Dr\u00fccken Sie einfach den Knopf, um die Halterung zu \u00f6ffnen, schieben Sie die Kamera seitlich heraus und wechseln Sie das Objektiv im Handumdrehen.<br \/>\u00a0 <br \/>Insta360 ONE ONE RS Twin 360 Edition Action-Kamera<br \/>W\u00c4RMEABLEITENDE KONSTRUKTION<br \/>Die Halterung sorgt daf\u00fcr, dass Ihre Action-Cam k\u00fchl bleibt und Sie l\u00e4nger aufnehmen k\u00f6nnen.<br \/>\u00a0 <br \/>Insta360 ONE ONE RS Twin 360 Edition Action-Kamera<br \/>WINDDICHTE MIKROFONABDECKUNG<br \/>Ein spezieller winddichter Schaumstoff\u00fcberzug h\u00e4lt starken Wind ab und verhindert unerw\u00fcnschte Ger\u00e4usche in Ihren Videos.<\/p>","protected":false},"excerpt":{"rendered":"<ul>\n<li>Videoaufl\u00f6sung: 6016\u00d72560@25\/24fps (im 6K-Breitbildmodus), 4000\u00d73000@24\/25\/30fps, 3840\u00d72160@24\/25\/30\/50\/60fps, 2720\u00d71530@24\/25\/30\/60\/100fps, 1920\u00d71080@24 \/25\/30\/60\/120\/200fps<\/li>\n<li>Fotoaufl\u00f6sungen: 8000\u00d76000 (4:3), 8000\u00d74500 (16:9), 4000\u00d73000 (4:3), 4000\u00d72250 (16:9)<\/li>\n<li>Bilddateiformat: JPG, RAW (dng)<\/li>\n<li>Video-Dateiformate: MP4, LOG<\/li>\n<li>Objektive: 7,2 mm 35 m \u00e4quivalent<\/li>\n<li>Live-Streaming: Nvt<\/li>\n<li>Speicher: MicroSD-Steckplatz<\/li>\n<li>Gewicht: 125,3 Gramm<\/li>\n<\/ul>","protected":false},"featured_media":5956,"template":"","meta":{"_acf_changed":false},"product_brand":[],"product_cat":[97,343],"product_tag":[],"class_list":{"0":"post-5958","1":"product","2":"type-product","3":"status-publish","4":"has-post-thumbnail","6":"product_cat-alle-producten","7":"product_cat-insta360","8":"product_shipping_class-outofstock","9":"pa_brand-insta360","10":"pa_series-insta360-go","12":"first","13":"outofstock","14":"taxable","15":"shipping-taxable","16":"product-type-simple"},"acf":[],"yoast_head":"<!-- This site is optimized with the Yoast SEO Premium plugin v27.2 (Yoast SEO v27.2) - https:\/\/yoast.com\/product\/yoast-seo-premium-wordpress\/ -->\n<title>INSTA360 ONE RS Twin (CINRSGP\/A) - koningdrone.be<\/title>\n<meta name=\"robots\" content=\"index, follow, max-snippet:-1, max-image-preview:large, max-video-preview:-1\" \/>\n<link rel=\"canonical\" href=\"https:\/\/koningdrone.be\/de\/produkt\/insta360-one-rs-twin-cinrsgp-a\/\" \/>\n<meta property=\"og:locale\" content=\"de_DE\" \/>\n<meta property=\"og:type\" content=\"article\" \/>\n<meta property=\"og:title\" content=\"INSTA360 ONE RS Twin (CINRSGP\/A)\" \/>\n<meta property=\"og:description\" content=\"Videoresolutie: 6016x2560@25\/24fps (onder 6K breedbeeldmodus), 4000x3000@24\/25\/30fps, 3840x2160@24\/25\/30\/50\/60fps, 2720x1530@24\/25\/30\/60\/100fps, 1920x1080@24 \/25\/30\/60\/120\/200 fpsFotoresoluties: 8000x6000 (4:3), 8000x4500 (16:9), 4000x3000 (4:3), 4000x2250 (16:9Fotobestandsindeling: JPG, RAW (dng)Videobestandsindelingen: MP4, LOGLenzen: 7,2 mm 35 m equivalentLive-streaming: NvtOpslag: MicroSD-slotGewicht: 125,3 gram\" \/>\n<meta property=\"og:url\" content=\"https:\/\/koningdrone.be\/de\/produkt\/insta360-one-rs-twin-cinrsgp-a\/\" \/>\n<meta property=\"og:site_name\" content=\"koningdrone.be\" \/>\n<meta property=\"article:modified_time\" content=\"2026-05-17T05:50:48+00:00\" \/>\n<meta property=\"og:image\" content=\"https:\/\/koningdrone.be\/wp-content\/uploads\/sites\/13\/2025\/04\/6970357852949-1.webp\" \/>\n\t<meta property=\"og:image:width\" content=\"350\" \/>\n\t<meta property=\"og:image:height\" content=\"350\" \/>\n\t<meta property=\"og:image:type\" content=\"image\/webp\" \/>\n<meta name=\"twitter:card\" content=\"summary_large_image\" \/>\n<meta name=\"twitter:label1\" content=\"Gesch\u00e4tzte Lesezeit\" \/>\n\t<meta name=\"twitter:data1\" content=\"3\u00a0Minuten\" \/>\n<script type=\"application\/ld+json\" class=\"yoast-schema-graph\">{\"@context\":\"https:\/\/schema.org\",\"@graph\":[{\"@type\":\"WebPage\",\"@id\":\"https:\/\/koningdrone.be\/product\/insta360-one-rs-twin-cinrsgp-a\/\",\"url\":\"https:\/\/koningdrone.be\/product\/insta360-one-rs-twin-cinrsgp-a\/\",\"name\":\"INSTA360 ONE RS Twin (CINRSGP\/A) - koningdrone.be\",\"isPartOf\":{\"@id\":\"https:\/\/koningdrone.be\/#website\"},\"primaryImageOfPage\":{\"@id\":\"https:\/\/koningdrone.be\/product\/insta360-one-rs-twin-cinrsgp-a\/#primaryimage\"},\"image\":{\"@id\":\"https:\/\/koningdrone.be\/product\/insta360-one-rs-twin-cinrsgp-a\/#primaryimage\"},\"thumbnailUrl\":\"https:\/\/koningdrone.be\/wp-content\/uploads\/sites\/13\/2025\/04\/6970357852949-1.webp\",\"datePublished\":\"2022-05-25T18:36:00+00:00\",\"dateModified\":\"2026-05-17T05:50:48+00:00\",\"breadcrumb\":{\"@id\":\"https:\/\/koningdrone.be\/product\/insta360-one-rs-twin-cinrsgp-a\/#breadcrumb\"},\"inLanguage\":\"de\",\"potentialAction\":[{\"@type\":\"ReadAction\",\"target\":[\"https:\/\/koningdrone.be\/product\/insta360-one-rs-twin-cinrsgp-a\/\"]}]},{\"@type\":\"ImageObject\",\"inLanguage\":\"de\",\"@id\":\"https:\/\/koningdrone.be\/product\/insta360-one-rs-twin-cinrsgp-a\/#primaryimage\",\"url\":\"https:\/\/koningdrone.be\/wp-content\/uploads\/sites\/13\/2025\/04\/6970357852949-1.webp\",\"contentUrl\":\"https:\/\/koningdrone.be\/wp-content\/uploads\/sites\/13\/2025\/04\/6970357852949-1.webp\",\"width\":350,\"height\":350},{\"@type\":\"BreadcrumbList\",\"@id\":\"https:\/\/koningdrone.be\/product\/insta360-one-rs-twin-cinrsgp-a\/#breadcrumb\",\"itemListElement\":[{\"@type\":\"ListItem\",\"position\":1,\"name\":\"Home\",\"item\":\"https:\/\/koningdrone.be\/\"},{\"@type\":\"ListItem\",\"position\":2,\"name\":\"AVSS Parachute Recovery System for DJI Matrice 300\/350\",\"item\":\"https:\/\/koningdrone.be\/product\/avss-parachute-recovery-system-for-dji-matrice-300-350\/\"},{\"@type\":\"ListItem\",\"position\":3,\"name\":\"Alle producten\",\"item\":\"https:\/\/koningdrone.be\/categorie\/alle-producten\/\"},{\"@type\":\"ListItem\",\"position\":4,\"name\":\"INSTA360 ONE RS Twin (CINRSGP\/A)\"}]},{\"@type\":\"WebSite\",\"@id\":\"https:\/\/koningdrone.be\/#website\",\"url\":\"https:\/\/koningdrone.be\/\",\"name\":\"Koningdrone.be - Uw online specialist in drones, gimbals, camera's en power stations.\",\"description\":\"De webshop in drones en gimbals\",\"publisher\":{\"@id\":\"https:\/\/koningdrone.be\/#organization\"},\"potentialAction\":[{\"@type\":\"SearchAction\",\"target\":{\"@type\":\"EntryPoint\",\"urlTemplate\":\"https:\/\/koningdrone.be\/?s={search_term_string}\"},\"query-input\":{\"@type\":\"PropertyValueSpecification\",\"valueRequired\":true,\"valueName\":\"search_term_string\"}}],\"inLanguage\":\"de\"},{\"@type\":\"Organization\",\"@id\":\"https:\/\/koningdrone.be\/#organization\",\"name\":\"Koningdrone.be\",\"url\":\"https:\/\/koningdrone.be\/\",\"logo\":{\"@type\":\"ImageObject\",\"inLanguage\":\"de\",\"@id\":\"https:\/\/koningdrone.be\/#\/schema\/logo\/image\/\",\"url\":\"https:\/\/koningdrone.be\/wp-content\/uploads\/sites\/13\/2025\/04\/koningdrone-copyright-logo.svg\",\"contentUrl\":\"https:\/\/koningdrone.be\/wp-content\/uploads\/sites\/13\/2025\/04\/koningdrone-copyright-logo.svg\",\"width\":227,\"height\":38,\"caption\":\"Koningdrone.be\"},\"image\":{\"@id\":\"https:\/\/koningdrone.be\/#\/schema\/logo\/image\/\"}}]}<\/script>\n<!-- \/ Yoast SEO Premium plugin. -->","yoast_head_json":{"title":"INSTA360 ONE RS Twin (CINRSGP\/A) - koningdrone.be","robots":{"index":"index","follow":"follow","max-snippet":"max-snippet:-1","max-image-preview":"max-image-preview:large","max-video-preview":"max-video-preview:-1"},"canonical":"https:\/\/koningdrone.be\/de\/produkt\/insta360-one-rs-twin-cinrsgp-a\/","og_locale":"de_DE","og_type":"article","og_title":"INSTA360 ONE RS Twin (CINRSGP\/A)","og_description":"Videoresolutie: 6016x2560@25\/24fps (onder 6K breedbeeldmodus), 4000x3000@24\/25\/30fps, 3840x2160@24\/25\/30\/50\/60fps, 2720x1530@24\/25\/30\/60\/100fps, 1920x1080@24 \/25\/30\/60\/120\/200 fpsFotoresoluties: 8000x6000 (4:3), 8000x4500 (16:9), 4000x3000 (4:3), 4000x2250 (16:9Fotobestandsindeling: JPG, RAW (dng)Videobestandsindelingen: MP4, LOGLenzen: 7,2 mm 35 m equivalentLive-streaming: NvtOpslag: MicroSD-slotGewicht: 125,3 gram","og_url":"https:\/\/koningdrone.be\/de\/produkt\/insta360-one-rs-twin-cinrsgp-a\/","og_site_name":"koningdrone.be","article_modified_time":"2026-05-17T05:50:48+00:00","og_image":[{"width":350,"height":350,"url":"https:\/\/koningdrone.be\/wp-content\/uploads\/sites\/13\/2025\/04\/6970357852949-1.webp","type":"image\/webp"}],"twitter_card":"summary_large_image","twitter_misc":{"Gesch\u00e4tzte Lesezeit":"3\u00a0Minuten"},"schema":{"@context":"https:\/\/schema.org","@graph":[{"@type":"WebPage","@id":"https:\/\/koningdrone.be\/product\/insta360-one-rs-twin-cinrsgp-a\/","url":"https:\/\/koningdrone.be\/product\/insta360-one-rs-twin-cinrsgp-a\/","name":"INSTA360 ONE RS Twin (CINRSGP\/A) - koningdrone.be","isPartOf":{"@id":"https:\/\/koningdrone.be\/#website"},"primaryImageOfPage":{"@id":"https:\/\/koningdrone.be\/product\/insta360-one-rs-twin-cinrsgp-a\/#primaryimage"},"image":{"@id":"https:\/\/koningdrone.be\/product\/insta360-one-rs-twin-cinrsgp-a\/#primaryimage"},"thumbnailUrl":"https:\/\/koningdrone.be\/wp-content\/uploads\/sites\/13\/2025\/04\/6970357852949-1.webp","datePublished":"2022-05-25T18:36:00+00:00","dateModified":"2026-05-17T05:50:48+00:00","breadcrumb":{"@id":"https:\/\/koningdrone.be\/product\/insta360-one-rs-twin-cinrsgp-a\/#breadcrumb"},"inLanguage":"de","potentialAction":[{"@type":"ReadAction","target":["https:\/\/koningdrone.be\/product\/insta360-one-rs-twin-cinrsgp-a\/"]}]},{"@type":"ImageObject","inLanguage":"de","@id":"https:\/\/koningdrone.be\/product\/insta360-one-rs-twin-cinrsgp-a\/#primaryimage","url":"https:\/\/koningdrone.be\/wp-content\/uploads\/sites\/13\/2025\/04\/6970357852949-1.webp","contentUrl":"https:\/\/koningdrone.be\/wp-content\/uploads\/sites\/13\/2025\/04\/6970357852949-1.webp","width":350,"height":350},{"@type":"BreadcrumbList","@id":"https:\/\/koningdrone.be\/product\/insta360-one-rs-twin-cinrsgp-a\/#breadcrumb","itemListElement":[{"@type":"ListItem","position":1,"name":"Home","item":"https:\/\/koningdrone.be\/"},{"@type":"ListItem","position":2,"name":"AVSS Parachute Recovery System for DJI Matrice 300\/350","item":"https:\/\/koningdrone.be\/product\/avss-parachute-recovery-system-for-dji-matrice-300-350\/"},{"@type":"ListItem","position":3,"name":"Alle producten","item":"https:\/\/koningdrone.be\/categorie\/alle-producten\/"},{"@type":"ListItem","position":4,"name":"INSTA360 ONE RS Twin (CINRSGP\/A)"}]},{"@type":"WebSite","@id":"https:\/\/koningdrone.be\/#website","url":"https:\/\/koningdrone.be\/","name":"Koningdrone.be - Ihr Online-Spezialist f\u00fcr Drohnen, Gimbals, Kameras und Kraftwerke.","description":"Der Webshop f\u00fcr Drohnen und Gimbals","publisher":{"@id":"https:\/\/koningdrone.be\/#organization"},"potentialAction":[{"@type":"SearchAction","target":{"@type":"EntryPoint","urlTemplate":"https:\/\/koningdrone.be\/?s={search_term_string}"},"query-input":{"@type":"PropertyValueSpecification","valueRequired":true,"valueName":"search_term_string"}}],"inLanguage":"de"},{"@type":"Organization","@id":"https:\/\/koningdrone.be\/#organization","name":"Kingdrone.de","url":"https:\/\/koningdrone.be\/","logo":{"@type":"ImageObject","inLanguage":"de","@id":"https:\/\/koningdrone.be\/#\/schema\/logo\/image\/","url":"https:\/\/koningdrone.be\/wp-content\/uploads\/sites\/13\/2025\/04\/koningdrone-copyright-logo.svg","contentUrl":"https:\/\/koningdrone.be\/wp-content\/uploads\/sites\/13\/2025\/04\/koningdrone-copyright-logo.svg","width":227,"height":38,"caption":"Koningdrone.be"},"image":{"@id":"https:\/\/koningdrone.be\/#\/schema\/logo\/image\/"}}]}},"df_price":"","df_sale_price":"","df_regular_price":"","df_image_link":"https:\/\/koningdrone.be\/wp-content\/uploads\/sites\/13\/2025\/04\/6970357852949-1-300x300.webp","_links":{"self":[{"href":"https:\/\/koningdrone.be\/de\/wp-json\/wp\/v2\/product\/5958","targetHints":{"allow":["GET"]}}],"collection":[{"href":"https:\/\/koningdrone.be\/de\/wp-json\/wp\/v2\/product"}],"about":[{"href":"https:\/\/koningdrone.be\/de\/wp-json\/wp\/v2\/types\/product"}],"wp:featuredmedia":[{"embeddable":true,"href":"https:\/\/koningdrone.be\/de\/wp-json\/wp\/v2\/media\/5956"}],"wp:attachment":[{"href":"https:\/\/koningdrone.be\/de\/wp-json\/wp\/v2\/media?parent=5958"}],"wp:term":[{"taxonomy":"product_brand","embeddable":true,"href":"https:\/\/koningdrone.be\/de\/wp-json\/wp\/v2\/product_brand?post=5958"},{"taxonomy":"product_cat","embeddable":true,"href":"https:\/\/koningdrone.be\/de\/wp-json\/wp\/v2\/product_cat?post=5958"},{"taxonomy":"product_tag","embeddable":true,"href":"https:\/\/koningdrone.be\/de\/wp-json\/wp\/v2\/product_tag?post=5958"}],"curies":[{"name":"wp","href":"https:\/\/api.w.org\/{rel}","templated":true}]}}