{"id":5955,"date":"2022-05-25T20:36:00","date_gmt":"2022-05-25T18:36:00","guid":{"rendered":"https:\/\/koningdrone.nl\/kon\/product\/insta360-one-rs-1-inch-cinrsgp-b\/"},"modified":"2026-05-17T07:50:49","modified_gmt":"2026-05-17T05:50:49","slug":"insta360-one-rs-1-inch-cinrsgp-b","status":"publish","type":"product","link":"https:\/\/koningdrone.be\/de\/produkt\/insta360-one-rs-1-inch-cinrsgp-b\/","title":{"rendered":"INSTA360 ONE RS 1-Zoll (CINRSGP\/B)"},"content":{"rendered":"<h1>   Insta360 One RS 1-Zoll (CINRSGP\/B) <\/h1>\n<p>Insta360 ONE RS 1-Zoll-Ausgabe 1-Zoll-Ausgabe<br \/>Insta360 ist bekannt f\u00fcr die Herstellung einiger der besten Action-Kameras auf dem Markt, und ihre neue Insta360 ONE RS 1-Inch Edition 1-Inch Edition ist nicht anders. Mit einem neuen RS-Kern, der eine bessere kamerainterne Stabilisierung, klaren Ton und vieles mehr bietet. Die 1-Zoll-Edition hat den gr\u00f6\u00dften Bildsensor aller Action-Kameras, ideal f\u00fcr Abenteurer, die mehr von der Action einfangen wollen. Die Insta360 One RS ist auch in einer Boosted 4K Edition und einer Twin 360 Edition oder dem Starter Kit erh\u00e4ltlich.<br \/>\u00a0 <br \/><strong> Dreiteiliges Design<br \/><strong> <br \/>Die Insta360 ONE RS 1-Inch Edition nutzt ein dreiteiliges Design, um das vielseitigste Wechselobjektiv der Welt zu liefern. Durch die M\u00f6glichkeit, die Kamera von einer 360\u00b0-Kamera in eine Weitwinkelkamera zu verwandeln, k\u00f6nnen Sie echte Flexibilit\u00e4t erleben. Der neue RS Core erm\u00f6glicht Ihnen diese erh\u00f6hte Flexibilit\u00e4t, ohne Kompromisse bei der kamerainternen Stabilisierung oder dem Ton zu machen.<br \/><strong> Neu ONE RS 1-Zoll Edition Kern<\/strong> <br \/>Die ONE RS 1-Zoll Edition baut auf der Grundlage fr\u00fcherer Action-Kameras auf und wurde mit einem neuen Kern entwickelt. Verbesserte Gesamtleistung, die eine bessere Kamerastabilisierung und einen klareren Ton erm\u00f6glicht.<br \/>\u00a0 <br \/> 1-Zoll-Weitwinkelobjektiv<br \/>Die Insta360 ONE RS 1-inch Edition wurde gemeinsam mit Leica entwickelt. Dank ihrer gemeinsamen Expertise hat Insta360 ein 1-Zoll-Weitwinkelobjektiv mit dem gr\u00f6\u00dften Bildsensor aller Action-Kameras entwickelt.<br \/>\u00a0 <br \/> 5,3K-Weitwinkelbilder<br \/>Mit dem neuen 1-Zoll-Weitwinkelobjektiv k\u00f6nnen Sie 5,3K-Weitwinkelaufnahmen mit pr\u00e4zisen Details und naturgetreuen Farben machen. Genie\u00dfen Sie gro\u00dfartige Qualit\u00e4t auch bei schwachem Licht.<br \/>\u00a0 <br \/>Eingebaute Objektivschutzvorrichtungen<br \/>Die RS ist f\u00fcr den langfristigen Einsatz konzipiert. Kombinieren Sie die Gesamtkonstruktion mit den eingebauten Linsenschutzvorrichtungen, und die RS ist sicher, dass sie allen Bedingungen standh\u00e4lt.<br \/>\u00a0 <br \/>Verbesserte Montagehalterung<br \/>Der ONE RS 1-Inch Edition ist mit einer verbesserten Halterung ausgestattet, die f\u00fcr zus\u00e4tzliche Stabilit\u00e4t sorgt, wenn Sie sich mitten im Geschehen befinden. Damit ist Ihr ONE RS 1-Inch Edition w\u00e4hrend des Gebrauchs sicher und gesch\u00fctzt.<br \/>\u00a0 <br \/>Schnelle Freigabe<br \/>Dank des Schnellverschlusses k\u00f6nnen Sie das Objektiv schnell wechseln. Perfekt, wenn Sie gerade mitten in der Action sind. Dr\u00fccken Sie einfach den Knopf, um die Halterung zu \u00f6ffnen und Ihr Objektiv zu wechseln.<br \/>\u00a0 <br \/>W\u00e4rmeableitende Konstruktion<br \/>Dank des w\u00e4rmeableitenden Designs der Insta360 ONE RS 1-Inch Edition k\u00f6nnen Sie \u00fcber einen l\u00e4ngeren Zeitraum hinweg Aufnahmen machen und speichern. Dadurch bleibt die RS l\u00e4nger k\u00fchl, sodass Sie Bilder in professioneller Qualit\u00e4t aufnehmen k\u00f6nnen.<br \/>\u00a0 <br \/>Winddichte Mikrofonabdeckung<br \/>Genie\u00dfen Sie mit der ONE RS 1-Inch Edition dank der Kombination aus dem neuen RS-Kern und der winddichten Mikrofonabdeckung eine verbesserte Audioqualit\u00e4t. Sch\u00fctzt vor starkem Wind und verhindert, dass unerw\u00fcnschte Ger\u00e4usche in Ihrem Video aufgenommen werden.<br \/>\u00a0 <br \/>Batterie mit gr\u00f6\u00dferer Kapazit\u00e4t<br \/>Dank des neuen RS-Kerns und des verbesserten w\u00e4rmeableitenden Designs verf\u00fcgt die ONE RS 1-Zoll Edition \u00fcber eine h\u00f6here Akkukapazit\u00e4t, sodass Sie l\u00e4nger ohne Unterbrechung fotografieren k\u00f6nnen.<br \/>\u00a0 <br \/>FlowState-Stabilisierung<br \/>Die neue ONE RS 1-Inch Edition bietet m\u00fchelose Bildstabilisierung und 360\u00b0-Horizontnivellierung, unabh\u00e4ngig vom verwendeten Objektiv. Die kamerainterne FlowState-Stabilisierung wird jetzt auch f\u00fcr Weitwinkelobjektive angeboten.<br \/>\u00a0 <br \/>4K 60 fps mit Leistungsstatus<br \/>Dank des leistungsstarken ONE RS-Kerns k\u00f6nnen Sie jetzt mit allen neuen und bestehenden Weitwinkelobjektiven in der Kamera im FlowState-Stabilisierungsmodus Zeitlupenaufnahmen mit 4K 60fps aufnehmen.<br \/>\u00a0 <br \/>Sch\u00e4rferes Audio<br \/>Dank des verbesserten Designs mit drei Mikrofonen k\u00f6nnen Sie den gew\u00fcnschten Ton aufnehmen. Der Algorithmus zur Unterdr\u00fcckung von Windger\u00e4uschen hilft dabei, die unerw\u00fcnschten Ger\u00e4usche zu reduzieren und zu entfernen.<br \/>\u00a0 <br \/>Gebaut f\u00fcr Action<br \/>Insta360 ist bekannt f\u00fcr die Herstellung von Action-Kameras, die f\u00fcr Abenteuer gebaut sind, und das robuste Design der ONE RS 1-Zoll Edition ist nicht anders. Die RS ist bis zu einer Tiefe von 16 Fu\u00df wasserdicht, sodass Sie Ihre Action-Cam ohne Bedenken kurzzeitig in bis zu 16 Fu\u00df tiefes Wasser eintauchen k\u00f6nnen.<\/strong><\/strong><\/p>","protected":false},"excerpt":{"rendered":"<ul>\n<li>Neuer One RS-Kern<\/li>\n<li>FlowState-Stabilisierung<\/li>\n<li>Sch\u00e4rferes Audio<\/li>\n<li>Gebaut f\u00fcr Action<\/li>\n<li>USB Typ C<\/li>\n<\/ul>","protected":false},"featured_media":5954,"template":"","meta":{"_acf_changed":false},"product_brand":[],"product_cat":[97,343],"product_tag":[],"class_list":{"0":"post-5955","1":"product","2":"type-product","3":"status-publish","4":"has-post-thumbnail","6":"product_cat-alle-producten","7":"product_cat-insta360","8":"product_shipping_class-outofstock","9":"pa_brand-insta360","10":"pa_series-insta360-go","12":"first","13":"outofstock","14":"taxable","15":"shipping-taxable","16":"product-type-simple"},"acf":[],"yoast_head":"<!-- This site is optimized with the Yoast SEO Premium plugin v27.2 (Yoast SEO v27.2) - https:\/\/yoast.com\/product\/yoast-seo-premium-wordpress\/ -->\n<title>INSTA360 ONE RS 1-Inch (CINRSGP\/B) - koningdrone.be<\/title>\n<meta name=\"robots\" content=\"index, follow, max-snippet:-1, max-image-preview:large, max-video-preview:-1\" \/>\n<link rel=\"canonical\" href=\"https:\/\/koningdrone.be\/de\/produkt\/insta360-one-rs-1-inch-cinrsgp-b\/\" \/>\n<meta property=\"og:locale\" content=\"de_DE\" \/>\n<meta property=\"og:type\" content=\"article\" \/>\n<meta property=\"og:title\" content=\"INSTA360 ONE RS 1-Inch (CINRSGP\/B)\" \/>\n<meta property=\"og:description\" content=\"Nieuwe Een RS CoreFlowState StabilisatieScherpere audioGebouwd voor actieUSB-type C\" \/>\n<meta property=\"og:url\" content=\"https:\/\/koningdrone.be\/de\/produkt\/insta360-one-rs-1-inch-cinrsgp-b\/\" \/>\n<meta property=\"og:site_name\" content=\"koningdrone.be\" \/>\n<meta property=\"article:modified_time\" content=\"2026-05-17T05:50:49+00:00\" \/>\n<meta property=\"og:image\" content=\"https:\/\/koningdrone.be\/wp-content\/uploads\/sites\/13\/2025\/04\/6970357852987-1.jpg\" \/>\n\t<meta property=\"og:image:width\" content=\"600\" \/>\n\t<meta property=\"og:image:height\" content=\"600\" \/>\n\t<meta property=\"og:image:type\" content=\"image\/jpeg\" \/>\n<meta name=\"twitter:card\" content=\"summary_large_image\" \/>\n<meta name=\"twitter:label1\" content=\"Gesch\u00e4tzte Lesezeit\" \/>\n\t<meta name=\"twitter:data1\" content=\"3\u00a0Minuten\" \/>\n<script type=\"application\/ld+json\" class=\"yoast-schema-graph\">{\"@context\":\"https:\/\/schema.org\",\"@graph\":[{\"@type\":\"WebPage\",\"@id\":\"https:\/\/koningdrone.be\/product\/insta360-one-rs-1-inch-cinrsgp-b\/\",\"url\":\"https:\/\/koningdrone.be\/product\/insta360-one-rs-1-inch-cinrsgp-b\/\",\"name\":\"INSTA360 ONE RS 1-Inch (CINRSGP\/B) - koningdrone.be\",\"isPartOf\":{\"@id\":\"https:\/\/koningdrone.be\/#website\"},\"primaryImageOfPage\":{\"@id\":\"https:\/\/koningdrone.be\/product\/insta360-one-rs-1-inch-cinrsgp-b\/#primaryimage\"},\"image\":{\"@id\":\"https:\/\/koningdrone.be\/product\/insta360-one-rs-1-inch-cinrsgp-b\/#primaryimage\"},\"thumbnailUrl\":\"https:\/\/koningdrone.be\/wp-content\/uploads\/sites\/13\/2025\/04\/6970357852987-1.jpg\",\"datePublished\":\"2022-05-25T18:36:00+00:00\",\"dateModified\":\"2026-05-17T05:50:49+00:00\",\"breadcrumb\":{\"@id\":\"https:\/\/koningdrone.be\/product\/insta360-one-rs-1-inch-cinrsgp-b\/#breadcrumb\"},\"inLanguage\":\"de\",\"potentialAction\":[{\"@type\":\"ReadAction\",\"target\":[\"https:\/\/koningdrone.be\/product\/insta360-one-rs-1-inch-cinrsgp-b\/\"]}]},{\"@type\":\"ImageObject\",\"inLanguage\":\"de\",\"@id\":\"https:\/\/koningdrone.be\/product\/insta360-one-rs-1-inch-cinrsgp-b\/#primaryimage\",\"url\":\"https:\/\/koningdrone.be\/wp-content\/uploads\/sites\/13\/2025\/04\/6970357852987-1.jpg\",\"contentUrl\":\"https:\/\/koningdrone.be\/wp-content\/uploads\/sites\/13\/2025\/04\/6970357852987-1.jpg\",\"width\":600,\"height\":600},{\"@type\":\"BreadcrumbList\",\"@id\":\"https:\/\/koningdrone.be\/product\/insta360-one-rs-1-inch-cinrsgp-b\/#breadcrumb\",\"itemListElement\":[{\"@type\":\"ListItem\",\"position\":1,\"name\":\"Home\",\"item\":\"https:\/\/koningdrone.be\/\"},{\"@type\":\"ListItem\",\"position\":2,\"name\":\"AVSS Parachute Recovery System for DJI Matrice 300\/350\",\"item\":\"https:\/\/koningdrone.be\/product\/avss-parachute-recovery-system-for-dji-matrice-300-350\/\"},{\"@type\":\"ListItem\",\"position\":3,\"name\":\"Alle producten\",\"item\":\"https:\/\/koningdrone.be\/categorie\/alle-producten\/\"},{\"@type\":\"ListItem\",\"position\":4,\"name\":\"INSTA360 ONE RS 1-Inch (CINRSGP\/B)\"}]},{\"@type\":\"WebSite\",\"@id\":\"https:\/\/koningdrone.be\/#website\",\"url\":\"https:\/\/koningdrone.be\/\",\"name\":\"Koningdrone.be - Uw online specialist in drones, gimbals, camera's en power stations.\",\"description\":\"De webshop in drones en gimbals\",\"publisher\":{\"@id\":\"https:\/\/koningdrone.be\/#organization\"},\"potentialAction\":[{\"@type\":\"SearchAction\",\"target\":{\"@type\":\"EntryPoint\",\"urlTemplate\":\"https:\/\/koningdrone.be\/?s={search_term_string}\"},\"query-input\":{\"@type\":\"PropertyValueSpecification\",\"valueRequired\":true,\"valueName\":\"search_term_string\"}}],\"inLanguage\":\"de\"},{\"@type\":\"Organization\",\"@id\":\"https:\/\/koningdrone.be\/#organization\",\"name\":\"Koningdrone.be\",\"url\":\"https:\/\/koningdrone.be\/\",\"logo\":{\"@type\":\"ImageObject\",\"inLanguage\":\"de\",\"@id\":\"https:\/\/koningdrone.be\/#\/schema\/logo\/image\/\",\"url\":\"https:\/\/koningdrone.be\/wp-content\/uploads\/sites\/13\/2025\/04\/koningdrone-copyright-logo.svg\",\"contentUrl\":\"https:\/\/koningdrone.be\/wp-content\/uploads\/sites\/13\/2025\/04\/koningdrone-copyright-logo.svg\",\"width\":227,\"height\":38,\"caption\":\"Koningdrone.be\"},\"image\":{\"@id\":\"https:\/\/koningdrone.be\/#\/schema\/logo\/image\/\"}}]}<\/script>\n<!-- \/ Yoast SEO Premium plugin. -->","yoast_head_json":{"title":"INSTA360 ONE RS 1-Inch (CINRSGP\/B) - koningdrone.be","robots":{"index":"index","follow":"follow","max-snippet":"max-snippet:-1","max-image-preview":"max-image-preview:large","max-video-preview":"max-video-preview:-1"},"canonical":"https:\/\/koningdrone.be\/de\/produkt\/insta360-one-rs-1-inch-cinrsgp-b\/","og_locale":"de_DE","og_type":"article","og_title":"INSTA360 ONE RS 1-Inch (CINRSGP\/B)","og_description":"Nieuwe Een RS CoreFlowState StabilisatieScherpere audioGebouwd voor actieUSB-type C","og_url":"https:\/\/koningdrone.be\/de\/produkt\/insta360-one-rs-1-inch-cinrsgp-b\/","og_site_name":"koningdrone.be","article_modified_time":"2026-05-17T05:50:49+00:00","og_image":[{"width":600,"height":600,"url":"https:\/\/koningdrone.be\/wp-content\/uploads\/sites\/13\/2025\/04\/6970357852987-1.jpg","type":"image\/jpeg"}],"twitter_card":"summary_large_image","twitter_misc":{"Gesch\u00e4tzte Lesezeit":"3\u00a0Minuten"},"schema":{"@context":"https:\/\/schema.org","@graph":[{"@type":"WebPage","@id":"https:\/\/koningdrone.be\/product\/insta360-one-rs-1-inch-cinrsgp-b\/","url":"https:\/\/koningdrone.be\/product\/insta360-one-rs-1-inch-cinrsgp-b\/","name":"INSTA360 ONE RS 1-Inch (CINRSGP\/B) - koningdrone.be","isPartOf":{"@id":"https:\/\/koningdrone.be\/#website"},"primaryImageOfPage":{"@id":"https:\/\/koningdrone.be\/product\/insta360-one-rs-1-inch-cinrsgp-b\/#primaryimage"},"image":{"@id":"https:\/\/koningdrone.be\/product\/insta360-one-rs-1-inch-cinrsgp-b\/#primaryimage"},"thumbnailUrl":"https:\/\/koningdrone.be\/wp-content\/uploads\/sites\/13\/2025\/04\/6970357852987-1.jpg","datePublished":"2022-05-25T18:36:00+00:00","dateModified":"2026-05-17T05:50:49+00:00","breadcrumb":{"@id":"https:\/\/koningdrone.be\/product\/insta360-one-rs-1-inch-cinrsgp-b\/#breadcrumb"},"inLanguage":"de","potentialAction":[{"@type":"ReadAction","target":["https:\/\/koningdrone.be\/product\/insta360-one-rs-1-inch-cinrsgp-b\/"]}]},{"@type":"ImageObject","inLanguage":"de","@id":"https:\/\/koningdrone.be\/product\/insta360-one-rs-1-inch-cinrsgp-b\/#primaryimage","url":"https:\/\/koningdrone.be\/wp-content\/uploads\/sites\/13\/2025\/04\/6970357852987-1.jpg","contentUrl":"https:\/\/koningdrone.be\/wp-content\/uploads\/sites\/13\/2025\/04\/6970357852987-1.jpg","width":600,"height":600},{"@type":"BreadcrumbList","@id":"https:\/\/koningdrone.be\/product\/insta360-one-rs-1-inch-cinrsgp-b\/#breadcrumb","itemListElement":[{"@type":"ListItem","position":1,"name":"Home","item":"https:\/\/koningdrone.be\/"},{"@type":"ListItem","position":2,"name":"AVSS Parachute Recovery System for DJI Matrice 300\/350","item":"https:\/\/koningdrone.be\/product\/avss-parachute-recovery-system-for-dji-matrice-300-350\/"},{"@type":"ListItem","position":3,"name":"Alle producten","item":"https:\/\/koningdrone.be\/categorie\/alle-producten\/"},{"@type":"ListItem","position":4,"name":"INSTA360 ONE RS 1-Inch (CINRSGP\/B)"}]},{"@type":"WebSite","@id":"https:\/\/koningdrone.be\/#website","url":"https:\/\/koningdrone.be\/","name":"Koningdrone.be - Ihr Online-Spezialist f\u00fcr Drohnen, Gimbals, Kameras und Kraftwerke.","description":"Der Webshop f\u00fcr Drohnen und Gimbals","publisher":{"@id":"https:\/\/koningdrone.be\/#organization"},"potentialAction":[{"@type":"SearchAction","target":{"@type":"EntryPoint","urlTemplate":"https:\/\/koningdrone.be\/?s={search_term_string}"},"query-input":{"@type":"PropertyValueSpecification","valueRequired":true,"valueName":"search_term_string"}}],"inLanguage":"de"},{"@type":"Organization","@id":"https:\/\/koningdrone.be\/#organization","name":"Kingdrone.de","url":"https:\/\/koningdrone.be\/","logo":{"@type":"ImageObject","inLanguage":"de","@id":"https:\/\/koningdrone.be\/#\/schema\/logo\/image\/","url":"https:\/\/koningdrone.be\/wp-content\/uploads\/sites\/13\/2025\/04\/koningdrone-copyright-logo.svg","contentUrl":"https:\/\/koningdrone.be\/wp-content\/uploads\/sites\/13\/2025\/04\/koningdrone-copyright-logo.svg","width":227,"height":38,"caption":"Koningdrone.be"},"image":{"@id":"https:\/\/koningdrone.be\/#\/schema\/logo\/image\/"}}]}},"df_price":"","df_sale_price":"","df_regular_price":"","df_image_link":"https:\/\/koningdrone.be\/wp-content\/uploads\/sites\/13\/2025\/04\/6970357852987-1-300x300.jpg","_links":{"self":[{"href":"https:\/\/koningdrone.be\/de\/wp-json\/wp\/v2\/product\/5955","targetHints":{"allow":["GET"]}}],"collection":[{"href":"https:\/\/koningdrone.be\/de\/wp-json\/wp\/v2\/product"}],"about":[{"href":"https:\/\/koningdrone.be\/de\/wp-json\/wp\/v2\/types\/product"}],"wp:featuredmedia":[{"embeddable":true,"href":"https:\/\/koningdrone.be\/de\/wp-json\/wp\/v2\/media\/5954"}],"wp:attachment":[{"href":"https:\/\/koningdrone.be\/de\/wp-json\/wp\/v2\/media?parent=5955"}],"wp:term":[{"taxonomy":"product_brand","embeddable":true,"href":"https:\/\/koningdrone.be\/de\/wp-json\/wp\/v2\/product_brand?post=5955"},{"taxonomy":"product_cat","embeddable":true,"href":"https:\/\/koningdrone.be\/de\/wp-json\/wp\/v2\/product_cat?post=5955"},{"taxonomy":"product_tag","embeddable":true,"href":"https:\/\/koningdrone.be\/de\/wp-json\/wp\/v2\/product_tag?post=5955"}],"curies":[{"name":"wp","href":"https:\/\/api.w.org\/{rel}","templated":true}]}}