{"id":5953,"date":"2022-05-25T20:36:00","date_gmt":"2022-05-25T18:36:00","guid":{"rendered":"https:\/\/koningdrone.nl\/kon\/product\/insta360-one-rs-4k-cinrsgp-e\/"},"modified":"2026-05-17T07:50:52","modified_gmt":"2026-05-17T05:50:52","slug":"insta360-one-rs-4k-cinrsgp-e","status":"publish","type":"product","link":"https:\/\/koningdrone.be\/de\/produkt\/insta360-one-rs-4k-cinrsgp-e\/","title":{"rendered":"INSTA360 ONE RS 4K (CINRSGP\/E)"},"content":{"rendered":"<h1>   Insta360 One RS 4K (CINRSGP\/E) <\/h1>\n<p>Die Insta360 One RS 4K-Actionkamera ist eine der wichtigsten Konfigurationen des modularen ONE RS-Actionkamerasystems. Die ONE RS baut auf der ONE R auf und bietet eine schnellere WLAN-\u00dcbertragung, drei Mikrofone f\u00fcr einen klareren Ton, eine aktualisierte FlowState-Stabilisierung und einen integrierten 1445-mAh-Akku mit 21% mehr Kapazit\u00e4t. Im Lieferumfang enthalten sind 1x 4K Boost Lens, 1x ONE RS Core, 1x ONE RS Battery Base und 1x ONE RS Halterung, auch Rahmen genannt. Zu den Aktualisierungen geh\u00f6ren auch die interne Stabilisierungsverarbeitung, die Audio-Rauschunterdr\u00fcckung und eine einfach zu montierende Halterung.<br \/>\u00a0 <br \/><strong> Die wichtigsten Merkmale der Insta360 One RS 4K-Action-Kamera:<\/strong> <br \/>Kernmodul mit Touchscreen-Live-View-Display, umschaltbar f\u00fcr Selfie-\/Vlog-Aufnahmen.<br \/>19-MP-Fotos in den Bildformaten 3:2 und 16:9 sowie 48-MP-Fotos.<br \/>Bis zu 6K-Breitbildvideo, Seitenverh\u00e4ltnis 2:35:1.<br \/>Der integrierte Akku mit 1445 mAh hat 21% mehr Kapazit\u00e4t als der ONE R.<br \/>Halterung mit 3-poliger Befestigung.<br \/>Wasserdicht bis zu 4,9 m bei Verwendung des Core-Moduls.<br \/>50% schnellere Wi-Fi-\u00dcbertragung.<br \/>Sternschnuppenmodus, Color Plus, Night Shot, Slow-Mo, HDR Photo, Sprachsteuerung und weitere kreative Funktionen \u00fcber den Begleiter.<br \/>iOS\/Android-App.<br \/>Verbesserte Audiounterst\u00fctzung durch drei Mikrofone mit Richtungsanhebung und Windunterdr\u00fcckung.<br \/>Merkmale der App<br \/>Automatische Bearbeitung<br \/>Mit einem einzigen Fingertipp auf die Schaltfl\u00e4che \"FlashCut\" analysiert die ONE RS iOS\/Android-App Ihr Filmmaterial mithilfe von KI-Bilderkennung, schneidet es aus und f\u00fcgt es zu einer Story zusammen. Von dort aus k\u00f6nnen Sie das Ergebnis bearbeiten oder sofort exportieren.<br \/>Tracking und Sprachsteuerung<br \/>Mit Point-to-Track k\u00f6nnen Sie Ihr Motiv in 360\u00b0 verfolgen, ohne die Kamera zu ber\u00fchren oder etwas zu bearbeiten. Richten Sie einfach Ihre Kamera auf Ihr Motiv und sagen Sie: \"Markiere das\". Der ONE RS nimmt Ihre Stimme auf und verfolgt Ihr Ziel. Selbst wenn das Ziel hinter einem Hindernis verschwindet, setzt der ONE RS die Verfolgung fort, sobald das Motiv wieder im Blickfeld ist. Alternativ k\u00f6nnen Sie mit der Sprachsteuerung auch die Aufnahme starten\/stoppen und Fotos machen.<br \/>Sternenraffer<br \/>Fangen Sie die Spuren des Sternenlichts am Himmel im Zeitraffer ein.<br \/>Deep Track 2.0<br \/>Halten Sie Ihr Motiv in der Mitte des Bildes.<br \/>Schl\u00fcsselrahmen<br \/>Tippen Sie auf Objekte, um die Perspektive einzustellen.<br \/>Posenerkennung<br \/>Der ONE RS kann Ihre K\u00f6rperhaltung bis hin zu einzelnen Gliedma\u00dfen erkennen und f\u00fcr die Bearbeitung nutzen. Ein Beispiel daf\u00fcr ist die Stop-Motion-Funktion. Wenn diese Funktion ausgew\u00e4hlt ist, bleibt Ihr K\u00f6rper statisch, w\u00e4hrend sich das Video um Sie herum ver\u00e4ndert.<br \/>Freundlich bei schwachem Licht<br \/>Mit Funktionen wie dem Nachtmodus und HDR k\u00f6nnen Sie Videos und Fotos bei schwierigen Lichtverh\u00e4ltnissen und in dunklen Umgebungen aufnehmen.<br \/>Automatischer Rahmen<br \/>Der ONE RS findet den aktiven Teil Ihres Rahmens und fokussiert f\u00fcr Sie.<br \/>FlashCut<br \/>Automatisch bearbeitbare Vorlagen f\u00fcr Weitwinkelvideos.<br \/>Schrotschuss-Labor<br \/>Klone, Hyperlapse, Barrel Rolls und Stop-Motion mit integrierter KI.<\/p>","protected":false},"excerpt":{"rendered":"<ul>\n<li>Batteriesockel &amp; 5m wasserdichter Rahmen<\/li>\n<li>Besserer Klang mit 3 Mikrofonen<\/li>\n<li>H\u00f6here Wi-Fi-Geschwindigkeit, gr\u00f6\u00dferer Akku<\/li>\n<li>Bis zu 6K-Breitbildvideo, Seitenverh\u00e4ltnis 2:35:1<\/li>\n<li>48MP Fotos<\/li>\n<li>FlowState-Stabilisierung<\/li>\n<\/ul>","protected":false},"featured_media":5951,"template":"","meta":{"_acf_changed":false},"product_brand":[],"product_cat":[97,343],"product_tag":[],"class_list":{"0":"post-5953","1":"product","2":"type-product","3":"status-publish","4":"has-post-thumbnail","6":"product_cat-alle-producten","7":"product_cat-insta360","8":"product_shipping_class-outofstock","9":"pa_brand-insta360","10":"pa_series-insta360-go","12":"first","13":"outofstock","14":"taxable","15":"shipping-taxable","16":"product-type-simple"},"acf":[],"yoast_head":"<!-- This site is optimized with the Yoast SEO Premium plugin v27.2 (Yoast SEO v27.2) - https:\/\/yoast.com\/product\/yoast-seo-premium-wordpress\/ -->\n<title>INSTA360 ONE RS 4K (CINRSGP\/E) - koningdrone.be<\/title>\n<meta name=\"robots\" content=\"index, follow, max-snippet:-1, max-image-preview:large, max-video-preview:-1\" \/>\n<link rel=\"canonical\" href=\"https:\/\/koningdrone.be\/de\/produkt\/insta360-one-rs-4k-cinrsgp-e\/\" \/>\n<meta property=\"og:locale\" content=\"de_DE\" \/>\n<meta property=\"og:type\" content=\"article\" \/>\n<meta property=\"og:title\" content=\"INSTA360 ONE RS 4K (CINRSGP\/E)\" \/>\n<meta property=\"og:description\" content=\"Batterijbasis &amp; 5m waterdicht frameScherpere audio met 3 microfoonsHogere wifi-snelheid, grotere batterijTot 6K breedbeeldvideo, 2:35:1 aspect48MP foto&#039;sFlowState Stabilisatie\" \/>\n<meta property=\"og:url\" content=\"https:\/\/koningdrone.be\/de\/produkt\/insta360-one-rs-4k-cinrsgp-e\/\" \/>\n<meta property=\"og:site_name\" content=\"koningdrone.be\" \/>\n<meta property=\"article:modified_time\" content=\"2026-05-17T05:50:52+00:00\" \/>\n<meta property=\"og:image\" content=\"https:\/\/koningdrone.be\/wp-content\/uploads\/sites\/13\/2025\/04\/6970357853335-1.webp\" \/>\n\t<meta property=\"og:image:width\" content=\"700\" \/>\n\t<meta property=\"og:image:height\" content=\"700\" \/>\n\t<meta property=\"og:image:type\" content=\"image\/webp\" \/>\n<meta name=\"twitter:card\" content=\"summary_large_image\" \/>\n<meta name=\"twitter:label1\" content=\"Gesch\u00e4tzte Lesezeit\" \/>\n\t<meta name=\"twitter:data1\" content=\"2\u00a0Minuten\" \/>\n<script type=\"application\/ld+json\" class=\"yoast-schema-graph\">{\"@context\":\"https:\/\/schema.org\",\"@graph\":[{\"@type\":\"WebPage\",\"@id\":\"https:\/\/koningdrone.be\/product\/insta360-one-rs-4k-cinrsgp-e\/\",\"url\":\"https:\/\/koningdrone.be\/product\/insta360-one-rs-4k-cinrsgp-e\/\",\"name\":\"INSTA360 ONE RS 4K (CINRSGP\/E) - koningdrone.be\",\"isPartOf\":{\"@id\":\"https:\/\/koningdrone.be\/#website\"},\"primaryImageOfPage\":{\"@id\":\"https:\/\/koningdrone.be\/product\/insta360-one-rs-4k-cinrsgp-e\/#primaryimage\"},\"image\":{\"@id\":\"https:\/\/koningdrone.be\/product\/insta360-one-rs-4k-cinrsgp-e\/#primaryimage\"},\"thumbnailUrl\":\"https:\/\/koningdrone.be\/wp-content\/uploads\/sites\/13\/2025\/04\/6970357853335-1.webp\",\"datePublished\":\"2022-05-25T18:36:00+00:00\",\"dateModified\":\"2026-05-17T05:50:52+00:00\",\"breadcrumb\":{\"@id\":\"https:\/\/koningdrone.be\/product\/insta360-one-rs-4k-cinrsgp-e\/#breadcrumb\"},\"inLanguage\":\"de\",\"potentialAction\":[{\"@type\":\"ReadAction\",\"target\":[\"https:\/\/koningdrone.be\/product\/insta360-one-rs-4k-cinrsgp-e\/\"]}]},{\"@type\":\"ImageObject\",\"inLanguage\":\"de\",\"@id\":\"https:\/\/koningdrone.be\/product\/insta360-one-rs-4k-cinrsgp-e\/#primaryimage\",\"url\":\"https:\/\/koningdrone.be\/wp-content\/uploads\/sites\/13\/2025\/04\/6970357853335-1.webp\",\"contentUrl\":\"https:\/\/koningdrone.be\/wp-content\/uploads\/sites\/13\/2025\/04\/6970357853335-1.webp\",\"width\":700,\"height\":700},{\"@type\":\"BreadcrumbList\",\"@id\":\"https:\/\/koningdrone.be\/product\/insta360-one-rs-4k-cinrsgp-e\/#breadcrumb\",\"itemListElement\":[{\"@type\":\"ListItem\",\"position\":1,\"name\":\"Home\",\"item\":\"https:\/\/koningdrone.be\/\"},{\"@type\":\"ListItem\",\"position\":2,\"name\":\"AVSS Parachute Recovery System for DJI Matrice 300\/350\",\"item\":\"https:\/\/koningdrone.be\/product\/avss-parachute-recovery-system-for-dji-matrice-300-350\/\"},{\"@type\":\"ListItem\",\"position\":3,\"name\":\"Alle producten\",\"item\":\"https:\/\/koningdrone.be\/categorie\/alle-producten\/\"},{\"@type\":\"ListItem\",\"position\":4,\"name\":\"INSTA360 ONE RS 4K (CINRSGP\/E)\"}]},{\"@type\":\"WebSite\",\"@id\":\"https:\/\/koningdrone.be\/#website\",\"url\":\"https:\/\/koningdrone.be\/\",\"name\":\"Koningdrone.be - Uw online specialist in drones, gimbals, camera's en power stations.\",\"description\":\"De webshop in drones en gimbals\",\"publisher\":{\"@id\":\"https:\/\/koningdrone.be\/#organization\"},\"potentialAction\":[{\"@type\":\"SearchAction\",\"target\":{\"@type\":\"EntryPoint\",\"urlTemplate\":\"https:\/\/koningdrone.be\/?s={search_term_string}\"},\"query-input\":{\"@type\":\"PropertyValueSpecification\",\"valueRequired\":true,\"valueName\":\"search_term_string\"}}],\"inLanguage\":\"de\"},{\"@type\":\"Organization\",\"@id\":\"https:\/\/koningdrone.be\/#organization\",\"name\":\"Koningdrone.be\",\"url\":\"https:\/\/koningdrone.be\/\",\"logo\":{\"@type\":\"ImageObject\",\"inLanguage\":\"de\",\"@id\":\"https:\/\/koningdrone.be\/#\/schema\/logo\/image\/\",\"url\":\"https:\/\/koningdrone.be\/wp-content\/uploads\/sites\/13\/2025\/04\/koningdrone-copyright-logo.svg\",\"contentUrl\":\"https:\/\/koningdrone.be\/wp-content\/uploads\/sites\/13\/2025\/04\/koningdrone-copyright-logo.svg\",\"width\":227,\"height\":38,\"caption\":\"Koningdrone.be\"},\"image\":{\"@id\":\"https:\/\/koningdrone.be\/#\/schema\/logo\/image\/\"}}]}<\/script>\n<!-- \/ Yoast SEO Premium plugin. -->","yoast_head_json":{"title":"INSTA360 ONE RS 4K (CINRSGP\/E) - koningdrone.be","robots":{"index":"index","follow":"follow","max-snippet":"max-snippet:-1","max-image-preview":"max-image-preview:large","max-video-preview":"max-video-preview:-1"},"canonical":"https:\/\/koningdrone.be\/de\/produkt\/insta360-one-rs-4k-cinrsgp-e\/","og_locale":"de_DE","og_type":"article","og_title":"INSTA360 ONE RS 4K (CINRSGP\/E)","og_description":"Batterijbasis &amp; 5m waterdicht frameScherpere audio met 3 microfoonsHogere wifi-snelheid, grotere batterijTot 6K breedbeeldvideo, 2:35:1 aspect48MP foto'sFlowState Stabilisatie","og_url":"https:\/\/koningdrone.be\/de\/produkt\/insta360-one-rs-4k-cinrsgp-e\/","og_site_name":"koningdrone.be","article_modified_time":"2026-05-17T05:50:52+00:00","og_image":[{"width":700,"height":700,"url":"https:\/\/koningdrone.be\/wp-content\/uploads\/sites\/13\/2025\/04\/6970357853335-1.webp","type":"image\/webp"}],"twitter_card":"summary_large_image","twitter_misc":{"Gesch\u00e4tzte Lesezeit":"2\u00a0Minuten"},"schema":{"@context":"https:\/\/schema.org","@graph":[{"@type":"WebPage","@id":"https:\/\/koningdrone.be\/product\/insta360-one-rs-4k-cinrsgp-e\/","url":"https:\/\/koningdrone.be\/product\/insta360-one-rs-4k-cinrsgp-e\/","name":"INSTA360 ONE RS 4K (CINRSGP\/E) - koningdrone.be","isPartOf":{"@id":"https:\/\/koningdrone.be\/#website"},"primaryImageOfPage":{"@id":"https:\/\/koningdrone.be\/product\/insta360-one-rs-4k-cinrsgp-e\/#primaryimage"},"image":{"@id":"https:\/\/koningdrone.be\/product\/insta360-one-rs-4k-cinrsgp-e\/#primaryimage"},"thumbnailUrl":"https:\/\/koningdrone.be\/wp-content\/uploads\/sites\/13\/2025\/04\/6970357853335-1.webp","datePublished":"2022-05-25T18:36:00+00:00","dateModified":"2026-05-17T05:50:52+00:00","breadcrumb":{"@id":"https:\/\/koningdrone.be\/product\/insta360-one-rs-4k-cinrsgp-e\/#breadcrumb"},"inLanguage":"de","potentialAction":[{"@type":"ReadAction","target":["https:\/\/koningdrone.be\/product\/insta360-one-rs-4k-cinrsgp-e\/"]}]},{"@type":"ImageObject","inLanguage":"de","@id":"https:\/\/koningdrone.be\/product\/insta360-one-rs-4k-cinrsgp-e\/#primaryimage","url":"https:\/\/koningdrone.be\/wp-content\/uploads\/sites\/13\/2025\/04\/6970357853335-1.webp","contentUrl":"https:\/\/koningdrone.be\/wp-content\/uploads\/sites\/13\/2025\/04\/6970357853335-1.webp","width":700,"height":700},{"@type":"BreadcrumbList","@id":"https:\/\/koningdrone.be\/product\/insta360-one-rs-4k-cinrsgp-e\/#breadcrumb","itemListElement":[{"@type":"ListItem","position":1,"name":"Home","item":"https:\/\/koningdrone.be\/"},{"@type":"ListItem","position":2,"name":"AVSS Parachute Recovery System for DJI Matrice 300\/350","item":"https:\/\/koningdrone.be\/product\/avss-parachute-recovery-system-for-dji-matrice-300-350\/"},{"@type":"ListItem","position":3,"name":"Alle producten","item":"https:\/\/koningdrone.be\/categorie\/alle-producten\/"},{"@type":"ListItem","position":4,"name":"INSTA360 ONE RS 4K (CINRSGP\/E)"}]},{"@type":"WebSite","@id":"https:\/\/koningdrone.be\/#website","url":"https:\/\/koningdrone.be\/","name":"Koningdrone.be - Ihr Online-Spezialist f\u00fcr Drohnen, Gimbals, Kameras und Kraftwerke.","description":"Der Webshop f\u00fcr Drohnen und Gimbals","publisher":{"@id":"https:\/\/koningdrone.be\/#organization"},"potentialAction":[{"@type":"SearchAction","target":{"@type":"EntryPoint","urlTemplate":"https:\/\/koningdrone.be\/?s={search_term_string}"},"query-input":{"@type":"PropertyValueSpecification","valueRequired":true,"valueName":"search_term_string"}}],"inLanguage":"de"},{"@type":"Organization","@id":"https:\/\/koningdrone.be\/#organization","name":"Kingdrone.de","url":"https:\/\/koningdrone.be\/","logo":{"@type":"ImageObject","inLanguage":"de","@id":"https:\/\/koningdrone.be\/#\/schema\/logo\/image\/","url":"https:\/\/koningdrone.be\/wp-content\/uploads\/sites\/13\/2025\/04\/koningdrone-copyright-logo.svg","contentUrl":"https:\/\/koningdrone.be\/wp-content\/uploads\/sites\/13\/2025\/04\/koningdrone-copyright-logo.svg","width":227,"height":38,"caption":"Koningdrone.be"},"image":{"@id":"https:\/\/koningdrone.be\/#\/schema\/logo\/image\/"}}]}},"df_price":"","df_sale_price":"","df_regular_price":"","df_image_link":"https:\/\/koningdrone.be\/wp-content\/uploads\/sites\/13\/2025\/04\/6970357853335-1-300x300.webp","_links":{"self":[{"href":"https:\/\/koningdrone.be\/de\/wp-json\/wp\/v2\/product\/5953","targetHints":{"allow":["GET"]}}],"collection":[{"href":"https:\/\/koningdrone.be\/de\/wp-json\/wp\/v2\/product"}],"about":[{"href":"https:\/\/koningdrone.be\/de\/wp-json\/wp\/v2\/types\/product"}],"wp:featuredmedia":[{"embeddable":true,"href":"https:\/\/koningdrone.be\/de\/wp-json\/wp\/v2\/media\/5951"}],"wp:attachment":[{"href":"https:\/\/koningdrone.be\/de\/wp-json\/wp\/v2\/media?parent=5953"}],"wp:term":[{"taxonomy":"product_brand","embeddable":true,"href":"https:\/\/koningdrone.be\/de\/wp-json\/wp\/v2\/product_brand?post=5953"},{"taxonomy":"product_cat","embeddable":true,"href":"https:\/\/koningdrone.be\/de\/wp-json\/wp\/v2\/product_cat?post=5953"},{"taxonomy":"product_tag","embeddable":true,"href":"https:\/\/koningdrone.be\/de\/wp-json\/wp\/v2\/product_tag?post=5953"}],"curies":[{"name":"wp","href":"https:\/\/api.w.org\/{rel}","templated":true}]}}