{"id":5912,"date":"2022-05-25T20:36:16","date_gmt":"2022-05-25T20:36:16","guid":{"rendered":"https:\/\/koningdrone.nl\/kon\/product\/insta360-trio-edition-cinorc4-a-cinakgp-a\/"},"modified":"2025-04-29T12:51:33","modified_gmt":"2025-04-29T12:51:33","slug":"insta360-trio-edition-cinorc4-a-cinakgp-a","status":"publish","type":"product","link":"https:\/\/koningdrone.be\/de\/produkt\/insta360-trio-edition-cinorc4-a-cinakgp-a\/","title":{"rendered":"INSTA360 Trio Edition (CINORC4\/A, CINAKGP\/A)"},"content":{"rendered":"<h1>   Insta360 Trio Edition (CINORC4\/A, CINAKGP\/A) <\/h1>\n<p>Zwei gro\u00dfartige Aufnahmemodi 5.7K 360 + 4K Weitwinkel<br \/>ONE R Twin Edition verwandelt sich im Handumdrehen von einer 360-Grad-Kamera in ein 4K60fps-Weitwinkelobjektiv. Je nach Ihren Bed\u00fcrfnissen haben Sie immer das richtige Werkzeug, um Ihre Action einzufangen.<br \/><strong> Ultra-scharfe 5,7K-Aufnahmen<\/strong> <br \/>Details Angelegenheit<br \/>Mit einer Aufl\u00f6sung von 5,7K setzt das Dual-Lens 360 Mod der ONE R neue Ma\u00dfst\u00e4be bei der H.265-Optimierung, um Details zu erzielen und die Aufnahme zu optimieren.<br \/>Weiche zu Gleis + tiefes Gleis<br \/>Automatische Verfolgung - leicht gemacht<br \/>Mit nur einer Ber\u00fchrung oder einem Sprachbefehl k\u00f6nnen Sie ein Objekt verfolgen. Der KI-gesteuerte Tracking-Algorithmus von ONE R h\u00e4lt das Objekt immer vollautomatisch im Zentrum des Geschehens. Selbst wenn das Objekt durch ein Hindernis verdeckt wird, kann ONE R es sich merken und beginnt erneut mit der Verfolgung, sobald es wieder im Sichtfeld erscheint.<br \/>\u00a0 <br \/><strong> FlashCut KI-Nachbearbeitung<\/strong> <br \/>Mehr Action - weniger Schnitt<br \/>Die One R-App nutzt das KI-gest\u00fctzte FlashCut, um Ihre besten Aufnahmen auszuw\u00e4hlen und sie im Takt der Musik zu bearbeiten. FlashCut analysiert die Aufnahme nach Motiv, Qualit\u00e4t und Aufnahmezeit und erstellt Clips, die sofort geteilt werden k\u00f6nnen.<br \/><strong> IPX8 wasserdicht - wasserdicht bis zu 5 Metern<\/strong> <br \/>\u00a0 <br \/>Der One R ist bis zu 5 Meter wasserdicht (IPX8). Ob am Pool oder an einem regnerischen Tag, der ONE R ist immer einsatzbereit.<\/p>","protected":false},"excerpt":{"rendered":"<ul>\n<li>5.7K 360\u00b0 Aufnahme<\/li>\n<li>4K-Weitwinkel<\/li>\n<li>FlowState-Stabilisierung<\/li>\n<li>Wasserfest<\/li>\n<li>Unsichtbarer Selfie-Stick<\/li>\n<li>\u00dcberschneidungen<\/li>\n<li>Punkt-zu-Spur<\/li>\n<li>HDR-Foto<\/li>\n<li>Nachtaufnahme<\/li>\n<\/ul>","protected":false},"featured_media":0,"template":"","meta":{"_acf_changed":false},"product_brand":[],"product_cat":[97,343],"product_tag":[],"class_list":{"0":"post-5912","1":"product","2":"type-product","3":"status-publish","5":"product_cat-alle-producten","6":"product_cat-insta360","7":"pa_brand-insta360","8":"pa_series-insta360-go","10":"first","11":"outofstock","12":"taxable","13":"shipping-taxable","14":"product-type-simple"},"acf":[],"yoast_head":"<!-- This site is optimized with the Yoast SEO Premium plugin v27.2 (Yoast SEO v27.2) - https:\/\/yoast.com\/product\/yoast-seo-premium-wordpress\/ -->\n<title>INSTA360 Trio Edition (CINORC4\/A, CINAKGP\/A) - koningdrone.be<\/title>\n<meta name=\"robots\" content=\"index, follow, max-snippet:-1, max-image-preview:large, max-video-preview:-1\" \/>\n<link rel=\"canonical\" href=\"https:\/\/koningdrone.be\/de\/produkt\/insta360-trio-edition-cinorc4-a-cinakgp-a\/\" \/>\n<meta property=\"og:locale\" content=\"de_DE\" \/>\n<meta property=\"og:type\" content=\"article\" \/>\n<meta property=\"og:title\" content=\"INSTA360 Trio Edition (CINORC4\/A, CINAKGP\/A)\" \/>\n<meta property=\"og:description\" content=\"5.7K 360 \u00b0 opname4K groothoekFlowState-stabilisatieWaterbestendigOnzichtbare selfiestickHyperlapsesPunt-naar-spoorHDR-fotoNachtopname\" \/>\n<meta property=\"og:url\" content=\"https:\/\/koningdrone.be\/de\/produkt\/insta360-trio-edition-cinorc4-a-cinakgp-a\/\" \/>\n<meta property=\"og:site_name\" content=\"koningdrone.be\" \/>\n<meta property=\"article:modified_time\" content=\"2025-04-29T12:51:33+00:00\" \/>\n<meta name=\"twitter:card\" content=\"summary_large_image\" \/>\n<meta name=\"twitter:label1\" content=\"Gesch\u00e4tzte Lesezeit\" \/>\n\t<meta name=\"twitter:data1\" content=\"1\u00a0Minute\" \/>\n<script type=\"application\/ld+json\" class=\"yoast-schema-graph\">{\"@context\":\"https:\/\/schema.org\",\"@graph\":[{\"@type\":\"WebPage\",\"@id\":\"https:\/\/koningdrone.be\/product\/insta360-trio-edition-cinorc4-a-cinakgp-a\/\",\"url\":\"https:\/\/koningdrone.be\/product\/insta360-trio-edition-cinorc4-a-cinakgp-a\/\",\"name\":\"INSTA360 Trio Edition (CINORC4\/A, CINAKGP\/A) - koningdrone.be\",\"isPartOf\":{\"@id\":\"https:\/\/koningdrone.be\/#website\"},\"datePublished\":\"2022-05-25T20:36:16+00:00\",\"dateModified\":\"2025-04-29T12:51:33+00:00\",\"breadcrumb\":{\"@id\":\"https:\/\/koningdrone.be\/product\/insta360-trio-edition-cinorc4-a-cinakgp-a\/#breadcrumb\"},\"inLanguage\":\"de\",\"potentialAction\":[{\"@type\":\"ReadAction\",\"target\":[\"https:\/\/koningdrone.be\/product\/insta360-trio-edition-cinorc4-a-cinakgp-a\/\"]}]},{\"@type\":\"BreadcrumbList\",\"@id\":\"https:\/\/koningdrone.be\/product\/insta360-trio-edition-cinorc4-a-cinakgp-a\/#breadcrumb\",\"itemListElement\":[{\"@type\":\"ListItem\",\"position\":1,\"name\":\"Home\",\"item\":\"https:\/\/koningdrone.be\/\"},{\"@type\":\"ListItem\",\"position\":2,\"name\":\"AVSS Parachute Recovery System for DJI Matrice 300\/350\",\"item\":\"https:\/\/koningdrone.be\/product\/avss-parachute-recovery-system-for-dji-matrice-300-350\/\"},{\"@type\":\"ListItem\",\"position\":3,\"name\":\"Alle producten\",\"item\":\"https:\/\/koningdrone.be\/categorie\/alle-producten\/\"},{\"@type\":\"ListItem\",\"position\":4,\"name\":\"INSTA360 Trio Edition (CINORC4\/A, CINAKGP\/A)\"}]},{\"@type\":\"WebSite\",\"@id\":\"https:\/\/koningdrone.be\/#website\",\"url\":\"https:\/\/koningdrone.be\/\",\"name\":\"Koningdrone.be - Uw online specialist in drones, gimbals, camera's en power stations.\",\"description\":\"De webshop in drones en gimbals\",\"publisher\":{\"@id\":\"https:\/\/koningdrone.be\/#organization\"},\"potentialAction\":[{\"@type\":\"SearchAction\",\"target\":{\"@type\":\"EntryPoint\",\"urlTemplate\":\"https:\/\/koningdrone.be\/?s={search_term_string}\"},\"query-input\":{\"@type\":\"PropertyValueSpecification\",\"valueRequired\":true,\"valueName\":\"search_term_string\"}}],\"inLanguage\":\"de\"},{\"@type\":\"Organization\",\"@id\":\"https:\/\/koningdrone.be\/#organization\",\"name\":\"Koningdrone.be\",\"url\":\"https:\/\/koningdrone.be\/\",\"logo\":{\"@type\":\"ImageObject\",\"inLanguage\":\"de\",\"@id\":\"https:\/\/koningdrone.be\/#\/schema\/logo\/image\/\",\"url\":\"https:\/\/koningdrone.be\/wp-content\/uploads\/sites\/13\/2025\/04\/koningdrone-copyright-logo.svg\",\"contentUrl\":\"https:\/\/koningdrone.be\/wp-content\/uploads\/sites\/13\/2025\/04\/koningdrone-copyright-logo.svg\",\"width\":227,\"height\":38,\"caption\":\"Koningdrone.be\"},\"image\":{\"@id\":\"https:\/\/koningdrone.be\/#\/schema\/logo\/image\/\"}}]}<\/script>\n<!-- \/ Yoast SEO Premium plugin. -->","yoast_head_json":{"title":"INSTA360 Trio Edition (CINORC4\/A, CINAKGP\/A) - koningdrone.be","robots":{"index":"index","follow":"follow","max-snippet":"max-snippet:-1","max-image-preview":"max-image-preview:large","max-video-preview":"max-video-preview:-1"},"canonical":"https:\/\/koningdrone.be\/de\/produkt\/insta360-trio-edition-cinorc4-a-cinakgp-a\/","og_locale":"de_DE","og_type":"article","og_title":"INSTA360 Trio Edition (CINORC4\/A, CINAKGP\/A)","og_description":"5.7K 360 \u00b0 opname4K groothoekFlowState-stabilisatieWaterbestendigOnzichtbare selfiestickHyperlapsesPunt-naar-spoorHDR-fotoNachtopname","og_url":"https:\/\/koningdrone.be\/de\/produkt\/insta360-trio-edition-cinorc4-a-cinakgp-a\/","og_site_name":"koningdrone.be","article_modified_time":"2025-04-29T12:51:33+00:00","twitter_card":"summary_large_image","twitter_misc":{"Gesch\u00e4tzte Lesezeit":"1\u00a0Minute"},"schema":{"@context":"https:\/\/schema.org","@graph":[{"@type":"WebPage","@id":"https:\/\/koningdrone.be\/product\/insta360-trio-edition-cinorc4-a-cinakgp-a\/","url":"https:\/\/koningdrone.be\/product\/insta360-trio-edition-cinorc4-a-cinakgp-a\/","name":"INSTA360 Trio Edition (CINORC4\/A, CINAKGP\/A) - koningdrone.be","isPartOf":{"@id":"https:\/\/koningdrone.be\/#website"},"datePublished":"2022-05-25T20:36:16+00:00","dateModified":"2025-04-29T12:51:33+00:00","breadcrumb":{"@id":"https:\/\/koningdrone.be\/product\/insta360-trio-edition-cinorc4-a-cinakgp-a\/#breadcrumb"},"inLanguage":"de","potentialAction":[{"@type":"ReadAction","target":["https:\/\/koningdrone.be\/product\/insta360-trio-edition-cinorc4-a-cinakgp-a\/"]}]},{"@type":"BreadcrumbList","@id":"https:\/\/koningdrone.be\/product\/insta360-trio-edition-cinorc4-a-cinakgp-a\/#breadcrumb","itemListElement":[{"@type":"ListItem","position":1,"name":"Home","item":"https:\/\/koningdrone.be\/"},{"@type":"ListItem","position":2,"name":"AVSS Parachute Recovery System for DJI Matrice 300\/350","item":"https:\/\/koningdrone.be\/product\/avss-parachute-recovery-system-for-dji-matrice-300-350\/"},{"@type":"ListItem","position":3,"name":"Alle producten","item":"https:\/\/koningdrone.be\/categorie\/alle-producten\/"},{"@type":"ListItem","position":4,"name":"INSTA360 Trio Edition (CINORC4\/A, CINAKGP\/A)"}]},{"@type":"WebSite","@id":"https:\/\/koningdrone.be\/#website","url":"https:\/\/koningdrone.be\/","name":"Koningdrone.be - Ihr Online-Spezialist f\u00fcr Drohnen, Gimbals, Kameras und Kraftwerke.","description":"Der Webshop f\u00fcr Drohnen und Gimbals","publisher":{"@id":"https:\/\/koningdrone.be\/#organization"},"potentialAction":[{"@type":"SearchAction","target":{"@type":"EntryPoint","urlTemplate":"https:\/\/koningdrone.be\/?s={search_term_string}"},"query-input":{"@type":"PropertyValueSpecification","valueRequired":true,"valueName":"search_term_string"}}],"inLanguage":"de"},{"@type":"Organization","@id":"https:\/\/koningdrone.be\/#organization","name":"Kingdrone.de","url":"https:\/\/koningdrone.be\/","logo":{"@type":"ImageObject","inLanguage":"de","@id":"https:\/\/koningdrone.be\/#\/schema\/logo\/image\/","url":"https:\/\/koningdrone.be\/wp-content\/uploads\/sites\/13\/2025\/04\/koningdrone-copyright-logo.svg","contentUrl":"https:\/\/koningdrone.be\/wp-content\/uploads\/sites\/13\/2025\/04\/koningdrone-copyright-logo.svg","width":227,"height":38,"caption":"Koningdrone.be"},"image":{"@id":"https:\/\/koningdrone.be\/#\/schema\/logo\/image\/"}}]}},"df_price":"","df_sale_price":"","df_regular_price":"","df_image_link":"https:\/\/koningdrone.be\/wp-content\/uploads\/sites\/13\/woocommerce-placeholder-300x300.png","_links":{"self":[{"href":"https:\/\/koningdrone.be\/de\/wp-json\/wp\/v2\/product\/5912","targetHints":{"allow":["GET"]}}],"collection":[{"href":"https:\/\/koningdrone.be\/de\/wp-json\/wp\/v2\/product"}],"about":[{"href":"https:\/\/koningdrone.be\/de\/wp-json\/wp\/v2\/types\/product"}],"wp:attachment":[{"href":"https:\/\/koningdrone.be\/de\/wp-json\/wp\/v2\/media?parent=5912"}],"wp:term":[{"taxonomy":"product_brand","embeddable":true,"href":"https:\/\/koningdrone.be\/de\/wp-json\/wp\/v2\/product_brand?post=5912"},{"taxonomy":"product_cat","embeddable":true,"href":"https:\/\/koningdrone.be\/de\/wp-json\/wp\/v2\/product_cat?post=5912"},{"taxonomy":"product_tag","embeddable":true,"href":"https:\/\/koningdrone.be\/de\/wp-json\/wp\/v2\/product_tag?post=5912"}],"curies":[{"name":"wp","href":"https:\/\/api.w.org\/{rel}","templated":true}]}}