{"id":5897,"date":"2022-05-25T20:36:16","date_gmt":"2022-05-25T20:36:16","guid":{"rendered":"https:\/\/koningdrone.nl\/kon\/product\/insta360-evo\/"},"modified":"2025-04-29T12:51:14","modified_gmt":"2025-04-29T12:51:14","slug":"insta360-evo","status":"publish","type":"product","link":"https:\/\/koningdrone.be\/de\/produkt\/insta360-evo\/","title":{"rendered":"INSTA360 EVO"},"content":{"rendered":"<h1>   Insta360 EVO <\/h1>\n<p>Erstellen Sie atemberaubende, professionelle 360\/180\u00b0 2D- und 3D-VR-Videos mit der kompakten EVO 3D\/2D Convertible 360\/180\u00b0 VR-Kamera von Insta360. Dank ihres cleveren faltbaren Designs k\u00f6nnen Sie in zwei verschiedenen Formaten aufnehmen: 360\u00b0 2D-Videos, wenn die Kamera geschlossen ist und sich die Linsen auf beiden Seiten befinden, und 180\u00b0 3D-Videos, wenn sie flach ge\u00f6ffnet ist und sich die Linsen auf derselben Seite befinden. Die hochaufl\u00f6sende EVO nimmt Videos mit bis zu 5,7K30 und Fotos mit 18 MP und HDR-Unterst\u00fctzung auf.<br \/>\u00a0 <br \/>Im 360\u00b0-2D-Modus verwendet die EVO die digitale FlowState-Bildstabilisierung von Insta360, die die in Ihren Videos aufgenommenen Vibrationen ausgleicht und f\u00fcr glattere Bilder sorgt. Im 180\u00b0-3D-Modus kommt eine einfache Gyro-Stabilisierung zum Einsatz, die kleine Ersch\u00fctterungen ausgleicht. Die Stabilisierung ist eine gro\u00dfe Hilfe bei der Verwendung der EVO-Modi Hyperlapse und Zeitlupe mit bis zu 100 Bildern pro Sekunde.<br \/>\u00a0 <br \/>In der 180\u00b0-3D-Aufnahmeposition wird das robuste Scharnier mit einem Verriegelungsschalter offen gehalten, und ein Schnellverschluss h\u00e4lt es im 360\u00b0-Modus geschlossen. F\u00fcr schnelle und einfache Aufnahmen gibt es separate Tasten f\u00fcr den Video- und Fotoausl\u00f6ser. Videos werden auf einer microSD-Karte mit bis zu 256 GB und der empfohlenen Geschwindigkeitsklasse UHS-I V30 gespeichert und \u00fcber den Micro-USB-Anschluss \u00fcbertragen. Die Kamera wird auch \u00fcber denselben Micro-USB-Anschluss aufgeladen.<br \/>\u00a0 <br \/>Die EVO ist VR-f\u00e4hig, und das aufgenommene Material kann mit der herunterladbaren Insta360 VR-App in g\u00e4ngigen Headsets wie der Oculus Go, der Samsung Gear VR und der HTC VIVE Focus betrachtet werden. Die 180\u00b0-3D-Aufnahmen sind vollst\u00e4ndig mit Premiere Pro kompatibel, sodass Sie Ihr Material direkt von der Kamera aus bearbeiten k\u00f6nnen.<br \/>\u00a0 <br \/>Das EVO wird mit einem Tischst\u00e4nder und einer speziellen 3D-Brille geliefert, damit Sie Ihre Aufnahmen genau betrachten k\u00f6nnen. Sie k\u00f6nnen auch einen separat erh\u00e4ltlichen Insta360 HoloFrame kaufen, um Ihre Aufnahmen ohne Brille auf Ihrem Telefon zu betrachten.<br \/>\u00a0 <br \/><strong> Kompatible Ger\u00e4te<\/strong> <br \/>Die folgenden getesteten Ger\u00e4te hatten die beste Leistung mit der Insta360-App. Andere Telefone k\u00f6nnen mit \u00e4hnlichen Spezifikationen verwendet werden:<br \/>\u00a0 <br \/>iOS:<br \/>Apple iPhone XS, iPhone XS Max, iPhone XR, iPhone X, iPhone 8\/8 plus, iPhone 7\/7 plus, iPhone 6s\/6s plus, iPhone SE, iPad Pro, iPad (2018)<br \/>\u00a0 <br \/>Android:<br \/>Huawei: P20 Pro\/P10\/P9\/Mate 9\/Mate 10\/Honor 9.<br \/>Samsung: S9\/Note 8\/S8\/S7\/S7 Edge.<br \/>Xiaomi: Mix\/Mix2\/Note3\/6\/8.<br \/>OnePlus: 5t.<br \/>Google: Pixel\/Pixel 2.<br \/>Vivo: X9 Plus L.<\/p>","protected":false},"excerpt":{"rendered":"<ul>\n<li>180\u00b0 3D \/ 360\u00b0 2D konvertierbare Kamera<\/li>\n<li>Bis zu 5,7K30 Video, 18MP Fotos<\/li>\n<li>Kompaktes Design, HDR-Fotos und -Videos<\/li>\n<li>FlowState digitale Bildstabilisierung<\/li>\n<li>Faltbares Design \u00e4ndert das Format<\/li>\n<li>Zwei Weitwinkel-Fisheye-Objektive<\/li>\n<li>Hyperlapse- und Zeitlupenfunktionen<\/li>\n<li>Speichern auf microSD-Karte, bereit f\u00fcr Headset<\/li>\n<li>Micro-USB-Stromversorgung und Daten\u00fcbertragung<\/li>\n<\/ul>","protected":false},"featured_media":5892,"template":"","meta":{"_acf_changed":false},"product_brand":[],"product_cat":[97,343],"product_tag":[],"class_list":{"0":"post-5897","1":"product","2":"type-product","3":"status-publish","4":"has-post-thumbnail","6":"product_cat-alle-producten","7":"product_cat-insta360","8":"pa_brand-insta360","9":"pa_series-insta360-go","11":"first","12":"outofstock","13":"taxable","14":"shipping-taxable","15":"product-type-simple"},"acf":[],"yoast_head":"<!-- This site is optimized with the Yoast SEO Premium plugin v27.2 (Yoast SEO v27.2) - https:\/\/yoast.com\/product\/yoast-seo-premium-wordpress\/ -->\n<title>INSTA360 EVO - koningdrone.be<\/title>\n<meta name=\"robots\" content=\"index, follow, max-snippet:-1, max-image-preview:large, max-video-preview:-1\" \/>\n<link rel=\"canonical\" href=\"https:\/\/koningdrone.be\/de\/produkt\/insta360-evo\/\" \/>\n<meta property=\"og:locale\" content=\"de_DE\" \/>\n<meta property=\"og:type\" content=\"article\" \/>\n<meta property=\"og:title\" content=\"INSTA360 EVO\" \/>\n<meta property=\"og:description\" content=\"180\u00b0 3D \/ 360\u00b0 2D converteerbare cameraTot 5.7K30 video, 18MP foto&#039;sCompact ontwerp, HDR-foto en videoFlowState digitale beeldstabilisatieVouwontwerp verandert formaatTwee groothoek fisheye-lenzenHyperlapse- en slow-motionfunctiesOpslaan op microSD-kaart, klaar voor headsetMicro-USB stroom- en gegevensoverdracht\" \/>\n<meta property=\"og:url\" content=\"https:\/\/koningdrone.be\/de\/produkt\/insta360-evo\/\" \/>\n<meta property=\"og:site_name\" content=\"koningdrone.be\" \/>\n<meta property=\"article:modified_time\" content=\"2025-04-29T12:51:14+00:00\" \/>\n<meta property=\"og:image\" content=\"https:\/\/koningdrone.be\/wp-content\/uploads\/sites\/13\/2025\/04\/6970357851140-1.jpg\" \/>\n\t<meta property=\"og:image:width\" content=\"600\" \/>\n\t<meta property=\"og:image:height\" content=\"600\" \/>\n\t<meta property=\"og:image:type\" content=\"image\/jpeg\" \/>\n<meta name=\"twitter:card\" content=\"summary_large_image\" \/>\n<meta name=\"twitter:label1\" content=\"Gesch\u00e4tzte Lesezeit\" \/>\n\t<meta name=\"twitter:data1\" content=\"2\u00a0Minuten\" \/>\n<script type=\"application\/ld+json\" class=\"yoast-schema-graph\">{\"@context\":\"https:\/\/schema.org\",\"@graph\":[{\"@type\":\"WebPage\",\"@id\":\"https:\/\/koningdrone.be\/product\/insta360-evo\/\",\"url\":\"https:\/\/koningdrone.be\/product\/insta360-evo\/\",\"name\":\"INSTA360 EVO - koningdrone.be\",\"isPartOf\":{\"@id\":\"https:\/\/koningdrone.be\/#website\"},\"primaryImageOfPage\":{\"@id\":\"https:\/\/koningdrone.be\/product\/insta360-evo\/#primaryimage\"},\"image\":{\"@id\":\"https:\/\/koningdrone.be\/product\/insta360-evo\/#primaryimage\"},\"thumbnailUrl\":\"https:\/\/koningdrone.be\/wp-content\/uploads\/sites\/13\/2025\/04\/6970357851140-1.jpg\",\"datePublished\":\"2022-05-25T20:36:16+00:00\",\"dateModified\":\"2025-04-29T12:51:14+00:00\",\"breadcrumb\":{\"@id\":\"https:\/\/koningdrone.be\/product\/insta360-evo\/#breadcrumb\"},\"inLanguage\":\"de\",\"potentialAction\":[{\"@type\":\"ReadAction\",\"target\":[\"https:\/\/koningdrone.be\/product\/insta360-evo\/\"]}]},{\"@type\":\"ImageObject\",\"inLanguage\":\"de\",\"@id\":\"https:\/\/koningdrone.be\/product\/insta360-evo\/#primaryimage\",\"url\":\"https:\/\/koningdrone.be\/wp-content\/uploads\/sites\/13\/2025\/04\/6970357851140-1.jpg\",\"contentUrl\":\"https:\/\/koningdrone.be\/wp-content\/uploads\/sites\/13\/2025\/04\/6970357851140-1.jpg\",\"width\":600,\"height\":600},{\"@type\":\"BreadcrumbList\",\"@id\":\"https:\/\/koningdrone.be\/product\/insta360-evo\/#breadcrumb\",\"itemListElement\":[{\"@type\":\"ListItem\",\"position\":1,\"name\":\"Home\",\"item\":\"https:\/\/koningdrone.be\/\"},{\"@type\":\"ListItem\",\"position\":2,\"name\":\"AVSS Parachute Recovery System for DJI Matrice 300\/350\",\"item\":\"https:\/\/koningdrone.be\/product\/avss-parachute-recovery-system-for-dji-matrice-300-350\/\"},{\"@type\":\"ListItem\",\"position\":3,\"name\":\"Alle producten\",\"item\":\"https:\/\/koningdrone.be\/categorie\/alle-producten\/\"},{\"@type\":\"ListItem\",\"position\":4,\"name\":\"INSTA360 EVO\"}]},{\"@type\":\"WebSite\",\"@id\":\"https:\/\/koningdrone.be\/#website\",\"url\":\"https:\/\/koningdrone.be\/\",\"name\":\"Koningdrone.be - Uw online specialist in drones, gimbals, camera's en power stations.\",\"description\":\"De webshop in drones en gimbals\",\"publisher\":{\"@id\":\"https:\/\/koningdrone.be\/#organization\"},\"potentialAction\":[{\"@type\":\"SearchAction\",\"target\":{\"@type\":\"EntryPoint\",\"urlTemplate\":\"https:\/\/koningdrone.be\/?s={search_term_string}\"},\"query-input\":{\"@type\":\"PropertyValueSpecification\",\"valueRequired\":true,\"valueName\":\"search_term_string\"}}],\"inLanguage\":\"de\"},{\"@type\":\"Organization\",\"@id\":\"https:\/\/koningdrone.be\/#organization\",\"name\":\"Koningdrone.be\",\"url\":\"https:\/\/koningdrone.be\/\",\"logo\":{\"@type\":\"ImageObject\",\"inLanguage\":\"de\",\"@id\":\"https:\/\/koningdrone.be\/#\/schema\/logo\/image\/\",\"url\":\"https:\/\/koningdrone.be\/wp-content\/uploads\/sites\/13\/2025\/04\/koningdrone-copyright-logo.svg\",\"contentUrl\":\"https:\/\/koningdrone.be\/wp-content\/uploads\/sites\/13\/2025\/04\/koningdrone-copyright-logo.svg\",\"width\":227,\"height\":38,\"caption\":\"Koningdrone.be\"},\"image\":{\"@id\":\"https:\/\/koningdrone.be\/#\/schema\/logo\/image\/\"}}]}<\/script>\n<!-- \/ Yoast SEO Premium plugin. -->","yoast_head_json":{"title":"INSTA360 EVO - koningdrone.be","robots":{"index":"index","follow":"follow","max-snippet":"max-snippet:-1","max-image-preview":"max-image-preview:large","max-video-preview":"max-video-preview:-1"},"canonical":"https:\/\/koningdrone.be\/de\/produkt\/insta360-evo\/","og_locale":"de_DE","og_type":"article","og_title":"INSTA360 EVO","og_description":"180\u00b0 3D \/ 360\u00b0 2D converteerbare cameraTot 5.7K30 video, 18MP foto'sCompact ontwerp, HDR-foto en videoFlowState digitale beeldstabilisatieVouwontwerp verandert formaatTwee groothoek fisheye-lenzenHyperlapse- en slow-motionfunctiesOpslaan op microSD-kaart, klaar voor headsetMicro-USB stroom- en gegevensoverdracht","og_url":"https:\/\/koningdrone.be\/de\/produkt\/insta360-evo\/","og_site_name":"koningdrone.be","article_modified_time":"2025-04-29T12:51:14+00:00","og_image":[{"width":600,"height":600,"url":"https:\/\/koningdrone.be\/wp-content\/uploads\/sites\/13\/2025\/04\/6970357851140-1.jpg","type":"image\/jpeg"}],"twitter_card":"summary_large_image","twitter_misc":{"Gesch\u00e4tzte Lesezeit":"2\u00a0Minuten"},"schema":{"@context":"https:\/\/schema.org","@graph":[{"@type":"WebPage","@id":"https:\/\/koningdrone.be\/product\/insta360-evo\/","url":"https:\/\/koningdrone.be\/product\/insta360-evo\/","name":"INSTA360 EVO - koningdrone.be","isPartOf":{"@id":"https:\/\/koningdrone.be\/#website"},"primaryImageOfPage":{"@id":"https:\/\/koningdrone.be\/product\/insta360-evo\/#primaryimage"},"image":{"@id":"https:\/\/koningdrone.be\/product\/insta360-evo\/#primaryimage"},"thumbnailUrl":"https:\/\/koningdrone.be\/wp-content\/uploads\/sites\/13\/2025\/04\/6970357851140-1.jpg","datePublished":"2022-05-25T20:36:16+00:00","dateModified":"2025-04-29T12:51:14+00:00","breadcrumb":{"@id":"https:\/\/koningdrone.be\/product\/insta360-evo\/#breadcrumb"},"inLanguage":"de","potentialAction":[{"@type":"ReadAction","target":["https:\/\/koningdrone.be\/product\/insta360-evo\/"]}]},{"@type":"ImageObject","inLanguage":"de","@id":"https:\/\/koningdrone.be\/product\/insta360-evo\/#primaryimage","url":"https:\/\/koningdrone.be\/wp-content\/uploads\/sites\/13\/2025\/04\/6970357851140-1.jpg","contentUrl":"https:\/\/koningdrone.be\/wp-content\/uploads\/sites\/13\/2025\/04\/6970357851140-1.jpg","width":600,"height":600},{"@type":"BreadcrumbList","@id":"https:\/\/koningdrone.be\/product\/insta360-evo\/#breadcrumb","itemListElement":[{"@type":"ListItem","position":1,"name":"Home","item":"https:\/\/koningdrone.be\/"},{"@type":"ListItem","position":2,"name":"AVSS Parachute Recovery System for DJI Matrice 300\/350","item":"https:\/\/koningdrone.be\/product\/avss-parachute-recovery-system-for-dji-matrice-300-350\/"},{"@type":"ListItem","position":3,"name":"Alle producten","item":"https:\/\/koningdrone.be\/categorie\/alle-producten\/"},{"@type":"ListItem","position":4,"name":"INSTA360 EVO"}]},{"@type":"WebSite","@id":"https:\/\/koningdrone.be\/#website","url":"https:\/\/koningdrone.be\/","name":"Koningdrone.be - Ihr Online-Spezialist f\u00fcr Drohnen, Gimbals, Kameras und Kraftwerke.","description":"Der Webshop f\u00fcr Drohnen und Gimbals","publisher":{"@id":"https:\/\/koningdrone.be\/#organization"},"potentialAction":[{"@type":"SearchAction","target":{"@type":"EntryPoint","urlTemplate":"https:\/\/koningdrone.be\/?s={search_term_string}"},"query-input":{"@type":"PropertyValueSpecification","valueRequired":true,"valueName":"search_term_string"}}],"inLanguage":"de"},{"@type":"Organization","@id":"https:\/\/koningdrone.be\/#organization","name":"Kingdrone.de","url":"https:\/\/koningdrone.be\/","logo":{"@type":"ImageObject","inLanguage":"de","@id":"https:\/\/koningdrone.be\/#\/schema\/logo\/image\/","url":"https:\/\/koningdrone.be\/wp-content\/uploads\/sites\/13\/2025\/04\/koningdrone-copyright-logo.svg","contentUrl":"https:\/\/koningdrone.be\/wp-content\/uploads\/sites\/13\/2025\/04\/koningdrone-copyright-logo.svg","width":227,"height":38,"caption":"Koningdrone.be"},"image":{"@id":"https:\/\/koningdrone.be\/#\/schema\/logo\/image\/"}}]}},"df_price":"","df_sale_price":"","df_regular_price":"","df_image_link":"https:\/\/koningdrone.be\/wp-content\/uploads\/sites\/13\/2025\/04\/6970357851140-1-300x300.jpg","_links":{"self":[{"href":"https:\/\/koningdrone.be\/de\/wp-json\/wp\/v2\/product\/5897","targetHints":{"allow":["GET"]}}],"collection":[{"href":"https:\/\/koningdrone.be\/de\/wp-json\/wp\/v2\/product"}],"about":[{"href":"https:\/\/koningdrone.be\/de\/wp-json\/wp\/v2\/types\/product"}],"wp:featuredmedia":[{"embeddable":true,"href":"https:\/\/koningdrone.be\/de\/wp-json\/wp\/v2\/media\/5892"}],"wp:attachment":[{"href":"https:\/\/koningdrone.be\/de\/wp-json\/wp\/v2\/media?parent=5897"}],"wp:term":[{"taxonomy":"product_brand","embeddable":true,"href":"https:\/\/koningdrone.be\/de\/wp-json\/wp\/v2\/product_brand?post=5897"},{"taxonomy":"product_cat","embeddable":true,"href":"https:\/\/koningdrone.be\/de\/wp-json\/wp\/v2\/product_cat?post=5897"},{"taxonomy":"product_tag","embeddable":true,"href":"https:\/\/koningdrone.be\/de\/wp-json\/wp\/v2\/product_tag?post=5897"}],"curies":[{"name":"wp","href":"https:\/\/api.w.org\/{rel}","templated":true}]}}