{"id":5852,"date":"2022-05-25T20:36:25","date_gmt":"2022-05-25T18:36:25","guid":{"rendered":"https:\/\/koningdrone.nl\/kon\/product\/insta360-one-x2-utility-frame-p-x2dgnk01\/"},"modified":"2026-05-16T05:00:29","modified_gmt":"2026-05-16T03:00:29","slug":"insta360-one-x2-utility-frame-p-x2dgnk01","status":"publish","type":"product","link":"https:\/\/koningdrone.be\/de\/produkt\/insta360-one-x2-utility-frame-p-x2dgnk01\/","title":{"rendered":"INSTA360 ONE X2 Dienstprogrammrahmen (P.X2DGNK01)"},"content":{"rendered":"<h1>   Insta360 One X2 Utility Rahmen (P.X2DGNK01) <\/h1>\n<p>Der SmallRig Utility Frame f\u00fcr Insta360 ONE X2 2923 bietet vielseitige Befestigungsm\u00f6glichkeiten f\u00fcr Ihre Kamera und ist damit ein zuverl\u00e4ssiges fotografisches Hilfsmittel.<\/p>","protected":false},"excerpt":{"rendered":"<ul>\n<li>Leicht zu greifende R\u00e4ndelschraube fixiert Ihre kompatible Kamera sicher von oben auf dem Rahmen<\/li>\n<li>Mit K\u00fchlschuhen, Befestigungsfingern und 1\/4\u2033-20-Gewinde, wodurch es mit einer Vielzahl von Zubeh\u00f6rteilen kompatibel ist (nicht im Lieferumfang enthalten)<\/li>\n<li>Weiche Polster sch\u00fctzen die Kamera vor Kratzern, w\u00e4hrend der mitgelieferte Objektivdeckel aus Silikon das Objektiv vor Abnutzung sch\u00fctzt<\/li>\n<li>Hergestellt aus einer Aluminiumlegierung f\u00fcr hervorragende, dauerhafte Qualit\u00e4t<\/li>\n<li>Geeignet f\u00fcr die Verwendung mit der Insta360 ONE X2 Kamera (separat erh\u00e4ltlich)<\/li>\n<\/ul>","protected":false},"featured_media":5847,"template":"","meta":{"_acf_changed":false},"product_brand":[],"product_cat":[97,343],"product_tag":[],"class_list":{"0":"post-5852","1":"product","2":"type-product","3":"status-publish","4":"has-post-thumbnail","6":"product_cat-alle-producten","7":"product_cat-insta360","8":"product_shipping_class-europafotoall","9":"pa_brand-insta360","10":"pa_series-insta360-go","12":"first","13":"instock","14":"taxable","15":"shipping-taxable","16":"purchasable","17":"product-type-simple"},"acf":[],"yoast_head":"<!-- This site is optimized with the Yoast SEO Premium plugin v27.2 (Yoast SEO v27.2) - https:\/\/yoast.com\/product\/yoast-seo-premium-wordpress\/ -->\n<title>INSTA360 ONE X2 Utility Frame (P.X2DGNK01) - koningdrone.be<\/title>\n<meta name=\"robots\" content=\"index, follow, max-snippet:-1, max-image-preview:large, max-video-preview:-1\" \/>\n<link rel=\"canonical\" href=\"https:\/\/koningdrone.be\/de\/produkt\/insta360-one-x2-utility-frame-p-x2dgnk01\/\" \/>\n<meta property=\"og:locale\" content=\"de_DE\" \/>\n<meta property=\"og:type\" content=\"article\" \/>\n<meta property=\"og:title\" content=\"INSTA360 ONE X2 Utility Frame (P.X2DGNK01)\" \/>\n<meta property=\"og:description\" content=\"Gemakkelijk vast te pakken gekartelde schroef vergrendelt uw compatibele camera stevig vanaf de bovenkant op het frameVoorzien van koude schoenen, bevestigingsvingers en 1\/4&quot;-20 schroefdraad, waardoor het compatibel is met een breed scala aan accessoires (niet inbegrepen)Zachte kussens beschermen de camera tegen krassen, terwijl de meegeleverde siliconen lensdop je lens beschermt tegen slijtageGemaakt van aluminiumlegering voor een uitstekende duurzame kwaliteitGeschikt voor gebruik met Insta360 ONE X2 Camera (apart verkrijgbaar)\" \/>\n<meta property=\"og:url\" content=\"https:\/\/koningdrone.be\/de\/produkt\/insta360-one-x2-utility-frame-p-x2dgnk01\/\" \/>\n<meta property=\"og:site_name\" content=\"koningdrone.be\" \/>\n<meta property=\"article:modified_time\" content=\"2026-05-16T03:00:29+00:00\" \/>\n<meta property=\"og:image\" content=\"https:\/\/koningdrone.be\/wp-content\/uploads\/sites\/13\/2025\/04\/6941590001951-1.jpg\" \/>\n\t<meta property=\"og:image:width\" content=\"600\" \/>\n\t<meta property=\"og:image:height\" content=\"338\" \/>\n\t<meta property=\"og:image:type\" content=\"image\/jpeg\" \/>\n<meta name=\"twitter:card\" content=\"summary_large_image\" \/>\n<script type=\"application\/ld+json\" class=\"yoast-schema-graph\">{\"@context\":\"https:\/\/schema.org\",\"@graph\":[{\"@type\":\"WebPage\",\"@id\":\"https:\/\/koningdrone.be\/product\/insta360-one-x2-utility-frame-p-x2dgnk01\/\",\"url\":\"https:\/\/koningdrone.be\/product\/insta360-one-x2-utility-frame-p-x2dgnk01\/\",\"name\":\"INSTA360 ONE X2 Utility Frame (P.X2DGNK01) - koningdrone.be\",\"isPartOf\":{\"@id\":\"https:\/\/koningdrone.be\/#website\"},\"primaryImageOfPage\":{\"@id\":\"https:\/\/koningdrone.be\/product\/insta360-one-x2-utility-frame-p-x2dgnk01\/#primaryimage\"},\"image\":{\"@id\":\"https:\/\/koningdrone.be\/product\/insta360-one-x2-utility-frame-p-x2dgnk01\/#primaryimage\"},\"thumbnailUrl\":\"https:\/\/koningdrone.be\/wp-content\/uploads\/sites\/13\/2025\/04\/6941590001951-1.jpg\",\"datePublished\":\"2022-05-25T18:36:25+00:00\",\"dateModified\":\"2026-05-16T03:00:29+00:00\",\"breadcrumb\":{\"@id\":\"https:\/\/koningdrone.be\/product\/insta360-one-x2-utility-frame-p-x2dgnk01\/#breadcrumb\"},\"inLanguage\":\"de\",\"potentialAction\":[{\"@type\":\"ReadAction\",\"target\":[\"https:\/\/koningdrone.be\/product\/insta360-one-x2-utility-frame-p-x2dgnk01\/\"]}]},{\"@type\":\"ImageObject\",\"inLanguage\":\"de\",\"@id\":\"https:\/\/koningdrone.be\/product\/insta360-one-x2-utility-frame-p-x2dgnk01\/#primaryimage\",\"url\":\"https:\/\/koningdrone.be\/wp-content\/uploads\/sites\/13\/2025\/04\/6941590001951-1.jpg\",\"contentUrl\":\"https:\/\/koningdrone.be\/wp-content\/uploads\/sites\/13\/2025\/04\/6941590001951-1.jpg\",\"width\":600,\"height\":338},{\"@type\":\"BreadcrumbList\",\"@id\":\"https:\/\/koningdrone.be\/product\/insta360-one-x2-utility-frame-p-x2dgnk01\/#breadcrumb\",\"itemListElement\":[{\"@type\":\"ListItem\",\"position\":1,\"name\":\"Home\",\"item\":\"https:\/\/koningdrone.be\/\"},{\"@type\":\"ListItem\",\"position\":2,\"name\":\"AVSS Parachute Recovery System for DJI Matrice 300\/350\",\"item\":\"https:\/\/koningdrone.be\/product\/avss-parachute-recovery-system-for-dji-matrice-300-350\/\"},{\"@type\":\"ListItem\",\"position\":3,\"name\":\"Alle producten\",\"item\":\"https:\/\/koningdrone.be\/categorie\/alle-producten\/\"},{\"@type\":\"ListItem\",\"position\":4,\"name\":\"INSTA360 ONE X2 Utility Frame (P.X2DGNK01)\"}]},{\"@type\":\"WebSite\",\"@id\":\"https:\/\/koningdrone.be\/#website\",\"url\":\"https:\/\/koningdrone.be\/\",\"name\":\"Koningdrone.be - Uw online specialist in drones, gimbals, camera's en power stations.\",\"description\":\"De webshop in drones en gimbals\",\"publisher\":{\"@id\":\"https:\/\/koningdrone.be\/#organization\"},\"potentialAction\":[{\"@type\":\"SearchAction\",\"target\":{\"@type\":\"EntryPoint\",\"urlTemplate\":\"https:\/\/koningdrone.be\/?s={search_term_string}\"},\"query-input\":{\"@type\":\"PropertyValueSpecification\",\"valueRequired\":true,\"valueName\":\"search_term_string\"}}],\"inLanguage\":\"de\"},{\"@type\":\"Organization\",\"@id\":\"https:\/\/koningdrone.be\/#organization\",\"name\":\"Koningdrone.be\",\"url\":\"https:\/\/koningdrone.be\/\",\"logo\":{\"@type\":\"ImageObject\",\"inLanguage\":\"de\",\"@id\":\"https:\/\/koningdrone.be\/#\/schema\/logo\/image\/\",\"url\":\"https:\/\/koningdrone.be\/wp-content\/uploads\/sites\/13\/2025\/04\/koningdrone-copyright-logo.svg\",\"contentUrl\":\"https:\/\/koningdrone.be\/wp-content\/uploads\/sites\/13\/2025\/04\/koningdrone-copyright-logo.svg\",\"width\":227,\"height\":38,\"caption\":\"Koningdrone.be\"},\"image\":{\"@id\":\"https:\/\/koningdrone.be\/#\/schema\/logo\/image\/\"}}]}<\/script>\n<!-- \/ Yoast SEO Premium plugin. -->","yoast_head_json":{"title":"INSTA360 ONE X2 Utility Frame (P.X2DGNK01) - koningdrone.be","robots":{"index":"index","follow":"follow","max-snippet":"max-snippet:-1","max-image-preview":"max-image-preview:large","max-video-preview":"max-video-preview:-1"},"canonical":"https:\/\/koningdrone.be\/de\/produkt\/insta360-one-x2-utility-frame-p-x2dgnk01\/","og_locale":"de_DE","og_type":"article","og_title":"INSTA360 ONE X2 Utility Frame (P.X2DGNK01)","og_description":"Gemakkelijk vast te pakken gekartelde schroef vergrendelt uw compatibele camera stevig vanaf de bovenkant op het frameVoorzien van koude schoenen, bevestigingsvingers en 1\/4\"-20 schroefdraad, waardoor het compatibel is met een breed scala aan accessoires (niet inbegrepen)Zachte kussens beschermen de camera tegen krassen, terwijl de meegeleverde siliconen lensdop je lens beschermt tegen slijtageGemaakt van aluminiumlegering voor een uitstekende duurzame kwaliteitGeschikt voor gebruik met Insta360 ONE X2 Camera (apart verkrijgbaar)","og_url":"https:\/\/koningdrone.be\/de\/produkt\/insta360-one-x2-utility-frame-p-x2dgnk01\/","og_site_name":"koningdrone.be","article_modified_time":"2026-05-16T03:00:29+00:00","og_image":[{"width":600,"height":338,"url":"https:\/\/koningdrone.be\/wp-content\/uploads\/sites\/13\/2025\/04\/6941590001951-1.jpg","type":"image\/jpeg"}],"twitter_card":"summary_large_image","schema":{"@context":"https:\/\/schema.org","@graph":[{"@type":"WebPage","@id":"https:\/\/koningdrone.be\/product\/insta360-one-x2-utility-frame-p-x2dgnk01\/","url":"https:\/\/koningdrone.be\/product\/insta360-one-x2-utility-frame-p-x2dgnk01\/","name":"INSTA360 ONE X2 Utility Frame (P.X2DGNK01) - koningdrone.be","isPartOf":{"@id":"https:\/\/koningdrone.be\/#website"},"primaryImageOfPage":{"@id":"https:\/\/koningdrone.be\/product\/insta360-one-x2-utility-frame-p-x2dgnk01\/#primaryimage"},"image":{"@id":"https:\/\/koningdrone.be\/product\/insta360-one-x2-utility-frame-p-x2dgnk01\/#primaryimage"},"thumbnailUrl":"https:\/\/koningdrone.be\/wp-content\/uploads\/sites\/13\/2025\/04\/6941590001951-1.jpg","datePublished":"2022-05-25T18:36:25+00:00","dateModified":"2026-05-16T03:00:29+00:00","breadcrumb":{"@id":"https:\/\/koningdrone.be\/product\/insta360-one-x2-utility-frame-p-x2dgnk01\/#breadcrumb"},"inLanguage":"de","potentialAction":[{"@type":"ReadAction","target":["https:\/\/koningdrone.be\/product\/insta360-one-x2-utility-frame-p-x2dgnk01\/"]}]},{"@type":"ImageObject","inLanguage":"de","@id":"https:\/\/koningdrone.be\/product\/insta360-one-x2-utility-frame-p-x2dgnk01\/#primaryimage","url":"https:\/\/koningdrone.be\/wp-content\/uploads\/sites\/13\/2025\/04\/6941590001951-1.jpg","contentUrl":"https:\/\/koningdrone.be\/wp-content\/uploads\/sites\/13\/2025\/04\/6941590001951-1.jpg","width":600,"height":338},{"@type":"BreadcrumbList","@id":"https:\/\/koningdrone.be\/product\/insta360-one-x2-utility-frame-p-x2dgnk01\/#breadcrumb","itemListElement":[{"@type":"ListItem","position":1,"name":"Home","item":"https:\/\/koningdrone.be\/"},{"@type":"ListItem","position":2,"name":"AVSS Parachute Recovery System for DJI Matrice 300\/350","item":"https:\/\/koningdrone.be\/product\/avss-parachute-recovery-system-for-dji-matrice-300-350\/"},{"@type":"ListItem","position":3,"name":"Alle producten","item":"https:\/\/koningdrone.be\/categorie\/alle-producten\/"},{"@type":"ListItem","position":4,"name":"INSTA360 ONE X2 Utility Frame (P.X2DGNK01)"}]},{"@type":"WebSite","@id":"https:\/\/koningdrone.be\/#website","url":"https:\/\/koningdrone.be\/","name":"Koningdrone.be - Ihr Online-Spezialist f\u00fcr Drohnen, Gimbals, Kameras und Kraftwerke.","description":"Der Webshop f\u00fcr Drohnen und Gimbals","publisher":{"@id":"https:\/\/koningdrone.be\/#organization"},"potentialAction":[{"@type":"SearchAction","target":{"@type":"EntryPoint","urlTemplate":"https:\/\/koningdrone.be\/?s={search_term_string}"},"query-input":{"@type":"PropertyValueSpecification","valueRequired":true,"valueName":"search_term_string"}}],"inLanguage":"de"},{"@type":"Organization","@id":"https:\/\/koningdrone.be\/#organization","name":"Kingdrone.de","url":"https:\/\/koningdrone.be\/","logo":{"@type":"ImageObject","inLanguage":"de","@id":"https:\/\/koningdrone.be\/#\/schema\/logo\/image\/","url":"https:\/\/koningdrone.be\/wp-content\/uploads\/sites\/13\/2025\/04\/koningdrone-copyright-logo.svg","contentUrl":"https:\/\/koningdrone.be\/wp-content\/uploads\/sites\/13\/2025\/04\/koningdrone-copyright-logo.svg","width":227,"height":38,"caption":"Koningdrone.be"},"image":{"@id":"https:\/\/koningdrone.be\/#\/schema\/logo\/image\/"}}]}},"df_price":30,"df_sale_price":"","df_regular_price":30,"df_image_link":"https:\/\/koningdrone.be\/wp-content\/uploads\/sites\/13\/2025\/04\/6941590001951-1-300x169.jpg","_links":{"self":[{"href":"https:\/\/koningdrone.be\/de\/wp-json\/wp\/v2\/product\/5852","targetHints":{"allow":["GET"]}}],"collection":[{"href":"https:\/\/koningdrone.be\/de\/wp-json\/wp\/v2\/product"}],"about":[{"href":"https:\/\/koningdrone.be\/de\/wp-json\/wp\/v2\/types\/product"}],"wp:featuredmedia":[{"embeddable":true,"href":"https:\/\/koningdrone.be\/de\/wp-json\/wp\/v2\/media\/5847"}],"wp:attachment":[{"href":"https:\/\/koningdrone.be\/de\/wp-json\/wp\/v2\/media?parent=5852"}],"wp:term":[{"taxonomy":"product_brand","embeddable":true,"href":"https:\/\/koningdrone.be\/de\/wp-json\/wp\/v2\/product_brand?post=5852"},{"taxonomy":"product_cat","embeddable":true,"href":"https:\/\/koningdrone.be\/de\/wp-json\/wp\/v2\/product_cat?post=5852"},{"taxonomy":"product_tag","embeddable":true,"href":"https:\/\/koningdrone.be\/de\/wp-json\/wp\/v2\/product_tag?post=5852"}],"curies":[{"name":"wp","href":"https:\/\/api.w.org\/{rel}","templated":true}]}}