{"id":5803,"date":"2022-05-25T20:36:58","date_gmt":"2022-05-25T18:36:58","guid":{"rendered":"https:\/\/koningdrone.nl\/kon\/product\/dji-high-bright-remote-monitor-controller-cable\/"},"modified":"2026-04-29T10:30:25","modified_gmt":"2026-04-29T08:30:25","slug":"dji-high-bright-remote-monitor-controller-cable","status":"publish","type":"product","link":"https:\/\/koningdrone.be\/de\/produkt\/dji-high-bright-remote-monitor-controller-cable\/","title":{"rendered":"DJI High-Bright Remote Monitor Controller Kabel"},"content":{"rendered":"<p>Dieses Produkt fungiert als wichtiges Bindeglied zwischen dem High-Bright Remote Monitor und dem DC-OUT-Anschluss an den DJI Master Wheels oder DJI Force Pro. Durch die Erleichterung dieser Verbindung erschlie\u00dft es eine breite Palette von Fernsteuerungsm\u00f6glichkeiten. Diese Verbesserung erm\u00f6glicht es Anwendern, vom Anf\u00e4nger bis zum Experten, die Funktionalit\u00e4t und Kontrolle ihrer Ausr\u00fcstung zu erweitern, was zu einer verbesserten und effizienteren Benutzererfahrung f\u00fchrt.<\/p>","protected":false},"excerpt":{"rendered":"<ul>\n<li>Zum Anschluss eines sehr hellen externen Monitors<\/li>\n<li> Kompatibel mit DJI Master R\u00e4dern<\/li>\n<li> Kompatibel mit DJI Force Pro<\/li>\n<li> Erm\u00f6glicht umfangreiche Fernsteuerungsfunktionen<\/li>\n<li> Konzipiert f\u00fcr die Verwendung des DC-OUT-Anschlusses<\/li>\n<\/ul>","protected":false},"featured_media":5802,"template":"","meta":{"_acf_changed":false},"product_brand":[],"product_cat":[244,97,675],"product_tag":[],"class_list":{"0":"post-5803","1":"product","2":"type-product","3":"status-publish","4":"has-post-thumbnail","6":"product_cat-alle-kabels","7":"product_cat-alle-producten","8":"product_cat-dji-enterprise-drones","9":"product_shipping_class-outofstock","10":"pa_brand-dji","11":"pa_productfamily-connection-cable","12":"pa_producttype-connection-cable","14":"first","15":"outofstock","16":"taxable","17":"shipping-taxable","18":"product-type-simple"},"acf":[],"yoast_head":"<!-- This site is optimized with the Yoast SEO Premium plugin v27.2 (Yoast SEO v27.2) - https:\/\/yoast.com\/product\/yoast-seo-premium-wordpress\/ -->\n<title>DJI High-Bright Remote Monitor Controller Cable - koningdrone.be<\/title>\n<meta name=\"robots\" content=\"index, follow, max-snippet:-1, max-image-preview:large, max-video-preview:-1\" \/>\n<link rel=\"canonical\" href=\"https:\/\/koningdrone.be\/de\/produkt\/dji-high-bright-remote-monitor-controller-cable\/\" \/>\n<meta property=\"og:locale\" content=\"de_DE\" \/>\n<meta property=\"og:type\" content=\"article\" \/>\n<meta property=\"og:title\" content=\"DJI High-Bright Remote Monitor Controller Cable\" \/>\n<meta property=\"og:description\" content=\"Verbindt een zeer heldere externe monitor Compatibel met DJI Master-wielen Compatibel met DJI Force Pro Maakt uitgebreide afstandsbedieningsfuncties mogelijk Ontworpen voor DC-OUT-poortgebruik\" \/>\n<meta property=\"og:url\" content=\"https:\/\/koningdrone.be\/de\/produkt\/dji-high-bright-remote-monitor-controller-cable\/\" \/>\n<meta property=\"og:site_name\" content=\"koningdrone.be\" \/>\n<meta property=\"article:modified_time\" content=\"2026-04-29T08:30:25+00:00\" \/>\n<meta property=\"og:image\" content=\"https:\/\/koningdrone.be\/wp-content\/uploads\/sites\/13\/2025\/04\/50a3da05eb9848ed28e8d371ab98c7ba@large.jpg\" \/>\n\t<meta property=\"og:image:width\" content=\"1200\" \/>\n\t<meta property=\"og:image:height\" content=\"800\" \/>\n\t<meta property=\"og:image:type\" content=\"image\/jpeg\" \/>\n<meta name=\"twitter:card\" content=\"summary_large_image\" \/>\n<script type=\"application\/ld+json\" class=\"yoast-schema-graph\">{\"@context\":\"https:\/\/schema.org\",\"@graph\":[{\"@type\":\"WebPage\",\"@id\":\"https:\/\/koningdrone.be\/product\/dji-high-bright-remote-monitor-controller-cable\/\",\"url\":\"https:\/\/koningdrone.be\/product\/dji-high-bright-remote-monitor-controller-cable\/\",\"name\":\"DJI High-Bright Remote Monitor Controller Cable - koningdrone.be\",\"isPartOf\":{\"@id\":\"https:\/\/koningdrone.be\/#website\"},\"primaryImageOfPage\":{\"@id\":\"https:\/\/koningdrone.be\/product\/dji-high-bright-remote-monitor-controller-cable\/#primaryimage\"},\"image\":{\"@id\":\"https:\/\/koningdrone.be\/product\/dji-high-bright-remote-monitor-controller-cable\/#primaryimage\"},\"thumbnailUrl\":\"https:\/\/koningdrone.be\/wp-content\/uploads\/sites\/13\/2025\/04\/50a3da05eb9848ed28e8d371ab98c7ba@large.jpg\",\"datePublished\":\"2022-05-25T18:36:58+00:00\",\"dateModified\":\"2026-04-29T08:30:25+00:00\",\"breadcrumb\":{\"@id\":\"https:\/\/koningdrone.be\/product\/dji-high-bright-remote-monitor-controller-cable\/#breadcrumb\"},\"inLanguage\":\"de\",\"potentialAction\":[{\"@type\":\"ReadAction\",\"target\":[\"https:\/\/koningdrone.be\/product\/dji-high-bright-remote-monitor-controller-cable\/\"]}]},{\"@type\":\"ImageObject\",\"inLanguage\":\"de\",\"@id\":\"https:\/\/koningdrone.be\/product\/dji-high-bright-remote-monitor-controller-cable\/#primaryimage\",\"url\":\"https:\/\/koningdrone.be\/wp-content\/uploads\/sites\/13\/2025\/04\/50a3da05eb9848ed28e8d371ab98c7ba@large.jpg\",\"contentUrl\":\"https:\/\/koningdrone.be\/wp-content\/uploads\/sites\/13\/2025\/04\/50a3da05eb9848ed28e8d371ab98c7ba@large.jpg\",\"width\":1200,\"height\":800},{\"@type\":\"BreadcrumbList\",\"@id\":\"https:\/\/koningdrone.be\/product\/dji-high-bright-remote-monitor-controller-cable\/#breadcrumb\",\"itemListElement\":[{\"@type\":\"ListItem\",\"position\":1,\"name\":\"Home\",\"item\":\"https:\/\/koningdrone.be\/\"},{\"@type\":\"ListItem\",\"position\":2,\"name\":\"AVSS Parachute Recovery System for DJI Matrice 300\/350\",\"item\":\"https:\/\/koningdrone.be\/product\/avss-parachute-recovery-system-for-dji-matrice-300-350\/\"},{\"@type\":\"ListItem\",\"position\":3,\"name\":\"Alle kabels\",\"item\":\"https:\/\/koningdrone.be\/categorie\/alle-kabels\/\"},{\"@type\":\"ListItem\",\"position\":4,\"name\":\"DJI High-Bright Remote Monitor Controller Cable\"}]},{\"@type\":\"WebSite\",\"@id\":\"https:\/\/koningdrone.be\/#website\",\"url\":\"https:\/\/koningdrone.be\/\",\"name\":\"Koningdrone.be - Uw online specialist in drones, gimbals, camera's en power stations.\",\"description\":\"De webshop in drones en gimbals\",\"publisher\":{\"@id\":\"https:\/\/koningdrone.be\/#organization\"},\"potentialAction\":[{\"@type\":\"SearchAction\",\"target\":{\"@type\":\"EntryPoint\",\"urlTemplate\":\"https:\/\/koningdrone.be\/?s={search_term_string}\"},\"query-input\":{\"@type\":\"PropertyValueSpecification\",\"valueRequired\":true,\"valueName\":\"search_term_string\"}}],\"inLanguage\":\"de\"},{\"@type\":\"Organization\",\"@id\":\"https:\/\/koningdrone.be\/#organization\",\"name\":\"Koningdrone.be\",\"url\":\"https:\/\/koningdrone.be\/\",\"logo\":{\"@type\":\"ImageObject\",\"inLanguage\":\"de\",\"@id\":\"https:\/\/koningdrone.be\/#\/schema\/logo\/image\/\",\"url\":\"https:\/\/koningdrone.be\/wp-content\/uploads\/sites\/13\/2025\/04\/koningdrone-copyright-logo.svg\",\"contentUrl\":\"https:\/\/koningdrone.be\/wp-content\/uploads\/sites\/13\/2025\/04\/koningdrone-copyright-logo.svg\",\"width\":227,\"height\":38,\"caption\":\"Koningdrone.be\"},\"image\":{\"@id\":\"https:\/\/koningdrone.be\/#\/schema\/logo\/image\/\"}}]}<\/script>\n<!-- \/ Yoast SEO Premium plugin. -->","yoast_head_json":{"title":"DJI High-Bright Remote Monitor Controller Kabel - kingdrone.de","robots":{"index":"index","follow":"follow","max-snippet":"max-snippet:-1","max-image-preview":"max-image-preview:large","max-video-preview":"max-video-preview:-1"},"canonical":"https:\/\/koningdrone.be\/de\/produkt\/dji-high-bright-remote-monitor-controller-cable\/","og_locale":"de_DE","og_type":"article","og_title":"DJI High-Bright Remote Monitor Controller Cable","og_description":"Verbindt een zeer heldere externe monitor Compatibel met DJI Master-wielen Compatibel met DJI Force Pro Maakt uitgebreide afstandsbedieningsfuncties mogelijk Ontworpen voor DC-OUT-poortgebruik","og_url":"https:\/\/koningdrone.be\/de\/produkt\/dji-high-bright-remote-monitor-controller-cable\/","og_site_name":"koningdrone.be","article_modified_time":"2026-04-29T08:30:25+00:00","og_image":[{"width":1200,"height":800,"url":"https:\/\/koningdrone.be\/wp-content\/uploads\/sites\/13\/2025\/04\/50a3da05eb9848ed28e8d371ab98c7ba@large.jpg","type":"image\/jpeg"}],"twitter_card":"summary_large_image","schema":{"@context":"https:\/\/schema.org","@graph":[{"@type":"WebPage","@id":"https:\/\/koningdrone.be\/product\/dji-high-bright-remote-monitor-controller-cable\/","url":"https:\/\/koningdrone.be\/product\/dji-high-bright-remote-monitor-controller-cable\/","name":"DJI High-Bright Remote Monitor Controller Kabel - kingdrone.de","isPartOf":{"@id":"https:\/\/koningdrone.be\/#website"},"primaryImageOfPage":{"@id":"https:\/\/koningdrone.be\/product\/dji-high-bright-remote-monitor-controller-cable\/#primaryimage"},"image":{"@id":"https:\/\/koningdrone.be\/product\/dji-high-bright-remote-monitor-controller-cable\/#primaryimage"},"thumbnailUrl":"https:\/\/koningdrone.be\/wp-content\/uploads\/sites\/13\/2025\/04\/50a3da05eb9848ed28e8d371ab98c7ba@large.jpg","datePublished":"2022-05-25T18:36:58+00:00","dateModified":"2026-04-29T08:30:25+00:00","breadcrumb":{"@id":"https:\/\/koningdrone.be\/product\/dji-high-bright-remote-monitor-controller-cable\/#breadcrumb"},"inLanguage":"de","potentialAction":[{"@type":"ReadAction","target":["https:\/\/koningdrone.be\/product\/dji-high-bright-remote-monitor-controller-cable\/"]}]},{"@type":"ImageObject","inLanguage":"de","@id":"https:\/\/koningdrone.be\/product\/dji-high-bright-remote-monitor-controller-cable\/#primaryimage","url":"https:\/\/koningdrone.be\/wp-content\/uploads\/sites\/13\/2025\/04\/50a3da05eb9848ed28e8d371ab98c7ba@large.jpg","contentUrl":"https:\/\/koningdrone.be\/wp-content\/uploads\/sites\/13\/2025\/04\/50a3da05eb9848ed28e8d371ab98c7ba@large.jpg","width":1200,"height":800},{"@type":"BreadcrumbList","@id":"https:\/\/koningdrone.be\/product\/dji-high-bright-remote-monitor-controller-cable\/#breadcrumb","itemListElement":[{"@type":"ListItem","position":1,"name":"Home","item":"https:\/\/koningdrone.be\/"},{"@type":"ListItem","position":2,"name":"AVSS Parachute Recovery System for DJI Matrice 300\/350","item":"https:\/\/koningdrone.be\/product\/avss-parachute-recovery-system-for-dji-matrice-300-350\/"},{"@type":"ListItem","position":3,"name":"Alle kabels","item":"https:\/\/koningdrone.be\/categorie\/alle-kabels\/"},{"@type":"ListItem","position":4,"name":"DJI High-Bright Remote Monitor Controller Cable"}]},{"@type":"WebSite","@id":"https:\/\/koningdrone.be\/#website","url":"https:\/\/koningdrone.be\/","name":"Koningdrone.be - Ihr Online-Spezialist f\u00fcr Drohnen, Gimbals, Kameras und Kraftwerke.","description":"Der Webshop f\u00fcr Drohnen und Gimbals","publisher":{"@id":"https:\/\/koningdrone.be\/#organization"},"potentialAction":[{"@type":"SearchAction","target":{"@type":"EntryPoint","urlTemplate":"https:\/\/koningdrone.be\/?s={search_term_string}"},"query-input":{"@type":"PropertyValueSpecification","valueRequired":true,"valueName":"search_term_string"}}],"inLanguage":"de"},{"@type":"Organization","@id":"https:\/\/koningdrone.be\/#organization","name":"Kingdrone.de","url":"https:\/\/koningdrone.be\/","logo":{"@type":"ImageObject","inLanguage":"de","@id":"https:\/\/koningdrone.be\/#\/schema\/logo\/image\/","url":"https:\/\/koningdrone.be\/wp-content\/uploads\/sites\/13\/2025\/04\/koningdrone-copyright-logo.svg","contentUrl":"https:\/\/koningdrone.be\/wp-content\/uploads\/sites\/13\/2025\/04\/koningdrone-copyright-logo.svg","width":227,"height":38,"caption":"Koningdrone.be"},"image":{"@id":"https:\/\/koningdrone.be\/#\/schema\/logo\/image\/"}}]}},"df_price":"","df_sale_price":"","df_regular_price":"","df_image_link":"https:\/\/koningdrone.be\/wp-content\/uploads\/sites\/13\/2025\/04\/50a3da05eb9848ed28e8d371ab98c7ba@large-300x200.jpg","_links":{"self":[{"href":"https:\/\/koningdrone.be\/de\/wp-json\/wp\/v2\/product\/5803","targetHints":{"allow":["GET"]}}],"collection":[{"href":"https:\/\/koningdrone.be\/de\/wp-json\/wp\/v2\/product"}],"about":[{"href":"https:\/\/koningdrone.be\/de\/wp-json\/wp\/v2\/types\/product"}],"wp:featuredmedia":[{"embeddable":true,"href":"https:\/\/koningdrone.be\/de\/wp-json\/wp\/v2\/media\/5802"}],"wp:attachment":[{"href":"https:\/\/koningdrone.be\/de\/wp-json\/wp\/v2\/media?parent=5803"}],"wp:term":[{"taxonomy":"product_brand","embeddable":true,"href":"https:\/\/koningdrone.be\/de\/wp-json\/wp\/v2\/product_brand?post=5803"},{"taxonomy":"product_cat","embeddable":true,"href":"https:\/\/koningdrone.be\/de\/wp-json\/wp\/v2\/product_cat?post=5803"},{"taxonomy":"product_tag","embeddable":true,"href":"https:\/\/koningdrone.be\/de\/wp-json\/wp\/v2\/product_tag?post=5803"}],"curies":[{"name":"wp","href":"https:\/\/api.w.org\/{rel}","templated":true}]}}